{"id":27157,"date":"2026-04-11T13:32:38","date_gmt":"2026-04-11T10:32:38","guid":{"rendered":"https:\/\/mekulo.com\/se\/produkt\/multifunktionell-markor\/"},"modified":"2026-04-11T13:32:38","modified_gmt":"2026-04-11T10:32:38","slug":"multifunktionell-markor","status":"publish","type":"product","link":"https:\/\/mekulo.com\/se\/produkt\/multifunktionell-markor\/","title":{"rendered":"Multifunktionell mark\u00f6r"},"content":{"rendered":"<p style=\"text-align: center\"><strong>\u270f\ufe0f Precisionsmarkering p\u00e5 ett enkelt s\u00e4tt &#8211; ett verktyg, o\u00e4ndliga m\u00f6jligheter!<\/strong><\/p>\n<p><img decoding=\"async\" class=\"alignnone size-full wp-image-18900 aligncenter\" src=\"https:\/\/keluvo.com\/template\/wp-content\/uploads\/sites\/5\/2025\/05\/Multi-functionalmarker-ezgif.com-video-to-webp-converter.webp\" alt=\"\" \/><\/p>\n<h2 style=\"text-align: center\">\ud83c\udf1f Main Benefits<\/h2>\n<p><span style=\"font-weight: 400\">\ud83d\udee0\ufe0f <\/span><b>Multifunktionellt verktyg<\/b><span style=\"font-weight: 400\"> \u2013 Anv\u00e4nd f\u00f6r parallella linjer, b\u00e5gar, kakel, paneler och mycket mer<\/span><span style=\"font-weight: 400\"><br \/>\n<\/span><\/p>\n<p><span style=\"font-weight: 400\">\ud83d\udccf <\/span><b>Tydlig skaldesign<\/b><span style=\"font-weight: 400\"> \u2013 L\u00e4ttl\u00e4sta markeringar f\u00f6r exakta layouter<\/span><span style=\"font-weight: 400\"><br \/>\n<\/span><\/p>\n<p><span style=\"font-weight: 400\">\ud83d\udcbc <\/span><b>Fickformat &amp; b\u00e4rbar<\/b><span style=\"font-weight: 400\"> \u2013 Liten, l\u00e4tt och kan f\u00e4stas p\u00e5 kl\u00e4derna<\/span><span style=\"font-weight: 400\"><br \/>\n<\/span><\/p>\n<p><span style=\"font-weight: 400\">\ud83d\udd27 <\/span><b>H\u00e5llbar konstruktion<\/b><span style=\"font-weight: 400\"> \u2013 Tillverkad av anodiserad aluminiumlegering f\u00f6r l\u00e5ng livsl\u00e4ngd<\/span><\/p>\n<p><span style=\"font-weight: 400\">\u270d\ufe0f <b style=\"font-style: inherit\">Inkluderar extra refiller<\/b><span style=\"font-weight: 400\"> \u2013 Levereras med 6 mark\u00f6rrefiller f\u00f6r ut\u00f6kat arbete time<\/span><\/span><\/p>\n<p><img decoding=\"async\" class=\"alignnone size-full wp-image-18897 aligncenter\" src=\"https:\/\/keluvo.com\/template\/wp-content\/uploads\/sites\/5\/2025\/05\/689fe5bc-49f0-4f63-9091-b270dbec9a43.webp.webp\" alt=\"\" \/><\/p>\n<h2 style=\"text-align: center\">\ud83d\udee0\ufe0f Hur Man Anv\u00e4nder<\/h2>\n<ol>\n<li style=\"font-weight: 400\"><span style=\"font-weight: 400\">F\u00e4st mark\u00f6ren p\u00e5 fickan eller b\u00e4ltet f\u00f6r enkel \u00e5tkomst.<\/span><span style=\"font-weight: 400\"><br \/>\n<\/span><\/li>\n<li style=\"font-weight: 400\"><span style=\"font-weight: 400\">Rikta in verktyget p\u00e5 din yta och anv\u00e4nd skalan f\u00f6r att styra dina linjer eller b\u00e5gar.<\/span><span style=\"font-weight: 400\"><br \/>\n<\/span><\/li>\n<li style=\"font-weight: 400\"><span style=\"font-weight: 400\">Rita parallella linjer eller former efter behov med den inbyggda mark\u00f6ren.<\/span><span style=\"font-weight: 400\"><br \/>\n<\/span><\/li>\n<li style=\"font-weight: 400\"><span style=\"font-weight: 400\">Byt ut mark\u00f6rrefillerna efter behov f\u00f6r fortsatt anv\u00e4ndning.<\/span><\/li>\n<\/ol>\n<h2 style=\"text-align: center\">\ud83d\udccf Produktdetaljer<\/h2>\n<ul>\n<li style=\"font-weight: 400\"><span style=\"font-weight: 400\">Material: ABS och aluminiumlegering<\/span><span style=\"font-weight: 400\"><br \/>\n<\/span><\/li>\n<li style=\"font-weight: 400\"><span style=\"font-weight: 400\">Oberyta: Anodisk oxidationsbehandling f\u00f6r h\u00e5llbarhet<\/span><span style=\"font-weight: 400\"><br \/>\n<\/span><\/li>\n<li style=\"font-weight: 400\"><span style=\"font-weight: 400\">Storlek: Kompakt och l\u00e4tt f\u00f6r b\u00e4rbarhet<\/span><span style=\"font-weight: 400\"><br \/>\n<\/span><\/li>\n<li style=\"font-weight: 400\"><span style=\"font-weight: 400\">Anv\u00e4ndningsomr\u00e5den: \u00d6ver 15 m\u00e4rkningsanv\u00e4ndningar &#8211; fr\u00e5n kakel till tr\u00e4arbete<\/span><span style=\"font-weight: 400\"><br \/>\n<\/span><\/li>\n<li style=\"font-weight: 400\"><span style=\"font-weight: 400\">Clip: Utformad f\u00f6r skjortor, byxor eller b\u00e4lten<\/span><\/li>\n<\/ul>\n<h2 style=\"text-align: center\">\ud83d\udce6 Paketet Inneh\u00e5ller<\/h2>\n<ul>\n<li style=\"font-weight: 400\"><span style=\"font-weight: 400\">1 \u00d7 multifunktionell mark\u00f6r<\/span><span style=\"font-weight: 400\"><br \/>\n<\/span><\/li>\n<li style=\"font-weight: 400\"><span style=\"font-weight: 400\">6 \u00d7 mark\u00f6rrefiller.<\/span><\/li>\n<\/ul>\n","protected":false},"excerpt":{"rendered":"<p><span style=\"font-weight: 400\">Den h\u00e4r multifunktionella mark\u00f6ren \u00e4r ett kompakt verktyg av h\u00f6g kvalitet som hj\u00e4lper dig att enkelt markera raka linjer, b\u00e5gar och mycket mer &#8211; perfekt f\u00f6r b\u00e5de proffs och g\u00f6r-det-sj\u00e4lvare. <\/span><span style=\"font-weight: 400\">Det h\u00e4r l\u00e4tta verktyget \u00e4r tillverkat av h\u00e5llbar aluminiumlegering och ABS och passar i fickan eller f\u00e4sts i b\u00e4ltet f\u00f6r snabb \u00e5tkomst. Med \u00f6ver 15 markeringsm\u00f6jligheter \u00e4r det perfekt f\u00f6r tr\u00e4bearbetning, kakels\u00e4ttning, snickeri och reparationer i farten.<\/span><\/p>\n","protected":false},"featured_media":27153,"comment_status":"open","ping_status":"closed","template":"","meta":{"site-sidebar-layout":"default","site-content-layout":"","ast-site-content-layout":"default","site-content-style":"default","site-sidebar-style":"default","ast-global-header-display":"","ast-banner-title-visibility":"","ast-main-header-display":"","ast-hfb-above-header-display":"","ast-hfb-below-header-display":"","ast-hfb-mobile-header-display":"","site-post-title":"","ast-breadcrumbs-content":"","ast-featured-img":"","footer-sml-layout":"","theme-transparent-header-meta":"default","adv-header-id-meta":"","stick-header-meta":"","header-above-stick-meta":"","header-main-stick-meta":"","header-below-stick-meta":"","astra-migrate-meta-layouts":"set","ast-page-background-enabled":"default","ast-page-background-meta":{"desktop":{"background-color":"var(--ast-global-color-5)","background-image":"","background-repeat":"repeat","background-position":"center center","background-size":"auto","background-attachment":"scroll","background-type":"","background-media":"","overlay-type":"","overlay-color":"","overlay-opacity":"","overlay-gradient":""},"tablet":{"background-color":"","background-image":"","background-repeat":"repeat","background-position":"center center","background-size":"auto","background-attachment":"scroll","background-type":"","background-media":"","overlay-type":"","overlay-color":"","overlay-opacity":"","overlay-gradient":""},"mobile":{"background-color":"","background-image":"","background-repeat":"repeat","background-position":"center center","background-size":"auto","background-attachment":"scroll","background-type":"","background-media":"","overlay-type":"","overlay-color":"","overlay-opacity":"","overlay-gradient":""}},"ast-content-background-meta":{"desktop":{"background-color":"var(--ast-global-color-4)","background-image":"","background-repeat":"repeat","background-position":"center center","background-size":"auto","background-attachment":"scroll","background-type":"","background-media":"","overlay-type":"","overlay-color":"","overlay-opacity":"","overlay-gradient":""},"tablet":{"background-color":"var(--ast-global-color-4)","background-image":"","background-repeat":"repeat","background-position":"center center","background-size":"auto","background-attachment":"scroll","background-type":"","background-media":"","overlay-type":"","overlay-color":"","overlay-opacity":"","overlay-gradient":""},"mobile":{"background-color":"var(--ast-global-color-4)","background-image":"","background-repeat":"repeat","background-position":"center center","background-size":"auto","background-attachment":"scroll","background-type":"","background-media":"","overlay-type":"","overlay-color":"","overlay-opacity":"","overlay-gradient":""}}},"product_brand":[],"product_cat":[171],"product_tag":[],"class_list":{"0":"post-27157","1":"product","2":"type-product","3":"status-publish","4":"has-post-thumbnail","6":"product_cat-verktyg","7":"desktop-align-left","8":"tablet-align-left","9":"mobile-align-left","11":"first","12":"instock","13":"shipping-taxable","14":"purchasable","15":"product-type-simple"},"yoast_head":"<!-- This site is optimized with the Yoast SEO plugin v26.6 - https:\/\/yoast.com\/wordpress\/plugins\/seo\/ -->\n<title>Multifunktionell mark\u00f6r - Mekulo SE<\/title>\n<meta name=\"robots\" content=\"index, follow, max-snippet:-1, max-image-preview:large, max-video-preview:-1\" \/>\n<link rel=\"canonical\" href=\"https:\/\/mekulo.com\/se\/produkt\/multifunktionell-markor\/\" \/>\n<meta property=\"og:locale\" content=\"sv_SE\" \/>\n<meta property=\"og:type\" content=\"article\" \/>\n<meta property=\"og:title\" content=\"Multifunktionell mark\u00f6r - Mekulo SE\" \/>\n<meta property=\"og:description\" content=\"Den h\u00e4r multifunktionella mark\u00f6ren \u00e4r ett kompakt verktyg av h\u00f6g kvalitet som hj\u00e4lper dig att enkelt markera raka linjer, b\u00e5gar och mycket mer - perfekt f\u00f6r b\u00e5de proffs och g\u00f6r-det-sj\u00e4lvare. Det h\u00e4r l\u00e4tta verktyget \u00e4r tillverkat av h\u00e5llbar aluminiumlegering och ABS och passar i fickan eller f\u00e4sts i b\u00e4ltet f\u00f6r snabb \u00e5tkomst. Med \u00f6ver 15 markeringsm\u00f6jligheter \u00e4r det perfekt f\u00f6r tr\u00e4bearbetning, kakels\u00e4ttning, snickeri och reparationer i farten.\" \/>\n<meta property=\"og:url\" content=\"https:\/\/mekulo.com\/se\/produkt\/multifunktionell-markor\/\" \/>\n<meta property=\"og:site_name\" content=\"Mekulo SE\" \/>\n<meta property=\"og:image\" content=\"https:\/\/mekulo.com\/se\/wp-content\/uploads\/sites\/11\/2026\/04\/0k8l7cn-1.webp\" \/>\n\t<meta property=\"og:image:width\" content=\"800\" \/>\n\t<meta property=\"og:image:height\" content=\"800\" \/>\n\t<meta property=\"og:image:type\" content=\"image\/webp\" \/>\n<meta name=\"twitter:card\" content=\"summary_large_image\" \/>\n<meta name=\"twitter:label1\" content=\"Ber\u00e4knad l\u00e4stid\" \/>\n\t<meta name=\"twitter:data1\" content=\"2 minuter\" \/>\n<script type=\"application\/ld+json\" class=\"yoast-schema-graph\">{\"@context\":\"https:\/\/schema.org\",\"@graph\":[{\"@type\":\"WebPage\",\"@id\":\"https:\/\/mekulo.com\/se\/produkt\/multifunktionell-markor\/\",\"url\":\"https:\/\/mekulo.com\/se\/produkt\/multifunktionell-markor\/\",\"name\":\"Multifunktionell mark\u00f6r - Mekulo SE\",\"isPartOf\":{\"@id\":\"https:\/\/mekulo.com\/se\/#website\"},\"primaryImageOfPage\":{\"@id\":\"https:\/\/mekulo.com\/se\/produkt\/multifunktionell-markor\/#primaryimage\"},\"image\":{\"@id\":\"https:\/\/mekulo.com\/se\/produkt\/multifunktionell-markor\/#primaryimage\"},\"thumbnailUrl\":\"https:\/\/mekulo.com\/se\/wp-content\/uploads\/sites\/11\/2026\/04\/0k8l7cn-1.webp\",\"datePublished\":\"2026-04-11T10:32:38+00:00\",\"breadcrumb\":{\"@id\":\"https:\/\/mekulo.com\/se\/produkt\/multifunktionell-markor\/#breadcrumb\"},\"inLanguage\":\"sv-SE\",\"potentialAction\":[{\"@type\":\"ReadAction\",\"target\":[\"https:\/\/mekulo.com\/se\/produkt\/multifunktionell-markor\/\"]}]},{\"@type\":\"ImageObject\",\"inLanguage\":\"sv-SE\",\"@id\":\"https:\/\/mekulo.com\/se\/produkt\/multifunktionell-markor\/#primaryimage\",\"url\":\"https:\/\/mekulo.com\/se\/wp-content\/uploads\/sites\/11\/2026\/04\/0k8l7cn-1.webp\",\"contentUrl\":\"https:\/\/mekulo.com\/se\/wp-content\/uploads\/sites\/11\/2026\/04\/0k8l7cn-1.webp\",\"width\":800,\"height\":800},{\"@type\":\"BreadcrumbList\",\"@id\":\"https:\/\/mekulo.com\/se\/produkt\/multifunktionell-markor\/#breadcrumb\",\"itemListElement\":[{\"@type\":\"ListItem\",\"position\":1,\"name\":\"Home\",\"item\":\"https:\/\/mekulo.com\/se\/\"},{\"@type\":\"ListItem\",\"position\":2,\"name\":\"Butik\",\"item\":\"https:\/\/mekulo.com\/se\/butik\/\"},{\"@type\":\"ListItem\",\"position\":3,\"name\":\"Multifunktionell mark\u00f6r\"}]},{\"@type\":\"WebSite\",\"@id\":\"https:\/\/mekulo.com\/se\/#website\",\"url\":\"https:\/\/mekulo.com\/se\/\",\"name\":\"Mekulo SE\",\"description\":\"\",\"publisher\":{\"@id\":\"https:\/\/mekulo.com\/se\/#organization\"},\"potentialAction\":[{\"@type\":\"SearchAction\",\"target\":{\"@type\":\"EntryPoint\",\"urlTemplate\":\"https:\/\/mekulo.com\/se\/?s={search_term_string}\"},\"query-input\":{\"@type\":\"PropertyValueSpecification\",\"valueRequired\":true,\"valueName\":\"search_term_string\"}}],\"inLanguage\":\"sv-SE\"},{\"@type\":\"Organization\",\"@id\":\"https:\/\/mekulo.com\/se\/#organization\",\"name\":\"Mekulo\",\"url\":\"https:\/\/mekulo.com\/se\/\",\"logo\":{\"@type\":\"ImageObject\",\"inLanguage\":\"sv-SE\",\"@id\":\"https:\/\/mekulo.com\/se\/#\/schema\/logo\/image\/\",\"url\":\"https:\/\/mekulo.com\/se\/wp-content\/uploads\/sites\/11\/2025\/12\/favicon_mekulo.png\",\"contentUrl\":\"https:\/\/mekulo.com\/se\/wp-content\/uploads\/sites\/11\/2025\/12\/favicon_mekulo.png\",\"width\":50,\"height\":50,\"caption\":\"Mekulo\"},\"image\":{\"@id\":\"https:\/\/mekulo.com\/se\/#\/schema\/logo\/image\/\"}}]}<\/script>\n<!-- \/ Yoast SEO plugin. -->","yoast_head_json":{"title":"Multifunktionell mark\u00f6r - Mekulo SE","robots":{"index":"index","follow":"follow","max-snippet":"max-snippet:-1","max-image-preview":"max-image-preview:large","max-video-preview":"max-video-preview:-1"},"canonical":"https:\/\/mekulo.com\/se\/produkt\/multifunktionell-markor\/","og_locale":"sv_SE","og_type":"article","og_title":"Multifunktionell mark\u00f6r - Mekulo SE","og_description":"Den h\u00e4r multifunktionella mark\u00f6ren \u00e4r ett kompakt verktyg av h\u00f6g kvalitet som hj\u00e4lper dig att enkelt markera raka linjer, b\u00e5gar och mycket mer - perfekt f\u00f6r b\u00e5de proffs och g\u00f6r-det-sj\u00e4lvare. Det h\u00e4r l\u00e4tta verktyget \u00e4r tillverkat av h\u00e5llbar aluminiumlegering och ABS och passar i fickan eller f\u00e4sts i b\u00e4ltet f\u00f6r snabb \u00e5tkomst. Med \u00f6ver 15 markeringsm\u00f6jligheter \u00e4r det perfekt f\u00f6r tr\u00e4bearbetning, kakels\u00e4ttning, snickeri och reparationer i farten.","og_url":"https:\/\/mekulo.com\/se\/produkt\/multifunktionell-markor\/","og_site_name":"Mekulo SE","og_image":[{"width":800,"height":800,"url":"https:\/\/mekulo.com\/se\/wp-content\/uploads\/sites\/11\/2026\/04\/0k8l7cn-1.webp","type":"image\/webp"}],"twitter_card":"summary_large_image","twitter_misc":{"Ber\u00e4knad l\u00e4stid":"2 minuter"},"schema":{"@context":"https:\/\/schema.org","@graph":[{"@type":"WebPage","@id":"https:\/\/mekulo.com\/se\/produkt\/multifunktionell-markor\/","url":"https:\/\/mekulo.com\/se\/produkt\/multifunktionell-markor\/","name":"Multifunktionell mark\u00f6r - Mekulo SE","isPartOf":{"@id":"https:\/\/mekulo.com\/se\/#website"},"primaryImageOfPage":{"@id":"https:\/\/mekulo.com\/se\/produkt\/multifunktionell-markor\/#primaryimage"},"image":{"@id":"https:\/\/mekulo.com\/se\/produkt\/multifunktionell-markor\/#primaryimage"},"thumbnailUrl":"https:\/\/mekulo.com\/se\/wp-content\/uploads\/sites\/11\/2026\/04\/0k8l7cn-1.webp","datePublished":"2026-04-11T10:32:38+00:00","breadcrumb":{"@id":"https:\/\/mekulo.com\/se\/produkt\/multifunktionell-markor\/#breadcrumb"},"inLanguage":"sv-SE","potentialAction":[{"@type":"ReadAction","target":["https:\/\/mekulo.com\/se\/produkt\/multifunktionell-markor\/"]}]},{"@type":"ImageObject","inLanguage":"sv-SE","@id":"https:\/\/mekulo.com\/se\/produkt\/multifunktionell-markor\/#primaryimage","url":"https:\/\/mekulo.com\/se\/wp-content\/uploads\/sites\/11\/2026\/04\/0k8l7cn-1.webp","contentUrl":"https:\/\/mekulo.com\/se\/wp-content\/uploads\/sites\/11\/2026\/04\/0k8l7cn-1.webp","width":800,"height":800},{"@type":"BreadcrumbList","@id":"https:\/\/mekulo.com\/se\/produkt\/multifunktionell-markor\/#breadcrumb","itemListElement":[{"@type":"ListItem","position":1,"name":"Home","item":"https:\/\/mekulo.com\/se\/"},{"@type":"ListItem","position":2,"name":"Butik","item":"https:\/\/mekulo.com\/se\/butik\/"},{"@type":"ListItem","position":3,"name":"Multifunktionell mark\u00f6r"}]},{"@type":"WebSite","@id":"https:\/\/mekulo.com\/se\/#website","url":"https:\/\/mekulo.com\/se\/","name":"Mekulo SE","description":"","publisher":{"@id":"https:\/\/mekulo.com\/se\/#organization"},"potentialAction":[{"@type":"SearchAction","target":{"@type":"EntryPoint","urlTemplate":"https:\/\/mekulo.com\/se\/?s={search_term_string}"},"query-input":{"@type":"PropertyValueSpecification","valueRequired":true,"valueName":"search_term_string"}}],"inLanguage":"sv-SE"},{"@type":"Organization","@id":"https:\/\/mekulo.com\/se\/#organization","name":"Mekulo","url":"https:\/\/mekulo.com\/se\/","logo":{"@type":"ImageObject","inLanguage":"sv-SE","@id":"https:\/\/mekulo.com\/se\/#\/schema\/logo\/image\/","url":"https:\/\/mekulo.com\/se\/wp-content\/uploads\/sites\/11\/2025\/12\/favicon_mekulo.png","contentUrl":"https:\/\/mekulo.com\/se\/wp-content\/uploads\/sites\/11\/2025\/12\/favicon_mekulo.png","width":50,"height":50,"caption":"Mekulo"},"image":{"@id":"https:\/\/mekulo.com\/se\/#\/schema\/logo\/image\/"}}]}},"_links":{"self":[{"href":"https:\/\/mekulo.com\/se\/wp-json\/wp\/v2\/product\/27157","targetHints":{"allow":["GET"]}}],"collection":[{"href":"https:\/\/mekulo.com\/se\/wp-json\/wp\/v2\/product"}],"about":[{"href":"https:\/\/mekulo.com\/se\/wp-json\/wp\/v2\/types\/product"}],"replies":[{"embeddable":true,"href":"https:\/\/mekulo.com\/se\/wp-json\/wp\/v2\/comments?post=27157"}],"wp:featuredmedia":[{"embeddable":true,"href":"https:\/\/mekulo.com\/se\/wp-json\/wp\/v2\/media\/27153"}],"wp:attachment":[{"href":"https:\/\/mekulo.com\/se\/wp-json\/wp\/v2\/media?parent=27157"}],"wp:term":[{"taxonomy":"product_brand","embeddable":true,"href":"https:\/\/mekulo.com\/se\/wp-json\/wp\/v2\/product_brand?post=27157"},{"taxonomy":"product_cat","embeddable":true,"href":"https:\/\/mekulo.com\/se\/wp-json\/wp\/v2\/product_cat?post=27157"},{"taxonomy":"product_tag","embeddable":true,"href":"https:\/\/mekulo.com\/se\/wp-json\/wp\/v2\/product_tag?post=27157"}],"curies":[{"name":"wp","href":"https:\/\/api.w.org\/{rel}","templated":true}]}}