{"id":27063,"date":"2026-04-07T15:20:25","date_gmt":"2026-04-07T12:20:25","guid":{"rendered":"https:\/\/mekulo.com\/se\/produkt\/solcellsdriven-elefantlampa\/"},"modified":"2026-04-13T11:32:50","modified_gmt":"2026-04-13T08:32:50","slug":"solcellsdriven-elefantlampa","status":"publish","type":"product","link":"https:\/\/mekulo.com\/se\/produkt\/solcellsdriven-elefantlampa\/","title":{"rendered":"Solcellsdriven elefantlampa"},"content":{"rendered":"<h2 style=\"text-align: center;\" data-start=\"0\" data-end=\"62\">\ud83d\udc18 En magisk gl\u00f6d!<\/h2>\n<p class=\"\" style=\"text-align: center;\" data-start=\"64\" data-end=\"288\">Det \u00e4r mer \u00e4n bara en s\u00f6t dekoration &#8211; det \u00e4r en symbol f\u00f6r k\u00e4rlek, styrka och visdom som lyser upp din tr\u00e4dg\u00e5rd, g\u00e5rd eller uteplats varje natt.<\/p>\n<p style=\"text-align: center;\" data-start=\"64\" data-end=\"288\">\u2714 Ingen montering beh\u00f6vs &#8211; redo att anv\u00e4ndas!<\/p>\n<p data-start=\"64\" data-end=\"288\"><img decoding=\"async\" class=\"size-full wp-image-14630 aligncenter\" src=\"https:\/\/keluvo.com\/template\/wp-content\/uploads\/sites\/5\/2025\/04\/GxLwsrye1cJjy9e3maHh.jpeg\" alt=\"\" \/><\/p>\n<h2 style=\"text-align: center;\" data-start=\"295\" data-end=\"320\">\u2705 Varf\u00f6r du kommer att \u00e4lska det:<\/h2>\n<ul data-start=\"322\" data-end=\"1101\">\n<li class=\"\" data-start=\"322\" data-end=\"466\">\n<p class=\"\" data-start=\"324\" data-end=\"466\"><strong data-start=\"324\" data-end=\"350\">Vacker Och Meningsfull: <\/strong>Elefanter \u00e4r symboler f\u00f6r k\u00e4rlek, fred och lycka till. Detta g\u00f6r den till en perfekt present till mammor, familj eller v\u00e4nner.<\/p>\n<\/li>\n<li class=\"\" data-start=\"468\" data-end=\"624\">\n<p class=\"\" data-start=\"470\" data-end=\"624\"><strong data-start=\"470\" data-end=\"498\">Lyser Som Str\u00f6mmande Vatten: <\/strong>Soldrivna LED-lampor lyser p\u00e5 natten och skapar en gl\u00f6dande str\u00f6meffekt som ser ut som om elefanten sprutar vatten.<\/p>\n<\/li>\n<li class=\"\" data-start=\"626\" data-end=\"754\">\n<p class=\"\" data-start=\"628\" data-end=\"754\"><strong data-start=\"628\" data-end=\"661\">Perfekt F\u00f6r Alla Utomhusutrymmen: <\/strong>Perfekt f\u00f6r tr\u00e4dg\u00e5rdar, uteplatser, g\u00e5ngv\u00e4gar eller verandor. Ger en varm och magisk touch var som helst.<\/p>\n<\/li>\n<li class=\"\" data-start=\"756\" data-end=\"905\">\n<p class=\"\" data-start=\"758\" data-end=\"905\"><strong data-start=\"758\" data-end=\"790\">Milj\u00f6v\u00e4nlig &amp; Energi Besparing: <\/strong>K\u00f6rs p\u00e5 solenergi. Placera den bara d\u00e4r den f\u00e5r solljus under dagen &#8211; den t\u00e4nds automatiskt p\u00e5 natten.<\/p>\n<\/li>\n<li class=\"\" data-start=\"907\" data-end=\"1019\">\n<p class=\"\" data-start=\"909\" data-end=\"1019\"><strong data-start=\"909\" data-end=\"925\">Tillverkad F\u00f6r Att H\u00e5lla: <\/strong>Tillverkad av h\u00f6gkvalitativ harts. Vattent\u00e4t och byggd f\u00f6r att klara regn och utomhusv\u00e4der.<\/p>\n<\/li>\n<li class=\"\" data-start=\"1021\" data-end=\"1101\">\n<p class=\"\" data-start=\"1023\" data-end=\"1101\"><strong data-start=\"1023\" data-end=\"1038\">Enkel Att Anv\u00e4nda: <\/strong>Tryck bara p\u00e5 str\u00f6mbrytaren till &#8221;ON&#8221; och l\u00e5t solen g\u00f6ra resten.<\/p>\n<\/li>\n<\/ul>\n<h2 style=\"text-align: center;\">\ud83d\udce6 Paketet inneh\u00e5ller:<\/h2>\n<ul data-start=\"1143\" data-end=\"1283\">\n<li class=\"\" data-start=\"1143\" data-end=\"1179\">\n<p class=\"\" data-start=\"1145\" data-end=\"1179\">1 x soldrivet elefantljus<\/p>\n<\/li>\n<li class=\"\" data-start=\"1180\" data-end=\"1213\">\n<p class=\"\" data-start=\"1182\" data-end=\"1213\">Inbyggt uppladdningsbart batteri<\/p>\n<\/li>\n<li class=\"\" data-start=\"1214\" data-end=\"1249\">\n<p class=\"\" data-start=\"1216\" data-end=\"1249\">F\u00f6rinstallerade LED-lampor<\/p>\n<\/li>\n<li class=\"\" data-start=\"1250\" data-end=\"1283\">\n<p class=\"\" data-start=\"1252\" data-end=\"1283\">Klara att anv\u00e4nda &#8211; ingen montering beh\u00f6vs<\/p>\n<\/li>\n<\/ul>\n","protected":false},"excerpt":{"rendered":"<p>Skapa gl\u00e4dje, charm och ett mjukt ljus i ditt rum med den bed\u00e5rande <strong data-start=\"129\" data-end=\"147\">elefantlampan<\/strong>.<\/p>\n","protected":false},"featured_media":27059,"comment_status":"open","ping_status":"closed","template":"","meta":{"site-sidebar-layout":"default","site-content-layout":"","ast-site-content-layout":"default","site-content-style":"default","site-sidebar-style":"default","ast-global-header-display":"","ast-banner-title-visibility":"","ast-main-header-display":"","ast-hfb-above-header-display":"","ast-hfb-below-header-display":"","ast-hfb-mobile-header-display":"","site-post-title":"","ast-breadcrumbs-content":"","ast-featured-img":"","footer-sml-layout":"","theme-transparent-header-meta":"default","adv-header-id-meta":"","stick-header-meta":"","header-above-stick-meta":"","header-main-stick-meta":"","header-below-stick-meta":"","astra-migrate-meta-layouts":"set","ast-page-background-enabled":"default","ast-page-background-meta":{"desktop":{"background-color":"var(--ast-global-color-5)","background-image":"","background-repeat":"repeat","background-position":"center center","background-size":"auto","background-attachment":"scroll","background-type":"","background-media":"","overlay-type":"","overlay-color":"","overlay-opacity":"","overlay-gradient":""},"tablet":{"background-color":"","background-image":"","background-repeat":"repeat","background-position":"center center","background-size":"auto","background-attachment":"scroll","background-type":"","background-media":"","overlay-type":"","overlay-color":"","overlay-opacity":"","overlay-gradient":""},"mobile":{"background-color":"","background-image":"","background-repeat":"repeat","background-position":"center center","background-size":"auto","background-attachment":"scroll","background-type":"","background-media":"","overlay-type":"","overlay-color":"","overlay-opacity":"","overlay-gradient":""}},"ast-content-background-meta":{"desktop":{"background-color":"var(--ast-global-color-4)","background-image":"","background-repeat":"repeat","background-position":"center center","background-size":"auto","background-attachment":"scroll","background-type":"","background-media":"","overlay-type":"","overlay-color":"","overlay-opacity":"","overlay-gradient":""},"tablet":{"background-color":"var(--ast-global-color-4)","background-image":"","background-repeat":"repeat","background-position":"center center","background-size":"auto","background-attachment":"scroll","background-type":"","background-media":"","overlay-type":"","overlay-color":"","overlay-opacity":"","overlay-gradient":""},"mobile":{"background-color":"var(--ast-global-color-4)","background-image":"","background-repeat":"repeat","background-position":"center center","background-size":"auto","background-attachment":"scroll","background-type":"","background-media":"","overlay-type":"","overlay-color":"","overlay-opacity":"","overlay-gradient":""}}},"product_brand":[],"product_cat":[168],"product_tag":[],"class_list":{"0":"post-27063","1":"product","2":"type-product","3":"status-publish","4":"has-post-thumbnail","6":"product_cat-hushallsartiklar","7":"desktop-align-left","8":"tablet-align-left","9":"mobile-align-left","11":"first","12":"instock","13":"shipping-taxable","14":"purchasable","15":"product-type-simple"},"yoast_head":"<!-- This site is optimized with the Yoast SEO plugin v26.6 - https:\/\/yoast.com\/wordpress\/plugins\/seo\/ -->\n<title>Solcellsdriven elefantlampa - Mekulo SE<\/title>\n<meta name=\"robots\" content=\"index, follow, max-snippet:-1, max-image-preview:large, max-video-preview:-1\" \/>\n<link rel=\"canonical\" href=\"https:\/\/mekulo.com\/se\/produkt\/solcellsdriven-elefantlampa\/\" \/>\n<meta property=\"og:locale\" content=\"sv_SE\" \/>\n<meta property=\"og:type\" content=\"article\" \/>\n<meta property=\"og:title\" content=\"Solcellsdriven elefantlampa - Mekulo SE\" \/>\n<meta property=\"og:description\" content=\"Skapa gl\u00e4dje, charm och ett mjukt ljus i ditt rum med den bed\u00e5rande elefantlampan.\" \/>\n<meta property=\"og:url\" content=\"https:\/\/mekulo.com\/se\/produkt\/solcellsdriven-elefantlampa\/\" \/>\n<meta property=\"og:site_name\" content=\"Mekulo SE\" \/>\n<meta property=\"article:modified_time\" content=\"2026-04-13T08:32:50+00:00\" \/>\n<meta property=\"og:image\" content=\"https:\/\/mekulo.com\/se\/wp-content\/uploads\/sites\/11\/2026\/04\/9oixuje-1.jpeg\" \/>\n\t<meta property=\"og:image:width\" content=\"800\" \/>\n\t<meta property=\"og:image:height\" content=\"800\" \/>\n\t<meta property=\"og:image:type\" content=\"image\/jpeg\" \/>\n<meta name=\"twitter:card\" content=\"summary_large_image\" \/>\n<meta name=\"twitter:label1\" content=\"Ber\u00e4knad l\u00e4stid\" \/>\n\t<meta name=\"twitter:data1\" content=\"2 minuter\" \/>\n<script type=\"application\/ld+json\" class=\"yoast-schema-graph\">{\"@context\":\"https:\/\/schema.org\",\"@graph\":[{\"@type\":\"WebPage\",\"@id\":\"https:\/\/mekulo.com\/se\/produkt\/solcellsdriven-elefantlampa\/\",\"url\":\"https:\/\/mekulo.com\/se\/produkt\/solcellsdriven-elefantlampa\/\",\"name\":\"Solcellsdriven elefantlampa - Mekulo SE\",\"isPartOf\":{\"@id\":\"https:\/\/mekulo.com\/se\/#website\"},\"primaryImageOfPage\":{\"@id\":\"https:\/\/mekulo.com\/se\/produkt\/solcellsdriven-elefantlampa\/#primaryimage\"},\"image\":{\"@id\":\"https:\/\/mekulo.com\/se\/produkt\/solcellsdriven-elefantlampa\/#primaryimage\"},\"thumbnailUrl\":\"https:\/\/mekulo.com\/se\/wp-content\/uploads\/sites\/11\/2026\/04\/9oixuje-1.jpeg\",\"datePublished\":\"2026-04-07T12:20:25+00:00\",\"dateModified\":\"2026-04-13T08:32:50+00:00\",\"breadcrumb\":{\"@id\":\"https:\/\/mekulo.com\/se\/produkt\/solcellsdriven-elefantlampa\/#breadcrumb\"},\"inLanguage\":\"sv-SE\",\"potentialAction\":[{\"@type\":\"ReadAction\",\"target\":[\"https:\/\/mekulo.com\/se\/produkt\/solcellsdriven-elefantlampa\/\"]}]},{\"@type\":\"ImageObject\",\"inLanguage\":\"sv-SE\",\"@id\":\"https:\/\/mekulo.com\/se\/produkt\/solcellsdriven-elefantlampa\/#primaryimage\",\"url\":\"https:\/\/mekulo.com\/se\/wp-content\/uploads\/sites\/11\/2026\/04\/9oixuje-1.jpeg\",\"contentUrl\":\"https:\/\/mekulo.com\/se\/wp-content\/uploads\/sites\/11\/2026\/04\/9oixuje-1.jpeg\",\"width\":800,\"height\":800},{\"@type\":\"BreadcrumbList\",\"@id\":\"https:\/\/mekulo.com\/se\/produkt\/solcellsdriven-elefantlampa\/#breadcrumb\",\"itemListElement\":[{\"@type\":\"ListItem\",\"position\":1,\"name\":\"Home\",\"item\":\"https:\/\/mekulo.com\/se\/\"},{\"@type\":\"ListItem\",\"position\":2,\"name\":\"Butik\",\"item\":\"https:\/\/mekulo.com\/se\/butik\/\"},{\"@type\":\"ListItem\",\"position\":3,\"name\":\"Solcellsdriven elefantlampa\"}]},{\"@type\":\"WebSite\",\"@id\":\"https:\/\/mekulo.com\/se\/#website\",\"url\":\"https:\/\/mekulo.com\/se\/\",\"name\":\"Mekulo SE\",\"description\":\"\",\"publisher\":{\"@id\":\"https:\/\/mekulo.com\/se\/#organization\"},\"potentialAction\":[{\"@type\":\"SearchAction\",\"target\":{\"@type\":\"EntryPoint\",\"urlTemplate\":\"https:\/\/mekulo.com\/se\/?s={search_term_string}\"},\"query-input\":{\"@type\":\"PropertyValueSpecification\",\"valueRequired\":true,\"valueName\":\"search_term_string\"}}],\"inLanguage\":\"sv-SE\"},{\"@type\":\"Organization\",\"@id\":\"https:\/\/mekulo.com\/se\/#organization\",\"name\":\"Mekulo\",\"url\":\"https:\/\/mekulo.com\/se\/\",\"logo\":{\"@type\":\"ImageObject\",\"inLanguage\":\"sv-SE\",\"@id\":\"https:\/\/mekulo.com\/se\/#\/schema\/logo\/image\/\",\"url\":\"https:\/\/mekulo.com\/se\/wp-content\/uploads\/sites\/11\/2025\/12\/favicon_mekulo.png\",\"contentUrl\":\"https:\/\/mekulo.com\/se\/wp-content\/uploads\/sites\/11\/2025\/12\/favicon_mekulo.png\",\"width\":50,\"height\":50,\"caption\":\"Mekulo\"},\"image\":{\"@id\":\"https:\/\/mekulo.com\/se\/#\/schema\/logo\/image\/\"}}]}<\/script>\n<!-- \/ Yoast SEO plugin. -->","yoast_head_json":{"title":"Solcellsdriven elefantlampa - Mekulo SE","robots":{"index":"index","follow":"follow","max-snippet":"max-snippet:-1","max-image-preview":"max-image-preview:large","max-video-preview":"max-video-preview:-1"},"canonical":"https:\/\/mekulo.com\/se\/produkt\/solcellsdriven-elefantlampa\/","og_locale":"sv_SE","og_type":"article","og_title":"Solcellsdriven elefantlampa - Mekulo SE","og_description":"Skapa gl\u00e4dje, charm och ett mjukt ljus i ditt rum med den bed\u00e5rande elefantlampan.","og_url":"https:\/\/mekulo.com\/se\/produkt\/solcellsdriven-elefantlampa\/","og_site_name":"Mekulo SE","article_modified_time":"2026-04-13T08:32:50+00:00","og_image":[{"width":800,"height":800,"url":"https:\/\/mekulo.com\/se\/wp-content\/uploads\/sites\/11\/2026\/04\/9oixuje-1.jpeg","type":"image\/jpeg"}],"twitter_card":"summary_large_image","twitter_misc":{"Ber\u00e4knad l\u00e4stid":"2 minuter"},"schema":{"@context":"https:\/\/schema.org","@graph":[{"@type":"WebPage","@id":"https:\/\/mekulo.com\/se\/produkt\/solcellsdriven-elefantlampa\/","url":"https:\/\/mekulo.com\/se\/produkt\/solcellsdriven-elefantlampa\/","name":"Solcellsdriven elefantlampa - Mekulo SE","isPartOf":{"@id":"https:\/\/mekulo.com\/se\/#website"},"primaryImageOfPage":{"@id":"https:\/\/mekulo.com\/se\/produkt\/solcellsdriven-elefantlampa\/#primaryimage"},"image":{"@id":"https:\/\/mekulo.com\/se\/produkt\/solcellsdriven-elefantlampa\/#primaryimage"},"thumbnailUrl":"https:\/\/mekulo.com\/se\/wp-content\/uploads\/sites\/11\/2026\/04\/9oixuje-1.jpeg","datePublished":"2026-04-07T12:20:25+00:00","dateModified":"2026-04-13T08:32:50+00:00","breadcrumb":{"@id":"https:\/\/mekulo.com\/se\/produkt\/solcellsdriven-elefantlampa\/#breadcrumb"},"inLanguage":"sv-SE","potentialAction":[{"@type":"ReadAction","target":["https:\/\/mekulo.com\/se\/produkt\/solcellsdriven-elefantlampa\/"]}]},{"@type":"ImageObject","inLanguage":"sv-SE","@id":"https:\/\/mekulo.com\/se\/produkt\/solcellsdriven-elefantlampa\/#primaryimage","url":"https:\/\/mekulo.com\/se\/wp-content\/uploads\/sites\/11\/2026\/04\/9oixuje-1.jpeg","contentUrl":"https:\/\/mekulo.com\/se\/wp-content\/uploads\/sites\/11\/2026\/04\/9oixuje-1.jpeg","width":800,"height":800},{"@type":"BreadcrumbList","@id":"https:\/\/mekulo.com\/se\/produkt\/solcellsdriven-elefantlampa\/#breadcrumb","itemListElement":[{"@type":"ListItem","position":1,"name":"Home","item":"https:\/\/mekulo.com\/se\/"},{"@type":"ListItem","position":2,"name":"Butik","item":"https:\/\/mekulo.com\/se\/butik\/"},{"@type":"ListItem","position":3,"name":"Solcellsdriven elefantlampa"}]},{"@type":"WebSite","@id":"https:\/\/mekulo.com\/se\/#website","url":"https:\/\/mekulo.com\/se\/","name":"Mekulo SE","description":"","publisher":{"@id":"https:\/\/mekulo.com\/se\/#organization"},"potentialAction":[{"@type":"SearchAction","target":{"@type":"EntryPoint","urlTemplate":"https:\/\/mekulo.com\/se\/?s={search_term_string}"},"query-input":{"@type":"PropertyValueSpecification","valueRequired":true,"valueName":"search_term_string"}}],"inLanguage":"sv-SE"},{"@type":"Organization","@id":"https:\/\/mekulo.com\/se\/#organization","name":"Mekulo","url":"https:\/\/mekulo.com\/se\/","logo":{"@type":"ImageObject","inLanguage":"sv-SE","@id":"https:\/\/mekulo.com\/se\/#\/schema\/logo\/image\/","url":"https:\/\/mekulo.com\/se\/wp-content\/uploads\/sites\/11\/2025\/12\/favicon_mekulo.png","contentUrl":"https:\/\/mekulo.com\/se\/wp-content\/uploads\/sites\/11\/2025\/12\/favicon_mekulo.png","width":50,"height":50,"caption":"Mekulo"},"image":{"@id":"https:\/\/mekulo.com\/se\/#\/schema\/logo\/image\/"}}]}},"_links":{"self":[{"href":"https:\/\/mekulo.com\/se\/wp-json\/wp\/v2\/product\/27063","targetHints":{"allow":["GET"]}}],"collection":[{"href":"https:\/\/mekulo.com\/se\/wp-json\/wp\/v2\/product"}],"about":[{"href":"https:\/\/mekulo.com\/se\/wp-json\/wp\/v2\/types\/product"}],"replies":[{"embeddable":true,"href":"https:\/\/mekulo.com\/se\/wp-json\/wp\/v2\/comments?post=27063"}],"wp:featuredmedia":[{"embeddable":true,"href":"https:\/\/mekulo.com\/se\/wp-json\/wp\/v2\/media\/27059"}],"wp:attachment":[{"href":"https:\/\/mekulo.com\/se\/wp-json\/wp\/v2\/media?parent=27063"}],"wp:term":[{"taxonomy":"product_brand","embeddable":true,"href":"https:\/\/mekulo.com\/se\/wp-json\/wp\/v2\/product_brand?post=27063"},{"taxonomy":"product_cat","embeddable":true,"href":"https:\/\/mekulo.com\/se\/wp-json\/wp\/v2\/product_cat?post=27063"},{"taxonomy":"product_tag","embeddable":true,"href":"https:\/\/mekulo.com\/se\/wp-json\/wp\/v2\/product_tag?post=27063"}],"curies":[{"name":"wp","href":"https:\/\/api.w.org\/{rel}","templated":true}]}}