{"id":26906,"date":"2026-04-03T11:09:28","date_gmt":"2026-04-03T08:09:28","guid":{"rendered":"https:\/\/mekulo.com\/se\/produkt\/12-i-1-hopfallbart-multiverktyg-i-rostfritt-stal\/"},"modified":"2026-04-03T11:14:54","modified_gmt":"2026-04-03T08:14:54","slug":"12-i-1-hopfallbart-multiverktyg-i-rostfritt-stal","status":"publish","type":"product","link":"https:\/\/mekulo.com\/se\/produkt\/12-i-1-hopfallbart-multiverktyg-i-rostfritt-stal\/","title":{"rendered":"12-i-1 hopf\u00e4llbart multiverktyg i rostfritt st\u00e5l"},"content":{"rendered":"<h2 style=\"text-align: center;\" data-start=\"343\" data-end=\"362\">\u2728 L\u00f6ftet<\/h2>\n<p style=\"text-align: center;\" data-start=\"364\" data-end=\"426\">B\u00e4r mindre. G\u00f6r mer. Hantera alla situationer med sj\u00e4lvf\u00f6rtroende.<\/p>\n<p data-start=\"364\" data-end=\"426\"><img fetchpriority=\"high\" decoding=\"async\" class=\" wp-image-26478 aligncenter\" src=\"https:\/\/mekulo.com\/template\/wp-content\/uploads\/sites\/6\/2026\/02\/12219-ezgif.com-video-to-webp-converter-2.webp\" alt=\"\" width=\"548\" height=\"548\" \/><\/p>\n<h2 style=\"text-align: center;\" data-start=\"433\" data-end=\"451\">\u2705 Huvudsakliga f\u00f6rdelar<\/h2>\n<p data-start=\"455\" data-end=\"554\">\ud83d\udee0\ufe0f 12 verktyg i en kompakt design &#8211; T\u00e4cker sk\u00e4rning, grepp, \u00e5tdragning och snabba reparationer.<\/p>\n<p data-start=\"558\" data-end=\"666\">\ud83d\udd29 P\u00e5litlig styrka n\u00e4r det g\u00e4ller &#8211; Byggd f\u00f6r att klara kr\u00e4vande uppgifter utan att b\u00f6jas eller slitas ut.<\/p>\n<p data-start=\"670\" data-end=\"751\">\ud83c\udf92 Fickv\u00e4nlig &amp; resklar &#8211; F\u00e4lls ihop snyggt f\u00f6r enkel f\u00f6rvaring var som helst.<\/p>\n<p data-start=\"755\" data-end=\"836\">\u270b Bekv\u00e4mt, s\u00e4kert grepp &#8211; utformat f\u00f6r kontroll och minskad handtr\u00f6tthet.<\/p>\n<p data-start=\"840\" data-end=\"933\">\ud83d\udd12 Smidig, s\u00e4ker verktygsanv\u00e4ndning &#8211; varje funktion \u00f6ppnas enkelt och l\u00e5ses ordentligt p\u00e5 plats.<\/p>\n<p data-start=\"937\" data-end=\"1035\">\ud83c\udf27\ufe0f Korrosionsbest\u00e4ndigt rostfritt st\u00e5l &#8211; fungerar tillf\u00f6rlitligt under utomhusf\u00f6rh\u00e5llanden och fuktiga f\u00f6rh\u00e5llanden.<\/p>\n<h2 style=\"text-align: center;\" data-start=\"1042\" data-end=\"1065\">\u2757 Problem \u2192 L\u00f6sning<\/h2>\n<p data-start=\"1067\" data-end=\"1148\"><strong data-start=\"1067\" data-end=\"1079\">Problem:<\/strong><br data-start=\"1079\" data-end=\"1082\" \/>Skrymmande verktygsl\u00e5dor \u00e4r opraktiska.<\/p>\n<p data-start=\"1150\" data-end=\"1252\"><strong data-start=\"1150\" data-end=\"1163\">L\u00f6sning:<\/strong><br data-start=\"1163\" data-end=\"1166\" \/>Detta 12-i-1 vikbara multiverktyg i rostfritt st\u00e5l kombinerar dina mest anv\u00e4nda funktioner i en str\u00f6mlinjeformad enhet.<\/p>\n<p data-start=\"1150\" data-end=\"1252\"><img decoding=\"async\" class=\" wp-image-26477 aligncenter\" src=\"https:\/\/mekulo.com\/template\/wp-content\/uploads\/sites\/6\/2026\/02\/122110-ezgif.com-video-to-webp-converter-2.webp\" alt=\"\" width=\"549\" height=\"549\" \/><\/p>\n<h2 style=\"text-align: center;\" data-start=\"1259\" data-end=\"1285\">\ud83c\udf0d Perfekt f\u00f6r<\/h2>\n<ul data-start=\"1299\" data-end=\"1410\">\n<li data-start=\"1299\" data-end=\"1319\">\n<p data-start=\"1301\" data-end=\"1319\">Camping &amp; vandring<\/p>\n<\/li>\n<li data-start=\"1320\" data-end=\"1341\">\n<p data-start=\"1322\" data-end=\"1341\">Fiske &amp; jakt<\/p>\n<\/li>\n<li data-start=\"1342\" data-end=\"1362\">\n<p data-start=\"1344\" data-end=\"1362\">Cykling &amp; resor<\/p>\n<\/li>\n<li data-start=\"1363\" data-end=\"1385\">\n<p data-start=\"1365\" data-end=\"1385\">DIY &amp; hemreparationer<\/p>\n<\/li>\n<li data-start=\"1386\" data-end=\"1410\">\n<p data-start=\"1388\" data-end=\"1410\">N\u00f6dsituationer<\/p>\n<\/li>\n<\/ul>\n<p data-start=\"1412\" data-end=\"1479\">F\u00f6rvara det i ryggs\u00e4cken, bilen, l\u00e5dan eller fickan &#8211; alltid beredd.<\/p>\n<h2 style=\"text-align: center;\" data-start=\"1486\" data-end=\"1502\">\u2699\ufe0f Hur man anv\u00e4nder<\/h2>\n<ol data-start=\"1504\" data-end=\"1634\">\n<li data-start=\"1504\" data-end=\"1524\">\n<p data-start=\"1507\" data-end=\"1524\">F\u00e4ll ut verktyget.<\/p>\n<\/li>\n<li data-start=\"1525\" data-end=\"1558\">\n<p data-start=\"1528\" data-end=\"1558\">V\u00e4lj \u00f6nskad funktion.<\/p>\n<\/li>\n<li data-start=\"1559\" data-end=\"1583\">\n<p data-start=\"1562\" data-end=\"1583\">F\u00e4ll ut tills den \u00e4r l\u00e5st.<\/p>\n<\/li>\n<li data-start=\"1584\" data-end=\"1607\">\n<p data-start=\"1587\" data-end=\"1607\">Slutf\u00f6r din uppgift.<\/p>\n<\/li>\n<li data-start=\"1608\" data-end=\"1634\">\n<p data-start=\"1611\" data-end=\"1634\">Vik tillbaka f\u00f6r f\u00f6rvaring.<\/p>\n<\/li>\n<\/ol>\n<h2 style=\"text-align: center;\" data-start=\"1667\" data-end=\"1688\">\ud83d\udcd0 Produktdetaljer<\/h2>\n<ul data-start=\"1690\" data-end=\"1892\">\n<li data-start=\"1690\" data-end=\"1729\">\n<p data-start=\"1692\" data-end=\"1729\">Material: 3Cr13 rostfritt st\u00e5l<\/p>\n<\/li>\n<li data-start=\"1730\" data-end=\"1768\">\n<p data-start=\"1732\" data-end=\"1768\">Funktioner: 12 integrerade verktyg<\/p>\n<\/li>\n<li data-start=\"1769\" data-end=\"1803\">\n<p data-start=\"1771\" data-end=\"1803\">Design: Vikbar \/ kompakt<\/p>\n<\/li>\n<li data-start=\"1804\" data-end=\"1834\">\n<p data-start=\"1806\" data-end=\"1834\">Handtag: Ergonomiskt grepp<\/p>\n<\/li>\n<li data-start=\"1835\" data-end=\"1892\">\n<p data-start=\"1837\" data-end=\"1892\">Prestanda: Slitstark &amp; korrosionsbest\u00e4ndig<\/p>\n<\/li>\n<li data-start=\"1835\" data-end=\"1892\">Storlek: 16 x 6 cm<\/li>\n<\/ul>\n<h2 style=\"text-align: center;\" data-start=\"1953\" data-end=\"1975\">\ud83d\udce6 Paketet inneh\u00e5ller<\/h2>\n<ul data-start=\"1977\" data-end=\"2025\">\n<li style=\"list-style-type: none;\">\n<ul data-start=\"1977\" data-end=\"2025\">\n<li data-start=\"1977\" data-end=\"2025\">\n<p data-start=\"1979\" data-end=\"2025\">1x 12-i-1 hopf\u00e4llbart multiverktyg i rostfritt st\u00e5l.<\/p>\n<\/li>\n<\/ul>\n<\/li>\n<\/ul>\n","protected":false},"excerpt":{"rendered":"<p>\ud83c\udfd5\ufe0f Ett verktyg. Otaliga l\u00f6sningar.<br \/>\n\ud83d\udc68\u200d\ud83d\udd27 Be redo f\u00f6r reparationer, justeringar och det ov\u00e4ntade.<br \/>\n\ud83e\uddf0 Fr\u00e5n utomhus\u00e4ventyr till vardagsfixar, detta 12-i-1 vikbara multiverktyg i rostfritt st\u00e5l h\u00e5ller viktiga funktioner inom r\u00e4ckh\u00e5ll &#8211; utan att ta plats i fickan eller ryggs\u00e4cken.<\/p>\n","protected":false},"featured_media":26902,"comment_status":"open","ping_status":"closed","template":"","meta":{"site-sidebar-layout":"default","site-content-layout":"","ast-site-content-layout":"default","site-content-style":"default","site-sidebar-style":"default","ast-global-header-display":"","ast-banner-title-visibility":"","ast-main-header-display":"","ast-hfb-above-header-display":"","ast-hfb-below-header-display":"","ast-hfb-mobile-header-display":"","site-post-title":"","ast-breadcrumbs-content":"","ast-featured-img":"","footer-sml-layout":"","theme-transparent-header-meta":"default","adv-header-id-meta":"","stick-header-meta":"","header-above-stick-meta":"","header-main-stick-meta":"","header-below-stick-meta":"","astra-migrate-meta-layouts":"set","ast-page-background-enabled":"default","ast-page-background-meta":{"desktop":{"background-color":"var(--ast-global-color-5)","background-image":"","background-repeat":"repeat","background-position":"center center","background-size":"auto","background-attachment":"scroll","background-type":"","background-media":"","overlay-type":"","overlay-color":"","overlay-opacity":"","overlay-gradient":""},"tablet":{"background-color":"","background-image":"","background-repeat":"repeat","background-position":"center center","background-size":"auto","background-attachment":"scroll","background-type":"","background-media":"","overlay-type":"","overlay-color":"","overlay-opacity":"","overlay-gradient":""},"mobile":{"background-color":"","background-image":"","background-repeat":"repeat","background-position":"center center","background-size":"auto","background-attachment":"scroll","background-type":"","background-media":"","overlay-type":"","overlay-color":"","overlay-opacity":"","overlay-gradient":""}},"ast-content-background-meta":{"desktop":{"background-color":"var(--ast-global-color-4)","background-image":"","background-repeat":"repeat","background-position":"center center","background-size":"auto","background-attachment":"scroll","background-type":"","background-media":"","overlay-type":"","overlay-color":"","overlay-opacity":"","overlay-gradient":""},"tablet":{"background-color":"var(--ast-global-color-4)","background-image":"","background-repeat":"repeat","background-position":"center center","background-size":"auto","background-attachment":"scroll","background-type":"","background-media":"","overlay-type":"","overlay-color":"","overlay-opacity":"","overlay-gradient":""},"mobile":{"background-color":"var(--ast-global-color-4)","background-image":"","background-repeat":"repeat","background-position":"center center","background-size":"auto","background-attachment":"scroll","background-type":"","background-media":"","overlay-type":"","overlay-color":"","overlay-opacity":"","overlay-gradient":""}}},"product_brand":[],"product_cat":[171],"product_tag":[],"class_list":{"0":"post-26906","1":"product","2":"type-product","3":"status-publish","4":"has-post-thumbnail","6":"product_cat-verktyg","7":"desktop-align-left","8":"tablet-align-left","9":"mobile-align-left","11":"first","12":"instock","13":"shipping-taxable","14":"purchasable","15":"product-type-simple"},"yoast_head":"<!-- This site is optimized with the Yoast SEO plugin v26.6 - https:\/\/yoast.com\/wordpress\/plugins\/seo\/ -->\n<title>12-i-1 hopf\u00e4llbart multiverktyg i rostfritt st\u00e5l - Mekulo SE<\/title>\n<meta name=\"robots\" content=\"index, follow, max-snippet:-1, max-image-preview:large, max-video-preview:-1\" \/>\n<link rel=\"canonical\" href=\"https:\/\/mekulo.com\/se\/produkt\/12-i-1-hopfallbart-multiverktyg-i-rostfritt-stal\/\" \/>\n<meta property=\"og:locale\" content=\"sv_SE\" \/>\n<meta property=\"og:type\" content=\"article\" \/>\n<meta property=\"og:title\" content=\"12-i-1 hopf\u00e4llbart multiverktyg i rostfritt st\u00e5l - Mekulo SE\" \/>\n<meta property=\"og:description\" content=\"\ud83c\udfd5\ufe0f Ett verktyg. Otaliga l\u00f6sningar. \ud83d\udc68\u200d\ud83d\udd27 Be redo f\u00f6r reparationer, justeringar och det ov\u00e4ntade. \ud83e\uddf0 Fr\u00e5n utomhus\u00e4ventyr till vardagsfixar, detta 12-i-1 vikbara multiverktyg i rostfritt st\u00e5l h\u00e5ller viktiga funktioner inom r\u00e4ckh\u00e5ll - utan att ta plats i fickan eller ryggs\u00e4cken.\" \/>\n<meta property=\"og:url\" content=\"https:\/\/mekulo.com\/se\/produkt\/12-i-1-hopfallbart-multiverktyg-i-rostfritt-stal\/\" \/>\n<meta property=\"og:site_name\" content=\"Mekulo SE\" \/>\n<meta property=\"article:modified_time\" content=\"2026-04-03T08:14:54+00:00\" \/>\n<meta property=\"og:image\" content=\"https:\/\/mekulo.com\/se\/wp-content\/uploads\/sites\/11\/2026\/04\/6zlm7yi-1.jpg\" \/>\n\t<meta property=\"og:image:width\" content=\"1000\" \/>\n\t<meta property=\"og:image:height\" content=\"1000\" \/>\n\t<meta property=\"og:image:type\" content=\"image\/jpeg\" \/>\n<meta name=\"twitter:card\" content=\"summary_large_image\" \/>\n<meta name=\"twitter:label1\" content=\"Ber\u00e4knad l\u00e4stid\" \/>\n\t<meta name=\"twitter:data1\" content=\"2 minuter\" \/>\n<script type=\"application\/ld+json\" class=\"yoast-schema-graph\">{\"@context\":\"https:\/\/schema.org\",\"@graph\":[{\"@type\":\"WebPage\",\"@id\":\"https:\/\/mekulo.com\/se\/produkt\/12-i-1-hopfallbart-multiverktyg-i-rostfritt-stal\/\",\"url\":\"https:\/\/mekulo.com\/se\/produkt\/12-i-1-hopfallbart-multiverktyg-i-rostfritt-stal\/\",\"name\":\"12-i-1 hopf\u00e4llbart multiverktyg i rostfritt st\u00e5l - Mekulo SE\",\"isPartOf\":{\"@id\":\"https:\/\/mekulo.com\/se\/#website\"},\"primaryImageOfPage\":{\"@id\":\"https:\/\/mekulo.com\/se\/produkt\/12-i-1-hopfallbart-multiverktyg-i-rostfritt-stal\/#primaryimage\"},\"image\":{\"@id\":\"https:\/\/mekulo.com\/se\/produkt\/12-i-1-hopfallbart-multiverktyg-i-rostfritt-stal\/#primaryimage\"},\"thumbnailUrl\":\"https:\/\/mekulo.com\/se\/wp-content\/uploads\/sites\/11\/2026\/04\/6zlm7yi-1.jpg\",\"datePublished\":\"2026-04-03T08:09:28+00:00\",\"dateModified\":\"2026-04-03T08:14:54+00:00\",\"breadcrumb\":{\"@id\":\"https:\/\/mekulo.com\/se\/produkt\/12-i-1-hopfallbart-multiverktyg-i-rostfritt-stal\/#breadcrumb\"},\"inLanguage\":\"sv-SE\",\"potentialAction\":[{\"@type\":\"ReadAction\",\"target\":[\"https:\/\/mekulo.com\/se\/produkt\/12-i-1-hopfallbart-multiverktyg-i-rostfritt-stal\/\"]}]},{\"@type\":\"ImageObject\",\"inLanguage\":\"sv-SE\",\"@id\":\"https:\/\/mekulo.com\/se\/produkt\/12-i-1-hopfallbart-multiverktyg-i-rostfritt-stal\/#primaryimage\",\"url\":\"https:\/\/mekulo.com\/se\/wp-content\/uploads\/sites\/11\/2026\/04\/6zlm7yi-1.jpg\",\"contentUrl\":\"https:\/\/mekulo.com\/se\/wp-content\/uploads\/sites\/11\/2026\/04\/6zlm7yi-1.jpg\",\"width\":1000,\"height\":1000},{\"@type\":\"BreadcrumbList\",\"@id\":\"https:\/\/mekulo.com\/se\/produkt\/12-i-1-hopfallbart-multiverktyg-i-rostfritt-stal\/#breadcrumb\",\"itemListElement\":[{\"@type\":\"ListItem\",\"position\":1,\"name\":\"Home\",\"item\":\"https:\/\/mekulo.com\/se\/\"},{\"@type\":\"ListItem\",\"position\":2,\"name\":\"Butik\",\"item\":\"https:\/\/mekulo.com\/se\/butik\/\"},{\"@type\":\"ListItem\",\"position\":3,\"name\":\"12-i-1 hopf\u00e4llbart multiverktyg i rostfritt st\u00e5l\"}]},{\"@type\":\"WebSite\",\"@id\":\"https:\/\/mekulo.com\/se\/#website\",\"url\":\"https:\/\/mekulo.com\/se\/\",\"name\":\"Mekulo SE\",\"description\":\"\",\"publisher\":{\"@id\":\"https:\/\/mekulo.com\/se\/#organization\"},\"potentialAction\":[{\"@type\":\"SearchAction\",\"target\":{\"@type\":\"EntryPoint\",\"urlTemplate\":\"https:\/\/mekulo.com\/se\/?s={search_term_string}\"},\"query-input\":{\"@type\":\"PropertyValueSpecification\",\"valueRequired\":true,\"valueName\":\"search_term_string\"}}],\"inLanguage\":\"sv-SE\"},{\"@type\":\"Organization\",\"@id\":\"https:\/\/mekulo.com\/se\/#organization\",\"name\":\"Mekulo\",\"url\":\"https:\/\/mekulo.com\/se\/\",\"logo\":{\"@type\":\"ImageObject\",\"inLanguage\":\"sv-SE\",\"@id\":\"https:\/\/mekulo.com\/se\/#\/schema\/logo\/image\/\",\"url\":\"https:\/\/mekulo.com\/se\/wp-content\/uploads\/sites\/11\/2025\/12\/favicon_mekulo.png\",\"contentUrl\":\"https:\/\/mekulo.com\/se\/wp-content\/uploads\/sites\/11\/2025\/12\/favicon_mekulo.png\",\"width\":50,\"height\":50,\"caption\":\"Mekulo\"},\"image\":{\"@id\":\"https:\/\/mekulo.com\/se\/#\/schema\/logo\/image\/\"}}]}<\/script>\n<!-- \/ Yoast SEO plugin. -->","yoast_head_json":{"title":"12-i-1 hopf\u00e4llbart multiverktyg i rostfritt st\u00e5l - Mekulo SE","robots":{"index":"index","follow":"follow","max-snippet":"max-snippet:-1","max-image-preview":"max-image-preview:large","max-video-preview":"max-video-preview:-1"},"canonical":"https:\/\/mekulo.com\/se\/produkt\/12-i-1-hopfallbart-multiverktyg-i-rostfritt-stal\/","og_locale":"sv_SE","og_type":"article","og_title":"12-i-1 hopf\u00e4llbart multiverktyg i rostfritt st\u00e5l - Mekulo SE","og_description":"\ud83c\udfd5\ufe0f Ett verktyg. Otaliga l\u00f6sningar. \ud83d\udc68\u200d\ud83d\udd27 Be redo f\u00f6r reparationer, justeringar och det ov\u00e4ntade. \ud83e\uddf0 Fr\u00e5n utomhus\u00e4ventyr till vardagsfixar, detta 12-i-1 vikbara multiverktyg i rostfritt st\u00e5l h\u00e5ller viktiga funktioner inom r\u00e4ckh\u00e5ll - utan att ta plats i fickan eller ryggs\u00e4cken.","og_url":"https:\/\/mekulo.com\/se\/produkt\/12-i-1-hopfallbart-multiverktyg-i-rostfritt-stal\/","og_site_name":"Mekulo SE","article_modified_time":"2026-04-03T08:14:54+00:00","og_image":[{"width":1000,"height":1000,"url":"https:\/\/mekulo.com\/se\/wp-content\/uploads\/sites\/11\/2026\/04\/6zlm7yi-1.jpg","type":"image\/jpeg"}],"twitter_card":"summary_large_image","twitter_misc":{"Ber\u00e4knad l\u00e4stid":"2 minuter"},"schema":{"@context":"https:\/\/schema.org","@graph":[{"@type":"WebPage","@id":"https:\/\/mekulo.com\/se\/produkt\/12-i-1-hopfallbart-multiverktyg-i-rostfritt-stal\/","url":"https:\/\/mekulo.com\/se\/produkt\/12-i-1-hopfallbart-multiverktyg-i-rostfritt-stal\/","name":"12-i-1 hopf\u00e4llbart multiverktyg i rostfritt st\u00e5l - Mekulo SE","isPartOf":{"@id":"https:\/\/mekulo.com\/se\/#website"},"primaryImageOfPage":{"@id":"https:\/\/mekulo.com\/se\/produkt\/12-i-1-hopfallbart-multiverktyg-i-rostfritt-stal\/#primaryimage"},"image":{"@id":"https:\/\/mekulo.com\/se\/produkt\/12-i-1-hopfallbart-multiverktyg-i-rostfritt-stal\/#primaryimage"},"thumbnailUrl":"https:\/\/mekulo.com\/se\/wp-content\/uploads\/sites\/11\/2026\/04\/6zlm7yi-1.jpg","datePublished":"2026-04-03T08:09:28+00:00","dateModified":"2026-04-03T08:14:54+00:00","breadcrumb":{"@id":"https:\/\/mekulo.com\/se\/produkt\/12-i-1-hopfallbart-multiverktyg-i-rostfritt-stal\/#breadcrumb"},"inLanguage":"sv-SE","potentialAction":[{"@type":"ReadAction","target":["https:\/\/mekulo.com\/se\/produkt\/12-i-1-hopfallbart-multiverktyg-i-rostfritt-stal\/"]}]},{"@type":"ImageObject","inLanguage":"sv-SE","@id":"https:\/\/mekulo.com\/se\/produkt\/12-i-1-hopfallbart-multiverktyg-i-rostfritt-stal\/#primaryimage","url":"https:\/\/mekulo.com\/se\/wp-content\/uploads\/sites\/11\/2026\/04\/6zlm7yi-1.jpg","contentUrl":"https:\/\/mekulo.com\/se\/wp-content\/uploads\/sites\/11\/2026\/04\/6zlm7yi-1.jpg","width":1000,"height":1000},{"@type":"BreadcrumbList","@id":"https:\/\/mekulo.com\/se\/produkt\/12-i-1-hopfallbart-multiverktyg-i-rostfritt-stal\/#breadcrumb","itemListElement":[{"@type":"ListItem","position":1,"name":"Home","item":"https:\/\/mekulo.com\/se\/"},{"@type":"ListItem","position":2,"name":"Butik","item":"https:\/\/mekulo.com\/se\/butik\/"},{"@type":"ListItem","position":3,"name":"12-i-1 hopf\u00e4llbart multiverktyg i rostfritt st\u00e5l"}]},{"@type":"WebSite","@id":"https:\/\/mekulo.com\/se\/#website","url":"https:\/\/mekulo.com\/se\/","name":"Mekulo SE","description":"","publisher":{"@id":"https:\/\/mekulo.com\/se\/#organization"},"potentialAction":[{"@type":"SearchAction","target":{"@type":"EntryPoint","urlTemplate":"https:\/\/mekulo.com\/se\/?s={search_term_string}"},"query-input":{"@type":"PropertyValueSpecification","valueRequired":true,"valueName":"search_term_string"}}],"inLanguage":"sv-SE"},{"@type":"Organization","@id":"https:\/\/mekulo.com\/se\/#organization","name":"Mekulo","url":"https:\/\/mekulo.com\/se\/","logo":{"@type":"ImageObject","inLanguage":"sv-SE","@id":"https:\/\/mekulo.com\/se\/#\/schema\/logo\/image\/","url":"https:\/\/mekulo.com\/se\/wp-content\/uploads\/sites\/11\/2025\/12\/favicon_mekulo.png","contentUrl":"https:\/\/mekulo.com\/se\/wp-content\/uploads\/sites\/11\/2025\/12\/favicon_mekulo.png","width":50,"height":50,"caption":"Mekulo"},"image":{"@id":"https:\/\/mekulo.com\/se\/#\/schema\/logo\/image\/"}}]}},"_links":{"self":[{"href":"https:\/\/mekulo.com\/se\/wp-json\/wp\/v2\/product\/26906","targetHints":{"allow":["GET"]}}],"collection":[{"href":"https:\/\/mekulo.com\/se\/wp-json\/wp\/v2\/product"}],"about":[{"href":"https:\/\/mekulo.com\/se\/wp-json\/wp\/v2\/types\/product"}],"replies":[{"embeddable":true,"href":"https:\/\/mekulo.com\/se\/wp-json\/wp\/v2\/comments?post=26906"}],"wp:featuredmedia":[{"embeddable":true,"href":"https:\/\/mekulo.com\/se\/wp-json\/wp\/v2\/media\/26902"}],"wp:attachment":[{"href":"https:\/\/mekulo.com\/se\/wp-json\/wp\/v2\/media?parent=26906"}],"wp:term":[{"taxonomy":"product_brand","embeddable":true,"href":"https:\/\/mekulo.com\/se\/wp-json\/wp\/v2\/product_brand?post=26906"},{"taxonomy":"product_cat","embeddable":true,"href":"https:\/\/mekulo.com\/se\/wp-json\/wp\/v2\/product_cat?post=26906"},{"taxonomy":"product_tag","embeddable":true,"href":"https:\/\/mekulo.com\/se\/wp-json\/wp\/v2\/product_tag?post=26906"}],"curies":[{"name":"wp","href":"https:\/\/api.w.org\/{rel}","templated":true}]}}