{"id":26047,"date":"2026-03-11T15:04:01","date_gmt":"2026-03-11T13:04:01","guid":{"rendered":"https:\/\/mekulo.com\/se\/produkt\/nattlampa-med-paskkyckling\/"},"modified":"2026-03-17T11:48:22","modified_gmt":"2026-03-17T09:48:22","slug":"nattlampa-med-paskkyckling","status":"publish","type":"product","link":"https:\/\/mekulo.com\/se\/produkt\/nattlampa-med-paskkyckling\/","title":{"rendered":"Nattlampa med p\u00e5skkyckling"},"content":{"rendered":"<h2 style=\"text-align: center;\" data-section-id=\"wtab3f\" data-start=\"408\" data-end=\"424\">\u2728 L\u00f6ftet<\/h2>\n<p style=\"text-align: center;\" data-start=\"426\" data-end=\"479\">Varm belysning. Unik inredning. Sk\u00f6n st\u00e4mning.<\/p>\n<p data-start=\"426\" data-end=\"479\"><img fetchpriority=\"high\" decoding=\"async\" class=\" wp-image-27518 aligncenter\" src=\"https:\/\/mekulo.com\/template\/wp-content\/uploads\/sites\/6\/2026\/03\/12213-ezgif.com-video-to-webp-converter-4.webp\" alt=\"\" width=\"550\" height=\"550\" \/><\/p>\n<h2 style=\"text-align: center;\" data-section-id=\"1v6ik5f\" data-start=\"486\" data-end=\"505\">\ud83d\udc14 Huvudf\u00f6rdelar<\/h2>\n<p data-start=\"509\" data-end=\"597\">\ud83c\udf19 Mjuk st\u00e4mningsbelysning &#8211; Avger ett mjukt varmt sken som \u00e4r perfekt f\u00f6r avkopplande kv\u00e4llar.<\/p>\n<p data-start=\"601\" data-end=\"707\">\ud83c\udfe1 Unik dekorativ design &#8211; En charmig kyckling-och-\u00e4gg-skulptur som omedelbart f\u00e5ngar uppm\u00e4rksamhet.<\/p>\n<p data-start=\"711\" data-end=\"798\">\ud83e\udeb6 Premiumhantverk i harts &#8211; H\u00e5llbart material med en sl\u00e4t, detaljerad finish.<\/p>\n<p data-start=\"802\" data-end=\"900\">\ud83d\udecf Perfekt nattlampa vid s\u00e4ngen &#8211; Ger tillr\u00e4ckligt med ljus f\u00f6r komfort utan att vara f\u00f6r ljus.<\/p>\n<p data-start=\"904\" data-end=\"989\">\ud83d\udccf Kompakt och platsbesparande &#8211; passar enkelt p\u00e5 skrivbord, hyllor eller nattduksbord.<\/p>\n<p data-start=\"993\" data-end=\"1087\">\ud83c\udf81 Kreativ presentid\u00e9 &#8211; en rolig och omt\u00e4nksam present till v\u00e4nner, familj eller inflyttningsfest.<\/p>\n<h2 style=\"text-align: center;\" data-section-id=\"d0iej6\" data-start=\"1094\" data-end=\"1117\">\u2757 Problem \u2192 L\u00f6sning<\/h2>\n<p data-start=\"1119\" data-end=\"1202\"><strong data-start=\"1119\" data-end=\"1131\">Problem:<\/strong><br data-start=\"1131\" data-end=\"1134\" \/>M\u00e5nga nattlampor k\u00e4nns generiska och tillf\u00f6r lite personlighet till ett rum.<\/p>\n<p data-start=\"1204\" data-end=\"1379\"><strong data-start=\"1204\" data-end=\"1217\">L\u00f6sning:<\/strong><br data-start=\"1217\" data-end=\"1220\" \/>Denna nattlampa med p\u00e5skkyckling kombinerar praktisk belysning med en lekfull konstn\u00e4rlig design, vilket skapar en varm atmosf\u00e4r samtidigt som den fungerar som en dekorativ mittpunkt. Belysning som ger karakt\u00e4r till ditt hem.<\/p>\n<p data-start=\"1204\" data-end=\"1379\"><img decoding=\"async\" class=\" wp-image-27517 aligncenter\" src=\"https:\/\/mekulo.com\/template\/wp-content\/uploads\/sites\/6\/2026\/03\/12214-ezgif.com-video-to-webp-converter-5.webp\" alt=\"\" width=\"551\" height=\"551\" \/><\/p>\n<h2 style=\"text-align: center;\" data-section-id=\"10n4q2k\" data-start=\"1432\" data-end=\"1458\">\ud83c\udfe1 Perfekt f\u00f6r<\/h2>\n<ul data-start=\"1474\" data-end=\"1620\">\n<li data-section-id=\"sps652\" data-start=\"1474\" data-end=\"1500\">\n<p data-start=\"1476\" data-end=\"1500\">Nattbelysning i sovrummet<\/p>\n<\/li>\n<li data-section-id=\"140dn7c\" data-start=\"1501\" data-end=\"1527\">\n<p data-start=\"1503\" data-end=\"1527\">Mysig vardagsrumsinredning<\/p>\n<\/li>\n<li data-section-id=\"n7umii\" data-start=\"1528\" data-end=\"1556\">\n<p data-start=\"1530\" data-end=\"1556\">Desk- eller hylldekoration<\/p>\n<\/li>\n<li data-section-id=\"1h3e1i8\" data-start=\"1557\" data-end=\"1590\">\n<p data-start=\"1559\" data-end=\"1590\">Farmhus eller rustik inredning<\/p>\n<\/li>\n<li data-section-id=\"7m5qc9\" data-start=\"1591\" data-end=\"1620\">\n<p data-start=\"1593\" data-end=\"1620\">Unika inflyttningspresenter<\/p>\n<\/li>\n<\/ul>\n<p data-start=\"1622\" data-end=\"1657\">G\u00f6r alla rum varmare och charmigare.<\/p>\n<h2 style=\"text-align: center;\" data-section-id=\"1k514u3\" data-start=\"1664\" data-end=\"1680\">\u2699\ufe0f Anv\u00e4ndning<\/h2>\n<ol data-start=\"1682\" data-end=\"1857\">\n<li data-section-id=\"17s71hs\" data-start=\"1682\" data-end=\"1721\">\n<p data-start=\"1685\" data-end=\"1721\">St\u00e4ll lampan p\u00e5 en stabil yta.<\/p>\n<\/li>\n<li data-section-id=\"1jfxfkp\" data-start=\"1722\" data-end=\"1763\">\n<p data-start=\"1725\" data-end=\"1763\">T\u00e4nd den f\u00f6r att aktivera det varma skenet.<\/p>\n<\/li>\n<li data-section-id=\"1pvo73r\" data-start=\"1764\" data-end=\"1813\">\n<p data-start=\"1767\" data-end=\"1813\">Njut av den mjuka omgivande belysningen i ditt rum.<\/p>\n<\/li>\n<li data-section-id=\"u6ixtl\" data-start=\"1814\" data-end=\"1857\">\n<p data-start=\"1817\" data-end=\"1857\">Anv\u00e4nd den som b\u00e5de inredning och nattlampa.<\/p>\n<\/li>\n<\/ol>\n<h2 style=\"text-align: center;\" data-section-id=\"6cujb5\" data-start=\"1907\" data-end=\"1928\">\ud83d\udcd0 Produktdetaljer<\/h2>\n<ul data-start=\"1930\" data-end=\"2160\">\n<li data-section-id=\"1qttkyc\" data-start=\"1969\" data-end=\"2005\">\n<p data-start=\"1971\" data-end=\"2005\">Material: H\u00f6gkvalitativt harts<\/p>\n<\/li>\n<li data-section-id=\"2itvkm\" data-start=\"2006\" data-end=\"2077\">\n<p data-start=\"2008\" data-end=\"2019\">Storlek: 15 x 6 x 14 cm<\/p>\n<\/li>\n<li data-section-id=\"hjzble\" data-start=\"2078\" data-end=\"2124\">\n<p data-start=\"2080\" data-end=\"2124\">Design: Dekorativ lampa med h\u00f6na som l\u00e4gger \u00e4gg<\/p>\n<\/li>\n<li data-section-id=\"qkr0eh\" data-start=\"2125\" data-end=\"2160\">\n<p data-start=\"2127\" data-end=\"2160\">Belysning: Mjukt omgivande sken<\/p>\n<\/li>\n<\/ul>\n<h2 style=\"text-align: center;\" data-section-id=\"1qc1r63\" data-start=\"2212\" data-end=\"2234\">\ud83d\udce6 Paketet inneh\u00e5ller<\/h2>\n<ul data-start=\"2236\" data-end=\"2268\">\n<li style=\"list-style-type: none;\">\n<ul data-start=\"2236\" data-end=\"2268\">\n<li data-section-id=\"j9lr6l\" data-start=\"2236\" data-end=\"2268\">\n<p data-start=\"2238\" data-end=\"2268\">1x p\u00e5skkyckling nattlampa.<\/p>\n<\/li>\n<\/ul>\n<\/li>\n<\/ul>\n","protected":false},"excerpt":{"rendered":"<p>\ud83d\udc30En charmig gl\u00f6d som f\u00e5r alla rum att k\u00e4nnas mysiga. En lekfull lampa som lyser upp ditt utrymme och ditt hum\u00f6r.<br \/>\n\ud83d\udc14Den h\u00e4r nattlampan med p\u00e5skkyckling kombinerar varm omgivande belysning med en h\u00e4rlig dekorativ design.<br \/>\n\ud83d\udc23Med en charmig h\u00f6na som l\u00e4gger ett \u00e4gg ger den h\u00e4r unika lampan personlighet till ditt rum samtidigt som den skapar en avkopplande atmosf\u00e4r.<\/p>\n","protected":false},"featured_media":26043,"comment_status":"open","ping_status":"closed","template":"","meta":{"site-sidebar-layout":"default","site-content-layout":"","ast-site-content-layout":"default","site-content-style":"default","site-sidebar-style":"default","ast-global-header-display":"","ast-banner-title-visibility":"","ast-main-header-display":"","ast-hfb-above-header-display":"","ast-hfb-below-header-display":"","ast-hfb-mobile-header-display":"","site-post-title":"","ast-breadcrumbs-content":"","ast-featured-img":"","footer-sml-layout":"","theme-transparent-header-meta":"default","adv-header-id-meta":"","stick-header-meta":"","header-above-stick-meta":"","header-main-stick-meta":"","header-below-stick-meta":"","astra-migrate-meta-layouts":"set","ast-page-background-enabled":"default","ast-page-background-meta":{"desktop":{"background-color":"var(--ast-global-color-5)","background-image":"","background-repeat":"repeat","background-position":"center center","background-size":"auto","background-attachment":"scroll","background-type":"","background-media":"","overlay-type":"","overlay-color":"","overlay-opacity":"","overlay-gradient":""},"tablet":{"background-color":"","background-image":"","background-repeat":"repeat","background-position":"center center","background-size":"auto","background-attachment":"scroll","background-type":"","background-media":"","overlay-type":"","overlay-color":"","overlay-opacity":"","overlay-gradient":""},"mobile":{"background-color":"","background-image":"","background-repeat":"repeat","background-position":"center center","background-size":"auto","background-attachment":"scroll","background-type":"","background-media":"","overlay-type":"","overlay-color":"","overlay-opacity":"","overlay-gradient":""}},"ast-content-background-meta":{"desktop":{"background-color":"var(--ast-global-color-4)","background-image":"","background-repeat":"repeat","background-position":"center center","background-size":"auto","background-attachment":"scroll","background-type":"","background-media":"","overlay-type":"","overlay-color":"","overlay-opacity":"","overlay-gradient":""},"tablet":{"background-color":"var(--ast-global-color-4)","background-image":"","background-repeat":"repeat","background-position":"center center","background-size":"auto","background-attachment":"scroll","background-type":"","background-media":"","overlay-type":"","overlay-color":"","overlay-opacity":"","overlay-gradient":""},"mobile":{"background-color":"var(--ast-global-color-4)","background-image":"","background-repeat":"repeat","background-position":"center center","background-size":"auto","background-attachment":"scroll","background-type":"","background-media":"","overlay-type":"","overlay-color":"","overlay-opacity":"","overlay-gradient":""}}},"product_brand":[],"product_cat":[15],"product_tag":[],"class_list":{"0":"post-26047","1":"product","2":"type-product","3":"status-publish","4":"has-post-thumbnail","6":"product_cat-uncategorized","7":"desktop-align-left","8":"tablet-align-left","9":"mobile-align-left","11":"first","12":"instock","13":"shipping-taxable","14":"purchasable","15":"product-type-simple"},"yoast_head":"<!-- This site is optimized with the Yoast SEO plugin v26.6 - https:\/\/yoast.com\/wordpress\/plugins\/seo\/ -->\n<title>Nattlampa med p\u00e5skkyckling - Mekulo SE<\/title>\n<meta name=\"robots\" content=\"index, follow, max-snippet:-1, max-image-preview:large, max-video-preview:-1\" \/>\n<link rel=\"canonical\" href=\"https:\/\/mekulo.com\/se\/produkt\/nattlampa-med-paskkyckling\/\" \/>\n<meta property=\"og:locale\" content=\"sv_SE\" \/>\n<meta property=\"og:type\" content=\"article\" \/>\n<meta property=\"og:title\" content=\"Nattlampa med p\u00e5skkyckling - Mekulo SE\" \/>\n<meta property=\"og:description\" content=\"\ud83d\udc30En charmig gl\u00f6d som f\u00e5r alla rum att k\u00e4nnas mysiga. En lekfull lampa som lyser upp ditt utrymme och ditt hum\u00f6r. \ud83d\udc14Den h\u00e4r nattlampan med p\u00e5skkyckling kombinerar varm omgivande belysning med en h\u00e4rlig dekorativ design. \ud83d\udc23Med en charmig h\u00f6na som l\u00e4gger ett \u00e4gg ger den h\u00e4r unika lampan personlighet till ditt rum samtidigt som den skapar en avkopplande atmosf\u00e4r.\" \/>\n<meta property=\"og:url\" content=\"https:\/\/mekulo.com\/se\/produkt\/nattlampa-med-paskkyckling\/\" \/>\n<meta property=\"og:site_name\" content=\"Mekulo SE\" \/>\n<meta property=\"article:modified_time\" content=\"2026-03-17T09:48:22+00:00\" \/>\n<meta property=\"og:image\" content=\"https:\/\/mekulo.com\/se\/wp-content\/uploads\/sites\/11\/2026\/03\/vm82zi7-1.jpg\" \/>\n\t<meta property=\"og:image:width\" content=\"960\" \/>\n\t<meta property=\"og:image:height\" content=\"960\" \/>\n\t<meta property=\"og:image:type\" content=\"image\/jpeg\" \/>\n<meta name=\"twitter:card\" content=\"summary_large_image\" \/>\n<meta name=\"twitter:label1\" content=\"Ber\u00e4knad l\u00e4stid\" \/>\n\t<meta name=\"twitter:data1\" content=\"2 minuter\" \/>\n<script type=\"application\/ld+json\" class=\"yoast-schema-graph\">{\"@context\":\"https:\/\/schema.org\",\"@graph\":[{\"@type\":\"WebPage\",\"@id\":\"https:\/\/mekulo.com\/se\/produkt\/nattlampa-med-paskkyckling\/\",\"url\":\"https:\/\/mekulo.com\/se\/produkt\/nattlampa-med-paskkyckling\/\",\"name\":\"Nattlampa med p\u00e5skkyckling - Mekulo SE\",\"isPartOf\":{\"@id\":\"https:\/\/mekulo.com\/se\/#website\"},\"primaryImageOfPage\":{\"@id\":\"https:\/\/mekulo.com\/se\/produkt\/nattlampa-med-paskkyckling\/#primaryimage\"},\"image\":{\"@id\":\"https:\/\/mekulo.com\/se\/produkt\/nattlampa-med-paskkyckling\/#primaryimage\"},\"thumbnailUrl\":\"https:\/\/mekulo.com\/se\/wp-content\/uploads\/sites\/11\/2026\/03\/vm82zi7-1.jpg\",\"datePublished\":\"2026-03-11T13:04:01+00:00\",\"dateModified\":\"2026-03-17T09:48:22+00:00\",\"breadcrumb\":{\"@id\":\"https:\/\/mekulo.com\/se\/produkt\/nattlampa-med-paskkyckling\/#breadcrumb\"},\"inLanguage\":\"sv-SE\",\"potentialAction\":[{\"@type\":\"ReadAction\",\"target\":[\"https:\/\/mekulo.com\/se\/produkt\/nattlampa-med-paskkyckling\/\"]}]},{\"@type\":\"ImageObject\",\"inLanguage\":\"sv-SE\",\"@id\":\"https:\/\/mekulo.com\/se\/produkt\/nattlampa-med-paskkyckling\/#primaryimage\",\"url\":\"https:\/\/mekulo.com\/se\/wp-content\/uploads\/sites\/11\/2026\/03\/vm82zi7-1.jpg\",\"contentUrl\":\"https:\/\/mekulo.com\/se\/wp-content\/uploads\/sites\/11\/2026\/03\/vm82zi7-1.jpg\",\"width\":960,\"height\":960},{\"@type\":\"BreadcrumbList\",\"@id\":\"https:\/\/mekulo.com\/se\/produkt\/nattlampa-med-paskkyckling\/#breadcrumb\",\"itemListElement\":[{\"@type\":\"ListItem\",\"position\":1,\"name\":\"Home\",\"item\":\"https:\/\/mekulo.com\/se\/\"},{\"@type\":\"ListItem\",\"position\":2,\"name\":\"Butik\",\"item\":\"https:\/\/mekulo.com\/se\/butik\/\"},{\"@type\":\"ListItem\",\"position\":3,\"name\":\"Nattlampa med p\u00e5skkyckling\"}]},{\"@type\":\"WebSite\",\"@id\":\"https:\/\/mekulo.com\/se\/#website\",\"url\":\"https:\/\/mekulo.com\/se\/\",\"name\":\"Mekulo SE\",\"description\":\"\",\"publisher\":{\"@id\":\"https:\/\/mekulo.com\/se\/#organization\"},\"potentialAction\":[{\"@type\":\"SearchAction\",\"target\":{\"@type\":\"EntryPoint\",\"urlTemplate\":\"https:\/\/mekulo.com\/se\/?s={search_term_string}\"},\"query-input\":{\"@type\":\"PropertyValueSpecification\",\"valueRequired\":true,\"valueName\":\"search_term_string\"}}],\"inLanguage\":\"sv-SE\"},{\"@type\":\"Organization\",\"@id\":\"https:\/\/mekulo.com\/se\/#organization\",\"name\":\"Mekulo\",\"url\":\"https:\/\/mekulo.com\/se\/\",\"logo\":{\"@type\":\"ImageObject\",\"inLanguage\":\"sv-SE\",\"@id\":\"https:\/\/mekulo.com\/se\/#\/schema\/logo\/image\/\",\"url\":\"https:\/\/mekulo.com\/se\/wp-content\/uploads\/sites\/11\/2025\/12\/favicon_mekulo.png\",\"contentUrl\":\"https:\/\/mekulo.com\/se\/wp-content\/uploads\/sites\/11\/2025\/12\/favicon_mekulo.png\",\"width\":50,\"height\":50,\"caption\":\"Mekulo\"},\"image\":{\"@id\":\"https:\/\/mekulo.com\/se\/#\/schema\/logo\/image\/\"}}]}<\/script>\n<!-- \/ Yoast SEO plugin. -->","yoast_head_json":{"title":"Nattlampa med p\u00e5skkyckling - Mekulo SE","robots":{"index":"index","follow":"follow","max-snippet":"max-snippet:-1","max-image-preview":"max-image-preview:large","max-video-preview":"max-video-preview:-1"},"canonical":"https:\/\/mekulo.com\/se\/produkt\/nattlampa-med-paskkyckling\/","og_locale":"sv_SE","og_type":"article","og_title":"Nattlampa med p\u00e5skkyckling - Mekulo SE","og_description":"\ud83d\udc30En charmig gl\u00f6d som f\u00e5r alla rum att k\u00e4nnas mysiga. En lekfull lampa som lyser upp ditt utrymme och ditt hum\u00f6r. \ud83d\udc14Den h\u00e4r nattlampan med p\u00e5skkyckling kombinerar varm omgivande belysning med en h\u00e4rlig dekorativ design. \ud83d\udc23Med en charmig h\u00f6na som l\u00e4gger ett \u00e4gg ger den h\u00e4r unika lampan personlighet till ditt rum samtidigt som den skapar en avkopplande atmosf\u00e4r.","og_url":"https:\/\/mekulo.com\/se\/produkt\/nattlampa-med-paskkyckling\/","og_site_name":"Mekulo SE","article_modified_time":"2026-03-17T09:48:22+00:00","og_image":[{"width":960,"height":960,"url":"https:\/\/mekulo.com\/se\/wp-content\/uploads\/sites\/11\/2026\/03\/vm82zi7-1.jpg","type":"image\/jpeg"}],"twitter_card":"summary_large_image","twitter_misc":{"Ber\u00e4knad l\u00e4stid":"2 minuter"},"schema":{"@context":"https:\/\/schema.org","@graph":[{"@type":"WebPage","@id":"https:\/\/mekulo.com\/se\/produkt\/nattlampa-med-paskkyckling\/","url":"https:\/\/mekulo.com\/se\/produkt\/nattlampa-med-paskkyckling\/","name":"Nattlampa med p\u00e5skkyckling - Mekulo SE","isPartOf":{"@id":"https:\/\/mekulo.com\/se\/#website"},"primaryImageOfPage":{"@id":"https:\/\/mekulo.com\/se\/produkt\/nattlampa-med-paskkyckling\/#primaryimage"},"image":{"@id":"https:\/\/mekulo.com\/se\/produkt\/nattlampa-med-paskkyckling\/#primaryimage"},"thumbnailUrl":"https:\/\/mekulo.com\/se\/wp-content\/uploads\/sites\/11\/2026\/03\/vm82zi7-1.jpg","datePublished":"2026-03-11T13:04:01+00:00","dateModified":"2026-03-17T09:48:22+00:00","breadcrumb":{"@id":"https:\/\/mekulo.com\/se\/produkt\/nattlampa-med-paskkyckling\/#breadcrumb"},"inLanguage":"sv-SE","potentialAction":[{"@type":"ReadAction","target":["https:\/\/mekulo.com\/se\/produkt\/nattlampa-med-paskkyckling\/"]}]},{"@type":"ImageObject","inLanguage":"sv-SE","@id":"https:\/\/mekulo.com\/se\/produkt\/nattlampa-med-paskkyckling\/#primaryimage","url":"https:\/\/mekulo.com\/se\/wp-content\/uploads\/sites\/11\/2026\/03\/vm82zi7-1.jpg","contentUrl":"https:\/\/mekulo.com\/se\/wp-content\/uploads\/sites\/11\/2026\/03\/vm82zi7-1.jpg","width":960,"height":960},{"@type":"BreadcrumbList","@id":"https:\/\/mekulo.com\/se\/produkt\/nattlampa-med-paskkyckling\/#breadcrumb","itemListElement":[{"@type":"ListItem","position":1,"name":"Home","item":"https:\/\/mekulo.com\/se\/"},{"@type":"ListItem","position":2,"name":"Butik","item":"https:\/\/mekulo.com\/se\/butik\/"},{"@type":"ListItem","position":3,"name":"Nattlampa med p\u00e5skkyckling"}]},{"@type":"WebSite","@id":"https:\/\/mekulo.com\/se\/#website","url":"https:\/\/mekulo.com\/se\/","name":"Mekulo SE","description":"","publisher":{"@id":"https:\/\/mekulo.com\/se\/#organization"},"potentialAction":[{"@type":"SearchAction","target":{"@type":"EntryPoint","urlTemplate":"https:\/\/mekulo.com\/se\/?s={search_term_string}"},"query-input":{"@type":"PropertyValueSpecification","valueRequired":true,"valueName":"search_term_string"}}],"inLanguage":"sv-SE"},{"@type":"Organization","@id":"https:\/\/mekulo.com\/se\/#organization","name":"Mekulo","url":"https:\/\/mekulo.com\/se\/","logo":{"@type":"ImageObject","inLanguage":"sv-SE","@id":"https:\/\/mekulo.com\/se\/#\/schema\/logo\/image\/","url":"https:\/\/mekulo.com\/se\/wp-content\/uploads\/sites\/11\/2025\/12\/favicon_mekulo.png","contentUrl":"https:\/\/mekulo.com\/se\/wp-content\/uploads\/sites\/11\/2025\/12\/favicon_mekulo.png","width":50,"height":50,"caption":"Mekulo"},"image":{"@id":"https:\/\/mekulo.com\/se\/#\/schema\/logo\/image\/"}}]}},"_links":{"self":[{"href":"https:\/\/mekulo.com\/se\/wp-json\/wp\/v2\/product\/26047","targetHints":{"allow":["GET"]}}],"collection":[{"href":"https:\/\/mekulo.com\/se\/wp-json\/wp\/v2\/product"}],"about":[{"href":"https:\/\/mekulo.com\/se\/wp-json\/wp\/v2\/types\/product"}],"replies":[{"embeddable":true,"href":"https:\/\/mekulo.com\/se\/wp-json\/wp\/v2\/comments?post=26047"}],"wp:featuredmedia":[{"embeddable":true,"href":"https:\/\/mekulo.com\/se\/wp-json\/wp\/v2\/media\/26043"}],"wp:attachment":[{"href":"https:\/\/mekulo.com\/se\/wp-json\/wp\/v2\/media?parent=26047"}],"wp:term":[{"taxonomy":"product_brand","embeddable":true,"href":"https:\/\/mekulo.com\/se\/wp-json\/wp\/v2\/product_brand?post=26047"},{"taxonomy":"product_cat","embeddable":true,"href":"https:\/\/mekulo.com\/se\/wp-json\/wp\/v2\/product_cat?post=26047"},{"taxonomy":"product_tag","embeddable":true,"href":"https:\/\/mekulo.com\/se\/wp-json\/wp\/v2\/product_tag?post=26047"}],"curies":[{"name":"wp","href":"https:\/\/api.w.org\/{rel}","templated":true}]}}