{"id":26010,"date":"2026-03-11T12:55:52","date_gmt":"2026-03-11T10:55:52","guid":{"rendered":"https:\/\/mekulo.com\/se\/produkt\/paskpussel-i-tra-for-barn-4-st\/"},"modified":"2026-03-11T15:01:07","modified_gmt":"2026-03-11T13:01:07","slug":"paskpussel-i-tra-for-barn-4-st","status":"publish","type":"product","link":"https:\/\/mekulo.com\/se\/produkt\/paskpussel-i-tra-for-barn-4-st\/","title":{"rendered":"P\u00e5skpussel i tr\u00e4 f\u00f6r barn (4 st)"},"content":{"rendered":"<h2 style=\"text-align: center;\" data-section-id=\"wtab3f\" data-start=\"431\" data-end=\"447\">\u2728 L\u00f6ftet<\/h2>\n<p style=\"text-align: center;\" data-start=\"449\" data-end=\"509\">Lekfullt l\u00e4rande. S\u00e4kra material. Gl\u00e4djande p\u00e5skstunder.<\/p>\n<p data-start=\"449\" data-end=\"509\"><img fetchpriority=\"high\" decoding=\"async\" class=\"size-full wp-image-27497 aligncenter\" src=\"https:\/\/mekulo.com\/template\/wp-content\/uploads\/sites\/6\/2026\/03\/71iwDtkEdYL._AC_SX679_.jpg\" alt=\"\" width=\"679\" height=\"679\" \/><\/p>\n<h2 style=\"text-align: center;\" data-section-id=\"mifn5g\" data-start=\"516\" data-end=\"535\">\ud83d\udc23 Huvudf\u00f6rdelar<\/h2>\n<p data-start=\"539\" data-end=\"657\">\ud83e\udde9 Enkel och engagerande pussell\u00e4ggning &#8211; Varje pussel inneh\u00e5ller 4-6 bitar, perfekt f\u00f6r sm\u00e5barn och yngre barn.<\/p>\n<p data-start=\"661\" data-end=\"762\">\ud83c\udfa8 F\u00e4rgglada p\u00e5skmotiv &#8211; Inneh\u00e5ller roliga former som p\u00e5skhare, kyckling, morot och \u00e4gg.<\/p>\n<p data-start=\"766\" data-end=\"867\">\ud83e\udde0 St\u00f6djer tidig inl\u00e4rning &#8211; Uppmuntrar kreativitet, probleml\u00f6sning och koordination mellan hand och \u00f6ga.<\/p>\n<p data-start=\"871\" data-end=\"956\">\ud83d\udc76 S\u00e4kert f\u00f6r barn &#8211; Tillverkat av sl\u00e4tt, milj\u00f6v\u00e4nligt tr\u00e4 utan vassa kanter.<\/p>\n<p data-start=\"960\" data-end=\"1052\">\ud83c\udf81 Perfekt p\u00e5skpresent &#8211; Perfekt f\u00f6r p\u00e5skkorgen, festprylar eller \u00f6verraskningar.<\/p>\n<p data-start=\"1056\" data-end=\"1151\">\ud83d\udc68\u200d\ud83d\udc69\u200d\ud83d\udc67 Uppmuntrar till lek i familjen &#8211; En rolig aktivitet som f\u00f6r\u00e4ldrar och barn kan \u00e4gna sig \u00e5t tillsammans.<\/p>\n<h2 style=\"text-align: center;\" data-section-id=\"d0iej6\" data-start=\"1158\" data-end=\"1181\">\u2757 Problem \u2192 L\u00f6sning<\/h2>\n<p data-start=\"1183\" data-end=\"1276\"><strong data-start=\"1183\" data-end=\"1195\">Problem:<\/strong><br data-start=\"1195\" data-end=\"1198\" \/>M\u00e5nga leksaker underh\u00e5ller barn en kort stund men fr\u00e4mjar inte inl\u00e4rning eller kreativitet.<\/p>\n<p data-start=\"1278\" data-end=\"1462\"><strong data-start=\"1278\" data-end=\"1291\">L\u00f6sning:<\/strong><br data-start=\"1291\" data-end=\"1294\" \/>Detta p\u00e5skpussel i tr\u00e4 f\u00f6r barn kombinerar lek med inl\u00e4rning och hj\u00e4lper barn att f\u00f6rb\u00e4ttra fokus, koordination och kreativitet samtidigt som de f\u00e5r njuta av festliga p\u00e5skfigurer. Inl\u00e4rning genom lek.<\/p>\n<p data-start=\"1278\" data-end=\"1462\"><img decoding=\"async\" class=\"size-full wp-image-27496 aligncenter\" src=\"https:\/\/mekulo.com\/template\/wp-content\/uploads\/sites\/6\/2026\/03\/71BqeZ2WUPL._AC_SX679_.jpg\" alt=\"\" width=\"679\" height=\"679\" \/><\/p>\n<h2 style=\"text-align: center;\" data-section-id=\"1xvz424\" data-start=\"1493\" data-end=\"1519\">\ud83d\udc30 Perfekt f\u00f6r<\/h2>\n<ul data-start=\"1535\" data-end=\"1707\">\n<li data-section-id=\"yti7qx\" data-start=\"1535\" data-end=\"1558\">\n<p data-start=\"1537\" data-end=\"1558\">P\u00e5skkorgspresenter<\/p>\n<\/li>\n<li data-section-id=\"1d1ufem\" data-start=\"1559\" data-end=\"1587\">\n<p data-start=\"1561\" data-end=\"1587\">Pedagogiska leksaker f\u00f6r sm\u00e5barn<\/p>\n<\/li>\n<li data-section-id=\"lz6ttw\" data-start=\"1588\" data-end=\"1621\">\n<p data-start=\"1590\" data-end=\"1621\">Inl\u00e4rningsaktiviteter i f\u00f6rskolan<\/p>\n<\/li>\n<li data-section-id=\"y0hj4f\" data-start=\"1622\" data-end=\"1641\">\n<p data-start=\"1624\" data-end=\"1641\">Familjestunder<\/p>\n<\/li>\n<li data-section-id=\"1nchcil\" data-start=\"1642\" data-end=\"1671\">\n<p data-start=\"1644\" data-end=\"1671\">F\u00f6delsedagspresenter eller julklappar<\/p>\n<\/li>\n<li data-section-id=\"a2t9fq\" data-start=\"1672\" data-end=\"1707\">\n<p data-start=\"1674\" data-end=\"1707\">Klassrums- eller dagisaktiviteter<\/p>\n<\/li>\n<\/ul>\n<p data-start=\"1709\" data-end=\"1763\">En enkel leksak som skapar meningsfulla inl\u00e4rningsstunder.<\/p>\n<h2 style=\"text-align: center;\" data-section-id=\"1k514u3\" data-start=\"1770\" data-end=\"1786\">\u2699\ufe0f Hur man anv\u00e4nder<\/h2>\n<ol data-start=\"1788\" data-end=\"2010\">\n<li data-section-id=\"19q7aec\" data-start=\"1788\" data-end=\"1833\">\n<p data-start=\"1791\" data-end=\"1833\">Placera pusselbr\u00e4det p\u00e5 en plan yta.<\/p>\n<\/li>\n<li data-section-id=\"1389jed\" data-start=\"1834\" data-end=\"1888\">\n<p data-start=\"1837\" data-end=\"1888\">L\u00e5t barnen matcha varje bit till r\u00e4tt plats.<\/p>\n<\/li>\n<li data-section-id=\"r51d17\" data-start=\"1889\" data-end=\"1945\">\n<p data-start=\"1892\" data-end=\"1945\">Uppmuntra dem att slutf\u00f6ra pusslet sj\u00e4lvst\u00e4ndigt.<\/p>\n<\/li>\n<li data-section-id=\"1h4adfs\" data-start=\"1946\" data-end=\"2010\">\n<p data-start=\"1949\" data-end=\"2010\">Upprepa aktiviteten f\u00f6r att bygga upp sj\u00e4lvf\u00f6rtroende och inl\u00e4rningsf\u00f6rm\u00e5ga.<\/p>\n<\/li>\n<\/ol>\n<h2 style=\"text-align: center;\" data-section-id=\"6cujb5\" data-start=\"2065\" data-end=\"2086\">\ud83d\udcd0 Produktdetaljer<\/h2>\n<ul data-start=\"2088\" data-end=\"2353\">\n<li data-section-id=\"1em42o7\" data-start=\"2088\" data-end=\"2136\">\n<p data-start=\"2090\" data-end=\"2136\">Material: Milj\u00f6v\u00e4nligt tr\u00e4 av h\u00f6g kvalitet<\/p>\n<\/li>\n<li data-section-id=\"5vyyoq\" data-start=\"2137\" data-end=\"2192\">\n<p data-start=\"2139\" data-end=\"2192\">Pusselstilar: P\u00e5sk\u00e4gg, kanin, kyckling, morot<\/p>\n<\/li>\n<li data-section-id=\"10lvehw\" data-start=\"2193\" data-end=\"2237\">\n<p data-start=\"2195\" data-end=\"2237\">Pusselbitar: 4-6 bitar per pussel<\/p>\n<\/li>\n<li data-section-id=\"odi554\" data-start=\"2238\" data-end=\"2270\">\n<p data-start=\"2240\" data-end=\"2270\">Storlek: 14,7 x 14,7 x 1 cm<\/p>\n<\/li>\n<li data-section-id=\"1hy2fc\" data-start=\"2271\" data-end=\"2300\">\n<p data-start=\"2273\" data-end=\"2300\">Vikt: Cirka 160 g<\/p>\n<\/li>\n<li data-section-id=\"p3cjt\" data-start=\"2301\" data-end=\"2353\">\n<p data-start=\"2303\" data-end=\"2353\">Design: F\u00e4rgglada illustrationer med p\u00e5sktema<\/p>\n<\/li>\n<\/ul>\n<h2 style=\"text-align: center;\" data-section-id=\"1qc1r63\" data-start=\"2396\" data-end=\"2418\">\ud83d\udce6 F\u00f6rpackningen inneh\u00e5ller<\/h2>\n<ul data-start=\"2420\" data-end=\"2502\">\n<li style=\"list-style-type: none;\">\n<ul data-start=\"2420\" data-end=\"2502\">\n<li data-section-id=\"108ei34\" data-start=\"2420\" data-end=\"2463\">\n<p data-start=\"2422\" data-end=\"2463\">4x p\u00e5skpussel i tr\u00e4 f\u00f6r barn.<\/p>\n<\/li>\n<\/ul>\n<\/li>\n<\/ul>\n","protected":false},"excerpt":{"rendered":"<p>\ud83d\udc30Ett roligt s\u00e4tt f\u00f6r barn att l\u00e4ra sig, leka och fira p\u00e5sk. Ljusa pussel som v\u00e4cker kreativitet och l\u00e4rande.<br \/>\n\ud83d\udc23Det h\u00e4r p\u00e5skpusslet i tr\u00e4 f\u00f6r barn kombinerar f\u00e4rgglada p\u00e5skfigurer med enkel pussellek.<br \/>\n\ud83e\udde0Det \u00e4r utformat f\u00f6r sm\u00e5 barn och hj\u00e4lper till att utveckla probleml\u00f6sningsf\u00f6rm\u00e5ga, koordination och kreativitet samtidigt som det g\u00f6r p\u00e5sken \u00e4nnu roligare.<\/p>\n","protected":false},"featured_media":26006,"comment_status":"open","ping_status":"closed","template":"","meta":{"site-sidebar-layout":"default","site-content-layout":"","ast-site-content-layout":"default","site-content-style":"default","site-sidebar-style":"default","ast-global-header-display":"","ast-banner-title-visibility":"","ast-main-header-display":"","ast-hfb-above-header-display":"","ast-hfb-below-header-display":"","ast-hfb-mobile-header-display":"","site-post-title":"","ast-breadcrumbs-content":"","ast-featured-img":"","footer-sml-layout":"","theme-transparent-header-meta":"default","adv-header-id-meta":"","stick-header-meta":"","header-above-stick-meta":"","header-main-stick-meta":"","header-below-stick-meta":"","astra-migrate-meta-layouts":"set","ast-page-background-enabled":"default","ast-page-background-meta":{"desktop":{"background-color":"var(--ast-global-color-5)","background-image":"","background-repeat":"repeat","background-position":"center center","background-size":"auto","background-attachment":"scroll","background-type":"","background-media":"","overlay-type":"","overlay-color":"","overlay-opacity":"","overlay-gradient":""},"tablet":{"background-color":"","background-image":"","background-repeat":"repeat","background-position":"center center","background-size":"auto","background-attachment":"scroll","background-type":"","background-media":"","overlay-type":"","overlay-color":"","overlay-opacity":"","overlay-gradient":""},"mobile":{"background-color":"","background-image":"","background-repeat":"repeat","background-position":"center center","background-size":"auto","background-attachment":"scroll","background-type":"","background-media":"","overlay-type":"","overlay-color":"","overlay-opacity":"","overlay-gradient":""}},"ast-content-background-meta":{"desktop":{"background-color":"var(--ast-global-color-4)","background-image":"","background-repeat":"repeat","background-position":"center center","background-size":"auto","background-attachment":"scroll","background-type":"","background-media":"","overlay-type":"","overlay-color":"","overlay-opacity":"","overlay-gradient":""},"tablet":{"background-color":"var(--ast-global-color-4)","background-image":"","background-repeat":"repeat","background-position":"center center","background-size":"auto","background-attachment":"scroll","background-type":"","background-media":"","overlay-type":"","overlay-color":"","overlay-opacity":"","overlay-gradient":""},"mobile":{"background-color":"var(--ast-global-color-4)","background-image":"","background-repeat":"repeat","background-position":"center center","background-size":"auto","background-attachment":"scroll","background-type":"","background-media":"","overlay-type":"","overlay-color":"","overlay-opacity":"","overlay-gradient":""}}},"product_brand":[],"product_cat":[15],"product_tag":[],"class_list":{"0":"post-26010","1":"product","2":"type-product","3":"status-publish","4":"has-post-thumbnail","6":"product_cat-uncategorized","7":"desktop-align-left","8":"tablet-align-left","9":"mobile-align-left","11":"first","12":"instock","13":"shipping-taxable","14":"purchasable","15":"product-type-simple"},"yoast_head":"<!-- This site is optimized with the Yoast SEO plugin v26.6 - https:\/\/yoast.com\/wordpress\/plugins\/seo\/ -->\n<title>P\u00e5skpussel i tr\u00e4 f\u00f6r barn (4 st) - Mekulo SE<\/title>\n<meta name=\"robots\" content=\"index, follow, max-snippet:-1, max-image-preview:large, max-video-preview:-1\" \/>\n<link rel=\"canonical\" href=\"https:\/\/mekulo.com\/se\/produkt\/paskpussel-i-tra-for-barn-4-st\/\" \/>\n<meta property=\"og:locale\" content=\"sv_SE\" \/>\n<meta property=\"og:type\" content=\"article\" \/>\n<meta property=\"og:title\" content=\"P\u00e5skpussel i tr\u00e4 f\u00f6r barn (4 st) - Mekulo SE\" \/>\n<meta property=\"og:description\" content=\"\ud83d\udc30Ett roligt s\u00e4tt f\u00f6r barn att l\u00e4ra sig, leka och fira p\u00e5sk. Ljusa pussel som v\u00e4cker kreativitet och l\u00e4rande. \ud83d\udc23Det h\u00e4r p\u00e5skpusslet i tr\u00e4 f\u00f6r barn kombinerar f\u00e4rgglada p\u00e5skfigurer med enkel pussellek. \ud83e\udde0Det \u00e4r utformat f\u00f6r sm\u00e5 barn och hj\u00e4lper till att utveckla probleml\u00f6sningsf\u00f6rm\u00e5ga, koordination och kreativitet samtidigt som det g\u00f6r p\u00e5sken \u00e4nnu roligare.\" \/>\n<meta property=\"og:url\" content=\"https:\/\/mekulo.com\/se\/produkt\/paskpussel-i-tra-for-barn-4-st\/\" \/>\n<meta property=\"og:site_name\" content=\"Mekulo SE\" \/>\n<meta property=\"article:modified_time\" content=\"2026-03-11T13:01:07+00:00\" \/>\n<meta property=\"og:image\" content=\"https:\/\/mekulo.com\/se\/wp-content\/uploads\/sites\/11\/2026\/03\/mbagzws-1.jpg\" \/>\n\t<meta property=\"og:image:width\" content=\"679\" \/>\n\t<meta property=\"og:image:height\" content=\"674\" \/>\n\t<meta property=\"og:image:type\" content=\"image\/jpeg\" \/>\n<meta name=\"twitter:card\" content=\"summary_large_image\" \/>\n<meta name=\"twitter:label1\" content=\"Ber\u00e4knad l\u00e4stid\" \/>\n\t<meta name=\"twitter:data1\" content=\"2 minuter\" \/>\n<script type=\"application\/ld+json\" class=\"yoast-schema-graph\">{\"@context\":\"https:\/\/schema.org\",\"@graph\":[{\"@type\":\"WebPage\",\"@id\":\"https:\/\/mekulo.com\/se\/produkt\/paskpussel-i-tra-for-barn-4-st\/\",\"url\":\"https:\/\/mekulo.com\/se\/produkt\/paskpussel-i-tra-for-barn-4-st\/\",\"name\":\"P\u00e5skpussel i tr\u00e4 f\u00f6r barn (4 st) - Mekulo SE\",\"isPartOf\":{\"@id\":\"https:\/\/mekulo.com\/se\/#website\"},\"primaryImageOfPage\":{\"@id\":\"https:\/\/mekulo.com\/se\/produkt\/paskpussel-i-tra-for-barn-4-st\/#primaryimage\"},\"image\":{\"@id\":\"https:\/\/mekulo.com\/se\/produkt\/paskpussel-i-tra-for-barn-4-st\/#primaryimage\"},\"thumbnailUrl\":\"https:\/\/mekulo.com\/se\/wp-content\/uploads\/sites\/11\/2026\/03\/mbagzws-1.jpg\",\"datePublished\":\"2026-03-11T10:55:52+00:00\",\"dateModified\":\"2026-03-11T13:01:07+00:00\",\"breadcrumb\":{\"@id\":\"https:\/\/mekulo.com\/se\/produkt\/paskpussel-i-tra-for-barn-4-st\/#breadcrumb\"},\"inLanguage\":\"sv-SE\",\"potentialAction\":[{\"@type\":\"ReadAction\",\"target\":[\"https:\/\/mekulo.com\/se\/produkt\/paskpussel-i-tra-for-barn-4-st\/\"]}]},{\"@type\":\"ImageObject\",\"inLanguage\":\"sv-SE\",\"@id\":\"https:\/\/mekulo.com\/se\/produkt\/paskpussel-i-tra-for-barn-4-st\/#primaryimage\",\"url\":\"https:\/\/mekulo.com\/se\/wp-content\/uploads\/sites\/11\/2026\/03\/mbagzws-1.jpg\",\"contentUrl\":\"https:\/\/mekulo.com\/se\/wp-content\/uploads\/sites\/11\/2026\/03\/mbagzws-1.jpg\",\"width\":679,\"height\":674},{\"@type\":\"BreadcrumbList\",\"@id\":\"https:\/\/mekulo.com\/se\/produkt\/paskpussel-i-tra-for-barn-4-st\/#breadcrumb\",\"itemListElement\":[{\"@type\":\"ListItem\",\"position\":1,\"name\":\"Home\",\"item\":\"https:\/\/mekulo.com\/se\/\"},{\"@type\":\"ListItem\",\"position\":2,\"name\":\"Butik\",\"item\":\"https:\/\/mekulo.com\/se\/butik\/\"},{\"@type\":\"ListItem\",\"position\":3,\"name\":\"P\u00e5skpussel i tr\u00e4 f\u00f6r barn (4 st)\"}]},{\"@type\":\"WebSite\",\"@id\":\"https:\/\/mekulo.com\/se\/#website\",\"url\":\"https:\/\/mekulo.com\/se\/\",\"name\":\"Mekulo SE\",\"description\":\"\",\"publisher\":{\"@id\":\"https:\/\/mekulo.com\/se\/#organization\"},\"potentialAction\":[{\"@type\":\"SearchAction\",\"target\":{\"@type\":\"EntryPoint\",\"urlTemplate\":\"https:\/\/mekulo.com\/se\/?s={search_term_string}\"},\"query-input\":{\"@type\":\"PropertyValueSpecification\",\"valueRequired\":true,\"valueName\":\"search_term_string\"}}],\"inLanguage\":\"sv-SE\"},{\"@type\":\"Organization\",\"@id\":\"https:\/\/mekulo.com\/se\/#organization\",\"name\":\"Mekulo\",\"url\":\"https:\/\/mekulo.com\/se\/\",\"logo\":{\"@type\":\"ImageObject\",\"inLanguage\":\"sv-SE\",\"@id\":\"https:\/\/mekulo.com\/se\/#\/schema\/logo\/image\/\",\"url\":\"https:\/\/mekulo.com\/se\/wp-content\/uploads\/sites\/11\/2025\/12\/favicon_mekulo.png\",\"contentUrl\":\"https:\/\/mekulo.com\/se\/wp-content\/uploads\/sites\/11\/2025\/12\/favicon_mekulo.png\",\"width\":50,\"height\":50,\"caption\":\"Mekulo\"},\"image\":{\"@id\":\"https:\/\/mekulo.com\/se\/#\/schema\/logo\/image\/\"}}]}<\/script>\n<!-- \/ Yoast SEO plugin. -->","yoast_head_json":{"title":"P\u00e5skpussel i tr\u00e4 f\u00f6r barn (4 st) - Mekulo SE","robots":{"index":"index","follow":"follow","max-snippet":"max-snippet:-1","max-image-preview":"max-image-preview:large","max-video-preview":"max-video-preview:-1"},"canonical":"https:\/\/mekulo.com\/se\/produkt\/paskpussel-i-tra-for-barn-4-st\/","og_locale":"sv_SE","og_type":"article","og_title":"P\u00e5skpussel i tr\u00e4 f\u00f6r barn (4 st) - Mekulo SE","og_description":"\ud83d\udc30Ett roligt s\u00e4tt f\u00f6r barn att l\u00e4ra sig, leka och fira p\u00e5sk. Ljusa pussel som v\u00e4cker kreativitet och l\u00e4rande. \ud83d\udc23Det h\u00e4r p\u00e5skpusslet i tr\u00e4 f\u00f6r barn kombinerar f\u00e4rgglada p\u00e5skfigurer med enkel pussellek. \ud83e\udde0Det \u00e4r utformat f\u00f6r sm\u00e5 barn och hj\u00e4lper till att utveckla probleml\u00f6sningsf\u00f6rm\u00e5ga, koordination och kreativitet samtidigt som det g\u00f6r p\u00e5sken \u00e4nnu roligare.","og_url":"https:\/\/mekulo.com\/se\/produkt\/paskpussel-i-tra-for-barn-4-st\/","og_site_name":"Mekulo SE","article_modified_time":"2026-03-11T13:01:07+00:00","og_image":[{"width":679,"height":674,"url":"https:\/\/mekulo.com\/se\/wp-content\/uploads\/sites\/11\/2026\/03\/mbagzws-1.jpg","type":"image\/jpeg"}],"twitter_card":"summary_large_image","twitter_misc":{"Ber\u00e4knad l\u00e4stid":"2 minuter"},"schema":{"@context":"https:\/\/schema.org","@graph":[{"@type":"WebPage","@id":"https:\/\/mekulo.com\/se\/produkt\/paskpussel-i-tra-for-barn-4-st\/","url":"https:\/\/mekulo.com\/se\/produkt\/paskpussel-i-tra-for-barn-4-st\/","name":"P\u00e5skpussel i tr\u00e4 f\u00f6r barn (4 st) - Mekulo SE","isPartOf":{"@id":"https:\/\/mekulo.com\/se\/#website"},"primaryImageOfPage":{"@id":"https:\/\/mekulo.com\/se\/produkt\/paskpussel-i-tra-for-barn-4-st\/#primaryimage"},"image":{"@id":"https:\/\/mekulo.com\/se\/produkt\/paskpussel-i-tra-for-barn-4-st\/#primaryimage"},"thumbnailUrl":"https:\/\/mekulo.com\/se\/wp-content\/uploads\/sites\/11\/2026\/03\/mbagzws-1.jpg","datePublished":"2026-03-11T10:55:52+00:00","dateModified":"2026-03-11T13:01:07+00:00","breadcrumb":{"@id":"https:\/\/mekulo.com\/se\/produkt\/paskpussel-i-tra-for-barn-4-st\/#breadcrumb"},"inLanguage":"sv-SE","potentialAction":[{"@type":"ReadAction","target":["https:\/\/mekulo.com\/se\/produkt\/paskpussel-i-tra-for-barn-4-st\/"]}]},{"@type":"ImageObject","inLanguage":"sv-SE","@id":"https:\/\/mekulo.com\/se\/produkt\/paskpussel-i-tra-for-barn-4-st\/#primaryimage","url":"https:\/\/mekulo.com\/se\/wp-content\/uploads\/sites\/11\/2026\/03\/mbagzws-1.jpg","contentUrl":"https:\/\/mekulo.com\/se\/wp-content\/uploads\/sites\/11\/2026\/03\/mbagzws-1.jpg","width":679,"height":674},{"@type":"BreadcrumbList","@id":"https:\/\/mekulo.com\/se\/produkt\/paskpussel-i-tra-for-barn-4-st\/#breadcrumb","itemListElement":[{"@type":"ListItem","position":1,"name":"Home","item":"https:\/\/mekulo.com\/se\/"},{"@type":"ListItem","position":2,"name":"Butik","item":"https:\/\/mekulo.com\/se\/butik\/"},{"@type":"ListItem","position":3,"name":"P\u00e5skpussel i tr\u00e4 f\u00f6r barn (4 st)"}]},{"@type":"WebSite","@id":"https:\/\/mekulo.com\/se\/#website","url":"https:\/\/mekulo.com\/se\/","name":"Mekulo SE","description":"","publisher":{"@id":"https:\/\/mekulo.com\/se\/#organization"},"potentialAction":[{"@type":"SearchAction","target":{"@type":"EntryPoint","urlTemplate":"https:\/\/mekulo.com\/se\/?s={search_term_string}"},"query-input":{"@type":"PropertyValueSpecification","valueRequired":true,"valueName":"search_term_string"}}],"inLanguage":"sv-SE"},{"@type":"Organization","@id":"https:\/\/mekulo.com\/se\/#organization","name":"Mekulo","url":"https:\/\/mekulo.com\/se\/","logo":{"@type":"ImageObject","inLanguage":"sv-SE","@id":"https:\/\/mekulo.com\/se\/#\/schema\/logo\/image\/","url":"https:\/\/mekulo.com\/se\/wp-content\/uploads\/sites\/11\/2025\/12\/favicon_mekulo.png","contentUrl":"https:\/\/mekulo.com\/se\/wp-content\/uploads\/sites\/11\/2025\/12\/favicon_mekulo.png","width":50,"height":50,"caption":"Mekulo"},"image":{"@id":"https:\/\/mekulo.com\/se\/#\/schema\/logo\/image\/"}}]}},"_links":{"self":[{"href":"https:\/\/mekulo.com\/se\/wp-json\/wp\/v2\/product\/26010","targetHints":{"allow":["GET"]}}],"collection":[{"href":"https:\/\/mekulo.com\/se\/wp-json\/wp\/v2\/product"}],"about":[{"href":"https:\/\/mekulo.com\/se\/wp-json\/wp\/v2\/types\/product"}],"replies":[{"embeddable":true,"href":"https:\/\/mekulo.com\/se\/wp-json\/wp\/v2\/comments?post=26010"}],"wp:featuredmedia":[{"embeddable":true,"href":"https:\/\/mekulo.com\/se\/wp-json\/wp\/v2\/media\/26006"}],"wp:attachment":[{"href":"https:\/\/mekulo.com\/se\/wp-json\/wp\/v2\/media?parent=26010"}],"wp:term":[{"taxonomy":"product_brand","embeddable":true,"href":"https:\/\/mekulo.com\/se\/wp-json\/wp\/v2\/product_brand?post=26010"},{"taxonomy":"product_cat","embeddable":true,"href":"https:\/\/mekulo.com\/se\/wp-json\/wp\/v2\/product_cat?post=26010"},{"taxonomy":"product_tag","embeddable":true,"href":"https:\/\/mekulo.com\/se\/wp-json\/wp\/v2\/product_tag?post=26010"}],"curies":[{"name":"wp","href":"https:\/\/api.w.org\/{rel}","templated":true}]}}