{"id":25796,"date":"2026-03-11T12:41:18","date_gmt":"2026-03-11T10:41:18","guid":{"rendered":"https:\/\/mekulo.com\/se\/produkt\/saker-musfalla\/"},"modified":"2026-03-11T12:41:32","modified_gmt":"2026-03-11T10:41:32","slug":"saker-musfalla","status":"publish","type":"product","link":"https:\/\/mekulo.com\/se\/produkt\/saker-musfalla\/","title":{"rendered":"S\u00e4ker musf\u00e4lla"},"content":{"rendered":"<p style=\"text-align: center\" data-start=\"41\" data-end=\"98\"><strong data-start=\"41\" data-end=\"98\">F\u00e5ngar M\u00f6ss Snabbt Med En S\u00e4ker Och L\u00e4ttanv\u00e4nd Design. \ud83d\udc01<\/strong><\/p>\n<p data-start=\"41\" data-end=\"98\"><img fetchpriority=\"high\" decoding=\"async\" class=\"size-full wp-image-25348 aligncenter\" src=\"https:\/\/mekulo.com\/template\/wp-content\/uploads\/sites\/6\/2026\/02\/5-9.jpeg\" alt=\"\" width=\"800\" height=\"800\" \/><\/p>\n<h2 style=\"text-align: center\" data-start=\"305\" data-end=\"326\">Huvudf\u00f6rdelar \ud83e\udea4<\/h2>\n<p data-start=\"330\" data-end=\"386\">\ud83d\udc2d Pedal med h\u00f6g k\u00e4nslighet &#8211; snabb respons.<\/p>\n<p data-start=\"389\" data-end=\"448\">\ud83d\udee1\ufe0f S\u00e4ker sluten design &#8211; minskad oavsiktlig kontakt.<\/p>\n<p data-start=\"451\" data-end=\"503\">\ud83d\udd27 L\u00e4tthanterligt handtag &#8211; enkelt att st\u00e4lla in och kontrollera.<\/p>\n<p data-start=\"506\" data-end=\"555\">\u2728 Transparent material &#8211; mindre r\u00e4dsla f\u00f6r m\u00f6ss.<\/p>\n<p data-start=\"558\" data-end=\"601\">\ud83d\udd29 H\u00e5llbar plast &#8211; l\u00e5ngvarig anv\u00e4ndning.<\/p>\n<p data-start=\"604\" data-end=\"662\">\ud83c\udfe0 M\u00e5ngsidig placering &#8211; sovrum, k\u00f6k, lager.<\/p>\n<p data-start=\"604\" data-end=\"662\"><img decoding=\"async\" class=\"size-full wp-image-25350 aligncenter\" src=\"https:\/\/mekulo.com\/template\/wp-content\/uploads\/sites\/6\/2026\/02\/1-4.jpg\" alt=\"\" width=\"800\" height=\"800\" \/><\/p>\n<h2 style=\"text-align: center\" data-start=\"710\" data-end=\"728\">Hur Man Anv\u00e4nder \ud83d\udccc<\/h2>\n<ol data-start=\"730\" data-end=\"898\">\n<li data-start=\"730\" data-end=\"754\">\n<p data-start=\"733\" data-end=\"754\">\u00d6ppna f\u00e4llan.<\/p>\n<\/li>\n<li data-start=\"755\" data-end=\"791\">\n<p data-start=\"758\" data-end=\"791\">Placera betet i matl\u00e5dan.<\/p>\n<\/li>\n<li data-start=\"792\" data-end=\"826\">\n<p data-start=\"795\" data-end=\"826\">Aktivera pedalmekanismen.<\/p>\n<\/li>\n<li data-start=\"827\" data-end=\"863\">\n<p data-start=\"830\" data-end=\"863\">Placera f\u00e4llan d\u00e4r den beh\u00f6vs.<\/p>\n<\/li>\n<li data-start=\"864\" data-end=\"898\">\n<p data-start=\"867\" data-end=\"898\">Kontrollera och t\u00f6m n\u00e4r den utl\u00f6ses.<\/p>\n<\/li>\n<\/ol>\n<h2 style=\"text-align: center\" data-start=\"905\" data-end=\"928\">Produktdetaljer \ud83d\udccf<\/h2>\n<ul data-start=\"930\" data-end=\"1189\">\n<li data-start=\"967\" data-end=\"1000\">\n<p data-start=\"969\" data-end=\"1000\">Material: Slitstark plast<\/p>\n<\/li>\n<li data-start=\"1001\" data-end=\"1034\">\n<p data-start=\"1003\" data-end=\"1034\">Storlek: 18 x 8 cm<\/p>\n<\/li>\n<li data-start=\"1035\" data-end=\"1076\">\n<p data-start=\"1037\" data-end=\"1076\">Design: Sluten f\u00e4lla med handtag<\/p>\n<\/li>\n<li data-start=\"1077\" data-end=\"1125\">\n<p data-start=\"1079\" data-end=\"1125\">Mekanism: Ventilationsbrytare + k\u00e4nslig pedal<\/p>\n<\/li>\n<li data-start=\"1153\" data-end=\"1189\">\n<p data-start=\"1155\" data-end=\"1189\">Anv\u00e4ndning f\u00f6r: Bek\u00e4mpning av skadedjur inomhus<\/p>\n<\/li>\n<\/ul>\n<h2 style=\"text-align: center\" data-start=\"1196\" data-end=\"1220\">Paketet Inneh\u00e5ller \ud83d\udce6<\/h2>\n<ul data-start=\"1222\" data-end=\"1244\">\n<li data-start=\"1222\" data-end=\"1244\">\n<p data-start=\"1224\" data-end=\"1244\">2, 4, 6x s\u00e4kra musf\u00e4llor.<\/p>\n<\/li>\n<\/ul>\n","protected":false},"excerpt":{"rendered":"<p><span style=\"font-size: 16px;font-style: normal;font-weight: 400\">\ud83e\udea4<\/span>Den h\u00e4r s\u00e4kra musf\u00e4llan anv\u00e4nder en h\u00f6gk\u00e4nslig pedal f\u00f6r att utl\u00f6sa snabb och effektiv f\u00e5ngst.<br \/>\n\ud83c\udfe0Den slutna l\u00e5ddesignen hj\u00e4lper till att f\u00f6rhindra oavsiktlig kontakt. Perfekt f\u00f6r hem, k\u00f6k, sovrum eller f\u00f6rvaringsutrymmen.<br \/>\n<span style=\"font-size: 16px;font-style: normal;font-weight: 400\">\ud83d\udc2d<\/span>En enkel, s\u00e4krare l\u00f6sning f\u00f6r effektiv gnagarbek\u00e4mpning.<\/p>\n","protected":false},"featured_media":25792,"comment_status":"open","ping_status":"closed","template":"","meta":{"site-sidebar-layout":"default","site-content-layout":"","ast-site-content-layout":"default","site-content-style":"default","site-sidebar-style":"default","ast-global-header-display":"","ast-banner-title-visibility":"","ast-main-header-display":"","ast-hfb-above-header-display":"","ast-hfb-below-header-display":"","ast-hfb-mobile-header-display":"","site-post-title":"","ast-breadcrumbs-content":"","ast-featured-img":"","footer-sml-layout":"","theme-transparent-header-meta":"default","adv-header-id-meta":"","stick-header-meta":"","header-above-stick-meta":"","header-main-stick-meta":"","header-below-stick-meta":"","astra-migrate-meta-layouts":"set","ast-page-background-enabled":"default","ast-page-background-meta":{"desktop":{"background-color":"var(--ast-global-color-5)","background-image":"","background-repeat":"repeat","background-position":"center center","background-size":"auto","background-attachment":"scroll","background-type":"","background-media":"","overlay-type":"","overlay-color":"","overlay-opacity":"","overlay-gradient":""},"tablet":{"background-color":"","background-image":"","background-repeat":"repeat","background-position":"center center","background-size":"auto","background-attachment":"scroll","background-type":"","background-media":"","overlay-type":"","overlay-color":"","overlay-opacity":"","overlay-gradient":""},"mobile":{"background-color":"","background-image":"","background-repeat":"repeat","background-position":"center center","background-size":"auto","background-attachment":"scroll","background-type":"","background-media":"","overlay-type":"","overlay-color":"","overlay-opacity":"","overlay-gradient":""}},"ast-content-background-meta":{"desktop":{"background-color":"var(--ast-global-color-4)","background-image":"","background-repeat":"repeat","background-position":"center center","background-size":"auto","background-attachment":"scroll","background-type":"","background-media":"","overlay-type":"","overlay-color":"","overlay-opacity":"","overlay-gradient":""},"tablet":{"background-color":"var(--ast-global-color-4)","background-image":"","background-repeat":"repeat","background-position":"center center","background-size":"auto","background-attachment":"scroll","background-type":"","background-media":"","overlay-type":"","overlay-color":"","overlay-opacity":"","overlay-gradient":""},"mobile":{"background-color":"var(--ast-global-color-4)","background-image":"","background-repeat":"repeat","background-position":"center center","background-size":"auto","background-attachment":"scroll","background-type":"","background-media":"","overlay-type":"","overlay-color":"","overlay-opacity":"","overlay-gradient":""}}},"product_brand":[],"product_cat":[168],"product_tag":[],"class_list":{"0":"post-25796","1":"product","2":"type-product","3":"status-publish","4":"has-post-thumbnail","6":"product_cat-hushallsartiklar","7":"pa_68753_wv7m2z8k-2-st","8":"pa_68753_wv7m2z8k-4-st","9":"pa_68753_wv7m2z8k-6-st","10":"desktop-align-left","11":"tablet-align-left","12":"mobile-align-left","14":"first","15":"instock","16":"shipping-taxable","17":"purchasable","18":"product-type-variable"},"yoast_head":"<!-- This site is optimized with the Yoast SEO plugin v26.6 - https:\/\/yoast.com\/wordpress\/plugins\/seo\/ -->\n<title>S\u00e4ker musf\u00e4lla - Mekulo SE<\/title>\n<meta name=\"robots\" content=\"index, follow, max-snippet:-1, max-image-preview:large, max-video-preview:-1\" \/>\n<link rel=\"canonical\" href=\"https:\/\/mekulo.com\/se\/produkt\/saker-musfalla\/\" \/>\n<meta property=\"og:locale\" content=\"sv_SE\" \/>\n<meta property=\"og:type\" content=\"article\" \/>\n<meta property=\"og:title\" content=\"S\u00e4ker musf\u00e4lla - Mekulo SE\" \/>\n<meta property=\"og:description\" content=\"\ud83e\udea4Den h\u00e4r s\u00e4kra musf\u00e4llan anv\u00e4nder en h\u00f6gk\u00e4nslig pedal f\u00f6r att utl\u00f6sa snabb och effektiv f\u00e5ngst. \ud83c\udfe0Den slutna l\u00e5ddesignen hj\u00e4lper till att f\u00f6rhindra oavsiktlig kontakt. Perfekt f\u00f6r hem, k\u00f6k, sovrum eller f\u00f6rvaringsutrymmen. \ud83d\udc2dEn enkel, s\u00e4krare l\u00f6sning f\u00f6r effektiv gnagarbek\u00e4mpning.\" \/>\n<meta property=\"og:url\" content=\"https:\/\/mekulo.com\/se\/produkt\/saker-musfalla\/\" \/>\n<meta property=\"og:site_name\" content=\"Mekulo SE\" \/>\n<meta property=\"article:modified_time\" content=\"2026-03-11T10:41:32+00:00\" \/>\n<meta property=\"og:image\" content=\"https:\/\/mekulo.com\/se\/wp-content\/uploads\/sites\/11\/2026\/03\/gm35391-1.jpeg\" \/>\n\t<meta property=\"og:image:width\" content=\"1000\" \/>\n\t<meta property=\"og:image:height\" content=\"1000\" \/>\n\t<meta property=\"og:image:type\" content=\"image\/jpeg\" \/>\n<meta name=\"twitter:card\" content=\"summary_large_image\" \/>\n<meta name=\"twitter:label1\" content=\"Ber\u00e4knad l\u00e4stid\" \/>\n\t<meta name=\"twitter:data1\" content=\"2 minuter\" \/>\n<script type=\"application\/ld+json\" class=\"yoast-schema-graph\">{\"@context\":\"https:\/\/schema.org\",\"@graph\":[{\"@type\":\"WebPage\",\"@id\":\"https:\/\/mekulo.com\/se\/produkt\/saker-musfalla\/\",\"url\":\"https:\/\/mekulo.com\/se\/produkt\/saker-musfalla\/\",\"name\":\"S\u00e4ker musf\u00e4lla - Mekulo SE\",\"isPartOf\":{\"@id\":\"https:\/\/mekulo.com\/se\/#website\"},\"primaryImageOfPage\":{\"@id\":\"https:\/\/mekulo.com\/se\/produkt\/saker-musfalla\/#primaryimage\"},\"image\":{\"@id\":\"https:\/\/mekulo.com\/se\/produkt\/saker-musfalla\/#primaryimage\"},\"thumbnailUrl\":\"https:\/\/mekulo.com\/se\/wp-content\/uploads\/sites\/11\/2026\/03\/gm35391-1.jpeg\",\"datePublished\":\"2026-03-11T10:41:18+00:00\",\"dateModified\":\"2026-03-11T10:41:32+00:00\",\"breadcrumb\":{\"@id\":\"https:\/\/mekulo.com\/se\/produkt\/saker-musfalla\/#breadcrumb\"},\"inLanguage\":\"sv-SE\",\"potentialAction\":[{\"@type\":\"ReadAction\",\"target\":[\"https:\/\/mekulo.com\/se\/produkt\/saker-musfalla\/\"]}]},{\"@type\":\"ImageObject\",\"inLanguage\":\"sv-SE\",\"@id\":\"https:\/\/mekulo.com\/se\/produkt\/saker-musfalla\/#primaryimage\",\"url\":\"https:\/\/mekulo.com\/se\/wp-content\/uploads\/sites\/11\/2026\/03\/gm35391-1.jpeg\",\"contentUrl\":\"https:\/\/mekulo.com\/se\/wp-content\/uploads\/sites\/11\/2026\/03\/gm35391-1.jpeg\",\"width\":1000,\"height\":1000},{\"@type\":\"BreadcrumbList\",\"@id\":\"https:\/\/mekulo.com\/se\/produkt\/saker-musfalla\/#breadcrumb\",\"itemListElement\":[{\"@type\":\"ListItem\",\"position\":1,\"name\":\"Home\",\"item\":\"https:\/\/mekulo.com\/se\/\"},{\"@type\":\"ListItem\",\"position\":2,\"name\":\"Butik\",\"item\":\"https:\/\/mekulo.com\/se\/butik\/\"},{\"@type\":\"ListItem\",\"position\":3,\"name\":\"S\u00e4ker musf\u00e4lla\"}]},{\"@type\":\"WebSite\",\"@id\":\"https:\/\/mekulo.com\/se\/#website\",\"url\":\"https:\/\/mekulo.com\/se\/\",\"name\":\"Mekulo SE\",\"description\":\"\",\"publisher\":{\"@id\":\"https:\/\/mekulo.com\/se\/#organization\"},\"potentialAction\":[{\"@type\":\"SearchAction\",\"target\":{\"@type\":\"EntryPoint\",\"urlTemplate\":\"https:\/\/mekulo.com\/se\/?s={search_term_string}\"},\"query-input\":{\"@type\":\"PropertyValueSpecification\",\"valueRequired\":true,\"valueName\":\"search_term_string\"}}],\"inLanguage\":\"sv-SE\"},{\"@type\":\"Organization\",\"@id\":\"https:\/\/mekulo.com\/se\/#organization\",\"name\":\"Mekulo\",\"url\":\"https:\/\/mekulo.com\/se\/\",\"logo\":{\"@type\":\"ImageObject\",\"inLanguage\":\"sv-SE\",\"@id\":\"https:\/\/mekulo.com\/se\/#\/schema\/logo\/image\/\",\"url\":\"https:\/\/mekulo.com\/se\/wp-content\/uploads\/sites\/11\/2025\/12\/favicon_mekulo.png\",\"contentUrl\":\"https:\/\/mekulo.com\/se\/wp-content\/uploads\/sites\/11\/2025\/12\/favicon_mekulo.png\",\"width\":50,\"height\":50,\"caption\":\"Mekulo\"},\"image\":{\"@id\":\"https:\/\/mekulo.com\/se\/#\/schema\/logo\/image\/\"}}]}<\/script>\n<!-- \/ Yoast SEO plugin. -->","yoast_head_json":{"title":"S\u00e4ker musf\u00e4lla - Mekulo SE","robots":{"index":"index","follow":"follow","max-snippet":"max-snippet:-1","max-image-preview":"max-image-preview:large","max-video-preview":"max-video-preview:-1"},"canonical":"https:\/\/mekulo.com\/se\/produkt\/saker-musfalla\/","og_locale":"sv_SE","og_type":"article","og_title":"S\u00e4ker musf\u00e4lla - Mekulo SE","og_description":"\ud83e\udea4Den h\u00e4r s\u00e4kra musf\u00e4llan anv\u00e4nder en h\u00f6gk\u00e4nslig pedal f\u00f6r att utl\u00f6sa snabb och effektiv f\u00e5ngst. \ud83c\udfe0Den slutna l\u00e5ddesignen hj\u00e4lper till att f\u00f6rhindra oavsiktlig kontakt. Perfekt f\u00f6r hem, k\u00f6k, sovrum eller f\u00f6rvaringsutrymmen. \ud83d\udc2dEn enkel, s\u00e4krare l\u00f6sning f\u00f6r effektiv gnagarbek\u00e4mpning.","og_url":"https:\/\/mekulo.com\/se\/produkt\/saker-musfalla\/","og_site_name":"Mekulo SE","article_modified_time":"2026-03-11T10:41:32+00:00","og_image":[{"width":1000,"height":1000,"url":"https:\/\/mekulo.com\/se\/wp-content\/uploads\/sites\/11\/2026\/03\/gm35391-1.jpeg","type":"image\/jpeg"}],"twitter_card":"summary_large_image","twitter_misc":{"Ber\u00e4knad l\u00e4stid":"2 minuter"},"schema":{"@context":"https:\/\/schema.org","@graph":[{"@type":"WebPage","@id":"https:\/\/mekulo.com\/se\/produkt\/saker-musfalla\/","url":"https:\/\/mekulo.com\/se\/produkt\/saker-musfalla\/","name":"S\u00e4ker musf\u00e4lla - Mekulo SE","isPartOf":{"@id":"https:\/\/mekulo.com\/se\/#website"},"primaryImageOfPage":{"@id":"https:\/\/mekulo.com\/se\/produkt\/saker-musfalla\/#primaryimage"},"image":{"@id":"https:\/\/mekulo.com\/se\/produkt\/saker-musfalla\/#primaryimage"},"thumbnailUrl":"https:\/\/mekulo.com\/se\/wp-content\/uploads\/sites\/11\/2026\/03\/gm35391-1.jpeg","datePublished":"2026-03-11T10:41:18+00:00","dateModified":"2026-03-11T10:41:32+00:00","breadcrumb":{"@id":"https:\/\/mekulo.com\/se\/produkt\/saker-musfalla\/#breadcrumb"},"inLanguage":"sv-SE","potentialAction":[{"@type":"ReadAction","target":["https:\/\/mekulo.com\/se\/produkt\/saker-musfalla\/"]}]},{"@type":"ImageObject","inLanguage":"sv-SE","@id":"https:\/\/mekulo.com\/se\/produkt\/saker-musfalla\/#primaryimage","url":"https:\/\/mekulo.com\/se\/wp-content\/uploads\/sites\/11\/2026\/03\/gm35391-1.jpeg","contentUrl":"https:\/\/mekulo.com\/se\/wp-content\/uploads\/sites\/11\/2026\/03\/gm35391-1.jpeg","width":1000,"height":1000},{"@type":"BreadcrumbList","@id":"https:\/\/mekulo.com\/se\/produkt\/saker-musfalla\/#breadcrumb","itemListElement":[{"@type":"ListItem","position":1,"name":"Home","item":"https:\/\/mekulo.com\/se\/"},{"@type":"ListItem","position":2,"name":"Butik","item":"https:\/\/mekulo.com\/se\/butik\/"},{"@type":"ListItem","position":3,"name":"S\u00e4ker musf\u00e4lla"}]},{"@type":"WebSite","@id":"https:\/\/mekulo.com\/se\/#website","url":"https:\/\/mekulo.com\/se\/","name":"Mekulo SE","description":"","publisher":{"@id":"https:\/\/mekulo.com\/se\/#organization"},"potentialAction":[{"@type":"SearchAction","target":{"@type":"EntryPoint","urlTemplate":"https:\/\/mekulo.com\/se\/?s={search_term_string}"},"query-input":{"@type":"PropertyValueSpecification","valueRequired":true,"valueName":"search_term_string"}}],"inLanguage":"sv-SE"},{"@type":"Organization","@id":"https:\/\/mekulo.com\/se\/#organization","name":"Mekulo","url":"https:\/\/mekulo.com\/se\/","logo":{"@type":"ImageObject","inLanguage":"sv-SE","@id":"https:\/\/mekulo.com\/se\/#\/schema\/logo\/image\/","url":"https:\/\/mekulo.com\/se\/wp-content\/uploads\/sites\/11\/2025\/12\/favicon_mekulo.png","contentUrl":"https:\/\/mekulo.com\/se\/wp-content\/uploads\/sites\/11\/2025\/12\/favicon_mekulo.png","width":50,"height":50,"caption":"Mekulo"},"image":{"@id":"https:\/\/mekulo.com\/se\/#\/schema\/logo\/image\/"}}]}},"_links":{"self":[{"href":"https:\/\/mekulo.com\/se\/wp-json\/wp\/v2\/product\/25796","targetHints":{"allow":["GET"]}}],"collection":[{"href":"https:\/\/mekulo.com\/se\/wp-json\/wp\/v2\/product"}],"about":[{"href":"https:\/\/mekulo.com\/se\/wp-json\/wp\/v2\/types\/product"}],"replies":[{"embeddable":true,"href":"https:\/\/mekulo.com\/se\/wp-json\/wp\/v2\/comments?post=25796"}],"wp:featuredmedia":[{"embeddable":true,"href":"https:\/\/mekulo.com\/se\/wp-json\/wp\/v2\/media\/25792"}],"wp:attachment":[{"href":"https:\/\/mekulo.com\/se\/wp-json\/wp\/v2\/media?parent=25796"}],"wp:term":[{"taxonomy":"product_brand","embeddable":true,"href":"https:\/\/mekulo.com\/se\/wp-json\/wp\/v2\/product_brand?post=25796"},{"taxonomy":"product_cat","embeddable":true,"href":"https:\/\/mekulo.com\/se\/wp-json\/wp\/v2\/product_cat?post=25796"},{"taxonomy":"product_tag","embeddable":true,"href":"https:\/\/mekulo.com\/se\/wp-json\/wp\/v2\/product_tag?post=25796"}],"curies":[{"name":"wp","href":"https:\/\/api.w.org\/{rel}","templated":true}]}}