{"id":25115,"date":"2026-02-26T08:05:25","date_gmt":"2026-02-26T06:05:25","guid":{"rendered":"https:\/\/mekulo.com\/se\/produkt\/lugnande-hand-for-babysomn\/"},"modified":"2026-02-26T08:37:09","modified_gmt":"2026-02-26T06:37:09","slug":"lugnande-hand-for-babysomn","status":"publish","type":"product","link":"https:\/\/mekulo.com\/se\/produkt\/lugnande-hand-for-babysomn\/","title":{"rendered":"Lugnande hand f\u00f6r babys\u00f6mn"},"content":{"rendered":"<h2 style=\"text-align: center\" data-start=\"303\" data-end=\"319\">\u2728 L\u00f6ftet<\/h2>\n<p style=\"text-align: center\" data-start=\"321\" data-end=\"386\">Set the rhythm.<br data-start=\"336\" data-end=\"339\" \/>Ease the fussiness.<br data-start=\"358\" data-end=\"361\" \/>Support peaceful moments.<\/p>\n<p data-start=\"321\" data-end=\"386\"><img fetchpriority=\"high\" decoding=\"async\" class=\" wp-image-26241 aligncenter\" src=\"https:\/\/mekulo.com\/template\/wp-content\/uploads\/sites\/6\/2026\/02\/122130-ezgif.com-video-to-webp-converter.webp\" alt=\"\" width=\"550\" height=\"550\" \/><\/p>\n<h2 style=\"text-align: center\" data-start=\"393\" data-end=\"411\">\u2705 Huvudf\u00f6rdelar<\/h2>\n<p data-start=\"415\" data-end=\"496\">\ud83d\udc76 Lugnande knackningsr\u00f6relse &#8211; Mjuka rytmiska r\u00f6relser hj\u00e4lper till att lugna och slappna av.<\/p>\n<p data-start=\"500\" data-end=\"582\">\ud83c\udf19 St\u00f6djer lugnare s\u00f6mn &#8211; Hj\u00e4lper till att minska skr\u00e4mselrelaterade st\u00f6rningar.<\/p>\n<p data-start=\"586\" data-end=\"652\">\ud83c\udfb5 Inbyggda lugnande ljud &#8211; Mjuk musik f\u00f6rb\u00e4ttrar avslappningen.<\/p>\n<p data-start=\"656\" data-end=\"743\">\ud83c\udf9b\ufe0f Fj\u00e4rrstyrd bekv\u00e4mlighet &#8211; Justera inst\u00e4llningarna utan att st\u00f6ra ditt barn.<\/p>\n<p data-start=\"747\" data-end=\"843\">\ud83c\udf21\ufe0f Valfri v\u00e4rmekomfort &#8211; en insats med r\u00f6da b\u00f6nor som kan mikrov\u00e5gsugnbehandlas hj\u00e4lper till att lindra magbesv\u00e4r.<\/p>\n<p data-start=\"847\" data-end=\"915\">\ud83e\uddfc Avtagbart och tv\u00e4ttbart \u00f6verdrag &#8211; enkelt att h\u00e5lla rent och fr\u00e4scht.<\/p>\n<p data-start=\"919\" data-end=\"989\">\ud83e\uddf8 Mjuka, barnv\u00e4nliga material &#8211; skonsamma mot k\u00e4nslig hud.<\/p>\n<p data-start=\"993\" data-end=\"1080\">\ud83d\udc86 Handsfree-st\u00f6d f\u00f6r f\u00f6r\u00e4ldrar &#8211; ger komfort medan du vilar eller g\u00f6r annat.<\/p>\n<h2 style=\"text-align: center\" data-start=\"1087\" data-end=\"1110\">\u2757 Problem \u2192 L\u00f6sning<\/h2>\n<p data-start=\"1112\" data-end=\"1216\"><strong data-start=\"1112\" data-end=\"1124\">Problem:<\/strong><br data-start=\"1124\" data-end=\"1127\" \/>Bebisar vaknar ofta av pl\u00f6tsliga skakningar eller har sv\u00e5rt att komma till ro utan kontinuerlig lugnande.<\/p>\n<p data-start=\"1218\" data-end=\"1339\"><strong data-start=\"1218\" data-end=\"1231\">L\u00f6sning:<\/strong><br data-start=\"1231\" data-end=\"1234\" \/>Denna lugnande hand f\u00f6r bebisar \u00e5terskapar lugnande rytmiska f\u00f6rnimmelser f\u00f6r att hj\u00e4lpa ditt barn att lugna sig l\u00e4ttare.<\/p>\n<p data-start=\"1218\" data-end=\"1339\"><img decoding=\"async\" class=\"size-full wp-image-26246 aligncenter\" src=\"https:\/\/mekulo.com\/template\/wp-content\/uploads\/sites\/6\/2026\/02\/spp_20250711160715_a2f217b0093f68c4af253fe001450395_d79e5d40-4fe2-4bb0-b6cc-403d05ddef7b.webp\" alt=\"\" width=\"600\" height=\"600\" \/><\/p>\n<h2 style=\"text-align: center\" data-start=\"1346\" data-end=\"1363\">\ud83c\udf3f Perfekt f\u00f6r<\/h2>\n<ul data-start=\"1365\" data-end=\"1485\">\n<li data-start=\"1365\" data-end=\"1385\">\n<p data-start=\"1367\" data-end=\"1385\">B\u00e4ddtidsrutiner<\/p>\n<\/li>\n<li data-start=\"1386\" data-end=\"1407\">\n<p data-start=\"1388\" data-end=\"1407\">Naptid lugnande<\/p>\n<\/li>\n<li data-start=\"1408\" data-end=\"1439\">\n<p data-start=\"1410\" data-end=\"1439\">Colicky eller gasig obehag<\/p>\n<\/li>\n<li data-start=\"1440\" data-end=\"1459\">\n<p data-start=\"1442\" data-end=\"1459\">Nyf\u00f6dd lugnande<\/p>\n<\/li>\n<li data-start=\"1460\" data-end=\"1485\">\n<p data-start=\"1462\" data-end=\"1485\">Handfri tr\u00f6st<\/p>\n<\/li>\n<\/ul>\n<p data-start=\"1487\" data-end=\"1526\">Rekommenderas f\u00f6r sp\u00e4dbarn i \u00e5ldern 0-3 \u00e5r.<\/p>\n<h2 style=\"text-align: center\" data-start=\"1533\" data-end=\"1549\">\u2699\ufe0f Hur man anv\u00e4nder<\/h2>\n<ol data-start=\"1551\" data-end=\"1765\">\n<li data-start=\"1551\" data-end=\"1592\">\n<p data-start=\"1554\" data-end=\"1592\">S\u00e4tt in knackmodulen i locket.<\/p>\n<\/li>\n<li data-start=\"1593\" data-end=\"1633\">\n<p data-start=\"1596\" data-end=\"1633\">Placera f\u00f6rsiktigt p\u00e5 barnets mage eller arm.<\/p>\n<\/li>\n<li data-start=\"1634\" data-end=\"1671\">\n<p data-start=\"1637\" data-end=\"1671\">V\u00e4lj l\u00e4ge och hastighet via fj\u00e4rrkontrollen.<\/p>\n<\/li>\n<li data-start=\"1672\" data-end=\"1723\">\n<p data-start=\"1675\" data-end=\"1723\">Valfritt: v\u00e4rm den r\u00f6da b\u00f6nan (mikrov\u00e5gsugn).<\/p>\n<\/li>\n<li data-start=\"1724\" data-end=\"1765\">\n<p data-start=\"1727\" data-end=\"1765\">Ta bort locket f\u00f6r tv\u00e4tt vid behov.<\/p>\n<\/li>\n<\/ol>\n<h2 style=\"text-align: center\" data-start=\"1805\" data-end=\"1826\">\ud83d\udcd0 Produktdetaljer<\/h2>\n<ul data-start=\"1828\" data-end=\"2188\">\n<li data-start=\"1869\" data-end=\"1901\">\n<p data-start=\"1871\" data-end=\"1901\">Storlek: Cirka 24 x 25 cm<\/p>\n<\/li>\n<li data-start=\"1902\" data-end=\"1944\">\n<p data-start=\"1904\" data-end=\"1944\">Tyg: Bomullssammet \/ kort lugg<\/p>\n<\/li>\n<li data-start=\"1945\" data-end=\"1989\">\n<p data-start=\"1947\" data-end=\"1989\">Fyllning: R\u00f6da b\u00f6nor + polyesterfiber<\/p>\n<\/li>\n<li data-start=\"1990\" data-end=\"2023\">\n<p data-start=\"1992\" data-end=\"2023\">Batterikapacitet: 450 mAh<\/p>\n<\/li>\n<li data-start=\"2024\" data-end=\"2047\">\n<p data-start=\"2026\" data-end=\"2047\">Hastighetsniv\u00e5er: 3<\/p>\n<\/li>\n<li data-start=\"2048\" data-end=\"2079\">\n<p data-start=\"2050\" data-end=\"2079\">Moder: 3 lugnande l\u00e4gen<\/p>\n<\/li>\n<li data-start=\"2080\" data-end=\"2112\">\n<p data-start=\"2082\" data-end=\"2112\">Kontroll: Tr\u00e5dl\u00f6s fj\u00e4rrkontroll<\/p>\n<\/li>\n<li data-start=\"2113\" data-end=\"2188\">\n<p data-start=\"2115\" data-end=\"2188\">Runtime: Snabb &#8211; 110 min, Medium &#8211; 140 min, L\u00e5ngsam &#8211; 250 min<\/p>\n<\/li>\n<\/ul>\n<h2 style=\"text-align: center\" data-start=\"2229\" data-end=\"2251\">\ud83d\udce6 Paketet inneh\u00e5ller<\/h2>\n<ul data-start=\"2253\" data-end=\"2306\">\n<li data-start=\"2253\" data-end=\"2285\">\n<p data-start=\"2255\" data-end=\"2285\">1x lugnande baby sleep hand<\/p>\n<\/li>\n<li data-start=\"2286\" data-end=\"2306\">\n<p data-start=\"2288\" data-end=\"2306\">1x fj\u00e4rrkontroll.<\/p>\n<\/li>\n<\/ul>\n","protected":false},"excerpt":{"rendered":"<p>\ud83d\ude34Mjuk komfort, fridfull s\u00f6mn.<br \/>\n\ud83e\udd31Designade f\u00f6r att lugna, slappna av och lugna ditt barn.<br \/>\n\ud83d\udc76Den h\u00e4r lugnande handen efterliknar det mjuka, rytmiska knackande som barn naturligt f\u00f6rknippar med komfort &#8211; vilket bidrar till att skapa en mer vilsam milj\u00f6 f\u00f6r b\u00e5de barn och f\u00f6r\u00e4ldrar.<\/p>\n","protected":false},"featured_media":25111,"comment_status":"open","ping_status":"closed","template":"","meta":{"site-sidebar-layout":"default","site-content-layout":"","ast-site-content-layout":"default","site-content-style":"default","site-sidebar-style":"default","ast-global-header-display":"","ast-banner-title-visibility":"","ast-main-header-display":"","ast-hfb-above-header-display":"","ast-hfb-below-header-display":"","ast-hfb-mobile-header-display":"","site-post-title":"","ast-breadcrumbs-content":"","ast-featured-img":"","footer-sml-layout":"","theme-transparent-header-meta":"default","adv-header-id-meta":"","stick-header-meta":"","header-above-stick-meta":"","header-main-stick-meta":"","header-below-stick-meta":"","astra-migrate-meta-layouts":"set","ast-page-background-enabled":"default","ast-page-background-meta":{"desktop":{"background-color":"var(--ast-global-color-5)","background-image":"","background-repeat":"repeat","background-position":"center center","background-size":"auto","background-attachment":"scroll","background-type":"","background-media":"","overlay-type":"","overlay-color":"","overlay-opacity":"","overlay-gradient":""},"tablet":{"background-color":"","background-image":"","background-repeat":"repeat","background-position":"center center","background-size":"auto","background-attachment":"scroll","background-type":"","background-media":"","overlay-type":"","overlay-color":"","overlay-opacity":"","overlay-gradient":""},"mobile":{"background-color":"","background-image":"","background-repeat":"repeat","background-position":"center center","background-size":"auto","background-attachment":"scroll","background-type":"","background-media":"","overlay-type":"","overlay-color":"","overlay-opacity":"","overlay-gradient":""}},"ast-content-background-meta":{"desktop":{"background-color":"var(--ast-global-color-4)","background-image":"","background-repeat":"repeat","background-position":"center center","background-size":"auto","background-attachment":"scroll","background-type":"","background-media":"","overlay-type":"","overlay-color":"","overlay-opacity":"","overlay-gradient":""},"tablet":{"background-color":"var(--ast-global-color-4)","background-image":"","background-repeat":"repeat","background-position":"center center","background-size":"auto","background-attachment":"scroll","background-type":"","background-media":"","overlay-type":"","overlay-color":"","overlay-opacity":"","overlay-gradient":""},"mobile":{"background-color":"var(--ast-global-color-4)","background-image":"","background-repeat":"repeat","background-position":"center center","background-size":"auto","background-attachment":"scroll","background-type":"","background-media":"","overlay-type":"","overlay-color":"","overlay-opacity":"","overlay-gradient":""}}},"product_brand":[],"product_cat":[172],"product_tag":[],"class_list":{"0":"post-25115","1":"product","2":"type-product","3":"status-publish","4":"has-post-thumbnail","6":"product_cat-leksaker-barn-och-babyprodukter","7":"pa_62448_o53l13qc-a","8":"pa_62448_o53l13qc-b","9":"pa_62448_o53l13qc-c","10":"pa_62448_o53l13qc-d","11":"pa_62448_o53l13qc-e","12":"pa_62448_o53l13qc-f","13":"pa_62448_o53l13qc-g","14":"pa_62448_o53l13qc-h","15":"pa_62448_o53l13qc-i","16":"pa_62448_o53l13qc-j","17":"pa_62448_o53l13qc-k","18":"pa_62448_o53l13qc-l","19":"pa_62448_o53l13qc-m","20":"desktop-align-left","21":"tablet-align-left","22":"mobile-align-left","24":"first","25":"instock","26":"shipping-taxable","27":"purchasable","28":"product-type-variable"},"yoast_head":"<!-- This site is optimized with the Yoast SEO plugin v26.6 - https:\/\/yoast.com\/wordpress\/plugins\/seo\/ -->\n<title>Lugnande hand f\u00f6r babys\u00f6mn - Mekulo SE<\/title>\n<meta name=\"robots\" content=\"index, follow, max-snippet:-1, max-image-preview:large, max-video-preview:-1\" \/>\n<link rel=\"canonical\" href=\"https:\/\/mekulo.com\/se\/produkt\/lugnande-hand-for-babysomn\/\" \/>\n<meta property=\"og:locale\" content=\"sv_SE\" \/>\n<meta property=\"og:type\" content=\"article\" \/>\n<meta property=\"og:title\" content=\"Lugnande hand f\u00f6r babys\u00f6mn - Mekulo SE\" \/>\n<meta property=\"og:description\" content=\"\ud83d\ude34Mjuk komfort, fridfull s\u00f6mn. \ud83e\udd31Designade f\u00f6r att lugna, slappna av och lugna ditt barn. \ud83d\udc76Den h\u00e4r lugnande handen efterliknar det mjuka, rytmiska knackande som barn naturligt f\u00f6rknippar med komfort - vilket bidrar till att skapa en mer vilsam milj\u00f6 f\u00f6r b\u00e5de barn och f\u00f6r\u00e4ldrar.\" \/>\n<meta property=\"og:url\" content=\"https:\/\/mekulo.com\/se\/produkt\/lugnande-hand-for-babysomn\/\" \/>\n<meta property=\"og:site_name\" content=\"Mekulo SE\" \/>\n<meta property=\"article:modified_time\" content=\"2026-02-26T06:37:09+00:00\" \/>\n<meta property=\"og:image\" content=\"https:\/\/mekulo.com\/se\/wp-content\/uploads\/sites\/11\/2026\/02\/3m43wk5-1.webp\" \/>\n\t<meta property=\"og:image:width\" content=\"1020\" \/>\n\t<meta property=\"og:image:height\" content=\"1020\" \/>\n\t<meta property=\"og:image:type\" content=\"image\/webp\" \/>\n<meta name=\"twitter:card\" content=\"summary_large_image\" \/>\n<meta name=\"twitter:label1\" content=\"Ber\u00e4knad l\u00e4stid\" \/>\n\t<meta name=\"twitter:data1\" content=\"2 minuter\" \/>\n<script type=\"application\/ld+json\" class=\"yoast-schema-graph\">{\"@context\":\"https:\/\/schema.org\",\"@graph\":[{\"@type\":\"WebPage\",\"@id\":\"https:\/\/mekulo.com\/se\/produkt\/lugnande-hand-for-babysomn\/\",\"url\":\"https:\/\/mekulo.com\/se\/produkt\/lugnande-hand-for-babysomn\/\",\"name\":\"Lugnande hand f\u00f6r babys\u00f6mn - Mekulo SE\",\"isPartOf\":{\"@id\":\"https:\/\/mekulo.com\/se\/#website\"},\"primaryImageOfPage\":{\"@id\":\"https:\/\/mekulo.com\/se\/produkt\/lugnande-hand-for-babysomn\/#primaryimage\"},\"image\":{\"@id\":\"https:\/\/mekulo.com\/se\/produkt\/lugnande-hand-for-babysomn\/#primaryimage\"},\"thumbnailUrl\":\"https:\/\/mekulo.com\/se\/wp-content\/uploads\/sites\/11\/2026\/02\/3m43wk5-1.webp\",\"datePublished\":\"2026-02-26T06:05:25+00:00\",\"dateModified\":\"2026-02-26T06:37:09+00:00\",\"breadcrumb\":{\"@id\":\"https:\/\/mekulo.com\/se\/produkt\/lugnande-hand-for-babysomn\/#breadcrumb\"},\"inLanguage\":\"sv-SE\",\"potentialAction\":[{\"@type\":\"ReadAction\",\"target\":[\"https:\/\/mekulo.com\/se\/produkt\/lugnande-hand-for-babysomn\/\"]}]},{\"@type\":\"ImageObject\",\"inLanguage\":\"sv-SE\",\"@id\":\"https:\/\/mekulo.com\/se\/produkt\/lugnande-hand-for-babysomn\/#primaryimage\",\"url\":\"https:\/\/mekulo.com\/se\/wp-content\/uploads\/sites\/11\/2026\/02\/3m43wk5-1.webp\",\"contentUrl\":\"https:\/\/mekulo.com\/se\/wp-content\/uploads\/sites\/11\/2026\/02\/3m43wk5-1.webp\",\"width\":1020,\"height\":1020},{\"@type\":\"BreadcrumbList\",\"@id\":\"https:\/\/mekulo.com\/se\/produkt\/lugnande-hand-for-babysomn\/#breadcrumb\",\"itemListElement\":[{\"@type\":\"ListItem\",\"position\":1,\"name\":\"Home\",\"item\":\"https:\/\/mekulo.com\/se\/\"},{\"@type\":\"ListItem\",\"position\":2,\"name\":\"Butik\",\"item\":\"https:\/\/mekulo.com\/se\/butik\/\"},{\"@type\":\"ListItem\",\"position\":3,\"name\":\"Lugnande hand f\u00f6r babys\u00f6mn\"}]},{\"@type\":\"WebSite\",\"@id\":\"https:\/\/mekulo.com\/se\/#website\",\"url\":\"https:\/\/mekulo.com\/se\/\",\"name\":\"Mekulo SE\",\"description\":\"\",\"publisher\":{\"@id\":\"https:\/\/mekulo.com\/se\/#organization\"},\"potentialAction\":[{\"@type\":\"SearchAction\",\"target\":{\"@type\":\"EntryPoint\",\"urlTemplate\":\"https:\/\/mekulo.com\/se\/?s={search_term_string}\"},\"query-input\":{\"@type\":\"PropertyValueSpecification\",\"valueRequired\":true,\"valueName\":\"search_term_string\"}}],\"inLanguage\":\"sv-SE\"},{\"@type\":\"Organization\",\"@id\":\"https:\/\/mekulo.com\/se\/#organization\",\"name\":\"Mekulo\",\"url\":\"https:\/\/mekulo.com\/se\/\",\"logo\":{\"@type\":\"ImageObject\",\"inLanguage\":\"sv-SE\",\"@id\":\"https:\/\/mekulo.com\/se\/#\/schema\/logo\/image\/\",\"url\":\"https:\/\/mekulo.com\/se\/wp-content\/uploads\/sites\/11\/2025\/12\/favicon_mekulo.png\",\"contentUrl\":\"https:\/\/mekulo.com\/se\/wp-content\/uploads\/sites\/11\/2025\/12\/favicon_mekulo.png\",\"width\":50,\"height\":50,\"caption\":\"Mekulo\"},\"image\":{\"@id\":\"https:\/\/mekulo.com\/se\/#\/schema\/logo\/image\/\"}}]}<\/script>\n<!-- \/ Yoast SEO plugin. -->","yoast_head_json":{"title":"Lugnande hand f\u00f6r babys\u00f6mn - Mekulo SE","robots":{"index":"index","follow":"follow","max-snippet":"max-snippet:-1","max-image-preview":"max-image-preview:large","max-video-preview":"max-video-preview:-1"},"canonical":"https:\/\/mekulo.com\/se\/produkt\/lugnande-hand-for-babysomn\/","og_locale":"sv_SE","og_type":"article","og_title":"Lugnande hand f\u00f6r babys\u00f6mn - Mekulo SE","og_description":"\ud83d\ude34Mjuk komfort, fridfull s\u00f6mn. \ud83e\udd31Designade f\u00f6r att lugna, slappna av och lugna ditt barn. \ud83d\udc76Den h\u00e4r lugnande handen efterliknar det mjuka, rytmiska knackande som barn naturligt f\u00f6rknippar med komfort - vilket bidrar till att skapa en mer vilsam milj\u00f6 f\u00f6r b\u00e5de barn och f\u00f6r\u00e4ldrar.","og_url":"https:\/\/mekulo.com\/se\/produkt\/lugnande-hand-for-babysomn\/","og_site_name":"Mekulo SE","article_modified_time":"2026-02-26T06:37:09+00:00","og_image":[{"width":1020,"height":1020,"url":"https:\/\/mekulo.com\/se\/wp-content\/uploads\/sites\/11\/2026\/02\/3m43wk5-1.webp","type":"image\/webp"}],"twitter_card":"summary_large_image","twitter_misc":{"Ber\u00e4knad l\u00e4stid":"2 minuter"},"schema":{"@context":"https:\/\/schema.org","@graph":[{"@type":"WebPage","@id":"https:\/\/mekulo.com\/se\/produkt\/lugnande-hand-for-babysomn\/","url":"https:\/\/mekulo.com\/se\/produkt\/lugnande-hand-for-babysomn\/","name":"Lugnande hand f\u00f6r babys\u00f6mn - Mekulo SE","isPartOf":{"@id":"https:\/\/mekulo.com\/se\/#website"},"primaryImageOfPage":{"@id":"https:\/\/mekulo.com\/se\/produkt\/lugnande-hand-for-babysomn\/#primaryimage"},"image":{"@id":"https:\/\/mekulo.com\/se\/produkt\/lugnande-hand-for-babysomn\/#primaryimage"},"thumbnailUrl":"https:\/\/mekulo.com\/se\/wp-content\/uploads\/sites\/11\/2026\/02\/3m43wk5-1.webp","datePublished":"2026-02-26T06:05:25+00:00","dateModified":"2026-02-26T06:37:09+00:00","breadcrumb":{"@id":"https:\/\/mekulo.com\/se\/produkt\/lugnande-hand-for-babysomn\/#breadcrumb"},"inLanguage":"sv-SE","potentialAction":[{"@type":"ReadAction","target":["https:\/\/mekulo.com\/se\/produkt\/lugnande-hand-for-babysomn\/"]}]},{"@type":"ImageObject","inLanguage":"sv-SE","@id":"https:\/\/mekulo.com\/se\/produkt\/lugnande-hand-for-babysomn\/#primaryimage","url":"https:\/\/mekulo.com\/se\/wp-content\/uploads\/sites\/11\/2026\/02\/3m43wk5-1.webp","contentUrl":"https:\/\/mekulo.com\/se\/wp-content\/uploads\/sites\/11\/2026\/02\/3m43wk5-1.webp","width":1020,"height":1020},{"@type":"BreadcrumbList","@id":"https:\/\/mekulo.com\/se\/produkt\/lugnande-hand-for-babysomn\/#breadcrumb","itemListElement":[{"@type":"ListItem","position":1,"name":"Home","item":"https:\/\/mekulo.com\/se\/"},{"@type":"ListItem","position":2,"name":"Butik","item":"https:\/\/mekulo.com\/se\/butik\/"},{"@type":"ListItem","position":3,"name":"Lugnande hand f\u00f6r babys\u00f6mn"}]},{"@type":"WebSite","@id":"https:\/\/mekulo.com\/se\/#website","url":"https:\/\/mekulo.com\/se\/","name":"Mekulo SE","description":"","publisher":{"@id":"https:\/\/mekulo.com\/se\/#organization"},"potentialAction":[{"@type":"SearchAction","target":{"@type":"EntryPoint","urlTemplate":"https:\/\/mekulo.com\/se\/?s={search_term_string}"},"query-input":{"@type":"PropertyValueSpecification","valueRequired":true,"valueName":"search_term_string"}}],"inLanguage":"sv-SE"},{"@type":"Organization","@id":"https:\/\/mekulo.com\/se\/#organization","name":"Mekulo","url":"https:\/\/mekulo.com\/se\/","logo":{"@type":"ImageObject","inLanguage":"sv-SE","@id":"https:\/\/mekulo.com\/se\/#\/schema\/logo\/image\/","url":"https:\/\/mekulo.com\/se\/wp-content\/uploads\/sites\/11\/2025\/12\/favicon_mekulo.png","contentUrl":"https:\/\/mekulo.com\/se\/wp-content\/uploads\/sites\/11\/2025\/12\/favicon_mekulo.png","width":50,"height":50,"caption":"Mekulo"},"image":{"@id":"https:\/\/mekulo.com\/se\/#\/schema\/logo\/image\/"}}]}},"_links":{"self":[{"href":"https:\/\/mekulo.com\/se\/wp-json\/wp\/v2\/product\/25115","targetHints":{"allow":["GET"]}}],"collection":[{"href":"https:\/\/mekulo.com\/se\/wp-json\/wp\/v2\/product"}],"about":[{"href":"https:\/\/mekulo.com\/se\/wp-json\/wp\/v2\/types\/product"}],"replies":[{"embeddable":true,"href":"https:\/\/mekulo.com\/se\/wp-json\/wp\/v2\/comments?post=25115"}],"wp:featuredmedia":[{"embeddable":true,"href":"https:\/\/mekulo.com\/se\/wp-json\/wp\/v2\/media\/25111"}],"wp:attachment":[{"href":"https:\/\/mekulo.com\/se\/wp-json\/wp\/v2\/media?parent=25115"}],"wp:term":[{"taxonomy":"product_brand","embeddable":true,"href":"https:\/\/mekulo.com\/se\/wp-json\/wp\/v2\/product_brand?post=25115"},{"taxonomy":"product_cat","embeddable":true,"href":"https:\/\/mekulo.com\/se\/wp-json\/wp\/v2\/product_cat?post=25115"},{"taxonomy":"product_tag","embeddable":true,"href":"https:\/\/mekulo.com\/se\/wp-json\/wp\/v2\/product_tag?post=25115"}],"curies":[{"name":"wp","href":"https:\/\/api.w.org\/{rel}","templated":true}]}}