{"id":25072,"date":"2026-02-25T20:03:36","date_gmt":"2026-02-25T18:03:36","guid":{"rendered":"https:\/\/mekulo.com\/se\/produkt\/fritos-i-rostfritt-stal-2\/"},"modified":"2026-02-25T20:03:43","modified_gmt":"2026-02-25T18:03:43","slug":"fritos-i-rostfritt-stal-2","status":"publish","type":"product","link":"https:\/\/mekulo.com\/se\/produkt\/fritos-i-rostfritt-stal-2\/","title":{"rendered":"Frit\u00f6s i rostfritt st\u00e5l"},"content":{"rendered":"<h2 style=\"text-align: center\" data-start=\"286\" data-end=\"302\">\u2728 L\u00f6ftet<\/h2>\n<p style=\"text-align: center\" data-start=\"304\" data-end=\"351\">Fry.<br data-start=\"308\" data-end=\"311\" \/>Drain.<br data-start=\"317\" data-end=\"320\" \/>Enjoy perfectly crisp textures.<\/p>\n<p data-start=\"304\" data-end=\"351\"><img fetchpriority=\"high\" decoding=\"async\" class=\" wp-image-26064 aligncenter\" src=\"https:\/\/mekulo.com\/template\/wp-content\/uploads\/sites\/6\/2026\/02\/12217-ezgif.com-video-to-webp-converter-4.webp\" alt=\"\" width=\"550\" height=\"550\" \/><\/p>\n<h2 style=\"text-align: center\" data-start=\"358\" data-end=\"376\">\u2705 Huvudf\u00f6rdelar<\/h2>\n<p data-start=\"380\" data-end=\"481\">\ud83d\udd25 V\u00e4rmebest\u00e4ndigt rostfritt st\u00e5l &#8211; Byggd f\u00f6r h\u00f6ga temperaturer och l\u00e5ngsiktig tillf\u00f6rlitlighet.<\/p>\n<p data-start=\"485\" data-end=\"568\">\ud83c\udf57 J\u00e4mn, konsekvent stekning &#8211; Hj\u00e4lper till att leverera krispiga, gyllene resultat.<\/p>\n<p data-start=\"572\" data-end=\"646\">\ud83e\uddfa L\u00f6stagbar stekkorg &#8211; F\u00f6renklar lyftning, avtappning och servering.<\/p>\n<p data-start=\"650\" data-end=\"738\">\ud83d\udca7 Finmaskigt oljefilter &#8211; hj\u00e4lper till att separera smulor och rester f\u00f6r renare \u00e5teranv\u00e4ndning av oljan.<\/p>\n<p data-start=\"742\" data-end=\"822\">\ud83d\udee1\ufe0f Rost &amp; korrosionsbest\u00e4ndig &#8211; tillverkad av h\u00e5llbart 304 rostfritt st\u00e5l.<\/p>\n<p data-start=\"826\" data-end=\"908\">\u270b Bekv\u00e4mt ergonomiskt handtag &#8211; stabil, kontrollerad hantering under tillagningen.<\/p>\n<p data-start=\"912\" data-end=\"988\">\ud83d\udeab Anti-droppmunstycksdesign &#8211; hj\u00e4lper till att f\u00f6rhindra spill och b\u00e4nkskada.<\/p>\n<p data-start=\"992\" data-end=\"1068\">\ud83c\udfe1 Kompakt, utrymmesv\u00e4nlig form &#8211; perfekt f\u00f6r hemmak\u00f6k av alla storlekar.<\/p>\n<p data-start=\"992\" data-end=\"1068\"><img decoding=\"async\" class=\"size-full wp-image-26063 aligncenter\" src=\"https:\/\/mekulo.com\/template\/wp-content\/uploads\/sites\/6\/2026\/02\/spp_20250113180747_36d27acab981714864e97af0dc7ae4d3_d530a84e-1460-4bcb-b05b-162d34120dc0.jpg\" alt=\"\" width=\"713\" height=\"713\" \/><\/p>\n<h2 style=\"text-align: center\" data-start=\"1075\" data-end=\"1098\">\u2757 Problem \u2192 L\u00f6sning<\/h2>\n<p data-start=\"1100\" data-end=\"1217\"><strong data-start=\"1100\" data-end=\"1112\">Problem:<\/strong><br data-start=\"1112\" data-end=\"1115\" \/>Att fritera kan vara kladdigt, oljan blir snabbt f\u00f6rorenad och det \u00e4r ofta besv\u00e4rligt att t\u00f6mma maten p\u00e5 ett s\u00e4kert s\u00e4tt.<\/p>\n<p data-start=\"1219\" data-end=\"1346\"><strong data-start=\"1219\" data-end=\"1232\">L\u00f6sning:<\/strong><br data-start=\"1232\" data-end=\"1235\" \/>Den h\u00e4r frit\u00f6sen i rostfritt st\u00e5l kombinerar en korg och oljefiltrering f\u00f6r att g\u00f6ra friteringen renare, s\u00e4krare och effektivare.<\/p>\n<h2 style=\"text-align: center\" data-start=\"1353\" data-end=\"1370\">\ud83c\udf3f Perfekt f\u00f6r<\/h2>\n<ul data-start=\"1372\" data-end=\"1510\">\n<li data-start=\"1372\" data-end=\"1397\">\n<p data-start=\"1374\" data-end=\"1397\">Frites &amp; snacks<\/p>\n<\/li>\n<li data-start=\"1398\" data-end=\"1425\">\n<p data-start=\"1400\" data-end=\"1425\">Friterad kyckling &amp; skaldjur<\/p>\n<\/li>\n<li data-start=\"1426\" data-end=\"1450\">\n<p data-start=\"1428\" data-end=\"1450\">Doughnuts &amp; desserter<\/p>\n<\/li>\n<li data-start=\"1451\" data-end=\"1469\">\n<p data-start=\"1453\" data-end=\"1469\">Vardagliga m\u00e5ltider<\/p>\n<\/li>\n<li data-start=\"1470\" data-end=\"1488\">\n<p data-start=\"1472\" data-end=\"1488\">Sm\u00e5 k\u00f6k<\/p>\n<\/li>\n<li data-start=\"1489\" data-end=\"1510\">\n<p data-start=\"1491\" data-end=\"1510\">Familjesammankomster<\/p>\n<\/li>\n<\/ul>\n<p data-start=\"1512\" data-end=\"1561\">M\u00e5ngsidig f\u00f6r daglig matlagning eller speciella tillf\u00e4llen.<\/p>\n<h2 style=\"text-align: center\" data-start=\"1568\" data-end=\"1584\">\u2699\ufe0f Hur man anv\u00e4nder<\/h2>\n<ol data-start=\"1586\" data-end=\"1738\">\n<li data-start=\"1586\" data-end=\"1617\">\n<p data-start=\"1589\" data-end=\"1617\">Tills\u00e4tt olja och v\u00e4rm gradvis.<\/p>\n<\/li>\n<li data-start=\"1618\" data-end=\"1653\">\n<p data-start=\"1621\" data-end=\"1653\">Placera mat i frityrkorgen.<\/p>\n<\/li>\n<li data-start=\"1654\" data-end=\"1683\">\n<p data-start=\"1657\" data-end=\"1683\">Stek till \u00f6nskad krispighet.<\/p>\n<\/li>\n<li data-start=\"1684\" data-end=\"1709\">\n<p data-start=\"1687\" data-end=\"1709\">Lyft korgen f\u00f6r att t\u00f6mma.<\/p>\n<\/li>\n<li data-start=\"1710\" data-end=\"1738\">\n<p data-start=\"1713\" data-end=\"1738\">T\u00e4ck olja efter kylning.<\/p>\n<\/li>\n<\/ol>\n<h2 style=\"text-align: center\" data-start=\"1783\" data-end=\"1804\">\ud83d\udcd0 Produktdetaljer<\/h2>\n<ul data-start=\"1806\" data-end=\"2043\">\n<li data-start=\"1806\" data-end=\"1843\">\n<p data-start=\"1808\" data-end=\"1843\">Material: 304 Rostfritt st\u00e5l<\/p>\n<\/li>\n<li data-start=\"1893\" data-end=\"1937\">\n<p data-start=\"1895\" data-end=\"1937\">Kapacitet: 1,3L<\/p>\n<\/li>\n<li data-start=\"1938\" data-end=\"2007\">\n<p data-start=\"1940\" data-end=\"2007\">Funktioner: V\u00e4rmebest\u00e4ndig, rostskyddad, korrosionsbest\u00e4ndig<\/p>\n<\/li>\n<li data-start=\"2008\" data-end=\"2043\">\n<p data-start=\"2010\" data-end=\"2043\">Anv\u00e4ndning: Stekning &amp; oljesilning<\/p>\n<\/li>\n<li data-start=\"2008\" data-end=\"2043\">Storlek: Grytan: 12 x 11,5 cm, Korgen: 11 x 11,5 cm, Runt lock: 15,5 cm, T\u00e5ng: 22 cm<\/li>\n<\/ul>\n<h2 style=\"text-align: center\" data-start=\"2086\" data-end=\"2108\">\ud83d\udce6 Paketet inneh\u00e5ller<\/h2>\n<ul data-start=\"2110\" data-end=\"2187\">\n<li data-start=\"2110\" data-end=\"2148\">\n<p data-start=\"2112\" data-end=\"2148\">Option A: <span style=\"font-size: 16px\">1x frityrgryta i rostfritt st\u00e5l, <\/span><span style=\"font-size: 16px\">1x l\u00f6stagbar frityrkorg<\/span><\/p>\n<\/li>\n<li data-start=\"2110\" data-end=\"2148\">Option B: <span style=\"font-size: 16px\">1x frityrgryta i rostfritt st\u00e5l, <\/span><span style=\"font-size: 16px\">1x l\u00f6stagbar frityrkorg, 1x runt lock\/raminsats, 1x t\u00e5ng.<\/span><\/li>\n<\/ul>\n","protected":false},"excerpt":{"rendered":"<p>\ud83d\udc69\u200d\ud83c\udf73Crispy resultat, renare matlagning.<br \/>\n\ud83c\udf73Ett smartare s\u00e4tt att steka hemma.<br \/>\n\ud83c\udf5fDesignade f\u00f6r kontroll, bekv\u00e4mlighet och h\u00e5llbarhet, hj\u00e4lper denna frit\u00f6s i rostfritt st\u00e5l dig att f\u00e5 gyllene, j\u00e4mnt stekt mat samtidigt som ditt k\u00f6k h\u00e5lls organiserat och r\u00f6rigt.<\/p>\n","protected":false},"featured_media":25068,"comment_status":"open","ping_status":"closed","template":"","meta":{"site-sidebar-layout":"default","site-content-layout":"","ast-site-content-layout":"default","site-content-style":"default","site-sidebar-style":"default","ast-global-header-display":"","ast-banner-title-visibility":"","ast-main-header-display":"","ast-hfb-above-header-display":"","ast-hfb-below-header-display":"","ast-hfb-mobile-header-display":"","site-post-title":"","ast-breadcrumbs-content":"","ast-featured-img":"","footer-sml-layout":"","theme-transparent-header-meta":"default","adv-header-id-meta":"","stick-header-meta":"","header-above-stick-meta":"","header-main-stick-meta":"","header-below-stick-meta":"","astra-migrate-meta-layouts":"set","ast-page-background-enabled":"default","ast-page-background-meta":{"desktop":{"background-color":"var(--ast-global-color-5)","background-image":"","background-repeat":"repeat","background-position":"center center","background-size":"auto","background-attachment":"scroll","background-type":"","background-media":"","overlay-type":"","overlay-color":"","overlay-opacity":"","overlay-gradient":""},"tablet":{"background-color":"","background-image":"","background-repeat":"repeat","background-position":"center center","background-size":"auto","background-attachment":"scroll","background-type":"","background-media":"","overlay-type":"","overlay-color":"","overlay-opacity":"","overlay-gradient":""},"mobile":{"background-color":"","background-image":"","background-repeat":"repeat","background-position":"center center","background-size":"auto","background-attachment":"scroll","background-type":"","background-media":"","overlay-type":"","overlay-color":"","overlay-opacity":"","overlay-gradient":""}},"ast-content-background-meta":{"desktop":{"background-color":"var(--ast-global-color-4)","background-image":"","background-repeat":"repeat","background-position":"center center","background-size":"auto","background-attachment":"scroll","background-type":"","background-media":"","overlay-type":"","overlay-color":"","overlay-opacity":"","overlay-gradient":""},"tablet":{"background-color":"var(--ast-global-color-4)","background-image":"","background-repeat":"repeat","background-position":"center center","background-size":"auto","background-attachment":"scroll","background-type":"","background-media":"","overlay-type":"","overlay-color":"","overlay-opacity":"","overlay-gradient":""},"mobile":{"background-color":"var(--ast-global-color-4)","background-image":"","background-repeat":"repeat","background-position":"center center","background-size":"auto","background-attachment":"scroll","background-type":"","background-media":"","overlay-type":"","overlay-color":"","overlay-opacity":"","overlay-gradient":""}}},"product_brand":[],"product_cat":[168],"product_tag":[],"class_list":{"0":"post-25072","1":"product","2":"type-product","3":"status-publish","4":"has-post-thumbnail","6":"product_cat-hushallsartiklar","7":"pa_62154_rlp2hafn-a","8":"pa_62154_rlp2hafn-b","9":"desktop-align-left","10":"tablet-align-left","11":"mobile-align-left","13":"first","14":"instock","15":"shipping-taxable","16":"purchasable","17":"product-type-variable"},"yoast_head":"<!-- This site is optimized with the Yoast SEO plugin v26.6 - https:\/\/yoast.com\/wordpress\/plugins\/seo\/ -->\n<title>Frit\u00f6s i rostfritt st\u00e5l - Mekulo SE<\/title>\n<meta name=\"robots\" content=\"index, follow, max-snippet:-1, max-image-preview:large, max-video-preview:-1\" \/>\n<link rel=\"canonical\" href=\"https:\/\/mekulo.com\/se\/produkt\/fritos-i-rostfritt-stal-2\/\" \/>\n<meta property=\"og:locale\" content=\"sv_SE\" \/>\n<meta property=\"og:type\" content=\"article\" \/>\n<meta property=\"og:title\" content=\"Frit\u00f6s i rostfritt st\u00e5l - Mekulo SE\" \/>\n<meta property=\"og:description\" content=\"\ud83d\udc69\u200d\ud83c\udf73Crispy resultat, renare matlagning. \ud83c\udf73Ett smartare s\u00e4tt att steka hemma. \ud83c\udf5fDesignade f\u00f6r kontroll, bekv\u00e4mlighet och h\u00e5llbarhet, hj\u00e4lper denna frit\u00f6s i rostfritt st\u00e5l dig att f\u00e5 gyllene, j\u00e4mnt stekt mat samtidigt som ditt k\u00f6k h\u00e5lls organiserat och r\u00f6rigt.\" \/>\n<meta property=\"og:url\" content=\"https:\/\/mekulo.com\/se\/produkt\/fritos-i-rostfritt-stal-2\/\" \/>\n<meta property=\"og:site_name\" content=\"Mekulo SE\" \/>\n<meta property=\"article:modified_time\" content=\"2026-02-25T18:03:43+00:00\" \/>\n<meta property=\"og:image\" content=\"https:\/\/mekulo.com\/se\/wp-content\/uploads\/sites\/11\/2026\/02\/3i9h75x-1.jpg\" \/>\n\t<meta property=\"og:image:width\" content=\"713\" \/>\n\t<meta property=\"og:image:height\" content=\"725\" \/>\n\t<meta property=\"og:image:type\" content=\"image\/jpeg\" \/>\n<meta name=\"twitter:card\" content=\"summary_large_image\" \/>\n<meta name=\"twitter:label1\" content=\"Ber\u00e4knad l\u00e4stid\" \/>\n\t<meta name=\"twitter:data1\" content=\"2 minuter\" \/>\n<script type=\"application\/ld+json\" class=\"yoast-schema-graph\">{\"@context\":\"https:\/\/schema.org\",\"@graph\":[{\"@type\":\"WebPage\",\"@id\":\"https:\/\/mekulo.com\/se\/produkt\/fritos-i-rostfritt-stal-2\/\",\"url\":\"https:\/\/mekulo.com\/se\/produkt\/fritos-i-rostfritt-stal-2\/\",\"name\":\"Frit\u00f6s i rostfritt st\u00e5l - Mekulo SE\",\"isPartOf\":{\"@id\":\"https:\/\/mekulo.com\/se\/#website\"},\"primaryImageOfPage\":{\"@id\":\"https:\/\/mekulo.com\/se\/produkt\/fritos-i-rostfritt-stal-2\/#primaryimage\"},\"image\":{\"@id\":\"https:\/\/mekulo.com\/se\/produkt\/fritos-i-rostfritt-stal-2\/#primaryimage\"},\"thumbnailUrl\":\"https:\/\/mekulo.com\/se\/wp-content\/uploads\/sites\/11\/2026\/02\/3i9h75x-1.jpg\",\"datePublished\":\"2026-02-25T18:03:36+00:00\",\"dateModified\":\"2026-02-25T18:03:43+00:00\",\"breadcrumb\":{\"@id\":\"https:\/\/mekulo.com\/se\/produkt\/fritos-i-rostfritt-stal-2\/#breadcrumb\"},\"inLanguage\":\"sv-SE\",\"potentialAction\":[{\"@type\":\"ReadAction\",\"target\":[\"https:\/\/mekulo.com\/se\/produkt\/fritos-i-rostfritt-stal-2\/\"]}]},{\"@type\":\"ImageObject\",\"inLanguage\":\"sv-SE\",\"@id\":\"https:\/\/mekulo.com\/se\/produkt\/fritos-i-rostfritt-stal-2\/#primaryimage\",\"url\":\"https:\/\/mekulo.com\/se\/wp-content\/uploads\/sites\/11\/2026\/02\/3i9h75x-1.jpg\",\"contentUrl\":\"https:\/\/mekulo.com\/se\/wp-content\/uploads\/sites\/11\/2026\/02\/3i9h75x-1.jpg\",\"width\":713,\"height\":725},{\"@type\":\"BreadcrumbList\",\"@id\":\"https:\/\/mekulo.com\/se\/produkt\/fritos-i-rostfritt-stal-2\/#breadcrumb\",\"itemListElement\":[{\"@type\":\"ListItem\",\"position\":1,\"name\":\"Home\",\"item\":\"https:\/\/mekulo.com\/se\/\"},{\"@type\":\"ListItem\",\"position\":2,\"name\":\"Butik\",\"item\":\"https:\/\/mekulo.com\/se\/butik\/\"},{\"@type\":\"ListItem\",\"position\":3,\"name\":\"Frit\u00f6s i rostfritt st\u00e5l\"}]},{\"@type\":\"WebSite\",\"@id\":\"https:\/\/mekulo.com\/se\/#website\",\"url\":\"https:\/\/mekulo.com\/se\/\",\"name\":\"Mekulo SE\",\"description\":\"\",\"publisher\":{\"@id\":\"https:\/\/mekulo.com\/se\/#organization\"},\"potentialAction\":[{\"@type\":\"SearchAction\",\"target\":{\"@type\":\"EntryPoint\",\"urlTemplate\":\"https:\/\/mekulo.com\/se\/?s={search_term_string}\"},\"query-input\":{\"@type\":\"PropertyValueSpecification\",\"valueRequired\":true,\"valueName\":\"search_term_string\"}}],\"inLanguage\":\"sv-SE\"},{\"@type\":\"Organization\",\"@id\":\"https:\/\/mekulo.com\/se\/#organization\",\"name\":\"Mekulo\",\"url\":\"https:\/\/mekulo.com\/se\/\",\"logo\":{\"@type\":\"ImageObject\",\"inLanguage\":\"sv-SE\",\"@id\":\"https:\/\/mekulo.com\/se\/#\/schema\/logo\/image\/\",\"url\":\"https:\/\/mekulo.com\/se\/wp-content\/uploads\/sites\/11\/2025\/12\/favicon_mekulo.png\",\"contentUrl\":\"https:\/\/mekulo.com\/se\/wp-content\/uploads\/sites\/11\/2025\/12\/favicon_mekulo.png\",\"width\":50,\"height\":50,\"caption\":\"Mekulo\"},\"image\":{\"@id\":\"https:\/\/mekulo.com\/se\/#\/schema\/logo\/image\/\"}}]}<\/script>\n<!-- \/ Yoast SEO plugin. -->","yoast_head_json":{"title":"Frit\u00f6s i rostfritt st\u00e5l - Mekulo SE","robots":{"index":"index","follow":"follow","max-snippet":"max-snippet:-1","max-image-preview":"max-image-preview:large","max-video-preview":"max-video-preview:-1"},"canonical":"https:\/\/mekulo.com\/se\/produkt\/fritos-i-rostfritt-stal-2\/","og_locale":"sv_SE","og_type":"article","og_title":"Frit\u00f6s i rostfritt st\u00e5l - Mekulo SE","og_description":"\ud83d\udc69\u200d\ud83c\udf73Crispy resultat, renare matlagning. \ud83c\udf73Ett smartare s\u00e4tt att steka hemma. \ud83c\udf5fDesignade f\u00f6r kontroll, bekv\u00e4mlighet och h\u00e5llbarhet, hj\u00e4lper denna frit\u00f6s i rostfritt st\u00e5l dig att f\u00e5 gyllene, j\u00e4mnt stekt mat samtidigt som ditt k\u00f6k h\u00e5lls organiserat och r\u00f6rigt.","og_url":"https:\/\/mekulo.com\/se\/produkt\/fritos-i-rostfritt-stal-2\/","og_site_name":"Mekulo SE","article_modified_time":"2026-02-25T18:03:43+00:00","og_image":[{"width":713,"height":725,"url":"https:\/\/mekulo.com\/se\/wp-content\/uploads\/sites\/11\/2026\/02\/3i9h75x-1.jpg","type":"image\/jpeg"}],"twitter_card":"summary_large_image","twitter_misc":{"Ber\u00e4knad l\u00e4stid":"2 minuter"},"schema":{"@context":"https:\/\/schema.org","@graph":[{"@type":"WebPage","@id":"https:\/\/mekulo.com\/se\/produkt\/fritos-i-rostfritt-stal-2\/","url":"https:\/\/mekulo.com\/se\/produkt\/fritos-i-rostfritt-stal-2\/","name":"Frit\u00f6s i rostfritt st\u00e5l - Mekulo SE","isPartOf":{"@id":"https:\/\/mekulo.com\/se\/#website"},"primaryImageOfPage":{"@id":"https:\/\/mekulo.com\/se\/produkt\/fritos-i-rostfritt-stal-2\/#primaryimage"},"image":{"@id":"https:\/\/mekulo.com\/se\/produkt\/fritos-i-rostfritt-stal-2\/#primaryimage"},"thumbnailUrl":"https:\/\/mekulo.com\/se\/wp-content\/uploads\/sites\/11\/2026\/02\/3i9h75x-1.jpg","datePublished":"2026-02-25T18:03:36+00:00","dateModified":"2026-02-25T18:03:43+00:00","breadcrumb":{"@id":"https:\/\/mekulo.com\/se\/produkt\/fritos-i-rostfritt-stal-2\/#breadcrumb"},"inLanguage":"sv-SE","potentialAction":[{"@type":"ReadAction","target":["https:\/\/mekulo.com\/se\/produkt\/fritos-i-rostfritt-stal-2\/"]}]},{"@type":"ImageObject","inLanguage":"sv-SE","@id":"https:\/\/mekulo.com\/se\/produkt\/fritos-i-rostfritt-stal-2\/#primaryimage","url":"https:\/\/mekulo.com\/se\/wp-content\/uploads\/sites\/11\/2026\/02\/3i9h75x-1.jpg","contentUrl":"https:\/\/mekulo.com\/se\/wp-content\/uploads\/sites\/11\/2026\/02\/3i9h75x-1.jpg","width":713,"height":725},{"@type":"BreadcrumbList","@id":"https:\/\/mekulo.com\/se\/produkt\/fritos-i-rostfritt-stal-2\/#breadcrumb","itemListElement":[{"@type":"ListItem","position":1,"name":"Home","item":"https:\/\/mekulo.com\/se\/"},{"@type":"ListItem","position":2,"name":"Butik","item":"https:\/\/mekulo.com\/se\/butik\/"},{"@type":"ListItem","position":3,"name":"Frit\u00f6s i rostfritt st\u00e5l"}]},{"@type":"WebSite","@id":"https:\/\/mekulo.com\/se\/#website","url":"https:\/\/mekulo.com\/se\/","name":"Mekulo SE","description":"","publisher":{"@id":"https:\/\/mekulo.com\/se\/#organization"},"potentialAction":[{"@type":"SearchAction","target":{"@type":"EntryPoint","urlTemplate":"https:\/\/mekulo.com\/se\/?s={search_term_string}"},"query-input":{"@type":"PropertyValueSpecification","valueRequired":true,"valueName":"search_term_string"}}],"inLanguage":"sv-SE"},{"@type":"Organization","@id":"https:\/\/mekulo.com\/se\/#organization","name":"Mekulo","url":"https:\/\/mekulo.com\/se\/","logo":{"@type":"ImageObject","inLanguage":"sv-SE","@id":"https:\/\/mekulo.com\/se\/#\/schema\/logo\/image\/","url":"https:\/\/mekulo.com\/se\/wp-content\/uploads\/sites\/11\/2025\/12\/favicon_mekulo.png","contentUrl":"https:\/\/mekulo.com\/se\/wp-content\/uploads\/sites\/11\/2025\/12\/favicon_mekulo.png","width":50,"height":50,"caption":"Mekulo"},"image":{"@id":"https:\/\/mekulo.com\/se\/#\/schema\/logo\/image\/"}}]}},"_links":{"self":[{"href":"https:\/\/mekulo.com\/se\/wp-json\/wp\/v2\/product\/25072","targetHints":{"allow":["GET"]}}],"collection":[{"href":"https:\/\/mekulo.com\/se\/wp-json\/wp\/v2\/product"}],"about":[{"href":"https:\/\/mekulo.com\/se\/wp-json\/wp\/v2\/types\/product"}],"replies":[{"embeddable":true,"href":"https:\/\/mekulo.com\/se\/wp-json\/wp\/v2\/comments?post=25072"}],"wp:featuredmedia":[{"embeddable":true,"href":"https:\/\/mekulo.com\/se\/wp-json\/wp\/v2\/media\/25068"}],"wp:attachment":[{"href":"https:\/\/mekulo.com\/se\/wp-json\/wp\/v2\/media?parent=25072"}],"wp:term":[{"taxonomy":"product_brand","embeddable":true,"href":"https:\/\/mekulo.com\/se\/wp-json\/wp\/v2\/product_brand?post=25072"},{"taxonomy":"product_cat","embeddable":true,"href":"https:\/\/mekulo.com\/se\/wp-json\/wp\/v2\/product_cat?post=25072"},{"taxonomy":"product_tag","embeddable":true,"href":"https:\/\/mekulo.com\/se\/wp-json\/wp\/v2\/product_tag?post=25072"}],"curies":[{"name":"wp","href":"https:\/\/api.w.org\/{rel}","templated":true}]}}