{"id":24992,"date":"2026-02-25T18:48:16","date_gmt":"2026-02-25T16:48:16","guid":{"rendered":"https:\/\/mekulo.com\/se\/produkt\/justerbar-u-formad-kudde-for-bilhuvudstod\/"},"modified":"2026-02-25T18:48:40","modified_gmt":"2026-02-25T16:48:40","slug":"justerbar-u-formad-kudde-for-bilhuvudstod","status":"publish","type":"product","link":"https:\/\/mekulo.com\/se\/produkt\/justerbar-u-formad-kudde-for-bilhuvudstod\/","title":{"rendered":"Justerbar U-formad kudde f\u00f6r bilhuvudst\u00f6d"},"content":{"rendered":"<h2 style=\"text-align: center\" data-start=\"309\" data-end=\"325\">\u2728 L\u00f6ftet<\/h2>\n<p style=\"text-align: center\" data-start=\"327\" data-end=\"389\">Justera p\u00e5 n\u00e5gra sekunder.<br data-start=\"345\" data-end=\"348\" \/>Koppla av direkt.<br data-start=\"364\" data-end=\"367\" \/>Kom fram och m\u00e5 b\u00e4ttre.<\/p>\n<p data-start=\"327\" data-end=\"389\"><img fetchpriority=\"high\" decoding=\"async\" class=\" wp-image-26138 aligncenter\" src=\"https:\/\/mekulo.com\/template\/wp-content\/uploads\/sites\/6\/2026\/02\/122119-ezgif.com-video-to-webp-converter.webp\" alt=\"\" width=\"550\" height=\"550\" \/><\/p>\n<h2 style=\"text-align: center\" data-start=\"396\" data-end=\"414\">\u2705 Huvudf\u00f6rdelar<\/h2>\n<p data-start=\"418\" data-end=\"503\">\ud83e\udde0 Adaptiv komfort med minnesskum &#8211; Anpassar sig f\u00f6rsiktigt till nackens naturliga form.<\/p>\n<p data-start=\"507\" data-end=\"597\">\ud83d\udd04 Multiriktad justering &#8211; Finjustera positionen f\u00f6r din perfekta st\u00f6dvinkel.<\/p>\n<p data-start=\"601\" data-end=\"681\">\ud83d\udc86 Balanserat huvud- och nackst\u00f6d &#8211; Hj\u00e4lper till att minska sp\u00e4nningar under l\u00e5nga k\u00f6rningar.<\/p>\n<p data-start=\"685\" data-end=\"768\">\ud83d\udee1\ufe0f Stabil, vickningsfri passform &#8211; S\u00e4kert kl\u00e4msystem h\u00e5ller kudden stadig.<\/p>\n<p data-start=\"772\" data-end=\"845\">\ud83c\udf2c\ufe0f Bekv\u00e4ma ytor som andas &#8211; Utformad f\u00f6r anv\u00e4ndning \u00e5ret runt.<\/p>\n<p data-start=\"849\" data-end=\"934\">\ud83d\udcf1 Integrerad telefonh\u00e5llare &#8211; Bekv\u00e4m handsfree-navigering eller underh\u00e5llning.<\/p>\n<p data-start=\"938\" data-end=\"1001\">\ud83e\uddf3 Vikbar krok &#8211; H\u00e5ller v\u00e4skor eller rockar organiserade.<\/p>\n<p data-start=\"1005\" data-end=\"1077\">\u2728 Snygg, modern finish &#8211; sm\u00e4lter s\u00f6ml\u00f6st in i bilens interi\u00f6r.<\/p>\n<p data-start=\"1005\" data-end=\"1077\"><img decoding=\"async\" class=\"size-full wp-image-26141 aligncenter\" src=\"https:\/\/mekulo.com\/template\/wp-content\/uploads\/sites\/6\/2026\/02\/S983aa3c1f5474ffa882257997a553ca7e.jpg_960x960q75.jpg_.avif\" alt=\"\" width=\"800\" height=\"800\" \/><\/p>\n<h2 style=\"text-align: center\" data-start=\"1084\" data-end=\"1107\">\u2757 Problem \u2192 L\u00f6sning<\/h2>\n<p data-start=\"1109\" data-end=\"1228\"><strong data-start=\"1109\" data-end=\"1121\">Problem:<\/strong><br data-start=\"1121\" data-end=\"1124\" \/>L\u00e5nga bilresor och dagliga pendlingar leder ofta till stelhet i nacken, tr\u00f6tthet och obekv\u00e4m sittst\u00e4llning.<\/p>\n<p data-start=\"1230\" data-end=\"1356\"><strong data-start=\"1230\" data-end=\"1243\">L\u00f6sning:<\/strong><br data-start=\"1243\" data-end=\"1246\" \/>Denna U-formade nackkudde f\u00f6r bilhuvudst\u00f6d ger riktat, justerbart st\u00f6d f\u00f6r att fr\u00e4mja en mer avslappnad reseposition.<\/p>\n<h2 style=\"text-align: center\" data-start=\"1363\" data-end=\"1380\">\ud83c\udf3f Perfekt f\u00f6r<\/h2>\n<ul data-start=\"1382\" data-end=\"1487\">\n<li data-start=\"1382\" data-end=\"1401\">\n<p data-start=\"1384\" data-end=\"1401\">Daglig pendling<\/p>\n<\/li>\n<li data-start=\"1402\" data-end=\"1416\">\n<p data-start=\"1404\" data-end=\"1416\">Radresor<\/p>\n<\/li>\n<li data-start=\"1417\" data-end=\"1438\">\n<p data-start=\"1419\" data-end=\"1438\">Passagerarkomfort<\/p>\n<\/li>\n<li data-start=\"1439\" data-end=\"1460\">\n<p data-start=\"1441\" data-end=\"1460\">Ridesharef\u00f6rare<\/p>\n<\/li>\n<li data-start=\"1461\" data-end=\"1487\">\n<p data-start=\"1463\" data-end=\"1487\">Resor &amp; l\u00e5nga resor<\/p>\n<\/li>\n<\/ul>\n<p data-start=\"1489\" data-end=\"1529\">Komfort f\u00f6r b\u00e5de f\u00f6rare och passagerare.<\/p>\n<h2 style=\"text-align: center\" data-start=\"1536\" data-end=\"1552\">\u2699\ufe0f Hur man anv\u00e4nder<\/h2>\n<ol data-start=\"1554\" data-end=\"1694\">\n<li data-start=\"1554\" data-end=\"1598\">\n<p data-start=\"1557\" data-end=\"1598\">F\u00e4st med det s\u00e4kra kl\u00e4msystemet.<\/p>\n<\/li>\n<li data-start=\"1599\" data-end=\"1627\">\n<p data-start=\"1602\" data-end=\"1627\">Justera h\u00f6jd och vinkel.<\/p>\n<\/li>\n<li data-start=\"1628\" data-end=\"1666\">\n<p data-start=\"1631\" data-end=\"1666\">Placera f\u00f6r naturligt nackst\u00f6d.<\/p>\n<\/li>\n<li data-start=\"1667\" data-end=\"1694\">\n<p data-start=\"1670\" data-end=\"1694\">Montera telefonen om s\u00e5 \u00f6nskas.<\/p>\n<\/li>\n<\/ol>\n<h2 style=\"text-align: center\" data-start=\"1734\" data-end=\"1755\">\ud83d\udcd0 Produktdetaljer<\/h2>\n<ul data-start=\"1757\" data-end=\"1992\">\n<li data-start=\"1757\" data-end=\"1779\">\n<p data-start=\"1759\" data-end=\"1779\">Form: U-form<\/p>\n<\/li>\n<li data-start=\"1780\" data-end=\"1808\">\n<p data-start=\"1782\" data-end=\"1808\">Fyllning: Memoryskum<\/p>\n<\/li>\n<li data-start=\"1809\" data-end=\"1872\">\n<p data-start=\"1811\" data-end=\"1872\">Huvudmaterial: Syntetiskt l\u00e4der<\/p>\n<\/li>\n<li data-start=\"1873\" data-end=\"1909\">\n<p data-start=\"1875\" data-end=\"1909\">Passform: Universell kompatibilitet<\/p>\n<\/li>\n<li data-start=\"1910\" data-end=\"1947\">\n<p data-start=\"1912\" data-end=\"1947\">Justering: Multiriktad<\/p>\n<\/li>\n<li data-start=\"1948\" data-end=\"1992\">\n<p data-start=\"1950\" data-end=\"1992\">Extras: Telefonh\u00e5llare + vikbar krok<\/p>\n<\/li>\n<li data-start=\"1948\" data-end=\"1992\">Storlek: 260 x 185 cm<\/li>\n<\/ul>\n<h2 style=\"text-align: center\" data-start=\"2049\" data-end=\"2071\">\ud83d\udce6 Paketet inneh\u00e5ller<\/h2>\n<ul data-start=\"2073\" data-end=\"2118\">\n<li data-start=\"2073\" data-end=\"2118\">\n<p data-start=\"2075\" data-end=\"2118\">1x justerbar U-formad huvudst\u00f6dskudde f\u00f6r bil.<\/p>\n<\/li>\n<\/ul>\n","protected":false},"excerpt":{"rendered":"<p>\ud83d\ude97F\u00f6rvandla varje bilresa till en komfortupplevelse.<br \/>\n\ud83e\uddf3Personligt nackst\u00f6d f\u00f6r avslappnade resor utan tr\u00f6tthet.<br \/>\n\ud83d\udc86Den h\u00e4r justerbara U-formade huvudkudden f\u00f6r bilhuvudst\u00f6d \u00e4r utformad f\u00f6r att naturligt vagga ditt huvud och din nacke och hj\u00e4lper till att f\u00f6rvandla vanliga s\u00e4ten till ett utrymme med lugnt, balanserat st\u00f6d.<\/p>\n","protected":false},"featured_media":24988,"comment_status":"open","ping_status":"closed","template":"","meta":{"site-sidebar-layout":"default","site-content-layout":"","ast-site-content-layout":"default","site-content-style":"default","site-sidebar-style":"default","ast-global-header-display":"","ast-banner-title-visibility":"","ast-main-header-display":"","ast-hfb-above-header-display":"","ast-hfb-below-header-display":"","ast-hfb-mobile-header-display":"","site-post-title":"","ast-breadcrumbs-content":"","ast-featured-img":"","footer-sml-layout":"","theme-transparent-header-meta":"default","adv-header-id-meta":"","stick-header-meta":"","header-above-stick-meta":"","header-main-stick-meta":"","header-below-stick-meta":"","astra-migrate-meta-layouts":"set","ast-page-background-enabled":"default","ast-page-background-meta":{"desktop":{"background-color":"var(--ast-global-color-5)","background-image":"","background-repeat":"repeat","background-position":"center center","background-size":"auto","background-attachment":"scroll","background-type":"","background-media":"","overlay-type":"","overlay-color":"","overlay-opacity":"","overlay-gradient":""},"tablet":{"background-color":"","background-image":"","background-repeat":"repeat","background-position":"center center","background-size":"auto","background-attachment":"scroll","background-type":"","background-media":"","overlay-type":"","overlay-color":"","overlay-opacity":"","overlay-gradient":""},"mobile":{"background-color":"","background-image":"","background-repeat":"repeat","background-position":"center center","background-size":"auto","background-attachment":"scroll","background-type":"","background-media":"","overlay-type":"","overlay-color":"","overlay-opacity":"","overlay-gradient":""}},"ast-content-background-meta":{"desktop":{"background-color":"var(--ast-global-color-4)","background-image":"","background-repeat":"repeat","background-position":"center center","background-size":"auto","background-attachment":"scroll","background-type":"","background-media":"","overlay-type":"","overlay-color":"","overlay-opacity":"","overlay-gradient":""},"tablet":{"background-color":"var(--ast-global-color-4)","background-image":"","background-repeat":"repeat","background-position":"center center","background-size":"auto","background-attachment":"scroll","background-type":"","background-media":"","overlay-type":"","overlay-color":"","overlay-opacity":"","overlay-gradient":""},"mobile":{"background-color":"var(--ast-global-color-4)","background-image":"","background-repeat":"repeat","background-position":"center center","background-size":"auto","background-attachment":"scroll","background-type":"","background-media":"","overlay-type":"","overlay-color":"","overlay-opacity":"","overlay-gradient":""}}},"product_brand":[],"product_cat":[161],"product_tag":[],"class_list":{"0":"post-24992","1":"product","2":"type-product","3":"status-publish","4":"has-post-thumbnail","6":"product_cat-bilprodukter","7":"pa_62333_aagnuwwk-beige","8":"pa_62333_aagnuwwk-brun","9":"pa_62333_aagnuwwk-gra","10":"pa_62333_aagnuwwk-kaffe","11":"pa_62333_aagnuwwk-rod","12":"pa_62333_aagnuwwk-svart","13":"pa_62333_aagnuwwk-vit","14":"desktop-align-left","15":"tablet-align-left","16":"mobile-align-left","18":"first","19":"instock","20":"shipping-taxable","21":"purchasable","22":"product-type-variable"},"yoast_head":"<!-- This site is optimized with the Yoast SEO plugin v26.6 - https:\/\/yoast.com\/wordpress\/plugins\/seo\/ -->\n<title>Justerbar U-formad kudde f\u00f6r bilhuvudst\u00f6d - Mekulo SE<\/title>\n<meta name=\"robots\" content=\"index, follow, max-snippet:-1, max-image-preview:large, max-video-preview:-1\" \/>\n<link rel=\"canonical\" href=\"https:\/\/mekulo.com\/se\/produkt\/justerbar-u-formad-kudde-for-bilhuvudstod\/\" \/>\n<meta property=\"og:locale\" content=\"sv_SE\" \/>\n<meta property=\"og:type\" content=\"article\" \/>\n<meta property=\"og:title\" content=\"Justerbar U-formad kudde f\u00f6r bilhuvudst\u00f6d - Mekulo SE\" \/>\n<meta property=\"og:description\" content=\"\ud83d\ude97F\u00f6rvandla varje bilresa till en komfortupplevelse. \ud83e\uddf3Personligt nackst\u00f6d f\u00f6r avslappnade resor utan tr\u00f6tthet. \ud83d\udc86Den h\u00e4r justerbara U-formade huvudkudden f\u00f6r bilhuvudst\u00f6d \u00e4r utformad f\u00f6r att naturligt vagga ditt huvud och din nacke och hj\u00e4lper till att f\u00f6rvandla vanliga s\u00e4ten till ett utrymme med lugnt, balanserat st\u00f6d.\" \/>\n<meta property=\"og:url\" content=\"https:\/\/mekulo.com\/se\/produkt\/justerbar-u-formad-kudde-for-bilhuvudstod\/\" \/>\n<meta property=\"og:site_name\" content=\"Mekulo SE\" \/>\n<meta property=\"article:modified_time\" content=\"2026-02-25T16:48:40+00:00\" \/>\n<meta property=\"og:image\" content=\"https:\/\/mekulo.com\/se\/wp-content\/uploads\/sites\/11\/2026\/02\/fw82hc2-1.jpg\" \/>\n\t<meta property=\"og:image:width\" content=\"800\" \/>\n\t<meta property=\"og:image:height\" content=\"800\" \/>\n\t<meta property=\"og:image:type\" content=\"image\/jpeg\" \/>\n<meta name=\"twitter:card\" content=\"summary_large_image\" \/>\n<meta name=\"twitter:label1\" content=\"Ber\u00e4knad l\u00e4stid\" \/>\n\t<meta name=\"twitter:data1\" content=\"2 minuter\" \/>\n<script type=\"application\/ld+json\" class=\"yoast-schema-graph\">{\"@context\":\"https:\/\/schema.org\",\"@graph\":[{\"@type\":\"WebPage\",\"@id\":\"https:\/\/mekulo.com\/se\/produkt\/justerbar-u-formad-kudde-for-bilhuvudstod\/\",\"url\":\"https:\/\/mekulo.com\/se\/produkt\/justerbar-u-formad-kudde-for-bilhuvudstod\/\",\"name\":\"Justerbar U-formad kudde f\u00f6r bilhuvudst\u00f6d - Mekulo SE\",\"isPartOf\":{\"@id\":\"https:\/\/mekulo.com\/se\/#website\"},\"primaryImageOfPage\":{\"@id\":\"https:\/\/mekulo.com\/se\/produkt\/justerbar-u-formad-kudde-for-bilhuvudstod\/#primaryimage\"},\"image\":{\"@id\":\"https:\/\/mekulo.com\/se\/produkt\/justerbar-u-formad-kudde-for-bilhuvudstod\/#primaryimage\"},\"thumbnailUrl\":\"https:\/\/mekulo.com\/se\/wp-content\/uploads\/sites\/11\/2026\/02\/fw82hc2-1.jpg\",\"datePublished\":\"2026-02-25T16:48:16+00:00\",\"dateModified\":\"2026-02-25T16:48:40+00:00\",\"breadcrumb\":{\"@id\":\"https:\/\/mekulo.com\/se\/produkt\/justerbar-u-formad-kudde-for-bilhuvudstod\/#breadcrumb\"},\"inLanguage\":\"sv-SE\",\"potentialAction\":[{\"@type\":\"ReadAction\",\"target\":[\"https:\/\/mekulo.com\/se\/produkt\/justerbar-u-formad-kudde-for-bilhuvudstod\/\"]}]},{\"@type\":\"ImageObject\",\"inLanguage\":\"sv-SE\",\"@id\":\"https:\/\/mekulo.com\/se\/produkt\/justerbar-u-formad-kudde-for-bilhuvudstod\/#primaryimage\",\"url\":\"https:\/\/mekulo.com\/se\/wp-content\/uploads\/sites\/11\/2026\/02\/fw82hc2-1.jpg\",\"contentUrl\":\"https:\/\/mekulo.com\/se\/wp-content\/uploads\/sites\/11\/2026\/02\/fw82hc2-1.jpg\",\"width\":800,\"height\":800},{\"@type\":\"BreadcrumbList\",\"@id\":\"https:\/\/mekulo.com\/se\/produkt\/justerbar-u-formad-kudde-for-bilhuvudstod\/#breadcrumb\",\"itemListElement\":[{\"@type\":\"ListItem\",\"position\":1,\"name\":\"Home\",\"item\":\"https:\/\/mekulo.com\/se\/\"},{\"@type\":\"ListItem\",\"position\":2,\"name\":\"Butik\",\"item\":\"https:\/\/mekulo.com\/se\/butik\/\"},{\"@type\":\"ListItem\",\"position\":3,\"name\":\"Justerbar U-formad kudde f\u00f6r bilhuvudst\u00f6d\"}]},{\"@type\":\"WebSite\",\"@id\":\"https:\/\/mekulo.com\/se\/#website\",\"url\":\"https:\/\/mekulo.com\/se\/\",\"name\":\"Mekulo SE\",\"description\":\"\",\"publisher\":{\"@id\":\"https:\/\/mekulo.com\/se\/#organization\"},\"potentialAction\":[{\"@type\":\"SearchAction\",\"target\":{\"@type\":\"EntryPoint\",\"urlTemplate\":\"https:\/\/mekulo.com\/se\/?s={search_term_string}\"},\"query-input\":{\"@type\":\"PropertyValueSpecification\",\"valueRequired\":true,\"valueName\":\"search_term_string\"}}],\"inLanguage\":\"sv-SE\"},{\"@type\":\"Organization\",\"@id\":\"https:\/\/mekulo.com\/se\/#organization\",\"name\":\"Mekulo\",\"url\":\"https:\/\/mekulo.com\/se\/\",\"logo\":{\"@type\":\"ImageObject\",\"inLanguage\":\"sv-SE\",\"@id\":\"https:\/\/mekulo.com\/se\/#\/schema\/logo\/image\/\",\"url\":\"https:\/\/mekulo.com\/se\/wp-content\/uploads\/sites\/11\/2025\/12\/favicon_mekulo.png\",\"contentUrl\":\"https:\/\/mekulo.com\/se\/wp-content\/uploads\/sites\/11\/2025\/12\/favicon_mekulo.png\",\"width\":50,\"height\":50,\"caption\":\"Mekulo\"},\"image\":{\"@id\":\"https:\/\/mekulo.com\/se\/#\/schema\/logo\/image\/\"}}]}<\/script>\n<!-- \/ Yoast SEO plugin. -->","yoast_head_json":{"title":"Justerbar U-formad kudde f\u00f6r bilhuvudst\u00f6d - Mekulo SE","robots":{"index":"index","follow":"follow","max-snippet":"max-snippet:-1","max-image-preview":"max-image-preview:large","max-video-preview":"max-video-preview:-1"},"canonical":"https:\/\/mekulo.com\/se\/produkt\/justerbar-u-formad-kudde-for-bilhuvudstod\/","og_locale":"sv_SE","og_type":"article","og_title":"Justerbar U-formad kudde f\u00f6r bilhuvudst\u00f6d - Mekulo SE","og_description":"\ud83d\ude97F\u00f6rvandla varje bilresa till en komfortupplevelse. \ud83e\uddf3Personligt nackst\u00f6d f\u00f6r avslappnade resor utan tr\u00f6tthet. \ud83d\udc86Den h\u00e4r justerbara U-formade huvudkudden f\u00f6r bilhuvudst\u00f6d \u00e4r utformad f\u00f6r att naturligt vagga ditt huvud och din nacke och hj\u00e4lper till att f\u00f6rvandla vanliga s\u00e4ten till ett utrymme med lugnt, balanserat st\u00f6d.","og_url":"https:\/\/mekulo.com\/se\/produkt\/justerbar-u-formad-kudde-for-bilhuvudstod\/","og_site_name":"Mekulo SE","article_modified_time":"2026-02-25T16:48:40+00:00","og_image":[{"width":800,"height":800,"url":"https:\/\/mekulo.com\/se\/wp-content\/uploads\/sites\/11\/2026\/02\/fw82hc2-1.jpg","type":"image\/jpeg"}],"twitter_card":"summary_large_image","twitter_misc":{"Ber\u00e4knad l\u00e4stid":"2 minuter"},"schema":{"@context":"https:\/\/schema.org","@graph":[{"@type":"WebPage","@id":"https:\/\/mekulo.com\/se\/produkt\/justerbar-u-formad-kudde-for-bilhuvudstod\/","url":"https:\/\/mekulo.com\/se\/produkt\/justerbar-u-formad-kudde-for-bilhuvudstod\/","name":"Justerbar U-formad kudde f\u00f6r bilhuvudst\u00f6d - Mekulo SE","isPartOf":{"@id":"https:\/\/mekulo.com\/se\/#website"},"primaryImageOfPage":{"@id":"https:\/\/mekulo.com\/se\/produkt\/justerbar-u-formad-kudde-for-bilhuvudstod\/#primaryimage"},"image":{"@id":"https:\/\/mekulo.com\/se\/produkt\/justerbar-u-formad-kudde-for-bilhuvudstod\/#primaryimage"},"thumbnailUrl":"https:\/\/mekulo.com\/se\/wp-content\/uploads\/sites\/11\/2026\/02\/fw82hc2-1.jpg","datePublished":"2026-02-25T16:48:16+00:00","dateModified":"2026-02-25T16:48:40+00:00","breadcrumb":{"@id":"https:\/\/mekulo.com\/se\/produkt\/justerbar-u-formad-kudde-for-bilhuvudstod\/#breadcrumb"},"inLanguage":"sv-SE","potentialAction":[{"@type":"ReadAction","target":["https:\/\/mekulo.com\/se\/produkt\/justerbar-u-formad-kudde-for-bilhuvudstod\/"]}]},{"@type":"ImageObject","inLanguage":"sv-SE","@id":"https:\/\/mekulo.com\/se\/produkt\/justerbar-u-formad-kudde-for-bilhuvudstod\/#primaryimage","url":"https:\/\/mekulo.com\/se\/wp-content\/uploads\/sites\/11\/2026\/02\/fw82hc2-1.jpg","contentUrl":"https:\/\/mekulo.com\/se\/wp-content\/uploads\/sites\/11\/2026\/02\/fw82hc2-1.jpg","width":800,"height":800},{"@type":"BreadcrumbList","@id":"https:\/\/mekulo.com\/se\/produkt\/justerbar-u-formad-kudde-for-bilhuvudstod\/#breadcrumb","itemListElement":[{"@type":"ListItem","position":1,"name":"Home","item":"https:\/\/mekulo.com\/se\/"},{"@type":"ListItem","position":2,"name":"Butik","item":"https:\/\/mekulo.com\/se\/butik\/"},{"@type":"ListItem","position":3,"name":"Justerbar U-formad kudde f\u00f6r bilhuvudst\u00f6d"}]},{"@type":"WebSite","@id":"https:\/\/mekulo.com\/se\/#website","url":"https:\/\/mekulo.com\/se\/","name":"Mekulo SE","description":"","publisher":{"@id":"https:\/\/mekulo.com\/se\/#organization"},"potentialAction":[{"@type":"SearchAction","target":{"@type":"EntryPoint","urlTemplate":"https:\/\/mekulo.com\/se\/?s={search_term_string}"},"query-input":{"@type":"PropertyValueSpecification","valueRequired":true,"valueName":"search_term_string"}}],"inLanguage":"sv-SE"},{"@type":"Organization","@id":"https:\/\/mekulo.com\/se\/#organization","name":"Mekulo","url":"https:\/\/mekulo.com\/se\/","logo":{"@type":"ImageObject","inLanguage":"sv-SE","@id":"https:\/\/mekulo.com\/se\/#\/schema\/logo\/image\/","url":"https:\/\/mekulo.com\/se\/wp-content\/uploads\/sites\/11\/2025\/12\/favicon_mekulo.png","contentUrl":"https:\/\/mekulo.com\/se\/wp-content\/uploads\/sites\/11\/2025\/12\/favicon_mekulo.png","width":50,"height":50,"caption":"Mekulo"},"image":{"@id":"https:\/\/mekulo.com\/se\/#\/schema\/logo\/image\/"}}]}},"_links":{"self":[{"href":"https:\/\/mekulo.com\/se\/wp-json\/wp\/v2\/product\/24992","targetHints":{"allow":["GET"]}}],"collection":[{"href":"https:\/\/mekulo.com\/se\/wp-json\/wp\/v2\/product"}],"about":[{"href":"https:\/\/mekulo.com\/se\/wp-json\/wp\/v2\/types\/product"}],"replies":[{"embeddable":true,"href":"https:\/\/mekulo.com\/se\/wp-json\/wp\/v2\/comments?post=24992"}],"wp:featuredmedia":[{"embeddable":true,"href":"https:\/\/mekulo.com\/se\/wp-json\/wp\/v2\/media\/24988"}],"wp:attachment":[{"href":"https:\/\/mekulo.com\/se\/wp-json\/wp\/v2\/media?parent=24992"}],"wp:term":[{"taxonomy":"product_brand","embeddable":true,"href":"https:\/\/mekulo.com\/se\/wp-json\/wp\/v2\/product_brand?post=24992"},{"taxonomy":"product_cat","embeddable":true,"href":"https:\/\/mekulo.com\/se\/wp-json\/wp\/v2\/product_cat?post=24992"},{"taxonomy":"product_tag","embeddable":true,"href":"https:\/\/mekulo.com\/se\/wp-json\/wp\/v2\/product_tag?post=24992"}],"curies":[{"name":"wp","href":"https:\/\/api.w.org\/{rel}","templated":true}]}}