{"id":24894,"date":"2026-02-25T18:33:20","date_gmt":"2026-02-25T16:33:20","guid":{"rendered":"https:\/\/mekulo.com\/se\/produkt\/massagerulle-for-ben\/"},"modified":"2026-02-25T18:47:58","modified_gmt":"2026-02-25T16:47:58","slug":"massagerulle-for-ben","status":"publish","type":"product","link":"https:\/\/mekulo.com\/se\/produkt\/massagerulle-for-ben\/","title":{"rendered":"Massagerulle f\u00f6r ben"},"content":{"rendered":"<h2 style=\"text-align: center\" data-start=\"267\" data-end=\"283\">\u2728 L\u00f6ftet<\/h2>\n<p style=\"text-align: center\" data-start=\"285\" data-end=\"336\">Roll gently.<br data-start=\"297\" data-end=\"300\" \/>Relax deeply.<br data-start=\"313\" data-end=\"316\" \/>Recover comfortably.<\/p>\n<p data-start=\"285\" data-end=\"336\"><img fetchpriority=\"high\" decoding=\"async\" class=\" wp-image-26031 aligncenter\" src=\"https:\/\/mekulo.com\/template\/wp-content\/uploads\/sites\/6\/2026\/02\/12215-ezgif.com-video-to-webp-converter-3.webp\" alt=\"\" width=\"550\" height=\"550\" \/><\/p>\n<h2 style=\"text-align: center\" data-start=\"343\" data-end=\"361\">\u2705 Huvudsakliga f\u00f6rdelar<\/h2>\n<p data-start=\"365\" data-end=\"447\">\ud83d\udcaa Deep tissue muscle relief &#8211; Hj\u00e4lper till att frig\u00f6ra uppbyggd sp\u00e4nning och stelhet.<\/p>\n<p data-start=\"451\" data-end=\"544\">\ud83d\udd04 Supports circulation &amp; recovery &#8211; Uppmuntrar naturlig muskelavslappning och r\u00f6rlighet.<\/p>\n<p data-start=\"548\" data-end=\"622\">\ud83d\udd4a\ufe0f Reducerar \u00f6mhet efter aktivitet &#8211; Idealisk f\u00f6re eller efter tr\u00e4ning.<\/p>\n<p data-start=\"626\" data-end=\"702\">\u270b Ergonomisk design med handtag &#8211; Bekv\u00e4mt grepp f\u00f6r kontrollerat tryck.<\/p>\n<p data-start=\"706\" data-end=\"787\">\ud83c\udfaf M\u00e5ngsidighet f\u00f6r hela kroppen &#8211; L\u00e4mplig f\u00f6r ben, vader, armar, nacke och mer.<\/p>\n<p data-start=\"791\" data-end=\"869\">\ud83e\uddf3 L\u00e4tt och b\u00e4rbar &#8211; L\u00e4tt att anv\u00e4nda hemma, p\u00e5 gymmet, kontoret eller p\u00e5 resan.<\/p>\n<p data-start=\"873\" data-end=\"938\">\ud83d\udd0b Inga batterier eller laddning &#8211; Alltid redo f\u00f6r omedelbar anv\u00e4ndning.<\/p>\n<p data-start=\"873\" data-end=\"938\"><img decoding=\"async\" class=\"size-full wp-image-26035 aligncenter\" src=\"https:\/\/mekulo.com\/template\/wp-content\/uploads\/sites\/6\/2026\/02\/Sbe294522d8af447bba8f8f291eef1d2bM.jpg_960x960q75.jpg_.avif\" alt=\"\" width=\"960\" height=\"960\" \/><\/p>\n<h2 style=\"text-align: center\" data-start=\"945\" data-end=\"968\">\u2757 Problem \u2192 L\u00f6sning<\/h2>\n<p data-start=\"970\" data-end=\"1089\"><strong data-start=\"970\" data-end=\"982\">Problem:<\/strong><br data-start=\"982\" data-end=\"985\" \/>Muskelt\u00e4thet, tr\u00f6tthet och \u00f6mhet kan byggas upp fr\u00e5n tr\u00e4ning, l\u00e5ngvarigt st\u00e5ende eller daglig stress.<\/p>\n<p data-start=\"1091\" data-end=\"1199\"><strong data-start=\"1091\" data-end=\"1104\">Solution:<\/strong><br data-start=\"1104\" data-end=\"1107\" \/>Denna benmassagerulle ger riktad massagestimulering f\u00f6r att hj\u00e4lpa till att slappna av musklerna och f\u00f6rb\u00e4ttra komforten.<\/p>\n<h2 style=\"text-align: center\" data-start=\"1206\" data-end=\"1223\">\ud83c\udf3f Perfekt f\u00f6r<\/h2>\n<ul data-start=\"1225\" data-end=\"1369\">\n<li data-start=\"1225\" data-end=\"1250\">\n<p data-start=\"1227\" data-end=\"1250\">\u00c5terh\u00e4mtning efter tr\u00e4ning<\/p>\n<\/li>\n<li data-start=\"1251\" data-end=\"1273\">\n<p data-start=\"1253\" data-end=\"1273\">Massage av ben och vader<\/p>\n<\/li>\n<li data-start=\"1274\" data-end=\"1301\">\n<p data-start=\"1276\" data-end=\"1301\">Tr\u00f6tthet vid skrivbord och st\u00e5ende<\/p>\n<\/li>\n<li data-start=\"1302\" data-end=\"1322\">\n<p data-start=\"1304\" data-end=\"1322\">Rutiner f\u00f6r uppv\u00e4rmning<\/p>\n<\/li>\n<li data-start=\"1323\" data-end=\"1344\">\n<p data-start=\"1325\" data-end=\"1344\">Avkoppling p\u00e5 resan<\/p>\n<\/li>\n<li data-start=\"1345\" data-end=\"1369\">\n<p data-start=\"1347\" data-end=\"1369\">Muskelv\u00e5rd i vardagen<\/p>\n<\/li>\n<\/ul>\n<p data-start=\"1371\" data-end=\"1414\">Ett enkelt till\u00e4gg till din h\u00e4lsorutin.<\/p>\n<h2 style=\"text-align: center\" data-start=\"1421\" data-end=\"1437\">\u2699\ufe0f Hur man anv\u00e4nder<\/h2>\n<ol data-start=\"1439\" data-end=\"1579\">\n<li data-start=\"1439\" data-end=\"1483\">\n<p data-start=\"1442\" data-end=\"1483\">Placera rullen p\u00e5 \u00f6nskat omr\u00e5de.<\/p>\n<\/li>\n<li data-start=\"1484\" data-end=\"1515\">\n<p data-start=\"1487\" data-end=\"1515\">Applicera bekv\u00e4mt tryck.<\/p>\n<\/li>\n<li data-start=\"1516\" data-end=\"1547\">\n<p data-start=\"1519\" data-end=\"1547\">Rulla l\u00e5ngsamt fram och tillbaka.<\/p>\n<\/li>\n<li data-start=\"1548\" data-end=\"1579\">\n<p data-start=\"1551\" data-end=\"1579\">Justera intensiteten efter behov.<\/p>\n<\/li>\n<\/ol>\n<h2 style=\"text-align: center\" data-start=\"1626\" data-end=\"1647\">\ud83d\udcd0 Produktdetaljer<\/h2>\n<ul data-start=\"1649\" data-end=\"1826\">\n<li data-start=\"1679\" data-end=\"1707\">\n<p data-start=\"1681\" data-end=\"1707\">Material: Slitstark PP<\/p>\n<\/li>\n<li data-start=\"1708\" data-end=\"1737\">\n<p data-start=\"1710\" data-end=\"1737\">Sm\u00e5tt: 24 x 26 x 11 cm<\/p>\n<\/li>\n<li data-start=\"1776\" data-end=\"1826\">\n<p data-start=\"1778\" data-end=\"1826\">Anv\u00e4ndningsomr\u00e5de: Massage, formning, muskelavslappning<\/p>\n<\/li>\n<\/ul>\n<h2 style=\"text-align: center\" data-start=\"1871\" data-end=\"1893\">\ud83d\udce6 Paketet inkluderar<\/h2>\n<ul data-start=\"1895\" data-end=\"1920\">\n<li data-start=\"1895\" data-end=\"1920\">\n<p data-start=\"1897\" data-end=\"1920\">1x benmassagerulle.<\/p>\n<\/li>\n<\/ul>\n","protected":false},"excerpt":{"rendered":"<p>\ud83e\uddb5L\u00f6sg\u00f6r sp\u00e4nningar. \u00c5terst\u00e4ll komfort.<br \/>\n\ud83d\udcaaDjup lindring f\u00f6r tr\u00f6tta, \u00f6verarbetade muskler.<br \/>\n<span style=\"font-size: 16px;font-style: normal;font-weight: 400\">\ud83d\udc86\u200d\u2640\ufe0f<\/span>This ergonomisk benmassagerulle hj\u00e4lper till att lindra sp\u00e4nningar, minska \u00f6mhet och st\u00f6dja cirkulationen &#8211; oavsett om det \u00e4r efter tr\u00e4ningspass eller l\u00e5nga dagar p\u00e5 f\u00f6tterna.<\/p>\n","protected":false},"featured_media":24890,"comment_status":"open","ping_status":"closed","template":"","meta":{"site-sidebar-layout":"default","site-content-layout":"","ast-site-content-layout":"default","site-content-style":"default","site-sidebar-style":"default","ast-global-header-display":"","ast-banner-title-visibility":"","ast-main-header-display":"","ast-hfb-above-header-display":"","ast-hfb-below-header-display":"","ast-hfb-mobile-header-display":"","site-post-title":"","ast-breadcrumbs-content":"","ast-featured-img":"","footer-sml-layout":"","theme-transparent-header-meta":"default","adv-header-id-meta":"","stick-header-meta":"","header-above-stick-meta":"","header-main-stick-meta":"","header-below-stick-meta":"","astra-migrate-meta-layouts":"set","ast-page-background-enabled":"default","ast-page-background-meta":{"desktop":{"background-color":"var(--ast-global-color-5)","background-image":"","background-repeat":"repeat","background-position":"center center","background-size":"auto","background-attachment":"scroll","background-type":"","background-media":"","overlay-type":"","overlay-color":"","overlay-opacity":"","overlay-gradient":""},"tablet":{"background-color":"","background-image":"","background-repeat":"repeat","background-position":"center center","background-size":"auto","background-attachment":"scroll","background-type":"","background-media":"","overlay-type":"","overlay-color":"","overlay-opacity":"","overlay-gradient":""},"mobile":{"background-color":"","background-image":"","background-repeat":"repeat","background-position":"center center","background-size":"auto","background-attachment":"scroll","background-type":"","background-media":"","overlay-type":"","overlay-color":"","overlay-opacity":"","overlay-gradient":""}},"ast-content-background-meta":{"desktop":{"background-color":"var(--ast-global-color-4)","background-image":"","background-repeat":"repeat","background-position":"center center","background-size":"auto","background-attachment":"scroll","background-type":"","background-media":"","overlay-type":"","overlay-color":"","overlay-opacity":"","overlay-gradient":""},"tablet":{"background-color":"var(--ast-global-color-4)","background-image":"","background-repeat":"repeat","background-position":"center center","background-size":"auto","background-attachment":"scroll","background-type":"","background-media":"","overlay-type":"","overlay-color":"","overlay-opacity":"","overlay-gradient":""},"mobile":{"background-color":"var(--ast-global-color-4)","background-image":"","background-repeat":"repeat","background-position":"center center","background-size":"auto","background-attachment":"scroll","background-type":"","background-media":"","overlay-type":"","overlay-color":"","overlay-opacity":"","overlay-gradient":""}}},"product_brand":[],"product_cat":[166,162],"product_tag":[],"class_list":{"0":"post-24894","1":"product","2":"type-product","3":"status-publish","4":"has-post-thumbnail","6":"product_cat-halso-och-sjukvardsprodukter","7":"product_cat-skonhets-och-hygienprodukter","8":"pa_62147_ltaac8cq-gron","9":"pa_62147_ltaac8cq-lila","10":"pa_62147_ltaac8cq-rosa","11":"desktop-align-left","12":"tablet-align-left","13":"mobile-align-left","15":"first","16":"instock","17":"shipping-taxable","18":"purchasable","19":"product-type-variable"},"yoast_head":"<!-- This site is optimized with the Yoast SEO plugin v26.6 - https:\/\/yoast.com\/wordpress\/plugins\/seo\/ -->\n<title>Massagerulle f\u00f6r ben - Mekulo SE<\/title>\n<meta name=\"robots\" content=\"index, follow, max-snippet:-1, max-image-preview:large, max-video-preview:-1\" \/>\n<link rel=\"canonical\" href=\"https:\/\/mekulo.com\/se\/produkt\/massagerulle-for-ben\/\" \/>\n<meta property=\"og:locale\" content=\"sv_SE\" \/>\n<meta property=\"og:type\" content=\"article\" \/>\n<meta property=\"og:title\" content=\"Massagerulle f\u00f6r ben - Mekulo SE\" \/>\n<meta property=\"og:description\" content=\"\ud83e\uddb5L\u00f6sg\u00f6r sp\u00e4nningar. \u00c5terst\u00e4ll komfort. \ud83d\udcaaDjup lindring f\u00f6r tr\u00f6tta, \u00f6verarbetade muskler. \ud83d\udc86\u200d\u2640\ufe0fThis ergonomisk benmassagerulle hj\u00e4lper till att lindra sp\u00e4nningar, minska \u00f6mhet och st\u00f6dja cirkulationen - oavsett om det \u00e4r efter tr\u00e4ningspass eller l\u00e5nga dagar p\u00e5 f\u00f6tterna.\" \/>\n<meta property=\"og:url\" content=\"https:\/\/mekulo.com\/se\/produkt\/massagerulle-for-ben\/\" \/>\n<meta property=\"og:site_name\" content=\"Mekulo SE\" \/>\n<meta property=\"article:modified_time\" content=\"2026-02-25T16:47:58+00:00\" \/>\n<meta property=\"og:image\" content=\"https:\/\/mekulo.com\/se\/wp-content\/uploads\/sites\/11\/2026\/02\/0euzf0i-1.jpg\" \/>\n\t<meta property=\"og:image:width\" content=\"800\" \/>\n\t<meta property=\"og:image:height\" content=\"800\" \/>\n\t<meta property=\"og:image:type\" content=\"image\/jpeg\" \/>\n<meta name=\"twitter:card\" content=\"summary_large_image\" \/>\n<meta name=\"twitter:label1\" content=\"Ber\u00e4knad l\u00e4stid\" \/>\n\t<meta name=\"twitter:data1\" content=\"2 minuter\" \/>\n<script type=\"application\/ld+json\" class=\"yoast-schema-graph\">{\"@context\":\"https:\/\/schema.org\",\"@graph\":[{\"@type\":\"WebPage\",\"@id\":\"https:\/\/mekulo.com\/se\/produkt\/massagerulle-for-ben\/\",\"url\":\"https:\/\/mekulo.com\/se\/produkt\/massagerulle-for-ben\/\",\"name\":\"Massagerulle f\u00f6r ben - Mekulo SE\",\"isPartOf\":{\"@id\":\"https:\/\/mekulo.com\/se\/#website\"},\"primaryImageOfPage\":{\"@id\":\"https:\/\/mekulo.com\/se\/produkt\/massagerulle-for-ben\/#primaryimage\"},\"image\":{\"@id\":\"https:\/\/mekulo.com\/se\/produkt\/massagerulle-for-ben\/#primaryimage\"},\"thumbnailUrl\":\"https:\/\/mekulo.com\/se\/wp-content\/uploads\/sites\/11\/2026\/02\/0euzf0i-1.jpg\",\"datePublished\":\"2026-02-25T16:33:20+00:00\",\"dateModified\":\"2026-02-25T16:47:58+00:00\",\"breadcrumb\":{\"@id\":\"https:\/\/mekulo.com\/se\/produkt\/massagerulle-for-ben\/#breadcrumb\"},\"inLanguage\":\"sv-SE\",\"potentialAction\":[{\"@type\":\"ReadAction\",\"target\":[\"https:\/\/mekulo.com\/se\/produkt\/massagerulle-for-ben\/\"]}]},{\"@type\":\"ImageObject\",\"inLanguage\":\"sv-SE\",\"@id\":\"https:\/\/mekulo.com\/se\/produkt\/massagerulle-for-ben\/#primaryimage\",\"url\":\"https:\/\/mekulo.com\/se\/wp-content\/uploads\/sites\/11\/2026\/02\/0euzf0i-1.jpg\",\"contentUrl\":\"https:\/\/mekulo.com\/se\/wp-content\/uploads\/sites\/11\/2026\/02\/0euzf0i-1.jpg\",\"width\":800,\"height\":800},{\"@type\":\"BreadcrumbList\",\"@id\":\"https:\/\/mekulo.com\/se\/produkt\/massagerulle-for-ben\/#breadcrumb\",\"itemListElement\":[{\"@type\":\"ListItem\",\"position\":1,\"name\":\"Home\",\"item\":\"https:\/\/mekulo.com\/se\/\"},{\"@type\":\"ListItem\",\"position\":2,\"name\":\"Butik\",\"item\":\"https:\/\/mekulo.com\/se\/butik\/\"},{\"@type\":\"ListItem\",\"position\":3,\"name\":\"Massagerulle f\u00f6r ben\"}]},{\"@type\":\"WebSite\",\"@id\":\"https:\/\/mekulo.com\/se\/#website\",\"url\":\"https:\/\/mekulo.com\/se\/\",\"name\":\"Mekulo SE\",\"description\":\"\",\"publisher\":{\"@id\":\"https:\/\/mekulo.com\/se\/#organization\"},\"potentialAction\":[{\"@type\":\"SearchAction\",\"target\":{\"@type\":\"EntryPoint\",\"urlTemplate\":\"https:\/\/mekulo.com\/se\/?s={search_term_string}\"},\"query-input\":{\"@type\":\"PropertyValueSpecification\",\"valueRequired\":true,\"valueName\":\"search_term_string\"}}],\"inLanguage\":\"sv-SE\"},{\"@type\":\"Organization\",\"@id\":\"https:\/\/mekulo.com\/se\/#organization\",\"name\":\"Mekulo\",\"url\":\"https:\/\/mekulo.com\/se\/\",\"logo\":{\"@type\":\"ImageObject\",\"inLanguage\":\"sv-SE\",\"@id\":\"https:\/\/mekulo.com\/se\/#\/schema\/logo\/image\/\",\"url\":\"https:\/\/mekulo.com\/se\/wp-content\/uploads\/sites\/11\/2025\/12\/favicon_mekulo.png\",\"contentUrl\":\"https:\/\/mekulo.com\/se\/wp-content\/uploads\/sites\/11\/2025\/12\/favicon_mekulo.png\",\"width\":50,\"height\":50,\"caption\":\"Mekulo\"},\"image\":{\"@id\":\"https:\/\/mekulo.com\/se\/#\/schema\/logo\/image\/\"}}]}<\/script>\n<!-- \/ Yoast SEO plugin. -->","yoast_head_json":{"title":"Massagerulle f\u00f6r ben - Mekulo SE","robots":{"index":"index","follow":"follow","max-snippet":"max-snippet:-1","max-image-preview":"max-image-preview:large","max-video-preview":"max-video-preview:-1"},"canonical":"https:\/\/mekulo.com\/se\/produkt\/massagerulle-for-ben\/","og_locale":"sv_SE","og_type":"article","og_title":"Massagerulle f\u00f6r ben - Mekulo SE","og_description":"\ud83e\uddb5L\u00f6sg\u00f6r sp\u00e4nningar. \u00c5terst\u00e4ll komfort. \ud83d\udcaaDjup lindring f\u00f6r tr\u00f6tta, \u00f6verarbetade muskler. \ud83d\udc86\u200d\u2640\ufe0fThis ergonomisk benmassagerulle hj\u00e4lper till att lindra sp\u00e4nningar, minska \u00f6mhet och st\u00f6dja cirkulationen - oavsett om det \u00e4r efter tr\u00e4ningspass eller l\u00e5nga dagar p\u00e5 f\u00f6tterna.","og_url":"https:\/\/mekulo.com\/se\/produkt\/massagerulle-for-ben\/","og_site_name":"Mekulo SE","article_modified_time":"2026-02-25T16:47:58+00:00","og_image":[{"width":800,"height":800,"url":"https:\/\/mekulo.com\/se\/wp-content\/uploads\/sites\/11\/2026\/02\/0euzf0i-1.jpg","type":"image\/jpeg"}],"twitter_card":"summary_large_image","twitter_misc":{"Ber\u00e4knad l\u00e4stid":"2 minuter"},"schema":{"@context":"https:\/\/schema.org","@graph":[{"@type":"WebPage","@id":"https:\/\/mekulo.com\/se\/produkt\/massagerulle-for-ben\/","url":"https:\/\/mekulo.com\/se\/produkt\/massagerulle-for-ben\/","name":"Massagerulle f\u00f6r ben - Mekulo SE","isPartOf":{"@id":"https:\/\/mekulo.com\/se\/#website"},"primaryImageOfPage":{"@id":"https:\/\/mekulo.com\/se\/produkt\/massagerulle-for-ben\/#primaryimage"},"image":{"@id":"https:\/\/mekulo.com\/se\/produkt\/massagerulle-for-ben\/#primaryimage"},"thumbnailUrl":"https:\/\/mekulo.com\/se\/wp-content\/uploads\/sites\/11\/2026\/02\/0euzf0i-1.jpg","datePublished":"2026-02-25T16:33:20+00:00","dateModified":"2026-02-25T16:47:58+00:00","breadcrumb":{"@id":"https:\/\/mekulo.com\/se\/produkt\/massagerulle-for-ben\/#breadcrumb"},"inLanguage":"sv-SE","potentialAction":[{"@type":"ReadAction","target":["https:\/\/mekulo.com\/se\/produkt\/massagerulle-for-ben\/"]}]},{"@type":"ImageObject","inLanguage":"sv-SE","@id":"https:\/\/mekulo.com\/se\/produkt\/massagerulle-for-ben\/#primaryimage","url":"https:\/\/mekulo.com\/se\/wp-content\/uploads\/sites\/11\/2026\/02\/0euzf0i-1.jpg","contentUrl":"https:\/\/mekulo.com\/se\/wp-content\/uploads\/sites\/11\/2026\/02\/0euzf0i-1.jpg","width":800,"height":800},{"@type":"BreadcrumbList","@id":"https:\/\/mekulo.com\/se\/produkt\/massagerulle-for-ben\/#breadcrumb","itemListElement":[{"@type":"ListItem","position":1,"name":"Home","item":"https:\/\/mekulo.com\/se\/"},{"@type":"ListItem","position":2,"name":"Butik","item":"https:\/\/mekulo.com\/se\/butik\/"},{"@type":"ListItem","position":3,"name":"Massagerulle f\u00f6r ben"}]},{"@type":"WebSite","@id":"https:\/\/mekulo.com\/se\/#website","url":"https:\/\/mekulo.com\/se\/","name":"Mekulo SE","description":"","publisher":{"@id":"https:\/\/mekulo.com\/se\/#organization"},"potentialAction":[{"@type":"SearchAction","target":{"@type":"EntryPoint","urlTemplate":"https:\/\/mekulo.com\/se\/?s={search_term_string}"},"query-input":{"@type":"PropertyValueSpecification","valueRequired":true,"valueName":"search_term_string"}}],"inLanguage":"sv-SE"},{"@type":"Organization","@id":"https:\/\/mekulo.com\/se\/#organization","name":"Mekulo","url":"https:\/\/mekulo.com\/se\/","logo":{"@type":"ImageObject","inLanguage":"sv-SE","@id":"https:\/\/mekulo.com\/se\/#\/schema\/logo\/image\/","url":"https:\/\/mekulo.com\/se\/wp-content\/uploads\/sites\/11\/2025\/12\/favicon_mekulo.png","contentUrl":"https:\/\/mekulo.com\/se\/wp-content\/uploads\/sites\/11\/2025\/12\/favicon_mekulo.png","width":50,"height":50,"caption":"Mekulo"},"image":{"@id":"https:\/\/mekulo.com\/se\/#\/schema\/logo\/image\/"}}]}},"_links":{"self":[{"href":"https:\/\/mekulo.com\/se\/wp-json\/wp\/v2\/product\/24894","targetHints":{"allow":["GET"]}}],"collection":[{"href":"https:\/\/mekulo.com\/se\/wp-json\/wp\/v2\/product"}],"about":[{"href":"https:\/\/mekulo.com\/se\/wp-json\/wp\/v2\/types\/product"}],"replies":[{"embeddable":true,"href":"https:\/\/mekulo.com\/se\/wp-json\/wp\/v2\/comments?post=24894"}],"wp:featuredmedia":[{"embeddable":true,"href":"https:\/\/mekulo.com\/se\/wp-json\/wp\/v2\/media\/24890"}],"wp:attachment":[{"href":"https:\/\/mekulo.com\/se\/wp-json\/wp\/v2\/media?parent=24894"}],"wp:term":[{"taxonomy":"product_brand","embeddable":true,"href":"https:\/\/mekulo.com\/se\/wp-json\/wp\/v2\/product_brand?post=24894"},{"taxonomy":"product_cat","embeddable":true,"href":"https:\/\/mekulo.com\/se\/wp-json\/wp\/v2\/product_cat?post=24894"},{"taxonomy":"product_tag","embeddable":true,"href":"https:\/\/mekulo.com\/se\/wp-json\/wp\/v2\/product_tag?post=24894"}],"curies":[{"name":"wp","href":"https:\/\/api.w.org\/{rel}","templated":true}]}}