{"id":24648,"date":"2026-02-23T08:05:56","date_gmt":"2026-02-23T06:05:56","guid":{"rendered":"https:\/\/mekulo.com\/se\/produkt\/nagelklippare-med-forstoringsglas\/"},"modified":"2026-03-17T11:47:52","modified_gmt":"2026-03-17T09:47:52","slug":"nagelklippare-med-forstoringsglas","status":"publish","type":"product","link":"https:\/\/mekulo.com\/se\/produkt\/nagelklippare-med-forstoringsglas\/","title":{"rendered":"Nagelklippare med f\u00f6rstoringsglas"},"content":{"rendered":"<h2 style=\"text-align: center;\" data-start=\"263\" data-end=\"279\">\u2728 L\u00f6ftet<\/h2>\n<p style=\"text-align: center;\" data-start=\"281\" data-end=\"330\">Skarpare sikt. S\u00e4krare trimning. B\u00e4ttre resultat.<\/p>\n<p data-start=\"281\" data-end=\"330\"><img fetchpriority=\"high\" decoding=\"async\" class=\" wp-image-25872 aligncenter\" src=\"https:\/\/mekulo.com\/template\/wp-content\/uploads\/sites\/6\/2026\/02\/122123-ezgif.com-video-to-webp-converter.webp\" alt=\"\" width=\"550\" height=\"550\" \/><\/p>\n<h2 style=\"text-align: center;\" data-start=\"337\" data-end=\"355\">\u2705 Huvudf\u00f6rdelar<\/h2>\n<p data-start=\"359\" data-end=\"450\">\ud83d\udc40 2x f\u00f6rstorad sikt \u2013 g\u00f6r nageltrimning enklare f\u00f6r tr\u00f6tta eller svaga \u00f6gon.<\/p>\n<p data-start=\"454\" data-end=\"541\">\u2702\ufe0f Rena, exakta snitt \u2013 skarp kant hj\u00e4lper till att trimma \u00e4ven tjocka eller h\u00e5rda naglar smidigt.<\/p>\n<p data-start=\"545\" data-end=\"633\">\ud83d\udee1\ufe0f F\u00f6rb\u00e4ttrad s\u00e4kerhet &amp; kontroll \u2013 b\u00e4ttre sikt minskar risken f\u00f6r \u00f6verklippning.<\/p>\n<p data-start=\"637\" data-end=\"709\">\u270b Bekv\u00e4mt grepp &#8211; balanserat handtag utformat f\u00f6r stadigt tryck.<\/p>\n<p data-start=\"713\" data-end=\"789\">\ud83d\udd04 Justerbar betraktningsvinkel &#8211; F\u00f6rstoringsglaset r\u00f6r sig f\u00f6r tydligare positionering.<\/p>\n<p data-start=\"793\" data-end=\"875\">\u2728 H\u00e5llbar kropp i rostfritt st\u00e5l \u2013 rostbest\u00e4ndig och byggd f\u00f6r l\u00e5ngvarig anv\u00e4ndning.<\/p>\n<p data-start=\"879\" data-end=\"963\">\ud83c\udf81 Tankev\u00e4ckande praktisk g\u00e5va &#8211; s\u00e4rskilt anv\u00e4ndbar f\u00f6r f\u00f6r\u00e4ldrar eller mor- och farf\u00f6r\u00e4ldrar.<\/p>\n<p data-start=\"879\" data-end=\"963\"><img decoding=\"async\" class=\"size-full wp-image-25874 aligncenter\" src=\"https:\/\/mekulo.com\/template\/wp-content\/uploads\/sites\/6\/2026\/02\/S4f19402d7d1648bab8e5c6e1cb50762ed.webp\" alt=\"\" width=\"1000\" height=\"1000\" \/><\/p>\n<h2 style=\"text-align: center;\" data-start=\"970\" data-end=\"993\">\u2757 Problem \u2192 L\u00f6sning<\/h2>\n<p data-start=\"995\" data-end=\"1119\"><strong data-start=\"995\" data-end=\"1007\">Problem:<\/strong><br data-start=\"1007\" data-end=\"1010\" \/>Oklar syn, d\u00e5lig belysning och liten klippare kan g\u00f6ra nageltrimning stressande, felaktig och riskabel.<\/p>\n<p data-start=\"1121\" data-end=\"1234\"><strong data-start=\"1121\" data-end=\"1134\">L\u00f6sning:<\/strong><br data-start=\"1134\" data-end=\"1137\" \/>Det inbyggda f\u00f6rstoringsglaset f\u00f6rstorar din vy och hj\u00e4lper dig att trimma med s\u00e4kerhet och precision.<\/p>\n<h2 style=\"text-align: center;\" data-start=\"1241\" data-end=\"1258\">\ud83c\udf38 Perfekt f\u00f6r<\/h2>\n<ul data-start=\"1260\" data-end=\"1398\">\n<li data-start=\"1260\" data-end=\"1282\">\n<p data-start=\"1262\" data-end=\"1282\">Daglig nagelv\u00e5rd<\/p>\n<\/li>\n<li data-start=\"1283\" data-end=\"1311\">\n<p data-start=\"1285\" data-end=\"1311\">Seniorer &amp; \u00e5ldrande syn<\/p>\n<\/li>\n<li data-start=\"1312\" data-end=\"1338\">\n<p data-start=\"1314\" data-end=\"1338\">Svagt belysta milj\u00f6er<\/p>\n<\/li>\n<li data-start=\"1339\" data-end=\"1362\">\n<p data-start=\"1341\" data-end=\"1362\">Tjocka eller h\u00e5rda naglar<\/p>\n<\/li>\n<li data-start=\"1363\" data-end=\"1398\">\n<p data-start=\"1365\" data-end=\"1398\">Resor &amp; personlig grooming kits<\/p>\n<\/li>\n<\/ul>\n<h2 style=\"text-align: center;\" data-start=\"1441\" data-end=\"1457\">\u2699\ufe0f Hur man anv\u00e4nder<\/h2>\n<ol data-start=\"1459\" data-end=\"1628\">\n<li data-start=\"1459\" data-end=\"1515\">\n<p data-start=\"1462\" data-end=\"1515\">Justera f\u00f6rstoringsglaset till \u00f6nskad vinkel.<\/p>\n<\/li>\n<li data-start=\"1516\" data-end=\"1555\">\n<p data-start=\"1519\" data-end=\"1555\">Placera klipparen \u00f6ver nageln.<\/p>\n<\/li>\n<li data-start=\"1556\" data-end=\"1590\">\n<p data-start=\"1559\" data-end=\"1590\">Applicera f\u00f6rsiktigt, stadigt tryck.<\/p>\n<\/li>\n<li data-start=\"1591\" data-end=\"1628\">\n<p data-start=\"1594\" data-end=\"1628\">Trimma med en tydlig, f\u00f6rstorad vy.<\/p>\n<\/li>\n<\/ol>\n<h2 style=\"text-align: center;\" data-start=\"1670\" data-end=\"1691\">\ud83d\udcd0 Produktdetaljer<\/h2>\n<ul data-start=\"1693\" data-end=\"1891\">\n<li data-start=\"1735\" data-end=\"1768\">\n<p data-start=\"1737\" data-end=\"1768\">Material: Rostfritt st\u00e5l<\/p>\n<\/li>\n<li data-start=\"1769\" data-end=\"1811\">\n<p data-start=\"1771\" data-end=\"1811\">Storlek: 12 x 1,5 cm<\/p>\n<\/li>\n<\/ul>\n<h2 style=\"text-align: center;\" data-start=\"1937\" data-end=\"1959\">\ud83d\udce6 F\u00f6rpackningen inneh\u00e5ller<\/h2>\n<ul data-start=\"1961\" data-end=\"2001\">\n<li data-start=\"1961\" data-end=\"2001\">\n<p data-start=\"1963\" data-end=\"2001\">1x nagelklippare med f\u00f6rstoringsglas.<\/p>\n<\/li>\n<\/ul>\n","protected":false},"excerpt":{"rendered":"<p>\ud83d\udd0e Se tydlik. Trim med sj\u00e4lvf\u00f6rtroende.<\/p>\n<p>\ud83d\udc41\ufe0f Precisionsv\u00e5rd blir enklare f\u00f6r dina \u00f6gon.<\/p>\n<p>\ud83d\udc85 Designad f\u00f6r komfort och kontroll, denna nagelklippare med f\u00f6rstoringsglas hj\u00e4lper dig att uppn\u00e5 rena, exakta snitt \u2013 s\u00e4rskilt n\u00e4r synligheten \u00e4r viktigast.<\/p>\n","protected":false},"featured_media":24644,"comment_status":"open","ping_status":"closed","template":"","meta":{"site-sidebar-layout":"default","site-content-layout":"","ast-site-content-layout":"default","site-content-style":"default","site-sidebar-style":"default","ast-global-header-display":"","ast-banner-title-visibility":"","ast-main-header-display":"","ast-hfb-above-header-display":"","ast-hfb-below-header-display":"","ast-hfb-mobile-header-display":"","site-post-title":"","ast-breadcrumbs-content":"","ast-featured-img":"","footer-sml-layout":"","theme-transparent-header-meta":"default","adv-header-id-meta":"","stick-header-meta":"","header-above-stick-meta":"","header-main-stick-meta":"","header-below-stick-meta":"","astra-migrate-meta-layouts":"set","ast-page-background-enabled":"default","ast-page-background-meta":{"desktop":{"background-color":"var(--ast-global-color-5)","background-image":"","background-repeat":"repeat","background-position":"center center","background-size":"auto","background-attachment":"scroll","background-type":"","background-media":"","overlay-type":"","overlay-color":"","overlay-opacity":"","overlay-gradient":""},"tablet":{"background-color":"","background-image":"","background-repeat":"repeat","background-position":"center center","background-size":"auto","background-attachment":"scroll","background-type":"","background-media":"","overlay-type":"","overlay-color":"","overlay-opacity":"","overlay-gradient":""},"mobile":{"background-color":"","background-image":"","background-repeat":"repeat","background-position":"center center","background-size":"auto","background-attachment":"scroll","background-type":"","background-media":"","overlay-type":"","overlay-color":"","overlay-opacity":"","overlay-gradient":""}},"ast-content-background-meta":{"desktop":{"background-color":"var(--ast-global-color-4)","background-image":"","background-repeat":"repeat","background-position":"center center","background-size":"auto","background-attachment":"scroll","background-type":"","background-media":"","overlay-type":"","overlay-color":"","overlay-opacity":"","overlay-gradient":""},"tablet":{"background-color":"var(--ast-global-color-4)","background-image":"","background-repeat":"repeat","background-position":"center center","background-size":"auto","background-attachment":"scroll","background-type":"","background-media":"","overlay-type":"","overlay-color":"","overlay-opacity":"","overlay-gradient":""},"mobile":{"background-color":"var(--ast-global-color-4)","background-image":"","background-repeat":"repeat","background-position":"center center","background-size":"auto","background-attachment":"scroll","background-type":"","background-media":"","overlay-type":"","overlay-color":"","overlay-opacity":"","overlay-gradient":""}}},"product_brand":[],"product_cat":[165],"product_tag":[],"class_list":{"0":"post-24648","1":"product","2":"type-product","3":"status-publish","4":"has-post-thumbnail","6":"product_cat-skor-accessoarer","7":"pa_61886_ghqfpz7n-1-st","8":"pa_61886_ghqfpz7n-2-st","9":"pa_61886_kpkpsd0m-gron","10":"pa_61886_kpkpsd0m-kaffe","11":"pa_61886_kpkpsd0m-rosa","12":"pa_61886_kpkpsd0m-svart","13":"pa_61886_kpkpsd0m-vit","14":"desktop-align-left","15":"tablet-align-left","16":"mobile-align-left","18":"first","19":"instock","20":"shipping-taxable","21":"purchasable","22":"product-type-variable","23":"has-default-attributes"},"yoast_head":"<!-- This site is optimized with the Yoast SEO plugin v26.6 - https:\/\/yoast.com\/wordpress\/plugins\/seo\/ -->\n<title>Nagelklippare med f\u00f6rstoringsglas - Mekulo SE<\/title>\n<meta name=\"robots\" content=\"index, follow, max-snippet:-1, max-image-preview:large, max-video-preview:-1\" \/>\n<link rel=\"canonical\" href=\"https:\/\/mekulo.com\/se\/produkt\/nagelklippare-med-forstoringsglas\/\" \/>\n<meta property=\"og:locale\" content=\"sv_SE\" \/>\n<meta property=\"og:type\" content=\"article\" \/>\n<meta property=\"og:title\" content=\"Nagelklippare med f\u00f6rstoringsglas - Mekulo SE\" \/>\n<meta property=\"og:description\" content=\"\ud83d\udd0e Se tydlik. Trim med sj\u00e4lvf\u00f6rtroende.  \ud83d\udc41\ufe0f Precisionsv\u00e5rd blir enklare f\u00f6r dina \u00f6gon.  \ud83d\udc85 Designad f\u00f6r komfort och kontroll, denna nagelklippare med f\u00f6rstoringsglas hj\u00e4lper dig att uppn\u00e5 rena, exakta snitt \u2013 s\u00e4rskilt n\u00e4r synligheten \u00e4r viktigast.\" \/>\n<meta property=\"og:url\" content=\"https:\/\/mekulo.com\/se\/produkt\/nagelklippare-med-forstoringsglas\/\" \/>\n<meta property=\"og:site_name\" content=\"Mekulo SE\" \/>\n<meta property=\"article:modified_time\" content=\"2026-03-17T09:47:52+00:00\" \/>\n<meta property=\"og:image\" content=\"https:\/\/mekulo.com\/se\/wp-content\/uploads\/sites\/11\/2026\/02\/yxx7wf9-1.webp\" \/>\n\t<meta property=\"og:image:width\" content=\"800\" \/>\n\t<meta property=\"og:image:height\" content=\"800\" \/>\n\t<meta property=\"og:image:type\" content=\"image\/webp\" \/>\n<meta name=\"twitter:card\" content=\"summary_large_image\" \/>\n<meta name=\"twitter:label1\" content=\"Ber\u00e4knad l\u00e4stid\" \/>\n\t<meta name=\"twitter:data1\" content=\"2 minuter\" \/>\n<script type=\"application\/ld+json\" class=\"yoast-schema-graph\">{\"@context\":\"https:\/\/schema.org\",\"@graph\":[{\"@type\":\"WebPage\",\"@id\":\"https:\/\/mekulo.com\/se\/produkt\/nagelklippare-med-forstoringsglas\/\",\"url\":\"https:\/\/mekulo.com\/se\/produkt\/nagelklippare-med-forstoringsglas\/\",\"name\":\"Nagelklippare med f\u00f6rstoringsglas - Mekulo SE\",\"isPartOf\":{\"@id\":\"https:\/\/mekulo.com\/se\/#website\"},\"primaryImageOfPage\":{\"@id\":\"https:\/\/mekulo.com\/se\/produkt\/nagelklippare-med-forstoringsglas\/#primaryimage\"},\"image\":{\"@id\":\"https:\/\/mekulo.com\/se\/produkt\/nagelklippare-med-forstoringsglas\/#primaryimage\"},\"thumbnailUrl\":\"https:\/\/mekulo.com\/se\/wp-content\/uploads\/sites\/11\/2026\/02\/yxx7wf9-1.webp\",\"datePublished\":\"2026-02-23T06:05:56+00:00\",\"dateModified\":\"2026-03-17T09:47:52+00:00\",\"breadcrumb\":{\"@id\":\"https:\/\/mekulo.com\/se\/produkt\/nagelklippare-med-forstoringsglas\/#breadcrumb\"},\"inLanguage\":\"sv-SE\",\"potentialAction\":[{\"@type\":\"ReadAction\",\"target\":[\"https:\/\/mekulo.com\/se\/produkt\/nagelklippare-med-forstoringsglas\/\"]}]},{\"@type\":\"ImageObject\",\"inLanguage\":\"sv-SE\",\"@id\":\"https:\/\/mekulo.com\/se\/produkt\/nagelklippare-med-forstoringsglas\/#primaryimage\",\"url\":\"https:\/\/mekulo.com\/se\/wp-content\/uploads\/sites\/11\/2026\/02\/yxx7wf9-1.webp\",\"contentUrl\":\"https:\/\/mekulo.com\/se\/wp-content\/uploads\/sites\/11\/2026\/02\/yxx7wf9-1.webp\",\"width\":800,\"height\":800},{\"@type\":\"BreadcrumbList\",\"@id\":\"https:\/\/mekulo.com\/se\/produkt\/nagelklippare-med-forstoringsglas\/#breadcrumb\",\"itemListElement\":[{\"@type\":\"ListItem\",\"position\":1,\"name\":\"Home\",\"item\":\"https:\/\/mekulo.com\/se\/\"},{\"@type\":\"ListItem\",\"position\":2,\"name\":\"Butik\",\"item\":\"https:\/\/mekulo.com\/se\/butik\/\"},{\"@type\":\"ListItem\",\"position\":3,\"name\":\"Nagelklippare med f\u00f6rstoringsglas\"}]},{\"@type\":\"WebSite\",\"@id\":\"https:\/\/mekulo.com\/se\/#website\",\"url\":\"https:\/\/mekulo.com\/se\/\",\"name\":\"Mekulo SE\",\"description\":\"\",\"publisher\":{\"@id\":\"https:\/\/mekulo.com\/se\/#organization\"},\"potentialAction\":[{\"@type\":\"SearchAction\",\"target\":{\"@type\":\"EntryPoint\",\"urlTemplate\":\"https:\/\/mekulo.com\/se\/?s={search_term_string}\"},\"query-input\":{\"@type\":\"PropertyValueSpecification\",\"valueRequired\":true,\"valueName\":\"search_term_string\"}}],\"inLanguage\":\"sv-SE\"},{\"@type\":\"Organization\",\"@id\":\"https:\/\/mekulo.com\/se\/#organization\",\"name\":\"Mekulo\",\"url\":\"https:\/\/mekulo.com\/se\/\",\"logo\":{\"@type\":\"ImageObject\",\"inLanguage\":\"sv-SE\",\"@id\":\"https:\/\/mekulo.com\/se\/#\/schema\/logo\/image\/\",\"url\":\"https:\/\/mekulo.com\/se\/wp-content\/uploads\/sites\/11\/2025\/12\/favicon_mekulo.png\",\"contentUrl\":\"https:\/\/mekulo.com\/se\/wp-content\/uploads\/sites\/11\/2025\/12\/favicon_mekulo.png\",\"width\":50,\"height\":50,\"caption\":\"Mekulo\"},\"image\":{\"@id\":\"https:\/\/mekulo.com\/se\/#\/schema\/logo\/image\/\"}}]}<\/script>\n<!-- \/ Yoast SEO plugin. -->","yoast_head_json":{"title":"Nagelklippare med f\u00f6rstoringsglas - Mekulo SE","robots":{"index":"index","follow":"follow","max-snippet":"max-snippet:-1","max-image-preview":"max-image-preview:large","max-video-preview":"max-video-preview:-1"},"canonical":"https:\/\/mekulo.com\/se\/produkt\/nagelklippare-med-forstoringsglas\/","og_locale":"sv_SE","og_type":"article","og_title":"Nagelklippare med f\u00f6rstoringsglas - Mekulo SE","og_description":"\ud83d\udd0e Se tydlik. Trim med sj\u00e4lvf\u00f6rtroende.  \ud83d\udc41\ufe0f Precisionsv\u00e5rd blir enklare f\u00f6r dina \u00f6gon.  \ud83d\udc85 Designad f\u00f6r komfort och kontroll, denna nagelklippare med f\u00f6rstoringsglas hj\u00e4lper dig att uppn\u00e5 rena, exakta snitt \u2013 s\u00e4rskilt n\u00e4r synligheten \u00e4r viktigast.","og_url":"https:\/\/mekulo.com\/se\/produkt\/nagelklippare-med-forstoringsglas\/","og_site_name":"Mekulo SE","article_modified_time":"2026-03-17T09:47:52+00:00","og_image":[{"width":800,"height":800,"url":"https:\/\/mekulo.com\/se\/wp-content\/uploads\/sites\/11\/2026\/02\/yxx7wf9-1.webp","type":"image\/webp"}],"twitter_card":"summary_large_image","twitter_misc":{"Ber\u00e4knad l\u00e4stid":"2 minuter"},"schema":{"@context":"https:\/\/schema.org","@graph":[{"@type":"WebPage","@id":"https:\/\/mekulo.com\/se\/produkt\/nagelklippare-med-forstoringsglas\/","url":"https:\/\/mekulo.com\/se\/produkt\/nagelklippare-med-forstoringsglas\/","name":"Nagelklippare med f\u00f6rstoringsglas - Mekulo SE","isPartOf":{"@id":"https:\/\/mekulo.com\/se\/#website"},"primaryImageOfPage":{"@id":"https:\/\/mekulo.com\/se\/produkt\/nagelklippare-med-forstoringsglas\/#primaryimage"},"image":{"@id":"https:\/\/mekulo.com\/se\/produkt\/nagelklippare-med-forstoringsglas\/#primaryimage"},"thumbnailUrl":"https:\/\/mekulo.com\/se\/wp-content\/uploads\/sites\/11\/2026\/02\/yxx7wf9-1.webp","datePublished":"2026-02-23T06:05:56+00:00","dateModified":"2026-03-17T09:47:52+00:00","breadcrumb":{"@id":"https:\/\/mekulo.com\/se\/produkt\/nagelklippare-med-forstoringsglas\/#breadcrumb"},"inLanguage":"sv-SE","potentialAction":[{"@type":"ReadAction","target":["https:\/\/mekulo.com\/se\/produkt\/nagelklippare-med-forstoringsglas\/"]}]},{"@type":"ImageObject","inLanguage":"sv-SE","@id":"https:\/\/mekulo.com\/se\/produkt\/nagelklippare-med-forstoringsglas\/#primaryimage","url":"https:\/\/mekulo.com\/se\/wp-content\/uploads\/sites\/11\/2026\/02\/yxx7wf9-1.webp","contentUrl":"https:\/\/mekulo.com\/se\/wp-content\/uploads\/sites\/11\/2026\/02\/yxx7wf9-1.webp","width":800,"height":800},{"@type":"BreadcrumbList","@id":"https:\/\/mekulo.com\/se\/produkt\/nagelklippare-med-forstoringsglas\/#breadcrumb","itemListElement":[{"@type":"ListItem","position":1,"name":"Home","item":"https:\/\/mekulo.com\/se\/"},{"@type":"ListItem","position":2,"name":"Butik","item":"https:\/\/mekulo.com\/se\/butik\/"},{"@type":"ListItem","position":3,"name":"Nagelklippare med f\u00f6rstoringsglas"}]},{"@type":"WebSite","@id":"https:\/\/mekulo.com\/se\/#website","url":"https:\/\/mekulo.com\/se\/","name":"Mekulo SE","description":"","publisher":{"@id":"https:\/\/mekulo.com\/se\/#organization"},"potentialAction":[{"@type":"SearchAction","target":{"@type":"EntryPoint","urlTemplate":"https:\/\/mekulo.com\/se\/?s={search_term_string}"},"query-input":{"@type":"PropertyValueSpecification","valueRequired":true,"valueName":"search_term_string"}}],"inLanguage":"sv-SE"},{"@type":"Organization","@id":"https:\/\/mekulo.com\/se\/#organization","name":"Mekulo","url":"https:\/\/mekulo.com\/se\/","logo":{"@type":"ImageObject","inLanguage":"sv-SE","@id":"https:\/\/mekulo.com\/se\/#\/schema\/logo\/image\/","url":"https:\/\/mekulo.com\/se\/wp-content\/uploads\/sites\/11\/2025\/12\/favicon_mekulo.png","contentUrl":"https:\/\/mekulo.com\/se\/wp-content\/uploads\/sites\/11\/2025\/12\/favicon_mekulo.png","width":50,"height":50,"caption":"Mekulo"},"image":{"@id":"https:\/\/mekulo.com\/se\/#\/schema\/logo\/image\/"}}]}},"_links":{"self":[{"href":"https:\/\/mekulo.com\/se\/wp-json\/wp\/v2\/product\/24648","targetHints":{"allow":["GET"]}}],"collection":[{"href":"https:\/\/mekulo.com\/se\/wp-json\/wp\/v2\/product"}],"about":[{"href":"https:\/\/mekulo.com\/se\/wp-json\/wp\/v2\/types\/product"}],"replies":[{"embeddable":true,"href":"https:\/\/mekulo.com\/se\/wp-json\/wp\/v2\/comments?post=24648"}],"wp:featuredmedia":[{"embeddable":true,"href":"https:\/\/mekulo.com\/se\/wp-json\/wp\/v2\/media\/24644"}],"wp:attachment":[{"href":"https:\/\/mekulo.com\/se\/wp-json\/wp\/v2\/media?parent=24648"}],"wp:term":[{"taxonomy":"product_brand","embeddable":true,"href":"https:\/\/mekulo.com\/se\/wp-json\/wp\/v2\/product_brand?post=24648"},{"taxonomy":"product_cat","embeddable":true,"href":"https:\/\/mekulo.com\/se\/wp-json\/wp\/v2\/product_cat?post=24648"},{"taxonomy":"product_tag","embeddable":true,"href":"https:\/\/mekulo.com\/se\/wp-json\/wp\/v2\/product_tag?post=24648"}],"curies":[{"name":"wp","href":"https:\/\/api.w.org\/{rel}","templated":true}]}}