{"id":24110,"date":"2026-02-19T06:34:28","date_gmt":"2026-02-19T04:34:28","guid":{"rendered":"https:\/\/mekulo.com\/se\/produkt\/halsband-med-bok-fran-lilla-stjarnan\/"},"modified":"2026-03-17T11:48:43","modified_gmt":"2026-03-17T09:48:43","slug":"halsband-med-bok-fran-lilla-stjarnan","status":"publish","type":"product","link":"https:\/\/mekulo.com\/se\/produkt\/halsband-med-bok-fran-lilla-stjarnan\/","title":{"rendered":"Halsband med bok fr\u00e5n Lilla stj\u00e4rnan"},"content":{"rendered":"<h2 style=\"text-align: center;\" data-start=\"280\" data-end=\"297\">L\u00f6ftet \ud83d\udcab<\/h2>\n<p style=\"text-align: center;\" data-start=\"299\" data-end=\"386\">Vissa g\u00e5vor b\u00e4rs. Andra minns man, och den h\u00e4r blir en del av hennes historia.<\/p>\n<p data-start=\"299\" data-end=\"386\"><img fetchpriority=\"high\" decoding=\"async\" class=\" wp-image-25473 aligncenter\" src=\"https:\/\/mekulo.com\/template\/wp-content\/uploads\/sites\/6\/2026\/02\/12217-ezgif.com-video-to-webp-converter-1.webp\" alt=\"\" width=\"550\" height=\"550\" \/><\/p>\n<h2 style=\"text-align: center;\" data-start=\"393\" data-end=\"421\">Huvudf\u00f6rdelar \u2728<\/h2>\n<p data-start=\"425\" data-end=\"542\">\ud83d\udcd6 H\u00e4nge med \u00f6ppningsbar bok &#8211; En miniatyrbok som faktiskt \u00f6ppnas \u2014 en vacker \u00f6verraskning som hon kommer att \u00e4lska att uppt\u00e4cka.<\/p>\n<p data-start=\"546\" data-end=\"649\">\ud83d\udc8c Sex graverade sidor inuti &#8211; Varje sida inneh\u00e5ller innerliga ord av k\u00e4rlek, uppmuntran och stolthet.<\/p>\n<p data-start=\"653\" data-end=\"760\">\u2728 Elegant, tidl\u00f6s design &#8211; Minimalistisk och elegant \u2014 perfekt f\u00f6r vardagsbruk eller speciella tillf\u00e4llen.<\/p>\n<p data-start=\"764\" data-end=\"861\">\ud83d\udd17 Justerbar bekv\u00e4m kedja &#8211; Designad f\u00f6r att sitta perfekt, oavsett om den b\u00e4rs ensam eller i lager p\u00e5 lager.<\/p>\n<p data-start=\"865\" data-end=\"975\">\ud83d\udee1\ufe0f Tarnish-resistent rostfritt st\u00e5l &#8211; H\u00e5llbart, allergiv\u00e4nligt, rostfritt och gjort f\u00f6r att beh\u00e5lla sin glans.<\/p>\n<p data-start=\"979\" data-end=\"1075\">\ud83c\udf81 Klar att ge bort &#8211; En meningsfull present utan stress \u00f6ver &#8221;Kommer hon att gilla den?&#8221;<\/p>\n<h2 style=\"text-align: center;\" data-start=\"1082\" data-end=\"1106\">Problem \u2192 L\u00f6sning \ud83d\udc95<\/h2>\n<p data-start=\"1108\" data-end=\"1266\"><strong data-start=\"1108\" data-end=\"1120\">Problem:<\/strong><br data-start=\"1120\" data-end=\"1123\" \/>Det \u00e4r sv\u00e5rt att hitta en present till din dotter som k\u00e4nns personlig, k\u00e4nslom\u00e4ssig och verkligen minnesv\u00e4rd. Blommor bleknar. Prylar \u00e5ldras.<\/p>\n<p data-start=\"1268\" data-end=\"1417\"><strong data-start=\"1268\" data-end=\"1281\">L\u00f6sning:<\/strong><br data-start=\"1281\" data-end=\"1284\" \/>Ge henne n\u00e5got som hon kan <em data-start=\"1311\" data-end=\"1317\">b\u00e4ra<\/em>, <em data-start=\"1319\" data-end=\"1325\">\u00f6ppna<\/em>, och <em data-start=\"1331\" data-end=\"1337\">k\u00e4nna<\/em> varje g\u00e5ng hon r\u00f6r vid det \u2014 en st\u00e4ndig p\u00e5minnelse om din k\u00e4rlek och tro p\u00e5 henne.<\/p>\n<p data-start=\"1268\" data-end=\"1417\"><img decoding=\"async\" class=\"size-full wp-image-25474 aligncenter\" src=\"https:\/\/mekulo.com\/template\/wp-content\/uploads\/sites\/6\/2026\/02\/S2ec619ac62c141b197c1753c48a131c9r.webp\" alt=\"\" width=\"800\" height=\"800\" \/><\/p>\n<h2 style=\"text-align: center;\" data-start=\"1424\" data-end=\"1455\">Perfekt f\u00f6r dessa tillf\u00e4llen \ud83c\udf38<\/h2>\n<ul data-start=\"1457\" data-end=\"1593\">\n<li data-start=\"1457\" data-end=\"1470\">\n<p data-start=\"1459\" data-end=\"1470\">F\u00f6delsedagar<\/p>\n<\/li>\n<li data-start=\"1471\" data-end=\"1486\">\n<p data-start=\"1473\" data-end=\"1486\">Gradueringar<\/p>\n<\/li>\n<li data-start=\"1487\" data-end=\"1511\">\n<p data-start=\"1489\" data-end=\"1511\">Jul &amp; semester<\/p>\n<\/li>\n<li data-start=\"1512\" data-end=\"1530\">\n<p data-start=\"1514\" data-end=\"1530\">Back-to-school<\/p>\n<\/li>\n<li data-start=\"1531\" data-end=\"1559\">\n<p data-start=\"1533\" data-end=\"1559\">&#8221;Bara f\u00f6r att&#8221;-\u00f6verraskningar<\/p>\n<\/li>\n<li data-start=\"1560\" data-end=\"1593\">\n<p data-start=\"1562\" data-end=\"1593\">En p\u00e5minnelse under tuffa tider<\/p>\n<\/li>\n<\/ul>\n<p data-start=\"1595\" data-end=\"1654\">Oavsett om hon \u00e4r 10 eller 30 f\u00f6rblir budskapet lika kraftfullt.<\/p>\n<h2 style=\"text-align: center;\" data-start=\"1863\" data-end=\"1883\">Produktdetaljer \ud83d\udccf<\/h2>\n<ul data-start=\"1885\" data-end=\"2104\">\n<li data-start=\"1941\" data-end=\"1974\">\n<p data-start=\"1943\" data-end=\"1974\">Material: Rostfritt st\u00e5l<\/p>\n<\/li>\n<li data-start=\"2022\" data-end=\"2054\">\n<p data-start=\"2024\" data-end=\"2054\">Kedja: Justerbar l\u00e4ngd (48 cm)<\/p>\n<\/li>\n<li data-start=\"2055\" data-end=\"2104\">\n<p data-start=\"2057\" data-end=\"2104\">Ytbehandling: Tarnish-resistent, allergiv\u00e4nlig<\/p>\n<\/li>\n<li data-start=\"2055\" data-end=\"2104\">Bokstorlek: 2,3 x 1,8 cm<\/li>\n<\/ul>\n<h2 style=\"text-align: center;\">Paketet inneh\u00e5ller \ud83d\udce6<\/h2>\n<ul data-start=\"2134\" data-end=\"2202\">\n<li data-start=\"2134\" data-end=\"2167\">\n<p data-start=\"2136\" data-end=\"2167\">1x Halsband med bok fr\u00e5n Lilla stj\u00e4rnan<\/p>\n<\/li>\n<\/ul>\n","protected":false},"excerpt":{"rendered":"<p>\ud83d\udcd4En pytteliten bok. En livsl\u00e5ng p\u00e5minnelse om din k\u00e4rlek.<br \/>\n\ud83d\udc8eMer \u00e4n smycken &#8211; ett budskap hon kan b\u00e4ra med sig varje dag.<br \/>\n\u2728Delikat, meningsfullt och vackert utformat, detta lilla stj\u00e4rnbokshalsband \u00f6ppnas f\u00f6r att avsl\u00f6ja graverade sidor fyllda med ord hon aldrig kommer att gl\u00f6mma.<\/p>\n","protected":false},"featured_media":24106,"comment_status":"open","ping_status":"closed","template":"","meta":{"site-sidebar-layout":"default","site-content-layout":"","ast-site-content-layout":"default","site-content-style":"default","site-sidebar-style":"default","ast-global-header-display":"","ast-banner-title-visibility":"","ast-main-header-display":"","ast-hfb-above-header-display":"","ast-hfb-below-header-display":"","ast-hfb-mobile-header-display":"","site-post-title":"","ast-breadcrumbs-content":"","ast-featured-img":"","footer-sml-layout":"","theme-transparent-header-meta":"default","adv-header-id-meta":"","stick-header-meta":"","header-above-stick-meta":"","header-main-stick-meta":"","header-below-stick-meta":"","astra-migrate-meta-layouts":"set","ast-page-background-enabled":"default","ast-page-background-meta":{"desktop":{"background-color":"var(--ast-global-color-5)","background-image":"","background-repeat":"repeat","background-position":"center center","background-size":"auto","background-attachment":"scroll","background-type":"","background-media":"","overlay-type":"","overlay-color":"","overlay-opacity":"","overlay-gradient":""},"tablet":{"background-color":"","background-image":"","background-repeat":"repeat","background-position":"center center","background-size":"auto","background-attachment":"scroll","background-type":"","background-media":"","overlay-type":"","overlay-color":"","overlay-opacity":"","overlay-gradient":""},"mobile":{"background-color":"","background-image":"","background-repeat":"repeat","background-position":"center center","background-size":"auto","background-attachment":"scroll","background-type":"","background-media":"","overlay-type":"","overlay-color":"","overlay-opacity":"","overlay-gradient":""}},"ast-content-background-meta":{"desktop":{"background-color":"var(--ast-global-color-4)","background-image":"","background-repeat":"repeat","background-position":"center center","background-size":"auto","background-attachment":"scroll","background-type":"","background-media":"","overlay-type":"","overlay-color":"","overlay-opacity":"","overlay-gradient":""},"tablet":{"background-color":"var(--ast-global-color-4)","background-image":"","background-repeat":"repeat","background-position":"center center","background-size":"auto","background-attachment":"scroll","background-type":"","background-media":"","overlay-type":"","overlay-color":"","overlay-opacity":"","overlay-gradient":""},"mobile":{"background-color":"var(--ast-global-color-4)","background-image":"","background-repeat":"repeat","background-position":"center center","background-size":"auto","background-attachment":"scroll","background-type":"","background-media":"","overlay-type":"","overlay-color":"","overlay-opacity":"","overlay-gradient":""}}},"product_brand":[],"product_cat":[165],"product_tag":[],"class_list":{"0":"post-24110","1":"product","2":"type-product","3":"status-publish","4":"has-post-thumbnail","6":"product_cat-skor-accessoarer","7":"pa_60432_cqn850nv-guld","8":"pa_60432_cqn850nv-silver","9":"pa_60432_cqn850nv-silver-guld","10":"desktop-align-left","11":"tablet-align-left","12":"mobile-align-left","14":"first","15":"instock","16":"shipping-taxable","17":"purchasable","18":"product-type-variable"},"yoast_head":"<!-- This site is optimized with the Yoast SEO plugin v26.6 - https:\/\/yoast.com\/wordpress\/plugins\/seo\/ -->\n<title>Halsband med bok fr\u00e5n Lilla stj\u00e4rnan - Mekulo SE<\/title>\n<meta name=\"robots\" content=\"index, follow, max-snippet:-1, max-image-preview:large, max-video-preview:-1\" \/>\n<link rel=\"canonical\" href=\"https:\/\/mekulo.com\/se\/produkt\/halsband-med-bok-fran-lilla-stjarnan\/\" \/>\n<meta property=\"og:locale\" content=\"sv_SE\" \/>\n<meta property=\"og:type\" content=\"article\" \/>\n<meta property=\"og:title\" content=\"Halsband med bok fr\u00e5n Lilla stj\u00e4rnan - Mekulo SE\" \/>\n<meta property=\"og:description\" content=\"\ud83d\udcd4En pytteliten bok. En livsl\u00e5ng p\u00e5minnelse om din k\u00e4rlek. \ud83d\udc8eMer \u00e4n smycken - ett budskap hon kan b\u00e4ra med sig varje dag. \u2728Delikat, meningsfullt och vackert utformat, detta lilla stj\u00e4rnbokshalsband \u00f6ppnas f\u00f6r att avsl\u00f6ja graverade sidor fyllda med ord hon aldrig kommer att gl\u00f6mma.\" \/>\n<meta property=\"og:url\" content=\"https:\/\/mekulo.com\/se\/produkt\/halsband-med-bok-fran-lilla-stjarnan\/\" \/>\n<meta property=\"og:site_name\" content=\"Mekulo SE\" \/>\n<meta property=\"article:modified_time\" content=\"2026-03-17T09:48:43+00:00\" \/>\n<meta property=\"og:image\" content=\"https:\/\/mekulo.com\/se\/wp-content\/uploads\/sites\/11\/2026\/02\/ufmab9h-1.jpg\" \/>\n\t<meta property=\"og:image:width\" content=\"800\" \/>\n\t<meta property=\"og:image:height\" content=\"800\" \/>\n\t<meta property=\"og:image:type\" content=\"image\/jpeg\" \/>\n<meta name=\"twitter:card\" content=\"summary_large_image\" \/>\n<meta name=\"twitter:label1\" content=\"Ber\u00e4knad l\u00e4stid\" \/>\n\t<meta name=\"twitter:data1\" content=\"2 minuter\" \/>\n<script type=\"application\/ld+json\" class=\"yoast-schema-graph\">{\"@context\":\"https:\/\/schema.org\",\"@graph\":[{\"@type\":\"WebPage\",\"@id\":\"https:\/\/mekulo.com\/se\/produkt\/halsband-med-bok-fran-lilla-stjarnan\/\",\"url\":\"https:\/\/mekulo.com\/se\/produkt\/halsband-med-bok-fran-lilla-stjarnan\/\",\"name\":\"Halsband med bok fr\u00e5n Lilla stj\u00e4rnan - Mekulo SE\",\"isPartOf\":{\"@id\":\"https:\/\/mekulo.com\/se\/#website\"},\"primaryImageOfPage\":{\"@id\":\"https:\/\/mekulo.com\/se\/produkt\/halsband-med-bok-fran-lilla-stjarnan\/#primaryimage\"},\"image\":{\"@id\":\"https:\/\/mekulo.com\/se\/produkt\/halsband-med-bok-fran-lilla-stjarnan\/#primaryimage\"},\"thumbnailUrl\":\"https:\/\/mekulo.com\/se\/wp-content\/uploads\/sites\/11\/2026\/02\/ufmab9h-1.jpg\",\"datePublished\":\"2026-02-19T04:34:28+00:00\",\"dateModified\":\"2026-03-17T09:48:43+00:00\",\"breadcrumb\":{\"@id\":\"https:\/\/mekulo.com\/se\/produkt\/halsband-med-bok-fran-lilla-stjarnan\/#breadcrumb\"},\"inLanguage\":\"sv-SE\",\"potentialAction\":[{\"@type\":\"ReadAction\",\"target\":[\"https:\/\/mekulo.com\/se\/produkt\/halsband-med-bok-fran-lilla-stjarnan\/\"]}]},{\"@type\":\"ImageObject\",\"inLanguage\":\"sv-SE\",\"@id\":\"https:\/\/mekulo.com\/se\/produkt\/halsband-med-bok-fran-lilla-stjarnan\/#primaryimage\",\"url\":\"https:\/\/mekulo.com\/se\/wp-content\/uploads\/sites\/11\/2026\/02\/ufmab9h-1.jpg\",\"contentUrl\":\"https:\/\/mekulo.com\/se\/wp-content\/uploads\/sites\/11\/2026\/02\/ufmab9h-1.jpg\",\"width\":800,\"height\":800},{\"@type\":\"BreadcrumbList\",\"@id\":\"https:\/\/mekulo.com\/se\/produkt\/halsband-med-bok-fran-lilla-stjarnan\/#breadcrumb\",\"itemListElement\":[{\"@type\":\"ListItem\",\"position\":1,\"name\":\"Home\",\"item\":\"https:\/\/mekulo.com\/se\/\"},{\"@type\":\"ListItem\",\"position\":2,\"name\":\"Butik\",\"item\":\"https:\/\/mekulo.com\/se\/butik\/\"},{\"@type\":\"ListItem\",\"position\":3,\"name\":\"Halsband med bok fr\u00e5n Lilla stj\u00e4rnan\"}]},{\"@type\":\"WebSite\",\"@id\":\"https:\/\/mekulo.com\/se\/#website\",\"url\":\"https:\/\/mekulo.com\/se\/\",\"name\":\"Mekulo SE\",\"description\":\"\",\"publisher\":{\"@id\":\"https:\/\/mekulo.com\/se\/#organization\"},\"potentialAction\":[{\"@type\":\"SearchAction\",\"target\":{\"@type\":\"EntryPoint\",\"urlTemplate\":\"https:\/\/mekulo.com\/se\/?s={search_term_string}\"},\"query-input\":{\"@type\":\"PropertyValueSpecification\",\"valueRequired\":true,\"valueName\":\"search_term_string\"}}],\"inLanguage\":\"sv-SE\"},{\"@type\":\"Organization\",\"@id\":\"https:\/\/mekulo.com\/se\/#organization\",\"name\":\"Mekulo\",\"url\":\"https:\/\/mekulo.com\/se\/\",\"logo\":{\"@type\":\"ImageObject\",\"inLanguage\":\"sv-SE\",\"@id\":\"https:\/\/mekulo.com\/se\/#\/schema\/logo\/image\/\",\"url\":\"https:\/\/mekulo.com\/se\/wp-content\/uploads\/sites\/11\/2025\/12\/favicon_mekulo.png\",\"contentUrl\":\"https:\/\/mekulo.com\/se\/wp-content\/uploads\/sites\/11\/2025\/12\/favicon_mekulo.png\",\"width\":50,\"height\":50,\"caption\":\"Mekulo\"},\"image\":{\"@id\":\"https:\/\/mekulo.com\/se\/#\/schema\/logo\/image\/\"}}]}<\/script>\n<!-- \/ Yoast SEO plugin. -->","yoast_head_json":{"title":"Halsband med bok fr\u00e5n Lilla stj\u00e4rnan - Mekulo SE","robots":{"index":"index","follow":"follow","max-snippet":"max-snippet:-1","max-image-preview":"max-image-preview:large","max-video-preview":"max-video-preview:-1"},"canonical":"https:\/\/mekulo.com\/se\/produkt\/halsband-med-bok-fran-lilla-stjarnan\/","og_locale":"sv_SE","og_type":"article","og_title":"Halsband med bok fr\u00e5n Lilla stj\u00e4rnan - Mekulo SE","og_description":"\ud83d\udcd4En pytteliten bok. En livsl\u00e5ng p\u00e5minnelse om din k\u00e4rlek. \ud83d\udc8eMer \u00e4n smycken - ett budskap hon kan b\u00e4ra med sig varje dag. \u2728Delikat, meningsfullt och vackert utformat, detta lilla stj\u00e4rnbokshalsband \u00f6ppnas f\u00f6r att avsl\u00f6ja graverade sidor fyllda med ord hon aldrig kommer att gl\u00f6mma.","og_url":"https:\/\/mekulo.com\/se\/produkt\/halsband-med-bok-fran-lilla-stjarnan\/","og_site_name":"Mekulo SE","article_modified_time":"2026-03-17T09:48:43+00:00","og_image":[{"width":800,"height":800,"url":"https:\/\/mekulo.com\/se\/wp-content\/uploads\/sites\/11\/2026\/02\/ufmab9h-1.jpg","type":"image\/jpeg"}],"twitter_card":"summary_large_image","twitter_misc":{"Ber\u00e4knad l\u00e4stid":"2 minuter"},"schema":{"@context":"https:\/\/schema.org","@graph":[{"@type":"WebPage","@id":"https:\/\/mekulo.com\/se\/produkt\/halsband-med-bok-fran-lilla-stjarnan\/","url":"https:\/\/mekulo.com\/se\/produkt\/halsband-med-bok-fran-lilla-stjarnan\/","name":"Halsband med bok fr\u00e5n Lilla stj\u00e4rnan - Mekulo SE","isPartOf":{"@id":"https:\/\/mekulo.com\/se\/#website"},"primaryImageOfPage":{"@id":"https:\/\/mekulo.com\/se\/produkt\/halsband-med-bok-fran-lilla-stjarnan\/#primaryimage"},"image":{"@id":"https:\/\/mekulo.com\/se\/produkt\/halsband-med-bok-fran-lilla-stjarnan\/#primaryimage"},"thumbnailUrl":"https:\/\/mekulo.com\/se\/wp-content\/uploads\/sites\/11\/2026\/02\/ufmab9h-1.jpg","datePublished":"2026-02-19T04:34:28+00:00","dateModified":"2026-03-17T09:48:43+00:00","breadcrumb":{"@id":"https:\/\/mekulo.com\/se\/produkt\/halsband-med-bok-fran-lilla-stjarnan\/#breadcrumb"},"inLanguage":"sv-SE","potentialAction":[{"@type":"ReadAction","target":["https:\/\/mekulo.com\/se\/produkt\/halsband-med-bok-fran-lilla-stjarnan\/"]}]},{"@type":"ImageObject","inLanguage":"sv-SE","@id":"https:\/\/mekulo.com\/se\/produkt\/halsband-med-bok-fran-lilla-stjarnan\/#primaryimage","url":"https:\/\/mekulo.com\/se\/wp-content\/uploads\/sites\/11\/2026\/02\/ufmab9h-1.jpg","contentUrl":"https:\/\/mekulo.com\/se\/wp-content\/uploads\/sites\/11\/2026\/02\/ufmab9h-1.jpg","width":800,"height":800},{"@type":"BreadcrumbList","@id":"https:\/\/mekulo.com\/se\/produkt\/halsband-med-bok-fran-lilla-stjarnan\/#breadcrumb","itemListElement":[{"@type":"ListItem","position":1,"name":"Home","item":"https:\/\/mekulo.com\/se\/"},{"@type":"ListItem","position":2,"name":"Butik","item":"https:\/\/mekulo.com\/se\/butik\/"},{"@type":"ListItem","position":3,"name":"Halsband med bok fr\u00e5n Lilla stj\u00e4rnan"}]},{"@type":"WebSite","@id":"https:\/\/mekulo.com\/se\/#website","url":"https:\/\/mekulo.com\/se\/","name":"Mekulo SE","description":"","publisher":{"@id":"https:\/\/mekulo.com\/se\/#organization"},"potentialAction":[{"@type":"SearchAction","target":{"@type":"EntryPoint","urlTemplate":"https:\/\/mekulo.com\/se\/?s={search_term_string}"},"query-input":{"@type":"PropertyValueSpecification","valueRequired":true,"valueName":"search_term_string"}}],"inLanguage":"sv-SE"},{"@type":"Organization","@id":"https:\/\/mekulo.com\/se\/#organization","name":"Mekulo","url":"https:\/\/mekulo.com\/se\/","logo":{"@type":"ImageObject","inLanguage":"sv-SE","@id":"https:\/\/mekulo.com\/se\/#\/schema\/logo\/image\/","url":"https:\/\/mekulo.com\/se\/wp-content\/uploads\/sites\/11\/2025\/12\/favicon_mekulo.png","contentUrl":"https:\/\/mekulo.com\/se\/wp-content\/uploads\/sites\/11\/2025\/12\/favicon_mekulo.png","width":50,"height":50,"caption":"Mekulo"},"image":{"@id":"https:\/\/mekulo.com\/se\/#\/schema\/logo\/image\/"}}]}},"_links":{"self":[{"href":"https:\/\/mekulo.com\/se\/wp-json\/wp\/v2\/product\/24110","targetHints":{"allow":["GET"]}}],"collection":[{"href":"https:\/\/mekulo.com\/se\/wp-json\/wp\/v2\/product"}],"about":[{"href":"https:\/\/mekulo.com\/se\/wp-json\/wp\/v2\/types\/product"}],"replies":[{"embeddable":true,"href":"https:\/\/mekulo.com\/se\/wp-json\/wp\/v2\/comments?post=24110"}],"wp:featuredmedia":[{"embeddable":true,"href":"https:\/\/mekulo.com\/se\/wp-json\/wp\/v2\/media\/24106"}],"wp:attachment":[{"href":"https:\/\/mekulo.com\/se\/wp-json\/wp\/v2\/media?parent=24110"}],"wp:term":[{"taxonomy":"product_brand","embeddable":true,"href":"https:\/\/mekulo.com\/se\/wp-json\/wp\/v2\/product_brand?post=24110"},{"taxonomy":"product_cat","embeddable":true,"href":"https:\/\/mekulo.com\/se\/wp-json\/wp\/v2\/product_cat?post=24110"},{"taxonomy":"product_tag","embeddable":true,"href":"https:\/\/mekulo.com\/se\/wp-json\/wp\/v2\/product_tag?post=24110"}],"curies":[{"name":"wp","href":"https:\/\/api.w.org\/{rel}","templated":true}]}}