{"id":23966,"date":"2026-02-17T12:34:38","date_gmt":"2026-02-17T10:34:38","guid":{"rendered":"https:\/\/mekulo.com\/se\/produkt\/krannyckelsats\/"},"modified":"2026-02-17T12:34:45","modified_gmt":"2026-02-17T10:34:45","slug":"krannyckelsats","status":"publish","type":"product","link":"https:\/\/mekulo.com\/se\/produkt\/krannyckelsats\/","title":{"rendered":"Krannyckelsats"},"content":{"rendered":"<p style=\"text-align: center\" data-start=\"41\" data-end=\"97\"><strong data-start=\"41\" data-end=\"97\">G\u00f6r Installation Och Borttagning Av Kranar Snabbt Och Enkelt. \ud83d\udca6<\/strong><\/p>\n<p data-start=\"41\" data-end=\"97\"><img fetchpriority=\"high\" decoding=\"async\" class=\"size-full wp-image-25272 aligncenter\" src=\"https:\/\/mekulo.com\/template\/wp-content\/uploads\/sites\/6\/2026\/02\/S2ba1650b692e420aa47f67daa679e15ah.jpg\" alt=\"\" width=\"800\" height=\"800\" \/><\/p>\n<h2 style=\"text-align: center\" data-start=\"318\" data-end=\"339\"><strong>Huvudf\u00f6rdelar \ud83d\udd27<\/strong><\/h2>\n<p data-start=\"343\" data-end=\"396\">\ud83d\udd27 Enkelt kranarbete &#8211; Installera eller ta bort snabbt.<\/p>\n<p data-start=\"399\" data-end=\"449\">\ud83d\udee0\ufe0f Designad f\u00f6r tr\u00e5nga utrymmen &#8211; B\u00e4ttre r\u00e4ckvidd.<\/p>\n<p data-start=\"452\" data-end=\"501\">\ud83d\udd29 H\u00e5llbar ABS + metall &#8211; L\u00e5ngvarig konstruktion.<\/p>\n<p data-start=\"504\" data-end=\"555\">\ud83d\udebf M\u00e5ngsidig anv\u00e4ndning &#8211; L\u00e4mplig f\u00f6r VVS-jobb.<\/p>\n<p data-start=\"558\" data-end=\"600\">\u2699\ufe0f Enkel hantering &#8211; L\u00e4tt att anv\u00e4nda.<\/p>\n<p data-start=\"603\" data-end=\"645\">\ud83c\udfe0 Perfekt f\u00f6r hemmet &amp; professionell anv\u00e4ndning.<\/p>\n<p data-start=\"603\" data-end=\"645\"><img decoding=\"async\" class=\"alignnone size-full wp-image-25276\" src=\"https:\/\/mekulo.com\/template\/wp-content\/uploads\/sites\/6\/2026\/02\/J-2-32.jpg\" alt=\"\" width=\"1080\" height=\"1080\" \/><\/p>\n<h2 style=\"text-align: center\" data-start=\"652\" data-end=\"670\"><strong>Hur Man Anv\u00e4nder \ud83d\udccc<\/strong><\/h2>\n<ol data-start=\"672\" data-end=\"810\">\n<li data-start=\"672\" data-end=\"707\">\n<p data-start=\"675\" data-end=\"707\">V\u00e4lj r\u00e4tt verktygsdel.<\/p>\n<\/li>\n<li data-start=\"708\" data-end=\"750\">\n<p data-start=\"711\" data-end=\"750\">Placera den p\u00e5 kranen eller kopplingen.<\/p>\n<\/li>\n<li data-start=\"751\" data-end=\"782\">\n<p data-start=\"754\" data-end=\"782\">Vrid f\u00f6r att dra \u00e5t eller lossa.<\/p>\n<\/li>\n<li data-start=\"783\" data-end=\"810\">\n<p data-start=\"786\" data-end=\"810\">Ta bort efter justering.<\/p>\n<\/li>\n<\/ol>\n<h2 style=\"text-align: center\" data-start=\"817\" data-end=\"840\"><strong>Produktdetaljer \ud83d\udccf<\/strong><\/h2>\n<ul data-start=\"842\" data-end=\"1048\">\n<li data-start=\"882\" data-end=\"911\">\n<p data-start=\"884\" data-end=\"911\">Material: ABS + metall<\/p>\n<\/li>\n<li data-start=\"950\" data-end=\"999\">\n<p data-start=\"952\" data-end=\"999\">Applikation: Kraninstallation &amp; reparation<\/p>\n<\/li>\n<li data-start=\"1000\" data-end=\"1048\">\n<p data-start=\"1002\" data-end=\"1048\">Anv\u00e4ndning f\u00f6r: Hem, renovering, VVS-arbete<\/p>\n<\/li>\n<\/ul>\n<h2 style=\"text-align: center\" data-start=\"1055\" data-end=\"1079\"><strong>Paketet Inneh\u00e5ller \ud83d\udce6<\/strong><\/h2>\n<ul data-start=\"1081\" data-end=\"1111\">\n<li data-start=\"1081\" data-end=\"1111\">\n<p data-start=\"1083\" data-end=\"1111\">1, 2x krannyckelsats \/ s (7, 14 st).<\/p>\n<\/li>\n<\/ul>\n","protected":false},"excerpt":{"rendered":"<p>\ud83d\udca7Den h\u00e4r krannyckelsatsen hj\u00e4lper dig att dra \u00e5t eller lossa kopplingar i tr\u00e5nga utrymmen.<br \/>\n\ud83e\uddd1\u200d\ud83d\udd27Built av slitstark ABS och metall, ger p\u00e5litlig prestanda f\u00f6r VVS-uppgifter.<br \/>\n\ud83d\udd27Ideal f\u00f6r reparationer, uppgraderingar och nya installationer. En praktisk verktygssats f\u00f6r smidigare VVS-jobb.<\/p>\n","protected":false},"featured_media":23962,"comment_status":"open","ping_status":"closed","template":"","meta":{"site-sidebar-layout":"default","site-content-layout":"","ast-site-content-layout":"default","site-content-style":"default","site-sidebar-style":"default","ast-global-header-display":"","ast-banner-title-visibility":"","ast-main-header-display":"","ast-hfb-above-header-display":"","ast-hfb-below-header-display":"","ast-hfb-mobile-header-display":"","site-post-title":"","ast-breadcrumbs-content":"","ast-featured-img":"","footer-sml-layout":"","theme-transparent-header-meta":"default","adv-header-id-meta":"","stick-header-meta":"","header-above-stick-meta":"","header-main-stick-meta":"","header-below-stick-meta":"","astra-migrate-meta-layouts":"set","ast-page-background-enabled":"default","ast-page-background-meta":{"desktop":{"background-color":"var(--ast-global-color-5)","background-image":"","background-repeat":"repeat","background-position":"center center","background-size":"auto","background-attachment":"scroll","background-type":"","background-media":"","overlay-type":"","overlay-color":"","overlay-opacity":"","overlay-gradient":""},"tablet":{"background-color":"","background-image":"","background-repeat":"repeat","background-position":"center center","background-size":"auto","background-attachment":"scroll","background-type":"","background-media":"","overlay-type":"","overlay-color":"","overlay-opacity":"","overlay-gradient":""},"mobile":{"background-color":"","background-image":"","background-repeat":"repeat","background-position":"center center","background-size":"auto","background-attachment":"scroll","background-type":"","background-media":"","overlay-type":"","overlay-color":"","overlay-opacity":"","overlay-gradient":""}},"ast-content-background-meta":{"desktop":{"background-color":"var(--ast-global-color-4)","background-image":"","background-repeat":"repeat","background-position":"center center","background-size":"auto","background-attachment":"scroll","background-type":"","background-media":"","overlay-type":"","overlay-color":"","overlay-opacity":"","overlay-gradient":""},"tablet":{"background-color":"var(--ast-global-color-4)","background-image":"","background-repeat":"repeat","background-position":"center center","background-size":"auto","background-attachment":"scroll","background-type":"","background-media":"","overlay-type":"","overlay-color":"","overlay-opacity":"","overlay-gradient":""},"mobile":{"background-color":"var(--ast-global-color-4)","background-image":"","background-repeat":"repeat","background-position":"center center","background-size":"auto","background-attachment":"scroll","background-type":"","background-media":"","overlay-type":"","overlay-color":"","overlay-opacity":"","overlay-gradient":""}}},"product_brand":[],"product_cat":[171],"product_tag":[],"class_list":{"0":"post-23966","1":"product","2":"type-product","3":"status-publish","4":"has-post-thumbnail","6":"product_cat-verktyg","7":"pa_60250_y6sfjmql-1-uppsattning","8":"pa_60250_y6sfjmql-2-uppsattningar","9":"desktop-align-left","10":"tablet-align-left","11":"mobile-align-left","13":"first","14":"instock","15":"shipping-taxable","16":"purchasable","17":"product-type-variable"},"yoast_head":"<!-- This site is optimized with the Yoast SEO plugin v26.6 - https:\/\/yoast.com\/wordpress\/plugins\/seo\/ -->\n<title>Krannyckelsats - Mekulo SE<\/title>\n<meta name=\"robots\" content=\"index, follow, max-snippet:-1, max-image-preview:large, max-video-preview:-1\" \/>\n<link rel=\"canonical\" href=\"https:\/\/mekulo.com\/se\/produkt\/krannyckelsats\/\" \/>\n<meta property=\"og:locale\" content=\"en_US\" \/>\n<meta property=\"og:type\" content=\"article\" \/>\n<meta property=\"og:title\" content=\"Krannyckelsats - Mekulo SE\" \/>\n<meta property=\"og:description\" content=\"\ud83d\udca7Den h\u00e4r krannyckelsatsen hj\u00e4lper dig att dra \u00e5t eller lossa kopplingar i tr\u00e5nga utrymmen. \ud83e\uddd1\u200d\ud83d\udd27Built av slitstark ABS och metall, ger p\u00e5litlig prestanda f\u00f6r VVS-uppgifter. \ud83d\udd27Ideal f\u00f6r reparationer, uppgraderingar och nya installationer. En praktisk verktygssats f\u00f6r smidigare VVS-jobb.\" \/>\n<meta property=\"og:url\" content=\"https:\/\/mekulo.com\/se\/produkt\/krannyckelsats\/\" \/>\n<meta property=\"og:site_name\" content=\"Mekulo SE\" \/>\n<meta property=\"article:modified_time\" content=\"2026-02-17T10:34:45+00:00\" \/>\n<meta property=\"og:image\" content=\"https:\/\/mekulo.com\/se\/wp-content\/uploads\/sites\/11\/2026\/02\/tgh6brd-1.jpg\" \/>\n\t<meta property=\"og:image:width\" content=\"800\" \/>\n\t<meta property=\"og:image:height\" content=\"800\" \/>\n\t<meta property=\"og:image:type\" content=\"image\/jpeg\" \/>\n<meta name=\"twitter:card\" content=\"summary_large_image\" \/>\n<meta name=\"twitter:label1\" content=\"Est. reading time\" \/>\n\t<meta name=\"twitter:data1\" content=\"2 minutes\" \/>\n<script type=\"application\/ld+json\" class=\"yoast-schema-graph\">{\"@context\":\"https:\/\/schema.org\",\"@graph\":[{\"@type\":\"WebPage\",\"@id\":\"https:\/\/mekulo.com\/se\/produkt\/krannyckelsats\/\",\"url\":\"https:\/\/mekulo.com\/se\/produkt\/krannyckelsats\/\",\"name\":\"Krannyckelsats - Mekulo SE\",\"isPartOf\":{\"@id\":\"https:\/\/mekulo.com\/se\/#website\"},\"primaryImageOfPage\":{\"@id\":\"https:\/\/mekulo.com\/se\/produkt\/krannyckelsats\/#primaryimage\"},\"image\":{\"@id\":\"https:\/\/mekulo.com\/se\/produkt\/krannyckelsats\/#primaryimage\"},\"thumbnailUrl\":\"https:\/\/mekulo.com\/se\/wp-content\/uploads\/sites\/11\/2026\/02\/tgh6brd-1.jpg\",\"datePublished\":\"2026-02-17T10:34:38+00:00\",\"dateModified\":\"2026-02-17T10:34:45+00:00\",\"breadcrumb\":{\"@id\":\"https:\/\/mekulo.com\/se\/produkt\/krannyckelsats\/#breadcrumb\"},\"inLanguage\":\"en-US\",\"potentialAction\":[{\"@type\":\"ReadAction\",\"target\":[\"https:\/\/mekulo.com\/se\/produkt\/krannyckelsats\/\"]}]},{\"@type\":\"ImageObject\",\"inLanguage\":\"en-US\",\"@id\":\"https:\/\/mekulo.com\/se\/produkt\/krannyckelsats\/#primaryimage\",\"url\":\"https:\/\/mekulo.com\/se\/wp-content\/uploads\/sites\/11\/2026\/02\/tgh6brd-1.jpg\",\"contentUrl\":\"https:\/\/mekulo.com\/se\/wp-content\/uploads\/sites\/11\/2026\/02\/tgh6brd-1.jpg\",\"width\":800,\"height\":800},{\"@type\":\"BreadcrumbList\",\"@id\":\"https:\/\/mekulo.com\/se\/produkt\/krannyckelsats\/#breadcrumb\",\"itemListElement\":[{\"@type\":\"ListItem\",\"position\":1,\"name\":\"Home\",\"item\":\"https:\/\/mekulo.com\/se\/\"},{\"@type\":\"ListItem\",\"position\":2,\"name\":\"Butik\",\"item\":\"https:\/\/mekulo.com\/se\/butik\/\"},{\"@type\":\"ListItem\",\"position\":3,\"name\":\"Krannyckelsats\"}]},{\"@type\":\"WebSite\",\"@id\":\"https:\/\/mekulo.com\/se\/#website\",\"url\":\"https:\/\/mekulo.com\/se\/\",\"name\":\"Mekulo SE\",\"description\":\"\",\"publisher\":{\"@id\":\"https:\/\/mekulo.com\/se\/#organization\"},\"potentialAction\":[{\"@type\":\"SearchAction\",\"target\":{\"@type\":\"EntryPoint\",\"urlTemplate\":\"https:\/\/mekulo.com\/se\/?s={search_term_string}\"},\"query-input\":{\"@type\":\"PropertyValueSpecification\",\"valueRequired\":true,\"valueName\":\"search_term_string\"}}],\"inLanguage\":\"en-US\"},{\"@type\":\"Organization\",\"@id\":\"https:\/\/mekulo.com\/se\/#organization\",\"name\":\"Mekulo\",\"url\":\"https:\/\/mekulo.com\/se\/\",\"logo\":{\"@type\":\"ImageObject\",\"inLanguage\":\"en-US\",\"@id\":\"https:\/\/mekulo.com\/se\/#\/schema\/logo\/image\/\",\"url\":\"https:\/\/mekulo.com\/se\/wp-content\/uploads\/sites\/11\/2025\/12\/favicon_mekulo.png\",\"contentUrl\":\"https:\/\/mekulo.com\/se\/wp-content\/uploads\/sites\/11\/2025\/12\/favicon_mekulo.png\",\"width\":50,\"height\":50,\"caption\":\"Mekulo\"},\"image\":{\"@id\":\"https:\/\/mekulo.com\/se\/#\/schema\/logo\/image\/\"}}]}<\/script>\n<!-- \/ Yoast SEO plugin. -->","yoast_head_json":{"title":"Krannyckelsats - Mekulo SE","robots":{"index":"index","follow":"follow","max-snippet":"max-snippet:-1","max-image-preview":"max-image-preview:large","max-video-preview":"max-video-preview:-1"},"canonical":"https:\/\/mekulo.com\/se\/produkt\/krannyckelsats\/","og_locale":"en_US","og_type":"article","og_title":"Krannyckelsats - Mekulo SE","og_description":"\ud83d\udca7Den h\u00e4r krannyckelsatsen hj\u00e4lper dig att dra \u00e5t eller lossa kopplingar i tr\u00e5nga utrymmen. \ud83e\uddd1\u200d\ud83d\udd27Built av slitstark ABS och metall, ger p\u00e5litlig prestanda f\u00f6r VVS-uppgifter. \ud83d\udd27Ideal f\u00f6r reparationer, uppgraderingar och nya installationer. En praktisk verktygssats f\u00f6r smidigare VVS-jobb.","og_url":"https:\/\/mekulo.com\/se\/produkt\/krannyckelsats\/","og_site_name":"Mekulo SE","article_modified_time":"2026-02-17T10:34:45+00:00","og_image":[{"width":800,"height":800,"url":"https:\/\/mekulo.com\/se\/wp-content\/uploads\/sites\/11\/2026\/02\/tgh6brd-1.jpg","type":"image\/jpeg"}],"twitter_card":"summary_large_image","twitter_misc":{"Est. reading time":"2 minutes"},"schema":{"@context":"https:\/\/schema.org","@graph":[{"@type":"WebPage","@id":"https:\/\/mekulo.com\/se\/produkt\/krannyckelsats\/","url":"https:\/\/mekulo.com\/se\/produkt\/krannyckelsats\/","name":"Krannyckelsats - Mekulo SE","isPartOf":{"@id":"https:\/\/mekulo.com\/se\/#website"},"primaryImageOfPage":{"@id":"https:\/\/mekulo.com\/se\/produkt\/krannyckelsats\/#primaryimage"},"image":{"@id":"https:\/\/mekulo.com\/se\/produkt\/krannyckelsats\/#primaryimage"},"thumbnailUrl":"https:\/\/mekulo.com\/se\/wp-content\/uploads\/sites\/11\/2026\/02\/tgh6brd-1.jpg","datePublished":"2026-02-17T10:34:38+00:00","dateModified":"2026-02-17T10:34:45+00:00","breadcrumb":{"@id":"https:\/\/mekulo.com\/se\/produkt\/krannyckelsats\/#breadcrumb"},"inLanguage":"en-US","potentialAction":[{"@type":"ReadAction","target":["https:\/\/mekulo.com\/se\/produkt\/krannyckelsats\/"]}]},{"@type":"ImageObject","inLanguage":"en-US","@id":"https:\/\/mekulo.com\/se\/produkt\/krannyckelsats\/#primaryimage","url":"https:\/\/mekulo.com\/se\/wp-content\/uploads\/sites\/11\/2026\/02\/tgh6brd-1.jpg","contentUrl":"https:\/\/mekulo.com\/se\/wp-content\/uploads\/sites\/11\/2026\/02\/tgh6brd-1.jpg","width":800,"height":800},{"@type":"BreadcrumbList","@id":"https:\/\/mekulo.com\/se\/produkt\/krannyckelsats\/#breadcrumb","itemListElement":[{"@type":"ListItem","position":1,"name":"Home","item":"https:\/\/mekulo.com\/se\/"},{"@type":"ListItem","position":2,"name":"Butik","item":"https:\/\/mekulo.com\/se\/butik\/"},{"@type":"ListItem","position":3,"name":"Krannyckelsats"}]},{"@type":"WebSite","@id":"https:\/\/mekulo.com\/se\/#website","url":"https:\/\/mekulo.com\/se\/","name":"Mekulo SE","description":"","publisher":{"@id":"https:\/\/mekulo.com\/se\/#organization"},"potentialAction":[{"@type":"SearchAction","target":{"@type":"EntryPoint","urlTemplate":"https:\/\/mekulo.com\/se\/?s={search_term_string}"},"query-input":{"@type":"PropertyValueSpecification","valueRequired":true,"valueName":"search_term_string"}}],"inLanguage":"en-US"},{"@type":"Organization","@id":"https:\/\/mekulo.com\/se\/#organization","name":"Mekulo","url":"https:\/\/mekulo.com\/se\/","logo":{"@type":"ImageObject","inLanguage":"en-US","@id":"https:\/\/mekulo.com\/se\/#\/schema\/logo\/image\/","url":"https:\/\/mekulo.com\/se\/wp-content\/uploads\/sites\/11\/2025\/12\/favicon_mekulo.png","contentUrl":"https:\/\/mekulo.com\/se\/wp-content\/uploads\/sites\/11\/2025\/12\/favicon_mekulo.png","width":50,"height":50,"caption":"Mekulo"},"image":{"@id":"https:\/\/mekulo.com\/se\/#\/schema\/logo\/image\/"}}]}},"_links":{"self":[{"href":"https:\/\/mekulo.com\/se\/wp-json\/wp\/v2\/product\/23966","targetHints":{"allow":["GET"]}}],"collection":[{"href":"https:\/\/mekulo.com\/se\/wp-json\/wp\/v2\/product"}],"about":[{"href":"https:\/\/mekulo.com\/se\/wp-json\/wp\/v2\/types\/product"}],"replies":[{"embeddable":true,"href":"https:\/\/mekulo.com\/se\/wp-json\/wp\/v2\/comments?post=23966"}],"wp:featuredmedia":[{"embeddable":true,"href":"https:\/\/mekulo.com\/se\/wp-json\/wp\/v2\/media\/23962"}],"wp:attachment":[{"href":"https:\/\/mekulo.com\/se\/wp-json\/wp\/v2\/media?parent=23966"}],"wp:term":[{"taxonomy":"product_brand","embeddable":true,"href":"https:\/\/mekulo.com\/se\/wp-json\/wp\/v2\/product_brand?post=23966"},{"taxonomy":"product_cat","embeddable":true,"href":"https:\/\/mekulo.com\/se\/wp-json\/wp\/v2\/product_cat?post=23966"},{"taxonomy":"product_tag","embeddable":true,"href":"https:\/\/mekulo.com\/se\/wp-json\/wp\/v2\/product_tag?post=23966"}],"curies":[{"name":"wp","href":"https:\/\/api.w.org\/{rel}","templated":true}]}}