{"id":23884,"date":"2026-02-17T08:07:10","date_gmt":"2026-02-17T06:07:10","guid":{"rendered":"https:\/\/mekulo.com\/se\/produkt\/fleecefilt-med-lapptacke-for-kycklingar\/"},"modified":"2026-02-17T08:45:17","modified_gmt":"2026-02-17T06:45:17","slug":"fleecefilt-med-lapptacke-for-kycklingar","status":"publish","type":"product","link":"https:\/\/mekulo.com\/se\/produkt\/fleecefilt-med-lapptacke-for-kycklingar\/","title":{"rendered":"Fleecefilt med lappt\u00e4cke f\u00f6r kycklingar"},"content":{"rendered":"<p style=\"text-align: center\" data-start=\"41\" data-end=\"80\"><strong data-start=\"41\" data-end=\"80\">Svep in dig i mjuk, mysig v\u00e4rme. \ud83d\udecb\ufe0f<\/strong><\/p>\n<p data-start=\"41\" data-end=\"80\"><img fetchpriority=\"high\" decoding=\"async\" class=\"size-full wp-image-25207 aligncenter\" src=\"https:\/\/mekulo.com\/template\/wp-content\/uploads\/sites\/6\/2026\/02\/d89f11c29a9da192fa0809ffd49a9c0db0912f49-700.avif\" alt=\"\" width=\"700\" height=\"700\" \/><\/p>\n<h2 style=\"text-align: center\" data-start=\"303\" data-end=\"324\"><strong>Huvudf\u00f6rdelar \ud83d\udc14<\/strong><\/h2>\n<p data-start=\"328\" data-end=\"382\">\ud83d\udc14 Charmig kycklingdesign &#8211; Rolig och unik look.<\/p>\n<p data-start=\"385\" data-end=\"434\">\u2601\ufe0f Ultramjuk fleece &#8211; Mjuk och mysig k\u00e4nsla.<\/p>\n<p data-start=\"437\" data-end=\"498\">\ud83c\udf2c\ufe0f Andas &amp; l\u00e4tt &#8211; Varm utan \u00f6verhettning.<\/p>\n<p data-start=\"501\" data-end=\"559\">\ud83d\udd25 Bra v\u00e4rmeh\u00e5llning &#8211; Perfekt f\u00f6r kallare \u00e5rstider.<\/p>\n<p data-start=\"562\" data-end=\"614\">\ud83d\udecb\ufe0f M\u00e5ngsidig anv\u00e4ndning &#8211; Soffa, s\u00e4ng, resor, camping.<\/p>\n<p data-start=\"617\" data-end=\"668\">\u2728 Anti-pilling-tyg &#8211; F\u00f6rblir sl\u00e4tt och mjukt.<\/p>\n<p data-start=\"671\" data-end=\"726\">\ud83c\udf81 Perfekt presentid\u00e9 &#8211; Praktisk och hj\u00e4rtev\u00e4rmande.<\/p>\n<p data-start=\"729\" data-end=\"766\">\ud83e\uddfc Maskintv\u00e4ttbar &#8211; L\u00e4ttsk\u00f6tt.<\/p>\n<p data-start=\"729\" data-end=\"766\"><img decoding=\"async\" class=\"size-full wp-image-25204 aligncenter\" src=\"https:\/\/mekulo.com\/template\/wp-content\/uploads\/sites\/6\/2026\/02\/1ca604aa070642e24ed1af222ff82e83973d6db1-700.avif\" alt=\"\" \/><\/p>\n<h2 style=\"text-align: center\" data-start=\"773\" data-end=\"791\"><strong>Hur Man Anv\u00e4nder \ud83d\udccc<\/strong><\/h2>\n<ol data-start=\"793\" data-end=\"936\">\n<li data-start=\"793\" data-end=\"817\">\n<p data-start=\"796\" data-end=\"817\">Vik upp filten.<\/p>\n<\/li>\n<li data-start=\"818\" data-end=\"852\">\n<p data-start=\"821\" data-end=\"852\">Anv\u00e4nd p\u00e5 en soffa, s\u00e4ng eller stol.<\/p>\n<\/li>\n<li data-start=\"853\" data-end=\"900\">\n<p data-start=\"856\" data-end=\"900\">Ta den med p\u00e5 resor eller utomhusresor.<\/p>\n<\/li>\n<li data-start=\"901\" data-end=\"936\">\n<p data-start=\"904\" data-end=\"936\">Tv\u00e4tta i maskinen vid behov.<\/p>\n<\/li>\n<\/ol>\n<h2 style=\"text-align: center\" data-start=\"943\" data-end=\"966\"><strong>Produktdetaljer \ud83d\udccf<\/strong><\/h2>\n<ul data-start=\"968\" data-end=\"1288\">\n<li data-start=\"1023\" data-end=\"1073\">\n<p data-start=\"1025\" data-end=\"1073\">Material: Polyesterfiber (flanellfleece)<\/p>\n<\/li>\n<li data-start=\"1074\" data-end=\"1105\">\n<p data-start=\"1076\" data-end=\"1105\">V\u00e4vningsmetod: Virka<\/p>\n<\/li>\n<li data-start=\"1106\" data-end=\"1179\">\n<p data-start=\"1108\" data-end=\"1179\">Funktioner: Mjuk, andningsbar, slitstark, smutsavvisande, skrynkelfri<\/p>\n<\/li>\n<li data-start=\"1180\" data-end=\"1211\">\n<p data-start=\"1182\" data-end=\"1211\">M\u00f6nster: Tryckt design<\/p>\n<\/li>\n<li data-start=\"1212\" data-end=\"1257\">\n<p data-start=\"1214\" data-end=\"1257\">Stil: Modern \/ Klassisk \/ Traditionell<\/p>\n<\/li>\n<li data-start=\"1258\" data-end=\"1288\">\n<p data-start=\"1260\" data-end=\"1288\">Sk\u00f6tsel: Maskintv\u00e4ttbara<\/p>\n<\/li>\n<li data-start=\"1258\" data-end=\"1288\">\n<p data-start=\"1260\" data-end=\"1288\">Tillg\u00e4ngliga storlekar: 70 x 100 cm, 100 x 150 cm, 130 x 150 cm, 150 x 200 cm<\/p>\n<\/li>\n<\/ul>\n<h2 style=\"text-align: center\" data-start=\"1411\" data-end=\"1435\"><strong>Paketet Inneh\u00e5ller \ud83d\udce6<\/strong><\/h2>\n<ul data-start=\"1437\" data-end=\"1477\">\n<li data-start=\"1437\" data-end=\"1477\">\n<p data-start=\"1439\" data-end=\"1477\">1x kyckling patchwork fleece filt.<\/p>\n<\/li>\n<\/ul>\n","protected":false},"excerpt":{"rendered":"<p>\ud83d\udc14Den h\u00e4r fleecefilten med kycklinglappar kombinerar komfort, stil och en lekfull design.<br \/>\n\ud83c\udf81Den k\u00e4nns sammetslen och mjuk mot huden samtidigt som den \u00e4r l\u00e4tt och andas. Perfekt f\u00f6r avkoppling hemma, p\u00e5 resan eller som present.<br \/>\n\ud83d\udecb\ufe0fComfort, v\u00e4rme och personlighet i en mysig filt.<\/p>\n","protected":false},"featured_media":23880,"comment_status":"open","ping_status":"closed","template":"","meta":{"site-sidebar-layout":"default","site-content-layout":"","ast-site-content-layout":"default","site-content-style":"default","site-sidebar-style":"default","ast-global-header-display":"","ast-banner-title-visibility":"","ast-main-header-display":"","ast-hfb-above-header-display":"","ast-hfb-below-header-display":"","ast-hfb-mobile-header-display":"","site-post-title":"","ast-breadcrumbs-content":"","ast-featured-img":"","footer-sml-layout":"","theme-transparent-header-meta":"default","adv-header-id-meta":"","stick-header-meta":"","header-above-stick-meta":"","header-main-stick-meta":"","header-below-stick-meta":"","astra-migrate-meta-layouts":"set","ast-page-background-enabled":"default","ast-page-background-meta":{"desktop":{"background-color":"var(--ast-global-color-5)","background-image":"","background-repeat":"repeat","background-position":"center center","background-size":"auto","background-attachment":"scroll","background-type":"","background-media":"","overlay-type":"","overlay-color":"","overlay-opacity":"","overlay-gradient":""},"tablet":{"background-color":"","background-image":"","background-repeat":"repeat","background-position":"center center","background-size":"auto","background-attachment":"scroll","background-type":"","background-media":"","overlay-type":"","overlay-color":"","overlay-opacity":"","overlay-gradient":""},"mobile":{"background-color":"","background-image":"","background-repeat":"repeat","background-position":"center center","background-size":"auto","background-attachment":"scroll","background-type":"","background-media":"","overlay-type":"","overlay-color":"","overlay-opacity":"","overlay-gradient":""}},"ast-content-background-meta":{"desktop":{"background-color":"var(--ast-global-color-4)","background-image":"","background-repeat":"repeat","background-position":"center center","background-size":"auto","background-attachment":"scroll","background-type":"","background-media":"","overlay-type":"","overlay-color":"","overlay-opacity":"","overlay-gradient":""},"tablet":{"background-color":"var(--ast-global-color-4)","background-image":"","background-repeat":"repeat","background-position":"center center","background-size":"auto","background-attachment":"scroll","background-type":"","background-media":"","overlay-type":"","overlay-color":"","overlay-opacity":"","overlay-gradient":""},"mobile":{"background-color":"var(--ast-global-color-4)","background-image":"","background-repeat":"repeat","background-position":"center center","background-size":"auto","background-attachment":"scroll","background-type":"","background-media":"","overlay-type":"","overlay-color":"","overlay-opacity":"","overlay-gradient":""}}},"product_brand":[],"product_cat":[168],"product_tag":[],"class_list":{"0":"post-23884","1":"product","2":"type-product","3":"status-publish","4":"has-post-thumbnail","6":"product_cat-hushallsartiklar","7":"pa_49065_s53hgtil-100-x-150-cm","8":"pa_49065_s53hgtil-130-x-150-cm","9":"pa_49065_s53hgtil-150-x-200-cm","10":"pa_49065_s53hgtil-70-x-100-cm","11":"desktop-align-left","12":"tablet-align-left","13":"mobile-align-left","15":"first","16":"instock","17":"shipping-taxable","18":"purchasable","19":"product-type-variable"},"yoast_head":"<!-- This site is optimized with the Yoast SEO plugin v26.6 - https:\/\/yoast.com\/wordpress\/plugins\/seo\/ -->\n<title>Fleecefilt med lappt\u00e4cke f\u00f6r kycklingar - Mekulo SE<\/title>\n<meta name=\"robots\" content=\"index, follow, max-snippet:-1, max-image-preview:large, max-video-preview:-1\" \/>\n<link rel=\"canonical\" href=\"https:\/\/mekulo.com\/se\/produkt\/fleecefilt-med-lapptacke-for-kycklingar\/\" \/>\n<meta property=\"og:locale\" content=\"sv_SE\" \/>\n<meta property=\"og:type\" content=\"article\" \/>\n<meta property=\"og:title\" content=\"Fleecefilt med lappt\u00e4cke f\u00f6r kycklingar - Mekulo SE\" \/>\n<meta property=\"og:description\" content=\"\ud83d\udc14Den h\u00e4r fleecefilten med kycklinglappar kombinerar komfort, stil och en lekfull design. \ud83c\udf81Den k\u00e4nns sammetslen och mjuk mot huden samtidigt som den \u00e4r l\u00e4tt och andas. Perfekt f\u00f6r avkoppling hemma, p\u00e5 resan eller som present. \ud83d\udecb\ufe0fComfort, v\u00e4rme och personlighet i en mysig filt.\" \/>\n<meta property=\"og:url\" content=\"https:\/\/mekulo.com\/se\/produkt\/fleecefilt-med-lapptacke-for-kycklingar\/\" \/>\n<meta property=\"og:site_name\" content=\"Mekulo SE\" \/>\n<meta property=\"article:modified_time\" content=\"2026-02-17T06:45:17+00:00\" \/>\n<meta property=\"og:image\" content=\"https:\/\/mekulo.com\/se\/wp-content\/uploads\/sites\/11\/2026\/02\/1phqcnd-1.jpg\" \/>\n\t<meta property=\"og:image:width\" content=\"1000\" \/>\n\t<meta property=\"og:image:height\" content=\"1000\" \/>\n\t<meta property=\"og:image:type\" content=\"image\/jpeg\" \/>\n<meta name=\"twitter:card\" content=\"summary_large_image\" \/>\n<meta name=\"twitter:label1\" content=\"Ber\u00e4knad l\u00e4stid\" \/>\n\t<meta name=\"twitter:data1\" content=\"2 minuter\" \/>\n<script type=\"application\/ld+json\" class=\"yoast-schema-graph\">{\"@context\":\"https:\/\/schema.org\",\"@graph\":[{\"@type\":\"WebPage\",\"@id\":\"https:\/\/mekulo.com\/se\/produkt\/fleecefilt-med-lapptacke-for-kycklingar\/\",\"url\":\"https:\/\/mekulo.com\/se\/produkt\/fleecefilt-med-lapptacke-for-kycklingar\/\",\"name\":\"Fleecefilt med lappt\u00e4cke f\u00f6r kycklingar - Mekulo SE\",\"isPartOf\":{\"@id\":\"https:\/\/mekulo.com\/se\/#website\"},\"primaryImageOfPage\":{\"@id\":\"https:\/\/mekulo.com\/se\/produkt\/fleecefilt-med-lapptacke-for-kycklingar\/#primaryimage\"},\"image\":{\"@id\":\"https:\/\/mekulo.com\/se\/produkt\/fleecefilt-med-lapptacke-for-kycklingar\/#primaryimage\"},\"thumbnailUrl\":\"https:\/\/mekulo.com\/se\/wp-content\/uploads\/sites\/11\/2026\/02\/1phqcnd-1.jpg\",\"datePublished\":\"2026-02-17T06:07:10+00:00\",\"dateModified\":\"2026-02-17T06:45:17+00:00\",\"breadcrumb\":{\"@id\":\"https:\/\/mekulo.com\/se\/produkt\/fleecefilt-med-lapptacke-for-kycklingar\/#breadcrumb\"},\"inLanguage\":\"sv-SE\",\"potentialAction\":[{\"@type\":\"ReadAction\",\"target\":[\"https:\/\/mekulo.com\/se\/produkt\/fleecefilt-med-lapptacke-for-kycklingar\/\"]}]},{\"@type\":\"ImageObject\",\"inLanguage\":\"sv-SE\",\"@id\":\"https:\/\/mekulo.com\/se\/produkt\/fleecefilt-med-lapptacke-for-kycklingar\/#primaryimage\",\"url\":\"https:\/\/mekulo.com\/se\/wp-content\/uploads\/sites\/11\/2026\/02\/1phqcnd-1.jpg\",\"contentUrl\":\"https:\/\/mekulo.com\/se\/wp-content\/uploads\/sites\/11\/2026\/02\/1phqcnd-1.jpg\",\"width\":1000,\"height\":1000},{\"@type\":\"BreadcrumbList\",\"@id\":\"https:\/\/mekulo.com\/se\/produkt\/fleecefilt-med-lapptacke-for-kycklingar\/#breadcrumb\",\"itemListElement\":[{\"@type\":\"ListItem\",\"position\":1,\"name\":\"Home\",\"item\":\"https:\/\/mekulo.com\/se\/\"},{\"@type\":\"ListItem\",\"position\":2,\"name\":\"Butik\",\"item\":\"https:\/\/mekulo.com\/se\/butik\/\"},{\"@type\":\"ListItem\",\"position\":3,\"name\":\"Fleecefilt med lappt\u00e4cke f\u00f6r kycklingar\"}]},{\"@type\":\"WebSite\",\"@id\":\"https:\/\/mekulo.com\/se\/#website\",\"url\":\"https:\/\/mekulo.com\/se\/\",\"name\":\"Mekulo SE\",\"description\":\"\",\"publisher\":{\"@id\":\"https:\/\/mekulo.com\/se\/#organization\"},\"potentialAction\":[{\"@type\":\"SearchAction\",\"target\":{\"@type\":\"EntryPoint\",\"urlTemplate\":\"https:\/\/mekulo.com\/se\/?s={search_term_string}\"},\"query-input\":{\"@type\":\"PropertyValueSpecification\",\"valueRequired\":true,\"valueName\":\"search_term_string\"}}],\"inLanguage\":\"sv-SE\"},{\"@type\":\"Organization\",\"@id\":\"https:\/\/mekulo.com\/se\/#organization\",\"name\":\"Mekulo\",\"url\":\"https:\/\/mekulo.com\/se\/\",\"logo\":{\"@type\":\"ImageObject\",\"inLanguage\":\"sv-SE\",\"@id\":\"https:\/\/mekulo.com\/se\/#\/schema\/logo\/image\/\",\"url\":\"https:\/\/mekulo.com\/se\/wp-content\/uploads\/sites\/11\/2025\/12\/favicon_mekulo.png\",\"contentUrl\":\"https:\/\/mekulo.com\/se\/wp-content\/uploads\/sites\/11\/2025\/12\/favicon_mekulo.png\",\"width\":50,\"height\":50,\"caption\":\"Mekulo\"},\"image\":{\"@id\":\"https:\/\/mekulo.com\/se\/#\/schema\/logo\/image\/\"}}]}<\/script>\n<!-- \/ Yoast SEO plugin. -->","yoast_head_json":{"title":"Fleecefilt med lappt\u00e4cke f\u00f6r kycklingar - Mekulo SE","robots":{"index":"index","follow":"follow","max-snippet":"max-snippet:-1","max-image-preview":"max-image-preview:large","max-video-preview":"max-video-preview:-1"},"canonical":"https:\/\/mekulo.com\/se\/produkt\/fleecefilt-med-lapptacke-for-kycklingar\/","og_locale":"sv_SE","og_type":"article","og_title":"Fleecefilt med lappt\u00e4cke f\u00f6r kycklingar - Mekulo SE","og_description":"\ud83d\udc14Den h\u00e4r fleecefilten med kycklinglappar kombinerar komfort, stil och en lekfull design. \ud83c\udf81Den k\u00e4nns sammetslen och mjuk mot huden samtidigt som den \u00e4r l\u00e4tt och andas. Perfekt f\u00f6r avkoppling hemma, p\u00e5 resan eller som present. \ud83d\udecb\ufe0fComfort, v\u00e4rme och personlighet i en mysig filt.","og_url":"https:\/\/mekulo.com\/se\/produkt\/fleecefilt-med-lapptacke-for-kycklingar\/","og_site_name":"Mekulo SE","article_modified_time":"2026-02-17T06:45:17+00:00","og_image":[{"width":1000,"height":1000,"url":"https:\/\/mekulo.com\/se\/wp-content\/uploads\/sites\/11\/2026\/02\/1phqcnd-1.jpg","type":"image\/jpeg"}],"twitter_card":"summary_large_image","twitter_misc":{"Ber\u00e4knad l\u00e4stid":"2 minuter"},"schema":{"@context":"https:\/\/schema.org","@graph":[{"@type":"WebPage","@id":"https:\/\/mekulo.com\/se\/produkt\/fleecefilt-med-lapptacke-for-kycklingar\/","url":"https:\/\/mekulo.com\/se\/produkt\/fleecefilt-med-lapptacke-for-kycklingar\/","name":"Fleecefilt med lappt\u00e4cke f\u00f6r kycklingar - Mekulo SE","isPartOf":{"@id":"https:\/\/mekulo.com\/se\/#website"},"primaryImageOfPage":{"@id":"https:\/\/mekulo.com\/se\/produkt\/fleecefilt-med-lapptacke-for-kycklingar\/#primaryimage"},"image":{"@id":"https:\/\/mekulo.com\/se\/produkt\/fleecefilt-med-lapptacke-for-kycklingar\/#primaryimage"},"thumbnailUrl":"https:\/\/mekulo.com\/se\/wp-content\/uploads\/sites\/11\/2026\/02\/1phqcnd-1.jpg","datePublished":"2026-02-17T06:07:10+00:00","dateModified":"2026-02-17T06:45:17+00:00","breadcrumb":{"@id":"https:\/\/mekulo.com\/se\/produkt\/fleecefilt-med-lapptacke-for-kycklingar\/#breadcrumb"},"inLanguage":"sv-SE","potentialAction":[{"@type":"ReadAction","target":["https:\/\/mekulo.com\/se\/produkt\/fleecefilt-med-lapptacke-for-kycklingar\/"]}]},{"@type":"ImageObject","inLanguage":"sv-SE","@id":"https:\/\/mekulo.com\/se\/produkt\/fleecefilt-med-lapptacke-for-kycklingar\/#primaryimage","url":"https:\/\/mekulo.com\/se\/wp-content\/uploads\/sites\/11\/2026\/02\/1phqcnd-1.jpg","contentUrl":"https:\/\/mekulo.com\/se\/wp-content\/uploads\/sites\/11\/2026\/02\/1phqcnd-1.jpg","width":1000,"height":1000},{"@type":"BreadcrumbList","@id":"https:\/\/mekulo.com\/se\/produkt\/fleecefilt-med-lapptacke-for-kycklingar\/#breadcrumb","itemListElement":[{"@type":"ListItem","position":1,"name":"Home","item":"https:\/\/mekulo.com\/se\/"},{"@type":"ListItem","position":2,"name":"Butik","item":"https:\/\/mekulo.com\/se\/butik\/"},{"@type":"ListItem","position":3,"name":"Fleecefilt med lappt\u00e4cke f\u00f6r kycklingar"}]},{"@type":"WebSite","@id":"https:\/\/mekulo.com\/se\/#website","url":"https:\/\/mekulo.com\/se\/","name":"Mekulo SE","description":"","publisher":{"@id":"https:\/\/mekulo.com\/se\/#organization"},"potentialAction":[{"@type":"SearchAction","target":{"@type":"EntryPoint","urlTemplate":"https:\/\/mekulo.com\/se\/?s={search_term_string}"},"query-input":{"@type":"PropertyValueSpecification","valueRequired":true,"valueName":"search_term_string"}}],"inLanguage":"sv-SE"},{"@type":"Organization","@id":"https:\/\/mekulo.com\/se\/#organization","name":"Mekulo","url":"https:\/\/mekulo.com\/se\/","logo":{"@type":"ImageObject","inLanguage":"sv-SE","@id":"https:\/\/mekulo.com\/se\/#\/schema\/logo\/image\/","url":"https:\/\/mekulo.com\/se\/wp-content\/uploads\/sites\/11\/2025\/12\/favicon_mekulo.png","contentUrl":"https:\/\/mekulo.com\/se\/wp-content\/uploads\/sites\/11\/2025\/12\/favicon_mekulo.png","width":50,"height":50,"caption":"Mekulo"},"image":{"@id":"https:\/\/mekulo.com\/se\/#\/schema\/logo\/image\/"}}]}},"_links":{"self":[{"href":"https:\/\/mekulo.com\/se\/wp-json\/wp\/v2\/product\/23884","targetHints":{"allow":["GET"]}}],"collection":[{"href":"https:\/\/mekulo.com\/se\/wp-json\/wp\/v2\/product"}],"about":[{"href":"https:\/\/mekulo.com\/se\/wp-json\/wp\/v2\/types\/product"}],"replies":[{"embeddable":true,"href":"https:\/\/mekulo.com\/se\/wp-json\/wp\/v2\/comments?post=23884"}],"wp:featuredmedia":[{"embeddable":true,"href":"https:\/\/mekulo.com\/se\/wp-json\/wp\/v2\/media\/23880"}],"wp:attachment":[{"href":"https:\/\/mekulo.com\/se\/wp-json\/wp\/v2\/media?parent=23884"}],"wp:term":[{"taxonomy":"product_brand","embeddable":true,"href":"https:\/\/mekulo.com\/se\/wp-json\/wp\/v2\/product_brand?post=23884"},{"taxonomy":"product_cat","embeddable":true,"href":"https:\/\/mekulo.com\/se\/wp-json\/wp\/v2\/product_cat?post=23884"},{"taxonomy":"product_tag","embeddable":true,"href":"https:\/\/mekulo.com\/se\/wp-json\/wp\/v2\/product_tag?post=23884"}],"curies":[{"name":"wp","href":"https:\/\/api.w.org\/{rel}","templated":true}]}}