{"id":23860,"date":"2026-02-17T08:05:03","date_gmt":"2026-02-17T06:05:03","guid":{"rendered":"https:\/\/mekulo.com\/se\/produkt\/solcellsdome-kamera\/"},"modified":"2026-02-17T08:05:03","modified_gmt":"2026-02-17T06:05:03","slug":"solcellsdome-kamera","status":"publish","type":"product","link":"https:\/\/mekulo.com\/se\/produkt\/solcellsdome-kamera\/","title":{"rendered":"Solcellsdome-kamera"},"content":{"rendered":"<p style=\"text-align: center\" data-start=\"41\" data-end=\"94\"><strong data-start=\"41\" data-end=\"94\">Ger Ett 360\u00b0 Skydd Som Drivs Av Solen. \ud83c\udfa5<\/strong><\/p>\n<p data-start=\"41\" data-end=\"94\"><img fetchpriority=\"high\" decoding=\"async\" class=\"alignnone size-full wp-image-25189 aligncenter\" src=\"https:\/\/mekulo.com\/template\/wp-content\/uploads\/sites\/6\/2026\/02\/9_5f7a8cf7-cdc4-4588-90cb-8bca56920375_720x720.jpg\" alt=\"\" width=\"720\" height=\"720\" \/><\/p>\n<h2 style=\"text-align: center\" data-start=\"324\" data-end=\"345\">Huvudf\u00f6rdelar \u2600\ufe0f<\/h2>\n<p data-start=\"349\" data-end=\"398\">\u2600\ufe0f Soldriven &#8211; Kontinuerlig energif\u00f6rs\u00f6rjning.<\/p>\n<p data-start=\"401\" data-end=\"444\">\ud83c\udfa5 Ultra HD-klarhet &#8211; 8MP skarp video.<\/p>\n<p data-start=\"447\" data-end=\"491\">\ud83d\udd04 360\u00b0 t\u00e4ckning &#8211; Panorera och lutningsr\u00f6relse.<\/p>\n<p data-start=\"494\" data-end=\"542\">\ud83c\udf19 Nattvisionsl\u00e4gen &#8211; IR \/ Color \/ Smart.<\/p>\n<p data-start=\"545\" data-end=\"593\">\ud83d\udea8 R\u00f6relsedetektering &#8211; Omedelbara telefonvarningar.<\/p>\n<p data-start=\"596\" data-end=\"645\">\ud83e\uddcd Humanoiddetektering &#8211; Smartare igenk\u00e4nning.<\/p>\n<p data-start=\"648\" data-end=\"695\">\ud83c\udfaf Automatisk sp\u00e5rning &#8211; F\u00f6ljer m\u00e4nsklig r\u00f6relse.<\/p>\n<p data-start=\"698\" data-end=\"744\">\ud83d\udd0a Tv\u00e5v\u00e4gs ljud &#8211; Prata och lyssna via app.<\/p>\n<p data-start=\"747\" data-end=\"793\">\ud83d\udcbe Lagringsalternativ &#8211; Minneskort &amp; moln.<\/p>\n<p data-start=\"747\" data-end=\"793\">\ud83c\udf27\ufe0f IP66 vattent\u00e4t &#8211; Anv\u00e4ndning inomhus &amp; utomhus.<\/p>\n<p data-start=\"847\" data-end=\"890\">\ud83d\udd0b L\u00e5geffektsl\u00e4ge &#8211; L\u00e5ng standbytid.<\/p>\n<p data-start=\"893\" data-end=\"942\">\ud83d\udcf6 Tr\u00e5dl\u00f6s anslutning &#8211; WiFi eller 4G-version.<\/p>\n<p data-start=\"893\" data-end=\"942\"><img decoding=\"async\" class=\"size-full wp-image-25194 aligncenter\" src=\"https:\/\/mekulo.com\/template\/wp-content\/uploads\/sites\/6\/2026\/02\/6_114cb55c-a815-426c-8a74-873e4dedac33_720x720.webp\" alt=\"\" width=\"720\" height=\"720\" \/><\/p>\n<h2 style=\"text-align: center\" data-start=\"949\" data-end=\"967\">Hur Man Anv\u00e4nder \ud83d\udccc<\/h2>\n<ol data-start=\"969\" data-end=\"1199\">\n<li data-start=\"969\" data-end=\"1013\">\n<p data-start=\"972\" data-end=\"1013\">Installera kameran p\u00e5 en solig plats.<\/p>\n<\/li>\n<li data-start=\"1014\" data-end=\"1071\">\n<p data-start=\"1017\" data-end=\"1071\">Anslut via WiFi..<\/p>\n<\/li>\n<li data-start=\"1072\" data-end=\"1112\">\n<p data-start=\"1075\" data-end=\"1112\">\u00d6ppna mobilappen (V380 Pro).<\/p>\n<\/li>\n<li data-start=\"1113\" data-end=\"1156\">\n<p data-start=\"1116\" data-end=\"1156\">Justera inst\u00e4llningar och visa livebilder.<\/p>\n<\/li>\n<li data-start=\"1157\" data-end=\"1199\">\n<p data-start=\"1160\" data-end=\"1199\">F\u00e5 varningar n\u00e4r r\u00f6relse uppt\u00e4cks.<\/p>\n<\/li>\n<\/ol>\n<h2 style=\"text-align: center\" data-start=\"1206\" data-end=\"1229\">Produktdetaljer \ud83d\udccf<\/h2>\n<ul data-start=\"1231\" data-end=\"1769\">\n<li data-start=\"1271\" data-end=\"1303\">\n<p data-start=\"1273\" data-end=\"1303\">Uppl\u00f6sning: 8MP Ultra HD<\/p>\n<\/li>\n<li data-start=\"1304\" data-end=\"1329\">\n<p data-start=\"1306\" data-end=\"1329\">Solpanel: 7,5W<\/p>\n<\/li>\n<li data-start=\"1330\" data-end=\"1367\">\n<p data-start=\"1332\" data-end=\"1367\">Batteri: 8000mAh uppladdningsbart<\/p>\n<\/li>\n<li data-start=\"1368\" data-end=\"1416\">\n<p data-start=\"1370\" data-end=\"1416\">Rotation: 355\u00b0 horisontellt \/ 90\u00b0 vertikalt<\/p>\n<\/li>\n<li data-start=\"1417\" data-end=\"1469\">\n<p data-start=\"1419\" data-end=\"1469\">Nattsyn: IR \/ F\u00e4rg \/ Intelligenta l\u00e4gen<\/p>\n<\/li>\n<li data-start=\"1470\" data-end=\"1506\">\n<p data-start=\"1472\" data-end=\"1506\">Audio: Tv\u00e5v\u00e4gskommunikation<\/p>\n<\/li>\n<li data-start=\"1507\" data-end=\"1557\">\n<p data-start=\"1509\" data-end=\"1557\">Lagring: Minneskort (ing\u00e5r ej)<\/p>\n<\/li>\n<li data-start=\"1558\" data-end=\"1604\">\n<p data-start=\"1560\" data-end=\"1604\">Detektering: R\u00f6relse &amp; humanoiddetektering<\/p>\n<\/li>\n<li data-start=\"1605\" data-end=\"1647\">\n<p data-start=\"1607\" data-end=\"1647\">Sp\u00e5rning: Automatisk sp\u00e5rning av m\u00e4nniskor<\/p>\n<\/li>\n<li data-start=\"1648\" data-end=\"1692\">\n<p data-start=\"1650\" data-end=\"1692\">Effektl\u00e4ge: L\u00e5g effekt \/ l\u00e5ng standby<\/p>\n<\/li>\n<li data-start=\"1693\" data-end=\"1724\">\n<p data-start=\"1695\" data-end=\"1724\">Vattens\u00e4ker klassning: IP66<\/p>\n<\/li>\n<li data-start=\"1725\" data-end=\"1769\">\n<p data-start=\"1727\" data-end=\"1769\">Anslutningsm\u00f6jligheter: WiFi<\/p>\n<\/li>\n<li data-start=\"1725\" data-end=\"1769\">Device kan delas till max 5 anv\u00e4ndare, master kan ocks\u00e5 v\u00e4lja funktionen f\u00f6r dem n\u00e4r de delas<\/li>\n<\/ul>\n<h2 style=\"text-align: center\" data-start=\"1861\" data-end=\"1885\">Paketet Inneh\u00e5ller \ud83d\udce6<\/h2>\n<ul data-start=\"1887\" data-end=\"1965\">\n<li data-start=\"1887\" data-end=\"1912\">\n<p data-start=\"1889\" data-end=\"1912\">1x solkupolkamera<\/p>\n<\/li>\n<li data-start=\"1913\" data-end=\"1932\">\n<p data-start=\"1915\" data-end=\"1932\">1x solpanel<\/p>\n<\/li>\n<li data-start=\"1933\" data-end=\"1965\">\n<p data-start=\"1935\" data-end=\"1965\">1x upps\u00e4ttning monteringstillbeh\u00f6r.<\/p>\n<\/li>\n<\/ul>\n","protected":false},"excerpt":{"rendered":"<p>\ud83c\udf1eDen h\u00e4r solcellsdrivna kupolkameran h\u00e5ller ditt hem eller din egendom \u00f6vervakad dag och natt.<br \/>\n\ud83d\udcf9Med ultra HD-uppl\u00f6sning, smart r\u00f6relsedetektering och automatisk sp\u00e5rning h\u00e5ller du dig informerad i realtid. Ingen konstant laddning eller kabeldragning kr\u00e4vs.<br \/>\n<span style=\"font-size: 16px\">\ud83c\udfe1Smart, tr\u00e5dl\u00f6s och solcellsdriven s\u00e4kerhet f\u00f6r total sinnesfrid.<\/span><\/p>\n","protected":false},"featured_media":23856,"comment_status":"open","ping_status":"closed","template":"","meta":{"site-sidebar-layout":"default","site-content-layout":"","ast-site-content-layout":"default","site-content-style":"default","site-sidebar-style":"default","ast-global-header-display":"","ast-banner-title-visibility":"","ast-main-header-display":"","ast-hfb-above-header-display":"","ast-hfb-below-header-display":"","ast-hfb-mobile-header-display":"","site-post-title":"","ast-breadcrumbs-content":"","ast-featured-img":"","footer-sml-layout":"","theme-transparent-header-meta":"default","adv-header-id-meta":"","stick-header-meta":"","header-above-stick-meta":"","header-main-stick-meta":"","header-below-stick-meta":"","astra-migrate-meta-layouts":"set","ast-page-background-enabled":"default","ast-page-background-meta":{"desktop":{"background-color":"var(--ast-global-color-5)","background-image":"","background-repeat":"repeat","background-position":"center center","background-size":"auto","background-attachment":"scroll","background-type":"","background-media":"","overlay-type":"","overlay-color":"","overlay-opacity":"","overlay-gradient":""},"tablet":{"background-color":"","background-image":"","background-repeat":"repeat","background-position":"center center","background-size":"auto","background-attachment":"scroll","background-type":"","background-media":"","overlay-type":"","overlay-color":"","overlay-opacity":"","overlay-gradient":""},"mobile":{"background-color":"","background-image":"","background-repeat":"repeat","background-position":"center center","background-size":"auto","background-attachment":"scroll","background-type":"","background-media":"","overlay-type":"","overlay-color":"","overlay-opacity":"","overlay-gradient":""}},"ast-content-background-meta":{"desktop":{"background-color":"var(--ast-global-color-4)","background-image":"","background-repeat":"repeat","background-position":"center center","background-size":"auto","background-attachment":"scroll","background-type":"","background-media":"","overlay-type":"","overlay-color":"","overlay-opacity":"","overlay-gradient":""},"tablet":{"background-color":"var(--ast-global-color-4)","background-image":"","background-repeat":"repeat","background-position":"center center","background-size":"auto","background-attachment":"scroll","background-type":"","background-media":"","overlay-type":"","overlay-color":"","overlay-opacity":"","overlay-gradient":""},"mobile":{"background-color":"var(--ast-global-color-4)","background-image":"","background-repeat":"repeat","background-position":"center center","background-size":"auto","background-attachment":"scroll","background-type":"","background-media":"","overlay-type":"","overlay-color":"","overlay-opacity":"","overlay-gradient":""}}},"product_brand":[],"product_cat":[168],"product_tag":[],"class_list":{"0":"post-23860","1":"product","2":"type-product","3":"status-publish","4":"has-post-thumbnail","6":"product_cat-hushallsartiklar","7":"desktop-align-left","8":"tablet-align-left","9":"mobile-align-left","11":"first","12":"instock","13":"shipping-taxable","14":"purchasable","15":"product-type-simple"},"yoast_head":"<!-- This site is optimized with the Yoast SEO plugin v26.6 - https:\/\/yoast.com\/wordpress\/plugins\/seo\/ -->\n<title>Solcellsdome-kamera - Mekulo SE<\/title>\n<meta name=\"robots\" content=\"index, follow, max-snippet:-1, max-image-preview:large, max-video-preview:-1\" \/>\n<link rel=\"canonical\" href=\"https:\/\/mekulo.com\/se\/produkt\/solcellsdome-kamera\/\" \/>\n<meta property=\"og:locale\" content=\"sv_SE\" \/>\n<meta property=\"og:type\" content=\"article\" \/>\n<meta property=\"og:title\" content=\"Solcellsdome-kamera - Mekulo SE\" \/>\n<meta property=\"og:description\" content=\"\ud83c\udf1eDen h\u00e4r solcellsdrivna kupolkameran h\u00e5ller ditt hem eller din egendom \u00f6vervakad dag och natt. \ud83d\udcf9Med ultra HD-uppl\u00f6sning, smart r\u00f6relsedetektering och automatisk sp\u00e5rning h\u00e5ller du dig informerad i realtid. Ingen konstant laddning eller kabeldragning kr\u00e4vs. \ud83c\udfe1Smart, tr\u00e5dl\u00f6s och solcellsdriven s\u00e4kerhet f\u00f6r total sinnesfrid.\" \/>\n<meta property=\"og:url\" content=\"https:\/\/mekulo.com\/se\/produkt\/solcellsdome-kamera\/\" \/>\n<meta property=\"og:site_name\" content=\"Mekulo SE\" \/>\n<meta property=\"og:image\" content=\"https:\/\/mekulo.com\/se\/wp-content\/uploads\/sites\/11\/2026\/02\/f2dfotd-1.jpg\" \/>\n\t<meta property=\"og:image:width\" content=\"960\" \/>\n\t<meta property=\"og:image:height\" content=\"960\" \/>\n\t<meta property=\"og:image:type\" content=\"image\/jpeg\" \/>\n<meta name=\"twitter:card\" content=\"summary_large_image\" \/>\n<meta name=\"twitter:label1\" content=\"Ber\u00e4knad l\u00e4stid\" \/>\n\t<meta name=\"twitter:data1\" content=\"2 minuter\" \/>\n<script type=\"application\/ld+json\" class=\"yoast-schema-graph\">{\"@context\":\"https:\/\/schema.org\",\"@graph\":[{\"@type\":\"WebPage\",\"@id\":\"https:\/\/mekulo.com\/se\/produkt\/solcellsdome-kamera\/\",\"url\":\"https:\/\/mekulo.com\/se\/produkt\/solcellsdome-kamera\/\",\"name\":\"Solcellsdome-kamera - Mekulo SE\",\"isPartOf\":{\"@id\":\"https:\/\/mekulo.com\/se\/#website\"},\"primaryImageOfPage\":{\"@id\":\"https:\/\/mekulo.com\/se\/produkt\/solcellsdome-kamera\/#primaryimage\"},\"image\":{\"@id\":\"https:\/\/mekulo.com\/se\/produkt\/solcellsdome-kamera\/#primaryimage\"},\"thumbnailUrl\":\"https:\/\/mekulo.com\/se\/wp-content\/uploads\/sites\/11\/2026\/02\/f2dfotd-1.jpg\",\"datePublished\":\"2026-02-17T06:05:03+00:00\",\"breadcrumb\":{\"@id\":\"https:\/\/mekulo.com\/se\/produkt\/solcellsdome-kamera\/#breadcrumb\"},\"inLanguage\":\"sv-SE\",\"potentialAction\":[{\"@type\":\"ReadAction\",\"target\":[\"https:\/\/mekulo.com\/se\/produkt\/solcellsdome-kamera\/\"]}]},{\"@type\":\"ImageObject\",\"inLanguage\":\"sv-SE\",\"@id\":\"https:\/\/mekulo.com\/se\/produkt\/solcellsdome-kamera\/#primaryimage\",\"url\":\"https:\/\/mekulo.com\/se\/wp-content\/uploads\/sites\/11\/2026\/02\/f2dfotd-1.jpg\",\"contentUrl\":\"https:\/\/mekulo.com\/se\/wp-content\/uploads\/sites\/11\/2026\/02\/f2dfotd-1.jpg\",\"width\":960,\"height\":960},{\"@type\":\"BreadcrumbList\",\"@id\":\"https:\/\/mekulo.com\/se\/produkt\/solcellsdome-kamera\/#breadcrumb\",\"itemListElement\":[{\"@type\":\"ListItem\",\"position\":1,\"name\":\"Home\",\"item\":\"https:\/\/mekulo.com\/se\/\"},{\"@type\":\"ListItem\",\"position\":2,\"name\":\"Butik\",\"item\":\"https:\/\/mekulo.com\/se\/butik\/\"},{\"@type\":\"ListItem\",\"position\":3,\"name\":\"Solcellsdome-kamera\"}]},{\"@type\":\"WebSite\",\"@id\":\"https:\/\/mekulo.com\/se\/#website\",\"url\":\"https:\/\/mekulo.com\/se\/\",\"name\":\"Mekulo SE\",\"description\":\"\",\"publisher\":{\"@id\":\"https:\/\/mekulo.com\/se\/#organization\"},\"potentialAction\":[{\"@type\":\"SearchAction\",\"target\":{\"@type\":\"EntryPoint\",\"urlTemplate\":\"https:\/\/mekulo.com\/se\/?s={search_term_string}\"},\"query-input\":{\"@type\":\"PropertyValueSpecification\",\"valueRequired\":true,\"valueName\":\"search_term_string\"}}],\"inLanguage\":\"sv-SE\"},{\"@type\":\"Organization\",\"@id\":\"https:\/\/mekulo.com\/se\/#organization\",\"name\":\"Mekulo\",\"url\":\"https:\/\/mekulo.com\/se\/\",\"logo\":{\"@type\":\"ImageObject\",\"inLanguage\":\"sv-SE\",\"@id\":\"https:\/\/mekulo.com\/se\/#\/schema\/logo\/image\/\",\"url\":\"https:\/\/mekulo.com\/se\/wp-content\/uploads\/sites\/11\/2025\/12\/favicon_mekulo.png\",\"contentUrl\":\"https:\/\/mekulo.com\/se\/wp-content\/uploads\/sites\/11\/2025\/12\/favicon_mekulo.png\",\"width\":50,\"height\":50,\"caption\":\"Mekulo\"},\"image\":{\"@id\":\"https:\/\/mekulo.com\/se\/#\/schema\/logo\/image\/\"}}]}<\/script>\n<!-- \/ Yoast SEO plugin. -->","yoast_head_json":{"title":"Solcellsdome-kamera - Mekulo SE","robots":{"index":"index","follow":"follow","max-snippet":"max-snippet:-1","max-image-preview":"max-image-preview:large","max-video-preview":"max-video-preview:-1"},"canonical":"https:\/\/mekulo.com\/se\/produkt\/solcellsdome-kamera\/","og_locale":"sv_SE","og_type":"article","og_title":"Solcellsdome-kamera - Mekulo SE","og_description":"\ud83c\udf1eDen h\u00e4r solcellsdrivna kupolkameran h\u00e5ller ditt hem eller din egendom \u00f6vervakad dag och natt. \ud83d\udcf9Med ultra HD-uppl\u00f6sning, smart r\u00f6relsedetektering och automatisk sp\u00e5rning h\u00e5ller du dig informerad i realtid. Ingen konstant laddning eller kabeldragning kr\u00e4vs. \ud83c\udfe1Smart, tr\u00e5dl\u00f6s och solcellsdriven s\u00e4kerhet f\u00f6r total sinnesfrid.","og_url":"https:\/\/mekulo.com\/se\/produkt\/solcellsdome-kamera\/","og_site_name":"Mekulo SE","og_image":[{"width":960,"height":960,"url":"https:\/\/mekulo.com\/se\/wp-content\/uploads\/sites\/11\/2026\/02\/f2dfotd-1.jpg","type":"image\/jpeg"}],"twitter_card":"summary_large_image","twitter_misc":{"Ber\u00e4knad l\u00e4stid":"2 minuter"},"schema":{"@context":"https:\/\/schema.org","@graph":[{"@type":"WebPage","@id":"https:\/\/mekulo.com\/se\/produkt\/solcellsdome-kamera\/","url":"https:\/\/mekulo.com\/se\/produkt\/solcellsdome-kamera\/","name":"Solcellsdome-kamera - Mekulo SE","isPartOf":{"@id":"https:\/\/mekulo.com\/se\/#website"},"primaryImageOfPage":{"@id":"https:\/\/mekulo.com\/se\/produkt\/solcellsdome-kamera\/#primaryimage"},"image":{"@id":"https:\/\/mekulo.com\/se\/produkt\/solcellsdome-kamera\/#primaryimage"},"thumbnailUrl":"https:\/\/mekulo.com\/se\/wp-content\/uploads\/sites\/11\/2026\/02\/f2dfotd-1.jpg","datePublished":"2026-02-17T06:05:03+00:00","breadcrumb":{"@id":"https:\/\/mekulo.com\/se\/produkt\/solcellsdome-kamera\/#breadcrumb"},"inLanguage":"sv-SE","potentialAction":[{"@type":"ReadAction","target":["https:\/\/mekulo.com\/se\/produkt\/solcellsdome-kamera\/"]}]},{"@type":"ImageObject","inLanguage":"sv-SE","@id":"https:\/\/mekulo.com\/se\/produkt\/solcellsdome-kamera\/#primaryimage","url":"https:\/\/mekulo.com\/se\/wp-content\/uploads\/sites\/11\/2026\/02\/f2dfotd-1.jpg","contentUrl":"https:\/\/mekulo.com\/se\/wp-content\/uploads\/sites\/11\/2026\/02\/f2dfotd-1.jpg","width":960,"height":960},{"@type":"BreadcrumbList","@id":"https:\/\/mekulo.com\/se\/produkt\/solcellsdome-kamera\/#breadcrumb","itemListElement":[{"@type":"ListItem","position":1,"name":"Home","item":"https:\/\/mekulo.com\/se\/"},{"@type":"ListItem","position":2,"name":"Butik","item":"https:\/\/mekulo.com\/se\/butik\/"},{"@type":"ListItem","position":3,"name":"Solcellsdome-kamera"}]},{"@type":"WebSite","@id":"https:\/\/mekulo.com\/se\/#website","url":"https:\/\/mekulo.com\/se\/","name":"Mekulo SE","description":"","publisher":{"@id":"https:\/\/mekulo.com\/se\/#organization"},"potentialAction":[{"@type":"SearchAction","target":{"@type":"EntryPoint","urlTemplate":"https:\/\/mekulo.com\/se\/?s={search_term_string}"},"query-input":{"@type":"PropertyValueSpecification","valueRequired":true,"valueName":"search_term_string"}}],"inLanguage":"sv-SE"},{"@type":"Organization","@id":"https:\/\/mekulo.com\/se\/#organization","name":"Mekulo","url":"https:\/\/mekulo.com\/se\/","logo":{"@type":"ImageObject","inLanguage":"sv-SE","@id":"https:\/\/mekulo.com\/se\/#\/schema\/logo\/image\/","url":"https:\/\/mekulo.com\/se\/wp-content\/uploads\/sites\/11\/2025\/12\/favicon_mekulo.png","contentUrl":"https:\/\/mekulo.com\/se\/wp-content\/uploads\/sites\/11\/2025\/12\/favicon_mekulo.png","width":50,"height":50,"caption":"Mekulo"},"image":{"@id":"https:\/\/mekulo.com\/se\/#\/schema\/logo\/image\/"}}]}},"_links":{"self":[{"href":"https:\/\/mekulo.com\/se\/wp-json\/wp\/v2\/product\/23860","targetHints":{"allow":["GET"]}}],"collection":[{"href":"https:\/\/mekulo.com\/se\/wp-json\/wp\/v2\/product"}],"about":[{"href":"https:\/\/mekulo.com\/se\/wp-json\/wp\/v2\/types\/product"}],"replies":[{"embeddable":true,"href":"https:\/\/mekulo.com\/se\/wp-json\/wp\/v2\/comments?post=23860"}],"wp:featuredmedia":[{"embeddable":true,"href":"https:\/\/mekulo.com\/se\/wp-json\/wp\/v2\/media\/23856"}],"wp:attachment":[{"href":"https:\/\/mekulo.com\/se\/wp-json\/wp\/v2\/media?parent=23860"}],"wp:term":[{"taxonomy":"product_brand","embeddable":true,"href":"https:\/\/mekulo.com\/se\/wp-json\/wp\/v2\/product_brand?post=23860"},{"taxonomy":"product_cat","embeddable":true,"href":"https:\/\/mekulo.com\/se\/wp-json\/wp\/v2\/product_cat?post=23860"},{"taxonomy":"product_tag","embeddable":true,"href":"https:\/\/mekulo.com\/se\/wp-json\/wp\/v2\/product_tag?post=23860"}],"curies":[{"name":"wp","href":"https:\/\/api.w.org\/{rel}","templated":true}]}}