{"id":23842,"date":"2026-02-17T08:03:45","date_gmt":"2026-02-17T06:03:45","guid":{"rendered":"https:\/\/mekulo.com\/se\/produkt\/klamma-for-svetsjordtrad\/"},"modified":"2026-02-17T08:03:55","modified_gmt":"2026-02-17T06:03:55","slug":"klamma-for-svetsjordtrad","status":"publish","type":"product","link":"https:\/\/mekulo.com\/se\/produkt\/klamma-for-svetsjordtrad\/","title":{"rendered":"Kl\u00e4mma f\u00f6r svetsjordtr\u00e5d"},"content":{"rendered":"<p style=\"text-align: center\" data-start=\"41\" data-end=\"107\"><strong data-start=\"41\" data-end=\"107\">Ger En Stark Och Stabil Jordanslutning F\u00f6r Svetsning. \ud83e\udd7d<\/strong><\/p>\n<p data-start=\"41\" data-end=\"107\"><img fetchpriority=\"high\" decoding=\"async\" class=\" wp-image-25175 aligncenter\" src=\"https:\/\/mekulo.com\/template\/wp-content\/uploads\/sites\/6\/2026\/02\/12212-ezgif.com-video-to-webp-converter.webp\" alt=\"\" width=\"545\" height=\"545\" \/><\/p>\n<h2 style=\"text-align: center\" data-start=\"358\" data-end=\"379\">Huvudf\u00f6rdelar \u26a1<\/h2>\n<p data-start=\"383\" data-end=\"436\">\u26a1 Stabil jordning &#8211; konsekventa svetsresultat.<\/p>\n<p data-start=\"439\" data-end=\"493\">\ud83d\udd29 H\u00f6g ledningsf\u00f6rm\u00e5ga &#8211; koppar\/m\u00e4ssingskonstruktion.<\/p>\n<p data-start=\"496\" data-end=\"544\">\ud83d\udd27 Stark fj\u00e4derkl\u00e4mma &#8211; fast, s\u00e4kert grepp.<\/p>\n<p data-start=\"547\" data-end=\"608\">\ud83d\udd25 V\u00e4rmebest\u00e4ndig design &#8211; byggd f\u00f6r svetsf\u00f6rh\u00e5llanden.<\/p>\n<p data-start=\"611\" data-end=\"660\">\ud83d\udee1\ufe0f H\u00e5llbar &amp; rostskydd &#8211; l\u00e5ng livsl\u00e4ngd.<\/p>\n<p data-start=\"663\" data-end=\"708\">\ud83d\udee0\ufe0f Enkel kabelanslutning &#8211; Snabb installation.<\/p>\n<p data-start=\"711\" data-end=\"769\">\ud83d\udd0c Bred kompatibilitet &#8211; Elektrisk &amp; argonb\u00e5gsvetsare.<\/p>\n<p data-start=\"711\" data-end=\"769\"><img decoding=\"async\" class=\"size-full wp-image-25177 aligncenter\" src=\"https:\/\/mekulo.com\/template\/wp-content\/uploads\/sites\/6\/2026\/02\/f4f0c8e7-a3ee-4b40-9921-ba315824400a.jpg\" alt=\"\" width=\"800\" height=\"800\" \/><\/p>\n<h2 style=\"text-align: center\" data-start=\"776\" data-end=\"794\">Hur Man Anv\u00e4nder \ud83d\udccc<\/h2>\n<ol data-start=\"796\" data-end=\"955\">\n<li data-start=\"796\" data-end=\"842\">\n<p data-start=\"799\" data-end=\"842\">Anslut jordkabeln till kl\u00e4mman.<\/p>\n<\/li>\n<li data-start=\"843\" data-end=\"890\">\n<p data-start=\"846\" data-end=\"890\">F\u00e4st kl\u00e4mman p\u00e5 en ren metallyta.<\/p>\n<\/li>\n<li data-start=\"891\" data-end=\"916\">\n<p data-start=\"894\" data-end=\"916\">S\u00e4kerst\u00e4ll fast kontakt.<\/p>\n<\/li>\n<li data-start=\"917\" data-end=\"955\">\n<p data-start=\"920\" data-end=\"955\">B\u00f6rja svetsa med en stabil jord.<\/p>\n<\/li>\n<\/ol>\n<h2 style=\"text-align: center\" data-start=\"962\" data-end=\"985\">Produktdetaljer \ud83d\udccf<\/h2>\n<ul data-start=\"987\" data-end=\"1277\">\n<li data-start=\"1065\" data-end=\"1115\">\n<p data-start=\"1067\" data-end=\"1115\">Material: F\u00f6rkromad kropp + kopparb\u00e4lte<\/p>\n<\/li>\n<li data-start=\"1116\" data-end=\"1158\">\n<p data-start=\"1118\" data-end=\"1158\">Ytbehandling: Polerad finish<\/p>\n<\/li>\n<li data-start=\"1183\" data-end=\"1243\">\n<p data-start=\"1185\" data-end=\"1243\">Alternativ f\u00f6r str\u00f6mkapacitet: 300A \/ 500A \/ 800A-1000A<\/p>\n<\/li>\n<li data-start=\"1244\" data-end=\"1277\">\n<p data-start=\"1246\" data-end=\"1277\">Anv\u00e4ndningsomr\u00e5de: Svetsning<\/p>\n<\/li>\n<li data-start=\"1244\" data-end=\"1277\">L\u00e4ngd: 300A (175 mm), 500A (203 mm), 800A-1000A (235 mm)<\/li>\n<\/ul>\n<h2 style=\"text-align: center\" data-start=\"1284\" data-end=\"1308\"><strong data-start=\"1288\" data-end=\"1308\">I Paketet Ing\u00e5r \ud83d\udce6<\/strong><\/h2>\n<ul data-start=\"1310\" data-end=\"1341\">\n<li data-start=\"1310\" data-end=\"1341\">\n<p data-start=\"1312\" data-end=\"1341\">1x kl\u00e4mma f\u00f6r svetsjordtr\u00e5d.<\/p>\n<\/li>\n<\/ul>\n","protected":false},"excerpt":{"rendered":"<p>\u26a1Den h\u00e4r jordkl\u00e4mman f\u00f6r svetsning ger ett effektivt str\u00f6mfl\u00f6de och tillf\u00f6rlitlig kontakt med arbetsstycken av metall.<br \/>\n\ud83d\udd29Den \u00e4r utformad f\u00f6r elektrisk svetsning och argonb\u00e5gsvetsning och f\u00f6rb\u00e4ttrar s\u00e4kerheten och svetsprestandan.<br \/>\n<span style=\"font-size: 16px;font-style: normal;font-weight: 400\">\ud83e\udd7d<\/span>Den \u00e4r tillverkad av h\u00e5llbara material med h\u00f6g ledningsf\u00f6rm\u00e5ga. Tillf\u00f6rlitlig jordning f\u00f6r s\u00e4krare och smidigare svetsarbete.<\/p>\n","protected":false},"featured_media":23838,"comment_status":"open","ping_status":"closed","template":"","meta":{"site-sidebar-layout":"default","site-content-layout":"","ast-site-content-layout":"default","site-content-style":"default","site-sidebar-style":"default","ast-global-header-display":"","ast-banner-title-visibility":"","ast-main-header-display":"","ast-hfb-above-header-display":"","ast-hfb-below-header-display":"","ast-hfb-mobile-header-display":"","site-post-title":"","ast-breadcrumbs-content":"","ast-featured-img":"","footer-sml-layout":"","theme-transparent-header-meta":"default","adv-header-id-meta":"","stick-header-meta":"","header-above-stick-meta":"","header-main-stick-meta":"","header-below-stick-meta":"","astra-migrate-meta-layouts":"set","ast-page-background-enabled":"default","ast-page-background-meta":{"desktop":{"background-color":"var(--ast-global-color-5)","background-image":"","background-repeat":"repeat","background-position":"center center","background-size":"auto","background-attachment":"scroll","background-type":"","background-media":"","overlay-type":"","overlay-color":"","overlay-opacity":"","overlay-gradient":""},"tablet":{"background-color":"","background-image":"","background-repeat":"repeat","background-position":"center center","background-size":"auto","background-attachment":"scroll","background-type":"","background-media":"","overlay-type":"","overlay-color":"","overlay-opacity":"","overlay-gradient":""},"mobile":{"background-color":"","background-image":"","background-repeat":"repeat","background-position":"center center","background-size":"auto","background-attachment":"scroll","background-type":"","background-media":"","overlay-type":"","overlay-color":"","overlay-opacity":"","overlay-gradient":""}},"ast-content-background-meta":{"desktop":{"background-color":"var(--ast-global-color-4)","background-image":"","background-repeat":"repeat","background-position":"center center","background-size":"auto","background-attachment":"scroll","background-type":"","background-media":"","overlay-type":"","overlay-color":"","overlay-opacity":"","overlay-gradient":""},"tablet":{"background-color":"var(--ast-global-color-4)","background-image":"","background-repeat":"repeat","background-position":"center center","background-size":"auto","background-attachment":"scroll","background-type":"","background-media":"","overlay-type":"","overlay-color":"","overlay-opacity":"","overlay-gradient":""},"mobile":{"background-color":"var(--ast-global-color-4)","background-image":"","background-repeat":"repeat","background-position":"center center","background-size":"auto","background-attachment":"scroll","background-type":"","background-media":"","overlay-type":"","overlay-color":"","overlay-opacity":"","overlay-gradient":""}}},"product_brand":[],"product_cat":[171],"product_tag":[],"class_list":{"0":"post-23842","1":"product","2":"type-product","3":"status-publish","4":"has-post-thumbnail","6":"product_cat-verktyg","7":"pa_60164_yc2nbi0p-300a","8":"pa_60164_yc2nbi0p-500a","9":"pa_60164_yc2nbi0p-800a-1000a","10":"desktop-align-left","11":"tablet-align-left","12":"mobile-align-left","14":"first","15":"instock","16":"shipping-taxable","17":"purchasable","18":"product-type-variable"},"yoast_head":"<!-- This site is optimized with the Yoast SEO plugin v26.6 - https:\/\/yoast.com\/wordpress\/plugins\/seo\/ -->\n<title>Kl\u00e4mma f\u00f6r svetsjordtr\u00e5d - Mekulo SE<\/title>\n<meta name=\"robots\" content=\"index, follow, max-snippet:-1, max-image-preview:large, max-video-preview:-1\" \/>\n<link rel=\"canonical\" href=\"https:\/\/mekulo.com\/se\/produkt\/klamma-for-svetsjordtrad\/\" \/>\n<meta property=\"og:locale\" content=\"sv_SE\" \/>\n<meta property=\"og:type\" content=\"article\" \/>\n<meta property=\"og:title\" content=\"Kl\u00e4mma f\u00f6r svetsjordtr\u00e5d - Mekulo SE\" \/>\n<meta property=\"og:description\" content=\"\u26a1Den h\u00e4r jordkl\u00e4mman f\u00f6r svetsning ger ett effektivt str\u00f6mfl\u00f6de och tillf\u00f6rlitlig kontakt med arbetsstycken av metall. \ud83d\udd29Den \u00e4r utformad f\u00f6r elektrisk svetsning och argonb\u00e5gsvetsning och f\u00f6rb\u00e4ttrar s\u00e4kerheten och svetsprestandan. \ud83e\udd7dDen \u00e4r tillverkad av h\u00e5llbara material med h\u00f6g ledningsf\u00f6rm\u00e5ga. Tillf\u00f6rlitlig jordning f\u00f6r s\u00e4krare och smidigare svetsarbete.\" \/>\n<meta property=\"og:url\" content=\"https:\/\/mekulo.com\/se\/produkt\/klamma-for-svetsjordtrad\/\" \/>\n<meta property=\"og:site_name\" content=\"Mekulo SE\" \/>\n<meta property=\"article:modified_time\" content=\"2026-02-17T06:03:55+00:00\" \/>\n<meta property=\"og:image\" content=\"https:\/\/mekulo.com\/se\/wp-content\/uploads\/sites\/11\/2026\/02\/gwcyr7r-1.jpg\" \/>\n\t<meta property=\"og:image:width\" content=\"800\" \/>\n\t<meta property=\"og:image:height\" content=\"800\" \/>\n\t<meta property=\"og:image:type\" content=\"image\/jpeg\" \/>\n<meta name=\"twitter:card\" content=\"summary_large_image\" \/>\n<meta name=\"twitter:label1\" content=\"Ber\u00e4knad l\u00e4stid\" \/>\n\t<meta name=\"twitter:data1\" content=\"2 minuter\" \/>\n<script type=\"application\/ld+json\" class=\"yoast-schema-graph\">{\"@context\":\"https:\/\/schema.org\",\"@graph\":[{\"@type\":\"WebPage\",\"@id\":\"https:\/\/mekulo.com\/se\/produkt\/klamma-for-svetsjordtrad\/\",\"url\":\"https:\/\/mekulo.com\/se\/produkt\/klamma-for-svetsjordtrad\/\",\"name\":\"Kl\u00e4mma f\u00f6r svetsjordtr\u00e5d - Mekulo SE\",\"isPartOf\":{\"@id\":\"https:\/\/mekulo.com\/se\/#website\"},\"primaryImageOfPage\":{\"@id\":\"https:\/\/mekulo.com\/se\/produkt\/klamma-for-svetsjordtrad\/#primaryimage\"},\"image\":{\"@id\":\"https:\/\/mekulo.com\/se\/produkt\/klamma-for-svetsjordtrad\/#primaryimage\"},\"thumbnailUrl\":\"https:\/\/mekulo.com\/se\/wp-content\/uploads\/sites\/11\/2026\/02\/gwcyr7r-1.jpg\",\"datePublished\":\"2026-02-17T06:03:45+00:00\",\"dateModified\":\"2026-02-17T06:03:55+00:00\",\"breadcrumb\":{\"@id\":\"https:\/\/mekulo.com\/se\/produkt\/klamma-for-svetsjordtrad\/#breadcrumb\"},\"inLanguage\":\"sv-SE\",\"potentialAction\":[{\"@type\":\"ReadAction\",\"target\":[\"https:\/\/mekulo.com\/se\/produkt\/klamma-for-svetsjordtrad\/\"]}]},{\"@type\":\"ImageObject\",\"inLanguage\":\"sv-SE\",\"@id\":\"https:\/\/mekulo.com\/se\/produkt\/klamma-for-svetsjordtrad\/#primaryimage\",\"url\":\"https:\/\/mekulo.com\/se\/wp-content\/uploads\/sites\/11\/2026\/02\/gwcyr7r-1.jpg\",\"contentUrl\":\"https:\/\/mekulo.com\/se\/wp-content\/uploads\/sites\/11\/2026\/02\/gwcyr7r-1.jpg\",\"width\":800,\"height\":800},{\"@type\":\"BreadcrumbList\",\"@id\":\"https:\/\/mekulo.com\/se\/produkt\/klamma-for-svetsjordtrad\/#breadcrumb\",\"itemListElement\":[{\"@type\":\"ListItem\",\"position\":1,\"name\":\"Home\",\"item\":\"https:\/\/mekulo.com\/se\/\"},{\"@type\":\"ListItem\",\"position\":2,\"name\":\"Butik\",\"item\":\"https:\/\/mekulo.com\/se\/butik\/\"},{\"@type\":\"ListItem\",\"position\":3,\"name\":\"Kl\u00e4mma f\u00f6r svetsjordtr\u00e5d\"}]},{\"@type\":\"WebSite\",\"@id\":\"https:\/\/mekulo.com\/se\/#website\",\"url\":\"https:\/\/mekulo.com\/se\/\",\"name\":\"Mekulo SE\",\"description\":\"\",\"publisher\":{\"@id\":\"https:\/\/mekulo.com\/se\/#organization\"},\"potentialAction\":[{\"@type\":\"SearchAction\",\"target\":{\"@type\":\"EntryPoint\",\"urlTemplate\":\"https:\/\/mekulo.com\/se\/?s={search_term_string}\"},\"query-input\":{\"@type\":\"PropertyValueSpecification\",\"valueRequired\":true,\"valueName\":\"search_term_string\"}}],\"inLanguage\":\"sv-SE\"},{\"@type\":\"Organization\",\"@id\":\"https:\/\/mekulo.com\/se\/#organization\",\"name\":\"Mekulo\",\"url\":\"https:\/\/mekulo.com\/se\/\",\"logo\":{\"@type\":\"ImageObject\",\"inLanguage\":\"sv-SE\",\"@id\":\"https:\/\/mekulo.com\/se\/#\/schema\/logo\/image\/\",\"url\":\"https:\/\/mekulo.com\/se\/wp-content\/uploads\/sites\/11\/2025\/12\/favicon_mekulo.png\",\"contentUrl\":\"https:\/\/mekulo.com\/se\/wp-content\/uploads\/sites\/11\/2025\/12\/favicon_mekulo.png\",\"width\":50,\"height\":50,\"caption\":\"Mekulo\"},\"image\":{\"@id\":\"https:\/\/mekulo.com\/se\/#\/schema\/logo\/image\/\"}}]}<\/script>\n<!-- \/ Yoast SEO plugin. -->","yoast_head_json":{"title":"Kl\u00e4mma f\u00f6r svetsjordtr\u00e5d - Mekulo SE","robots":{"index":"index","follow":"follow","max-snippet":"max-snippet:-1","max-image-preview":"max-image-preview:large","max-video-preview":"max-video-preview:-1"},"canonical":"https:\/\/mekulo.com\/se\/produkt\/klamma-for-svetsjordtrad\/","og_locale":"sv_SE","og_type":"article","og_title":"Kl\u00e4mma f\u00f6r svetsjordtr\u00e5d - Mekulo SE","og_description":"\u26a1Den h\u00e4r jordkl\u00e4mman f\u00f6r svetsning ger ett effektivt str\u00f6mfl\u00f6de och tillf\u00f6rlitlig kontakt med arbetsstycken av metall. \ud83d\udd29Den \u00e4r utformad f\u00f6r elektrisk svetsning och argonb\u00e5gsvetsning och f\u00f6rb\u00e4ttrar s\u00e4kerheten och svetsprestandan. \ud83e\udd7dDen \u00e4r tillverkad av h\u00e5llbara material med h\u00f6g ledningsf\u00f6rm\u00e5ga. Tillf\u00f6rlitlig jordning f\u00f6r s\u00e4krare och smidigare svetsarbete.","og_url":"https:\/\/mekulo.com\/se\/produkt\/klamma-for-svetsjordtrad\/","og_site_name":"Mekulo SE","article_modified_time":"2026-02-17T06:03:55+00:00","og_image":[{"width":800,"height":800,"url":"https:\/\/mekulo.com\/se\/wp-content\/uploads\/sites\/11\/2026\/02\/gwcyr7r-1.jpg","type":"image\/jpeg"}],"twitter_card":"summary_large_image","twitter_misc":{"Ber\u00e4knad l\u00e4stid":"2 minuter"},"schema":{"@context":"https:\/\/schema.org","@graph":[{"@type":"WebPage","@id":"https:\/\/mekulo.com\/se\/produkt\/klamma-for-svetsjordtrad\/","url":"https:\/\/mekulo.com\/se\/produkt\/klamma-for-svetsjordtrad\/","name":"Kl\u00e4mma f\u00f6r svetsjordtr\u00e5d - Mekulo SE","isPartOf":{"@id":"https:\/\/mekulo.com\/se\/#website"},"primaryImageOfPage":{"@id":"https:\/\/mekulo.com\/se\/produkt\/klamma-for-svetsjordtrad\/#primaryimage"},"image":{"@id":"https:\/\/mekulo.com\/se\/produkt\/klamma-for-svetsjordtrad\/#primaryimage"},"thumbnailUrl":"https:\/\/mekulo.com\/se\/wp-content\/uploads\/sites\/11\/2026\/02\/gwcyr7r-1.jpg","datePublished":"2026-02-17T06:03:45+00:00","dateModified":"2026-02-17T06:03:55+00:00","breadcrumb":{"@id":"https:\/\/mekulo.com\/se\/produkt\/klamma-for-svetsjordtrad\/#breadcrumb"},"inLanguage":"sv-SE","potentialAction":[{"@type":"ReadAction","target":["https:\/\/mekulo.com\/se\/produkt\/klamma-for-svetsjordtrad\/"]}]},{"@type":"ImageObject","inLanguage":"sv-SE","@id":"https:\/\/mekulo.com\/se\/produkt\/klamma-for-svetsjordtrad\/#primaryimage","url":"https:\/\/mekulo.com\/se\/wp-content\/uploads\/sites\/11\/2026\/02\/gwcyr7r-1.jpg","contentUrl":"https:\/\/mekulo.com\/se\/wp-content\/uploads\/sites\/11\/2026\/02\/gwcyr7r-1.jpg","width":800,"height":800},{"@type":"BreadcrumbList","@id":"https:\/\/mekulo.com\/se\/produkt\/klamma-for-svetsjordtrad\/#breadcrumb","itemListElement":[{"@type":"ListItem","position":1,"name":"Home","item":"https:\/\/mekulo.com\/se\/"},{"@type":"ListItem","position":2,"name":"Butik","item":"https:\/\/mekulo.com\/se\/butik\/"},{"@type":"ListItem","position":3,"name":"Kl\u00e4mma f\u00f6r svetsjordtr\u00e5d"}]},{"@type":"WebSite","@id":"https:\/\/mekulo.com\/se\/#website","url":"https:\/\/mekulo.com\/se\/","name":"Mekulo SE","description":"","publisher":{"@id":"https:\/\/mekulo.com\/se\/#organization"},"potentialAction":[{"@type":"SearchAction","target":{"@type":"EntryPoint","urlTemplate":"https:\/\/mekulo.com\/se\/?s={search_term_string}"},"query-input":{"@type":"PropertyValueSpecification","valueRequired":true,"valueName":"search_term_string"}}],"inLanguage":"sv-SE"},{"@type":"Organization","@id":"https:\/\/mekulo.com\/se\/#organization","name":"Mekulo","url":"https:\/\/mekulo.com\/se\/","logo":{"@type":"ImageObject","inLanguage":"sv-SE","@id":"https:\/\/mekulo.com\/se\/#\/schema\/logo\/image\/","url":"https:\/\/mekulo.com\/se\/wp-content\/uploads\/sites\/11\/2025\/12\/favicon_mekulo.png","contentUrl":"https:\/\/mekulo.com\/se\/wp-content\/uploads\/sites\/11\/2025\/12\/favicon_mekulo.png","width":50,"height":50,"caption":"Mekulo"},"image":{"@id":"https:\/\/mekulo.com\/se\/#\/schema\/logo\/image\/"}}]}},"_links":{"self":[{"href":"https:\/\/mekulo.com\/se\/wp-json\/wp\/v2\/product\/23842","targetHints":{"allow":["GET"]}}],"collection":[{"href":"https:\/\/mekulo.com\/se\/wp-json\/wp\/v2\/product"}],"about":[{"href":"https:\/\/mekulo.com\/se\/wp-json\/wp\/v2\/types\/product"}],"replies":[{"embeddable":true,"href":"https:\/\/mekulo.com\/se\/wp-json\/wp\/v2\/comments?post=23842"}],"wp:featuredmedia":[{"embeddable":true,"href":"https:\/\/mekulo.com\/se\/wp-json\/wp\/v2\/media\/23838"}],"wp:attachment":[{"href":"https:\/\/mekulo.com\/se\/wp-json\/wp\/v2\/media?parent=23842"}],"wp:term":[{"taxonomy":"product_brand","embeddable":true,"href":"https:\/\/mekulo.com\/se\/wp-json\/wp\/v2\/product_brand?post=23842"},{"taxonomy":"product_cat","embeddable":true,"href":"https:\/\/mekulo.com\/se\/wp-json\/wp\/v2\/product_cat?post=23842"},{"taxonomy":"product_tag","embeddable":true,"href":"https:\/\/mekulo.com\/se\/wp-json\/wp\/v2\/product_tag?post=23842"}],"curies":[{"name":"wp","href":"https:\/\/api.w.org\/{rel}","templated":true}]}}