{"id":23787,"date":"2026-02-17T07:59:08","date_gmt":"2026-02-17T05:59:08","guid":{"rendered":"https:\/\/mekulo.com\/se\/produkt\/eleganta-blommiga-retroorhangen\/"},"modified":"2026-02-17T07:59:18","modified_gmt":"2026-02-17T05:59:18","slug":"eleganta-blommiga-retroorhangen","status":"publish","type":"product","link":"https:\/\/mekulo.com\/se\/produkt\/eleganta-blommiga-retroorhangen\/","title":{"rendered":"Eleganta blommiga retro\u00f6rh\u00e4ngen"},"content":{"rendered":"<p style=\"text-align: center\" data-start=\"41\" data-end=\"93\"><strong data-start=\"41\" data-end=\"93\">Ger omedelbar elegans och glitter till alla outfits. \ud83c\udf38<\/strong><\/p>\n<p data-start=\"41\" data-end=\"93\"><img fetchpriority=\"high\" decoding=\"async\" class=\"size-full wp-image-25130 aligncenter\" src=\"https:\/\/mekulo.com\/template\/wp-content\/uploads\/sites\/6\/2026\/02\/3-10.jpeg\" alt=\"\" width=\"800\" height=\"800\" \/><\/p>\n<h2 style=\"text-align: center\" data-start=\"347\" data-end=\"368\">Huvudf\u00f6rdelar \ud83c\udf38<\/h2>\n<p data-start=\"372\" data-end=\"422\">\u2728 I\u00f6gonfallande glans &#8211; Mousserande strass.<\/p>\n<p data-start=\"425\" data-end=\"472\">\ud83c\udf38 Blommig retrodesign &#8211; Vintage elegans.<\/p>\n<p data-start=\"475\" data-end=\"518\">\ud83e\udd0d P\u00e4rlaccenter &#8211; Mjukt, klassiskt utseende.<\/p>\n<p data-start=\"521\" data-end=\"568\">\ud83d\udc42 L\u00e4tt k\u00e4nsla &#8211; Bekv\u00e4m att b\u00e4ra.<\/p>\n<p data-start=\"521\" data-end=\"568\">\ud83d\udc8e H\u00f6gkvalitativ legering &#8211; Slitstark och snygg.<\/p>\n<p data-start=\"623\" data-end=\"674\">\ud83d\udc57 M\u00e5ngsidig accessoar &#8211; Matchar m\u00e5nga outfits.<\/p>\n<p data-start=\"677\" data-end=\"730\">\ud83c\udf81 Vackert presentval &#8211; Perfekt f\u00f6r n\u00e4ra och k\u00e4ra.<\/p>\n<p data-start=\"677\" data-end=\"730\"><img decoding=\"async\" class=\"size-full wp-image-25127 aligncenter\" src=\"https:\/\/mekulo.com\/template\/wp-content\/uploads\/sites\/6\/2026\/02\/c3e6f1c7-fde2-4291-9058-ebe8d90b47c0.webp\" alt=\"\" width=\"800\" height=\"858\" \/><\/p>\n<h2 style=\"text-align: center\" data-start=\"737\" data-end=\"755\">Hur Man Anv\u00e4nder \ud83d\udccc<\/h2>\n<ol data-start=\"757\" data-end=\"908\">\n<li data-start=\"757\" data-end=\"805\">\n<p data-start=\"760\" data-end=\"805\">F\u00f6r in \u00f6rh\u00e4ngena i din piercing.<\/p>\n<\/li>\n<li data-start=\"806\" data-end=\"840\">\n<p data-start=\"809\" data-end=\"840\">F\u00e4st med bakre st\u00e4ngningen.<\/p>\n<\/li>\n<li data-start=\"841\" data-end=\"881\">\n<p data-start=\"844\" data-end=\"881\">Para ihop med formella eller avslappnade outfits.<\/p>\n<\/li>\n<li data-start=\"882\" data-end=\"908\">\n<p data-start=\"885\" data-end=\"908\">F\u00f6rvara s\u00e4kert efter anv\u00e4ndning.<\/p>\n<\/li>\n<\/ol>\n<h2 style=\"text-align: center\" data-start=\"915\" data-end=\"938\">Produktdetaljer \ud83d\udccf<\/h2>\n<ul data-start=\"940\" data-end=\"1212\">\n<li data-start=\"991\" data-end=\"1027\">\n<p data-start=\"993\" data-end=\"1027\">Material: H\u00f6gkvalitativ legering<\/p>\n<\/li>\n<li data-start=\"1028\" data-end=\"1074\">\n<p data-start=\"1030\" data-end=\"1074\">Dekorationer: Falska p\u00e4rlor &amp; strass<\/p>\n<\/li>\n<li data-start=\"1075\" data-end=\"1114\">\n<p data-start=\"1077\" data-end=\"1114\">Stil: Blommig \/ Retro \/ Elegant<\/p>\n<\/li>\n<li data-start=\"1115\" data-end=\"1160\">\n<p data-start=\"1117\" data-end=\"1160\">Vikt: L\u00e4ttvikt f\u00f6r daglig komfort<\/p>\n<\/li>\n<li data-start=\"1161\" data-end=\"1212\">\n<p data-start=\"1163\" data-end=\"1212\">Occasions: Br\u00f6llop, fest, bal, event<\/p>\n<\/li>\n<li data-start=\"1161\" data-end=\"1212\">Storlek: 3 x 2,3 cm<\/li>\n<\/ul>\n<h2 style=\"text-align: center\" data-start=\"1219\" data-end=\"1243\">Paketet Inneh\u00e5ller \ud83d\udce6<\/h2>\n<ul data-start=\"1245\" data-end=\"1286\">\n<li data-start=\"1245\" data-end=\"1286\">\n<p data-start=\"1247\" data-end=\"1286\">1x par eleganta blommiga retro\u00f6rh\u00e4ngen.<\/p>\n<\/li>\n<\/ul>\n","protected":false},"excerpt":{"rendered":"<p>\ud83d\udcaeDe h\u00e4r eleganta blommiga retro\u00f6rh\u00e4ngena kombinerar skimrande strass, mjuka fuskp\u00e4rlor och en vintageinspirerad blommig design.<br \/>\n\ud83d\udc57De \u00e4r perfekta f\u00f6r speciella tillf\u00e4llen eller f\u00f6r att lyfta vardagsstilen.<br \/>\n\ud83c\udf80L\u00e4ttviktskonstruktionen g\u00f6r dem bekv\u00e4ma hela dagen.<\/p>\n","protected":false},"featured_media":23783,"comment_status":"open","ping_status":"closed","template":"","meta":{"site-sidebar-layout":"default","site-content-layout":"","ast-site-content-layout":"default","site-content-style":"default","site-sidebar-style":"default","ast-global-header-display":"","ast-banner-title-visibility":"","ast-main-header-display":"","ast-hfb-above-header-display":"","ast-hfb-below-header-display":"","ast-hfb-mobile-header-display":"","site-post-title":"","ast-breadcrumbs-content":"","ast-featured-img":"","footer-sml-layout":"","theme-transparent-header-meta":"default","adv-header-id-meta":"","stick-header-meta":"","header-above-stick-meta":"","header-main-stick-meta":"","header-below-stick-meta":"","astra-migrate-meta-layouts":"set","ast-page-background-enabled":"default","ast-page-background-meta":{"desktop":{"background-color":"var(--ast-global-color-5)","background-image":"","background-repeat":"repeat","background-position":"center center","background-size":"auto","background-attachment":"scroll","background-type":"","background-media":"","overlay-type":"","overlay-color":"","overlay-opacity":"","overlay-gradient":""},"tablet":{"background-color":"","background-image":"","background-repeat":"repeat","background-position":"center center","background-size":"auto","background-attachment":"scroll","background-type":"","background-media":"","overlay-type":"","overlay-color":"","overlay-opacity":"","overlay-gradient":""},"mobile":{"background-color":"","background-image":"","background-repeat":"repeat","background-position":"center center","background-size":"auto","background-attachment":"scroll","background-type":"","background-media":"","overlay-type":"","overlay-color":"","overlay-opacity":"","overlay-gradient":""}},"ast-content-background-meta":{"desktop":{"background-color":"var(--ast-global-color-4)","background-image":"","background-repeat":"repeat","background-position":"center center","background-size":"auto","background-attachment":"scroll","background-type":"","background-media":"","overlay-type":"","overlay-color":"","overlay-opacity":"","overlay-gradient":""},"tablet":{"background-color":"var(--ast-global-color-4)","background-image":"","background-repeat":"repeat","background-position":"center center","background-size":"auto","background-attachment":"scroll","background-type":"","background-media":"","overlay-type":"","overlay-color":"","overlay-opacity":"","overlay-gradient":""},"mobile":{"background-color":"var(--ast-global-color-4)","background-image":"","background-repeat":"repeat","background-position":"center center","background-size":"auto","background-attachment":"scroll","background-type":"","background-media":"","overlay-type":"","overlay-color":"","overlay-opacity":"","overlay-gradient":""}}},"product_brand":[],"product_cat":[165],"product_tag":[],"class_list":{"0":"post-23787","1":"product","2":"type-product","3":"status-publish","4":"has-post-thumbnail","6":"product_cat-skor-accessoarer","7":"pa_60038_964yjc1z-gron","8":"pa_60038_964yjc1z-guld","9":"pa_60038_964yjc1z-rosa","10":"desktop-align-left","11":"tablet-align-left","12":"mobile-align-left","14":"first","15":"instock","16":"shipping-taxable","17":"purchasable","18":"product-type-variable"},"yoast_head":"<!-- This site is optimized with the Yoast SEO plugin v26.6 - https:\/\/yoast.com\/wordpress\/plugins\/seo\/ -->\n<title>Eleganta blommiga retro\u00f6rh\u00e4ngen - Mekulo SE<\/title>\n<meta name=\"robots\" content=\"index, follow, max-snippet:-1, max-image-preview:large, max-video-preview:-1\" \/>\n<link rel=\"canonical\" href=\"https:\/\/mekulo.com\/se\/produkt\/eleganta-blommiga-retroorhangen\/\" \/>\n<meta property=\"og:locale\" content=\"sv_SE\" \/>\n<meta property=\"og:type\" content=\"article\" \/>\n<meta property=\"og:title\" content=\"Eleganta blommiga retro\u00f6rh\u00e4ngen - Mekulo SE\" \/>\n<meta property=\"og:description\" content=\"\ud83d\udcaeDe h\u00e4r eleganta blommiga retro\u00f6rh\u00e4ngena kombinerar skimrande strass, mjuka fuskp\u00e4rlor och en vintageinspirerad blommig design. \ud83d\udc57De \u00e4r perfekta f\u00f6r speciella tillf\u00e4llen eller f\u00f6r att lyfta vardagsstilen. \ud83c\udf80L\u00e4ttviktskonstruktionen g\u00f6r dem bekv\u00e4ma hela dagen.\" \/>\n<meta property=\"og:url\" content=\"https:\/\/mekulo.com\/se\/produkt\/eleganta-blommiga-retroorhangen\/\" \/>\n<meta property=\"og:site_name\" content=\"Mekulo SE\" \/>\n<meta property=\"article:modified_time\" content=\"2026-02-17T05:59:18+00:00\" \/>\n<meta property=\"og:image\" content=\"https:\/\/mekulo.com\/se\/wp-content\/uploads\/sites\/11\/2026\/02\/9fczfnj-1.jpeg\" \/>\n\t<meta property=\"og:image:width\" content=\"800\" \/>\n\t<meta property=\"og:image:height\" content=\"800\" \/>\n\t<meta property=\"og:image:type\" content=\"image\/jpeg\" \/>\n<meta name=\"twitter:card\" content=\"summary_large_image\" \/>\n<meta name=\"twitter:label1\" content=\"Ber\u00e4knad l\u00e4stid\" \/>\n\t<meta name=\"twitter:data1\" content=\"2 minuter\" \/>\n<script type=\"application\/ld+json\" class=\"yoast-schema-graph\">{\"@context\":\"https:\/\/schema.org\",\"@graph\":[{\"@type\":\"WebPage\",\"@id\":\"https:\/\/mekulo.com\/se\/produkt\/eleganta-blommiga-retroorhangen\/\",\"url\":\"https:\/\/mekulo.com\/se\/produkt\/eleganta-blommiga-retroorhangen\/\",\"name\":\"Eleganta blommiga retro\u00f6rh\u00e4ngen - Mekulo SE\",\"isPartOf\":{\"@id\":\"https:\/\/mekulo.com\/se\/#website\"},\"primaryImageOfPage\":{\"@id\":\"https:\/\/mekulo.com\/se\/produkt\/eleganta-blommiga-retroorhangen\/#primaryimage\"},\"image\":{\"@id\":\"https:\/\/mekulo.com\/se\/produkt\/eleganta-blommiga-retroorhangen\/#primaryimage\"},\"thumbnailUrl\":\"https:\/\/mekulo.com\/se\/wp-content\/uploads\/sites\/11\/2026\/02\/9fczfnj-1.jpeg\",\"datePublished\":\"2026-02-17T05:59:08+00:00\",\"dateModified\":\"2026-02-17T05:59:18+00:00\",\"breadcrumb\":{\"@id\":\"https:\/\/mekulo.com\/se\/produkt\/eleganta-blommiga-retroorhangen\/#breadcrumb\"},\"inLanguage\":\"sv-SE\",\"potentialAction\":[{\"@type\":\"ReadAction\",\"target\":[\"https:\/\/mekulo.com\/se\/produkt\/eleganta-blommiga-retroorhangen\/\"]}]},{\"@type\":\"ImageObject\",\"inLanguage\":\"sv-SE\",\"@id\":\"https:\/\/mekulo.com\/se\/produkt\/eleganta-blommiga-retroorhangen\/#primaryimage\",\"url\":\"https:\/\/mekulo.com\/se\/wp-content\/uploads\/sites\/11\/2026\/02\/9fczfnj-1.jpeg\",\"contentUrl\":\"https:\/\/mekulo.com\/se\/wp-content\/uploads\/sites\/11\/2026\/02\/9fczfnj-1.jpeg\",\"width\":800,\"height\":800},{\"@type\":\"BreadcrumbList\",\"@id\":\"https:\/\/mekulo.com\/se\/produkt\/eleganta-blommiga-retroorhangen\/#breadcrumb\",\"itemListElement\":[{\"@type\":\"ListItem\",\"position\":1,\"name\":\"Home\",\"item\":\"https:\/\/mekulo.com\/se\/\"},{\"@type\":\"ListItem\",\"position\":2,\"name\":\"Butik\",\"item\":\"https:\/\/mekulo.com\/se\/butik\/\"},{\"@type\":\"ListItem\",\"position\":3,\"name\":\"Eleganta blommiga retro\u00f6rh\u00e4ngen\"}]},{\"@type\":\"WebSite\",\"@id\":\"https:\/\/mekulo.com\/se\/#website\",\"url\":\"https:\/\/mekulo.com\/se\/\",\"name\":\"Mekulo SE\",\"description\":\"\",\"publisher\":{\"@id\":\"https:\/\/mekulo.com\/se\/#organization\"},\"potentialAction\":[{\"@type\":\"SearchAction\",\"target\":{\"@type\":\"EntryPoint\",\"urlTemplate\":\"https:\/\/mekulo.com\/se\/?s={search_term_string}\"},\"query-input\":{\"@type\":\"PropertyValueSpecification\",\"valueRequired\":true,\"valueName\":\"search_term_string\"}}],\"inLanguage\":\"sv-SE\"},{\"@type\":\"Organization\",\"@id\":\"https:\/\/mekulo.com\/se\/#organization\",\"name\":\"Mekulo\",\"url\":\"https:\/\/mekulo.com\/se\/\",\"logo\":{\"@type\":\"ImageObject\",\"inLanguage\":\"sv-SE\",\"@id\":\"https:\/\/mekulo.com\/se\/#\/schema\/logo\/image\/\",\"url\":\"https:\/\/mekulo.com\/se\/wp-content\/uploads\/sites\/11\/2025\/12\/favicon_mekulo.png\",\"contentUrl\":\"https:\/\/mekulo.com\/se\/wp-content\/uploads\/sites\/11\/2025\/12\/favicon_mekulo.png\",\"width\":50,\"height\":50,\"caption\":\"Mekulo\"},\"image\":{\"@id\":\"https:\/\/mekulo.com\/se\/#\/schema\/logo\/image\/\"}}]}<\/script>\n<!-- \/ Yoast SEO plugin. -->","yoast_head_json":{"title":"Eleganta blommiga retro\u00f6rh\u00e4ngen - Mekulo SE","robots":{"index":"index","follow":"follow","max-snippet":"max-snippet:-1","max-image-preview":"max-image-preview:large","max-video-preview":"max-video-preview:-1"},"canonical":"https:\/\/mekulo.com\/se\/produkt\/eleganta-blommiga-retroorhangen\/","og_locale":"sv_SE","og_type":"article","og_title":"Eleganta blommiga retro\u00f6rh\u00e4ngen - Mekulo SE","og_description":"\ud83d\udcaeDe h\u00e4r eleganta blommiga retro\u00f6rh\u00e4ngena kombinerar skimrande strass, mjuka fuskp\u00e4rlor och en vintageinspirerad blommig design. \ud83d\udc57De \u00e4r perfekta f\u00f6r speciella tillf\u00e4llen eller f\u00f6r att lyfta vardagsstilen. \ud83c\udf80L\u00e4ttviktskonstruktionen g\u00f6r dem bekv\u00e4ma hela dagen.","og_url":"https:\/\/mekulo.com\/se\/produkt\/eleganta-blommiga-retroorhangen\/","og_site_name":"Mekulo SE","article_modified_time":"2026-02-17T05:59:18+00:00","og_image":[{"width":800,"height":800,"url":"https:\/\/mekulo.com\/se\/wp-content\/uploads\/sites\/11\/2026\/02\/9fczfnj-1.jpeg","type":"image\/jpeg"}],"twitter_card":"summary_large_image","twitter_misc":{"Ber\u00e4knad l\u00e4stid":"2 minuter"},"schema":{"@context":"https:\/\/schema.org","@graph":[{"@type":"WebPage","@id":"https:\/\/mekulo.com\/se\/produkt\/eleganta-blommiga-retroorhangen\/","url":"https:\/\/mekulo.com\/se\/produkt\/eleganta-blommiga-retroorhangen\/","name":"Eleganta blommiga retro\u00f6rh\u00e4ngen - Mekulo SE","isPartOf":{"@id":"https:\/\/mekulo.com\/se\/#website"},"primaryImageOfPage":{"@id":"https:\/\/mekulo.com\/se\/produkt\/eleganta-blommiga-retroorhangen\/#primaryimage"},"image":{"@id":"https:\/\/mekulo.com\/se\/produkt\/eleganta-blommiga-retroorhangen\/#primaryimage"},"thumbnailUrl":"https:\/\/mekulo.com\/se\/wp-content\/uploads\/sites\/11\/2026\/02\/9fczfnj-1.jpeg","datePublished":"2026-02-17T05:59:08+00:00","dateModified":"2026-02-17T05:59:18+00:00","breadcrumb":{"@id":"https:\/\/mekulo.com\/se\/produkt\/eleganta-blommiga-retroorhangen\/#breadcrumb"},"inLanguage":"sv-SE","potentialAction":[{"@type":"ReadAction","target":["https:\/\/mekulo.com\/se\/produkt\/eleganta-blommiga-retroorhangen\/"]}]},{"@type":"ImageObject","inLanguage":"sv-SE","@id":"https:\/\/mekulo.com\/se\/produkt\/eleganta-blommiga-retroorhangen\/#primaryimage","url":"https:\/\/mekulo.com\/se\/wp-content\/uploads\/sites\/11\/2026\/02\/9fczfnj-1.jpeg","contentUrl":"https:\/\/mekulo.com\/se\/wp-content\/uploads\/sites\/11\/2026\/02\/9fczfnj-1.jpeg","width":800,"height":800},{"@type":"BreadcrumbList","@id":"https:\/\/mekulo.com\/se\/produkt\/eleganta-blommiga-retroorhangen\/#breadcrumb","itemListElement":[{"@type":"ListItem","position":1,"name":"Home","item":"https:\/\/mekulo.com\/se\/"},{"@type":"ListItem","position":2,"name":"Butik","item":"https:\/\/mekulo.com\/se\/butik\/"},{"@type":"ListItem","position":3,"name":"Eleganta blommiga retro\u00f6rh\u00e4ngen"}]},{"@type":"WebSite","@id":"https:\/\/mekulo.com\/se\/#website","url":"https:\/\/mekulo.com\/se\/","name":"Mekulo SE","description":"","publisher":{"@id":"https:\/\/mekulo.com\/se\/#organization"},"potentialAction":[{"@type":"SearchAction","target":{"@type":"EntryPoint","urlTemplate":"https:\/\/mekulo.com\/se\/?s={search_term_string}"},"query-input":{"@type":"PropertyValueSpecification","valueRequired":true,"valueName":"search_term_string"}}],"inLanguage":"sv-SE"},{"@type":"Organization","@id":"https:\/\/mekulo.com\/se\/#organization","name":"Mekulo","url":"https:\/\/mekulo.com\/se\/","logo":{"@type":"ImageObject","inLanguage":"sv-SE","@id":"https:\/\/mekulo.com\/se\/#\/schema\/logo\/image\/","url":"https:\/\/mekulo.com\/se\/wp-content\/uploads\/sites\/11\/2025\/12\/favicon_mekulo.png","contentUrl":"https:\/\/mekulo.com\/se\/wp-content\/uploads\/sites\/11\/2025\/12\/favicon_mekulo.png","width":50,"height":50,"caption":"Mekulo"},"image":{"@id":"https:\/\/mekulo.com\/se\/#\/schema\/logo\/image\/"}}]}},"_links":{"self":[{"href":"https:\/\/mekulo.com\/se\/wp-json\/wp\/v2\/product\/23787","targetHints":{"allow":["GET"]}}],"collection":[{"href":"https:\/\/mekulo.com\/se\/wp-json\/wp\/v2\/product"}],"about":[{"href":"https:\/\/mekulo.com\/se\/wp-json\/wp\/v2\/types\/product"}],"replies":[{"embeddable":true,"href":"https:\/\/mekulo.com\/se\/wp-json\/wp\/v2\/comments?post=23787"}],"wp:featuredmedia":[{"embeddable":true,"href":"https:\/\/mekulo.com\/se\/wp-json\/wp\/v2\/media\/23783"}],"wp:attachment":[{"href":"https:\/\/mekulo.com\/se\/wp-json\/wp\/v2\/media?parent=23787"}],"wp:term":[{"taxonomy":"product_brand","embeddable":true,"href":"https:\/\/mekulo.com\/se\/wp-json\/wp\/v2\/product_brand?post=23787"},{"taxonomy":"product_cat","embeddable":true,"href":"https:\/\/mekulo.com\/se\/wp-json\/wp\/v2\/product_cat?post=23787"},{"taxonomy":"product_tag","embeddable":true,"href":"https:\/\/mekulo.com\/se\/wp-json\/wp\/v2\/product_tag?post=23787"}],"curies":[{"name":"wp","href":"https:\/\/api.w.org\/{rel}","templated":true}]}}