{"id":23686,"date":"2026-02-17T07:51:07","date_gmt":"2026-02-17T05:51:07","guid":{"rendered":"https:\/\/mekulo.com\/se\/produkt\/bojda-orhangen-med-tre-spetsar\/"},"modified":"2026-02-17T07:51:14","modified_gmt":"2026-02-17T05:51:14","slug":"bojda-orhangen-med-tre-spetsar","status":"publish","type":"product","link":"https:\/\/mekulo.com\/se\/produkt\/bojda-orhangen-med-tre-spetsar\/","title":{"rendered":"B\u00f6jda \u00f6rh\u00e4ngen med tre spetsar"},"content":{"rendered":"<p style=\"text-align: center\" data-start=\"74\" data-end=\"131\"><strong data-start=\"74\" data-end=\"131\">Ett Modernt Statement Som Omedelbart Lyfter Din Look. \ud83d\udc8e<\/strong><\/p>\n<p data-start=\"74\" data-end=\"131\"><img fetchpriority=\"high\" decoding=\"async\" class=\"size-full wp-image-25047 aligncenter\" src=\"https:\/\/mekulo.com\/template\/wp-content\/uploads\/sites\/6\/2026\/02\/7ce9d86c-b39d-4fee-9e76-b7644ef05ac4.jpg\" alt=\"\" width=\"800\" height=\"800\" \/><\/p>\n<h2 style=\"text-align: center\" data-start=\"555\" data-end=\"574\">Huvudf\u00f6rdelar \u2728<\/h2>\n<p data-start=\"575\" data-end=\"899\">\u2728 Snygg lagerdesign &#8211; Unik och modern look.<\/p>\n<p data-start=\"575\" data-end=\"899\">\ud83d\udc8e H\u00e5llbar konstruktion &#8211; Tillverkad f\u00f6r l\u00e5ngvarig anv\u00e4ndning.<\/p>\n<p data-start=\"575\" data-end=\"899\">\ud83d\udc57 L\u00e4tt att matcha &#8211; Passar till alla kl\u00e4der.<\/p>\n<p data-start=\"575\" data-end=\"899\">\ud83c\udf34 Perfekt f\u00f6r alla tillf\u00e4llen &#8211; Dagliga kl\u00e4der eller evenemang.<\/p>\n<p data-start=\"575\" data-end=\"899\">\ud83c\udf81 Bra presentid\u00e9 &#8211; Perfekt f\u00f6r speciella stunder.<\/p>\n<p data-start=\"575\" data-end=\"899\">\ud83d\udc4c Bekv\u00e4m passform &#8211; L\u00e4tt och l\u00e4tt att b\u00e4ra.<\/p>\n<p data-start=\"575\" data-end=\"899\"><img decoding=\"async\" class=\"size-full wp-image-25049 aligncenter\" src=\"https:\/\/mekulo.com\/template\/wp-content\/uploads\/sites\/6\/2026\/02\/Sb460cbece614458cbf1e7dbabd5413bfU.webp\" alt=\"\" width=\"800\" height=\"800\" \/><\/p>\n<h2 style=\"text-align: center\" data-start=\"906\" data-end=\"922\">Hur Man Anv\u00e4nder \ud83d\udccc<\/h2>\n<ol data-start=\"923\" data-end=\"1043\">\n<li data-start=\"923\" data-end=\"971\">\n<p data-start=\"926\" data-end=\"971\">F\u00f6r in \u00f6rh\u00e4ngena i din piercing.<\/p>\n<\/li>\n<li data-start=\"972\" data-end=\"1001\">\n<p data-start=\"975\" data-end=\"1001\">F\u00e4st med baksidan.<\/p>\n<\/li>\n<li data-start=\"1002\" data-end=\"1043\">\n<p data-start=\"1005\" data-end=\"1043\">Justera f\u00f6rsiktigt f\u00f6r komfort om det beh\u00f6vs.<\/p>\n<\/li>\n<\/ol>\n<h2 style=\"text-align: center\" data-start=\"1050\" data-end=\"1071\">Produktdetaljer \ud83d\udccf<\/h2>\n<ul data-start=\"1072\" data-end=\"1201\">\n<li data-start=\"1072\" data-end=\"1116\">\n<p data-start=\"1074\" data-end=\"1116\">Design: B\u00f6jd tri-punkt \/ skiktad stil<\/p>\n<\/li>\n<li data-start=\"1117\" data-end=\"1155\">\n<p data-start=\"1119\" data-end=\"1155\">Style: Minimalistisk, modern, elegant<\/p>\n<\/li>\n<li data-start=\"1156\" data-end=\"1201\">\n<p data-start=\"1158\" data-end=\"1201\">L\u00e4mplig f\u00f6r: Vardagsbruk, fest, event<\/p>\n<\/li>\n<li data-start=\"1156\" data-end=\"1201\">Storlek: 2 x 1,35 cm<\/li>\n<\/ul>\n<h2 style=\"text-align: center\" data-start=\"1208\" data-end=\"1230\">Paketet Inneh\u00e5ller \ud83d\udce6<\/h2>\n<ul data-start=\"1231\" data-end=\"1272\">\n<li data-start=\"1231\" data-end=\"1272\">\n<p data-start=\"1233\" data-end=\"1272\">1x par b\u00f6jda tri-point \u00f6rh\u00e4ngen.<\/p>\n<\/li>\n<\/ul>\n","protected":false},"excerpt":{"rendered":"<p>\ud83d\udc8eDe h\u00e4r b\u00f6jda trepunkts\u00f6rh\u00e4ngena kombinerar en elegant form med en snygg lagerdesign. Perfekta f\u00f6r vardagsbruk eller speciella tillf\u00e4llen.<br \/>\n\ud83d\udc57De tillf\u00f6r elegans utan att k\u00e4nnas tunga. Den skiktade tri-point-stilen skapar djup och glans.<br \/>\n<span style=\"font-size: 16px;font-style: normal;font-weight: 400\">\u2728<\/span>En m\u00e5ngsidig accessoar som du kommer att ta fram om och om igen. En subtil detalj som g\u00f6r stor skillnad.<\/p>\n","protected":false},"featured_media":23682,"comment_status":"open","ping_status":"closed","template":"","meta":{"site-sidebar-layout":"default","site-content-layout":"","ast-site-content-layout":"default","site-content-style":"default","site-sidebar-style":"default","ast-global-header-display":"","ast-banner-title-visibility":"","ast-main-header-display":"","ast-hfb-above-header-display":"","ast-hfb-below-header-display":"","ast-hfb-mobile-header-display":"","site-post-title":"","ast-breadcrumbs-content":"","ast-featured-img":"","footer-sml-layout":"","theme-transparent-header-meta":"default","adv-header-id-meta":"","stick-header-meta":"","header-above-stick-meta":"","header-main-stick-meta":"","header-below-stick-meta":"","astra-migrate-meta-layouts":"set","ast-page-background-enabled":"default","ast-page-background-meta":{"desktop":{"background-color":"var(--ast-global-color-5)","background-image":"","background-repeat":"repeat","background-position":"center center","background-size":"auto","background-attachment":"scroll","background-type":"","background-media":"","overlay-type":"","overlay-color":"","overlay-opacity":"","overlay-gradient":""},"tablet":{"background-color":"","background-image":"","background-repeat":"repeat","background-position":"center center","background-size":"auto","background-attachment":"scroll","background-type":"","background-media":"","overlay-type":"","overlay-color":"","overlay-opacity":"","overlay-gradient":""},"mobile":{"background-color":"","background-image":"","background-repeat":"repeat","background-position":"center center","background-size":"auto","background-attachment":"scroll","background-type":"","background-media":"","overlay-type":"","overlay-color":"","overlay-opacity":"","overlay-gradient":""}},"ast-content-background-meta":{"desktop":{"background-color":"var(--ast-global-color-4)","background-image":"","background-repeat":"repeat","background-position":"center center","background-size":"auto","background-attachment":"scroll","background-type":"","background-media":"","overlay-type":"","overlay-color":"","overlay-opacity":"","overlay-gradient":""},"tablet":{"background-color":"var(--ast-global-color-4)","background-image":"","background-repeat":"repeat","background-position":"center center","background-size":"auto","background-attachment":"scroll","background-type":"","background-media":"","overlay-type":"","overlay-color":"","overlay-opacity":"","overlay-gradient":""},"mobile":{"background-color":"var(--ast-global-color-4)","background-image":"","background-repeat":"repeat","background-position":"center center","background-size":"auto","background-attachment":"scroll","background-type":"","background-media":"","overlay-type":"","overlay-color":"","overlay-opacity":"","overlay-gradient":""}}},"product_brand":[],"product_cat":[162,165],"product_tag":[],"class_list":{"0":"post-23686","1":"product","2":"type-product","3":"status-publish","4":"has-post-thumbnail","6":"product_cat-skonhets-och-hygienprodukter","7":"product_cat-skor-accessoarer","8":"pa_59898_d7j5jz2s-guld","9":"pa_59898_d7j5jz2s-silver","10":"desktop-align-left","11":"tablet-align-left","12":"mobile-align-left","14":"first","15":"instock","16":"shipping-taxable","17":"purchasable","18":"product-type-variable"},"yoast_head":"<!-- This site is optimized with the Yoast SEO plugin v26.6 - https:\/\/yoast.com\/wordpress\/plugins\/seo\/ -->\n<title>B\u00f6jda \u00f6rh\u00e4ngen med tre spetsar - Mekulo SE<\/title>\n<meta name=\"robots\" content=\"index, follow, max-snippet:-1, max-image-preview:large, max-video-preview:-1\" \/>\n<link rel=\"canonical\" href=\"https:\/\/mekulo.com\/se\/produkt\/bojda-orhangen-med-tre-spetsar\/\" \/>\n<meta property=\"og:locale\" content=\"sv_SE\" \/>\n<meta property=\"og:type\" content=\"article\" \/>\n<meta property=\"og:title\" content=\"B\u00f6jda \u00f6rh\u00e4ngen med tre spetsar - Mekulo SE\" \/>\n<meta property=\"og:description\" content=\"\ud83d\udc8eDe h\u00e4r b\u00f6jda trepunkts\u00f6rh\u00e4ngena kombinerar en elegant form med en snygg lagerdesign. Perfekta f\u00f6r vardagsbruk eller speciella tillf\u00e4llen. \ud83d\udc57De tillf\u00f6r elegans utan att k\u00e4nnas tunga. Den skiktade tri-point-stilen skapar djup och glans. \u2728En m\u00e5ngsidig accessoar som du kommer att ta fram om och om igen. En subtil detalj som g\u00f6r stor skillnad.\" \/>\n<meta property=\"og:url\" content=\"https:\/\/mekulo.com\/se\/produkt\/bojda-orhangen-med-tre-spetsar\/\" \/>\n<meta property=\"og:site_name\" content=\"Mekulo SE\" \/>\n<meta property=\"article:modified_time\" content=\"2026-02-17T05:51:14+00:00\" \/>\n<meta property=\"og:image\" content=\"https:\/\/mekulo.com\/se\/wp-content\/uploads\/sites\/11\/2026\/02\/2tjjhl1-1.webp\" \/>\n\t<meta property=\"og:image:width\" content=\"800\" \/>\n\t<meta property=\"og:image:height\" content=\"800\" \/>\n\t<meta property=\"og:image:type\" content=\"image\/webp\" \/>\n<meta name=\"twitter:card\" content=\"summary_large_image\" \/>\n<meta name=\"twitter:label1\" content=\"Ber\u00e4knad l\u00e4stid\" \/>\n\t<meta name=\"twitter:data1\" content=\"2 minuter\" \/>\n<script type=\"application\/ld+json\" class=\"yoast-schema-graph\">{\"@context\":\"https:\/\/schema.org\",\"@graph\":[{\"@type\":\"WebPage\",\"@id\":\"https:\/\/mekulo.com\/se\/produkt\/bojda-orhangen-med-tre-spetsar\/\",\"url\":\"https:\/\/mekulo.com\/se\/produkt\/bojda-orhangen-med-tre-spetsar\/\",\"name\":\"B\u00f6jda \u00f6rh\u00e4ngen med tre spetsar - Mekulo SE\",\"isPartOf\":{\"@id\":\"https:\/\/mekulo.com\/se\/#website\"},\"primaryImageOfPage\":{\"@id\":\"https:\/\/mekulo.com\/se\/produkt\/bojda-orhangen-med-tre-spetsar\/#primaryimage\"},\"image\":{\"@id\":\"https:\/\/mekulo.com\/se\/produkt\/bojda-orhangen-med-tre-spetsar\/#primaryimage\"},\"thumbnailUrl\":\"https:\/\/mekulo.com\/se\/wp-content\/uploads\/sites\/11\/2026\/02\/2tjjhl1-1.webp\",\"datePublished\":\"2026-02-17T05:51:07+00:00\",\"dateModified\":\"2026-02-17T05:51:14+00:00\",\"breadcrumb\":{\"@id\":\"https:\/\/mekulo.com\/se\/produkt\/bojda-orhangen-med-tre-spetsar\/#breadcrumb\"},\"inLanguage\":\"sv-SE\",\"potentialAction\":[{\"@type\":\"ReadAction\",\"target\":[\"https:\/\/mekulo.com\/se\/produkt\/bojda-orhangen-med-tre-spetsar\/\"]}]},{\"@type\":\"ImageObject\",\"inLanguage\":\"sv-SE\",\"@id\":\"https:\/\/mekulo.com\/se\/produkt\/bojda-orhangen-med-tre-spetsar\/#primaryimage\",\"url\":\"https:\/\/mekulo.com\/se\/wp-content\/uploads\/sites\/11\/2026\/02\/2tjjhl1-1.webp\",\"contentUrl\":\"https:\/\/mekulo.com\/se\/wp-content\/uploads\/sites\/11\/2026\/02\/2tjjhl1-1.webp\",\"width\":800,\"height\":800},{\"@type\":\"BreadcrumbList\",\"@id\":\"https:\/\/mekulo.com\/se\/produkt\/bojda-orhangen-med-tre-spetsar\/#breadcrumb\",\"itemListElement\":[{\"@type\":\"ListItem\",\"position\":1,\"name\":\"Home\",\"item\":\"https:\/\/mekulo.com\/se\/\"},{\"@type\":\"ListItem\",\"position\":2,\"name\":\"Butik\",\"item\":\"https:\/\/mekulo.com\/se\/butik\/\"},{\"@type\":\"ListItem\",\"position\":3,\"name\":\"B\u00f6jda \u00f6rh\u00e4ngen med tre spetsar\"}]},{\"@type\":\"WebSite\",\"@id\":\"https:\/\/mekulo.com\/se\/#website\",\"url\":\"https:\/\/mekulo.com\/se\/\",\"name\":\"Mekulo SE\",\"description\":\"\",\"publisher\":{\"@id\":\"https:\/\/mekulo.com\/se\/#organization\"},\"potentialAction\":[{\"@type\":\"SearchAction\",\"target\":{\"@type\":\"EntryPoint\",\"urlTemplate\":\"https:\/\/mekulo.com\/se\/?s={search_term_string}\"},\"query-input\":{\"@type\":\"PropertyValueSpecification\",\"valueRequired\":true,\"valueName\":\"search_term_string\"}}],\"inLanguage\":\"sv-SE\"},{\"@type\":\"Organization\",\"@id\":\"https:\/\/mekulo.com\/se\/#organization\",\"name\":\"Mekulo\",\"url\":\"https:\/\/mekulo.com\/se\/\",\"logo\":{\"@type\":\"ImageObject\",\"inLanguage\":\"sv-SE\",\"@id\":\"https:\/\/mekulo.com\/se\/#\/schema\/logo\/image\/\",\"url\":\"https:\/\/mekulo.com\/se\/wp-content\/uploads\/sites\/11\/2025\/12\/favicon_mekulo.png\",\"contentUrl\":\"https:\/\/mekulo.com\/se\/wp-content\/uploads\/sites\/11\/2025\/12\/favicon_mekulo.png\",\"width\":50,\"height\":50,\"caption\":\"Mekulo\"},\"image\":{\"@id\":\"https:\/\/mekulo.com\/se\/#\/schema\/logo\/image\/\"}}]}<\/script>\n<!-- \/ Yoast SEO plugin. -->","yoast_head_json":{"title":"B\u00f6jda \u00f6rh\u00e4ngen med tre spetsar - Mekulo SE","robots":{"index":"index","follow":"follow","max-snippet":"max-snippet:-1","max-image-preview":"max-image-preview:large","max-video-preview":"max-video-preview:-1"},"canonical":"https:\/\/mekulo.com\/se\/produkt\/bojda-orhangen-med-tre-spetsar\/","og_locale":"sv_SE","og_type":"article","og_title":"B\u00f6jda \u00f6rh\u00e4ngen med tre spetsar - Mekulo SE","og_description":"\ud83d\udc8eDe h\u00e4r b\u00f6jda trepunkts\u00f6rh\u00e4ngena kombinerar en elegant form med en snygg lagerdesign. Perfekta f\u00f6r vardagsbruk eller speciella tillf\u00e4llen. \ud83d\udc57De tillf\u00f6r elegans utan att k\u00e4nnas tunga. Den skiktade tri-point-stilen skapar djup och glans. \u2728En m\u00e5ngsidig accessoar som du kommer att ta fram om och om igen. En subtil detalj som g\u00f6r stor skillnad.","og_url":"https:\/\/mekulo.com\/se\/produkt\/bojda-orhangen-med-tre-spetsar\/","og_site_name":"Mekulo SE","article_modified_time":"2026-02-17T05:51:14+00:00","og_image":[{"width":800,"height":800,"url":"https:\/\/mekulo.com\/se\/wp-content\/uploads\/sites\/11\/2026\/02\/2tjjhl1-1.webp","type":"image\/webp"}],"twitter_card":"summary_large_image","twitter_misc":{"Ber\u00e4knad l\u00e4stid":"2 minuter"},"schema":{"@context":"https:\/\/schema.org","@graph":[{"@type":"WebPage","@id":"https:\/\/mekulo.com\/se\/produkt\/bojda-orhangen-med-tre-spetsar\/","url":"https:\/\/mekulo.com\/se\/produkt\/bojda-orhangen-med-tre-spetsar\/","name":"B\u00f6jda \u00f6rh\u00e4ngen med tre spetsar - Mekulo SE","isPartOf":{"@id":"https:\/\/mekulo.com\/se\/#website"},"primaryImageOfPage":{"@id":"https:\/\/mekulo.com\/se\/produkt\/bojda-orhangen-med-tre-spetsar\/#primaryimage"},"image":{"@id":"https:\/\/mekulo.com\/se\/produkt\/bojda-orhangen-med-tre-spetsar\/#primaryimage"},"thumbnailUrl":"https:\/\/mekulo.com\/se\/wp-content\/uploads\/sites\/11\/2026\/02\/2tjjhl1-1.webp","datePublished":"2026-02-17T05:51:07+00:00","dateModified":"2026-02-17T05:51:14+00:00","breadcrumb":{"@id":"https:\/\/mekulo.com\/se\/produkt\/bojda-orhangen-med-tre-spetsar\/#breadcrumb"},"inLanguage":"sv-SE","potentialAction":[{"@type":"ReadAction","target":["https:\/\/mekulo.com\/se\/produkt\/bojda-orhangen-med-tre-spetsar\/"]}]},{"@type":"ImageObject","inLanguage":"sv-SE","@id":"https:\/\/mekulo.com\/se\/produkt\/bojda-orhangen-med-tre-spetsar\/#primaryimage","url":"https:\/\/mekulo.com\/se\/wp-content\/uploads\/sites\/11\/2026\/02\/2tjjhl1-1.webp","contentUrl":"https:\/\/mekulo.com\/se\/wp-content\/uploads\/sites\/11\/2026\/02\/2tjjhl1-1.webp","width":800,"height":800},{"@type":"BreadcrumbList","@id":"https:\/\/mekulo.com\/se\/produkt\/bojda-orhangen-med-tre-spetsar\/#breadcrumb","itemListElement":[{"@type":"ListItem","position":1,"name":"Home","item":"https:\/\/mekulo.com\/se\/"},{"@type":"ListItem","position":2,"name":"Butik","item":"https:\/\/mekulo.com\/se\/butik\/"},{"@type":"ListItem","position":3,"name":"B\u00f6jda \u00f6rh\u00e4ngen med tre spetsar"}]},{"@type":"WebSite","@id":"https:\/\/mekulo.com\/se\/#website","url":"https:\/\/mekulo.com\/se\/","name":"Mekulo SE","description":"","publisher":{"@id":"https:\/\/mekulo.com\/se\/#organization"},"potentialAction":[{"@type":"SearchAction","target":{"@type":"EntryPoint","urlTemplate":"https:\/\/mekulo.com\/se\/?s={search_term_string}"},"query-input":{"@type":"PropertyValueSpecification","valueRequired":true,"valueName":"search_term_string"}}],"inLanguage":"sv-SE"},{"@type":"Organization","@id":"https:\/\/mekulo.com\/se\/#organization","name":"Mekulo","url":"https:\/\/mekulo.com\/se\/","logo":{"@type":"ImageObject","inLanguage":"sv-SE","@id":"https:\/\/mekulo.com\/se\/#\/schema\/logo\/image\/","url":"https:\/\/mekulo.com\/se\/wp-content\/uploads\/sites\/11\/2025\/12\/favicon_mekulo.png","contentUrl":"https:\/\/mekulo.com\/se\/wp-content\/uploads\/sites\/11\/2025\/12\/favicon_mekulo.png","width":50,"height":50,"caption":"Mekulo"},"image":{"@id":"https:\/\/mekulo.com\/se\/#\/schema\/logo\/image\/"}}]}},"_links":{"self":[{"href":"https:\/\/mekulo.com\/se\/wp-json\/wp\/v2\/product\/23686","targetHints":{"allow":["GET"]}}],"collection":[{"href":"https:\/\/mekulo.com\/se\/wp-json\/wp\/v2\/product"}],"about":[{"href":"https:\/\/mekulo.com\/se\/wp-json\/wp\/v2\/types\/product"}],"replies":[{"embeddable":true,"href":"https:\/\/mekulo.com\/se\/wp-json\/wp\/v2\/comments?post=23686"}],"wp:featuredmedia":[{"embeddable":true,"href":"https:\/\/mekulo.com\/se\/wp-json\/wp\/v2\/media\/23682"}],"wp:attachment":[{"href":"https:\/\/mekulo.com\/se\/wp-json\/wp\/v2\/media?parent=23686"}],"wp:term":[{"taxonomy":"product_brand","embeddable":true,"href":"https:\/\/mekulo.com\/se\/wp-json\/wp\/v2\/product_brand?post=23686"},{"taxonomy":"product_cat","embeddable":true,"href":"https:\/\/mekulo.com\/se\/wp-json\/wp\/v2\/product_cat?post=23686"},{"taxonomy":"product_tag","embeddable":true,"href":"https:\/\/mekulo.com\/se\/wp-json\/wp\/v2\/product_tag?post=23686"}],"curies":[{"name":"wp","href":"https:\/\/api.w.org\/{rel}","templated":true}]}}