{"id":23660,"date":"2026-02-17T07:49:40","date_gmt":"2026-02-17T05:49:40","guid":{"rendered":"https:\/\/mekulo.com\/se\/produkt\/solglasogonhallare-for-bil\/"},"modified":"2026-02-17T07:50:11","modified_gmt":"2026-02-17T05:50:11","slug":"solglasogonhallare-for-bil","status":"publish","type":"product","link":"https:\/\/mekulo.com\/se\/produkt\/solglasogonhallare-for-bil\/","title":{"rendered":"Solglas\u00f6gonh\u00e5llare f\u00f6r bil"},"content":{"rendered":"<p style=\"text-align: center\" data-start=\"29\" data-end=\"98\"><strong data-start=\"29\" data-end=\"98\">H\u00e5ll dina solglas\u00f6gon s\u00e4kra, repfria och alltid inom r\u00e4ckh\u00e5ll. \ud83d\ude99<\/strong><\/p>\n<p data-start=\"29\" data-end=\"98\"><img fetchpriority=\"high\" decoding=\"async\" class=\"size-full wp-image-25023 aligncenter\" src=\"https:\/\/mekulo.com\/template\/wp-content\/uploads\/sites\/6\/2026\/02\/5_1_a6cd11fd-42ce-4a20-b5b8-e23c824a1beb.jpg\" alt=\"\" width=\"990\" height=\"990\" \/><\/p>\n<h2 style=\"text-align: center\" data-start=\"560\" data-end=\"579\"><strong>Huvudf\u00f6rdelar \ud83d\udd76\ufe0f<\/strong><\/h2>\n<p data-start=\"580\" data-end=\"895\">\ud83d\udd76\ufe0f Skyddar dina glas\u00f6gon &#8211; F\u00f6rhindrar repor och skador.<\/p>\n<p data-start=\"580\" data-end=\"895\">\ud83d\ude97 S\u00e4krare k\u00f6rning &#8211; Inga distraktioner n\u00e4r du s\u00f6ker.<\/p>\n<p data-start=\"580\" data-end=\"895\">\ud83d\udd12 Dubbelt kl\u00e4mgrepp &#8211; H\u00e5ller glas\u00f6gonen s\u00e4kert.<\/p>\n<p data-start=\"580\" data-end=\"895\">\ud83d\udc4c Enhandstillg\u00e5ng &#8211; Snabb och enkel anv\u00e4ndning.<\/p>\n<p data-start=\"580\" data-end=\"895\">\ud83d\udccf Kompakt design &#8211; hindrar inte sikten.<\/p>\n<p data-start=\"580\" data-end=\"895\">\u2728 Snyggt utseende &#8211; sm\u00e4lter in i bilens interi\u00f6r.<\/p>\n<p data-start=\"580\" data-end=\"895\"><img decoding=\"async\" class=\"size-full wp-image-25027 aligncenter\" src=\"https:\/\/mekulo.com\/template\/wp-content\/uploads\/sites\/6\/2026\/02\/S009709e3d3de4cdfaade06b96a4fc542q.webp\" alt=\"\" width=\"1600\" height=\"1600\" \/><\/p>\n<h2 style=\"text-align: center\" data-start=\"902\" data-end=\"918\"><strong>Anv\u00e4ndning \ud83d\udccc<\/strong><\/h2>\n<ol data-start=\"919\" data-end=\"1053\">\n<li data-start=\"919\" data-end=\"952\">\n<p data-start=\"922\" data-end=\"952\">\u00d6ppna kl\u00e4mman p\u00e5 h\u00e5llaren.<\/p>\n<\/li>\n<li data-start=\"953\" data-end=\"992\">\n<p data-start=\"956\" data-end=\"992\">f\u00e4st den p\u00e5 bilens solskydd.<\/p>\n<\/li>\n<li data-start=\"993\" data-end=\"1021\">\n<p data-start=\"996\" data-end=\"1021\">s\u00e4tt i dina solglas\u00f6gon.<\/p>\n<\/li>\n<li data-start=\"1022\" data-end=\"1053\">\n<p data-start=\"1025\" data-end=\"1053\">ta enkelt bort dem vid behov.<\/p>\n<\/li>\n<\/ol>\n<h2 style=\"text-align: center\" data-start=\"1060\" data-end=\"1081\"><strong>Produktdetaljer \ud83d\udccf<\/strong><\/h2>\n<ul data-start=\"1082\" data-end=\"1215\">\n<li data-start=\"1082\" data-end=\"1107\">\n<p data-start=\"1084\" data-end=\"1107\">Material: ABS + metall<\/p>\n<\/li>\n<li data-start=\"1108\" data-end=\"1131\">\n<p data-start=\"1110\" data-end=\"1131\">Storlek: 18 x 8 x 4 cm<\/p>\n<\/li>\n<li data-start=\"1132\" data-end=\"1177\">\n<p data-start=\"1134\" data-end=\"1177\">Montering: Clip-on (inga verktyg kr\u00e4vs)<\/p>\n<\/li>\n<li data-start=\"1178\" data-end=\"1215\">\n<p data-start=\"1180\" data-end=\"1215\">Kompatibilitet: Passar de flesta fordon<\/p>\n<\/li>\n<\/ul>\n<h2 style=\"text-align: center\" data-start=\"1222\" data-end=\"1244\"><strong>Paketet inneh\u00e5ller \ud83d\udce6<\/strong><\/h2>\n<ul data-start=\"1245\" data-end=\"1274\">\n<li data-start=\"1245\" data-end=\"1274\">\n<p data-start=\"1247\" data-end=\"1274\">1, 2x solglas\u00f6gonh\u00e5llare f\u00f6r bil.<\/p>\n<\/li>\n<\/ul>\n","protected":false},"excerpt":{"rendered":"<p>\ud83d\ude98Sluta sl\u00f6sa tid p\u00e5 att leta efter dina glas\u00f6gon n\u00e4r du k\u00f6r. Denna solglas\u00f6gonh\u00e5llare f\u00f6r bil f\u00e4sts s\u00e4kert p\u00e5 solskyddet och h\u00e5ller dina glas\u00f6gon prydligt f\u00f6rvarade.<br \/>\n\ud83d\udd76\ufe0fA smart uppgradering f\u00f6r s\u00e4krare och mer organiserad k\u00f6rning. Den dubbla kl\u00e4mdesignen f\u00f6rhindrar att du glider eller faller.<br \/>\n\u2728Du kan enkelt komma \u00e5t dina glas\u00f6gon med en hand. K\u00f6r bekv\u00e4mt med dina solglas\u00f6gon alltid skyddade och redo.<\/p>\n","protected":false},"featured_media":23656,"comment_status":"open","ping_status":"closed","template":"","meta":{"site-sidebar-layout":"default","site-content-layout":"","ast-site-content-layout":"default","site-content-style":"default","site-sidebar-style":"default","ast-global-header-display":"","ast-banner-title-visibility":"","ast-main-header-display":"","ast-hfb-above-header-display":"","ast-hfb-below-header-display":"","ast-hfb-mobile-header-display":"","site-post-title":"","ast-breadcrumbs-content":"","ast-featured-img":"","footer-sml-layout":"","theme-transparent-header-meta":"default","adv-header-id-meta":"","stick-header-meta":"","header-above-stick-meta":"","header-main-stick-meta":"","header-below-stick-meta":"","astra-migrate-meta-layouts":"set","ast-page-background-enabled":"default","ast-page-background-meta":{"desktop":{"background-color":"var(--ast-global-color-5)","background-image":"","background-repeat":"repeat","background-position":"center center","background-size":"auto","background-attachment":"scroll","background-type":"","background-media":"","overlay-type":"","overlay-color":"","overlay-opacity":"","overlay-gradient":""},"tablet":{"background-color":"","background-image":"","background-repeat":"repeat","background-position":"center center","background-size":"auto","background-attachment":"scroll","background-type":"","background-media":"","overlay-type":"","overlay-color":"","overlay-opacity":"","overlay-gradient":""},"mobile":{"background-color":"","background-image":"","background-repeat":"repeat","background-position":"center center","background-size":"auto","background-attachment":"scroll","background-type":"","background-media":"","overlay-type":"","overlay-color":"","overlay-opacity":"","overlay-gradient":""}},"ast-content-background-meta":{"desktop":{"background-color":"var(--ast-global-color-4)","background-image":"","background-repeat":"repeat","background-position":"center center","background-size":"auto","background-attachment":"scroll","background-type":"","background-media":"","overlay-type":"","overlay-color":"","overlay-opacity":"","overlay-gradient":""},"tablet":{"background-color":"var(--ast-global-color-4)","background-image":"","background-repeat":"repeat","background-position":"center center","background-size":"auto","background-attachment":"scroll","background-type":"","background-media":"","overlay-type":"","overlay-color":"","overlay-opacity":"","overlay-gradient":""},"mobile":{"background-color":"var(--ast-global-color-4)","background-image":"","background-repeat":"repeat","background-position":"center center","background-size":"auto","background-attachment":"scroll","background-type":"","background-media":"","overlay-type":"","overlay-color":"","overlay-opacity":"","overlay-gradient":""}}},"product_brand":[],"product_cat":[161],"product_tag":[],"class_list":{"0":"post-23660","1":"product","2":"type-product","3":"status-publish","4":"has-post-thumbnail","6":"product_cat-bilprodukter","7":"pa_59250_k5osdljp-silver-rosguld","8":"pa_59250_k5osdljp-silver-svart","9":"pa_59250_k5osdljp-svart-rosguld","10":"pa_59250_k5osdljp-svart-silver","11":"pa_59250_sb3otpxf-1-st","12":"pa_59250_sb3otpxf-2-st","13":"desktop-align-left","14":"tablet-align-left","15":"mobile-align-left","17":"first","18":"instock","19":"shipping-taxable","20":"purchasable","21":"product-type-variable","22":"has-default-attributes"},"yoast_head":"<!-- This site is optimized with the Yoast SEO plugin v26.6 - https:\/\/yoast.com\/wordpress\/plugins\/seo\/ -->\n<title>Solglas\u00f6gonh\u00e5llare f\u00f6r bil - Mekulo SE<\/title>\n<meta name=\"robots\" content=\"index, follow, max-snippet:-1, max-image-preview:large, max-video-preview:-1\" \/>\n<link rel=\"canonical\" href=\"https:\/\/mekulo.com\/se\/produkt\/solglasogonhallare-for-bil\/\" \/>\n<meta property=\"og:locale\" content=\"sv_SE\" \/>\n<meta property=\"og:type\" content=\"article\" \/>\n<meta property=\"og:title\" content=\"Solglas\u00f6gonh\u00e5llare f\u00f6r bil - Mekulo SE\" \/>\n<meta property=\"og:description\" content=\"\ud83d\ude98Sluta sl\u00f6sa tid p\u00e5 att leta efter dina glas\u00f6gon n\u00e4r du k\u00f6r. Denna solglas\u00f6gonh\u00e5llare f\u00f6r bil f\u00e4sts s\u00e4kert p\u00e5 solskyddet och h\u00e5ller dina glas\u00f6gon prydligt f\u00f6rvarade. \ud83d\udd76\ufe0fA smart uppgradering f\u00f6r s\u00e4krare och mer organiserad k\u00f6rning. Den dubbla kl\u00e4mdesignen f\u00f6rhindrar att du glider eller faller. \u2728Du kan enkelt komma \u00e5t dina glas\u00f6gon med en hand. K\u00f6r bekv\u00e4mt med dina solglas\u00f6gon alltid skyddade och redo.\" \/>\n<meta property=\"og:url\" content=\"https:\/\/mekulo.com\/se\/produkt\/solglasogonhallare-for-bil\/\" \/>\n<meta property=\"og:site_name\" content=\"Mekulo SE\" \/>\n<meta property=\"article:modified_time\" content=\"2026-02-17T05:50:11+00:00\" \/>\n<meta property=\"og:image\" content=\"https:\/\/mekulo.com\/se\/wp-content\/uploads\/sites\/11\/2026\/02\/z7hjrpe-1.jpg\" \/>\n\t<meta property=\"og:image:width\" content=\"990\" \/>\n\t<meta property=\"og:image:height\" content=\"990\" \/>\n\t<meta property=\"og:image:type\" content=\"image\/jpeg\" \/>\n<meta name=\"twitter:card\" content=\"summary_large_image\" \/>\n<meta name=\"twitter:label1\" content=\"Ber\u00e4knad l\u00e4stid\" \/>\n\t<meta name=\"twitter:data1\" content=\"2 minuter\" \/>\n<script type=\"application\/ld+json\" class=\"yoast-schema-graph\">{\"@context\":\"https:\/\/schema.org\",\"@graph\":[{\"@type\":\"WebPage\",\"@id\":\"https:\/\/mekulo.com\/se\/produkt\/solglasogonhallare-for-bil\/\",\"url\":\"https:\/\/mekulo.com\/se\/produkt\/solglasogonhallare-for-bil\/\",\"name\":\"Solglas\u00f6gonh\u00e5llare f\u00f6r bil - Mekulo SE\",\"isPartOf\":{\"@id\":\"https:\/\/mekulo.com\/se\/#website\"},\"primaryImageOfPage\":{\"@id\":\"https:\/\/mekulo.com\/se\/produkt\/solglasogonhallare-for-bil\/#primaryimage\"},\"image\":{\"@id\":\"https:\/\/mekulo.com\/se\/produkt\/solglasogonhallare-for-bil\/#primaryimage\"},\"thumbnailUrl\":\"https:\/\/mekulo.com\/se\/wp-content\/uploads\/sites\/11\/2026\/02\/z7hjrpe-1.jpg\",\"datePublished\":\"2026-02-17T05:49:40+00:00\",\"dateModified\":\"2026-02-17T05:50:11+00:00\",\"breadcrumb\":{\"@id\":\"https:\/\/mekulo.com\/se\/produkt\/solglasogonhallare-for-bil\/#breadcrumb\"},\"inLanguage\":\"sv-SE\",\"potentialAction\":[{\"@type\":\"ReadAction\",\"target\":[\"https:\/\/mekulo.com\/se\/produkt\/solglasogonhallare-for-bil\/\"]}]},{\"@type\":\"ImageObject\",\"inLanguage\":\"sv-SE\",\"@id\":\"https:\/\/mekulo.com\/se\/produkt\/solglasogonhallare-for-bil\/#primaryimage\",\"url\":\"https:\/\/mekulo.com\/se\/wp-content\/uploads\/sites\/11\/2026\/02\/z7hjrpe-1.jpg\",\"contentUrl\":\"https:\/\/mekulo.com\/se\/wp-content\/uploads\/sites\/11\/2026\/02\/z7hjrpe-1.jpg\",\"width\":990,\"height\":990},{\"@type\":\"BreadcrumbList\",\"@id\":\"https:\/\/mekulo.com\/se\/produkt\/solglasogonhallare-for-bil\/#breadcrumb\",\"itemListElement\":[{\"@type\":\"ListItem\",\"position\":1,\"name\":\"Home\",\"item\":\"https:\/\/mekulo.com\/se\/\"},{\"@type\":\"ListItem\",\"position\":2,\"name\":\"Butik\",\"item\":\"https:\/\/mekulo.com\/se\/butik\/\"},{\"@type\":\"ListItem\",\"position\":3,\"name\":\"Solglas\u00f6gonh\u00e5llare f\u00f6r bil\"}]},{\"@type\":\"WebSite\",\"@id\":\"https:\/\/mekulo.com\/se\/#website\",\"url\":\"https:\/\/mekulo.com\/se\/\",\"name\":\"Mekulo SE\",\"description\":\"\",\"publisher\":{\"@id\":\"https:\/\/mekulo.com\/se\/#organization\"},\"potentialAction\":[{\"@type\":\"SearchAction\",\"target\":{\"@type\":\"EntryPoint\",\"urlTemplate\":\"https:\/\/mekulo.com\/se\/?s={search_term_string}\"},\"query-input\":{\"@type\":\"PropertyValueSpecification\",\"valueRequired\":true,\"valueName\":\"search_term_string\"}}],\"inLanguage\":\"sv-SE\"},{\"@type\":\"Organization\",\"@id\":\"https:\/\/mekulo.com\/se\/#organization\",\"name\":\"Mekulo\",\"url\":\"https:\/\/mekulo.com\/se\/\",\"logo\":{\"@type\":\"ImageObject\",\"inLanguage\":\"sv-SE\",\"@id\":\"https:\/\/mekulo.com\/se\/#\/schema\/logo\/image\/\",\"url\":\"https:\/\/mekulo.com\/se\/wp-content\/uploads\/sites\/11\/2025\/12\/favicon_mekulo.png\",\"contentUrl\":\"https:\/\/mekulo.com\/se\/wp-content\/uploads\/sites\/11\/2025\/12\/favicon_mekulo.png\",\"width\":50,\"height\":50,\"caption\":\"Mekulo\"},\"image\":{\"@id\":\"https:\/\/mekulo.com\/se\/#\/schema\/logo\/image\/\"}}]}<\/script>\n<!-- \/ Yoast SEO plugin. -->","yoast_head_json":{"title":"Solglas\u00f6gonh\u00e5llare f\u00f6r bil - Mekulo SE","robots":{"index":"index","follow":"follow","max-snippet":"max-snippet:-1","max-image-preview":"max-image-preview:large","max-video-preview":"max-video-preview:-1"},"canonical":"https:\/\/mekulo.com\/se\/produkt\/solglasogonhallare-for-bil\/","og_locale":"sv_SE","og_type":"article","og_title":"Solglas\u00f6gonh\u00e5llare f\u00f6r bil - Mekulo SE","og_description":"\ud83d\ude98Sluta sl\u00f6sa tid p\u00e5 att leta efter dina glas\u00f6gon n\u00e4r du k\u00f6r. Denna solglas\u00f6gonh\u00e5llare f\u00f6r bil f\u00e4sts s\u00e4kert p\u00e5 solskyddet och h\u00e5ller dina glas\u00f6gon prydligt f\u00f6rvarade. \ud83d\udd76\ufe0fA smart uppgradering f\u00f6r s\u00e4krare och mer organiserad k\u00f6rning. Den dubbla kl\u00e4mdesignen f\u00f6rhindrar att du glider eller faller. \u2728Du kan enkelt komma \u00e5t dina glas\u00f6gon med en hand. K\u00f6r bekv\u00e4mt med dina solglas\u00f6gon alltid skyddade och redo.","og_url":"https:\/\/mekulo.com\/se\/produkt\/solglasogonhallare-for-bil\/","og_site_name":"Mekulo SE","article_modified_time":"2026-02-17T05:50:11+00:00","og_image":[{"width":990,"height":990,"url":"https:\/\/mekulo.com\/se\/wp-content\/uploads\/sites\/11\/2026\/02\/z7hjrpe-1.jpg","type":"image\/jpeg"}],"twitter_card":"summary_large_image","twitter_misc":{"Ber\u00e4knad l\u00e4stid":"2 minuter"},"schema":{"@context":"https:\/\/schema.org","@graph":[{"@type":"WebPage","@id":"https:\/\/mekulo.com\/se\/produkt\/solglasogonhallare-for-bil\/","url":"https:\/\/mekulo.com\/se\/produkt\/solglasogonhallare-for-bil\/","name":"Solglas\u00f6gonh\u00e5llare f\u00f6r bil - Mekulo SE","isPartOf":{"@id":"https:\/\/mekulo.com\/se\/#website"},"primaryImageOfPage":{"@id":"https:\/\/mekulo.com\/se\/produkt\/solglasogonhallare-for-bil\/#primaryimage"},"image":{"@id":"https:\/\/mekulo.com\/se\/produkt\/solglasogonhallare-for-bil\/#primaryimage"},"thumbnailUrl":"https:\/\/mekulo.com\/se\/wp-content\/uploads\/sites\/11\/2026\/02\/z7hjrpe-1.jpg","datePublished":"2026-02-17T05:49:40+00:00","dateModified":"2026-02-17T05:50:11+00:00","breadcrumb":{"@id":"https:\/\/mekulo.com\/se\/produkt\/solglasogonhallare-for-bil\/#breadcrumb"},"inLanguage":"sv-SE","potentialAction":[{"@type":"ReadAction","target":["https:\/\/mekulo.com\/se\/produkt\/solglasogonhallare-for-bil\/"]}]},{"@type":"ImageObject","inLanguage":"sv-SE","@id":"https:\/\/mekulo.com\/se\/produkt\/solglasogonhallare-for-bil\/#primaryimage","url":"https:\/\/mekulo.com\/se\/wp-content\/uploads\/sites\/11\/2026\/02\/z7hjrpe-1.jpg","contentUrl":"https:\/\/mekulo.com\/se\/wp-content\/uploads\/sites\/11\/2026\/02\/z7hjrpe-1.jpg","width":990,"height":990},{"@type":"BreadcrumbList","@id":"https:\/\/mekulo.com\/se\/produkt\/solglasogonhallare-for-bil\/#breadcrumb","itemListElement":[{"@type":"ListItem","position":1,"name":"Home","item":"https:\/\/mekulo.com\/se\/"},{"@type":"ListItem","position":2,"name":"Butik","item":"https:\/\/mekulo.com\/se\/butik\/"},{"@type":"ListItem","position":3,"name":"Solglas\u00f6gonh\u00e5llare f\u00f6r bil"}]},{"@type":"WebSite","@id":"https:\/\/mekulo.com\/se\/#website","url":"https:\/\/mekulo.com\/se\/","name":"Mekulo SE","description":"","publisher":{"@id":"https:\/\/mekulo.com\/se\/#organization"},"potentialAction":[{"@type":"SearchAction","target":{"@type":"EntryPoint","urlTemplate":"https:\/\/mekulo.com\/se\/?s={search_term_string}"},"query-input":{"@type":"PropertyValueSpecification","valueRequired":true,"valueName":"search_term_string"}}],"inLanguage":"sv-SE"},{"@type":"Organization","@id":"https:\/\/mekulo.com\/se\/#organization","name":"Mekulo","url":"https:\/\/mekulo.com\/se\/","logo":{"@type":"ImageObject","inLanguage":"sv-SE","@id":"https:\/\/mekulo.com\/se\/#\/schema\/logo\/image\/","url":"https:\/\/mekulo.com\/se\/wp-content\/uploads\/sites\/11\/2025\/12\/favicon_mekulo.png","contentUrl":"https:\/\/mekulo.com\/se\/wp-content\/uploads\/sites\/11\/2025\/12\/favicon_mekulo.png","width":50,"height":50,"caption":"Mekulo"},"image":{"@id":"https:\/\/mekulo.com\/se\/#\/schema\/logo\/image\/"}}]}},"_links":{"self":[{"href":"https:\/\/mekulo.com\/se\/wp-json\/wp\/v2\/product\/23660","targetHints":{"allow":["GET"]}}],"collection":[{"href":"https:\/\/mekulo.com\/se\/wp-json\/wp\/v2\/product"}],"about":[{"href":"https:\/\/mekulo.com\/se\/wp-json\/wp\/v2\/types\/product"}],"replies":[{"embeddable":true,"href":"https:\/\/mekulo.com\/se\/wp-json\/wp\/v2\/comments?post=23660"}],"wp:featuredmedia":[{"embeddable":true,"href":"https:\/\/mekulo.com\/se\/wp-json\/wp\/v2\/media\/23656"}],"wp:attachment":[{"href":"https:\/\/mekulo.com\/se\/wp-json\/wp\/v2\/media?parent=23660"}],"wp:term":[{"taxonomy":"product_brand","embeddable":true,"href":"https:\/\/mekulo.com\/se\/wp-json\/wp\/v2\/product_brand?post=23660"},{"taxonomy":"product_cat","embeddable":true,"href":"https:\/\/mekulo.com\/se\/wp-json\/wp\/v2\/product_cat?post=23660"},{"taxonomy":"product_tag","embeddable":true,"href":"https:\/\/mekulo.com\/se\/wp-json\/wp\/v2\/product_tag?post=23660"}],"curies":[{"name":"wp","href":"https:\/\/api.w.org\/{rel}","templated":true}]}}