{"id":23567,"date":"2026-02-17T07:44:34","date_gmt":"2026-02-17T05:44:34","guid":{"rendered":"https:\/\/mekulo.com\/se\/produkt\/360-roterbar-kranforlangare\/"},"modified":"2026-02-17T07:46:15","modified_gmt":"2026-02-17T05:46:15","slug":"360-roterbar-kranforlangare","status":"publish","type":"product","link":"https:\/\/mekulo.com\/se\/produkt\/360-roterbar-kranforlangare\/","title":{"rendered":"360\u00b0 roterbar kranf\u00f6rl\u00e4ngare"},"content":{"rendered":"<p style=\"text-align: center\" data-start=\"21\" data-end=\"79\"><strong data-start=\"21\" data-end=\"79\">F\u00f6rl\u00e4ng, rotera och kontrollera ditt vattenfl\u00f6de med l\u00e4tthet. \ud83d\udca7<\/strong><\/p>\n<p data-start=\"21\" data-end=\"79\"><img fetchpriority=\"high\" decoding=\"async\" class=\" wp-image-24933 aligncenter\" src=\"https:\/\/mekulo.com\/template\/wp-content\/uploads\/sites\/6\/2026\/02\/02_2_480x480_1c2edf74-a2ed-4750-8909-004821a9a2a3_1.webp\" alt=\"\" width=\"550\" height=\"550\" \/><\/p>\n<h2 style=\"text-align: center\" data-start=\"545\" data-end=\"564\"><strong>Huvudf\u00f6rdelar \ud83d\udca6<\/strong><\/h2>\n<p data-start=\"565\" data-end=\"897\">\ud83d\udd04 360\u00b0 rotation &#8211; Flytta vattnet exakt dit du beh\u00f6ver.<\/p>\n<p data-start=\"565\" data-end=\"897\">\ud83d\udccf Extra r\u00e4ckvidd &#8211; F\u00f6rl\u00e4nger kranen med 20, 30 och 50 cm.<\/p>\n<p data-start=\"565\" data-end=\"897\">\ud83d\udca6 St\u00e4nkskyddsfilter &#8211; Mjukare, skummande vattenfl\u00f6de.<\/p>\n<p data-start=\"565\" data-end=\"897\">\ud83d\udee1\ufe0f H\u00e5llbara material &#8211; Koppargr\u00e4nssnitt + silikonkropp.<\/p>\n<p data-start=\"565\" data-end=\"897\">\ud83d\udca7 Vattenbesparande &#8211; Effektiv kontrollerad str\u00f6m.<\/p>\n<p data-start=\"565\" data-end=\"897\">\ud83e\uddf0 Verktygsfri installation &#8211; Snabb och enkel installation.<\/p>\n<p data-start=\"565\" data-end=\"897\"><img decoding=\"async\" class=\"size-full wp-image-24929 aligncenter\" src=\"https:\/\/mekulo.com\/template\/wp-content\/uploads\/sites\/6\/2026\/02\/ChatGPT_Image_2025_9_20_14_07_47.jpg\" alt=\"\" width=\"990\" height=\"1055\" \/><\/p>\n<h2 style=\"text-align: center\" data-start=\"904\" data-end=\"920\"><strong>Hur Man Anv\u00e4nder \ud83d\udccc<\/strong><\/h2>\n<ol data-start=\"921\" data-end=\"1104\">\n<li data-start=\"921\" data-end=\"972\">\n<p data-start=\"924\" data-end=\"972\">Ta bort ditt nuvarande kranmunstycke (om det beh\u00f6vs).<\/p>\n<\/li>\n<li data-start=\"973\" data-end=\"1024\">\n<p data-start=\"976\" data-end=\"1024\">F\u00e4st f\u00f6rl\u00e4ngaren med G2 cm-gr\u00e4nssnittet.<\/p>\n<\/li>\n<li data-start=\"1025\" data-end=\"1065\">\n<p data-start=\"1028\" data-end=\"1065\">Dra \u00e5t f\u00f6r hand. Inga verktyg kr\u00e4vs.<\/p>\n<\/li>\n<li data-start=\"1066\" data-end=\"1104\">\n<p data-start=\"1069\" data-end=\"1104\">rotera och b\u00f6j till \u00f6nskad vinkel.<\/p>\n<\/li>\n<\/ol>\n<h2 style=\"text-align: center\" data-start=\"1111\" data-end=\"1132\"><strong>Produktinformation \ud83d\udccf<\/strong><\/h2>\n<ul data-start=\"1133\" data-end=\"1361\">\n<li data-start=\"1133\" data-end=\"1166\">\n<p data-start=\"1135\" data-end=\"1166\">Gr\u00e4nssnittets storlek: G2 cm<\/p>\n<\/li>\n<li data-start=\"1167\" data-end=\"1222\">\n<p data-start=\"1169\" data-end=\"1222\">Material: Koppar + rostfritt st\u00e5l + mjuk silikon<\/p>\n<\/li>\n<li data-start=\"1256\" data-end=\"1309\">\n<p data-start=\"1258\" data-end=\"1309\">Funktioner: Roterbart, b\u00f6jbart, st\u00e4nkskyddande filter<\/p>\n<\/li>\n<li data-start=\"1310\" data-end=\"1361\">\n<p data-start=\"1312\" data-end=\"1361\">Anv\u00e4ndningsomr\u00e5de: Badrum, k\u00f6k, balkong, toalett<\/p>\n<\/li>\n<li data-start=\"1310\" data-end=\"1361\">L\u00e4ngd: 20 cm, 30 cm, 50 cm<\/li>\n<\/ul>\n<h2 style=\"text-align: center\" data-start=\"1368\" data-end=\"1390\"><strong>Paketet Inneh\u00e5ller \ud83d\udce6<\/strong><\/h2>\n<ul data-start=\"1391\" data-end=\"1429\">\n<li data-start=\"1391\" data-end=\"1429\">\n<p data-start=\"1393\" data-end=\"1429\">1, 2, 3x 360\u00b0 roterbar kranf\u00f6rl\u00e4ngare\/s.<\/p>\n<\/li>\n<\/ul>\n","protected":false},"excerpt":{"rendered":"<p><span style=\"font-size: 16px;font-style: normal;font-weight: 400\">\ud83d\udca6<\/span>Den h\u00e4r kranf\u00f6rl\u00e4ngaren ger dig mer flexibilitet och r\u00e4ckvidd vid diskb\u00e4nken. Den 360\u00b0 roterande och b\u00f6jbara designen g\u00f6r diskning, sk\u00f6ljning och reng\u00f6ring snabbare och bekv\u00e4mare.<br \/>\n\ud83d\udec1Den hj\u00e4lper dig att enkelt reng\u00f6ra stora tallrikar, stekpannor och sv\u00e5r\u00e5tkomliga omr\u00e5den i diskhon. Den f\u00f6rl\u00e4ngda l\u00e4ngden f\u00f6rb\u00e4ttrar komforten f\u00f6r dagliga diskuppgifter.<br \/>\n\ud83d\udee1\ufe0fUpgrade din kran. Uppgradera din komfort.<\/p>\n","protected":false},"featured_media":23563,"comment_status":"open","ping_status":"closed","template":"","meta":{"site-sidebar-layout":"default","site-content-layout":"","ast-site-content-layout":"default","site-content-style":"default","site-sidebar-style":"default","ast-global-header-display":"","ast-banner-title-visibility":"","ast-main-header-display":"","ast-hfb-above-header-display":"","ast-hfb-below-header-display":"","ast-hfb-mobile-header-display":"","site-post-title":"","ast-breadcrumbs-content":"","ast-featured-img":"","footer-sml-layout":"","theme-transparent-header-meta":"default","adv-header-id-meta":"","stick-header-meta":"","header-above-stick-meta":"","header-main-stick-meta":"","header-below-stick-meta":"","astra-migrate-meta-layouts":"set","ast-page-background-enabled":"default","ast-page-background-meta":{"desktop":{"background-color":"var(--ast-global-color-5)","background-image":"","background-repeat":"repeat","background-position":"center center","background-size":"auto","background-attachment":"scroll","background-type":"","background-media":"","overlay-type":"","overlay-color":"","overlay-opacity":"","overlay-gradient":""},"tablet":{"background-color":"","background-image":"","background-repeat":"repeat","background-position":"center center","background-size":"auto","background-attachment":"scroll","background-type":"","background-media":"","overlay-type":"","overlay-color":"","overlay-opacity":"","overlay-gradient":""},"mobile":{"background-color":"","background-image":"","background-repeat":"repeat","background-position":"center center","background-size":"auto","background-attachment":"scroll","background-type":"","background-media":"","overlay-type":"","overlay-color":"","overlay-opacity":"","overlay-gradient":""}},"ast-content-background-meta":{"desktop":{"background-color":"var(--ast-global-color-4)","background-image":"","background-repeat":"repeat","background-position":"center center","background-size":"auto","background-attachment":"scroll","background-type":"","background-media":"","overlay-type":"","overlay-color":"","overlay-opacity":"","overlay-gradient":""},"tablet":{"background-color":"var(--ast-global-color-4)","background-image":"","background-repeat":"repeat","background-position":"center center","background-size":"auto","background-attachment":"scroll","background-type":"","background-media":"","overlay-type":"","overlay-color":"","overlay-opacity":"","overlay-gradient":""},"mobile":{"background-color":"var(--ast-global-color-4)","background-image":"","background-repeat":"repeat","background-position":"center center","background-size":"auto","background-attachment":"scroll","background-type":"","background-media":"","overlay-type":"","overlay-color":"","overlay-opacity":"","overlay-gradient":""}}},"product_brand":[],"product_cat":[168],"product_tag":[],"class_list":{"0":"post-23567","1":"product","2":"type-product","3":"status-publish","4":"has-post-thumbnail","6":"product_cat-hushallsartiklar","7":"pa_59188_fuftqc3u-20-cm","8":"pa_59188_fuftqc3u-30-cm","9":"pa_59188_fuftqc3u-50-cm","10":"pa_59188_inaqjr1d-orange","11":"pa_59188_inaqjr1d-svart","12":"pa_59188_inaqjr1d-vit","13":"pa_59188_noz4ddou-1-st","14":"pa_59188_noz4ddou-2-st","15":"pa_59188_noz4ddou-3-st","16":"desktop-align-left","17":"tablet-align-left","18":"mobile-align-left","20":"first","21":"instock","22":"shipping-taxable","23":"purchasable","24":"product-type-variable","25":"has-default-attributes"},"yoast_head":"<!-- This site is optimized with the Yoast SEO plugin v26.6 - https:\/\/yoast.com\/wordpress\/plugins\/seo\/ -->\n<title>360\u00b0 roterbar kranf\u00f6rl\u00e4ngare - Mekulo SE<\/title>\n<meta name=\"robots\" content=\"index, follow, max-snippet:-1, max-image-preview:large, max-video-preview:-1\" \/>\n<link rel=\"canonical\" href=\"https:\/\/mekulo.com\/se\/produkt\/360-roterbar-kranforlangare\/\" \/>\n<meta property=\"og:locale\" content=\"sv_SE\" \/>\n<meta property=\"og:type\" content=\"article\" \/>\n<meta property=\"og:title\" content=\"360\u00b0 roterbar kranf\u00f6rl\u00e4ngare - Mekulo SE\" \/>\n<meta property=\"og:description\" content=\"\ud83d\udca6Den h\u00e4r kranf\u00f6rl\u00e4ngaren ger dig mer flexibilitet och r\u00e4ckvidd vid diskb\u00e4nken. Den 360\u00b0 roterande och b\u00f6jbara designen g\u00f6r diskning, sk\u00f6ljning och reng\u00f6ring snabbare och bekv\u00e4mare. \ud83d\udec1Den hj\u00e4lper dig att enkelt reng\u00f6ra stora tallrikar, stekpannor och sv\u00e5r\u00e5tkomliga omr\u00e5den i diskhon. Den f\u00f6rl\u00e4ngda l\u00e4ngden f\u00f6rb\u00e4ttrar komforten f\u00f6r dagliga diskuppgifter. \ud83d\udee1\ufe0fUpgrade din kran. Uppgradera din komfort.\" \/>\n<meta property=\"og:url\" content=\"https:\/\/mekulo.com\/se\/produkt\/360-roterbar-kranforlangare\/\" \/>\n<meta property=\"og:site_name\" content=\"Mekulo SE\" \/>\n<meta property=\"article:modified_time\" content=\"2026-02-17T05:46:15+00:00\" \/>\n<meta property=\"og:image\" content=\"https:\/\/mekulo.com\/se\/wp-content\/uploads\/sites\/11\/2026\/02\/0fqdun4-1.jpg\" \/>\n\t<meta property=\"og:image:width\" content=\"990\" \/>\n\t<meta property=\"og:image:height\" content=\"990\" \/>\n\t<meta property=\"og:image:type\" content=\"image\/jpeg\" \/>\n<meta name=\"twitter:card\" content=\"summary_large_image\" \/>\n<meta name=\"twitter:label1\" content=\"Ber\u00e4knad l\u00e4stid\" \/>\n\t<meta name=\"twitter:data1\" content=\"2 minuter\" \/>\n<script type=\"application\/ld+json\" class=\"yoast-schema-graph\">{\"@context\":\"https:\/\/schema.org\",\"@graph\":[{\"@type\":\"WebPage\",\"@id\":\"https:\/\/mekulo.com\/se\/produkt\/360-roterbar-kranforlangare\/\",\"url\":\"https:\/\/mekulo.com\/se\/produkt\/360-roterbar-kranforlangare\/\",\"name\":\"360\u00b0 roterbar kranf\u00f6rl\u00e4ngare - Mekulo SE\",\"isPartOf\":{\"@id\":\"https:\/\/mekulo.com\/se\/#website\"},\"primaryImageOfPage\":{\"@id\":\"https:\/\/mekulo.com\/se\/produkt\/360-roterbar-kranforlangare\/#primaryimage\"},\"image\":{\"@id\":\"https:\/\/mekulo.com\/se\/produkt\/360-roterbar-kranforlangare\/#primaryimage\"},\"thumbnailUrl\":\"https:\/\/mekulo.com\/se\/wp-content\/uploads\/sites\/11\/2026\/02\/0fqdun4-1.jpg\",\"datePublished\":\"2026-02-17T05:44:34+00:00\",\"dateModified\":\"2026-02-17T05:46:15+00:00\",\"breadcrumb\":{\"@id\":\"https:\/\/mekulo.com\/se\/produkt\/360-roterbar-kranforlangare\/#breadcrumb\"},\"inLanguage\":\"sv-SE\",\"potentialAction\":[{\"@type\":\"ReadAction\",\"target\":[\"https:\/\/mekulo.com\/se\/produkt\/360-roterbar-kranforlangare\/\"]}]},{\"@type\":\"ImageObject\",\"inLanguage\":\"sv-SE\",\"@id\":\"https:\/\/mekulo.com\/se\/produkt\/360-roterbar-kranforlangare\/#primaryimage\",\"url\":\"https:\/\/mekulo.com\/se\/wp-content\/uploads\/sites\/11\/2026\/02\/0fqdun4-1.jpg\",\"contentUrl\":\"https:\/\/mekulo.com\/se\/wp-content\/uploads\/sites\/11\/2026\/02\/0fqdun4-1.jpg\",\"width\":990,\"height\":990},{\"@type\":\"BreadcrumbList\",\"@id\":\"https:\/\/mekulo.com\/se\/produkt\/360-roterbar-kranforlangare\/#breadcrumb\",\"itemListElement\":[{\"@type\":\"ListItem\",\"position\":1,\"name\":\"Home\",\"item\":\"https:\/\/mekulo.com\/se\/\"},{\"@type\":\"ListItem\",\"position\":2,\"name\":\"Butik\",\"item\":\"https:\/\/mekulo.com\/se\/butik\/\"},{\"@type\":\"ListItem\",\"position\":3,\"name\":\"360\u00b0 roterbar kranf\u00f6rl\u00e4ngare\"}]},{\"@type\":\"WebSite\",\"@id\":\"https:\/\/mekulo.com\/se\/#website\",\"url\":\"https:\/\/mekulo.com\/se\/\",\"name\":\"Mekulo SE\",\"description\":\"\",\"publisher\":{\"@id\":\"https:\/\/mekulo.com\/se\/#organization\"},\"potentialAction\":[{\"@type\":\"SearchAction\",\"target\":{\"@type\":\"EntryPoint\",\"urlTemplate\":\"https:\/\/mekulo.com\/se\/?s={search_term_string}\"},\"query-input\":{\"@type\":\"PropertyValueSpecification\",\"valueRequired\":true,\"valueName\":\"search_term_string\"}}],\"inLanguage\":\"sv-SE\"},{\"@type\":\"Organization\",\"@id\":\"https:\/\/mekulo.com\/se\/#organization\",\"name\":\"Mekulo\",\"url\":\"https:\/\/mekulo.com\/se\/\",\"logo\":{\"@type\":\"ImageObject\",\"inLanguage\":\"sv-SE\",\"@id\":\"https:\/\/mekulo.com\/se\/#\/schema\/logo\/image\/\",\"url\":\"https:\/\/mekulo.com\/se\/wp-content\/uploads\/sites\/11\/2025\/12\/favicon_mekulo.png\",\"contentUrl\":\"https:\/\/mekulo.com\/se\/wp-content\/uploads\/sites\/11\/2025\/12\/favicon_mekulo.png\",\"width\":50,\"height\":50,\"caption\":\"Mekulo\"},\"image\":{\"@id\":\"https:\/\/mekulo.com\/se\/#\/schema\/logo\/image\/\"}}]}<\/script>\n<!-- \/ Yoast SEO plugin. -->","yoast_head_json":{"title":"360\u00b0 roterbar kranf\u00f6rl\u00e4ngare - Mekulo SE","robots":{"index":"index","follow":"follow","max-snippet":"max-snippet:-1","max-image-preview":"max-image-preview:large","max-video-preview":"max-video-preview:-1"},"canonical":"https:\/\/mekulo.com\/se\/produkt\/360-roterbar-kranforlangare\/","og_locale":"sv_SE","og_type":"article","og_title":"360\u00b0 roterbar kranf\u00f6rl\u00e4ngare - Mekulo SE","og_description":"\ud83d\udca6Den h\u00e4r kranf\u00f6rl\u00e4ngaren ger dig mer flexibilitet och r\u00e4ckvidd vid diskb\u00e4nken. Den 360\u00b0 roterande och b\u00f6jbara designen g\u00f6r diskning, sk\u00f6ljning och reng\u00f6ring snabbare och bekv\u00e4mare. \ud83d\udec1Den hj\u00e4lper dig att enkelt reng\u00f6ra stora tallrikar, stekpannor och sv\u00e5r\u00e5tkomliga omr\u00e5den i diskhon. Den f\u00f6rl\u00e4ngda l\u00e4ngden f\u00f6rb\u00e4ttrar komforten f\u00f6r dagliga diskuppgifter. \ud83d\udee1\ufe0fUpgrade din kran. Uppgradera din komfort.","og_url":"https:\/\/mekulo.com\/se\/produkt\/360-roterbar-kranforlangare\/","og_site_name":"Mekulo SE","article_modified_time":"2026-02-17T05:46:15+00:00","og_image":[{"width":990,"height":990,"url":"https:\/\/mekulo.com\/se\/wp-content\/uploads\/sites\/11\/2026\/02\/0fqdun4-1.jpg","type":"image\/jpeg"}],"twitter_card":"summary_large_image","twitter_misc":{"Ber\u00e4knad l\u00e4stid":"2 minuter"},"schema":{"@context":"https:\/\/schema.org","@graph":[{"@type":"WebPage","@id":"https:\/\/mekulo.com\/se\/produkt\/360-roterbar-kranforlangare\/","url":"https:\/\/mekulo.com\/se\/produkt\/360-roterbar-kranforlangare\/","name":"360\u00b0 roterbar kranf\u00f6rl\u00e4ngare - Mekulo SE","isPartOf":{"@id":"https:\/\/mekulo.com\/se\/#website"},"primaryImageOfPage":{"@id":"https:\/\/mekulo.com\/se\/produkt\/360-roterbar-kranforlangare\/#primaryimage"},"image":{"@id":"https:\/\/mekulo.com\/se\/produkt\/360-roterbar-kranforlangare\/#primaryimage"},"thumbnailUrl":"https:\/\/mekulo.com\/se\/wp-content\/uploads\/sites\/11\/2026\/02\/0fqdun4-1.jpg","datePublished":"2026-02-17T05:44:34+00:00","dateModified":"2026-02-17T05:46:15+00:00","breadcrumb":{"@id":"https:\/\/mekulo.com\/se\/produkt\/360-roterbar-kranforlangare\/#breadcrumb"},"inLanguage":"sv-SE","potentialAction":[{"@type":"ReadAction","target":["https:\/\/mekulo.com\/se\/produkt\/360-roterbar-kranforlangare\/"]}]},{"@type":"ImageObject","inLanguage":"sv-SE","@id":"https:\/\/mekulo.com\/se\/produkt\/360-roterbar-kranforlangare\/#primaryimage","url":"https:\/\/mekulo.com\/se\/wp-content\/uploads\/sites\/11\/2026\/02\/0fqdun4-1.jpg","contentUrl":"https:\/\/mekulo.com\/se\/wp-content\/uploads\/sites\/11\/2026\/02\/0fqdun4-1.jpg","width":990,"height":990},{"@type":"BreadcrumbList","@id":"https:\/\/mekulo.com\/se\/produkt\/360-roterbar-kranforlangare\/#breadcrumb","itemListElement":[{"@type":"ListItem","position":1,"name":"Home","item":"https:\/\/mekulo.com\/se\/"},{"@type":"ListItem","position":2,"name":"Butik","item":"https:\/\/mekulo.com\/se\/butik\/"},{"@type":"ListItem","position":3,"name":"360\u00b0 roterbar kranf\u00f6rl\u00e4ngare"}]},{"@type":"WebSite","@id":"https:\/\/mekulo.com\/se\/#website","url":"https:\/\/mekulo.com\/se\/","name":"Mekulo SE","description":"","publisher":{"@id":"https:\/\/mekulo.com\/se\/#organization"},"potentialAction":[{"@type":"SearchAction","target":{"@type":"EntryPoint","urlTemplate":"https:\/\/mekulo.com\/se\/?s={search_term_string}"},"query-input":{"@type":"PropertyValueSpecification","valueRequired":true,"valueName":"search_term_string"}}],"inLanguage":"sv-SE"},{"@type":"Organization","@id":"https:\/\/mekulo.com\/se\/#organization","name":"Mekulo","url":"https:\/\/mekulo.com\/se\/","logo":{"@type":"ImageObject","inLanguage":"sv-SE","@id":"https:\/\/mekulo.com\/se\/#\/schema\/logo\/image\/","url":"https:\/\/mekulo.com\/se\/wp-content\/uploads\/sites\/11\/2025\/12\/favicon_mekulo.png","contentUrl":"https:\/\/mekulo.com\/se\/wp-content\/uploads\/sites\/11\/2025\/12\/favicon_mekulo.png","width":50,"height":50,"caption":"Mekulo"},"image":{"@id":"https:\/\/mekulo.com\/se\/#\/schema\/logo\/image\/"}}]}},"_links":{"self":[{"href":"https:\/\/mekulo.com\/se\/wp-json\/wp\/v2\/product\/23567","targetHints":{"allow":["GET"]}}],"collection":[{"href":"https:\/\/mekulo.com\/se\/wp-json\/wp\/v2\/product"}],"about":[{"href":"https:\/\/mekulo.com\/se\/wp-json\/wp\/v2\/types\/product"}],"replies":[{"embeddable":true,"href":"https:\/\/mekulo.com\/se\/wp-json\/wp\/v2\/comments?post=23567"}],"wp:featuredmedia":[{"embeddable":true,"href":"https:\/\/mekulo.com\/se\/wp-json\/wp\/v2\/media\/23563"}],"wp:attachment":[{"href":"https:\/\/mekulo.com\/se\/wp-json\/wp\/v2\/media?parent=23567"}],"wp:term":[{"taxonomy":"product_brand","embeddable":true,"href":"https:\/\/mekulo.com\/se\/wp-json\/wp\/v2\/product_brand?post=23567"},{"taxonomy":"product_cat","embeddable":true,"href":"https:\/\/mekulo.com\/se\/wp-json\/wp\/v2\/product_cat?post=23567"},{"taxonomy":"product_tag","embeddable":true,"href":"https:\/\/mekulo.com\/se\/wp-json\/wp\/v2\/product_tag?post=23567"}],"curies":[{"name":"wp","href":"https:\/\/api.w.org\/{rel}","templated":true}]}}