{"id":23406,"date":"2026-02-12T20:11:40","date_gmt":"2026-02-12T18:11:40","guid":{"rendered":"https:\/\/mekulo.com\/se\/produkt\/ultramjuk-rengoringsmatta-for-husdjur\/"},"modified":"2026-03-02T12:27:14","modified_gmt":"2026-03-02T10:27:14","slug":"ultramjuk-rengoringsmatta-for-husdjur","status":"publish","type":"product","link":"https:\/\/mekulo.com\/se\/produkt\/ultramjuk-rengoringsmatta-for-husdjur\/","title":{"rendered":"Ultramjuk reng\u00f6ringsmatta f\u00f6r husdjur"},"content":{"rendered":"<p style=\"text-align: center\" data-start=\"36\" data-end=\"87\"><strong data-start=\"36\" data-end=\"87\">H\u00e5ll Dina Golv Rena Och Torra Med Varje Steg. \ud83e\uddfc<\/strong><\/p>\n<p data-start=\"36\" data-end=\"87\"><img fetchpriority=\"high\" decoding=\"async\" class=\" wp-image-24902 aligncenter\" src=\"https:\/\/mekulo.com\/template\/wp-content\/uploads\/sites\/6\/2026\/02\/12216-ezgif.com-video-to-webp-converter.webp\" alt=\"\" width=\"551\" height=\"551\" \/><\/p>\n<h2 style=\"text-align: center\" data-start=\"597\" data-end=\"616\"><strong data-start=\"597\" data-end=\"616\">Huvudf\u00f6rdelar \ud83d\udc15<\/strong><\/h2>\n<p data-start=\"617\" data-end=\"915\">\ud83d\udc3e Absorberar fukt &#8211; Hj\u00e4lper till att torka v\u00e5ta tassar snabbt.<\/p>\n<p data-start=\"617\" data-end=\"915\">\ud83e\uddfc F\u00e5ngar smuts &amp; lera &#8211; H\u00e5ller golven renare.<\/p>\n<p data-start=\"617\" data-end=\"915\">\ud83d\uded1 Halkfri bas &#8211; Stannar ordentligt p\u00e5 plats.<\/p>\n<p data-start=\"617\" data-end=\"915\">\ud83d\udeaa L\u00e5gprofilsdesign &#8211; D\u00f6rrar fastnar inte.<\/p>\n<p data-start=\"617\" data-end=\"915\">\ud83e\uddfa Maskintv\u00e4ttbar &#8211; L\u00e4tt att reng\u00f6ra.<\/p>\n<p data-start=\"617\" data-end=\"915\">\ud83c\udfe0 M\u00e5ngsidig anv\u00e4ndning &#8211; Ing\u00e5ng, l\u00e5da, bil, sk\u00e5lar.<\/p>\n<p data-start=\"617\" data-end=\"915\"><img decoding=\"async\" class=\"size-full wp-image-24900 aligncenter\" src=\"https:\/\/mekulo.com\/template\/wp-content\/uploads\/sites\/6\/2026\/02\/08abf2ca-812f-4cb3-8f75-741f2b95ec2c.webp\" alt=\"\" width=\"1000\" height=\"1000\" \/><\/p>\n<h2 style=\"text-align: center\" data-start=\"922\" data-end=\"938\"><strong data-start=\"922\" data-end=\"938\">Hur Man Anv\u00e4nder \ud83d\udccc<\/strong><\/h2>\n<ol data-start=\"939\" data-end=\"1107\">\n<li data-start=\"939\" data-end=\"980\">\n<p data-start=\"942\" data-end=\"980\">Placera mattan p\u00e5 ett rent, torrt golv.<\/p>\n<\/li>\n<li data-start=\"981\" data-end=\"1019\">\n<p data-start=\"984\" data-end=\"1019\">Placera n\u00e4ra d\u00f6rrar eller husdjursomr\u00e5den.<\/p>\n<\/li>\n<li data-start=\"1020\" data-end=\"1066\">\n<p data-start=\"1023\" data-end=\"1066\">L\u00e5t husdjur kliva p\u00e5 den efter promenader eller bad.<\/p>\n<\/li>\n<li data-start=\"1067\" data-end=\"1107\">\n<p data-start=\"1070\" data-end=\"1107\">Skaka av smuts eller tv\u00e4tta vid behov.<\/p>\n<\/li>\n<\/ol>\n<h2 style=\"text-align: center\" data-start=\"1114\" data-end=\"1135\"><strong data-start=\"1114\" data-end=\"1135\">Produktdetaljer \ud83d\udccf<\/strong><\/h2>\n<ul data-start=\"1136\" data-end=\"1330\">\n<li data-start=\"1136\" data-end=\"1180\">\n<p data-start=\"1138\" data-end=\"1180\">Material: Mjuk chenille + gummibaksida<\/p>\n<\/li>\n<li data-start=\"1181\" data-end=\"1224\">\n<p data-start=\"1183\" data-end=\"1224\">Tjocklek: Cirka 3 cm (l\u00e5g profil)<\/p>\n<\/li>\n<li data-start=\"1225\" data-end=\"1260\">\n<p data-start=\"1227\" data-end=\"1260\">Bas: Texturerat halkskyddande gummi<\/p>\n<\/li>\n<li data-start=\"1261\" data-end=\"1298\">\n<p data-start=\"1263\" data-end=\"1298\">Sk\u00f6tsel: Skakas ren eller maskintv\u00e4tt<\/p>\n<\/li>\n<li data-start=\"1299\" data-end=\"1330\">\n<p data-start=\"1301\" data-end=\"1330\">Torkning: Snabbtorkande tyg<\/p>\n<\/li>\n<li data-start=\"1299\" data-end=\"1330\">\n<p data-start=\"1301\" data-end=\"1330\">Storlek: 30 x 50 cm, 40 x 60 cm, 45 x 70 cm, 50 x 80 cm, 60 x 90 cm<\/p>\n<\/li>\n<li data-start=\"1299\" data-end=\"1330\">F\u00e4rg: Gr\u00e5<\/li>\n<\/ul>\n<h2 style=\"text-align: center\" data-start=\"1337\" data-end=\"1359\"><strong data-start=\"1337\" data-end=\"1359\">Paketet Inneh\u00e5ller \ud83d\udce6<\/strong><\/h2>\n<ul data-start=\"1360\" data-end=\"1398\">\n<li data-start=\"1360\" data-end=\"1398\">\n<p data-start=\"1362\" data-end=\"1398\">1x ultramjuk reng\u00f6ringsmatta f\u00f6r husdjur.<\/p>\n<\/li>\n<\/ul>\n","protected":false},"excerpt":{"rendered":"<p>\ud83d\udc36Den h\u00e4r ultramjuka reng\u00f6ringsmattan f\u00f6r husdjur \u00e4r utformad f\u00f6r att f\u00e5nga upp smuts, lera och fukt fr\u00e5n tassar och skor.<br \/>\n\ud83c\udfe0Perfekt f\u00f6r entr\u00e9er, husdjursutrymmen och daglig anv\u00e4ndning, den hj\u00e4lper till att skydda ditt hem samtidigt som dina husdjur har det bekv\u00e4mt.<br \/>\n\ud83d\udc15Den mjuka chenilleytan absorberar f\u00f6rsiktigt vatten och f\u00e5ngar upp smuts fr\u00e5n leriga tassar och v\u00e5ta skor. Komfort f\u00f6r ditt husdjur. Skydd f\u00f6r dina golv.<\/p>\n","protected":false},"featured_media":23402,"comment_status":"open","ping_status":"closed","template":"","meta":{"site-sidebar-layout":"default","site-content-layout":"","ast-site-content-layout":"default","site-content-style":"default","site-sidebar-style":"default","ast-global-header-display":"","ast-banner-title-visibility":"","ast-main-header-display":"","ast-hfb-above-header-display":"","ast-hfb-below-header-display":"","ast-hfb-mobile-header-display":"","site-post-title":"","ast-breadcrumbs-content":"","ast-featured-img":"","footer-sml-layout":"","theme-transparent-header-meta":"default","adv-header-id-meta":"","stick-header-meta":"","header-above-stick-meta":"","header-main-stick-meta":"","header-below-stick-meta":"","astra-migrate-meta-layouts":"set","ast-page-background-enabled":"default","ast-page-background-meta":{"desktop":{"background-color":"var(--ast-global-color-5)","background-image":"","background-repeat":"repeat","background-position":"center center","background-size":"auto","background-attachment":"scroll","background-type":"","background-media":"","overlay-type":"","overlay-color":"","overlay-opacity":"","overlay-gradient":""},"tablet":{"background-color":"","background-image":"","background-repeat":"repeat","background-position":"center center","background-size":"auto","background-attachment":"scroll","background-type":"","background-media":"","overlay-type":"","overlay-color":"","overlay-opacity":"","overlay-gradient":""},"mobile":{"background-color":"","background-image":"","background-repeat":"repeat","background-position":"center center","background-size":"auto","background-attachment":"scroll","background-type":"","background-media":"","overlay-type":"","overlay-color":"","overlay-opacity":"","overlay-gradient":""}},"ast-content-background-meta":{"desktop":{"background-color":"var(--ast-global-color-4)","background-image":"","background-repeat":"repeat","background-position":"center center","background-size":"auto","background-attachment":"scroll","background-type":"","background-media":"","overlay-type":"","overlay-color":"","overlay-opacity":"","overlay-gradient":""},"tablet":{"background-color":"var(--ast-global-color-4)","background-image":"","background-repeat":"repeat","background-position":"center center","background-size":"auto","background-attachment":"scroll","background-type":"","background-media":"","overlay-type":"","overlay-color":"","overlay-opacity":"","overlay-gradient":""},"mobile":{"background-color":"var(--ast-global-color-4)","background-image":"","background-repeat":"repeat","background-position":"center center","background-size":"auto","background-attachment":"scroll","background-type":"","background-media":"","overlay-type":"","overlay-color":"","overlay-opacity":"","overlay-gradient":""}}},"product_brand":[],"product_cat":[169,168],"product_tag":[],"class_list":{"0":"post-23406","1":"product","2":"type-product","3":"status-publish","4":"has-post-thumbnail","6":"product_cat-husdjursprodukter","7":"product_cat-hushallsartiklar","8":"pa_59121_f3sfsd95-30-x-50-cm","9":"pa_59121_f3sfsd95-40-x-60-cm","10":"pa_59121_f3sfsd95-45-x-70-cm","11":"pa_59121_f3sfsd95-50-x-80-cm","12":"pa_59121_f3sfsd95-60-x-90-cm","13":"desktop-align-left","14":"tablet-align-left","15":"mobile-align-left","17":"first","18":"instock","19":"shipping-taxable","20":"purchasable","21":"product-type-variable"},"yoast_head":"<!-- This site is optimized with the Yoast SEO plugin v26.6 - https:\/\/yoast.com\/wordpress\/plugins\/seo\/ -->\n<title>Ultramjuk reng\u00f6ringsmatta f\u00f6r husdjur - Mekulo SE<\/title>\n<meta name=\"robots\" content=\"index, follow, max-snippet:-1, max-image-preview:large, max-video-preview:-1\" \/>\n<link rel=\"canonical\" href=\"https:\/\/mekulo.com\/se\/produkt\/ultramjuk-rengoringsmatta-for-husdjur\/\" \/>\n<meta property=\"og:locale\" content=\"sv_SE\" \/>\n<meta property=\"og:type\" content=\"article\" \/>\n<meta property=\"og:title\" content=\"Ultramjuk reng\u00f6ringsmatta f\u00f6r husdjur - Mekulo SE\" \/>\n<meta property=\"og:description\" content=\"\ud83d\udc36Den h\u00e4r ultramjuka reng\u00f6ringsmattan f\u00f6r husdjur \u00e4r utformad f\u00f6r att f\u00e5nga upp smuts, lera och fukt fr\u00e5n tassar och skor. \ud83c\udfe0Perfekt f\u00f6r entr\u00e9er, husdjursutrymmen och daglig anv\u00e4ndning, den hj\u00e4lper till att skydda ditt hem samtidigt som dina husdjur har det bekv\u00e4mt. \ud83d\udc15Den mjuka chenilleytan absorberar f\u00f6rsiktigt vatten och f\u00e5ngar upp smuts fr\u00e5n leriga tassar och v\u00e5ta skor. Komfort f\u00f6r ditt husdjur. Skydd f\u00f6r dina golv.\" \/>\n<meta property=\"og:url\" content=\"https:\/\/mekulo.com\/se\/produkt\/ultramjuk-rengoringsmatta-for-husdjur\/\" \/>\n<meta property=\"og:site_name\" content=\"Mekulo SE\" \/>\n<meta property=\"article:modified_time\" content=\"2026-03-02T10:27:14+00:00\" \/>\n<meta property=\"og:image\" content=\"https:\/\/mekulo.com\/se\/wp-content\/uploads\/sites\/11\/2026\/02\/wy9q6uu-1.jpg\" \/>\n\t<meta property=\"og:image:width\" content=\"800\" \/>\n\t<meta property=\"og:image:height\" content=\"800\" \/>\n\t<meta property=\"og:image:type\" content=\"image\/jpeg\" \/>\n<meta name=\"twitter:card\" content=\"summary_large_image\" \/>\n<meta name=\"twitter:label1\" content=\"Ber\u00e4knad l\u00e4stid\" \/>\n\t<meta name=\"twitter:data1\" content=\"2 minuter\" \/>\n<script type=\"application\/ld+json\" class=\"yoast-schema-graph\">{\"@context\":\"https:\/\/schema.org\",\"@graph\":[{\"@type\":\"WebPage\",\"@id\":\"https:\/\/mekulo.com\/se\/produkt\/ultramjuk-rengoringsmatta-for-husdjur\/\",\"url\":\"https:\/\/mekulo.com\/se\/produkt\/ultramjuk-rengoringsmatta-for-husdjur\/\",\"name\":\"Ultramjuk reng\u00f6ringsmatta f\u00f6r husdjur - Mekulo SE\",\"isPartOf\":{\"@id\":\"https:\/\/mekulo.com\/se\/#website\"},\"primaryImageOfPage\":{\"@id\":\"https:\/\/mekulo.com\/se\/produkt\/ultramjuk-rengoringsmatta-for-husdjur\/#primaryimage\"},\"image\":{\"@id\":\"https:\/\/mekulo.com\/se\/produkt\/ultramjuk-rengoringsmatta-for-husdjur\/#primaryimage\"},\"thumbnailUrl\":\"https:\/\/mekulo.com\/se\/wp-content\/uploads\/sites\/11\/2026\/02\/wy9q6uu-1.jpg\",\"datePublished\":\"2026-02-12T18:11:40+00:00\",\"dateModified\":\"2026-03-02T10:27:14+00:00\",\"breadcrumb\":{\"@id\":\"https:\/\/mekulo.com\/se\/produkt\/ultramjuk-rengoringsmatta-for-husdjur\/#breadcrumb\"},\"inLanguage\":\"sv-SE\",\"potentialAction\":[{\"@type\":\"ReadAction\",\"target\":[\"https:\/\/mekulo.com\/se\/produkt\/ultramjuk-rengoringsmatta-for-husdjur\/\"]}]},{\"@type\":\"ImageObject\",\"inLanguage\":\"sv-SE\",\"@id\":\"https:\/\/mekulo.com\/se\/produkt\/ultramjuk-rengoringsmatta-for-husdjur\/#primaryimage\",\"url\":\"https:\/\/mekulo.com\/se\/wp-content\/uploads\/sites\/11\/2026\/02\/wy9q6uu-1.jpg\",\"contentUrl\":\"https:\/\/mekulo.com\/se\/wp-content\/uploads\/sites\/11\/2026\/02\/wy9q6uu-1.jpg\",\"width\":800,\"height\":800},{\"@type\":\"BreadcrumbList\",\"@id\":\"https:\/\/mekulo.com\/se\/produkt\/ultramjuk-rengoringsmatta-for-husdjur\/#breadcrumb\",\"itemListElement\":[{\"@type\":\"ListItem\",\"position\":1,\"name\":\"Home\",\"item\":\"https:\/\/mekulo.com\/se\/\"},{\"@type\":\"ListItem\",\"position\":2,\"name\":\"Butik\",\"item\":\"https:\/\/mekulo.com\/se\/butik\/\"},{\"@type\":\"ListItem\",\"position\":3,\"name\":\"Ultramjuk reng\u00f6ringsmatta f\u00f6r husdjur\"}]},{\"@type\":\"WebSite\",\"@id\":\"https:\/\/mekulo.com\/se\/#website\",\"url\":\"https:\/\/mekulo.com\/se\/\",\"name\":\"Mekulo SE\",\"description\":\"\",\"publisher\":{\"@id\":\"https:\/\/mekulo.com\/se\/#organization\"},\"potentialAction\":[{\"@type\":\"SearchAction\",\"target\":{\"@type\":\"EntryPoint\",\"urlTemplate\":\"https:\/\/mekulo.com\/se\/?s={search_term_string}\"},\"query-input\":{\"@type\":\"PropertyValueSpecification\",\"valueRequired\":true,\"valueName\":\"search_term_string\"}}],\"inLanguage\":\"sv-SE\"},{\"@type\":\"Organization\",\"@id\":\"https:\/\/mekulo.com\/se\/#organization\",\"name\":\"Mekulo\",\"url\":\"https:\/\/mekulo.com\/se\/\",\"logo\":{\"@type\":\"ImageObject\",\"inLanguage\":\"sv-SE\",\"@id\":\"https:\/\/mekulo.com\/se\/#\/schema\/logo\/image\/\",\"url\":\"https:\/\/mekulo.com\/se\/wp-content\/uploads\/sites\/11\/2025\/12\/favicon_mekulo.png\",\"contentUrl\":\"https:\/\/mekulo.com\/se\/wp-content\/uploads\/sites\/11\/2025\/12\/favicon_mekulo.png\",\"width\":50,\"height\":50,\"caption\":\"Mekulo\"},\"image\":{\"@id\":\"https:\/\/mekulo.com\/se\/#\/schema\/logo\/image\/\"}}]}<\/script>\n<!-- \/ Yoast SEO plugin. -->","yoast_head_json":{"title":"Ultramjuk reng\u00f6ringsmatta f\u00f6r husdjur - Mekulo SE","robots":{"index":"index","follow":"follow","max-snippet":"max-snippet:-1","max-image-preview":"max-image-preview:large","max-video-preview":"max-video-preview:-1"},"canonical":"https:\/\/mekulo.com\/se\/produkt\/ultramjuk-rengoringsmatta-for-husdjur\/","og_locale":"sv_SE","og_type":"article","og_title":"Ultramjuk reng\u00f6ringsmatta f\u00f6r husdjur - Mekulo SE","og_description":"\ud83d\udc36Den h\u00e4r ultramjuka reng\u00f6ringsmattan f\u00f6r husdjur \u00e4r utformad f\u00f6r att f\u00e5nga upp smuts, lera och fukt fr\u00e5n tassar och skor. \ud83c\udfe0Perfekt f\u00f6r entr\u00e9er, husdjursutrymmen och daglig anv\u00e4ndning, den hj\u00e4lper till att skydda ditt hem samtidigt som dina husdjur har det bekv\u00e4mt. \ud83d\udc15Den mjuka chenilleytan absorberar f\u00f6rsiktigt vatten och f\u00e5ngar upp smuts fr\u00e5n leriga tassar och v\u00e5ta skor. Komfort f\u00f6r ditt husdjur. Skydd f\u00f6r dina golv.","og_url":"https:\/\/mekulo.com\/se\/produkt\/ultramjuk-rengoringsmatta-for-husdjur\/","og_site_name":"Mekulo SE","article_modified_time":"2026-03-02T10:27:14+00:00","og_image":[{"width":800,"height":800,"url":"https:\/\/mekulo.com\/se\/wp-content\/uploads\/sites\/11\/2026\/02\/wy9q6uu-1.jpg","type":"image\/jpeg"}],"twitter_card":"summary_large_image","twitter_misc":{"Ber\u00e4knad l\u00e4stid":"2 minuter"},"schema":{"@context":"https:\/\/schema.org","@graph":[{"@type":"WebPage","@id":"https:\/\/mekulo.com\/se\/produkt\/ultramjuk-rengoringsmatta-for-husdjur\/","url":"https:\/\/mekulo.com\/se\/produkt\/ultramjuk-rengoringsmatta-for-husdjur\/","name":"Ultramjuk reng\u00f6ringsmatta f\u00f6r husdjur - Mekulo SE","isPartOf":{"@id":"https:\/\/mekulo.com\/se\/#website"},"primaryImageOfPage":{"@id":"https:\/\/mekulo.com\/se\/produkt\/ultramjuk-rengoringsmatta-for-husdjur\/#primaryimage"},"image":{"@id":"https:\/\/mekulo.com\/se\/produkt\/ultramjuk-rengoringsmatta-for-husdjur\/#primaryimage"},"thumbnailUrl":"https:\/\/mekulo.com\/se\/wp-content\/uploads\/sites\/11\/2026\/02\/wy9q6uu-1.jpg","datePublished":"2026-02-12T18:11:40+00:00","dateModified":"2026-03-02T10:27:14+00:00","breadcrumb":{"@id":"https:\/\/mekulo.com\/se\/produkt\/ultramjuk-rengoringsmatta-for-husdjur\/#breadcrumb"},"inLanguage":"sv-SE","potentialAction":[{"@type":"ReadAction","target":["https:\/\/mekulo.com\/se\/produkt\/ultramjuk-rengoringsmatta-for-husdjur\/"]}]},{"@type":"ImageObject","inLanguage":"sv-SE","@id":"https:\/\/mekulo.com\/se\/produkt\/ultramjuk-rengoringsmatta-for-husdjur\/#primaryimage","url":"https:\/\/mekulo.com\/se\/wp-content\/uploads\/sites\/11\/2026\/02\/wy9q6uu-1.jpg","contentUrl":"https:\/\/mekulo.com\/se\/wp-content\/uploads\/sites\/11\/2026\/02\/wy9q6uu-1.jpg","width":800,"height":800},{"@type":"BreadcrumbList","@id":"https:\/\/mekulo.com\/se\/produkt\/ultramjuk-rengoringsmatta-for-husdjur\/#breadcrumb","itemListElement":[{"@type":"ListItem","position":1,"name":"Home","item":"https:\/\/mekulo.com\/se\/"},{"@type":"ListItem","position":2,"name":"Butik","item":"https:\/\/mekulo.com\/se\/butik\/"},{"@type":"ListItem","position":3,"name":"Ultramjuk reng\u00f6ringsmatta f\u00f6r husdjur"}]},{"@type":"WebSite","@id":"https:\/\/mekulo.com\/se\/#website","url":"https:\/\/mekulo.com\/se\/","name":"Mekulo SE","description":"","publisher":{"@id":"https:\/\/mekulo.com\/se\/#organization"},"potentialAction":[{"@type":"SearchAction","target":{"@type":"EntryPoint","urlTemplate":"https:\/\/mekulo.com\/se\/?s={search_term_string}"},"query-input":{"@type":"PropertyValueSpecification","valueRequired":true,"valueName":"search_term_string"}}],"inLanguage":"sv-SE"},{"@type":"Organization","@id":"https:\/\/mekulo.com\/se\/#organization","name":"Mekulo","url":"https:\/\/mekulo.com\/se\/","logo":{"@type":"ImageObject","inLanguage":"sv-SE","@id":"https:\/\/mekulo.com\/se\/#\/schema\/logo\/image\/","url":"https:\/\/mekulo.com\/se\/wp-content\/uploads\/sites\/11\/2025\/12\/favicon_mekulo.png","contentUrl":"https:\/\/mekulo.com\/se\/wp-content\/uploads\/sites\/11\/2025\/12\/favicon_mekulo.png","width":50,"height":50,"caption":"Mekulo"},"image":{"@id":"https:\/\/mekulo.com\/se\/#\/schema\/logo\/image\/"}}]}},"_links":{"self":[{"href":"https:\/\/mekulo.com\/se\/wp-json\/wp\/v2\/product\/23406","targetHints":{"allow":["GET"]}}],"collection":[{"href":"https:\/\/mekulo.com\/se\/wp-json\/wp\/v2\/product"}],"about":[{"href":"https:\/\/mekulo.com\/se\/wp-json\/wp\/v2\/types\/product"}],"replies":[{"embeddable":true,"href":"https:\/\/mekulo.com\/se\/wp-json\/wp\/v2\/comments?post=23406"}],"wp:featuredmedia":[{"embeddable":true,"href":"https:\/\/mekulo.com\/se\/wp-json\/wp\/v2\/media\/23402"}],"wp:attachment":[{"href":"https:\/\/mekulo.com\/se\/wp-json\/wp\/v2\/media?parent=23406"}],"wp:term":[{"taxonomy":"product_brand","embeddable":true,"href":"https:\/\/mekulo.com\/se\/wp-json\/wp\/v2\/product_brand?post=23406"},{"taxonomy":"product_cat","embeddable":true,"href":"https:\/\/mekulo.com\/se\/wp-json\/wp\/v2\/product_cat?post=23406"},{"taxonomy":"product_tag","embeddable":true,"href":"https:\/\/mekulo.com\/se\/wp-json\/wp\/v2\/product_tag?post=23406"}],"curies":[{"name":"wp","href":"https:\/\/api.w.org\/{rel}","templated":true}]}}