{"id":23294,"date":"2026-02-12T20:05:11","date_gmt":"2026-02-12T18:05:11","guid":{"rendered":"https:\/\/mekulo.com\/se\/produkt\/led-stralkastare\/"},"modified":"2026-02-12T21:09:26","modified_gmt":"2026-02-12T19:09:26","slug":"led-stralkastare","status":"publish","type":"product","link":"https:\/\/mekulo.com\/se\/produkt\/led-stralkastare\/","title":{"rendered":"LED-str\u00e5lkastare"},"content":{"rendered":"<p style=\"text-align: center\" data-start=\"18\" data-end=\"79\"><strong data-start=\"18\" data-end=\"79\">Lys Upp Hela Din Vy Med En Kraftfull 230\u00b0 Bredstr\u00e5lande Ljusk\u00e4gla. \ud83d\udca1<\/strong><\/p>\n<p data-start=\"18\" data-end=\"79\"><img fetchpriority=\"high\" decoding=\"async\" class=\"size-full wp-image-24748 aligncenter\" src=\"https:\/\/mekulo.com\/template\/wp-content\/uploads\/sites\/6\/2026\/02\/S381894138ed84ea9a36c31e9dfa5a92bn.jpg\" alt=\"\" width=\"1000\" height=\"1000\" \/><\/p>\n<h2 style=\"text-align: center\" data-start=\"541\" data-end=\"560\">Huvudf\u00f6rdelar \ud83c\udf19<\/h2>\n<p data-start=\"561\" data-end=\"932\">\ud83d\udd26 230\u00b0 bred str\u00e5le &#8211; Se mer med mindre r\u00f6relse.<\/p>\n<p data-start=\"561\" data-end=\"932\">\ud83c\udfaf Inbyggd spotlight &#8211; Fokusera p\u00e5 specifika omr\u00e5den.<\/p>\n<p data-start=\"561\" data-end=\"932\">\ud83d\udc4b R\u00f6relsesensorl\u00e4ge &#8211; Vinka f\u00f6r att sl\u00e5 p\u00e5\/av.<\/p>\n<p data-start=\"561\" data-end=\"932\">\ud83d\udca1 6 ljusl\u00e4gen &#8211; Justera ljusstyrka och effekter.<\/p>\n<p data-start=\"561\" data-end=\"932\">\ud83e\udeb6 L\u00e4ttviktsdesign &#8211; Bekv\u00e4m f\u00f6r l\u00e5ng anv\u00e4ndning.<\/p>\n<p data-start=\"561\" data-end=\"932\">\ud83c\udf27\ufe0f IPX4 vattent\u00e4t &#8211; S\u00e4ker i regn och sn\u00f6.<\/p>\n<p data-start=\"561\" data-end=\"932\">\ud83c\udf92 Vikbar &amp; kompakt &#8211; L\u00e4tt att ta med sig.<\/p>\n<p data-start=\"561\" data-end=\"932\"><img decoding=\"async\" class=\" wp-image-24750 aligncenter\" src=\"https:\/\/mekulo.com\/template\/wp-content\/uploads\/sites\/6\/2026\/02\/6b38222a-ba4b-4d4a-ba79-47ea6c379a90.webp\" alt=\"\" width=\"674\" height=\"674\" \/><\/p>\n<h2 style=\"text-align: center\" data-start=\"939\" data-end=\"955\">Hur Man Anv\u00e4nder \ud83d\udccc<\/h2>\n<ol data-start=\"956\" data-end=\"1185\">\n<li data-start=\"956\" data-end=\"1000\">\n<p data-start=\"959\" data-end=\"1000\">Tryck p\u00e5 str\u00f6mbrytaren f\u00f6r att byta l\u00e4ge.<\/p>\n<\/li>\n<li data-start=\"1001\" data-end=\"1046\">\n<p data-start=\"1004\" data-end=\"1046\">V\u00e4lj bredstr\u00e5lande eller spotlight efter behov.<\/p>\n<\/li>\n<li data-start=\"1047\" data-end=\"1091\">\n<p data-start=\"1050\" data-end=\"1091\">Aktivera r\u00f6relsesensorl\u00e4ge om s\u00e5 \u00f6nskas.<\/p>\n<\/li>\n<li data-start=\"1092\" data-end=\"1142\">\n<p data-start=\"1095\" data-end=\"1142\">Vinka med handen inom 10 cm f\u00f6r att styra ljuset.<\/p>\n<\/li>\n<li data-start=\"1143\" data-end=\"1185\">\n<p data-start=\"1146\" data-end=\"1185\">Ladda n\u00e4r ljusstyrkan blir l\u00e5g.<\/p>\n<\/li>\n<\/ol>\n<h2 style=\"text-align: center\" data-start=\"1192\" data-end=\"1213\">Produktdetaljer \ud83d\udccf<\/h2>\n<ul data-start=\"1214\" data-end=\"1528\">\n<li data-start=\"1214\" data-end=\"1244\">\n<p data-start=\"1216\" data-end=\"1244\">Str\u00e5lningsvinkel: 230\u00b0 bredstr\u00e5lande<\/p>\n<\/li>\n<li data-start=\"1245\" data-end=\"1276\">\n<p data-start=\"1247\" data-end=\"1276\">Ljusk\u00e4lla: COB + XPE LED<\/p>\n<\/li>\n<li data-start=\"1277\" data-end=\"1384\">\n<p data-start=\"1279\" data-end=\"1293\">Ljusl\u00e4gen:<\/p>\n<ul data-start=\"1296\" data-end=\"1384\">\n<li data-start=\"1296\" data-end=\"1308\">\n<p data-start=\"1298\" data-end=\"1308\">COB High<\/p>\n<\/li>\n<li data-start=\"1311\" data-end=\"1322\">\n<p data-start=\"1313\" data-end=\"1322\">COB Low<\/p>\n<\/li>\n<li data-start=\"1325\" data-end=\"1337\">\n<p data-start=\"1327\" data-end=\"1337\">XPE High<\/p>\n<\/li>\n<li data-start=\"1340\" data-end=\"1351\">\n<p data-start=\"1342\" data-end=\"1351\">XPE Low<\/p>\n<\/li>\n<li data-start=\"1354\" data-end=\"1364\">\n<p data-start=\"1356\" data-end=\"1364\">Strobe<\/p>\n<\/li>\n<li data-start=\"1367\" data-end=\"1384\">\n<p data-start=\"1369\" data-end=\"1384\">Motion Sensor<\/p>\n<\/li>\n<\/ul>\n<\/li>\n<li data-start=\"1385\" data-end=\"1431\">\n<p data-start=\"1387\" data-end=\"1431\">Material: Mjukt silikon + elastiskt pannband<\/p>\n<\/li>\n<li data-start=\"1432\" data-end=\"1463\">\n<p data-start=\"1434\" data-end=\"1463\">Vikt: 68 g<\/p>\n<\/li>\n<li data-start=\"1464\" data-end=\"1500\">\n<p data-start=\"1466\" data-end=\"1500\">Design: Vikbar, justerbar passform<\/p>\n<\/li>\n<li data-start=\"1501\" data-end=\"1528\">\n<p data-start=\"1503\" data-end=\"1528\">Vattens\u00e4ker klassning: IPX4<\/p>\n<\/li>\n<\/ul>\n<h2 style=\"text-align: center\" data-start=\"1535\" data-end=\"1557\">Paketet Inneh\u00e5ller \ud83d\udce6<\/h2>\n<ul data-start=\"1558\" data-end=\"1578\">\n<li data-start=\"1558\" data-end=\"1578\">\n<p data-start=\"1560\" data-end=\"1578\">1, 2, 3x LED-pannlampa med inbyggt batteri<\/p>\n<\/li>\n<li data-start=\"1558\" data-end=\"1578\">1, 2, 3x laddningskabel\/s.<\/li>\n<\/ul>\n","protected":false},"excerpt":{"rendered":"<p>\ud83d\udca1Den h\u00e4r LED-pannlampan ger dig ljusstark, handsfree belysning f\u00f6r alla situationer. Oavsett om du campar, arbetar eller promenerar p\u00e5 natten h\u00e5ller den din omgivning tydligt synlig.<br \/>\n\ud83c\udfd5\ufe0fIt inneh\u00e5ller ocks\u00e5 en fokuserad str\u00e5lkastare f\u00f6r precisionsuppgifter. Den \u00e4r utformad f\u00f6r komfort och bekv\u00e4mlighet och \u00e4r perfekt f\u00f6r b\u00e5de utomhus\u00e4ventyr och inomhusarbete.<br \/>\n\ud83d\udeb5\u200d\u2642\ufe0fA p\u00e5litlig belysningskompis f\u00f6r camping, reparationer, vandring, cykling och mycket mer.<\/p>\n","protected":false},"featured_media":23290,"comment_status":"open","ping_status":"closed","template":"","meta":{"site-sidebar-layout":"default","site-content-layout":"","ast-site-content-layout":"default","site-content-style":"default","site-sidebar-style":"default","ast-global-header-display":"","ast-banner-title-visibility":"","ast-main-header-display":"","ast-hfb-above-header-display":"","ast-hfb-below-header-display":"","ast-hfb-mobile-header-display":"","site-post-title":"","ast-breadcrumbs-content":"","ast-featured-img":"","footer-sml-layout":"","theme-transparent-header-meta":"default","adv-header-id-meta":"","stick-header-meta":"","header-above-stick-meta":"","header-main-stick-meta":"","header-below-stick-meta":"","astra-migrate-meta-layouts":"set","ast-page-background-enabled":"default","ast-page-background-meta":{"desktop":{"background-color":"var(--ast-global-color-5)","background-image":"","background-repeat":"repeat","background-position":"center center","background-size":"auto","background-attachment":"scroll","background-type":"","background-media":"","overlay-type":"","overlay-color":"","overlay-opacity":"","overlay-gradient":""},"tablet":{"background-color":"","background-image":"","background-repeat":"repeat","background-position":"center center","background-size":"auto","background-attachment":"scroll","background-type":"","background-media":"","overlay-type":"","overlay-color":"","overlay-opacity":"","overlay-gradient":""},"mobile":{"background-color":"","background-image":"","background-repeat":"repeat","background-position":"center center","background-size":"auto","background-attachment":"scroll","background-type":"","background-media":"","overlay-type":"","overlay-color":"","overlay-opacity":"","overlay-gradient":""}},"ast-content-background-meta":{"desktop":{"background-color":"var(--ast-global-color-4)","background-image":"","background-repeat":"repeat","background-position":"center center","background-size":"auto","background-attachment":"scroll","background-type":"","background-media":"","overlay-type":"","overlay-color":"","overlay-opacity":"","overlay-gradient":""},"tablet":{"background-color":"var(--ast-global-color-4)","background-image":"","background-repeat":"repeat","background-position":"center center","background-size":"auto","background-attachment":"scroll","background-type":"","background-media":"","overlay-type":"","overlay-color":"","overlay-opacity":"","overlay-gradient":""},"mobile":{"background-color":"var(--ast-global-color-4)","background-image":"","background-repeat":"repeat","background-position":"center center","background-size":"auto","background-attachment":"scroll","background-type":"","background-media":"","overlay-type":"","overlay-color":"","overlay-opacity":"","overlay-gradient":""}}},"product_brand":[],"product_cat":[167],"product_tag":[],"class_list":{"0":"post-23294","1":"product","2":"type-product","3":"status-publish","4":"has-post-thumbnail","6":"product_cat-vandring-camping-och-fritidsartiklar","7":"pa_59076_oz32dz8y-1-st","8":"pa_59076_oz32dz8y-2-st","9":"pa_59076_oz32dz8y-3-st","10":"desktop-align-left","11":"tablet-align-left","12":"mobile-align-left","14":"first","15":"instock","16":"shipping-taxable","17":"purchasable","18":"product-type-variable"},"yoast_head":"<!-- This site is optimized with the Yoast SEO plugin v26.6 - https:\/\/yoast.com\/wordpress\/plugins\/seo\/ -->\n<title>LED-str\u00e5lkastare - Mekulo SE<\/title>\n<meta name=\"robots\" content=\"index, follow, max-snippet:-1, max-image-preview:large, max-video-preview:-1\" \/>\n<link rel=\"canonical\" href=\"https:\/\/mekulo.com\/se\/produkt\/led-stralkastare\/\" \/>\n<meta property=\"og:locale\" content=\"sv_SE\" \/>\n<meta property=\"og:type\" content=\"article\" \/>\n<meta property=\"og:title\" content=\"LED-str\u00e5lkastare - Mekulo SE\" \/>\n<meta property=\"og:description\" content=\"\ud83d\udca1Den h\u00e4r LED-pannlampan ger dig ljusstark, handsfree belysning f\u00f6r alla situationer. Oavsett om du campar, arbetar eller promenerar p\u00e5 natten h\u00e5ller den din omgivning tydligt synlig. \ud83c\udfd5\ufe0fIt inneh\u00e5ller ocks\u00e5 en fokuserad str\u00e5lkastare f\u00f6r precisionsuppgifter. Den \u00e4r utformad f\u00f6r komfort och bekv\u00e4mlighet och \u00e4r perfekt f\u00f6r b\u00e5de utomhus\u00e4ventyr och inomhusarbete. \ud83d\udeb5\u200d\u2642\ufe0fA p\u00e5litlig belysningskompis f\u00f6r camping, reparationer, vandring, cykling och mycket mer.\" \/>\n<meta property=\"og:url\" content=\"https:\/\/mekulo.com\/se\/produkt\/led-stralkastare\/\" \/>\n<meta property=\"og:site_name\" content=\"Mekulo SE\" \/>\n<meta property=\"article:modified_time\" content=\"2026-02-12T19:09:26+00:00\" \/>\n<meta property=\"og:image\" content=\"https:\/\/mekulo.com\/se\/wp-content\/uploads\/sites\/11\/2026\/02\/af40ywb-1.jpg\" \/>\n\t<meta property=\"og:image:width\" content=\"960\" \/>\n\t<meta property=\"og:image:height\" content=\"960\" \/>\n\t<meta property=\"og:image:type\" content=\"image\/jpeg\" \/>\n<meta name=\"twitter:card\" content=\"summary_large_image\" \/>\n<meta name=\"twitter:label1\" content=\"Ber\u00e4knad l\u00e4stid\" \/>\n\t<meta name=\"twitter:data1\" content=\"2 minuter\" \/>\n<script type=\"application\/ld+json\" class=\"yoast-schema-graph\">{\"@context\":\"https:\/\/schema.org\",\"@graph\":[{\"@type\":\"WebPage\",\"@id\":\"https:\/\/mekulo.com\/se\/produkt\/led-stralkastare\/\",\"url\":\"https:\/\/mekulo.com\/se\/produkt\/led-stralkastare\/\",\"name\":\"LED-str\u00e5lkastare - Mekulo SE\",\"isPartOf\":{\"@id\":\"https:\/\/mekulo.com\/se\/#website\"},\"primaryImageOfPage\":{\"@id\":\"https:\/\/mekulo.com\/se\/produkt\/led-stralkastare\/#primaryimage\"},\"image\":{\"@id\":\"https:\/\/mekulo.com\/se\/produkt\/led-stralkastare\/#primaryimage\"},\"thumbnailUrl\":\"https:\/\/mekulo.com\/se\/wp-content\/uploads\/sites\/11\/2026\/02\/af40ywb-1.jpg\",\"datePublished\":\"2026-02-12T18:05:11+00:00\",\"dateModified\":\"2026-02-12T19:09:26+00:00\",\"breadcrumb\":{\"@id\":\"https:\/\/mekulo.com\/se\/produkt\/led-stralkastare\/#breadcrumb\"},\"inLanguage\":\"sv-SE\",\"potentialAction\":[{\"@type\":\"ReadAction\",\"target\":[\"https:\/\/mekulo.com\/se\/produkt\/led-stralkastare\/\"]}]},{\"@type\":\"ImageObject\",\"inLanguage\":\"sv-SE\",\"@id\":\"https:\/\/mekulo.com\/se\/produkt\/led-stralkastare\/#primaryimage\",\"url\":\"https:\/\/mekulo.com\/se\/wp-content\/uploads\/sites\/11\/2026\/02\/af40ywb-1.jpg\",\"contentUrl\":\"https:\/\/mekulo.com\/se\/wp-content\/uploads\/sites\/11\/2026\/02\/af40ywb-1.jpg\",\"width\":960,\"height\":960},{\"@type\":\"BreadcrumbList\",\"@id\":\"https:\/\/mekulo.com\/se\/produkt\/led-stralkastare\/#breadcrumb\",\"itemListElement\":[{\"@type\":\"ListItem\",\"position\":1,\"name\":\"Home\",\"item\":\"https:\/\/mekulo.com\/se\/\"},{\"@type\":\"ListItem\",\"position\":2,\"name\":\"Butik\",\"item\":\"https:\/\/mekulo.com\/se\/butik\/\"},{\"@type\":\"ListItem\",\"position\":3,\"name\":\"LED-str\u00e5lkastare\"}]},{\"@type\":\"WebSite\",\"@id\":\"https:\/\/mekulo.com\/se\/#website\",\"url\":\"https:\/\/mekulo.com\/se\/\",\"name\":\"Mekulo SE\",\"description\":\"\",\"publisher\":{\"@id\":\"https:\/\/mekulo.com\/se\/#organization\"},\"potentialAction\":[{\"@type\":\"SearchAction\",\"target\":{\"@type\":\"EntryPoint\",\"urlTemplate\":\"https:\/\/mekulo.com\/se\/?s={search_term_string}\"},\"query-input\":{\"@type\":\"PropertyValueSpecification\",\"valueRequired\":true,\"valueName\":\"search_term_string\"}}],\"inLanguage\":\"sv-SE\"},{\"@type\":\"Organization\",\"@id\":\"https:\/\/mekulo.com\/se\/#organization\",\"name\":\"Mekulo\",\"url\":\"https:\/\/mekulo.com\/se\/\",\"logo\":{\"@type\":\"ImageObject\",\"inLanguage\":\"sv-SE\",\"@id\":\"https:\/\/mekulo.com\/se\/#\/schema\/logo\/image\/\",\"url\":\"https:\/\/mekulo.com\/se\/wp-content\/uploads\/sites\/11\/2025\/12\/favicon_mekulo.png\",\"contentUrl\":\"https:\/\/mekulo.com\/se\/wp-content\/uploads\/sites\/11\/2025\/12\/favicon_mekulo.png\",\"width\":50,\"height\":50,\"caption\":\"Mekulo\"},\"image\":{\"@id\":\"https:\/\/mekulo.com\/se\/#\/schema\/logo\/image\/\"}}]}<\/script>\n<!-- \/ Yoast SEO plugin. -->","yoast_head_json":{"title":"LED-str\u00e5lkastare - Mekulo SE","robots":{"index":"index","follow":"follow","max-snippet":"max-snippet:-1","max-image-preview":"max-image-preview:large","max-video-preview":"max-video-preview:-1"},"canonical":"https:\/\/mekulo.com\/se\/produkt\/led-stralkastare\/","og_locale":"sv_SE","og_type":"article","og_title":"LED-str\u00e5lkastare - Mekulo SE","og_description":"\ud83d\udca1Den h\u00e4r LED-pannlampan ger dig ljusstark, handsfree belysning f\u00f6r alla situationer. Oavsett om du campar, arbetar eller promenerar p\u00e5 natten h\u00e5ller den din omgivning tydligt synlig. \ud83c\udfd5\ufe0fIt inneh\u00e5ller ocks\u00e5 en fokuserad str\u00e5lkastare f\u00f6r precisionsuppgifter. Den \u00e4r utformad f\u00f6r komfort och bekv\u00e4mlighet och \u00e4r perfekt f\u00f6r b\u00e5de utomhus\u00e4ventyr och inomhusarbete. \ud83d\udeb5\u200d\u2642\ufe0fA p\u00e5litlig belysningskompis f\u00f6r camping, reparationer, vandring, cykling och mycket mer.","og_url":"https:\/\/mekulo.com\/se\/produkt\/led-stralkastare\/","og_site_name":"Mekulo SE","article_modified_time":"2026-02-12T19:09:26+00:00","og_image":[{"width":960,"height":960,"url":"https:\/\/mekulo.com\/se\/wp-content\/uploads\/sites\/11\/2026\/02\/af40ywb-1.jpg","type":"image\/jpeg"}],"twitter_card":"summary_large_image","twitter_misc":{"Ber\u00e4knad l\u00e4stid":"2 minuter"},"schema":{"@context":"https:\/\/schema.org","@graph":[{"@type":"WebPage","@id":"https:\/\/mekulo.com\/se\/produkt\/led-stralkastare\/","url":"https:\/\/mekulo.com\/se\/produkt\/led-stralkastare\/","name":"LED-str\u00e5lkastare - Mekulo SE","isPartOf":{"@id":"https:\/\/mekulo.com\/se\/#website"},"primaryImageOfPage":{"@id":"https:\/\/mekulo.com\/se\/produkt\/led-stralkastare\/#primaryimage"},"image":{"@id":"https:\/\/mekulo.com\/se\/produkt\/led-stralkastare\/#primaryimage"},"thumbnailUrl":"https:\/\/mekulo.com\/se\/wp-content\/uploads\/sites\/11\/2026\/02\/af40ywb-1.jpg","datePublished":"2026-02-12T18:05:11+00:00","dateModified":"2026-02-12T19:09:26+00:00","breadcrumb":{"@id":"https:\/\/mekulo.com\/se\/produkt\/led-stralkastare\/#breadcrumb"},"inLanguage":"sv-SE","potentialAction":[{"@type":"ReadAction","target":["https:\/\/mekulo.com\/se\/produkt\/led-stralkastare\/"]}]},{"@type":"ImageObject","inLanguage":"sv-SE","@id":"https:\/\/mekulo.com\/se\/produkt\/led-stralkastare\/#primaryimage","url":"https:\/\/mekulo.com\/se\/wp-content\/uploads\/sites\/11\/2026\/02\/af40ywb-1.jpg","contentUrl":"https:\/\/mekulo.com\/se\/wp-content\/uploads\/sites\/11\/2026\/02\/af40ywb-1.jpg","width":960,"height":960},{"@type":"BreadcrumbList","@id":"https:\/\/mekulo.com\/se\/produkt\/led-stralkastare\/#breadcrumb","itemListElement":[{"@type":"ListItem","position":1,"name":"Home","item":"https:\/\/mekulo.com\/se\/"},{"@type":"ListItem","position":2,"name":"Butik","item":"https:\/\/mekulo.com\/se\/butik\/"},{"@type":"ListItem","position":3,"name":"LED-str\u00e5lkastare"}]},{"@type":"WebSite","@id":"https:\/\/mekulo.com\/se\/#website","url":"https:\/\/mekulo.com\/se\/","name":"Mekulo SE","description":"","publisher":{"@id":"https:\/\/mekulo.com\/se\/#organization"},"potentialAction":[{"@type":"SearchAction","target":{"@type":"EntryPoint","urlTemplate":"https:\/\/mekulo.com\/se\/?s={search_term_string}"},"query-input":{"@type":"PropertyValueSpecification","valueRequired":true,"valueName":"search_term_string"}}],"inLanguage":"sv-SE"},{"@type":"Organization","@id":"https:\/\/mekulo.com\/se\/#organization","name":"Mekulo","url":"https:\/\/mekulo.com\/se\/","logo":{"@type":"ImageObject","inLanguage":"sv-SE","@id":"https:\/\/mekulo.com\/se\/#\/schema\/logo\/image\/","url":"https:\/\/mekulo.com\/se\/wp-content\/uploads\/sites\/11\/2025\/12\/favicon_mekulo.png","contentUrl":"https:\/\/mekulo.com\/se\/wp-content\/uploads\/sites\/11\/2025\/12\/favicon_mekulo.png","width":50,"height":50,"caption":"Mekulo"},"image":{"@id":"https:\/\/mekulo.com\/se\/#\/schema\/logo\/image\/"}}]}},"_links":{"self":[{"href":"https:\/\/mekulo.com\/se\/wp-json\/wp\/v2\/product\/23294","targetHints":{"allow":["GET"]}}],"collection":[{"href":"https:\/\/mekulo.com\/se\/wp-json\/wp\/v2\/product"}],"about":[{"href":"https:\/\/mekulo.com\/se\/wp-json\/wp\/v2\/types\/product"}],"replies":[{"embeddable":true,"href":"https:\/\/mekulo.com\/se\/wp-json\/wp\/v2\/comments?post=23294"}],"wp:featuredmedia":[{"embeddable":true,"href":"https:\/\/mekulo.com\/se\/wp-json\/wp\/v2\/media\/23290"}],"wp:attachment":[{"href":"https:\/\/mekulo.com\/se\/wp-json\/wp\/v2\/media?parent=23294"}],"wp:term":[{"taxonomy":"product_brand","embeddable":true,"href":"https:\/\/mekulo.com\/se\/wp-json\/wp\/v2\/product_brand?post=23294"},{"taxonomy":"product_cat","embeddable":true,"href":"https:\/\/mekulo.com\/se\/wp-json\/wp\/v2\/product_cat?post=23294"},{"taxonomy":"product_tag","embeddable":true,"href":"https:\/\/mekulo.com\/se\/wp-json\/wp\/v2\/product_tag?post=23294"}],"curies":[{"name":"wp","href":"https:\/\/api.w.org\/{rel}","templated":true}]}}