{"id":23188,"date":"2026-02-12T19:59:35","date_gmt":"2026-02-12T17:59:35","guid":{"rendered":"https:\/\/mekulo.com\/se\/produkt\/somlos-hallningsbeha-med-ryggstod\/"},"modified":"2026-02-12T21:07:50","modified_gmt":"2026-02-12T19:07:50","slug":"somlos-hallningsbeha-med-ryggstod","status":"publish","type":"product","link":"https:\/\/mekulo.com\/se\/produkt\/somlos-hallningsbeha-med-ryggstod\/","title":{"rendered":"S\u00f6ml\u00f6s h\u00e5llningsbeh\u00e5 med ryggst\u00f6d"},"content":{"rendered":"<p style=\"text-align: center\" data-start=\"61\" data-end=\"114\"><strong data-start=\"61\" data-end=\"114\">K\u00e4nn dig st\u00f6dd, inriktad och bekv\u00e4m hela dagen. \ud83d\udc69<\/strong><\/p>\n<p data-start=\"61\" data-end=\"114\"><img fetchpriority=\"high\" decoding=\"async\" class=\"size-full wp-image-24622 aligncenter\" src=\"https:\/\/mekulo.com\/template\/wp-content\/uploads\/sites\/6\/2026\/02\/spp_20250324174309_b1d46baf7875cc7324c6fe4493b31d51_cb53e6b0-ce52-4a17-94dc-fe523af219c0.webp\" alt=\"\" width=\"600\" height=\"600\" \/><\/p>\n<h2 style=\"text-align: center\" data-start=\"552\" data-end=\"571\"><strong>Huvudf\u00f6rdelar \ud83e\uddcd\u200d\u2640\ufe0f<\/strong><\/h2>\n<p data-start=\"572\" data-end=\"950\">\ud83e\uddcd\u200d\u2640\ufe0f Design med ryggst\u00f6d &#8211; Hj\u00e4lper till att f\u00f6rb\u00e4ttra h\u00e5llningen.<\/p>\n<p data-start=\"572\" data-end=\"950\">\ud83d\udc86\u200d\u2640\ufe0f Axelavlastning &#8211; Minskar belastning och sp\u00e4nning.<\/p>\n<p data-start=\"572\" data-end=\"950\">\ud83d\udd12 St\u00e4ngning framtill &#8211; L\u00e4tt att b\u00e4ra och ta av.<\/p>\n<p data-start=\"572\" data-end=\"950\">\ud83d\udc5a S\u00f6ml\u00f6s finish &#8211; Smidig look under kl\u00e4der.<\/p>\n<p data-start=\"572\" data-end=\"950\">\ud83c\udf2c\ufe0f Andningsbart tyg &#8211; H\u00e5ller dig sval.<\/p>\n<p data-start=\"572\" data-end=\"950\">\ud83d\udc96 Komfort hela dagen &#8211; Mjuk och irritationsfri.<\/p>\n<p data-start=\"572\" data-end=\"950\">\ud83c\udfc3\u200d\u2640\ufe0f M\u00e5ngsidig anv\u00e4ndning &#8211; Perfekt f\u00f6r daglig anv\u00e4ndning eller l\u00e4tt aktivitet.<\/p>\n<p data-start=\"572\" data-end=\"950\"><img decoding=\"async\" class=\"size-full wp-image-24619 aligncenter\" src=\"https:\/\/mekulo.com\/template\/wp-content\/uploads\/sites\/6\/2026\/02\/Sfdc42dba957e4035b6eec15994e24fa2R.jpg\" alt=\"\" width=\"870\" height=\"1009\" \/><\/p>\n<h2 style=\"text-align: center\" data-start=\"957\" data-end=\"973\"><strong>Hur Man Anv\u00e4nder \ud83d\udccc<\/strong><\/h2>\n<ol data-start=\"974\" data-end=\"1136\">\n<li data-start=\"974\" data-end=\"1002\">\n<p data-start=\"977\" data-end=\"1002\">\u00d6ppna den fr\u00e4mre st\u00e4ngningen.<\/p>\n<\/li>\n<li data-start=\"1003\" data-end=\"1042\">\n<p data-start=\"1006\" data-end=\"1042\">F\u00f6r dina armar genom banden.<\/p>\n<\/li>\n<li data-start=\"1043\" data-end=\"1077\">\n<p data-start=\"1046\" data-end=\"1077\">Placera beh\u00e5n bekv\u00e4mt.<\/p>\n<\/li>\n<li data-start=\"1078\" data-end=\"1106\">\n<p data-start=\"1081\" data-end=\"1106\">F\u00e4st de fr\u00e4mre krokarna.<\/p>\n<\/li>\n<li data-start=\"1107\" data-end=\"1136\">\n<p data-start=\"1110\" data-end=\"1136\">Justera f\u00f6r en s\u00e4ker passform.<\/p>\n<\/li>\n<\/ol>\n<h2 style=\"text-align: center\" data-start=\"1143\" data-end=\"1164\"><strong>Produktdetaljer \ud83d\udccf<\/strong><\/h2>\n<ul data-start=\"1165\" data-end=\"1332\">\n<li data-start=\"1165\" data-end=\"1188\">\n<p data-start=\"1167\" data-end=\"1188\">Material: Polyester<\/p>\n<\/li>\n<li data-start=\"1224\" data-end=\"1246\">\n<p data-start=\"1226\" data-end=\"1246\">Storlekar: S (80-100 cm), M (100-120 cm), L (120-140 cm), XL (140-160 cm)<\/p>\n<\/li>\n<li data-start=\"1247\" data-end=\"1295\">\n<p data-start=\"1249\" data-end=\"1295\">Design: St\u00e4ngning framtill, s\u00f6ml\u00f6s konstruktion<\/p>\n<\/li>\n<li data-start=\"1296\" data-end=\"1332\">\n<p data-start=\"1298\" data-end=\"1332\">Funktion: F\u00f6rst\u00e4rkt ryggst\u00f6d<\/p>\n<\/li>\n<\/ul>\n<h2 style=\"text-align: center\" data-start=\"1339\" data-end=\"1361\"><strong>Paketet Inneh\u00e5ller \ud83d\udce6<\/strong><\/h2>\n<ul data-start=\"1362\" data-end=\"1425\">\n<li data-start=\"1362\" data-end=\"1425\">\n<p data-start=\"1364\" data-end=\"1425\">1, 2x s\u00f6ml\u00f6s ryggst\u00f6djande h\u00e5llnings-bh.<\/p>\n<\/li>\n<\/ul>\n","protected":false},"excerpt":{"rendered":"<p><span style=\"font-size: 16px;font-style: normal;font-weight: 400\">\u2728<\/span>Den h\u00e4r s\u00f6ml\u00f6sa bh:n med ryggst\u00f6d \u00e4r utformad f\u00f6r att f\u00f6rb\u00e4ttra din dagliga komfort.<br \/>\n\ud83d\udc57Den f\u00f6rst\u00e4rkta ryggstrukturen bidrar till en b\u00e4ttre h\u00e5llning samtidigt som den minskar trycket p\u00e5 axlarna. Den s\u00f6ml\u00f6sa designen f\u00f6rblir osynlig under kl\u00e4derna.<br \/>\n\ud83c\udf2c\ufe0fSoft, tyg som andas h\u00e5ller dig sval och bekv\u00e4m hela dagen. Njut av b\u00e4ttre st\u00f6d, f\u00f6rb\u00e4ttrad h\u00e5llning och sj\u00e4lvf\u00f6rtroende i vardagen.<\/p>\n","protected":false},"featured_media":23184,"comment_status":"open","ping_status":"closed","template":"","meta":{"site-sidebar-layout":"default","site-content-layout":"","ast-site-content-layout":"default","site-content-style":"default","site-sidebar-style":"default","ast-global-header-display":"","ast-banner-title-visibility":"","ast-main-header-display":"","ast-hfb-above-header-display":"","ast-hfb-below-header-display":"","ast-hfb-mobile-header-display":"","site-post-title":"","ast-breadcrumbs-content":"","ast-featured-img":"","footer-sml-layout":"","theme-transparent-header-meta":"default","adv-header-id-meta":"","stick-header-meta":"","header-above-stick-meta":"","header-main-stick-meta":"","header-below-stick-meta":"","astra-migrate-meta-layouts":"set","ast-page-background-enabled":"default","ast-page-background-meta":{"desktop":{"background-color":"var(--ast-global-color-5)","background-image":"","background-repeat":"repeat","background-position":"center center","background-size":"auto","background-attachment":"scroll","background-type":"","background-media":"","overlay-type":"","overlay-color":"","overlay-opacity":"","overlay-gradient":""},"tablet":{"background-color":"","background-image":"","background-repeat":"repeat","background-position":"center center","background-size":"auto","background-attachment":"scroll","background-type":"","background-media":"","overlay-type":"","overlay-color":"","overlay-opacity":"","overlay-gradient":""},"mobile":{"background-color":"","background-image":"","background-repeat":"repeat","background-position":"center center","background-size":"auto","background-attachment":"scroll","background-type":"","background-media":"","overlay-type":"","overlay-color":"","overlay-opacity":"","overlay-gradient":""}},"ast-content-background-meta":{"desktop":{"background-color":"var(--ast-global-color-4)","background-image":"","background-repeat":"repeat","background-position":"center center","background-size":"auto","background-attachment":"scroll","background-type":"","background-media":"","overlay-type":"","overlay-color":"","overlay-opacity":"","overlay-gradient":""},"tablet":{"background-color":"var(--ast-global-color-4)","background-image":"","background-repeat":"repeat","background-position":"center center","background-size":"auto","background-attachment":"scroll","background-type":"","background-media":"","overlay-type":"","overlay-color":"","overlay-opacity":"","overlay-gradient":""},"mobile":{"background-color":"var(--ast-global-color-4)","background-image":"","background-repeat":"repeat","background-position":"center center","background-size":"auto","background-attachment":"scroll","background-type":"","background-media":"","overlay-type":"","overlay-color":"","overlay-opacity":"","overlay-gradient":""}}},"product_brand":[],"product_cat":[164],"product_tag":[],"class_list":{"0":"post-23188","1":"product","2":"type-product","3":"status-publish","4":"has-post-thumbnail","6":"product_cat-klader-for-kvinnor","7":"pa_58930_q9iziun4-hudfarg","8":"pa_58930_q9iziun4-svart","9":"pa_58930_y2u5goeg-l","10":"pa_58930_y2u5goeg-m","11":"pa_58930_y2u5goeg-s","12":"pa_58930_y2u5goeg-xl","13":"desktop-align-left","14":"tablet-align-left","15":"mobile-align-left","17":"first","18":"instock","19":"shipping-taxable","20":"purchasable","21":"product-type-variable","22":"has-default-attributes"},"yoast_head":"<!-- This site is optimized with the Yoast SEO plugin v26.6 - https:\/\/yoast.com\/wordpress\/plugins\/seo\/ -->\n<title>S\u00f6ml\u00f6s h\u00e5llningsbeh\u00e5 med ryggst\u00f6d - Mekulo SE<\/title>\n<meta name=\"robots\" content=\"index, follow, max-snippet:-1, max-image-preview:large, max-video-preview:-1\" \/>\n<link rel=\"canonical\" href=\"https:\/\/mekulo.com\/se\/produkt\/somlos-hallningsbeha-med-ryggstod\/\" \/>\n<meta property=\"og:locale\" content=\"sv_SE\" \/>\n<meta property=\"og:type\" content=\"article\" \/>\n<meta property=\"og:title\" content=\"S\u00f6ml\u00f6s h\u00e5llningsbeh\u00e5 med ryggst\u00f6d - Mekulo SE\" \/>\n<meta property=\"og:description\" content=\"\u2728Den h\u00e4r s\u00f6ml\u00f6sa bh:n med ryggst\u00f6d \u00e4r utformad f\u00f6r att f\u00f6rb\u00e4ttra din dagliga komfort. \ud83d\udc57Den f\u00f6rst\u00e4rkta ryggstrukturen bidrar till en b\u00e4ttre h\u00e5llning samtidigt som den minskar trycket p\u00e5 axlarna. Den s\u00f6ml\u00f6sa designen f\u00f6rblir osynlig under kl\u00e4derna. \ud83c\udf2c\ufe0fSoft, tyg som andas h\u00e5ller dig sval och bekv\u00e4m hela dagen. Njut av b\u00e4ttre st\u00f6d, f\u00f6rb\u00e4ttrad h\u00e5llning och sj\u00e4lvf\u00f6rtroende i vardagen.\" \/>\n<meta property=\"og:url\" content=\"https:\/\/mekulo.com\/se\/produkt\/somlos-hallningsbeha-med-ryggstod\/\" \/>\n<meta property=\"og:site_name\" content=\"Mekulo SE\" \/>\n<meta property=\"article:modified_time\" content=\"2026-02-12T19:07:50+00:00\" \/>\n<meta property=\"og:image\" content=\"https:\/\/mekulo.com\/se\/wp-content\/uploads\/sites\/11\/2026\/02\/zs8s5ja-1.jpg\" \/>\n\t<meta property=\"og:image:width\" content=\"637\" \/>\n\t<meta property=\"og:image:height\" content=\"829\" \/>\n\t<meta property=\"og:image:type\" content=\"image\/jpeg\" \/>\n<meta name=\"twitter:card\" content=\"summary_large_image\" \/>\n<meta name=\"twitter:label1\" content=\"Ber\u00e4knad l\u00e4stid\" \/>\n\t<meta name=\"twitter:data1\" content=\"2 minuter\" \/>\n<script type=\"application\/ld+json\" class=\"yoast-schema-graph\">{\"@context\":\"https:\/\/schema.org\",\"@graph\":[{\"@type\":\"WebPage\",\"@id\":\"https:\/\/mekulo.com\/se\/produkt\/somlos-hallningsbeha-med-ryggstod\/\",\"url\":\"https:\/\/mekulo.com\/se\/produkt\/somlos-hallningsbeha-med-ryggstod\/\",\"name\":\"S\u00f6ml\u00f6s h\u00e5llningsbeh\u00e5 med ryggst\u00f6d - Mekulo SE\",\"isPartOf\":{\"@id\":\"https:\/\/mekulo.com\/se\/#website\"},\"primaryImageOfPage\":{\"@id\":\"https:\/\/mekulo.com\/se\/produkt\/somlos-hallningsbeha-med-ryggstod\/#primaryimage\"},\"image\":{\"@id\":\"https:\/\/mekulo.com\/se\/produkt\/somlos-hallningsbeha-med-ryggstod\/#primaryimage\"},\"thumbnailUrl\":\"https:\/\/mekulo.com\/se\/wp-content\/uploads\/sites\/11\/2026\/02\/zs8s5ja-1.jpg\",\"datePublished\":\"2026-02-12T17:59:35+00:00\",\"dateModified\":\"2026-02-12T19:07:50+00:00\",\"breadcrumb\":{\"@id\":\"https:\/\/mekulo.com\/se\/produkt\/somlos-hallningsbeha-med-ryggstod\/#breadcrumb\"},\"inLanguage\":\"sv-SE\",\"potentialAction\":[{\"@type\":\"ReadAction\",\"target\":[\"https:\/\/mekulo.com\/se\/produkt\/somlos-hallningsbeha-med-ryggstod\/\"]}]},{\"@type\":\"ImageObject\",\"inLanguage\":\"sv-SE\",\"@id\":\"https:\/\/mekulo.com\/se\/produkt\/somlos-hallningsbeha-med-ryggstod\/#primaryimage\",\"url\":\"https:\/\/mekulo.com\/se\/wp-content\/uploads\/sites\/11\/2026\/02\/zs8s5ja-1.jpg\",\"contentUrl\":\"https:\/\/mekulo.com\/se\/wp-content\/uploads\/sites\/11\/2026\/02\/zs8s5ja-1.jpg\",\"width\":637,\"height\":829},{\"@type\":\"BreadcrumbList\",\"@id\":\"https:\/\/mekulo.com\/se\/produkt\/somlos-hallningsbeha-med-ryggstod\/#breadcrumb\",\"itemListElement\":[{\"@type\":\"ListItem\",\"position\":1,\"name\":\"Home\",\"item\":\"https:\/\/mekulo.com\/se\/\"},{\"@type\":\"ListItem\",\"position\":2,\"name\":\"Butik\",\"item\":\"https:\/\/mekulo.com\/se\/butik\/\"},{\"@type\":\"ListItem\",\"position\":3,\"name\":\"S\u00f6ml\u00f6s h\u00e5llningsbeh\u00e5 med ryggst\u00f6d\"}]},{\"@type\":\"WebSite\",\"@id\":\"https:\/\/mekulo.com\/se\/#website\",\"url\":\"https:\/\/mekulo.com\/se\/\",\"name\":\"Mekulo SE\",\"description\":\"\",\"publisher\":{\"@id\":\"https:\/\/mekulo.com\/se\/#organization\"},\"potentialAction\":[{\"@type\":\"SearchAction\",\"target\":{\"@type\":\"EntryPoint\",\"urlTemplate\":\"https:\/\/mekulo.com\/se\/?s={search_term_string}\"},\"query-input\":{\"@type\":\"PropertyValueSpecification\",\"valueRequired\":true,\"valueName\":\"search_term_string\"}}],\"inLanguage\":\"sv-SE\"},{\"@type\":\"Organization\",\"@id\":\"https:\/\/mekulo.com\/se\/#organization\",\"name\":\"Mekulo\",\"url\":\"https:\/\/mekulo.com\/se\/\",\"logo\":{\"@type\":\"ImageObject\",\"inLanguage\":\"sv-SE\",\"@id\":\"https:\/\/mekulo.com\/se\/#\/schema\/logo\/image\/\",\"url\":\"https:\/\/mekulo.com\/se\/wp-content\/uploads\/sites\/11\/2025\/12\/favicon_mekulo.png\",\"contentUrl\":\"https:\/\/mekulo.com\/se\/wp-content\/uploads\/sites\/11\/2025\/12\/favicon_mekulo.png\",\"width\":50,\"height\":50,\"caption\":\"Mekulo\"},\"image\":{\"@id\":\"https:\/\/mekulo.com\/se\/#\/schema\/logo\/image\/\"}}]}<\/script>\n<!-- \/ Yoast SEO plugin. -->","yoast_head_json":{"title":"S\u00f6ml\u00f6s h\u00e5llningsbeh\u00e5 med ryggst\u00f6d - Mekulo SE","robots":{"index":"index","follow":"follow","max-snippet":"max-snippet:-1","max-image-preview":"max-image-preview:large","max-video-preview":"max-video-preview:-1"},"canonical":"https:\/\/mekulo.com\/se\/produkt\/somlos-hallningsbeha-med-ryggstod\/","og_locale":"sv_SE","og_type":"article","og_title":"S\u00f6ml\u00f6s h\u00e5llningsbeh\u00e5 med ryggst\u00f6d - Mekulo SE","og_description":"\u2728Den h\u00e4r s\u00f6ml\u00f6sa bh:n med ryggst\u00f6d \u00e4r utformad f\u00f6r att f\u00f6rb\u00e4ttra din dagliga komfort. \ud83d\udc57Den f\u00f6rst\u00e4rkta ryggstrukturen bidrar till en b\u00e4ttre h\u00e5llning samtidigt som den minskar trycket p\u00e5 axlarna. Den s\u00f6ml\u00f6sa designen f\u00f6rblir osynlig under kl\u00e4derna. \ud83c\udf2c\ufe0fSoft, tyg som andas h\u00e5ller dig sval och bekv\u00e4m hela dagen. Njut av b\u00e4ttre st\u00f6d, f\u00f6rb\u00e4ttrad h\u00e5llning och sj\u00e4lvf\u00f6rtroende i vardagen.","og_url":"https:\/\/mekulo.com\/se\/produkt\/somlos-hallningsbeha-med-ryggstod\/","og_site_name":"Mekulo SE","article_modified_time":"2026-02-12T19:07:50+00:00","og_image":[{"width":637,"height":829,"url":"https:\/\/mekulo.com\/se\/wp-content\/uploads\/sites\/11\/2026\/02\/zs8s5ja-1.jpg","type":"image\/jpeg"}],"twitter_card":"summary_large_image","twitter_misc":{"Ber\u00e4knad l\u00e4stid":"2 minuter"},"schema":{"@context":"https:\/\/schema.org","@graph":[{"@type":"WebPage","@id":"https:\/\/mekulo.com\/se\/produkt\/somlos-hallningsbeha-med-ryggstod\/","url":"https:\/\/mekulo.com\/se\/produkt\/somlos-hallningsbeha-med-ryggstod\/","name":"S\u00f6ml\u00f6s h\u00e5llningsbeh\u00e5 med ryggst\u00f6d - Mekulo SE","isPartOf":{"@id":"https:\/\/mekulo.com\/se\/#website"},"primaryImageOfPage":{"@id":"https:\/\/mekulo.com\/se\/produkt\/somlos-hallningsbeha-med-ryggstod\/#primaryimage"},"image":{"@id":"https:\/\/mekulo.com\/se\/produkt\/somlos-hallningsbeha-med-ryggstod\/#primaryimage"},"thumbnailUrl":"https:\/\/mekulo.com\/se\/wp-content\/uploads\/sites\/11\/2026\/02\/zs8s5ja-1.jpg","datePublished":"2026-02-12T17:59:35+00:00","dateModified":"2026-02-12T19:07:50+00:00","breadcrumb":{"@id":"https:\/\/mekulo.com\/se\/produkt\/somlos-hallningsbeha-med-ryggstod\/#breadcrumb"},"inLanguage":"sv-SE","potentialAction":[{"@type":"ReadAction","target":["https:\/\/mekulo.com\/se\/produkt\/somlos-hallningsbeha-med-ryggstod\/"]}]},{"@type":"ImageObject","inLanguage":"sv-SE","@id":"https:\/\/mekulo.com\/se\/produkt\/somlos-hallningsbeha-med-ryggstod\/#primaryimage","url":"https:\/\/mekulo.com\/se\/wp-content\/uploads\/sites\/11\/2026\/02\/zs8s5ja-1.jpg","contentUrl":"https:\/\/mekulo.com\/se\/wp-content\/uploads\/sites\/11\/2026\/02\/zs8s5ja-1.jpg","width":637,"height":829},{"@type":"BreadcrumbList","@id":"https:\/\/mekulo.com\/se\/produkt\/somlos-hallningsbeha-med-ryggstod\/#breadcrumb","itemListElement":[{"@type":"ListItem","position":1,"name":"Home","item":"https:\/\/mekulo.com\/se\/"},{"@type":"ListItem","position":2,"name":"Butik","item":"https:\/\/mekulo.com\/se\/butik\/"},{"@type":"ListItem","position":3,"name":"S\u00f6ml\u00f6s h\u00e5llningsbeh\u00e5 med ryggst\u00f6d"}]},{"@type":"WebSite","@id":"https:\/\/mekulo.com\/se\/#website","url":"https:\/\/mekulo.com\/se\/","name":"Mekulo SE","description":"","publisher":{"@id":"https:\/\/mekulo.com\/se\/#organization"},"potentialAction":[{"@type":"SearchAction","target":{"@type":"EntryPoint","urlTemplate":"https:\/\/mekulo.com\/se\/?s={search_term_string}"},"query-input":{"@type":"PropertyValueSpecification","valueRequired":true,"valueName":"search_term_string"}}],"inLanguage":"sv-SE"},{"@type":"Organization","@id":"https:\/\/mekulo.com\/se\/#organization","name":"Mekulo","url":"https:\/\/mekulo.com\/se\/","logo":{"@type":"ImageObject","inLanguage":"sv-SE","@id":"https:\/\/mekulo.com\/se\/#\/schema\/logo\/image\/","url":"https:\/\/mekulo.com\/se\/wp-content\/uploads\/sites\/11\/2025\/12\/favicon_mekulo.png","contentUrl":"https:\/\/mekulo.com\/se\/wp-content\/uploads\/sites\/11\/2025\/12\/favicon_mekulo.png","width":50,"height":50,"caption":"Mekulo"},"image":{"@id":"https:\/\/mekulo.com\/se\/#\/schema\/logo\/image\/"}}]}},"_links":{"self":[{"href":"https:\/\/mekulo.com\/se\/wp-json\/wp\/v2\/product\/23188","targetHints":{"allow":["GET"]}}],"collection":[{"href":"https:\/\/mekulo.com\/se\/wp-json\/wp\/v2\/product"}],"about":[{"href":"https:\/\/mekulo.com\/se\/wp-json\/wp\/v2\/types\/product"}],"replies":[{"embeddable":true,"href":"https:\/\/mekulo.com\/se\/wp-json\/wp\/v2\/comments?post=23188"}],"wp:featuredmedia":[{"embeddable":true,"href":"https:\/\/mekulo.com\/se\/wp-json\/wp\/v2\/media\/23184"}],"wp:attachment":[{"href":"https:\/\/mekulo.com\/se\/wp-json\/wp\/v2\/media?parent=23188"}],"wp:term":[{"taxonomy":"product_brand","embeddable":true,"href":"https:\/\/mekulo.com\/se\/wp-json\/wp\/v2\/product_brand?post=23188"},{"taxonomy":"product_cat","embeddable":true,"href":"https:\/\/mekulo.com\/se\/wp-json\/wp\/v2\/product_cat?post=23188"},{"taxonomy":"product_tag","embeddable":true,"href":"https:\/\/mekulo.com\/se\/wp-json\/wp\/v2\/product_tag?post=23188"}],"curies":[{"name":"wp","href":"https:\/\/api.w.org\/{rel}","templated":true}]}}