{"id":23179,"date":"2026-02-12T19:57:47","date_gmt":"2026-02-12T17:57:47","guid":{"rendered":"https:\/\/mekulo.com\/se\/produkt\/harklippare-for-husdjur-med-lag-ljudniva\/"},"modified":"2026-02-12T21:05:02","modified_gmt":"2026-02-12T19:05:02","slug":"harklippare-for-husdjur-med-lag-ljudniva","status":"publish","type":"product","link":"https:\/\/mekulo.com\/se\/produkt\/harklippare-for-husdjur-med-lag-ljudniva\/","title":{"rendered":"H\u00e5rklippare f\u00f6r husdjur med l\u00e5g ljudniv\u00e5"},"content":{"rendered":"<p style=\"text-align: center\"><strong>Trimma ditt husdjur p\u00e5 ett s\u00e4kert, tyst och stressfritt s\u00e4tt. \ud83d\udc08<\/strong><\/p>\n<p><img fetchpriority=\"high\" decoding=\"async\" class=\"size-full wp-image-24615 aligncenter\" src=\"https:\/\/mekulo.com\/template\/wp-content\/uploads\/sites\/6\/2026\/02\/S38050a6298d141368f95887f35a8e7f9U.jpg_960x960q75.jpg_.jpg\" alt=\"\" width=\"960\" height=\"960\" \/><\/p>\n<h2 style=\"text-align: center\" data-start=\"539\" data-end=\"558\"><strong>Huvudf\u00f6rdelar \ud83d\udc36<\/strong><\/h2>\n<p data-start=\"559\" data-end=\"1000\">\ud83d\udc36 L\u00e5g ljudniv\u00e5 &#8211; h\u00e5ller husdjur avslappnade.<\/p>\n<p data-start=\"559\" data-end=\"1000\">\u2702\ufe0f Keramik + titanblad &#8211; j\u00e4mn och s\u00e4ker klippning.<\/p>\n<p data-start=\"559\" data-end=\"1000\">\ud83d\udd0b USB-laddningsbar &#8211; enkel och bekv\u00e4m laddning.<\/p>\n<p data-start=\"559\" data-end=\"1000\">\ud83e\uddfc Tv\u00e4ttbart sk\u00e4rhuvud &#8211; rent och hygieniskt.<\/p>\n<p data-start=\"559\" data-end=\"1000\">\ud83d\udccf 4 guidekammar &#8211; flera trimningsl\u00e4ngder.<\/p>\n<p data-start=\"559\" data-end=\"1000\">\ud83c\udfaf Mikrojusterbart blad &#8211; b\u00e4ttre kontroll och precision.<\/p>\n<p data-start=\"559\" data-end=\"1000\">\ud83d\udc3e Husdjurss\u00e4ker R-formad kant &#8211; Skonsam mot huden.<\/p>\n<p data-start=\"559\" data-end=\"1000\">\ud83d\udc15\u200d\ud83e\uddba Bred kompatibilitet &#8211; F\u00f6r hundar, katter, kaniner &amp; mer.<\/p>\n<p data-start=\"559\" data-end=\"1000\"><img decoding=\"async\" class=\"size-full wp-image-24614 aligncenter\" src=\"https:\/\/mekulo.com\/template\/wp-content\/uploads\/sites\/6\/2026\/02\/Sc85ced15c2774c6db3f55a9a67c1b026G.jpg_960x960q75.jpg_.avif\" alt=\"\" width=\"960\" height=\"960\" \/><\/p>\n<h2 style=\"text-align: center\" data-start=\"1007\" data-end=\"1023\"><strong>Hur man anv\u00e4nder \ud83d\udccc<\/strong><\/h2>\n<ol data-start=\"1024\" data-end=\"1221\">\n<li data-start=\"1024\" data-end=\"1062\">\n<p data-start=\"1027\" data-end=\"1062\">Ladda klipparen helt via USB.<\/p>\n<\/li>\n<li data-start=\"1063\" data-end=\"1103\">\n<p data-start=\"1066\" data-end=\"1103\">V\u00e4lj \u00f6nskad kamtillsats.<\/p>\n<\/li>\n<li data-start=\"1104\" data-end=\"1129\">\n<p data-start=\"1107\" data-end=\"1129\">Sl\u00e5 p\u00e5 klipparen.<\/p>\n<\/li>\n<li data-start=\"1130\" data-end=\"1172\">\n<p data-start=\"1133\" data-end=\"1172\">Trimma f\u00f6rsiktigt l\u00e4ngs h\u00e5rriktningen.<\/p>\n<\/li>\n<li data-start=\"1173\" data-end=\"1221\">\n<p data-start=\"1176\" data-end=\"1221\">Ta bort och reng\u00f6r sk\u00e4rhuvudet efter anv\u00e4ndning.<\/p>\n<\/li>\n<\/ol>\n<h2 style=\"text-align: center\" data-start=\"1228\" data-end=\"1249\"><strong>Produktdetaljer \ud83d\udccf<\/strong><\/h2>\n<ul data-start=\"1250\" data-end=\"1529\">\n<li data-start=\"1250\" data-end=\"1288\">\n<p data-start=\"1252\" data-end=\"1288\">Bladmaterial: Keramik + Titan<\/p>\n<\/li>\n<li data-start=\"1305\" data-end=\"1333\">\n<p data-start=\"1307\" data-end=\"1333\">Batterikapacitet: 600mAh<\/p>\n<\/li>\n<li data-start=\"1334\" data-end=\"1358\">\n<p data-start=\"1336\" data-end=\"1358\">Laddningsmetod: USB<\/p>\n<\/li>\n<li data-start=\"1359\" data-end=\"1398\">\n<p data-start=\"1361\" data-end=\"1398\">Batterityp: 18650 litiumbatteri<\/p>\n<\/li>\n<li data-start=\"1399\" data-end=\"1438\">\n<p data-start=\"1401\" data-end=\"1438\">Kamf\u00e4sten: 3, 6, 9, 12 mm<\/p>\n<\/li>\n<li data-start=\"1439\" data-end=\"1479\">\n<p data-start=\"1441\" data-end=\"1479\">Justerbart sk\u00e4romr\u00e5de: 0,8 &#8211; 2 mm<\/p>\n<\/li>\n<li data-start=\"1480\" data-end=\"1529\">\n<p data-start=\"1482\" data-end=\"1529\">L\u00e4mplig f\u00f6r: Hundar, katter, kaniner, sm\u00e5 husdjur<\/p>\n<\/li>\n<\/ul>\n<h2 style=\"text-align: center\" data-start=\"1536\" data-end=\"1558\"><strong>F\u00f6rpackningen inneh\u00e5ller \ud83d\udce6<\/strong><\/h2>\n<ul data-start=\"1559\" data-end=\"1583\">\n<li data-start=\"1559\" data-end=\"1583\">\n<p data-start=\"1561\" data-end=\"1583\">1x h\u00e5rtrimmer<\/p>\n<\/li>\n<li data-start=\"1559\" data-end=\"1583\">\n<p data-start=\"1561\" data-end=\"1583\">4x guidekammar<\/p>\n<\/li>\n<li data-start=\"1559\" data-end=\"1583\">\n<p data-start=\"1561\" data-end=\"1583\">1x reng\u00f6ringsborste<\/p>\n<\/li>\n<li data-start=\"1559\" data-end=\"1583\">\n<p data-start=\"1561\" data-end=\"1583\">1x USB-laddningskabel.<\/p>\n<\/li>\n<\/ul>\n","protected":false},"excerpt":{"rendered":"<p><span style=\"font-size: 16px;font-style: normal;font-weight: 400\">\ud83d\udc3e<\/span>Den h\u00e4r h\u00e5rklipparen f\u00f6r husdjur med l\u00e5g ljudniv\u00e5 hj\u00e4lper dig att sk\u00f6ta ditt husdjur hemma med l\u00e4tthet.<br \/>\n\u2702\ufe0fThe l\u00e5gbrusmotor h\u00e5ller husdjur lugna, medan det keramiska bladet sk\u00e4r smidigt utan att dra i h\u00e5ret.Den tysta driften minskar stress och r\u00e4dsla under h\u00e5rklippning. Den \u00e4r perfekt f\u00f6r snabba uppfr\u00e4schningar eller hela grooming-sessioner hemma.<br \/>\n\ud83d\udc15Njut av enkel, tyst och s\u00e4ker grooming utan dyra salongsbes\u00f6k.<\/p>\n","protected":false},"featured_media":23175,"comment_status":"open","ping_status":"closed","template":"","meta":{"site-sidebar-layout":"default","site-content-layout":"","ast-site-content-layout":"default","site-content-style":"default","site-sidebar-style":"default","ast-global-header-display":"","ast-banner-title-visibility":"","ast-main-header-display":"","ast-hfb-above-header-display":"","ast-hfb-below-header-display":"","ast-hfb-mobile-header-display":"","site-post-title":"","ast-breadcrumbs-content":"","ast-featured-img":"","footer-sml-layout":"","theme-transparent-header-meta":"default","adv-header-id-meta":"","stick-header-meta":"","header-above-stick-meta":"","header-main-stick-meta":"","header-below-stick-meta":"","astra-migrate-meta-layouts":"set","ast-page-background-enabled":"default","ast-page-background-meta":{"desktop":{"background-color":"var(--ast-global-color-5)","background-image":"","background-repeat":"repeat","background-position":"center center","background-size":"auto","background-attachment":"scroll","background-type":"","background-media":"","overlay-type":"","overlay-color":"","overlay-opacity":"","overlay-gradient":""},"tablet":{"background-color":"","background-image":"","background-repeat":"repeat","background-position":"center center","background-size":"auto","background-attachment":"scroll","background-type":"","background-media":"","overlay-type":"","overlay-color":"","overlay-opacity":"","overlay-gradient":""},"mobile":{"background-color":"","background-image":"","background-repeat":"repeat","background-position":"center center","background-size":"auto","background-attachment":"scroll","background-type":"","background-media":"","overlay-type":"","overlay-color":"","overlay-opacity":"","overlay-gradient":""}},"ast-content-background-meta":{"desktop":{"background-color":"var(--ast-global-color-4)","background-image":"","background-repeat":"repeat","background-position":"center center","background-size":"auto","background-attachment":"scroll","background-type":"","background-media":"","overlay-type":"","overlay-color":"","overlay-opacity":"","overlay-gradient":""},"tablet":{"background-color":"var(--ast-global-color-4)","background-image":"","background-repeat":"repeat","background-position":"center center","background-size":"auto","background-attachment":"scroll","background-type":"","background-media":"","overlay-type":"","overlay-color":"","overlay-opacity":"","overlay-gradient":""},"mobile":{"background-color":"var(--ast-global-color-4)","background-image":"","background-repeat":"repeat","background-position":"center center","background-size":"auto","background-attachment":"scroll","background-type":"","background-media":"","overlay-type":"","overlay-color":"","overlay-opacity":"","overlay-gradient":""}}},"product_brand":[],"product_cat":[169],"product_tag":[],"class_list":{"0":"post-23179","1":"product","2":"type-product","3":"status-publish","4":"has-post-thumbnail","6":"product_cat-husdjursprodukter","7":"desktop-align-left","8":"tablet-align-left","9":"mobile-align-left","11":"first","12":"instock","13":"shipping-taxable","14":"purchasable","15":"product-type-simple"},"yoast_head":"<!-- This site is optimized with the Yoast SEO plugin v26.6 - https:\/\/yoast.com\/wordpress\/plugins\/seo\/ -->\n<title>H\u00e5rklippare f\u00f6r husdjur med l\u00e5g ljudniv\u00e5 - Mekulo SE<\/title>\n<meta name=\"robots\" content=\"index, follow, max-snippet:-1, max-image-preview:large, max-video-preview:-1\" \/>\n<link rel=\"canonical\" href=\"https:\/\/mekulo.com\/se\/produkt\/harklippare-for-husdjur-med-lag-ljudniva\/\" \/>\n<meta property=\"og:locale\" content=\"sv_SE\" \/>\n<meta property=\"og:type\" content=\"article\" \/>\n<meta property=\"og:title\" content=\"H\u00e5rklippare f\u00f6r husdjur med l\u00e5g ljudniv\u00e5 - Mekulo SE\" \/>\n<meta property=\"og:description\" content=\"\ud83d\udc3eDen h\u00e4r h\u00e5rklipparen f\u00f6r husdjur med l\u00e5g ljudniv\u00e5 hj\u00e4lper dig att sk\u00f6ta ditt husdjur hemma med l\u00e4tthet. \u2702\ufe0fThe l\u00e5gbrusmotor h\u00e5ller husdjur lugna, medan det keramiska bladet sk\u00e4r smidigt utan att dra i h\u00e5ret.Den tysta driften minskar stress och r\u00e4dsla under h\u00e5rklippning. Den \u00e4r perfekt f\u00f6r snabba uppfr\u00e4schningar eller hela grooming-sessioner hemma. \ud83d\udc15Njut av enkel, tyst och s\u00e4ker grooming utan dyra salongsbes\u00f6k.\" \/>\n<meta property=\"og:url\" content=\"https:\/\/mekulo.com\/se\/produkt\/harklippare-for-husdjur-med-lag-ljudniva\/\" \/>\n<meta property=\"og:site_name\" content=\"Mekulo SE\" \/>\n<meta property=\"article:modified_time\" content=\"2026-02-12T19:05:02+00:00\" \/>\n<meta property=\"og:image\" content=\"https:\/\/mekulo.com\/se\/wp-content\/uploads\/sites\/11\/2026\/02\/32c7o4i-1.jpg\" \/>\n\t<meta property=\"og:image:width\" content=\"960\" \/>\n\t<meta property=\"og:image:height\" content=\"960\" \/>\n\t<meta property=\"og:image:type\" content=\"image\/jpeg\" \/>\n<meta name=\"twitter:card\" content=\"summary_large_image\" \/>\n<meta name=\"twitter:label1\" content=\"Ber\u00e4knad l\u00e4stid\" \/>\n\t<meta name=\"twitter:data1\" content=\"2 minuter\" \/>\n<script type=\"application\/ld+json\" class=\"yoast-schema-graph\">{\"@context\":\"https:\/\/schema.org\",\"@graph\":[{\"@type\":\"WebPage\",\"@id\":\"https:\/\/mekulo.com\/se\/produkt\/harklippare-for-husdjur-med-lag-ljudniva\/\",\"url\":\"https:\/\/mekulo.com\/se\/produkt\/harklippare-for-husdjur-med-lag-ljudniva\/\",\"name\":\"H\u00e5rklippare f\u00f6r husdjur med l\u00e5g ljudniv\u00e5 - Mekulo SE\",\"isPartOf\":{\"@id\":\"https:\/\/mekulo.com\/se\/#website\"},\"primaryImageOfPage\":{\"@id\":\"https:\/\/mekulo.com\/se\/produkt\/harklippare-for-husdjur-med-lag-ljudniva\/#primaryimage\"},\"image\":{\"@id\":\"https:\/\/mekulo.com\/se\/produkt\/harklippare-for-husdjur-med-lag-ljudniva\/#primaryimage\"},\"thumbnailUrl\":\"https:\/\/mekulo.com\/se\/wp-content\/uploads\/sites\/11\/2026\/02\/32c7o4i-1.jpg\",\"datePublished\":\"2026-02-12T17:57:47+00:00\",\"dateModified\":\"2026-02-12T19:05:02+00:00\",\"breadcrumb\":{\"@id\":\"https:\/\/mekulo.com\/se\/produkt\/harklippare-for-husdjur-med-lag-ljudniva\/#breadcrumb\"},\"inLanguage\":\"sv-SE\",\"potentialAction\":[{\"@type\":\"ReadAction\",\"target\":[\"https:\/\/mekulo.com\/se\/produkt\/harklippare-for-husdjur-med-lag-ljudniva\/\"]}]},{\"@type\":\"ImageObject\",\"inLanguage\":\"sv-SE\",\"@id\":\"https:\/\/mekulo.com\/se\/produkt\/harklippare-for-husdjur-med-lag-ljudniva\/#primaryimage\",\"url\":\"https:\/\/mekulo.com\/se\/wp-content\/uploads\/sites\/11\/2026\/02\/32c7o4i-1.jpg\",\"contentUrl\":\"https:\/\/mekulo.com\/se\/wp-content\/uploads\/sites\/11\/2026\/02\/32c7o4i-1.jpg\",\"width\":960,\"height\":960},{\"@type\":\"BreadcrumbList\",\"@id\":\"https:\/\/mekulo.com\/se\/produkt\/harklippare-for-husdjur-med-lag-ljudniva\/#breadcrumb\",\"itemListElement\":[{\"@type\":\"ListItem\",\"position\":1,\"name\":\"Home\",\"item\":\"https:\/\/mekulo.com\/se\/\"},{\"@type\":\"ListItem\",\"position\":2,\"name\":\"Butik\",\"item\":\"https:\/\/mekulo.com\/se\/butik\/\"},{\"@type\":\"ListItem\",\"position\":3,\"name\":\"H\u00e5rklippare f\u00f6r husdjur med l\u00e5g ljudniv\u00e5\"}]},{\"@type\":\"WebSite\",\"@id\":\"https:\/\/mekulo.com\/se\/#website\",\"url\":\"https:\/\/mekulo.com\/se\/\",\"name\":\"Mekulo SE\",\"description\":\"\",\"publisher\":{\"@id\":\"https:\/\/mekulo.com\/se\/#organization\"},\"potentialAction\":[{\"@type\":\"SearchAction\",\"target\":{\"@type\":\"EntryPoint\",\"urlTemplate\":\"https:\/\/mekulo.com\/se\/?s={search_term_string}\"},\"query-input\":{\"@type\":\"PropertyValueSpecification\",\"valueRequired\":true,\"valueName\":\"search_term_string\"}}],\"inLanguage\":\"sv-SE\"},{\"@type\":\"Organization\",\"@id\":\"https:\/\/mekulo.com\/se\/#organization\",\"name\":\"Mekulo\",\"url\":\"https:\/\/mekulo.com\/se\/\",\"logo\":{\"@type\":\"ImageObject\",\"inLanguage\":\"sv-SE\",\"@id\":\"https:\/\/mekulo.com\/se\/#\/schema\/logo\/image\/\",\"url\":\"https:\/\/mekulo.com\/se\/wp-content\/uploads\/sites\/11\/2025\/12\/favicon_mekulo.png\",\"contentUrl\":\"https:\/\/mekulo.com\/se\/wp-content\/uploads\/sites\/11\/2025\/12\/favicon_mekulo.png\",\"width\":50,\"height\":50,\"caption\":\"Mekulo\"},\"image\":{\"@id\":\"https:\/\/mekulo.com\/se\/#\/schema\/logo\/image\/\"}}]}<\/script>\n<!-- \/ Yoast SEO plugin. -->","yoast_head_json":{"title":"H\u00e5rklippare f\u00f6r husdjur med l\u00e5g ljudniv\u00e5 - Mekulo SE","robots":{"index":"index","follow":"follow","max-snippet":"max-snippet:-1","max-image-preview":"max-image-preview:large","max-video-preview":"max-video-preview:-1"},"canonical":"https:\/\/mekulo.com\/se\/produkt\/harklippare-for-husdjur-med-lag-ljudniva\/","og_locale":"sv_SE","og_type":"article","og_title":"H\u00e5rklippare f\u00f6r husdjur med l\u00e5g ljudniv\u00e5 - Mekulo SE","og_description":"\ud83d\udc3eDen h\u00e4r h\u00e5rklipparen f\u00f6r husdjur med l\u00e5g ljudniv\u00e5 hj\u00e4lper dig att sk\u00f6ta ditt husdjur hemma med l\u00e4tthet. \u2702\ufe0fThe l\u00e5gbrusmotor h\u00e5ller husdjur lugna, medan det keramiska bladet sk\u00e4r smidigt utan att dra i h\u00e5ret.Den tysta driften minskar stress och r\u00e4dsla under h\u00e5rklippning. Den \u00e4r perfekt f\u00f6r snabba uppfr\u00e4schningar eller hela grooming-sessioner hemma. \ud83d\udc15Njut av enkel, tyst och s\u00e4ker grooming utan dyra salongsbes\u00f6k.","og_url":"https:\/\/mekulo.com\/se\/produkt\/harklippare-for-husdjur-med-lag-ljudniva\/","og_site_name":"Mekulo SE","article_modified_time":"2026-02-12T19:05:02+00:00","og_image":[{"width":960,"height":960,"url":"https:\/\/mekulo.com\/se\/wp-content\/uploads\/sites\/11\/2026\/02\/32c7o4i-1.jpg","type":"image\/jpeg"}],"twitter_card":"summary_large_image","twitter_misc":{"Ber\u00e4knad l\u00e4stid":"2 minuter"},"schema":{"@context":"https:\/\/schema.org","@graph":[{"@type":"WebPage","@id":"https:\/\/mekulo.com\/se\/produkt\/harklippare-for-husdjur-med-lag-ljudniva\/","url":"https:\/\/mekulo.com\/se\/produkt\/harklippare-for-husdjur-med-lag-ljudniva\/","name":"H\u00e5rklippare f\u00f6r husdjur med l\u00e5g ljudniv\u00e5 - Mekulo SE","isPartOf":{"@id":"https:\/\/mekulo.com\/se\/#website"},"primaryImageOfPage":{"@id":"https:\/\/mekulo.com\/se\/produkt\/harklippare-for-husdjur-med-lag-ljudniva\/#primaryimage"},"image":{"@id":"https:\/\/mekulo.com\/se\/produkt\/harklippare-for-husdjur-med-lag-ljudniva\/#primaryimage"},"thumbnailUrl":"https:\/\/mekulo.com\/se\/wp-content\/uploads\/sites\/11\/2026\/02\/32c7o4i-1.jpg","datePublished":"2026-02-12T17:57:47+00:00","dateModified":"2026-02-12T19:05:02+00:00","breadcrumb":{"@id":"https:\/\/mekulo.com\/se\/produkt\/harklippare-for-husdjur-med-lag-ljudniva\/#breadcrumb"},"inLanguage":"sv-SE","potentialAction":[{"@type":"ReadAction","target":["https:\/\/mekulo.com\/se\/produkt\/harklippare-for-husdjur-med-lag-ljudniva\/"]}]},{"@type":"ImageObject","inLanguage":"sv-SE","@id":"https:\/\/mekulo.com\/se\/produkt\/harklippare-for-husdjur-med-lag-ljudniva\/#primaryimage","url":"https:\/\/mekulo.com\/se\/wp-content\/uploads\/sites\/11\/2026\/02\/32c7o4i-1.jpg","contentUrl":"https:\/\/mekulo.com\/se\/wp-content\/uploads\/sites\/11\/2026\/02\/32c7o4i-1.jpg","width":960,"height":960},{"@type":"BreadcrumbList","@id":"https:\/\/mekulo.com\/se\/produkt\/harklippare-for-husdjur-med-lag-ljudniva\/#breadcrumb","itemListElement":[{"@type":"ListItem","position":1,"name":"Home","item":"https:\/\/mekulo.com\/se\/"},{"@type":"ListItem","position":2,"name":"Butik","item":"https:\/\/mekulo.com\/se\/butik\/"},{"@type":"ListItem","position":3,"name":"H\u00e5rklippare f\u00f6r husdjur med l\u00e5g ljudniv\u00e5"}]},{"@type":"WebSite","@id":"https:\/\/mekulo.com\/se\/#website","url":"https:\/\/mekulo.com\/se\/","name":"Mekulo SE","description":"","publisher":{"@id":"https:\/\/mekulo.com\/se\/#organization"},"potentialAction":[{"@type":"SearchAction","target":{"@type":"EntryPoint","urlTemplate":"https:\/\/mekulo.com\/se\/?s={search_term_string}"},"query-input":{"@type":"PropertyValueSpecification","valueRequired":true,"valueName":"search_term_string"}}],"inLanguage":"sv-SE"},{"@type":"Organization","@id":"https:\/\/mekulo.com\/se\/#organization","name":"Mekulo","url":"https:\/\/mekulo.com\/se\/","logo":{"@type":"ImageObject","inLanguage":"sv-SE","@id":"https:\/\/mekulo.com\/se\/#\/schema\/logo\/image\/","url":"https:\/\/mekulo.com\/se\/wp-content\/uploads\/sites\/11\/2025\/12\/favicon_mekulo.png","contentUrl":"https:\/\/mekulo.com\/se\/wp-content\/uploads\/sites\/11\/2025\/12\/favicon_mekulo.png","width":50,"height":50,"caption":"Mekulo"},"image":{"@id":"https:\/\/mekulo.com\/se\/#\/schema\/logo\/image\/"}}]}},"_links":{"self":[{"href":"https:\/\/mekulo.com\/se\/wp-json\/wp\/v2\/product\/23179","targetHints":{"allow":["GET"]}}],"collection":[{"href":"https:\/\/mekulo.com\/se\/wp-json\/wp\/v2\/product"}],"about":[{"href":"https:\/\/mekulo.com\/se\/wp-json\/wp\/v2\/types\/product"}],"replies":[{"embeddable":true,"href":"https:\/\/mekulo.com\/se\/wp-json\/wp\/v2\/comments?post=23179"}],"wp:featuredmedia":[{"embeddable":true,"href":"https:\/\/mekulo.com\/se\/wp-json\/wp\/v2\/media\/23175"}],"wp:attachment":[{"href":"https:\/\/mekulo.com\/se\/wp-json\/wp\/v2\/media?parent=23179"}],"wp:term":[{"taxonomy":"product_brand","embeddable":true,"href":"https:\/\/mekulo.com\/se\/wp-json\/wp\/v2\/product_brand?post=23179"},{"taxonomy":"product_cat","embeddable":true,"href":"https:\/\/mekulo.com\/se\/wp-json\/wp\/v2\/product_cat?post=23179"},{"taxonomy":"product_tag","embeddable":true,"href":"https:\/\/mekulo.com\/se\/wp-json\/wp\/v2\/product_tag?post=23179"}],"curies":[{"name":"wp","href":"https:\/\/api.w.org\/{rel}","templated":true}]}}