{"id":23149,"date":"2026-02-12T19:54:56","date_gmt":"2026-02-12T17:54:56","guid":{"rendered":"https:\/\/mekulo.com\/se\/produkt\/refillpasar-i-fisknat-100-st\/"},"modified":"2026-02-12T21:04:02","modified_gmt":"2026-02-12T19:04:02","slug":"refillpasar-i-fisknat-100-st","status":"publish","type":"product","link":"https:\/\/mekulo.com\/se\/produkt\/refillpasar-i-fisknat-100-st\/","title":{"rendered":"Refillp\u00e5sar i fiskn\u00e4t (100 st)"},"content":{"rendered":"<p style=\"text-align: center\"><strong>Leverera betet rent och exakt varje g\u00e5ng. \ud83c\udf0a<\/strong><\/p>\n<p><img fetchpriority=\"high\" decoding=\"async\" class=\"size-full wp-image-24590 aligncenter\" src=\"https:\/\/mekulo.com\/template\/wp-content\/uploads\/sites\/6\/2026\/02\/spp_20250512093822_85113fe3bc93a4275eb53a721f289301.webp\" alt=\"\" width=\"800\" height=\"800\" \/><\/p>\n<h2 style=\"text-align: center\" data-start=\"536\" data-end=\"555\"><strong>Huvudf\u00f6rdelar \ud83c\udfaf<\/strong><\/h2>\n<p data-start=\"556\" data-end=\"981\">\ud83c\udfaf Noggrann betesleverans &#8211; Placera betet exakt d\u00e4r du vill.<\/p>\n<p data-start=\"556\" data-end=\"981\">\ud83e\uddfc Fiske utan r\u00f6ra &#8211; Inget spritt eller bortkastat bete.<\/p>\n<p data-start=\"556\" data-end=\"981\">\ud83d\udcaa H\u00e5llbart n\u00e4t &#8211; Starkt och p\u00e5litligt under kast.<\/p>\n<p data-start=\"556\" data-end=\"981\">\ud83c\udf0a Vattenl\u00f6slig PVA &#8211; L\u00f6ses upp naturligt efter kast.<\/p>\n<p data-start=\"556\" data-end=\"981\">\ud83d\udc1f B\u00e4ttre fiskattraktion &#8211; Koncentrerat betesomr\u00e5de.<\/p>\n<p data-start=\"556\" data-end=\"981\">\ud83c\udf3d Kompatibel med flera beten &#8211; fungerar med majs, pellets, boilies.<\/p>\n<p data-start=\"556\" data-end=\"981\">\u267b\ufe0f \u00c5teranv\u00e4ndbar potential &#8211; praktisk och ekonomisk.<\/p>\n<p data-start=\"556\" data-end=\"981\"><img decoding=\"async\" class=\"size-full wp-image-24593 aligncenter\" src=\"https:\/\/mekulo.com\/template\/wp-content\/uploads\/sites\/6\/2026\/02\/S981baafa4fea4f7f8db168e820c0ee68q.jpg_960x960q75.jpg_.avif\" alt=\"\" width=\"960\" height=\"960\" \/><\/p>\n<h2 style=\"text-align: center\" data-start=\"988\" data-end=\"1004\"><strong>Hur man anv\u00e4nder \ud83d\udccc<\/strong><\/h2>\n<ol data-start=\"1005\" data-end=\"1189\">\n<li data-start=\"1005\" data-end=\"1043\">\n<p data-start=\"1008\" data-end=\"1043\">Fyll n\u00e4tp\u00e5sen med ditt bete.<\/p>\n<\/li>\n<li data-start=\"1044\" data-end=\"1071\">\n<p data-start=\"1047\" data-end=\"1071\">Knyt eller s\u00e4kra \u00e4nden.<\/p>\n<\/li>\n<li data-start=\"1072\" data-end=\"1114\">\n<p data-start=\"1075\" data-end=\"1114\">F\u00e4st vid din rigg eller krok om det beh\u00f6vs.<\/p>\n<\/li>\n<li data-start=\"1115\" data-end=\"1145\">\n<p data-start=\"1118\" data-end=\"1145\">Kasta till din m\u00e5lplats.<\/p>\n<\/li>\n<li data-start=\"1146\" data-end=\"1189\">\n<p data-start=\"1149\" data-end=\"1189\">L\u00e5t PVA l\u00f6sa upp och sl\u00e4pp betet.<\/p>\n<\/li>\n<\/ol>\n<h2 style=\"text-align: center\" data-start=\"1196\" data-end=\"1217\"><strong>Produktdetaljer \ud83d\udccf<\/strong><\/h2>\n<ul data-start=\"1218\" data-end=\"1417\">\n<li data-start=\"1218\" data-end=\"1240\">\n<p data-start=\"1220\" data-end=\"1240\">Material: PVA-n\u00e4t<\/p>\n<\/li>\n<li data-start=\"1241\" data-end=\"1277\">\n<p data-start=\"1243\" data-end=\"1277\">P\u00e5sens l\u00e4ngd: 30 cm<\/p>\n<\/li>\n<li data-start=\"1278\" data-end=\"1306\">\n<p data-start=\"1280\" data-end=\"1306\">Vikt: 64 g per p\u00e5se set<\/p>\n<\/li>\n<li data-start=\"1307\" data-end=\"1355\">\n<p data-start=\"1309\" data-end=\"1355\">Anv\u00e4ndning: Karp-, s\u00f6tvattens- och saltvattensfiske<\/p>\n<\/li>\n<li data-start=\"1356\" data-end=\"1417\">\n<p data-start=\"1358\" data-end=\"1417\">Kompatibilitet: Fasta beten (majs, pellets, boilies etc.)<\/p>\n<\/li>\n<\/ul>\n<h2 style=\"text-align: center\" data-start=\"1424\" data-end=\"1446\"><strong>Paketet inneh\u00e5ller \ud83d\udce6<\/strong><\/h2>\n<ul data-start=\"1447\" data-end=\"1481\">\n<li data-start=\"1447\" data-end=\"1481\">\n<p data-start=\"1449\" data-end=\"1481\">100 st refillp\u00e5sar av fisken\u00e4t.<\/p>\n<\/li>\n<\/ul>\n","protected":false},"excerpt":{"rendered":"<p><span style=\"font-size: 16px;font-style: normal;font-weight: 400\">\ud83c\udfa3<\/span>Designade f\u00f6r sportfiskare som vill ha precision och bekv\u00e4mlighet, dessa n\u00e4tp\u00e5sar h\u00e5ller ditt bete kompakt och redo att kasta.<br \/>\n\ud83d\udc1fDet h\u00e5llbara PVA-n\u00e4tet h\u00e5ller betet s\u00e4kert och l\u00f6ses upp i vatten vid r\u00e4tt tidpunkt.<br \/>\n\ud83d\udca6Detta inneb\u00e4r b\u00e4ttre betesplacering och f\u00f6rb\u00e4ttrad attraktion d\u00e4r fiskar \u00e4ter. En enkel uppgradering f\u00f6r renare, smartare och mer effektiva fiskesessioner.<\/p>\n","protected":false},"featured_media":23145,"comment_status":"open","ping_status":"closed","template":"","meta":{"site-sidebar-layout":"default","site-content-layout":"","ast-site-content-layout":"default","site-content-style":"default","site-sidebar-style":"default","ast-global-header-display":"","ast-banner-title-visibility":"","ast-main-header-display":"","ast-hfb-above-header-display":"","ast-hfb-below-header-display":"","ast-hfb-mobile-header-display":"","site-post-title":"","ast-breadcrumbs-content":"","ast-featured-img":"","footer-sml-layout":"","theme-transparent-header-meta":"default","adv-header-id-meta":"","stick-header-meta":"","header-above-stick-meta":"","header-main-stick-meta":"","header-below-stick-meta":"","astra-migrate-meta-layouts":"set","ast-page-background-enabled":"default","ast-page-background-meta":{"desktop":{"background-color":"var(--ast-global-color-5)","background-image":"","background-repeat":"repeat","background-position":"center center","background-size":"auto","background-attachment":"scroll","background-type":"","background-media":"","overlay-type":"","overlay-color":"","overlay-opacity":"","overlay-gradient":""},"tablet":{"background-color":"","background-image":"","background-repeat":"repeat","background-position":"center center","background-size":"auto","background-attachment":"scroll","background-type":"","background-media":"","overlay-type":"","overlay-color":"","overlay-opacity":"","overlay-gradient":""},"mobile":{"background-color":"","background-image":"","background-repeat":"repeat","background-position":"center center","background-size":"auto","background-attachment":"scroll","background-type":"","background-media":"","overlay-type":"","overlay-color":"","overlay-opacity":"","overlay-gradient":""}},"ast-content-background-meta":{"desktop":{"background-color":"var(--ast-global-color-4)","background-image":"","background-repeat":"repeat","background-position":"center center","background-size":"auto","background-attachment":"scroll","background-type":"","background-media":"","overlay-type":"","overlay-color":"","overlay-opacity":"","overlay-gradient":""},"tablet":{"background-color":"var(--ast-global-color-4)","background-image":"","background-repeat":"repeat","background-position":"center center","background-size":"auto","background-attachment":"scroll","background-type":"","background-media":"","overlay-type":"","overlay-color":"","overlay-opacity":"","overlay-gradient":""},"mobile":{"background-color":"var(--ast-global-color-4)","background-image":"","background-repeat":"repeat","background-position":"center center","background-size":"auto","background-attachment":"scroll","background-type":"","background-media":"","overlay-type":"","overlay-color":"","overlay-opacity":"","overlay-gradient":""}}},"product_brand":[],"product_cat":[167],"product_tag":[],"class_list":{"0":"post-23149","1":"product","2":"type-product","3":"status-publish","4":"has-post-thumbnail","6":"product_cat-vandring-camping-och-fritidsartiklar","7":"desktop-align-left","8":"tablet-align-left","9":"mobile-align-left","11":"first","12":"instock","13":"shipping-taxable","14":"purchasable","15":"product-type-simple"},"yoast_head":"<!-- This site is optimized with the Yoast SEO plugin v26.6 - https:\/\/yoast.com\/wordpress\/plugins\/seo\/ -->\n<title>Refillp\u00e5sar i fiskn\u00e4t (100 st) - Mekulo SE<\/title>\n<meta name=\"robots\" content=\"index, follow, max-snippet:-1, max-image-preview:large, max-video-preview:-1\" \/>\n<link rel=\"canonical\" href=\"https:\/\/mekulo.com\/se\/produkt\/refillpasar-i-fisknat-100-st\/\" \/>\n<meta property=\"og:locale\" content=\"sv_SE\" \/>\n<meta property=\"og:type\" content=\"article\" \/>\n<meta property=\"og:title\" content=\"Refillp\u00e5sar i fiskn\u00e4t (100 st) - Mekulo SE\" \/>\n<meta property=\"og:description\" content=\"\ud83c\udfa3Designade f\u00f6r sportfiskare som vill ha precision och bekv\u00e4mlighet, dessa n\u00e4tp\u00e5sar h\u00e5ller ditt bete kompakt och redo att kasta. \ud83d\udc1fDet h\u00e5llbara PVA-n\u00e4tet h\u00e5ller betet s\u00e4kert och l\u00f6ses upp i vatten vid r\u00e4tt tidpunkt. \ud83d\udca6Detta inneb\u00e4r b\u00e4ttre betesplacering och f\u00f6rb\u00e4ttrad attraktion d\u00e4r fiskar \u00e4ter. En enkel uppgradering f\u00f6r renare, smartare och mer effektiva fiskesessioner.\" \/>\n<meta property=\"og:url\" content=\"https:\/\/mekulo.com\/se\/produkt\/refillpasar-i-fisknat-100-st\/\" \/>\n<meta property=\"og:site_name\" content=\"Mekulo SE\" \/>\n<meta property=\"article:modified_time\" content=\"2026-02-12T19:04:02+00:00\" \/>\n<meta property=\"og:image\" content=\"https:\/\/mekulo.com\/se\/wp-content\/uploads\/sites\/11\/2026\/02\/imulanc-1.webp\" \/>\n\t<meta property=\"og:image:width\" content=\"713\" \/>\n\t<meta property=\"og:image:height\" content=\"713\" \/>\n\t<meta property=\"og:image:type\" content=\"image\/webp\" \/>\n<meta name=\"twitter:card\" content=\"summary_large_image\" \/>\n<meta name=\"twitter:label1\" content=\"Ber\u00e4knad l\u00e4stid\" \/>\n\t<meta name=\"twitter:data1\" content=\"2 minuter\" \/>\n<script type=\"application\/ld+json\" class=\"yoast-schema-graph\">{\"@context\":\"https:\/\/schema.org\",\"@graph\":[{\"@type\":\"WebPage\",\"@id\":\"https:\/\/mekulo.com\/se\/produkt\/refillpasar-i-fisknat-100-st\/\",\"url\":\"https:\/\/mekulo.com\/se\/produkt\/refillpasar-i-fisknat-100-st\/\",\"name\":\"Refillp\u00e5sar i fiskn\u00e4t (100 st) - Mekulo SE\",\"isPartOf\":{\"@id\":\"https:\/\/mekulo.com\/se\/#website\"},\"primaryImageOfPage\":{\"@id\":\"https:\/\/mekulo.com\/se\/produkt\/refillpasar-i-fisknat-100-st\/#primaryimage\"},\"image\":{\"@id\":\"https:\/\/mekulo.com\/se\/produkt\/refillpasar-i-fisknat-100-st\/#primaryimage\"},\"thumbnailUrl\":\"https:\/\/mekulo.com\/se\/wp-content\/uploads\/sites\/11\/2026\/02\/imulanc-1.webp\",\"datePublished\":\"2026-02-12T17:54:56+00:00\",\"dateModified\":\"2026-02-12T19:04:02+00:00\",\"breadcrumb\":{\"@id\":\"https:\/\/mekulo.com\/se\/produkt\/refillpasar-i-fisknat-100-st\/#breadcrumb\"},\"inLanguage\":\"sv-SE\",\"potentialAction\":[{\"@type\":\"ReadAction\",\"target\":[\"https:\/\/mekulo.com\/se\/produkt\/refillpasar-i-fisknat-100-st\/\"]}]},{\"@type\":\"ImageObject\",\"inLanguage\":\"sv-SE\",\"@id\":\"https:\/\/mekulo.com\/se\/produkt\/refillpasar-i-fisknat-100-st\/#primaryimage\",\"url\":\"https:\/\/mekulo.com\/se\/wp-content\/uploads\/sites\/11\/2026\/02\/imulanc-1.webp\",\"contentUrl\":\"https:\/\/mekulo.com\/se\/wp-content\/uploads\/sites\/11\/2026\/02\/imulanc-1.webp\",\"width\":713,\"height\":713},{\"@type\":\"BreadcrumbList\",\"@id\":\"https:\/\/mekulo.com\/se\/produkt\/refillpasar-i-fisknat-100-st\/#breadcrumb\",\"itemListElement\":[{\"@type\":\"ListItem\",\"position\":1,\"name\":\"Home\",\"item\":\"https:\/\/mekulo.com\/se\/\"},{\"@type\":\"ListItem\",\"position\":2,\"name\":\"Butik\",\"item\":\"https:\/\/mekulo.com\/se\/butik\/\"},{\"@type\":\"ListItem\",\"position\":3,\"name\":\"Refillp\u00e5sar i fiskn\u00e4t (100 st)\"}]},{\"@type\":\"WebSite\",\"@id\":\"https:\/\/mekulo.com\/se\/#website\",\"url\":\"https:\/\/mekulo.com\/se\/\",\"name\":\"Mekulo SE\",\"description\":\"\",\"publisher\":{\"@id\":\"https:\/\/mekulo.com\/se\/#organization\"},\"potentialAction\":[{\"@type\":\"SearchAction\",\"target\":{\"@type\":\"EntryPoint\",\"urlTemplate\":\"https:\/\/mekulo.com\/se\/?s={search_term_string}\"},\"query-input\":{\"@type\":\"PropertyValueSpecification\",\"valueRequired\":true,\"valueName\":\"search_term_string\"}}],\"inLanguage\":\"sv-SE\"},{\"@type\":\"Organization\",\"@id\":\"https:\/\/mekulo.com\/se\/#organization\",\"name\":\"Mekulo\",\"url\":\"https:\/\/mekulo.com\/se\/\",\"logo\":{\"@type\":\"ImageObject\",\"inLanguage\":\"sv-SE\",\"@id\":\"https:\/\/mekulo.com\/se\/#\/schema\/logo\/image\/\",\"url\":\"https:\/\/mekulo.com\/se\/wp-content\/uploads\/sites\/11\/2025\/12\/favicon_mekulo.png\",\"contentUrl\":\"https:\/\/mekulo.com\/se\/wp-content\/uploads\/sites\/11\/2025\/12\/favicon_mekulo.png\",\"width\":50,\"height\":50,\"caption\":\"Mekulo\"},\"image\":{\"@id\":\"https:\/\/mekulo.com\/se\/#\/schema\/logo\/image\/\"}}]}<\/script>\n<!-- \/ Yoast SEO plugin. -->","yoast_head_json":{"title":"Refillp\u00e5sar i fiskn\u00e4t (100 st) - Mekulo SE","robots":{"index":"index","follow":"follow","max-snippet":"max-snippet:-1","max-image-preview":"max-image-preview:large","max-video-preview":"max-video-preview:-1"},"canonical":"https:\/\/mekulo.com\/se\/produkt\/refillpasar-i-fisknat-100-st\/","og_locale":"sv_SE","og_type":"article","og_title":"Refillp\u00e5sar i fiskn\u00e4t (100 st) - Mekulo SE","og_description":"\ud83c\udfa3Designade f\u00f6r sportfiskare som vill ha precision och bekv\u00e4mlighet, dessa n\u00e4tp\u00e5sar h\u00e5ller ditt bete kompakt och redo att kasta. \ud83d\udc1fDet h\u00e5llbara PVA-n\u00e4tet h\u00e5ller betet s\u00e4kert och l\u00f6ses upp i vatten vid r\u00e4tt tidpunkt. \ud83d\udca6Detta inneb\u00e4r b\u00e4ttre betesplacering och f\u00f6rb\u00e4ttrad attraktion d\u00e4r fiskar \u00e4ter. En enkel uppgradering f\u00f6r renare, smartare och mer effektiva fiskesessioner.","og_url":"https:\/\/mekulo.com\/se\/produkt\/refillpasar-i-fisknat-100-st\/","og_site_name":"Mekulo SE","article_modified_time":"2026-02-12T19:04:02+00:00","og_image":[{"width":713,"height":713,"url":"https:\/\/mekulo.com\/se\/wp-content\/uploads\/sites\/11\/2026\/02\/imulanc-1.webp","type":"image\/webp"}],"twitter_card":"summary_large_image","twitter_misc":{"Ber\u00e4knad l\u00e4stid":"2 minuter"},"schema":{"@context":"https:\/\/schema.org","@graph":[{"@type":"WebPage","@id":"https:\/\/mekulo.com\/se\/produkt\/refillpasar-i-fisknat-100-st\/","url":"https:\/\/mekulo.com\/se\/produkt\/refillpasar-i-fisknat-100-st\/","name":"Refillp\u00e5sar i fiskn\u00e4t (100 st) - Mekulo SE","isPartOf":{"@id":"https:\/\/mekulo.com\/se\/#website"},"primaryImageOfPage":{"@id":"https:\/\/mekulo.com\/se\/produkt\/refillpasar-i-fisknat-100-st\/#primaryimage"},"image":{"@id":"https:\/\/mekulo.com\/se\/produkt\/refillpasar-i-fisknat-100-st\/#primaryimage"},"thumbnailUrl":"https:\/\/mekulo.com\/se\/wp-content\/uploads\/sites\/11\/2026\/02\/imulanc-1.webp","datePublished":"2026-02-12T17:54:56+00:00","dateModified":"2026-02-12T19:04:02+00:00","breadcrumb":{"@id":"https:\/\/mekulo.com\/se\/produkt\/refillpasar-i-fisknat-100-st\/#breadcrumb"},"inLanguage":"sv-SE","potentialAction":[{"@type":"ReadAction","target":["https:\/\/mekulo.com\/se\/produkt\/refillpasar-i-fisknat-100-st\/"]}]},{"@type":"ImageObject","inLanguage":"sv-SE","@id":"https:\/\/mekulo.com\/se\/produkt\/refillpasar-i-fisknat-100-st\/#primaryimage","url":"https:\/\/mekulo.com\/se\/wp-content\/uploads\/sites\/11\/2026\/02\/imulanc-1.webp","contentUrl":"https:\/\/mekulo.com\/se\/wp-content\/uploads\/sites\/11\/2026\/02\/imulanc-1.webp","width":713,"height":713},{"@type":"BreadcrumbList","@id":"https:\/\/mekulo.com\/se\/produkt\/refillpasar-i-fisknat-100-st\/#breadcrumb","itemListElement":[{"@type":"ListItem","position":1,"name":"Home","item":"https:\/\/mekulo.com\/se\/"},{"@type":"ListItem","position":2,"name":"Butik","item":"https:\/\/mekulo.com\/se\/butik\/"},{"@type":"ListItem","position":3,"name":"Refillp\u00e5sar i fiskn\u00e4t (100 st)"}]},{"@type":"WebSite","@id":"https:\/\/mekulo.com\/se\/#website","url":"https:\/\/mekulo.com\/se\/","name":"Mekulo SE","description":"","publisher":{"@id":"https:\/\/mekulo.com\/se\/#organization"},"potentialAction":[{"@type":"SearchAction","target":{"@type":"EntryPoint","urlTemplate":"https:\/\/mekulo.com\/se\/?s={search_term_string}"},"query-input":{"@type":"PropertyValueSpecification","valueRequired":true,"valueName":"search_term_string"}}],"inLanguage":"sv-SE"},{"@type":"Organization","@id":"https:\/\/mekulo.com\/se\/#organization","name":"Mekulo","url":"https:\/\/mekulo.com\/se\/","logo":{"@type":"ImageObject","inLanguage":"sv-SE","@id":"https:\/\/mekulo.com\/se\/#\/schema\/logo\/image\/","url":"https:\/\/mekulo.com\/se\/wp-content\/uploads\/sites\/11\/2025\/12\/favicon_mekulo.png","contentUrl":"https:\/\/mekulo.com\/se\/wp-content\/uploads\/sites\/11\/2025\/12\/favicon_mekulo.png","width":50,"height":50,"caption":"Mekulo"},"image":{"@id":"https:\/\/mekulo.com\/se\/#\/schema\/logo\/image\/"}}]}},"_links":{"self":[{"href":"https:\/\/mekulo.com\/se\/wp-json\/wp\/v2\/product\/23149","targetHints":{"allow":["GET"]}}],"collection":[{"href":"https:\/\/mekulo.com\/se\/wp-json\/wp\/v2\/product"}],"about":[{"href":"https:\/\/mekulo.com\/se\/wp-json\/wp\/v2\/types\/product"}],"replies":[{"embeddable":true,"href":"https:\/\/mekulo.com\/se\/wp-json\/wp\/v2\/comments?post=23149"}],"wp:featuredmedia":[{"embeddable":true,"href":"https:\/\/mekulo.com\/se\/wp-json\/wp\/v2\/media\/23145"}],"wp:attachment":[{"href":"https:\/\/mekulo.com\/se\/wp-json\/wp\/v2\/media?parent=23149"}],"wp:term":[{"taxonomy":"product_brand","embeddable":true,"href":"https:\/\/mekulo.com\/se\/wp-json\/wp\/v2\/product_brand?post=23149"},{"taxonomy":"product_cat","embeddable":true,"href":"https:\/\/mekulo.com\/se\/wp-json\/wp\/v2\/product_cat?post=23149"},{"taxonomy":"product_tag","embeddable":true,"href":"https:\/\/mekulo.com\/se\/wp-json\/wp\/v2\/product_tag?post=23149"}],"curies":[{"name":"wp","href":"https:\/\/api.w.org\/{rel}","templated":true}]}}