{"id":23116,"date":"2026-02-12T12:38:19","date_gmt":"2026-02-12T10:38:19","guid":{"rendered":"https:\/\/mekulo.com\/se\/produkt\/mycket-effektiv-rattfalla\/"},"modified":"2026-02-12T13:07:47","modified_gmt":"2026-02-12T11:07:47","slug":"mycket-effektiv-rattfalla","status":"publish","type":"product","link":"https:\/\/mekulo.com\/se\/produkt\/mycket-effektiv-rattfalla\/","title":{"rendered":"Mycket effektiv r\u00e5ttf\u00e4lla"},"content":{"rendered":"<p style=\"text-align: center;\" data-start=\"32\" data-end=\"80\"><strong data-start=\"32\" data-end=\"80\">F\u00e5nga flera m\u00f6ss snabbt och effektivt. \ud83d\udc01<\/strong><\/p>\n<p data-start=\"32\" data-end=\"80\"><img fetchpriority=\"high\" decoding=\"async\" class=\"size-full wp-image-24881 aligncenter\" src=\"https:\/\/mekulo.com\/template\/wp-content\/uploads\/sites\/6\/2026\/02\/3-9.jpeg\" alt=\"\" width=\"800\" height=\"800\" \/><\/p>\n<h2 style=\"text-align: center;\" data-start=\"608\" data-end=\"627\">Huvudf\u00f6rdelar \ud83d\udc2d<\/h2>\n<p data-start=\"628\" data-end=\"947\">\ud83d\udc2d H\u00f6gk\u00e4nslig d\u00f6rr &#8211; Snabb och tillf\u00f6rlitlig f\u00e5ngst.<\/p>\n<p data-start=\"628\" data-end=\"947\">\ud83d\udd01 Kontinuerlig cykeldesign &#8211; Ingen st\u00e4ndig \u00e5terst\u00e4llning.<\/p>\n<p data-start=\"628\" data-end=\"947\">\ud83d\udce6 Stor kapacitet &#8211; F\u00e5ngar flera m\u00f6ss.<\/p>\n<p data-start=\"628\" data-end=\"947\">\ud83d\udee1\ufe0f S\u00e4ker anv\u00e4ndning &#8211; Minskar risken f\u00f6r handskador.<\/p>\n<p data-start=\"628\" data-end=\"947\">\ud83d\udca7 Rostbest\u00e4ndigt n\u00e4t &#8211; Fungerar i fuktiga omr\u00e5den.<\/p>\n<p data-start=\"628\" data-end=\"947\">\u267b\ufe0f \u00c5teranv\u00e4ndbar &#8211; L\u00e5ngvarig prestanda.<\/p>\n<p data-start=\"628\" data-end=\"947\"><img decoding=\"async\" class=\"size-full wp-image-24885 aligncenter\" src=\"https:\/\/mekulo.com\/template\/wp-content\/uploads\/sites\/6\/2026\/02\/2-5.jpg\" alt=\"\" width=\"800\" height=\"800\" \/><\/p>\n<h2 style=\"text-align: center;\">Hur man anv\u00e4nder \ud83d\udccc<\/h2>\n<ol data-start=\"971\" data-end=\"1126\">\n<li data-start=\"971\" data-end=\"1003\">\n<p data-start=\"974\" data-end=\"1003\">Placera betet i f\u00e4llan.<\/p>\n<\/li>\n<li data-start=\"1004\" data-end=\"1049\">\n<p data-start=\"1007\" data-end=\"1049\">Placera f\u00e4llan d\u00e4r m\u00f6ssen \u00e4r aktiva.<\/p>\n<\/li>\n<li data-start=\"1050\" data-end=\"1092\">\n<p data-start=\"1053\" data-end=\"1092\">Se till att f\u00e4llan sitter platt och stabilt.<\/p>\n<\/li>\n<li data-start=\"1093\" data-end=\"1126\">\n<p data-start=\"1096\" data-end=\"1126\">Kontrollera och t\u00f6m vid behov.<\/p>\n<\/li>\n<\/ol>\n<h2 style=\"text-align: center;\" data-start=\"1133\" data-end=\"1154\">Produktdetaljer \ud83d\udccf<\/h2>\n<ul data-start=\"1155\" data-end=\"1331\">\n<li data-start=\"1155\" data-end=\"1180\">\n<p data-start=\"1157\" data-end=\"1180\">Storlek: 30 x 22 x 15 cm<\/p>\n<\/li>\n<li data-start=\"1181\" data-end=\"1215\">\n<p data-start=\"1183\" data-end=\"1215\">Material: Galvaniserat j\u00e4rnn\u00e4t<\/p>\n<\/li>\n<li data-start=\"1216\" data-end=\"1251\">\n<p data-start=\"1218\" data-end=\"1251\">Process: Galvaniserad j\u00e4rnfinish<\/p>\n<\/li>\n<li data-start=\"1252\" data-end=\"1287\">\n<p data-start=\"1254\" data-end=\"1287\">Anv\u00e4ndning: Inomhus &amp; fuktiga milj\u00f6er<\/p>\n<\/li>\n<li data-start=\"1288\" data-end=\"1331\">\n<p data-start=\"1290\" data-end=\"1331\">Funktion: Automatisk kontinuerlig f\u00e5ngst<\/p>\n<\/li>\n<\/ul>\n<h2 style=\"text-align: center;\" data-start=\"1338\" data-end=\"1360\">Paketet inneh\u00e5ller \ud83d\udce6<\/h2>\n<ul data-start=\"1361\" data-end=\"1405\">\n<li data-start=\"1361\" data-end=\"1405\">\n<p data-start=\"1363\" data-end=\"1405\">1x mycket effektiv musf\u00e4lla.<\/p>\n<\/li>\n<\/ul>\n","protected":false},"excerpt":{"rendered":"<p>\ud83d\udc2dDen h\u00e4r mycket effektiva musf\u00e4llan anv\u00e4nder en h\u00f6gk\u00e4nslig env\u00e4gsd\u00f6rr f\u00f6r att f\u00e5nga m\u00f6ss utan flykt. Den stora kapaciteten g\u00f6r att du kan f\u00e5nga flera m\u00f6ss samtidigt, vilket minskar behovet av st\u00e4ndig \u00e5terst\u00e4llning.<br \/>\n<span style=\"font-size: 16px; font-style: normal; font-weight: 400;\">\ud83c\udfe0<\/span>Det smarta env\u00e4gssystemet s\u00e4kerst\u00e4ller att m\u00f6ss l\u00e4tt kan komma in men inte ut.<br \/>\n\ud83d\udee1\ufe0fDesigned f\u00f6r upprepad anv\u00e4ndning, erbjuder en praktisk och l\u00e5ngsiktig l\u00f6sning f\u00f6r gnagarbek\u00e4mpning. Ett enkelt och effektivt s\u00e4tt att h\u00e5lla ditt utrymme fritt fr\u00e5n gnagare.<\/p>\n","protected":false},"featured_media":23112,"comment_status":"open","ping_status":"closed","template":"","meta":{"site-sidebar-layout":"default","site-content-layout":"","ast-site-content-layout":"default","site-content-style":"default","site-sidebar-style":"default","ast-global-header-display":"","ast-banner-title-visibility":"","ast-main-header-display":"","ast-hfb-above-header-display":"","ast-hfb-below-header-display":"","ast-hfb-mobile-header-display":"","site-post-title":"","ast-breadcrumbs-content":"","ast-featured-img":"","footer-sml-layout":"","theme-transparent-header-meta":"default","adv-header-id-meta":"","stick-header-meta":"","header-above-stick-meta":"","header-main-stick-meta":"","header-below-stick-meta":"","astra-migrate-meta-layouts":"set","ast-page-background-enabled":"default","ast-page-background-meta":{"desktop":{"background-color":"var(--ast-global-color-5)","background-image":"","background-repeat":"repeat","background-position":"center center","background-size":"auto","background-attachment":"scroll","background-type":"","background-media":"","overlay-type":"","overlay-color":"","overlay-opacity":"","overlay-gradient":""},"tablet":{"background-color":"","background-image":"","background-repeat":"repeat","background-position":"center center","background-size":"auto","background-attachment":"scroll","background-type":"","background-media":"","overlay-type":"","overlay-color":"","overlay-opacity":"","overlay-gradient":""},"mobile":{"background-color":"","background-image":"","background-repeat":"repeat","background-position":"center center","background-size":"auto","background-attachment":"scroll","background-type":"","background-media":"","overlay-type":"","overlay-color":"","overlay-opacity":"","overlay-gradient":""}},"ast-content-background-meta":{"desktop":{"background-color":"var(--ast-global-color-4)","background-image":"","background-repeat":"repeat","background-position":"center center","background-size":"auto","background-attachment":"scroll","background-type":"","background-media":"","overlay-type":"","overlay-color":"","overlay-opacity":"","overlay-gradient":""},"tablet":{"background-color":"var(--ast-global-color-4)","background-image":"","background-repeat":"repeat","background-position":"center center","background-size":"auto","background-attachment":"scroll","background-type":"","background-media":"","overlay-type":"","overlay-color":"","overlay-opacity":"","overlay-gradient":""},"mobile":{"background-color":"var(--ast-global-color-4)","background-image":"","background-repeat":"repeat","background-position":"center center","background-size":"auto","background-attachment":"scroll","background-type":"","background-media":"","overlay-type":"","overlay-color":"","overlay-opacity":"","overlay-gradient":""}}},"product_brand":[],"product_cat":[15],"product_tag":[],"class_list":{"0":"post-23116","1":"product","2":"type-product","3":"status-publish","4":"has-post-thumbnail","6":"product_cat-uncategorized","7":"desktop-align-left","8":"tablet-align-left","9":"mobile-align-left","11":"first","12":"instock","13":"shipping-taxable","14":"purchasable","15":"product-type-simple"},"yoast_head":"<!-- This site is optimized with the Yoast SEO plugin v26.6 - https:\/\/yoast.com\/wordpress\/plugins\/seo\/ -->\n<title>Mycket effektiv r\u00e5ttf\u00e4lla - Mekulo SE<\/title>\n<meta name=\"robots\" content=\"index, follow, max-snippet:-1, max-image-preview:large, max-video-preview:-1\" \/>\n<link rel=\"canonical\" href=\"https:\/\/mekulo.com\/se\/produkt\/mycket-effektiv-rattfalla\/\" \/>\n<meta property=\"og:locale\" content=\"fi_FI\" \/>\n<meta property=\"og:type\" content=\"article\" \/>\n<meta property=\"og:title\" content=\"Mycket effektiv r\u00e5ttf\u00e4lla - Mekulo SE\" \/>\n<meta property=\"og:description\" content=\"\ud83d\udc2dDen h\u00e4r mycket effektiva musf\u00e4llan anv\u00e4nder en h\u00f6gk\u00e4nslig env\u00e4gsd\u00f6rr f\u00f6r att f\u00e5nga m\u00f6ss utan flykt. Den stora kapaciteten g\u00f6r att du kan f\u00e5nga flera m\u00f6ss samtidigt, vilket minskar behovet av st\u00e4ndig \u00e5terst\u00e4llning. \ud83c\udfe0Det smarta env\u00e4gssystemet s\u00e4kerst\u00e4ller att m\u00f6ss l\u00e4tt kan komma in men inte ut. \ud83d\udee1\ufe0fDesigned f\u00f6r upprepad anv\u00e4ndning, erbjuder en praktisk och l\u00e5ngsiktig l\u00f6sning f\u00f6r gnagarbek\u00e4mpning. Ett enkelt och effektivt s\u00e4tt att h\u00e5lla ditt utrymme fritt fr\u00e5n gnagare.\" \/>\n<meta property=\"og:url\" content=\"https:\/\/mekulo.com\/se\/produkt\/mycket-effektiv-rattfalla\/\" \/>\n<meta property=\"og:site_name\" content=\"Mekulo SE\" \/>\n<meta property=\"article:modified_time\" content=\"2026-02-12T11:07:47+00:00\" \/>\n<meta property=\"og:image\" content=\"https:\/\/mekulo.com\/se\/wp-content\/uploads\/sites\/11\/2026\/02\/vsktvg1-1.jpeg\" \/>\n\t<meta property=\"og:image:width\" content=\"800\" \/>\n\t<meta property=\"og:image:height\" content=\"800\" \/>\n\t<meta property=\"og:image:type\" content=\"image\/jpeg\" \/>\n<meta name=\"twitter:card\" content=\"summary_large_image\" \/>\n<meta name=\"twitter:label1\" content=\"Arvioitu lukuaika\" \/>\n\t<meta name=\"twitter:data1\" content=\"2 minuuttia\" \/>\n<script type=\"application\/ld+json\" class=\"yoast-schema-graph\">{\"@context\":\"https:\/\/schema.org\",\"@graph\":[{\"@type\":\"WebPage\",\"@id\":\"https:\/\/mekulo.com\/se\/produkt\/mycket-effektiv-rattfalla\/\",\"url\":\"https:\/\/mekulo.com\/se\/produkt\/mycket-effektiv-rattfalla\/\",\"name\":\"Mycket effektiv r\u00e5ttf\u00e4lla - Mekulo SE\",\"isPartOf\":{\"@id\":\"https:\/\/mekulo.com\/se\/#website\"},\"primaryImageOfPage\":{\"@id\":\"https:\/\/mekulo.com\/se\/produkt\/mycket-effektiv-rattfalla\/#primaryimage\"},\"image\":{\"@id\":\"https:\/\/mekulo.com\/se\/produkt\/mycket-effektiv-rattfalla\/#primaryimage\"},\"thumbnailUrl\":\"https:\/\/mekulo.com\/se\/wp-content\/uploads\/sites\/11\/2026\/02\/vsktvg1-1.jpeg\",\"datePublished\":\"2026-02-12T10:38:19+00:00\",\"dateModified\":\"2026-02-12T11:07:47+00:00\",\"breadcrumb\":{\"@id\":\"https:\/\/mekulo.com\/se\/produkt\/mycket-effektiv-rattfalla\/#breadcrumb\"},\"inLanguage\":\"fi\",\"potentialAction\":[{\"@type\":\"ReadAction\",\"target\":[\"https:\/\/mekulo.com\/se\/produkt\/mycket-effektiv-rattfalla\/\"]}]},{\"@type\":\"ImageObject\",\"inLanguage\":\"fi\",\"@id\":\"https:\/\/mekulo.com\/se\/produkt\/mycket-effektiv-rattfalla\/#primaryimage\",\"url\":\"https:\/\/mekulo.com\/se\/wp-content\/uploads\/sites\/11\/2026\/02\/vsktvg1-1.jpeg\",\"contentUrl\":\"https:\/\/mekulo.com\/se\/wp-content\/uploads\/sites\/11\/2026\/02\/vsktvg1-1.jpeg\",\"width\":800,\"height\":800},{\"@type\":\"BreadcrumbList\",\"@id\":\"https:\/\/mekulo.com\/se\/produkt\/mycket-effektiv-rattfalla\/#breadcrumb\",\"itemListElement\":[{\"@type\":\"ListItem\",\"position\":1,\"name\":\"Home\",\"item\":\"https:\/\/mekulo.com\/se\/\"},{\"@type\":\"ListItem\",\"position\":2,\"name\":\"Butik\",\"item\":\"https:\/\/mekulo.com\/se\/butik\/\"},{\"@type\":\"ListItem\",\"position\":3,\"name\":\"Mycket effektiv r\u00e5ttf\u00e4lla\"}]},{\"@type\":\"WebSite\",\"@id\":\"https:\/\/mekulo.com\/se\/#website\",\"url\":\"https:\/\/mekulo.com\/se\/\",\"name\":\"Mekulo SE\",\"description\":\"\",\"publisher\":{\"@id\":\"https:\/\/mekulo.com\/se\/#organization\"},\"potentialAction\":[{\"@type\":\"SearchAction\",\"target\":{\"@type\":\"EntryPoint\",\"urlTemplate\":\"https:\/\/mekulo.com\/se\/?s={search_term_string}\"},\"query-input\":{\"@type\":\"PropertyValueSpecification\",\"valueRequired\":true,\"valueName\":\"search_term_string\"}}],\"inLanguage\":\"fi\"},{\"@type\":\"Organization\",\"@id\":\"https:\/\/mekulo.com\/se\/#organization\",\"name\":\"Mekulo\",\"url\":\"https:\/\/mekulo.com\/se\/\",\"logo\":{\"@type\":\"ImageObject\",\"inLanguage\":\"fi\",\"@id\":\"https:\/\/mekulo.com\/se\/#\/schema\/logo\/image\/\",\"url\":\"https:\/\/mekulo.com\/se\/wp-content\/uploads\/sites\/11\/2025\/12\/favicon_mekulo.png\",\"contentUrl\":\"https:\/\/mekulo.com\/se\/wp-content\/uploads\/sites\/11\/2025\/12\/favicon_mekulo.png\",\"width\":50,\"height\":50,\"caption\":\"Mekulo\"},\"image\":{\"@id\":\"https:\/\/mekulo.com\/se\/#\/schema\/logo\/image\/\"}}]}<\/script>\n<!-- \/ Yoast SEO plugin. -->","yoast_head_json":{"title":"Mycket effektiv r\u00e5ttf\u00e4lla - Mekulo SE","robots":{"index":"index","follow":"follow","max-snippet":"max-snippet:-1","max-image-preview":"max-image-preview:large","max-video-preview":"max-video-preview:-1"},"canonical":"https:\/\/mekulo.com\/se\/produkt\/mycket-effektiv-rattfalla\/","og_locale":"fi_FI","og_type":"article","og_title":"Mycket effektiv r\u00e5ttf\u00e4lla - Mekulo SE","og_description":"\ud83d\udc2dDen h\u00e4r mycket effektiva musf\u00e4llan anv\u00e4nder en h\u00f6gk\u00e4nslig env\u00e4gsd\u00f6rr f\u00f6r att f\u00e5nga m\u00f6ss utan flykt. Den stora kapaciteten g\u00f6r att du kan f\u00e5nga flera m\u00f6ss samtidigt, vilket minskar behovet av st\u00e4ndig \u00e5terst\u00e4llning. \ud83c\udfe0Det smarta env\u00e4gssystemet s\u00e4kerst\u00e4ller att m\u00f6ss l\u00e4tt kan komma in men inte ut. \ud83d\udee1\ufe0fDesigned f\u00f6r upprepad anv\u00e4ndning, erbjuder en praktisk och l\u00e5ngsiktig l\u00f6sning f\u00f6r gnagarbek\u00e4mpning. Ett enkelt och effektivt s\u00e4tt att h\u00e5lla ditt utrymme fritt fr\u00e5n gnagare.","og_url":"https:\/\/mekulo.com\/se\/produkt\/mycket-effektiv-rattfalla\/","og_site_name":"Mekulo SE","article_modified_time":"2026-02-12T11:07:47+00:00","og_image":[{"width":800,"height":800,"url":"https:\/\/mekulo.com\/se\/wp-content\/uploads\/sites\/11\/2026\/02\/vsktvg1-1.jpeg","type":"image\/jpeg"}],"twitter_card":"summary_large_image","twitter_misc":{"Arvioitu lukuaika":"2 minuuttia"},"schema":{"@context":"https:\/\/schema.org","@graph":[{"@type":"WebPage","@id":"https:\/\/mekulo.com\/se\/produkt\/mycket-effektiv-rattfalla\/","url":"https:\/\/mekulo.com\/se\/produkt\/mycket-effektiv-rattfalla\/","name":"Mycket effektiv r\u00e5ttf\u00e4lla - Mekulo SE","isPartOf":{"@id":"https:\/\/mekulo.com\/se\/#website"},"primaryImageOfPage":{"@id":"https:\/\/mekulo.com\/se\/produkt\/mycket-effektiv-rattfalla\/#primaryimage"},"image":{"@id":"https:\/\/mekulo.com\/se\/produkt\/mycket-effektiv-rattfalla\/#primaryimage"},"thumbnailUrl":"https:\/\/mekulo.com\/se\/wp-content\/uploads\/sites\/11\/2026\/02\/vsktvg1-1.jpeg","datePublished":"2026-02-12T10:38:19+00:00","dateModified":"2026-02-12T11:07:47+00:00","breadcrumb":{"@id":"https:\/\/mekulo.com\/se\/produkt\/mycket-effektiv-rattfalla\/#breadcrumb"},"inLanguage":"fi","potentialAction":[{"@type":"ReadAction","target":["https:\/\/mekulo.com\/se\/produkt\/mycket-effektiv-rattfalla\/"]}]},{"@type":"ImageObject","inLanguage":"fi","@id":"https:\/\/mekulo.com\/se\/produkt\/mycket-effektiv-rattfalla\/#primaryimage","url":"https:\/\/mekulo.com\/se\/wp-content\/uploads\/sites\/11\/2026\/02\/vsktvg1-1.jpeg","contentUrl":"https:\/\/mekulo.com\/se\/wp-content\/uploads\/sites\/11\/2026\/02\/vsktvg1-1.jpeg","width":800,"height":800},{"@type":"BreadcrumbList","@id":"https:\/\/mekulo.com\/se\/produkt\/mycket-effektiv-rattfalla\/#breadcrumb","itemListElement":[{"@type":"ListItem","position":1,"name":"Home","item":"https:\/\/mekulo.com\/se\/"},{"@type":"ListItem","position":2,"name":"Butik","item":"https:\/\/mekulo.com\/se\/butik\/"},{"@type":"ListItem","position":3,"name":"Mycket effektiv r\u00e5ttf\u00e4lla"}]},{"@type":"WebSite","@id":"https:\/\/mekulo.com\/se\/#website","url":"https:\/\/mekulo.com\/se\/","name":"Mekulo SE","description":"","publisher":{"@id":"https:\/\/mekulo.com\/se\/#organization"},"potentialAction":[{"@type":"SearchAction","target":{"@type":"EntryPoint","urlTemplate":"https:\/\/mekulo.com\/se\/?s={search_term_string}"},"query-input":{"@type":"PropertyValueSpecification","valueRequired":true,"valueName":"search_term_string"}}],"inLanguage":"fi"},{"@type":"Organization","@id":"https:\/\/mekulo.com\/se\/#organization","name":"Mekulo","url":"https:\/\/mekulo.com\/se\/","logo":{"@type":"ImageObject","inLanguage":"fi","@id":"https:\/\/mekulo.com\/se\/#\/schema\/logo\/image\/","url":"https:\/\/mekulo.com\/se\/wp-content\/uploads\/sites\/11\/2025\/12\/favicon_mekulo.png","contentUrl":"https:\/\/mekulo.com\/se\/wp-content\/uploads\/sites\/11\/2025\/12\/favicon_mekulo.png","width":50,"height":50,"caption":"Mekulo"},"image":{"@id":"https:\/\/mekulo.com\/se\/#\/schema\/logo\/image\/"}}]}},"_links":{"self":[{"href":"https:\/\/mekulo.com\/se\/wp-json\/wp\/v2\/product\/23116","targetHints":{"allow":["GET"]}}],"collection":[{"href":"https:\/\/mekulo.com\/se\/wp-json\/wp\/v2\/product"}],"about":[{"href":"https:\/\/mekulo.com\/se\/wp-json\/wp\/v2\/types\/product"}],"replies":[{"embeddable":true,"href":"https:\/\/mekulo.com\/se\/wp-json\/wp\/v2\/comments?post=23116"}],"wp:featuredmedia":[{"embeddable":true,"href":"https:\/\/mekulo.com\/se\/wp-json\/wp\/v2\/media\/23112"}],"wp:attachment":[{"href":"https:\/\/mekulo.com\/se\/wp-json\/wp\/v2\/media?parent=23116"}],"wp:term":[{"taxonomy":"product_brand","embeddable":true,"href":"https:\/\/mekulo.com\/se\/wp-json\/wp\/v2\/product_brand?post=23116"},{"taxonomy":"product_cat","embeddable":true,"href":"https:\/\/mekulo.com\/se\/wp-json\/wp\/v2\/product_cat?post=23116"},{"taxonomy":"product_tag","embeddable":true,"href":"https:\/\/mekulo.com\/se\/wp-json\/wp\/v2\/product_tag?post=23116"}],"curies":[{"name":"wp","href":"https:\/\/api.w.org\/{rel}","templated":true}]}}