{"id":23003,"date":"2026-02-10T21:39:15","date_gmt":"2026-02-10T19:39:15","guid":{"rendered":"https:\/\/mekulo.com\/se\/produkt\/tigersagsats-med-snabbvaxling\/"},"modified":"2026-02-10T21:39:15","modified_gmt":"2026-02-10T19:39:15","slug":"tigersagsats-med-snabbvaxling","status":"publish","type":"product","link":"https:\/\/mekulo.com\/se\/produkt\/tigersagsats-med-snabbvaxling\/","title":{"rendered":"Tigers\u00e5gsats med snabbv\u00e4xling"},"content":{"rendered":"<p style=\"text-align: center\" data-start=\"310\" data-end=\"596\"><strong>F\u00f6rvandla Din Borrmaskin Till Ett Kraftfullt Sk\u00e4rverktyg P\u00e5 N\u00e5gra Sekunder. <\/strong><span style=\"font-size: 16px;font-style: normal;font-weight: 400\">\ud83d\udee0\ufe0f<\/span><\/p>\n<p data-start=\"310\" data-end=\"596\"><img fetchpriority=\"high\" decoding=\"async\" class=\"size-full wp-image-24533 aligncenter\" src=\"https:\/\/mekulo.com\/template\/wp-content\/uploads\/sites\/6\/2026\/02\/spp_20250428165126_ce393892110fd7fde8ceeb1e996bd2b5_a1165036-e54f-41e8-8719-8cc668b8ff2b.webp\" alt=\"\" width=\"713\" height=\"713\" \/><\/p>\n<h2 style=\"text-align: center\" data-start=\"603\" data-end=\"620\">Main F\u00f6rdelar \ud83d\udd27<\/h2>\n<p data-start=\"621\" data-end=\"971\">\ud83d\udd27 Verktygsfritt bladbyte &#8211; Snabbt och enkelt sj\u00e4lvl\u00e5sande system.<\/p>\n<p data-start=\"621\" data-end=\"971\">\ud83e\udeb5 Kapning av flera material &#8211; Kapar tr\u00e4, metall, PVC m.m.<\/p>\n<p data-start=\"621\" data-end=\"971\">\ud83d\udcaa H\u00e5llbar konstruktion &#8211; Tillverkad av legerat st\u00e5l f\u00f6r l\u00e5ng livsl\u00e4ngd.<\/p>\n<p data-start=\"621\" data-end=\"971\">\u270b Bekv\u00e4mt grepp &#8211; Stabilt handtag minskar tr\u00f6tthet under l\u00e5ngt arbete.<\/p>\n<p data-start=\"621\" data-end=\"971\">\ud83d\udee1\ufe0f S\u00e4krare anv\u00e4ndning &#8211; Skyddsplattan skyddar h\u00e4nderna fr\u00e5n skr\u00e4p.<\/p>\n<p data-start=\"621\" data-end=\"971\"><img decoding=\"async\" class=\"size-full wp-image-24536 aligncenter\" src=\"https:\/\/mekulo.com\/template\/wp-content\/uploads\/sites\/6\/2026\/02\/S6c6fe6cda19f43ca81c46d95c4907726q.jpg_960x960q75.jpg_.avif\" alt=\"\" width=\"750\" height=\"754\" \/><\/p>\n<h2 style=\"text-align: center\" data-start=\"978\" data-end=\"992\">Anv\u00e4ndning \ud83d\udccc<\/h2>\n<ol data-start=\"993\" data-end=\"1170\">\n<li data-start=\"993\" data-end=\"1040\">\n<p data-start=\"996\" data-end=\"1040\">F\u00e4st s\u00e5gsatsen ordentligt p\u00e5 din borrmaskin.<\/p>\n<\/li>\n<li data-start=\"1041\" data-end=\"1092\">\n<p data-start=\"1044\" data-end=\"1092\">S\u00e4tt in bladet i den sj\u00e4lvl\u00e5sande hylsan.<\/p>\n<\/li>\n<li data-start=\"1093\" data-end=\"1128\">\n<p data-start=\"1096\" data-end=\"1128\">Dra \u00e5t tills det \u00e4r l\u00e5st.<\/p>\n<\/li>\n<li data-start=\"1129\" data-end=\"1170\">\n<p data-start=\"1132\" data-end=\"1170\">S\u00e4tt p\u00e5 borrmaskinen och b\u00f6rja kapa.<\/p>\n<\/li>\n<\/ol>\n<h2 style=\"text-align: center\" data-start=\"1177\" data-end=\"1196\">Produktdetaljer \ud83d\udccf<\/h2>\n<ul data-start=\"1197\" data-end=\"1378\">\n<li data-start=\"1197\" data-end=\"1232\">\n<p data-start=\"1199\" data-end=\"1232\">Material: Plast + legerat st\u00e5l<\/p>\n<\/li>\n<li data-start=\"1233\" data-end=\"1249\">\n<p data-start=\"1235\" data-end=\"1249\">F\u00e4rg: Svart<\/p>\n<\/li>\n<li data-start=\"1250\" data-end=\"1313\">\n<p data-start=\"1252\" data-end=\"1313\">Kompatibilitet: Sladdl\u00f6sa borrmaskiner, kraftborrmaskiner, slagborrmaskiner<\/p>\n<\/li>\n<li data-start=\"1314\" data-end=\"1378\">\n<p data-start=\"1316\" data-end=\"1378\">Funktioner: Snabbt bladbyte, s\u00e4kerhetsskydd, extra handtag<\/p>\n<\/li>\n<\/ul>\n<h2 style=\"text-align: center\" data-start=\"1385\" data-end=\"1405\">Paketet Inneh\u00e5ller \ud83d\udce6<\/h2>\n<ul data-start=\"1406\" data-end=\"1448\">\n<li data-start=\"1406\" data-end=\"1448\">\n<p data-start=\"1408\" data-end=\"1448\">1x tigers\u00e5gsats med snabbt bladbyte.<\/p>\n<\/li>\n<\/ul>\n","protected":false},"excerpt":{"rendered":"<p>\ud83e\udeb5Den h\u00e4r satsen \u00e4r utformad f\u00f6r b\u00e5de g\u00f6r-det-sj\u00e4lvare och proffs, m\u00f6jligg\u00f6r snabba bladbyten utan verktyg och fungerar med de flesta borrmaskiner.<br \/>\n\u2699\ufe0fThe stark konstruktion och smart design hj\u00e4lper dig att slutf\u00f6ra sk\u00e4ruppgifter med mindre anstr\u00e4ngning och mer noggrannhet.<br \/>\n\ud83e\ude9aDen \u00e4r perfekt f\u00f6r reparationer i hemmet, byggnation och verkstadsarbete. En smart och p\u00e5litlig kapl\u00f6sning som uppgraderar din borrmaskin och g\u00f6r varje jobb enklare.<\/p>\n","protected":false},"featured_media":22999,"comment_status":"open","ping_status":"closed","template":"","meta":{"site-sidebar-layout":"default","site-content-layout":"","ast-site-content-layout":"default","site-content-style":"default","site-sidebar-style":"default","ast-global-header-display":"","ast-banner-title-visibility":"","ast-main-header-display":"","ast-hfb-above-header-display":"","ast-hfb-below-header-display":"","ast-hfb-mobile-header-display":"","site-post-title":"","ast-breadcrumbs-content":"","ast-featured-img":"","footer-sml-layout":"","theme-transparent-header-meta":"default","adv-header-id-meta":"","stick-header-meta":"","header-above-stick-meta":"","header-main-stick-meta":"","header-below-stick-meta":"","astra-migrate-meta-layouts":"set","ast-page-background-enabled":"default","ast-page-background-meta":{"desktop":{"background-color":"var(--ast-global-color-5)","background-image":"","background-repeat":"repeat","background-position":"center center","background-size":"auto","background-attachment":"scroll","background-type":"","background-media":"","overlay-type":"","overlay-color":"","overlay-opacity":"","overlay-gradient":""},"tablet":{"background-color":"","background-image":"","background-repeat":"repeat","background-position":"center center","background-size":"auto","background-attachment":"scroll","background-type":"","background-media":"","overlay-type":"","overlay-color":"","overlay-opacity":"","overlay-gradient":""},"mobile":{"background-color":"","background-image":"","background-repeat":"repeat","background-position":"center center","background-size":"auto","background-attachment":"scroll","background-type":"","background-media":"","overlay-type":"","overlay-color":"","overlay-opacity":"","overlay-gradient":""}},"ast-content-background-meta":{"desktop":{"background-color":"var(--ast-global-color-4)","background-image":"","background-repeat":"repeat","background-position":"center center","background-size":"auto","background-attachment":"scroll","background-type":"","background-media":"","overlay-type":"","overlay-color":"","overlay-opacity":"","overlay-gradient":""},"tablet":{"background-color":"var(--ast-global-color-4)","background-image":"","background-repeat":"repeat","background-position":"center center","background-size":"auto","background-attachment":"scroll","background-type":"","background-media":"","overlay-type":"","overlay-color":"","overlay-opacity":"","overlay-gradient":""},"mobile":{"background-color":"var(--ast-global-color-4)","background-image":"","background-repeat":"repeat","background-position":"center center","background-size":"auto","background-attachment":"scroll","background-type":"","background-media":"","overlay-type":"","overlay-color":"","overlay-opacity":"","overlay-gradient":""}}},"product_brand":[],"product_cat":[171],"product_tag":[],"class_list":{"0":"post-23003","1":"product","2":"type-product","3":"status-publish","4":"has-post-thumbnail","6":"product_cat-verktyg","7":"desktop-align-left","8":"tablet-align-left","9":"mobile-align-left","11":"first","12":"instock","13":"shipping-taxable","14":"purchasable","15":"product-type-simple"},"yoast_head":"<!-- This site is optimized with the Yoast SEO plugin v26.6 - https:\/\/yoast.com\/wordpress\/plugins\/seo\/ -->\n<title>Tigers\u00e5gsats med snabbv\u00e4xling - Mekulo SE<\/title>\n<meta name=\"robots\" content=\"index, follow, max-snippet:-1, max-image-preview:large, max-video-preview:-1\" \/>\n<link rel=\"canonical\" href=\"https:\/\/mekulo.com\/se\/produkt\/tigersagsats-med-snabbvaxling\/\" \/>\n<meta property=\"og:locale\" content=\"sv_SE\" \/>\n<meta property=\"og:type\" content=\"article\" \/>\n<meta property=\"og:title\" content=\"Tigers\u00e5gsats med snabbv\u00e4xling - Mekulo SE\" \/>\n<meta property=\"og:description\" content=\"\ud83e\udeb5Den h\u00e4r satsen \u00e4r utformad f\u00f6r b\u00e5de g\u00f6r-det-sj\u00e4lvare och proffs, m\u00f6jligg\u00f6r snabba bladbyten utan verktyg och fungerar med de flesta borrmaskiner. \u2699\ufe0fThe stark konstruktion och smart design hj\u00e4lper dig att slutf\u00f6ra sk\u00e4ruppgifter med mindre anstr\u00e4ngning och mer noggrannhet. \ud83e\ude9aDen \u00e4r perfekt f\u00f6r reparationer i hemmet, byggnation och verkstadsarbete. En smart och p\u00e5litlig kapl\u00f6sning som uppgraderar din borrmaskin och g\u00f6r varje jobb enklare.\" \/>\n<meta property=\"og:url\" content=\"https:\/\/mekulo.com\/se\/produkt\/tigersagsats-med-snabbvaxling\/\" \/>\n<meta property=\"og:site_name\" content=\"Mekulo SE\" \/>\n<meta property=\"og:image\" content=\"https:\/\/mekulo.com\/se\/wp-content\/uploads\/sites\/11\/2026\/02\/uim8uro-1.webp\" \/>\n\t<meta property=\"og:image:width\" content=\"713\" \/>\n\t<meta property=\"og:image:height\" content=\"713\" \/>\n\t<meta property=\"og:image:type\" content=\"image\/webp\" \/>\n<meta name=\"twitter:card\" content=\"summary_large_image\" \/>\n<meta name=\"twitter:label1\" content=\"Ber\u00e4knad l\u00e4stid\" \/>\n\t<meta name=\"twitter:data1\" content=\"2 minuter\" \/>\n<script type=\"application\/ld+json\" class=\"yoast-schema-graph\">{\"@context\":\"https:\/\/schema.org\",\"@graph\":[{\"@type\":\"WebPage\",\"@id\":\"https:\/\/mekulo.com\/se\/produkt\/tigersagsats-med-snabbvaxling\/\",\"url\":\"https:\/\/mekulo.com\/se\/produkt\/tigersagsats-med-snabbvaxling\/\",\"name\":\"Tigers\u00e5gsats med snabbv\u00e4xling - Mekulo SE\",\"isPartOf\":{\"@id\":\"https:\/\/mekulo.com\/se\/#website\"},\"primaryImageOfPage\":{\"@id\":\"https:\/\/mekulo.com\/se\/produkt\/tigersagsats-med-snabbvaxling\/#primaryimage\"},\"image\":{\"@id\":\"https:\/\/mekulo.com\/se\/produkt\/tigersagsats-med-snabbvaxling\/#primaryimage\"},\"thumbnailUrl\":\"https:\/\/mekulo.com\/se\/wp-content\/uploads\/sites\/11\/2026\/02\/uim8uro-1.webp\",\"datePublished\":\"2026-02-10T19:39:15+00:00\",\"breadcrumb\":{\"@id\":\"https:\/\/mekulo.com\/se\/produkt\/tigersagsats-med-snabbvaxling\/#breadcrumb\"},\"inLanguage\":\"sv-SE\",\"potentialAction\":[{\"@type\":\"ReadAction\",\"target\":[\"https:\/\/mekulo.com\/se\/produkt\/tigersagsats-med-snabbvaxling\/\"]}]},{\"@type\":\"ImageObject\",\"inLanguage\":\"sv-SE\",\"@id\":\"https:\/\/mekulo.com\/se\/produkt\/tigersagsats-med-snabbvaxling\/#primaryimage\",\"url\":\"https:\/\/mekulo.com\/se\/wp-content\/uploads\/sites\/11\/2026\/02\/uim8uro-1.webp\",\"contentUrl\":\"https:\/\/mekulo.com\/se\/wp-content\/uploads\/sites\/11\/2026\/02\/uim8uro-1.webp\",\"width\":713,\"height\":713},{\"@type\":\"BreadcrumbList\",\"@id\":\"https:\/\/mekulo.com\/se\/produkt\/tigersagsats-med-snabbvaxling\/#breadcrumb\",\"itemListElement\":[{\"@type\":\"ListItem\",\"position\":1,\"name\":\"Home\",\"item\":\"https:\/\/mekulo.com\/se\/\"},{\"@type\":\"ListItem\",\"position\":2,\"name\":\"Butik\",\"item\":\"https:\/\/mekulo.com\/se\/butik\/\"},{\"@type\":\"ListItem\",\"position\":3,\"name\":\"Tigers\u00e5gsats med snabbv\u00e4xling\"}]},{\"@type\":\"WebSite\",\"@id\":\"https:\/\/mekulo.com\/se\/#website\",\"url\":\"https:\/\/mekulo.com\/se\/\",\"name\":\"Mekulo SE\",\"description\":\"\",\"publisher\":{\"@id\":\"https:\/\/mekulo.com\/se\/#organization\"},\"potentialAction\":[{\"@type\":\"SearchAction\",\"target\":{\"@type\":\"EntryPoint\",\"urlTemplate\":\"https:\/\/mekulo.com\/se\/?s={search_term_string}\"},\"query-input\":{\"@type\":\"PropertyValueSpecification\",\"valueRequired\":true,\"valueName\":\"search_term_string\"}}],\"inLanguage\":\"sv-SE\"},{\"@type\":\"Organization\",\"@id\":\"https:\/\/mekulo.com\/se\/#organization\",\"name\":\"Mekulo\",\"url\":\"https:\/\/mekulo.com\/se\/\",\"logo\":{\"@type\":\"ImageObject\",\"inLanguage\":\"sv-SE\",\"@id\":\"https:\/\/mekulo.com\/se\/#\/schema\/logo\/image\/\",\"url\":\"https:\/\/mekulo.com\/se\/wp-content\/uploads\/sites\/11\/2025\/12\/favicon_mekulo.png\",\"contentUrl\":\"https:\/\/mekulo.com\/se\/wp-content\/uploads\/sites\/11\/2025\/12\/favicon_mekulo.png\",\"width\":50,\"height\":50,\"caption\":\"Mekulo\"},\"image\":{\"@id\":\"https:\/\/mekulo.com\/se\/#\/schema\/logo\/image\/\"}}]}<\/script>\n<!-- \/ Yoast SEO plugin. -->","yoast_head_json":{"title":"Tigers\u00e5gsats med snabbv\u00e4xling - Mekulo SE","robots":{"index":"index","follow":"follow","max-snippet":"max-snippet:-1","max-image-preview":"max-image-preview:large","max-video-preview":"max-video-preview:-1"},"canonical":"https:\/\/mekulo.com\/se\/produkt\/tigersagsats-med-snabbvaxling\/","og_locale":"sv_SE","og_type":"article","og_title":"Tigers\u00e5gsats med snabbv\u00e4xling - Mekulo SE","og_description":"\ud83e\udeb5Den h\u00e4r satsen \u00e4r utformad f\u00f6r b\u00e5de g\u00f6r-det-sj\u00e4lvare och proffs, m\u00f6jligg\u00f6r snabba bladbyten utan verktyg och fungerar med de flesta borrmaskiner. \u2699\ufe0fThe stark konstruktion och smart design hj\u00e4lper dig att slutf\u00f6ra sk\u00e4ruppgifter med mindre anstr\u00e4ngning och mer noggrannhet. \ud83e\ude9aDen \u00e4r perfekt f\u00f6r reparationer i hemmet, byggnation och verkstadsarbete. En smart och p\u00e5litlig kapl\u00f6sning som uppgraderar din borrmaskin och g\u00f6r varje jobb enklare.","og_url":"https:\/\/mekulo.com\/se\/produkt\/tigersagsats-med-snabbvaxling\/","og_site_name":"Mekulo SE","og_image":[{"width":713,"height":713,"url":"https:\/\/mekulo.com\/se\/wp-content\/uploads\/sites\/11\/2026\/02\/uim8uro-1.webp","type":"image\/webp"}],"twitter_card":"summary_large_image","twitter_misc":{"Ber\u00e4knad l\u00e4stid":"2 minuter"},"schema":{"@context":"https:\/\/schema.org","@graph":[{"@type":"WebPage","@id":"https:\/\/mekulo.com\/se\/produkt\/tigersagsats-med-snabbvaxling\/","url":"https:\/\/mekulo.com\/se\/produkt\/tigersagsats-med-snabbvaxling\/","name":"Tigers\u00e5gsats med snabbv\u00e4xling - Mekulo SE","isPartOf":{"@id":"https:\/\/mekulo.com\/se\/#website"},"primaryImageOfPage":{"@id":"https:\/\/mekulo.com\/se\/produkt\/tigersagsats-med-snabbvaxling\/#primaryimage"},"image":{"@id":"https:\/\/mekulo.com\/se\/produkt\/tigersagsats-med-snabbvaxling\/#primaryimage"},"thumbnailUrl":"https:\/\/mekulo.com\/se\/wp-content\/uploads\/sites\/11\/2026\/02\/uim8uro-1.webp","datePublished":"2026-02-10T19:39:15+00:00","breadcrumb":{"@id":"https:\/\/mekulo.com\/se\/produkt\/tigersagsats-med-snabbvaxling\/#breadcrumb"},"inLanguage":"sv-SE","potentialAction":[{"@type":"ReadAction","target":["https:\/\/mekulo.com\/se\/produkt\/tigersagsats-med-snabbvaxling\/"]}]},{"@type":"ImageObject","inLanguage":"sv-SE","@id":"https:\/\/mekulo.com\/se\/produkt\/tigersagsats-med-snabbvaxling\/#primaryimage","url":"https:\/\/mekulo.com\/se\/wp-content\/uploads\/sites\/11\/2026\/02\/uim8uro-1.webp","contentUrl":"https:\/\/mekulo.com\/se\/wp-content\/uploads\/sites\/11\/2026\/02\/uim8uro-1.webp","width":713,"height":713},{"@type":"BreadcrumbList","@id":"https:\/\/mekulo.com\/se\/produkt\/tigersagsats-med-snabbvaxling\/#breadcrumb","itemListElement":[{"@type":"ListItem","position":1,"name":"Home","item":"https:\/\/mekulo.com\/se\/"},{"@type":"ListItem","position":2,"name":"Butik","item":"https:\/\/mekulo.com\/se\/butik\/"},{"@type":"ListItem","position":3,"name":"Tigers\u00e5gsats med snabbv\u00e4xling"}]},{"@type":"WebSite","@id":"https:\/\/mekulo.com\/se\/#website","url":"https:\/\/mekulo.com\/se\/","name":"Mekulo SE","description":"","publisher":{"@id":"https:\/\/mekulo.com\/se\/#organization"},"potentialAction":[{"@type":"SearchAction","target":{"@type":"EntryPoint","urlTemplate":"https:\/\/mekulo.com\/se\/?s={search_term_string}"},"query-input":{"@type":"PropertyValueSpecification","valueRequired":true,"valueName":"search_term_string"}}],"inLanguage":"sv-SE"},{"@type":"Organization","@id":"https:\/\/mekulo.com\/se\/#organization","name":"Mekulo","url":"https:\/\/mekulo.com\/se\/","logo":{"@type":"ImageObject","inLanguage":"sv-SE","@id":"https:\/\/mekulo.com\/se\/#\/schema\/logo\/image\/","url":"https:\/\/mekulo.com\/se\/wp-content\/uploads\/sites\/11\/2025\/12\/favicon_mekulo.png","contentUrl":"https:\/\/mekulo.com\/se\/wp-content\/uploads\/sites\/11\/2025\/12\/favicon_mekulo.png","width":50,"height":50,"caption":"Mekulo"},"image":{"@id":"https:\/\/mekulo.com\/se\/#\/schema\/logo\/image\/"}}]}},"_links":{"self":[{"href":"https:\/\/mekulo.com\/se\/wp-json\/wp\/v2\/product\/23003","targetHints":{"allow":["GET"]}}],"collection":[{"href":"https:\/\/mekulo.com\/se\/wp-json\/wp\/v2\/product"}],"about":[{"href":"https:\/\/mekulo.com\/se\/wp-json\/wp\/v2\/types\/product"}],"replies":[{"embeddable":true,"href":"https:\/\/mekulo.com\/se\/wp-json\/wp\/v2\/comments?post=23003"}],"wp:featuredmedia":[{"embeddable":true,"href":"https:\/\/mekulo.com\/se\/wp-json\/wp\/v2\/media\/22999"}],"wp:attachment":[{"href":"https:\/\/mekulo.com\/se\/wp-json\/wp\/v2\/media?parent=23003"}],"wp:term":[{"taxonomy":"product_brand","embeddable":true,"href":"https:\/\/mekulo.com\/se\/wp-json\/wp\/v2\/product_brand?post=23003"},{"taxonomy":"product_cat","embeddable":true,"href":"https:\/\/mekulo.com\/se\/wp-json\/wp\/v2\/product_cat?post=23003"},{"taxonomy":"product_tag","embeddable":true,"href":"https:\/\/mekulo.com\/se\/wp-json\/wp\/v2\/product_tag?post=23003"}],"curies":[{"name":"wp","href":"https:\/\/api.w.org\/{rel}","templated":true}]}}