{"id":22906,"date":"2026-02-10T16:45:55","date_gmt":"2026-02-10T14:45:55","guid":{"rendered":"https:\/\/mekulo.com\/se\/produkt\/ateranvandbara-sjalvhaftande-ogonfransar-2-par\/"},"modified":"2026-02-10T16:48:53","modified_gmt":"2026-02-10T14:48:53","slug":"ateranvandbara-sjalvhaftande-ogonfransar-2-par","status":"publish","type":"product","link":"https:\/\/mekulo.com\/se\/produkt\/ateranvandbara-sjalvhaftande-ogonfransar-2-par\/","title":{"rendered":"\u00c5teranv\u00e4ndbara sj\u00e4lvh\u00e4ftande \u00f6gonfransar (2 par)"},"content":{"rendered":"<p style=\"text-align: center\" data-start=\"38\" data-end=\"111\"><strong data-start=\"38\" data-end=\"111\">F\u00e5 vackra, naturliga fransar p\u00e5 n\u00e5gra sekunder utan att beh\u00f6va limma dem. \ud83d\udc41\ufe0f<\/strong><\/p>\n<p data-start=\"38\" data-end=\"111\"><img fetchpriority=\"high\" decoding=\"async\" class=\" wp-image-24487 aligncenter\" src=\"https:\/\/mekulo.com\/template\/wp-content\/uploads\/sites\/6\/2026\/02\/80d35320ccdf4bf08f7cda44219de580.webp\" alt=\"\" width=\"550\" height=\"550\" \/><\/p>\n<h2 style=\"text-align: center\" data-start=\"344\" data-end=\"361\"><strong>Huvudsakliga f\u00f6rdelar \u23f1\ufe0f<\/strong><\/h2>\n<p data-start=\"362\" data-end=\"707\">\u2728 Inget lim eller eyeliner beh\u00f6vs &#8211; Sj\u00e4lvh\u00e4ftande design f\u00f6r omedelbar applicering.<\/p>\n<p data-start=\"362\" data-end=\"707\">\u23f1\ufe0f Appliceras p\u00e5 n\u00e5gra sekunder &#8211; Perfekt f\u00f6r hektiska morgnar eller snabba retuscher.<\/p>\n<p data-start=\"362\" data-end=\"707\">\ud83d\udd01 \u00c5teranv\u00e4ndbar och tv\u00e4ttbar &#8211; Hygienisk och l\u00e5ngvarig anv\u00e4ndning.<\/p>\n<p data-start=\"362\" data-end=\"707\">\ud83c\udf3f Naturlig look &#8211; Mjuk b\u00f6jning som sm\u00e4lter in i dina riktiga fransar.<\/p>\n<p data-start=\"362\" data-end=\"707\">\ud83d\udc96 Hudv\u00e4nligt material &#8211; Inga rester, ingen irritation.<\/p>\n<p data-start=\"362\" data-end=\"707\"><img decoding=\"async\" class=\" wp-image-24482 aligncenter\" src=\"https:\/\/mekulo.com\/template\/wp-content\/uploads\/sites\/6\/2026\/02\/Reusable-Self-Adhesive-Eyelashes_08_480x480.jpg\" alt=\"\" width=\"550\" height=\"550\" \/><\/p>\n<h2 style=\"text-align: center\" data-start=\"714\" data-end=\"728\"><strong>Hur Man Anv\u00e4nder \ud83d\udccc<\/strong><\/h2>\n<ol data-start=\"729\" data-end=\"966\">\n<li data-start=\"729\" data-end=\"775\">\n<p data-start=\"732\" data-end=\"775\">Se till att dina \u00f6gonlock \u00e4r rena och torra.<\/p>\n<\/li>\n<li data-start=\"776\" data-end=\"823\">\n<p data-start=\"779\" data-end=\"823\">Ta f\u00f6rsiktigt bort \u00f6gonfransarna fr\u00e5n brickan.<\/p>\n<\/li>\n<li data-start=\"824\" data-end=\"875\">\n<p data-start=\"827\" data-end=\"875\">Placera fransarna l\u00e4ngs din naturliga fransrad.<\/p>\n<\/li>\n<li data-start=\"876\" data-end=\"919\">\n<p data-start=\"879\" data-end=\"919\">Tryck l\u00e4tt f\u00f6r att f\u00e4sta dem.<\/p>\n<\/li>\n<li data-start=\"920\" data-end=\"966\">\n<p data-start=\"923\" data-end=\"966\">Ta bort efter anv\u00e4ndning och reng\u00f6r till n\u00e4sta g\u00e5ng.<\/p>\n<\/li>\n<\/ol>\n<h2 style=\"text-align: center\" data-start=\"973\" data-end=\"992\"><strong>Produktdetaljer \ud83d\udccf<\/strong><\/h2>\n<ul data-start=\"993\" data-end=\"1105\">\n<li data-start=\"993\" data-end=\"1022\">\n<p data-start=\"995\" data-end=\"1022\">Material: 3D mink, Svart linje stj\u00e4lk<\/p>\n<\/li>\n<li data-start=\"1056\" data-end=\"1071\">\n<p data-start=\"1058\" data-end=\"1071\">Vikt: 38g<\/p>\n<\/li>\n<li data-start=\"1056\" data-end=\"1071\">\n<p data-start=\"1058\" data-end=\"1071\">\u00d6gonfransl\u00e4ngd: ca 1cm till 1,5cm<\/p>\n<\/li>\n<li data-start=\"1072\" data-end=\"1105\">\n<p data-start=\"1074\" data-end=\"1105\">Typ: Sj\u00e4lvh\u00e4ftande, \u00e5teranv\u00e4ndbar<\/p>\n<\/li>\n<li data-start=\"1072\" data-end=\"1105\">\n<p data-start=\"1074\" data-end=\"1105\">Vattent\u00e4t, svett- och vindt\u00e4t<\/p>\n<\/li>\n<li data-start=\"1072\" data-end=\"1105\">Kan inte tappas i 24 timmar, kan \u00e5teranv\u00e4ndas 5-7 g\u00e5nger utan deformation<\/li>\n<\/ul>\n<h2 style=\"text-align: center\" data-start=\"1112\" data-end=\"1132\"><strong>Paketet Inkluderar \ud83d\udce6<\/strong><\/h2>\n<ul data-start=\"1133\" data-end=\"1173\">\n<li data-start=\"1133\" data-end=\"1173\">\n<p data-start=\"1135\" data-end=\"1173\">2x par \u00e5teranv\u00e4ndbara sj\u00e4lvh\u00e4ftande \u00f6gonfransar.<\/p>\n<\/li>\n<\/ul>\n","protected":false},"excerpt":{"rendered":"<p>\u2728Dessa \u00e5teranv\u00e4ndbara sj\u00e4lvh\u00e4ftande \u00f6gonfransar \u00e4r snabba att applicera och l\u00e4tta att ta bort, vilket g\u00f6r din sminkrutin snabbare och stressfri.<br \/>\n\ud83d\udc41\ufe0fThey sm\u00e4lter s\u00f6ml\u00f6st in i dina naturliga fransar och sitter bekv\u00e4mt hela dagen utan irritation.<br \/>\n\ud83d\udc57En enkel, elegant fransl\u00f6sning f\u00f6r enkel sk\u00f6nhet varje dag.<\/p>\n","protected":false},"featured_media":22902,"comment_status":"open","ping_status":"closed","template":"","meta":{"site-sidebar-layout":"default","site-content-layout":"","ast-site-content-layout":"default","site-content-style":"default","site-sidebar-style":"default","ast-global-header-display":"","ast-banner-title-visibility":"","ast-main-header-display":"","ast-hfb-above-header-display":"","ast-hfb-below-header-display":"","ast-hfb-mobile-header-display":"","site-post-title":"","ast-breadcrumbs-content":"","ast-featured-img":"","footer-sml-layout":"","theme-transparent-header-meta":"default","adv-header-id-meta":"","stick-header-meta":"","header-above-stick-meta":"","header-main-stick-meta":"","header-below-stick-meta":"","astra-migrate-meta-layouts":"set","ast-page-background-enabled":"default","ast-page-background-meta":{"desktop":{"background-color":"var(--ast-global-color-5)","background-image":"","background-repeat":"repeat","background-position":"center center","background-size":"auto","background-attachment":"scroll","background-type":"","background-media":"","overlay-type":"","overlay-color":"","overlay-opacity":"","overlay-gradient":""},"tablet":{"background-color":"","background-image":"","background-repeat":"repeat","background-position":"center center","background-size":"auto","background-attachment":"scroll","background-type":"","background-media":"","overlay-type":"","overlay-color":"","overlay-opacity":"","overlay-gradient":""},"mobile":{"background-color":"","background-image":"","background-repeat":"repeat","background-position":"center center","background-size":"auto","background-attachment":"scroll","background-type":"","background-media":"","overlay-type":"","overlay-color":"","overlay-opacity":"","overlay-gradient":""}},"ast-content-background-meta":{"desktop":{"background-color":"var(--ast-global-color-4)","background-image":"","background-repeat":"repeat","background-position":"center center","background-size":"auto","background-attachment":"scroll","background-type":"","background-media":"","overlay-type":"","overlay-color":"","overlay-opacity":"","overlay-gradient":""},"tablet":{"background-color":"var(--ast-global-color-4)","background-image":"","background-repeat":"repeat","background-position":"center center","background-size":"auto","background-attachment":"scroll","background-type":"","background-media":"","overlay-type":"","overlay-color":"","overlay-opacity":"","overlay-gradient":""},"mobile":{"background-color":"var(--ast-global-color-4)","background-image":"","background-repeat":"repeat","background-position":"center center","background-size":"auto","background-attachment":"scroll","background-type":"","background-media":"","overlay-type":"","overlay-color":"","overlay-opacity":"","overlay-gradient":""}}},"product_brand":[],"product_cat":[162],"product_tag":[],"class_list":{"0":"post-22906","1":"product","2":"type-product","3":"status-publish","4":"has-post-thumbnail","6":"product_cat-skonhets-och-hygienprodukter","7":"pa_58818_c8x8asib-a","8":"pa_58818_c8x8asib-b","9":"pa_58818_c8x8asib-c","10":"pa_58818_c8x8asib-d","11":"pa_58818_c8x8asib-e","12":"pa_58818_c8x8asib-f","13":"desktop-align-left","14":"tablet-align-left","15":"mobile-align-left","17":"first","18":"instock","19":"shipping-taxable","20":"purchasable","21":"product-type-variable"},"yoast_head":"<!-- This site is optimized with the Yoast SEO plugin v26.6 - https:\/\/yoast.com\/wordpress\/plugins\/seo\/ -->\n<title>\u00c5teranv\u00e4ndbara sj\u00e4lvh\u00e4ftande \u00f6gonfransar (2 par) - Mekulo SE<\/title>\n<meta name=\"robots\" content=\"index, follow, max-snippet:-1, max-image-preview:large, max-video-preview:-1\" \/>\n<link rel=\"canonical\" href=\"https:\/\/mekulo.com\/se\/produkt\/ateranvandbara-sjalvhaftande-ogonfransar-2-par\/\" \/>\n<meta property=\"og:locale\" content=\"sv_SE\" \/>\n<meta property=\"og:type\" content=\"article\" \/>\n<meta property=\"og:title\" content=\"\u00c5teranv\u00e4ndbara sj\u00e4lvh\u00e4ftande \u00f6gonfransar (2 par) - Mekulo SE\" \/>\n<meta property=\"og:description\" content=\"\u2728Dessa \u00e5teranv\u00e4ndbara sj\u00e4lvh\u00e4ftande \u00f6gonfransar \u00e4r snabba att applicera och l\u00e4tta att ta bort, vilket g\u00f6r din sminkrutin snabbare och stressfri. \ud83d\udc41\ufe0fThey sm\u00e4lter s\u00f6ml\u00f6st in i dina naturliga fransar och sitter bekv\u00e4mt hela dagen utan irritation. \ud83d\udc57En enkel, elegant fransl\u00f6sning f\u00f6r enkel sk\u00f6nhet varje dag.\" \/>\n<meta property=\"og:url\" content=\"https:\/\/mekulo.com\/se\/produkt\/ateranvandbara-sjalvhaftande-ogonfransar-2-par\/\" \/>\n<meta property=\"og:site_name\" content=\"Mekulo SE\" \/>\n<meta property=\"article:modified_time\" content=\"2026-02-10T14:48:53+00:00\" \/>\n<meta property=\"og:image\" content=\"https:\/\/mekulo.com\/se\/wp-content\/uploads\/sites\/11\/2026\/02\/fnfhssv-1.jpg\" \/>\n\t<meta property=\"og:image:width\" content=\"800\" \/>\n\t<meta property=\"og:image:height\" content=\"800\" \/>\n\t<meta property=\"og:image:type\" content=\"image\/jpeg\" \/>\n<meta name=\"twitter:card\" content=\"summary_large_image\" \/>\n<meta name=\"twitter:label1\" content=\"Ber\u00e4knad l\u00e4stid\" \/>\n\t<meta name=\"twitter:data1\" content=\"2 minuter\" \/>\n<script type=\"application\/ld+json\" class=\"yoast-schema-graph\">{\"@context\":\"https:\/\/schema.org\",\"@graph\":[{\"@type\":\"WebPage\",\"@id\":\"https:\/\/mekulo.com\/se\/produkt\/ateranvandbara-sjalvhaftande-ogonfransar-2-par\/\",\"url\":\"https:\/\/mekulo.com\/se\/produkt\/ateranvandbara-sjalvhaftande-ogonfransar-2-par\/\",\"name\":\"\u00c5teranv\u00e4ndbara sj\u00e4lvh\u00e4ftande \u00f6gonfransar (2 par) - Mekulo SE\",\"isPartOf\":{\"@id\":\"https:\/\/mekulo.com\/se\/#website\"},\"primaryImageOfPage\":{\"@id\":\"https:\/\/mekulo.com\/se\/produkt\/ateranvandbara-sjalvhaftande-ogonfransar-2-par\/#primaryimage\"},\"image\":{\"@id\":\"https:\/\/mekulo.com\/se\/produkt\/ateranvandbara-sjalvhaftande-ogonfransar-2-par\/#primaryimage\"},\"thumbnailUrl\":\"https:\/\/mekulo.com\/se\/wp-content\/uploads\/sites\/11\/2026\/02\/fnfhssv-1.jpg\",\"datePublished\":\"2026-02-10T14:45:55+00:00\",\"dateModified\":\"2026-02-10T14:48:53+00:00\",\"breadcrumb\":{\"@id\":\"https:\/\/mekulo.com\/se\/produkt\/ateranvandbara-sjalvhaftande-ogonfransar-2-par\/#breadcrumb\"},\"inLanguage\":\"sv-SE\",\"potentialAction\":[{\"@type\":\"ReadAction\",\"target\":[\"https:\/\/mekulo.com\/se\/produkt\/ateranvandbara-sjalvhaftande-ogonfransar-2-par\/\"]}]},{\"@type\":\"ImageObject\",\"inLanguage\":\"sv-SE\",\"@id\":\"https:\/\/mekulo.com\/se\/produkt\/ateranvandbara-sjalvhaftande-ogonfransar-2-par\/#primaryimage\",\"url\":\"https:\/\/mekulo.com\/se\/wp-content\/uploads\/sites\/11\/2026\/02\/fnfhssv-1.jpg\",\"contentUrl\":\"https:\/\/mekulo.com\/se\/wp-content\/uploads\/sites\/11\/2026\/02\/fnfhssv-1.jpg\",\"width\":800,\"height\":800},{\"@type\":\"BreadcrumbList\",\"@id\":\"https:\/\/mekulo.com\/se\/produkt\/ateranvandbara-sjalvhaftande-ogonfransar-2-par\/#breadcrumb\",\"itemListElement\":[{\"@type\":\"ListItem\",\"position\":1,\"name\":\"Home\",\"item\":\"https:\/\/mekulo.com\/se\/\"},{\"@type\":\"ListItem\",\"position\":2,\"name\":\"Butik\",\"item\":\"https:\/\/mekulo.com\/se\/butik\/\"},{\"@type\":\"ListItem\",\"position\":3,\"name\":\"\u00c5teranv\u00e4ndbara sj\u00e4lvh\u00e4ftande \u00f6gonfransar (2 par)\"}]},{\"@type\":\"WebSite\",\"@id\":\"https:\/\/mekulo.com\/se\/#website\",\"url\":\"https:\/\/mekulo.com\/se\/\",\"name\":\"Mekulo SE\",\"description\":\"\",\"publisher\":{\"@id\":\"https:\/\/mekulo.com\/se\/#organization\"},\"potentialAction\":[{\"@type\":\"SearchAction\",\"target\":{\"@type\":\"EntryPoint\",\"urlTemplate\":\"https:\/\/mekulo.com\/se\/?s={search_term_string}\"},\"query-input\":{\"@type\":\"PropertyValueSpecification\",\"valueRequired\":true,\"valueName\":\"search_term_string\"}}],\"inLanguage\":\"sv-SE\"},{\"@type\":\"Organization\",\"@id\":\"https:\/\/mekulo.com\/se\/#organization\",\"name\":\"Mekulo\",\"url\":\"https:\/\/mekulo.com\/se\/\",\"logo\":{\"@type\":\"ImageObject\",\"inLanguage\":\"sv-SE\",\"@id\":\"https:\/\/mekulo.com\/se\/#\/schema\/logo\/image\/\",\"url\":\"https:\/\/mekulo.com\/se\/wp-content\/uploads\/sites\/11\/2025\/12\/favicon_mekulo.png\",\"contentUrl\":\"https:\/\/mekulo.com\/se\/wp-content\/uploads\/sites\/11\/2025\/12\/favicon_mekulo.png\",\"width\":50,\"height\":50,\"caption\":\"Mekulo\"},\"image\":{\"@id\":\"https:\/\/mekulo.com\/se\/#\/schema\/logo\/image\/\"}}]}<\/script>\n<!-- \/ Yoast SEO plugin. -->","yoast_head_json":{"title":"\u00c5teranv\u00e4ndbara sj\u00e4lvh\u00e4ftande \u00f6gonfransar (2 par) - Mekulo SE","robots":{"index":"index","follow":"follow","max-snippet":"max-snippet:-1","max-image-preview":"max-image-preview:large","max-video-preview":"max-video-preview:-1"},"canonical":"https:\/\/mekulo.com\/se\/produkt\/ateranvandbara-sjalvhaftande-ogonfransar-2-par\/","og_locale":"sv_SE","og_type":"article","og_title":"\u00c5teranv\u00e4ndbara sj\u00e4lvh\u00e4ftande \u00f6gonfransar (2 par) - Mekulo SE","og_description":"\u2728Dessa \u00e5teranv\u00e4ndbara sj\u00e4lvh\u00e4ftande \u00f6gonfransar \u00e4r snabba att applicera och l\u00e4tta att ta bort, vilket g\u00f6r din sminkrutin snabbare och stressfri. \ud83d\udc41\ufe0fThey sm\u00e4lter s\u00f6ml\u00f6st in i dina naturliga fransar och sitter bekv\u00e4mt hela dagen utan irritation. \ud83d\udc57En enkel, elegant fransl\u00f6sning f\u00f6r enkel sk\u00f6nhet varje dag.","og_url":"https:\/\/mekulo.com\/se\/produkt\/ateranvandbara-sjalvhaftande-ogonfransar-2-par\/","og_site_name":"Mekulo SE","article_modified_time":"2026-02-10T14:48:53+00:00","og_image":[{"width":800,"height":800,"url":"https:\/\/mekulo.com\/se\/wp-content\/uploads\/sites\/11\/2026\/02\/fnfhssv-1.jpg","type":"image\/jpeg"}],"twitter_card":"summary_large_image","twitter_misc":{"Ber\u00e4knad l\u00e4stid":"2 minuter"},"schema":{"@context":"https:\/\/schema.org","@graph":[{"@type":"WebPage","@id":"https:\/\/mekulo.com\/se\/produkt\/ateranvandbara-sjalvhaftande-ogonfransar-2-par\/","url":"https:\/\/mekulo.com\/se\/produkt\/ateranvandbara-sjalvhaftande-ogonfransar-2-par\/","name":"\u00c5teranv\u00e4ndbara sj\u00e4lvh\u00e4ftande \u00f6gonfransar (2 par) - Mekulo SE","isPartOf":{"@id":"https:\/\/mekulo.com\/se\/#website"},"primaryImageOfPage":{"@id":"https:\/\/mekulo.com\/se\/produkt\/ateranvandbara-sjalvhaftande-ogonfransar-2-par\/#primaryimage"},"image":{"@id":"https:\/\/mekulo.com\/se\/produkt\/ateranvandbara-sjalvhaftande-ogonfransar-2-par\/#primaryimage"},"thumbnailUrl":"https:\/\/mekulo.com\/se\/wp-content\/uploads\/sites\/11\/2026\/02\/fnfhssv-1.jpg","datePublished":"2026-02-10T14:45:55+00:00","dateModified":"2026-02-10T14:48:53+00:00","breadcrumb":{"@id":"https:\/\/mekulo.com\/se\/produkt\/ateranvandbara-sjalvhaftande-ogonfransar-2-par\/#breadcrumb"},"inLanguage":"sv-SE","potentialAction":[{"@type":"ReadAction","target":["https:\/\/mekulo.com\/se\/produkt\/ateranvandbara-sjalvhaftande-ogonfransar-2-par\/"]}]},{"@type":"ImageObject","inLanguage":"sv-SE","@id":"https:\/\/mekulo.com\/se\/produkt\/ateranvandbara-sjalvhaftande-ogonfransar-2-par\/#primaryimage","url":"https:\/\/mekulo.com\/se\/wp-content\/uploads\/sites\/11\/2026\/02\/fnfhssv-1.jpg","contentUrl":"https:\/\/mekulo.com\/se\/wp-content\/uploads\/sites\/11\/2026\/02\/fnfhssv-1.jpg","width":800,"height":800},{"@type":"BreadcrumbList","@id":"https:\/\/mekulo.com\/se\/produkt\/ateranvandbara-sjalvhaftande-ogonfransar-2-par\/#breadcrumb","itemListElement":[{"@type":"ListItem","position":1,"name":"Home","item":"https:\/\/mekulo.com\/se\/"},{"@type":"ListItem","position":2,"name":"Butik","item":"https:\/\/mekulo.com\/se\/butik\/"},{"@type":"ListItem","position":3,"name":"\u00c5teranv\u00e4ndbara sj\u00e4lvh\u00e4ftande \u00f6gonfransar (2 par)"}]},{"@type":"WebSite","@id":"https:\/\/mekulo.com\/se\/#website","url":"https:\/\/mekulo.com\/se\/","name":"Mekulo SE","description":"","publisher":{"@id":"https:\/\/mekulo.com\/se\/#organization"},"potentialAction":[{"@type":"SearchAction","target":{"@type":"EntryPoint","urlTemplate":"https:\/\/mekulo.com\/se\/?s={search_term_string}"},"query-input":{"@type":"PropertyValueSpecification","valueRequired":true,"valueName":"search_term_string"}}],"inLanguage":"sv-SE"},{"@type":"Organization","@id":"https:\/\/mekulo.com\/se\/#organization","name":"Mekulo","url":"https:\/\/mekulo.com\/se\/","logo":{"@type":"ImageObject","inLanguage":"sv-SE","@id":"https:\/\/mekulo.com\/se\/#\/schema\/logo\/image\/","url":"https:\/\/mekulo.com\/se\/wp-content\/uploads\/sites\/11\/2025\/12\/favicon_mekulo.png","contentUrl":"https:\/\/mekulo.com\/se\/wp-content\/uploads\/sites\/11\/2025\/12\/favicon_mekulo.png","width":50,"height":50,"caption":"Mekulo"},"image":{"@id":"https:\/\/mekulo.com\/se\/#\/schema\/logo\/image\/"}}]}},"_links":{"self":[{"href":"https:\/\/mekulo.com\/se\/wp-json\/wp\/v2\/product\/22906","targetHints":{"allow":["GET"]}}],"collection":[{"href":"https:\/\/mekulo.com\/se\/wp-json\/wp\/v2\/product"}],"about":[{"href":"https:\/\/mekulo.com\/se\/wp-json\/wp\/v2\/types\/product"}],"replies":[{"embeddable":true,"href":"https:\/\/mekulo.com\/se\/wp-json\/wp\/v2\/comments?post=22906"}],"wp:featuredmedia":[{"embeddable":true,"href":"https:\/\/mekulo.com\/se\/wp-json\/wp\/v2\/media\/22902"}],"wp:attachment":[{"href":"https:\/\/mekulo.com\/se\/wp-json\/wp\/v2\/media?parent=22906"}],"wp:term":[{"taxonomy":"product_brand","embeddable":true,"href":"https:\/\/mekulo.com\/se\/wp-json\/wp\/v2\/product_brand?post=22906"},{"taxonomy":"product_cat","embeddable":true,"href":"https:\/\/mekulo.com\/se\/wp-json\/wp\/v2\/product_cat?post=22906"},{"taxonomy":"product_tag","embeddable":true,"href":"https:\/\/mekulo.com\/se\/wp-json\/wp\/v2\/product_tag?post=22906"}],"curies":[{"name":"wp","href":"https:\/\/api.w.org\/{rel}","templated":true}]}}