{"id":22882,"date":"2026-02-10T16:42:50","date_gmt":"2026-02-10T14:42:50","guid":{"rendered":"https:\/\/mekulo.com\/se\/produkt\/geststyrt-stuntfordon\/"},"modified":"2026-02-10T16:42:59","modified_gmt":"2026-02-10T14:42:59","slug":"geststyrt-stuntfordon","status":"publish","type":"product","link":"https:\/\/mekulo.com\/se\/produkt\/geststyrt-stuntfordon\/","title":{"rendered":"Geststyrt stuntfordon"},"content":{"rendered":"<p style=\"text-align: center\" data-start=\"38\" data-end=\"117\"><strong data-start=\"38\" data-end=\"117\">Styr bilen med enkla handr\u00f6relser och utf\u00f6r fantastiska 360\u00b0-stunts. \ud83d\udd04<\/strong><\/p>\n<p data-start=\"38\" data-end=\"117\"><img fetchpriority=\"high\" decoding=\"async\" class=\"size-full wp-image-24468 aligncenter\" src=\"https:\/\/mekulo.com\/template\/wp-content\/uploads\/sites\/6\/2026\/02\/S434361de16c74e1ba2c05765062885cdQ.webp\" alt=\"\" width=\"1601\" height=\"1601\" \/><\/p>\n<h2 style=\"text-align: center\" data-start=\"446\" data-end=\"463\">Huvudf\u00f6rdelar \ud83e\udd16<\/h2>\n<p data-start=\"464\" data-end=\"780\">\ud83e\udd16 Geststyrning &amp; fj\u00e4rrkontroll &#8211; V\u00e4lj handkontroll eller standardfj\u00e4rrkontroll.<\/p>\n<p data-start=\"464\" data-end=\"780\">\ud83d\udd04 360\u00b0 driftstunts &#8211; Snurra, glid och utf\u00f6r coola trick.<\/p>\n<p data-start=\"464\" data-end=\"780\">\ud83d\udee1\ufe0f S\u00e4ker ABS-kropp &#8211; St\u00f6ts\u00e4ker med sl\u00e4ta kanter.<\/p>\n<p data-start=\"464\" data-end=\"780\">\ud83d\udd0b Uppladdningsbart batteri &#8211; Enkel laddning f\u00f6r l\u00e4ngre speltid.<\/p>\n<p data-start=\"464\" data-end=\"780\">\ud83c\udf81 Perfekt present &#8211; Perfekt f\u00f6r barn i \u00e5ldrarna 4-15.<\/p>\n<p data-start=\"464\" data-end=\"780\"><img decoding=\"async\" class=\"size-full wp-image-24467 aligncenter\" src=\"https:\/\/mekulo.com\/template\/wp-content\/uploads\/sites\/6\/2026\/02\/S56a5eca163f84015adcf5ccdc58fd978Y.webp\" alt=\"\" width=\"1601\" height=\"1601\" \/><\/p>\n<h2 style=\"text-align: center\" data-start=\"787\" data-end=\"801\">Hur man anv\u00e4nder \ud83d\udccc<\/h2>\n<ol data-start=\"802\" data-end=\"1037\">\n<li data-start=\"802\" data-end=\"853\">\n<p data-start=\"805\" data-end=\"853\">Ladda bilbatteriet helt f\u00f6re f\u00f6rsta anv\u00e4ndningen.<\/p>\n<\/li>\n<li data-start=\"854\" data-end=\"925\">\n<p data-start=\"857\" data-end=\"925\">S\u00e4tt i batterier i fj\u00e4rrkontrollen och gestkontrollen om det beh\u00f6vs.<\/p>\n<\/li>\n<li data-start=\"926\" data-end=\"971\">\n<p data-start=\"929\" data-end=\"971\">Sl\u00e5 p\u00e5 bilen och v\u00e4lj kontroll\u00e4ge.<\/p>\n<\/li>\n<li data-start=\"972\" data-end=\"1037\">\n<p data-start=\"975\" data-end=\"1037\">Anv\u00e4nd handgester eller fj\u00e4rrkontrollen f\u00f6r att k\u00f6ra och utf\u00f6ra stunts.<\/p>\n<\/li>\n<\/ol>\n<h2 style=\"text-align: center\" data-start=\"1044\" data-end=\"1063\">Produktdetaljer \ud83d\udccf<\/h2>\n<ul data-start=\"1064\" data-end=\"1293\">\n<li data-start=\"1064\" data-end=\"1105\">\n<p data-start=\"1066\" data-end=\"1105\">Material: ABS + elektroniska komponenter<\/p>\n<\/li>\n<li data-start=\"1106\" data-end=\"1138\">\n<p data-start=\"1108\" data-end=\"1138\">Storlek: 24 x 12 x 7 cm<\/p>\n<\/li>\n<li data-start=\"1139\" data-end=\"1182\">\n<p data-start=\"1141\" data-end=\"1182\">Kroppsbatteri: 3,7V uppladdningsbart batteri<\/p>\n<\/li>\n<li data-start=\"1183\" data-end=\"1212\">\n<p data-start=\"1185\" data-end=\"1212\">Batterikapacitet: 1200mAh<\/p>\n<\/li>\n<li data-start=\"1213\" data-end=\"1264\">\n<p data-start=\"1215\" data-end=\"1264\">Kontrolll\u00e4gen: Geststyrning + fj\u00e4rrkontroll<\/p>\n<\/li>\n<li data-start=\"1265\" data-end=\"1293\">\n<p data-start=\"1267\" data-end=\"1293\">L\u00e4mplig \u00e5lder: 4-15 \u00e5r<\/p>\n<\/li>\n<\/ul>\n<h2 style=\"text-align: center\" data-start=\"1300\" data-end=\"1320\">Paketet inneh\u00e5ller \ud83d\udce6<\/h2>\n<ul data-start=\"1321\" data-end=\"1494\">\n<li data-start=\"1321\" data-end=\"1361\">\n<p data-start=\"1323\" data-end=\"1361\">1x geststyrt stuntfordon<\/p>\n<\/li>\n<li data-start=\"1362\" data-end=\"1390\">\n<p data-start=\"1364\" data-end=\"1390\">1x uppladdningsbart batteri<\/p>\n<\/li>\n<li data-start=\"1391\" data-end=\"1413\">\n<p data-start=\"1393\" data-end=\"1413\">1x fj\u00e4rrkontroll<\/p>\n<\/li>\n<li data-start=\"1414\" data-end=\"1444\">\n<p data-start=\"1416\" data-end=\"1444\">1x geststyrd fj\u00e4rrkontroll<\/p>\n<\/li>\n<li data-start=\"1445\" data-end=\"1467\">\n<p data-start=\"1447\" data-end=\"1467\">1x laddningskabel<\/p>\n<\/li>\n<li data-start=\"1468\" data-end=\"1494\">\n<p data-start=\"1470\" data-end=\"1494\">1x bruksanvisning.<\/p>\n<\/li>\n<\/ul>\n","protected":false},"excerpt":{"rendered":"<p>\ud83c\udfce\ufe0fThis geststyrda stuntfordon l\u00e5ter barn k\u00f6ra, driva och snurra med antingen en gestsensor eller en klassisk fj\u00e4rrkontroll.<br \/>\n\ud83e\udd16Den ger snabb respons, mjuka r\u00f6relser och sp\u00e4nnande stuntaction f\u00f6r inomhus- och utomhuslek.<br \/>\n\ud83d\udc66Designen \u00e4r rolig och s\u00e4ker och h\u00e5ller barn engagerade samtidigt som den f\u00f6rb\u00e4ttrar koordinationen och kreativiteten. En rolig, interaktiv leksak som f\u00f6rvandlar varje handr\u00f6relse till ett sp\u00e4nnande stunt\u00e4ventyr.<\/p>\n","protected":false},"featured_media":22878,"comment_status":"open","ping_status":"closed","template":"","meta":{"site-sidebar-layout":"default","site-content-layout":"","ast-site-content-layout":"default","site-content-style":"default","site-sidebar-style":"default","ast-global-header-display":"","ast-banner-title-visibility":"","ast-main-header-display":"","ast-hfb-above-header-display":"","ast-hfb-below-header-display":"","ast-hfb-mobile-header-display":"","site-post-title":"","ast-breadcrumbs-content":"","ast-featured-img":"","footer-sml-layout":"","theme-transparent-header-meta":"default","adv-header-id-meta":"","stick-header-meta":"","header-above-stick-meta":"","header-main-stick-meta":"","header-below-stick-meta":"","astra-migrate-meta-layouts":"set","ast-page-background-enabled":"default","ast-page-background-meta":{"desktop":{"background-color":"var(--ast-global-color-5)","background-image":"","background-repeat":"repeat","background-position":"center center","background-size":"auto","background-attachment":"scroll","background-type":"","background-media":"","overlay-type":"","overlay-color":"","overlay-opacity":"","overlay-gradient":""},"tablet":{"background-color":"","background-image":"","background-repeat":"repeat","background-position":"center center","background-size":"auto","background-attachment":"scroll","background-type":"","background-media":"","overlay-type":"","overlay-color":"","overlay-opacity":"","overlay-gradient":""},"mobile":{"background-color":"","background-image":"","background-repeat":"repeat","background-position":"center center","background-size":"auto","background-attachment":"scroll","background-type":"","background-media":"","overlay-type":"","overlay-color":"","overlay-opacity":"","overlay-gradient":""}},"ast-content-background-meta":{"desktop":{"background-color":"var(--ast-global-color-4)","background-image":"","background-repeat":"repeat","background-position":"center center","background-size":"auto","background-attachment":"scroll","background-type":"","background-media":"","overlay-type":"","overlay-color":"","overlay-opacity":"","overlay-gradient":""},"tablet":{"background-color":"var(--ast-global-color-4)","background-image":"","background-repeat":"repeat","background-position":"center center","background-size":"auto","background-attachment":"scroll","background-type":"","background-media":"","overlay-type":"","overlay-color":"","overlay-opacity":"","overlay-gradient":""},"mobile":{"background-color":"var(--ast-global-color-4)","background-image":"","background-repeat":"repeat","background-position":"center center","background-size":"auto","background-attachment":"scroll","background-type":"","background-media":"","overlay-type":"","overlay-color":"","overlay-opacity":"","overlay-gradient":""}}},"product_brand":[],"product_cat":[172],"product_tag":[],"class_list":{"0":"post-22882","1":"product","2":"type-product","3":"status-publish","4":"has-post-thumbnail","6":"product_cat-leksaker-barn-och-babyprodukter","7":"pa_58723_0io5ynte-bla","8":"pa_58723_0io5ynte-vit","9":"desktop-align-left","10":"tablet-align-left","11":"mobile-align-left","13":"first","14":"instock","15":"shipping-taxable","16":"purchasable","17":"product-type-variable"},"yoast_head":"<!-- This site is optimized with the Yoast SEO plugin v26.6 - https:\/\/yoast.com\/wordpress\/plugins\/seo\/ -->\n<title>Geststyrt stuntfordon - Mekulo SE<\/title>\n<meta name=\"robots\" content=\"index, follow, max-snippet:-1, max-image-preview:large, max-video-preview:-1\" \/>\n<link rel=\"canonical\" href=\"https:\/\/mekulo.com\/se\/produkt\/geststyrt-stuntfordon\/\" \/>\n<meta property=\"og:locale\" content=\"sv_SE\" \/>\n<meta property=\"og:type\" content=\"article\" \/>\n<meta property=\"og:title\" content=\"Geststyrt stuntfordon - Mekulo SE\" \/>\n<meta property=\"og:description\" content=\"\ud83c\udfce\ufe0fThis geststyrda stuntfordon l\u00e5ter barn k\u00f6ra, driva och snurra med antingen en gestsensor eller en klassisk fj\u00e4rrkontroll. \ud83e\udd16Den ger snabb respons, mjuka r\u00f6relser och sp\u00e4nnande stuntaction f\u00f6r inomhus- och utomhuslek. \ud83d\udc66Designen \u00e4r rolig och s\u00e4ker och h\u00e5ller barn engagerade samtidigt som den f\u00f6rb\u00e4ttrar koordinationen och kreativiteten. En rolig, interaktiv leksak som f\u00f6rvandlar varje handr\u00f6relse till ett sp\u00e4nnande stunt\u00e4ventyr.\" \/>\n<meta property=\"og:url\" content=\"https:\/\/mekulo.com\/se\/produkt\/geststyrt-stuntfordon\/\" \/>\n<meta property=\"og:site_name\" content=\"Mekulo SE\" \/>\n<meta property=\"article:modified_time\" content=\"2026-02-10T14:42:59+00:00\" \/>\n<meta property=\"og:image\" content=\"https:\/\/mekulo.com\/se\/wp-content\/uploads\/sites\/11\/2026\/02\/4yv34a5-1.jpg\" \/>\n\t<meta property=\"og:image:width\" content=\"960\" \/>\n\t<meta property=\"og:image:height\" content=\"960\" \/>\n\t<meta property=\"og:image:type\" content=\"image\/jpeg\" \/>\n<meta name=\"twitter:card\" content=\"summary_large_image\" \/>\n<meta name=\"twitter:label1\" content=\"Ber\u00e4knad l\u00e4stid\" \/>\n\t<meta name=\"twitter:data1\" content=\"2 minuter\" \/>\n<script type=\"application\/ld+json\" class=\"yoast-schema-graph\">{\"@context\":\"https:\/\/schema.org\",\"@graph\":[{\"@type\":\"WebPage\",\"@id\":\"https:\/\/mekulo.com\/se\/produkt\/geststyrt-stuntfordon\/\",\"url\":\"https:\/\/mekulo.com\/se\/produkt\/geststyrt-stuntfordon\/\",\"name\":\"Geststyrt stuntfordon - Mekulo SE\",\"isPartOf\":{\"@id\":\"https:\/\/mekulo.com\/se\/#website\"},\"primaryImageOfPage\":{\"@id\":\"https:\/\/mekulo.com\/se\/produkt\/geststyrt-stuntfordon\/#primaryimage\"},\"image\":{\"@id\":\"https:\/\/mekulo.com\/se\/produkt\/geststyrt-stuntfordon\/#primaryimage\"},\"thumbnailUrl\":\"https:\/\/mekulo.com\/se\/wp-content\/uploads\/sites\/11\/2026\/02\/4yv34a5-1.jpg\",\"datePublished\":\"2026-02-10T14:42:50+00:00\",\"dateModified\":\"2026-02-10T14:42:59+00:00\",\"breadcrumb\":{\"@id\":\"https:\/\/mekulo.com\/se\/produkt\/geststyrt-stuntfordon\/#breadcrumb\"},\"inLanguage\":\"sv-SE\",\"potentialAction\":[{\"@type\":\"ReadAction\",\"target\":[\"https:\/\/mekulo.com\/se\/produkt\/geststyrt-stuntfordon\/\"]}]},{\"@type\":\"ImageObject\",\"inLanguage\":\"sv-SE\",\"@id\":\"https:\/\/mekulo.com\/se\/produkt\/geststyrt-stuntfordon\/#primaryimage\",\"url\":\"https:\/\/mekulo.com\/se\/wp-content\/uploads\/sites\/11\/2026\/02\/4yv34a5-1.jpg\",\"contentUrl\":\"https:\/\/mekulo.com\/se\/wp-content\/uploads\/sites\/11\/2026\/02\/4yv34a5-1.jpg\",\"width\":960,\"height\":960},{\"@type\":\"BreadcrumbList\",\"@id\":\"https:\/\/mekulo.com\/se\/produkt\/geststyrt-stuntfordon\/#breadcrumb\",\"itemListElement\":[{\"@type\":\"ListItem\",\"position\":1,\"name\":\"Home\",\"item\":\"https:\/\/mekulo.com\/se\/\"},{\"@type\":\"ListItem\",\"position\":2,\"name\":\"Butik\",\"item\":\"https:\/\/mekulo.com\/se\/butik\/\"},{\"@type\":\"ListItem\",\"position\":3,\"name\":\"Geststyrt stuntfordon\"}]},{\"@type\":\"WebSite\",\"@id\":\"https:\/\/mekulo.com\/se\/#website\",\"url\":\"https:\/\/mekulo.com\/se\/\",\"name\":\"Mekulo SE\",\"description\":\"\",\"publisher\":{\"@id\":\"https:\/\/mekulo.com\/se\/#organization\"},\"potentialAction\":[{\"@type\":\"SearchAction\",\"target\":{\"@type\":\"EntryPoint\",\"urlTemplate\":\"https:\/\/mekulo.com\/se\/?s={search_term_string}\"},\"query-input\":{\"@type\":\"PropertyValueSpecification\",\"valueRequired\":true,\"valueName\":\"search_term_string\"}}],\"inLanguage\":\"sv-SE\"},{\"@type\":\"Organization\",\"@id\":\"https:\/\/mekulo.com\/se\/#organization\",\"name\":\"Mekulo\",\"url\":\"https:\/\/mekulo.com\/se\/\",\"logo\":{\"@type\":\"ImageObject\",\"inLanguage\":\"sv-SE\",\"@id\":\"https:\/\/mekulo.com\/se\/#\/schema\/logo\/image\/\",\"url\":\"https:\/\/mekulo.com\/se\/wp-content\/uploads\/sites\/11\/2025\/12\/favicon_mekulo.png\",\"contentUrl\":\"https:\/\/mekulo.com\/se\/wp-content\/uploads\/sites\/11\/2025\/12\/favicon_mekulo.png\",\"width\":50,\"height\":50,\"caption\":\"Mekulo\"},\"image\":{\"@id\":\"https:\/\/mekulo.com\/se\/#\/schema\/logo\/image\/\"}}]}<\/script>\n<!-- \/ Yoast SEO plugin. -->","yoast_head_json":{"title":"Geststyrt stuntfordon - Mekulo SE","robots":{"index":"index","follow":"follow","max-snippet":"max-snippet:-1","max-image-preview":"max-image-preview:large","max-video-preview":"max-video-preview:-1"},"canonical":"https:\/\/mekulo.com\/se\/produkt\/geststyrt-stuntfordon\/","og_locale":"sv_SE","og_type":"article","og_title":"Geststyrt stuntfordon - Mekulo SE","og_description":"\ud83c\udfce\ufe0fThis geststyrda stuntfordon l\u00e5ter barn k\u00f6ra, driva och snurra med antingen en gestsensor eller en klassisk fj\u00e4rrkontroll. \ud83e\udd16Den ger snabb respons, mjuka r\u00f6relser och sp\u00e4nnande stuntaction f\u00f6r inomhus- och utomhuslek. \ud83d\udc66Designen \u00e4r rolig och s\u00e4ker och h\u00e5ller barn engagerade samtidigt som den f\u00f6rb\u00e4ttrar koordinationen och kreativiteten. En rolig, interaktiv leksak som f\u00f6rvandlar varje handr\u00f6relse till ett sp\u00e4nnande stunt\u00e4ventyr.","og_url":"https:\/\/mekulo.com\/se\/produkt\/geststyrt-stuntfordon\/","og_site_name":"Mekulo SE","article_modified_time":"2026-02-10T14:42:59+00:00","og_image":[{"width":960,"height":960,"url":"https:\/\/mekulo.com\/se\/wp-content\/uploads\/sites\/11\/2026\/02\/4yv34a5-1.jpg","type":"image\/jpeg"}],"twitter_card":"summary_large_image","twitter_misc":{"Ber\u00e4knad l\u00e4stid":"2 minuter"},"schema":{"@context":"https:\/\/schema.org","@graph":[{"@type":"WebPage","@id":"https:\/\/mekulo.com\/se\/produkt\/geststyrt-stuntfordon\/","url":"https:\/\/mekulo.com\/se\/produkt\/geststyrt-stuntfordon\/","name":"Geststyrt stuntfordon - Mekulo SE","isPartOf":{"@id":"https:\/\/mekulo.com\/se\/#website"},"primaryImageOfPage":{"@id":"https:\/\/mekulo.com\/se\/produkt\/geststyrt-stuntfordon\/#primaryimage"},"image":{"@id":"https:\/\/mekulo.com\/se\/produkt\/geststyrt-stuntfordon\/#primaryimage"},"thumbnailUrl":"https:\/\/mekulo.com\/se\/wp-content\/uploads\/sites\/11\/2026\/02\/4yv34a5-1.jpg","datePublished":"2026-02-10T14:42:50+00:00","dateModified":"2026-02-10T14:42:59+00:00","breadcrumb":{"@id":"https:\/\/mekulo.com\/se\/produkt\/geststyrt-stuntfordon\/#breadcrumb"},"inLanguage":"sv-SE","potentialAction":[{"@type":"ReadAction","target":["https:\/\/mekulo.com\/se\/produkt\/geststyrt-stuntfordon\/"]}]},{"@type":"ImageObject","inLanguage":"sv-SE","@id":"https:\/\/mekulo.com\/se\/produkt\/geststyrt-stuntfordon\/#primaryimage","url":"https:\/\/mekulo.com\/se\/wp-content\/uploads\/sites\/11\/2026\/02\/4yv34a5-1.jpg","contentUrl":"https:\/\/mekulo.com\/se\/wp-content\/uploads\/sites\/11\/2026\/02\/4yv34a5-1.jpg","width":960,"height":960},{"@type":"BreadcrumbList","@id":"https:\/\/mekulo.com\/se\/produkt\/geststyrt-stuntfordon\/#breadcrumb","itemListElement":[{"@type":"ListItem","position":1,"name":"Home","item":"https:\/\/mekulo.com\/se\/"},{"@type":"ListItem","position":2,"name":"Butik","item":"https:\/\/mekulo.com\/se\/butik\/"},{"@type":"ListItem","position":3,"name":"Geststyrt stuntfordon"}]},{"@type":"WebSite","@id":"https:\/\/mekulo.com\/se\/#website","url":"https:\/\/mekulo.com\/se\/","name":"Mekulo SE","description":"","publisher":{"@id":"https:\/\/mekulo.com\/se\/#organization"},"potentialAction":[{"@type":"SearchAction","target":{"@type":"EntryPoint","urlTemplate":"https:\/\/mekulo.com\/se\/?s={search_term_string}"},"query-input":{"@type":"PropertyValueSpecification","valueRequired":true,"valueName":"search_term_string"}}],"inLanguage":"sv-SE"},{"@type":"Organization","@id":"https:\/\/mekulo.com\/se\/#organization","name":"Mekulo","url":"https:\/\/mekulo.com\/se\/","logo":{"@type":"ImageObject","inLanguage":"sv-SE","@id":"https:\/\/mekulo.com\/se\/#\/schema\/logo\/image\/","url":"https:\/\/mekulo.com\/se\/wp-content\/uploads\/sites\/11\/2025\/12\/favicon_mekulo.png","contentUrl":"https:\/\/mekulo.com\/se\/wp-content\/uploads\/sites\/11\/2025\/12\/favicon_mekulo.png","width":50,"height":50,"caption":"Mekulo"},"image":{"@id":"https:\/\/mekulo.com\/se\/#\/schema\/logo\/image\/"}}]}},"_links":{"self":[{"href":"https:\/\/mekulo.com\/se\/wp-json\/wp\/v2\/product\/22882","targetHints":{"allow":["GET"]}}],"collection":[{"href":"https:\/\/mekulo.com\/se\/wp-json\/wp\/v2\/product"}],"about":[{"href":"https:\/\/mekulo.com\/se\/wp-json\/wp\/v2\/types\/product"}],"replies":[{"embeddable":true,"href":"https:\/\/mekulo.com\/se\/wp-json\/wp\/v2\/comments?post=22882"}],"wp:featuredmedia":[{"embeddable":true,"href":"https:\/\/mekulo.com\/se\/wp-json\/wp\/v2\/media\/22878"}],"wp:attachment":[{"href":"https:\/\/mekulo.com\/se\/wp-json\/wp\/v2\/media?parent=22882"}],"wp:term":[{"taxonomy":"product_brand","embeddable":true,"href":"https:\/\/mekulo.com\/se\/wp-json\/wp\/v2\/product_brand?post=22882"},{"taxonomy":"product_cat","embeddable":true,"href":"https:\/\/mekulo.com\/se\/wp-json\/wp\/v2\/product_cat?post=22882"},{"taxonomy":"product_tag","embeddable":true,"href":"https:\/\/mekulo.com\/se\/wp-json\/wp\/v2\/product_tag?post=22882"}],"curies":[{"name":"wp","href":"https:\/\/api.w.org\/{rel}","templated":true}]}}