{"id":22848,"date":"2026-02-10T16:39:36","date_gmt":"2026-02-10T14:39:36","guid":{"rendered":"https:\/\/mekulo.com\/se\/produkt\/uppsattning-finmaskiga-silar\/"},"modified":"2026-02-10T16:45:24","modified_gmt":"2026-02-10T14:45:24","slug":"uppsattning-finmaskiga-silar","status":"publish","type":"product","link":"https:\/\/mekulo.com\/se\/produkt\/uppsattning-finmaskiga-silar\/","title":{"rendered":"Upps\u00e4ttning finmaskiga silar"},"content":{"rendered":"<p style=\"text-align: center\" data-start=\"24\" data-end=\"96\"><strong data-start=\"24\" data-end=\"96\">F\u00f6rbered, diska, strimla och t\u00f6m maten snabbare med ett smart k\u00f6ksset. \ud83d\udc69\u200d\ud83c\udf73<\/strong><\/p>\n<p data-start=\"24\" data-end=\"96\"><img fetchpriority=\"high\" decoding=\"async\" class=\"size-full wp-image-24411 aligncenter\" src=\"https:\/\/mekulo.com\/template\/wp-content\/uploads\/sites\/6\/2026\/02\/d95a79dc-69d5-4771-b256-1bb2a0138f6b.jpg\" alt=\"\" width=\"590\" height=\"590\" \/><\/p>\n<h2 style=\"text-align: center\" data-start=\"378\" data-end=\"395\"><strong>Huvudsakliga f\u00f6rdelar \ud83e\udd55<\/strong><\/h2>\n<p data-start=\"396\" data-end=\"733\">\ud83e\udd55 Multifunktionell design &#8211; strimla, diska och t\u00f6m i ett set.<\/p>\n<p data-start=\"396\" data-end=\"733\">\ud83d\udd2a Flera strimlingsalternativ &#8211; fin- och grovstyckning med l\u00e4tthet.<\/p>\n<p data-start=\"396\" data-end=\"733\">\ud83d\udca7 Snabb vattenavrinning &#8211; ih\u00e5lig bas dr\u00e4nerar vatten snabbt.<\/p>\n<p data-start=\"396\" data-end=\"733\">\ud83e\udd63 H\u00e5llbart rostfritt st\u00e5l &#8211; starkt, rostbest\u00e4ndigt och s\u00e4kert.<\/p>\n<p data-start=\"396\" data-end=\"733\">\ud83e\uddfc L\u00e4tt att reng\u00f6ra och f\u00f6rvara &#8211; Sl\u00e4t yta och stapelbara sk\u00e5lar<\/p>\n<h2 style=\"text-align: center\" data-start=\"396\" data-end=\"733\"><strong>Produktm\u00e5tt \ud83d\udccf<\/strong><\/h2>\n<p data-start=\"396\" data-end=\"733\"><img decoding=\"async\" class=\"size-full wp-image-24522 aligncenter\" src=\"https:\/\/mekulo.com\/template\/wp-content\/uploads\/sites\/6\/2026\/02\/1615459417180616.png\" alt=\"\" width=\"750\" height=\"610\" \/><\/p>\n<h2 style=\"text-align: center\" data-start=\"740\" data-end=\"754\"><strong>Hur Man Anv\u00e4nder \ud83d\udccc<\/strong><\/h2>\n<ol data-start=\"755\" data-end=\"1014\">\n<li data-start=\"755\" data-end=\"831\">\n<p data-start=\"758\" data-end=\"831\">Placera gr\u00f6nsaker eller frukt i strimlingssk\u00e5len och riv efter behov.<\/p>\n<\/li>\n<li data-start=\"832\" data-end=\"892\">\n<p data-start=\"835\" data-end=\"892\">Anv\u00e4nd dr\u00e4neringssk\u00e5len f\u00f6r att sk\u00f6lja och ta bort \u00f6verfl\u00f6digt vatten.<\/p>\n<\/li>\n<li data-start=\"893\" data-end=\"953\">\n<p data-start=\"896\" data-end=\"953\">Tv\u00e4tta ris, produkter eller andra livsmedel i tv\u00e4ttsk\u00e5len.<\/p>\n<\/li>\n<li data-start=\"954\" data-end=\"1014\">\n<p data-start=\"957\" data-end=\"1014\">Stapla sk\u00e5larna tillsammans efter anv\u00e4ndning f\u00f6r kompakt f\u00f6rvaring.<\/p>\n<\/li>\n<\/ol>\n<h2 style=\"text-align: center\" data-start=\"1021\" data-end=\"1040\"><strong>Produktdetaljer \ud83d\udccf<\/strong><\/h2>\n<ul data-start=\"1041\" data-end=\"1302\">\n<li data-start=\"1041\" data-end=\"1070\">\n<p data-start=\"1043\" data-end=\"1070\">Material: Rostfritt st\u00e5l<\/p>\n<\/li>\n<li data-start=\"1071\" data-end=\"1128\">\n<p data-start=\"1073\" data-end=\"1128\">Typ av set: Strimlingssk\u00e5l, avrinningssk\u00e5l, tv\u00e4ttsk\u00e5l<\/p>\n<\/li>\n<li data-start=\"1129\" data-end=\"1177\">\n<p data-start=\"1131\" data-end=\"1177\">Strimlingsalternativ: 4 olika sk\u00e4rh\u00e5l<\/p>\n<\/li>\n<li data-start=\"1178\" data-end=\"1221\">\n<p data-start=\"1180\" data-end=\"1221\">Finish: Spegelpolerad, sl\u00e4t yta<\/p>\n<\/li>\n<li data-start=\"1222\" data-end=\"1265\">\n<p data-start=\"1224\" data-end=\"1265\">Design: Rundade kanter f\u00f6r s\u00e4ker hantering<\/p>\n<\/li>\n<li data-start=\"1266\" data-end=\"1302\">\n<p data-start=\"1268\" data-end=\"1302\">F\u00f6rvaring: Stapelbar f\u00f6r att spara utrymme<\/p>\n<\/li>\n<li data-start=\"1266\" data-end=\"1302\">Diameter: 26 cm<\/li>\n<li data-start=\"1266\" data-end=\"1302\">Kapacitet: 2000 ml<\/li>\n<\/ul>\n<h2 style=\"text-align: center\" data-start=\"1309\" data-end=\"1329\"><strong>Paketet Inneh\u00e5ller \ud83d\udce6<\/strong><\/h2>\n<ul data-start=\"1330\" data-end=\"1395\">\n<li data-start=\"1330\" data-end=\"1352\">\n<p data-start=\"1332\" data-end=\"1352\">1, 2, 3x finmaskiga silar (rivsk\u00e5l, avrinningssk\u00e5l, tv\u00e4ttsk\u00e5l).<\/p>\n<\/li>\n<\/ul>\n","protected":false},"excerpt":{"rendered":"<p>\ud83e\udd57Den h\u00e4r finmaskiga silupps\u00e4ttningen kombinerar strimling, diskning och avrinning i en praktisk l\u00f6sning.<br \/>\n\ud83c\udf7d\ufe0fMade av h\u00e5llbart rostfritt st\u00e5l hj\u00e4lper den dig att snabbt tillaga gr\u00f6nsaker och frukt samtidigt som den h\u00e5ller k\u00f6ket rent och organiserat.<br \/>\n\ud83c\udfe0Perfekt f\u00f6r daglig matlagning och m\u00e5ltidsf\u00f6rberedelser. Ett m\u00e5ngsidigt k\u00f6ksredskap som sparar tid, utrymme och anstr\u00e4ngning varje dag.<\/p>\n","protected":false},"featured_media":22844,"comment_status":"open","ping_status":"closed","template":"","meta":{"site-sidebar-layout":"default","site-content-layout":"","ast-site-content-layout":"default","site-content-style":"default","site-sidebar-style":"default","ast-global-header-display":"","ast-banner-title-visibility":"","ast-main-header-display":"","ast-hfb-above-header-display":"","ast-hfb-below-header-display":"","ast-hfb-mobile-header-display":"","site-post-title":"","ast-breadcrumbs-content":"","ast-featured-img":"","footer-sml-layout":"","theme-transparent-header-meta":"default","adv-header-id-meta":"","stick-header-meta":"","header-above-stick-meta":"","header-main-stick-meta":"","header-below-stick-meta":"","astra-migrate-meta-layouts":"set","ast-page-background-enabled":"default","ast-page-background-meta":{"desktop":{"background-color":"var(--ast-global-color-5)","background-image":"","background-repeat":"repeat","background-position":"center center","background-size":"auto","background-attachment":"scroll","background-type":"","background-media":"","overlay-type":"","overlay-color":"","overlay-opacity":"","overlay-gradient":""},"tablet":{"background-color":"","background-image":"","background-repeat":"repeat","background-position":"center center","background-size":"auto","background-attachment":"scroll","background-type":"","background-media":"","overlay-type":"","overlay-color":"","overlay-opacity":"","overlay-gradient":""},"mobile":{"background-color":"","background-image":"","background-repeat":"repeat","background-position":"center center","background-size":"auto","background-attachment":"scroll","background-type":"","background-media":"","overlay-type":"","overlay-color":"","overlay-opacity":"","overlay-gradient":""}},"ast-content-background-meta":{"desktop":{"background-color":"var(--ast-global-color-4)","background-image":"","background-repeat":"repeat","background-position":"center center","background-size":"auto","background-attachment":"scroll","background-type":"","background-media":"","overlay-type":"","overlay-color":"","overlay-opacity":"","overlay-gradient":""},"tablet":{"background-color":"var(--ast-global-color-4)","background-image":"","background-repeat":"repeat","background-position":"center center","background-size":"auto","background-attachment":"scroll","background-type":"","background-media":"","overlay-type":"","overlay-color":"","overlay-opacity":"","overlay-gradient":""},"mobile":{"background-color":"var(--ast-global-color-4)","background-image":"","background-repeat":"repeat","background-position":"center center","background-size":"auto","background-attachment":"scroll","background-type":"","background-media":"","overlay-type":"","overlay-color":"","overlay-opacity":"","overlay-gradient":""}}},"product_brand":[],"product_cat":[168],"product_tag":[],"class_list":{"0":"post-22848","1":"product","2":"type-product","3":"status-publish","4":"has-post-thumbnail","6":"product_cat-hushallsartiklar","7":"pa_58679_js3kldqj-1-uppsattning","8":"pa_58679_js3kldqj-2-uppsattningar","9":"pa_58679_js3kldqj-3-uppsattningar","10":"desktop-align-left","11":"tablet-align-left","12":"mobile-align-left","14":"first","15":"instock","16":"shipping-taxable","17":"purchasable","18":"product-type-variable"},"yoast_head":"<!-- This site is optimized with the Yoast SEO plugin v26.6 - https:\/\/yoast.com\/wordpress\/plugins\/seo\/ -->\n<title>Upps\u00e4ttning finmaskiga silar - Mekulo SE<\/title>\n<meta name=\"robots\" content=\"index, follow, max-snippet:-1, max-image-preview:large, max-video-preview:-1\" \/>\n<link rel=\"canonical\" href=\"https:\/\/mekulo.com\/se\/produkt\/uppsattning-finmaskiga-silar\/\" \/>\n<meta property=\"og:locale\" content=\"sv_SE\" \/>\n<meta property=\"og:type\" content=\"article\" \/>\n<meta property=\"og:title\" content=\"Upps\u00e4ttning finmaskiga silar - Mekulo SE\" \/>\n<meta property=\"og:description\" content=\"\ud83e\udd57Den h\u00e4r finmaskiga silupps\u00e4ttningen kombinerar strimling, diskning och avrinning i en praktisk l\u00f6sning. \ud83c\udf7d\ufe0fMade av h\u00e5llbart rostfritt st\u00e5l hj\u00e4lper den dig att snabbt tillaga gr\u00f6nsaker och frukt samtidigt som den h\u00e5ller k\u00f6ket rent och organiserat. \ud83c\udfe0Perfekt f\u00f6r daglig matlagning och m\u00e5ltidsf\u00f6rberedelser. Ett m\u00e5ngsidigt k\u00f6ksredskap som sparar tid, utrymme och anstr\u00e4ngning varje dag.\" \/>\n<meta property=\"og:url\" content=\"https:\/\/mekulo.com\/se\/produkt\/uppsattning-finmaskiga-silar\/\" \/>\n<meta property=\"og:site_name\" content=\"Mekulo SE\" \/>\n<meta property=\"article:modified_time\" content=\"2026-02-10T14:45:24+00:00\" \/>\n<meta property=\"og:image\" content=\"https:\/\/mekulo.com\/se\/wp-content\/uploads\/sites\/11\/2026\/02\/6nrq6ix-1.jpg\" \/>\n\t<meta property=\"og:image:width\" content=\"800\" \/>\n\t<meta property=\"og:image:height\" content=\"800\" \/>\n\t<meta property=\"og:image:type\" content=\"image\/jpeg\" \/>\n<meta name=\"twitter:card\" content=\"summary_large_image\" \/>\n<meta name=\"twitter:label1\" content=\"Ber\u00e4knad l\u00e4stid\" \/>\n\t<meta name=\"twitter:data1\" content=\"2 minuter\" \/>\n<script type=\"application\/ld+json\" class=\"yoast-schema-graph\">{\"@context\":\"https:\/\/schema.org\",\"@graph\":[{\"@type\":\"WebPage\",\"@id\":\"https:\/\/mekulo.com\/se\/produkt\/uppsattning-finmaskiga-silar\/\",\"url\":\"https:\/\/mekulo.com\/se\/produkt\/uppsattning-finmaskiga-silar\/\",\"name\":\"Upps\u00e4ttning finmaskiga silar - Mekulo SE\",\"isPartOf\":{\"@id\":\"https:\/\/mekulo.com\/se\/#website\"},\"primaryImageOfPage\":{\"@id\":\"https:\/\/mekulo.com\/se\/produkt\/uppsattning-finmaskiga-silar\/#primaryimage\"},\"image\":{\"@id\":\"https:\/\/mekulo.com\/se\/produkt\/uppsattning-finmaskiga-silar\/#primaryimage\"},\"thumbnailUrl\":\"https:\/\/mekulo.com\/se\/wp-content\/uploads\/sites\/11\/2026\/02\/6nrq6ix-1.jpg\",\"datePublished\":\"2026-02-10T14:39:36+00:00\",\"dateModified\":\"2026-02-10T14:45:24+00:00\",\"breadcrumb\":{\"@id\":\"https:\/\/mekulo.com\/se\/produkt\/uppsattning-finmaskiga-silar\/#breadcrumb\"},\"inLanguage\":\"sv-SE\",\"potentialAction\":[{\"@type\":\"ReadAction\",\"target\":[\"https:\/\/mekulo.com\/se\/produkt\/uppsattning-finmaskiga-silar\/\"]}]},{\"@type\":\"ImageObject\",\"inLanguage\":\"sv-SE\",\"@id\":\"https:\/\/mekulo.com\/se\/produkt\/uppsattning-finmaskiga-silar\/#primaryimage\",\"url\":\"https:\/\/mekulo.com\/se\/wp-content\/uploads\/sites\/11\/2026\/02\/6nrq6ix-1.jpg\",\"contentUrl\":\"https:\/\/mekulo.com\/se\/wp-content\/uploads\/sites\/11\/2026\/02\/6nrq6ix-1.jpg\",\"width\":800,\"height\":800},{\"@type\":\"BreadcrumbList\",\"@id\":\"https:\/\/mekulo.com\/se\/produkt\/uppsattning-finmaskiga-silar\/#breadcrumb\",\"itemListElement\":[{\"@type\":\"ListItem\",\"position\":1,\"name\":\"Home\",\"item\":\"https:\/\/mekulo.com\/se\/\"},{\"@type\":\"ListItem\",\"position\":2,\"name\":\"Butik\",\"item\":\"https:\/\/mekulo.com\/se\/butik\/\"},{\"@type\":\"ListItem\",\"position\":3,\"name\":\"Upps\u00e4ttning finmaskiga silar\"}]},{\"@type\":\"WebSite\",\"@id\":\"https:\/\/mekulo.com\/se\/#website\",\"url\":\"https:\/\/mekulo.com\/se\/\",\"name\":\"Mekulo SE\",\"description\":\"\",\"publisher\":{\"@id\":\"https:\/\/mekulo.com\/se\/#organization\"},\"potentialAction\":[{\"@type\":\"SearchAction\",\"target\":{\"@type\":\"EntryPoint\",\"urlTemplate\":\"https:\/\/mekulo.com\/se\/?s={search_term_string}\"},\"query-input\":{\"@type\":\"PropertyValueSpecification\",\"valueRequired\":true,\"valueName\":\"search_term_string\"}}],\"inLanguage\":\"sv-SE\"},{\"@type\":\"Organization\",\"@id\":\"https:\/\/mekulo.com\/se\/#organization\",\"name\":\"Mekulo\",\"url\":\"https:\/\/mekulo.com\/se\/\",\"logo\":{\"@type\":\"ImageObject\",\"inLanguage\":\"sv-SE\",\"@id\":\"https:\/\/mekulo.com\/se\/#\/schema\/logo\/image\/\",\"url\":\"https:\/\/mekulo.com\/se\/wp-content\/uploads\/sites\/11\/2025\/12\/favicon_mekulo.png\",\"contentUrl\":\"https:\/\/mekulo.com\/se\/wp-content\/uploads\/sites\/11\/2025\/12\/favicon_mekulo.png\",\"width\":50,\"height\":50,\"caption\":\"Mekulo\"},\"image\":{\"@id\":\"https:\/\/mekulo.com\/se\/#\/schema\/logo\/image\/\"}}]}<\/script>\n<!-- \/ Yoast SEO plugin. -->","yoast_head_json":{"title":"Upps\u00e4ttning finmaskiga silar - Mekulo SE","robots":{"index":"index","follow":"follow","max-snippet":"max-snippet:-1","max-image-preview":"max-image-preview:large","max-video-preview":"max-video-preview:-1"},"canonical":"https:\/\/mekulo.com\/se\/produkt\/uppsattning-finmaskiga-silar\/","og_locale":"sv_SE","og_type":"article","og_title":"Upps\u00e4ttning finmaskiga silar - Mekulo SE","og_description":"\ud83e\udd57Den h\u00e4r finmaskiga silupps\u00e4ttningen kombinerar strimling, diskning och avrinning i en praktisk l\u00f6sning. \ud83c\udf7d\ufe0fMade av h\u00e5llbart rostfritt st\u00e5l hj\u00e4lper den dig att snabbt tillaga gr\u00f6nsaker och frukt samtidigt som den h\u00e5ller k\u00f6ket rent och organiserat. \ud83c\udfe0Perfekt f\u00f6r daglig matlagning och m\u00e5ltidsf\u00f6rberedelser. Ett m\u00e5ngsidigt k\u00f6ksredskap som sparar tid, utrymme och anstr\u00e4ngning varje dag.","og_url":"https:\/\/mekulo.com\/se\/produkt\/uppsattning-finmaskiga-silar\/","og_site_name":"Mekulo SE","article_modified_time":"2026-02-10T14:45:24+00:00","og_image":[{"width":800,"height":800,"url":"https:\/\/mekulo.com\/se\/wp-content\/uploads\/sites\/11\/2026\/02\/6nrq6ix-1.jpg","type":"image\/jpeg"}],"twitter_card":"summary_large_image","twitter_misc":{"Ber\u00e4knad l\u00e4stid":"2 minuter"},"schema":{"@context":"https:\/\/schema.org","@graph":[{"@type":"WebPage","@id":"https:\/\/mekulo.com\/se\/produkt\/uppsattning-finmaskiga-silar\/","url":"https:\/\/mekulo.com\/se\/produkt\/uppsattning-finmaskiga-silar\/","name":"Upps\u00e4ttning finmaskiga silar - Mekulo SE","isPartOf":{"@id":"https:\/\/mekulo.com\/se\/#website"},"primaryImageOfPage":{"@id":"https:\/\/mekulo.com\/se\/produkt\/uppsattning-finmaskiga-silar\/#primaryimage"},"image":{"@id":"https:\/\/mekulo.com\/se\/produkt\/uppsattning-finmaskiga-silar\/#primaryimage"},"thumbnailUrl":"https:\/\/mekulo.com\/se\/wp-content\/uploads\/sites\/11\/2026\/02\/6nrq6ix-1.jpg","datePublished":"2026-02-10T14:39:36+00:00","dateModified":"2026-02-10T14:45:24+00:00","breadcrumb":{"@id":"https:\/\/mekulo.com\/se\/produkt\/uppsattning-finmaskiga-silar\/#breadcrumb"},"inLanguage":"sv-SE","potentialAction":[{"@type":"ReadAction","target":["https:\/\/mekulo.com\/se\/produkt\/uppsattning-finmaskiga-silar\/"]}]},{"@type":"ImageObject","inLanguage":"sv-SE","@id":"https:\/\/mekulo.com\/se\/produkt\/uppsattning-finmaskiga-silar\/#primaryimage","url":"https:\/\/mekulo.com\/se\/wp-content\/uploads\/sites\/11\/2026\/02\/6nrq6ix-1.jpg","contentUrl":"https:\/\/mekulo.com\/se\/wp-content\/uploads\/sites\/11\/2026\/02\/6nrq6ix-1.jpg","width":800,"height":800},{"@type":"BreadcrumbList","@id":"https:\/\/mekulo.com\/se\/produkt\/uppsattning-finmaskiga-silar\/#breadcrumb","itemListElement":[{"@type":"ListItem","position":1,"name":"Home","item":"https:\/\/mekulo.com\/se\/"},{"@type":"ListItem","position":2,"name":"Butik","item":"https:\/\/mekulo.com\/se\/butik\/"},{"@type":"ListItem","position":3,"name":"Upps\u00e4ttning finmaskiga silar"}]},{"@type":"WebSite","@id":"https:\/\/mekulo.com\/se\/#website","url":"https:\/\/mekulo.com\/se\/","name":"Mekulo SE","description":"","publisher":{"@id":"https:\/\/mekulo.com\/se\/#organization"},"potentialAction":[{"@type":"SearchAction","target":{"@type":"EntryPoint","urlTemplate":"https:\/\/mekulo.com\/se\/?s={search_term_string}"},"query-input":{"@type":"PropertyValueSpecification","valueRequired":true,"valueName":"search_term_string"}}],"inLanguage":"sv-SE"},{"@type":"Organization","@id":"https:\/\/mekulo.com\/se\/#organization","name":"Mekulo","url":"https:\/\/mekulo.com\/se\/","logo":{"@type":"ImageObject","inLanguage":"sv-SE","@id":"https:\/\/mekulo.com\/se\/#\/schema\/logo\/image\/","url":"https:\/\/mekulo.com\/se\/wp-content\/uploads\/sites\/11\/2025\/12\/favicon_mekulo.png","contentUrl":"https:\/\/mekulo.com\/se\/wp-content\/uploads\/sites\/11\/2025\/12\/favicon_mekulo.png","width":50,"height":50,"caption":"Mekulo"},"image":{"@id":"https:\/\/mekulo.com\/se\/#\/schema\/logo\/image\/"}}]}},"_links":{"self":[{"href":"https:\/\/mekulo.com\/se\/wp-json\/wp\/v2\/product\/22848","targetHints":{"allow":["GET"]}}],"collection":[{"href":"https:\/\/mekulo.com\/se\/wp-json\/wp\/v2\/product"}],"about":[{"href":"https:\/\/mekulo.com\/se\/wp-json\/wp\/v2\/types\/product"}],"replies":[{"embeddable":true,"href":"https:\/\/mekulo.com\/se\/wp-json\/wp\/v2\/comments?post=22848"}],"wp:featuredmedia":[{"embeddable":true,"href":"https:\/\/mekulo.com\/se\/wp-json\/wp\/v2\/media\/22844"}],"wp:attachment":[{"href":"https:\/\/mekulo.com\/se\/wp-json\/wp\/v2\/media?parent=22848"}],"wp:term":[{"taxonomy":"product_brand","embeddable":true,"href":"https:\/\/mekulo.com\/se\/wp-json\/wp\/v2\/product_brand?post=22848"},{"taxonomy":"product_cat","embeddable":true,"href":"https:\/\/mekulo.com\/se\/wp-json\/wp\/v2\/product_cat?post=22848"},{"taxonomy":"product_tag","embeddable":true,"href":"https:\/\/mekulo.com\/se\/wp-json\/wp\/v2\/product_tag?post=22848"}],"curies":[{"name":"wp","href":"https:\/\/api.w.org\/{rel}","templated":true}]}}