{"id":22786,"date":"2026-02-09T19:24:11","date_gmt":"2026-02-09T17:24:11","guid":{"rendered":"https:\/\/mekulo.com\/se\/produkt\/universellt-borrmaskinstativ-med-klamma\/"},"modified":"2026-03-02T14:41:23","modified_gmt":"2026-03-02T12:41:23","slug":"universellt-borrmaskinstativ-med-klamma","status":"publish","type":"product","link":"https:\/\/mekulo.com\/se\/produkt\/universellt-borrmaskinstativ-med-klamma\/","title":{"rendered":"Universellt borrmaskinstativ med kl\u00e4mma"},"content":{"rendered":"<p style=\"text-align: center;\" data-start=\"0\" data-end=\"71\"><strong data-start=\"0\" data-end=\"71\">F\u00e5 stabil, exakt kontroll f\u00f6r borrning och slipning i alla vinklar. \u2699\ufe0f<\/strong><\/p>\n<p data-start=\"0\" data-end=\"71\"><img decoding=\"async\" class=\"size-full wp-image-23858 aligncenter\" src=\"https:\/\/mekulo.com\/template\/wp-content\/uploads\/sites\/6\/2026\/02\/e0254298264ad894f17bb1ce5f086b66bc918e5f-800.avif\" alt=\"\" \/><\/p>\n<h2 style=\"text-align: center;\" data-start=\"454\" data-end=\"471\"><strong>F\u00f6rdelar \ud83d\udd04<\/strong><\/h2>\n<p data-start=\"474\" data-end=\"530\">\ud83d\udd04 360\u00b0 rotation &#8211; arbeta bekv\u00e4mt fr\u00e5n alla vinklar.<\/p>\n<p data-start=\"533\" data-end=\"596\">\ud83e\uddf2 Stabil bordsmontering &#8211; minskar vibrationer och halka.<\/p>\n<p data-start=\"599\" data-end=\"667\">\ud83c\udfaf H\u00f6gre precision &#8211; b\u00e4ttre kontroll vid borrning och slipning.<\/p>\n<p data-start=\"670\" data-end=\"749\">\ud83d\udee0\ufe0f Kompatibel med flera verktyg &#8211; fungerar med borrmaskiner, slipmaskiner och Dremel-verktyg.<\/p>\n<p data-start=\"752\" data-end=\"813\">\u2696\ufe0f L\u00e4tt men stark &#8211; enkel att flytta, byggd f\u00f6r att h\u00e5lla.<\/p>\n<p data-start=\"752\" data-end=\"813\"><img fetchpriority=\"high\" decoding=\"async\" class=\"size-full wp-image-23856 aligncenter\" src=\"https:\/\/mekulo.com\/template\/wp-content\/uploads\/sites\/6\/2026\/02\/igiikkokgkikifiqgmljkirqioknnirnqiqhBHyo-1.jpg\" alt=\"\" width=\"1080\" height=\"1080\" \/><\/p>\n<h2 style=\"text-align: center;\" data-start=\"815\" data-end=\"829\"><strong>Hur Man Anv\u00e4nder \ud83d\udccc<\/strong><\/h2>\n<ol data-start=\"830\" data-end=\"1104\">\n<li data-start=\"830\" data-end=\"898\">\n<p data-start=\"833\" data-end=\"898\">F\u00e4st stativet s\u00e4kert p\u00e5 ett arbetsbord med hj\u00e4lp av skruvst\u00e5ngsbasen.<\/p>\n<\/li>\n<li data-start=\"899\" data-end=\"957\">\n<p data-start=\"902\" data-end=\"957\">Montera din elektriska borrmaskin eller slipmaskin i h\u00e5llaren.<\/p>\n<\/li>\n<li data-start=\"958\" data-end=\"1009\">\n<p data-start=\"961\" data-end=\"1009\">Justera vinkeln med hj\u00e4lp av den 360\u00b0 roterande basen.<\/p>\n<\/li>\n<li data-start=\"1010\" data-end=\"1049\">\n<p data-start=\"1013\" data-end=\"1049\">L\u00e5s den i l\u00e4ge f\u00f6r stabilitet.<\/p>\n<\/li>\n<li data-start=\"1050\" data-end=\"1104\">\n<p data-start=\"1053\" data-end=\"1104\">Starta ditt verktyg och arbeta med f\u00f6rb\u00e4ttrad precision.<\/p>\n<\/li>\n<\/ol>\n<h2 style=\"text-align: center;\" data-start=\"1106\" data-end=\"1125\"><strong>Produktdetaljer \ud83d\udccf<\/strong><\/h2>\n<ul data-start=\"1126\" data-end=\"1340\">\n<li data-start=\"1126\" data-end=\"1154\">\n<p data-start=\"1128\" data-end=\"1154\">Material: Aluminiumlegering<\/p>\n<\/li>\n<li data-start=\"1155\" data-end=\"1180\">\n<p data-start=\"1157\" data-end=\"1180\">Rotation: 360 grader<\/p>\n<\/li>\n<li data-start=\"1181\" data-end=\"1206\">\n<p data-start=\"1183\" data-end=\"1206\">Vikt: Cirka 500 g<\/p>\n<\/li>\n<li data-start=\"1207\" data-end=\"1266\">\n<p data-start=\"1209\" data-end=\"1266\">Anv\u00e4ndning: Borrning, slipning, polering, h\u00e5llning av sm\u00e5 delar<\/p>\n<\/li>\n<li data-start=\"1267\" data-end=\"1340\">\n<p data-start=\"1269\" data-end=\"1340\">L\u00e4mplig f\u00f6r: Hemverkst\u00e4der, hantverk, smycken, elektronik, metallarbete<\/p>\n<\/li>\n<li data-start=\"1267\" data-end=\"1340\">Storlek: 295 x 111 x 63 mm<\/li>\n<\/ul>\n<h2 style=\"text-align: center;\" data-start=\"1342\" data-end=\"1362\"><strong>Paketet Inneh\u00e5ller \ud83d\udce6<\/strong><\/h2>\n<ul data-start=\"1363\" data-end=\"1424\" data-is-last-node=\"\" data-is-only-node=\"\">\n<li data-start=\"1363\" data-end=\"1424\" data-is-last-node=\"\">\n<p data-start=\"1365\" data-end=\"1424\" data-is-last-node=\"\">1x universal drillmate clamp stand.<\/p>\n<\/li>\n<\/ul>\n","protected":false},"excerpt":{"rendered":"<p>\ud83d\udee0\ufe0fThis universal drillmate clamp stand h\u00e5ller s\u00e4kert fast din elektriska borrmaskin eller slipmaskin, vilket ger dig b\u00e4ttre precision och handsfree-kontroll n\u00e4r du arbetar.<br \/>\n\ud83e\udeb5Den roterar 360 grader och l\u00e5ses fast ordentligt p\u00e5 ditt bord, vilket g\u00f6r den idealisk f\u00f6r detaljerade uppgifter p\u00e5 tr\u00e4, metall och sm\u00e5 delar.<br \/>\n\ud83c\udfe0Perfekt f\u00f6r hemverkst\u00e4der och sm\u00e5 fabriker, den f\u00f6rb\u00e4ttrar precisionen samtidigt som ditt arbete h\u00e5lls s\u00e4kert och stadigt.<\/p>\n","protected":false},"featured_media":22782,"comment_status":"open","ping_status":"closed","template":"","meta":{"site-sidebar-layout":"default","site-content-layout":"","ast-site-content-layout":"default","site-content-style":"default","site-sidebar-style":"default","ast-global-header-display":"","ast-banner-title-visibility":"","ast-main-header-display":"","ast-hfb-above-header-display":"","ast-hfb-below-header-display":"","ast-hfb-mobile-header-display":"","site-post-title":"","ast-breadcrumbs-content":"","ast-featured-img":"","footer-sml-layout":"","theme-transparent-header-meta":"default","adv-header-id-meta":"","stick-header-meta":"","header-above-stick-meta":"","header-main-stick-meta":"","header-below-stick-meta":"","astra-migrate-meta-layouts":"set","ast-page-background-enabled":"default","ast-page-background-meta":{"desktop":{"background-color":"var(--ast-global-color-5)","background-image":"","background-repeat":"repeat","background-position":"center center","background-size":"auto","background-attachment":"scroll","background-type":"","background-media":"","overlay-type":"","overlay-color":"","overlay-opacity":"","overlay-gradient":""},"tablet":{"background-color":"","background-image":"","background-repeat":"repeat","background-position":"center center","background-size":"auto","background-attachment":"scroll","background-type":"","background-media":"","overlay-type":"","overlay-color":"","overlay-opacity":"","overlay-gradient":""},"mobile":{"background-color":"","background-image":"","background-repeat":"repeat","background-position":"center center","background-size":"auto","background-attachment":"scroll","background-type":"","background-media":"","overlay-type":"","overlay-color":"","overlay-opacity":"","overlay-gradient":""}},"ast-content-background-meta":{"desktop":{"background-color":"var(--ast-global-color-4)","background-image":"","background-repeat":"repeat","background-position":"center center","background-size":"auto","background-attachment":"scroll","background-type":"","background-media":"","overlay-type":"","overlay-color":"","overlay-opacity":"","overlay-gradient":""},"tablet":{"background-color":"var(--ast-global-color-4)","background-image":"","background-repeat":"repeat","background-position":"center center","background-size":"auto","background-attachment":"scroll","background-type":"","background-media":"","overlay-type":"","overlay-color":"","overlay-opacity":"","overlay-gradient":""},"mobile":{"background-color":"var(--ast-global-color-4)","background-image":"","background-repeat":"repeat","background-position":"center center","background-size":"auto","background-attachment":"scroll","background-type":"","background-media":"","overlay-type":"","overlay-color":"","overlay-opacity":"","overlay-gradient":""}}},"product_brand":[],"product_cat":[15],"product_tag":[],"class_list":{"0":"post-22786","1":"product","2":"type-product","3":"status-publish","4":"has-post-thumbnail","6":"product_cat-uncategorized","7":"desktop-align-left","8":"tablet-align-left","9":"mobile-align-left","11":"first","12":"instock","13":"shipping-taxable","14":"purchasable","15":"product-type-simple"},"yoast_head":"<!-- This site is optimized with the Yoast SEO plugin v26.6 - https:\/\/yoast.com\/wordpress\/plugins\/seo\/ -->\n<title>Universellt borrmaskinstativ med kl\u00e4mma - Mekulo SE<\/title>\n<meta name=\"robots\" content=\"index, follow, max-snippet:-1, max-image-preview:large, max-video-preview:-1\" \/>\n<link rel=\"canonical\" href=\"https:\/\/mekulo.com\/se\/produkt\/universellt-borrmaskinstativ-med-klamma\/\" \/>\n<meta property=\"og:locale\" content=\"sv_SE\" \/>\n<meta property=\"og:type\" content=\"article\" \/>\n<meta property=\"og:title\" content=\"Universellt borrmaskinstativ med kl\u00e4mma - Mekulo SE\" \/>\n<meta property=\"og:description\" content=\"\ud83d\udee0\ufe0fThis universal drillmate clamp stand h\u00e5ller s\u00e4kert fast din elektriska borrmaskin eller slipmaskin, vilket ger dig b\u00e4ttre precision och handsfree-kontroll n\u00e4r du arbetar. \ud83e\udeb5Den roterar 360 grader och l\u00e5ses fast ordentligt p\u00e5 ditt bord, vilket g\u00f6r den idealisk f\u00f6r detaljerade uppgifter p\u00e5 tr\u00e4, metall och sm\u00e5 delar. \ud83c\udfe0Perfekt f\u00f6r hemverkst\u00e4der och sm\u00e5 fabriker, den f\u00f6rb\u00e4ttrar precisionen samtidigt som ditt arbete h\u00e5lls s\u00e4kert och stadigt.\" \/>\n<meta property=\"og:url\" content=\"https:\/\/mekulo.com\/se\/produkt\/universellt-borrmaskinstativ-med-klamma\/\" \/>\n<meta property=\"og:site_name\" content=\"Mekulo SE\" \/>\n<meta property=\"article:modified_time\" content=\"2026-03-02T12:41:23+00:00\" \/>\n<meta property=\"og:image\" content=\"https:\/\/mekulo.com\/se\/wp-content\/uploads\/sites\/11\/2026\/02\/la92ana-1.jpg\" \/>\n\t<meta property=\"og:image:width\" content=\"960\" \/>\n\t<meta property=\"og:image:height\" content=\"960\" \/>\n\t<meta property=\"og:image:type\" content=\"image\/jpeg\" \/>\n<meta name=\"twitter:card\" content=\"summary_large_image\" \/>\n<meta name=\"twitter:label1\" content=\"Ber\u00e4knad l\u00e4stid\" \/>\n\t<meta name=\"twitter:data1\" content=\"2 minuter\" \/>\n<script type=\"application\/ld+json\" class=\"yoast-schema-graph\">{\"@context\":\"https:\/\/schema.org\",\"@graph\":[{\"@type\":\"WebPage\",\"@id\":\"https:\/\/mekulo.com\/se\/produkt\/universellt-borrmaskinstativ-med-klamma\/\",\"url\":\"https:\/\/mekulo.com\/se\/produkt\/universellt-borrmaskinstativ-med-klamma\/\",\"name\":\"Universellt borrmaskinstativ med kl\u00e4mma - Mekulo SE\",\"isPartOf\":{\"@id\":\"https:\/\/mekulo.com\/se\/#website\"},\"primaryImageOfPage\":{\"@id\":\"https:\/\/mekulo.com\/se\/produkt\/universellt-borrmaskinstativ-med-klamma\/#primaryimage\"},\"image\":{\"@id\":\"https:\/\/mekulo.com\/se\/produkt\/universellt-borrmaskinstativ-med-klamma\/#primaryimage\"},\"thumbnailUrl\":\"https:\/\/mekulo.com\/se\/wp-content\/uploads\/sites\/11\/2026\/02\/la92ana-1.jpg\",\"datePublished\":\"2026-02-09T17:24:11+00:00\",\"dateModified\":\"2026-03-02T12:41:23+00:00\",\"breadcrumb\":{\"@id\":\"https:\/\/mekulo.com\/se\/produkt\/universellt-borrmaskinstativ-med-klamma\/#breadcrumb\"},\"inLanguage\":\"sv-SE\",\"potentialAction\":[{\"@type\":\"ReadAction\",\"target\":[\"https:\/\/mekulo.com\/se\/produkt\/universellt-borrmaskinstativ-med-klamma\/\"]}]},{\"@type\":\"ImageObject\",\"inLanguage\":\"sv-SE\",\"@id\":\"https:\/\/mekulo.com\/se\/produkt\/universellt-borrmaskinstativ-med-klamma\/#primaryimage\",\"url\":\"https:\/\/mekulo.com\/se\/wp-content\/uploads\/sites\/11\/2026\/02\/la92ana-1.jpg\",\"contentUrl\":\"https:\/\/mekulo.com\/se\/wp-content\/uploads\/sites\/11\/2026\/02\/la92ana-1.jpg\",\"width\":960,\"height\":960},{\"@type\":\"BreadcrumbList\",\"@id\":\"https:\/\/mekulo.com\/se\/produkt\/universellt-borrmaskinstativ-med-klamma\/#breadcrumb\",\"itemListElement\":[{\"@type\":\"ListItem\",\"position\":1,\"name\":\"Home\",\"item\":\"https:\/\/mekulo.com\/se\/\"},{\"@type\":\"ListItem\",\"position\":2,\"name\":\"Butik\",\"item\":\"https:\/\/mekulo.com\/se\/butik\/\"},{\"@type\":\"ListItem\",\"position\":3,\"name\":\"Universellt borrmaskinstativ med kl\u00e4mma\"}]},{\"@type\":\"WebSite\",\"@id\":\"https:\/\/mekulo.com\/se\/#website\",\"url\":\"https:\/\/mekulo.com\/se\/\",\"name\":\"Mekulo SE\",\"description\":\"\",\"publisher\":{\"@id\":\"https:\/\/mekulo.com\/se\/#organization\"},\"potentialAction\":[{\"@type\":\"SearchAction\",\"target\":{\"@type\":\"EntryPoint\",\"urlTemplate\":\"https:\/\/mekulo.com\/se\/?s={search_term_string}\"},\"query-input\":{\"@type\":\"PropertyValueSpecification\",\"valueRequired\":true,\"valueName\":\"search_term_string\"}}],\"inLanguage\":\"sv-SE\"},{\"@type\":\"Organization\",\"@id\":\"https:\/\/mekulo.com\/se\/#organization\",\"name\":\"Mekulo\",\"url\":\"https:\/\/mekulo.com\/se\/\",\"logo\":{\"@type\":\"ImageObject\",\"inLanguage\":\"sv-SE\",\"@id\":\"https:\/\/mekulo.com\/se\/#\/schema\/logo\/image\/\",\"url\":\"https:\/\/mekulo.com\/se\/wp-content\/uploads\/sites\/11\/2025\/12\/favicon_mekulo.png\",\"contentUrl\":\"https:\/\/mekulo.com\/se\/wp-content\/uploads\/sites\/11\/2025\/12\/favicon_mekulo.png\",\"width\":50,\"height\":50,\"caption\":\"Mekulo\"},\"image\":{\"@id\":\"https:\/\/mekulo.com\/se\/#\/schema\/logo\/image\/\"}}]}<\/script>\n<!-- \/ Yoast SEO plugin. -->","yoast_head_json":{"title":"Universellt borrmaskinstativ med kl\u00e4mma - Mekulo SE","robots":{"index":"index","follow":"follow","max-snippet":"max-snippet:-1","max-image-preview":"max-image-preview:large","max-video-preview":"max-video-preview:-1"},"canonical":"https:\/\/mekulo.com\/se\/produkt\/universellt-borrmaskinstativ-med-klamma\/","og_locale":"sv_SE","og_type":"article","og_title":"Universellt borrmaskinstativ med kl\u00e4mma - Mekulo SE","og_description":"\ud83d\udee0\ufe0fThis universal drillmate clamp stand h\u00e5ller s\u00e4kert fast din elektriska borrmaskin eller slipmaskin, vilket ger dig b\u00e4ttre precision och handsfree-kontroll n\u00e4r du arbetar. \ud83e\udeb5Den roterar 360 grader och l\u00e5ses fast ordentligt p\u00e5 ditt bord, vilket g\u00f6r den idealisk f\u00f6r detaljerade uppgifter p\u00e5 tr\u00e4, metall och sm\u00e5 delar. \ud83c\udfe0Perfekt f\u00f6r hemverkst\u00e4der och sm\u00e5 fabriker, den f\u00f6rb\u00e4ttrar precisionen samtidigt som ditt arbete h\u00e5lls s\u00e4kert och stadigt.","og_url":"https:\/\/mekulo.com\/se\/produkt\/universellt-borrmaskinstativ-med-klamma\/","og_site_name":"Mekulo SE","article_modified_time":"2026-03-02T12:41:23+00:00","og_image":[{"width":960,"height":960,"url":"https:\/\/mekulo.com\/se\/wp-content\/uploads\/sites\/11\/2026\/02\/la92ana-1.jpg","type":"image\/jpeg"}],"twitter_card":"summary_large_image","twitter_misc":{"Ber\u00e4knad l\u00e4stid":"2 minuter"},"schema":{"@context":"https:\/\/schema.org","@graph":[{"@type":"WebPage","@id":"https:\/\/mekulo.com\/se\/produkt\/universellt-borrmaskinstativ-med-klamma\/","url":"https:\/\/mekulo.com\/se\/produkt\/universellt-borrmaskinstativ-med-klamma\/","name":"Universellt borrmaskinstativ med kl\u00e4mma - Mekulo SE","isPartOf":{"@id":"https:\/\/mekulo.com\/se\/#website"},"primaryImageOfPage":{"@id":"https:\/\/mekulo.com\/se\/produkt\/universellt-borrmaskinstativ-med-klamma\/#primaryimage"},"image":{"@id":"https:\/\/mekulo.com\/se\/produkt\/universellt-borrmaskinstativ-med-klamma\/#primaryimage"},"thumbnailUrl":"https:\/\/mekulo.com\/se\/wp-content\/uploads\/sites\/11\/2026\/02\/la92ana-1.jpg","datePublished":"2026-02-09T17:24:11+00:00","dateModified":"2026-03-02T12:41:23+00:00","breadcrumb":{"@id":"https:\/\/mekulo.com\/se\/produkt\/universellt-borrmaskinstativ-med-klamma\/#breadcrumb"},"inLanguage":"sv-SE","potentialAction":[{"@type":"ReadAction","target":["https:\/\/mekulo.com\/se\/produkt\/universellt-borrmaskinstativ-med-klamma\/"]}]},{"@type":"ImageObject","inLanguage":"sv-SE","@id":"https:\/\/mekulo.com\/se\/produkt\/universellt-borrmaskinstativ-med-klamma\/#primaryimage","url":"https:\/\/mekulo.com\/se\/wp-content\/uploads\/sites\/11\/2026\/02\/la92ana-1.jpg","contentUrl":"https:\/\/mekulo.com\/se\/wp-content\/uploads\/sites\/11\/2026\/02\/la92ana-1.jpg","width":960,"height":960},{"@type":"BreadcrumbList","@id":"https:\/\/mekulo.com\/se\/produkt\/universellt-borrmaskinstativ-med-klamma\/#breadcrumb","itemListElement":[{"@type":"ListItem","position":1,"name":"Home","item":"https:\/\/mekulo.com\/se\/"},{"@type":"ListItem","position":2,"name":"Butik","item":"https:\/\/mekulo.com\/se\/butik\/"},{"@type":"ListItem","position":3,"name":"Universellt borrmaskinstativ med kl\u00e4mma"}]},{"@type":"WebSite","@id":"https:\/\/mekulo.com\/se\/#website","url":"https:\/\/mekulo.com\/se\/","name":"Mekulo SE","description":"","publisher":{"@id":"https:\/\/mekulo.com\/se\/#organization"},"potentialAction":[{"@type":"SearchAction","target":{"@type":"EntryPoint","urlTemplate":"https:\/\/mekulo.com\/se\/?s={search_term_string}"},"query-input":{"@type":"PropertyValueSpecification","valueRequired":true,"valueName":"search_term_string"}}],"inLanguage":"sv-SE"},{"@type":"Organization","@id":"https:\/\/mekulo.com\/se\/#organization","name":"Mekulo","url":"https:\/\/mekulo.com\/se\/","logo":{"@type":"ImageObject","inLanguage":"sv-SE","@id":"https:\/\/mekulo.com\/se\/#\/schema\/logo\/image\/","url":"https:\/\/mekulo.com\/se\/wp-content\/uploads\/sites\/11\/2025\/12\/favicon_mekulo.png","contentUrl":"https:\/\/mekulo.com\/se\/wp-content\/uploads\/sites\/11\/2025\/12\/favicon_mekulo.png","width":50,"height":50,"caption":"Mekulo"},"image":{"@id":"https:\/\/mekulo.com\/se\/#\/schema\/logo\/image\/"}}]}},"_links":{"self":[{"href":"https:\/\/mekulo.com\/se\/wp-json\/wp\/v2\/product\/22786","targetHints":{"allow":["GET"]}}],"collection":[{"href":"https:\/\/mekulo.com\/se\/wp-json\/wp\/v2\/product"}],"about":[{"href":"https:\/\/mekulo.com\/se\/wp-json\/wp\/v2\/types\/product"}],"replies":[{"embeddable":true,"href":"https:\/\/mekulo.com\/se\/wp-json\/wp\/v2\/comments?post=22786"}],"wp:featuredmedia":[{"embeddable":true,"href":"https:\/\/mekulo.com\/se\/wp-json\/wp\/v2\/media\/22782"}],"wp:attachment":[{"href":"https:\/\/mekulo.com\/se\/wp-json\/wp\/v2\/media?parent=22786"}],"wp:term":[{"taxonomy":"product_brand","embeddable":true,"href":"https:\/\/mekulo.com\/se\/wp-json\/wp\/v2\/product_brand?post=22786"},{"taxonomy":"product_cat","embeddable":true,"href":"https:\/\/mekulo.com\/se\/wp-json\/wp\/v2\/product_cat?post=22786"},{"taxonomy":"product_tag","embeddable":true,"href":"https:\/\/mekulo.com\/se\/wp-json\/wp\/v2\/product_tag?post=22786"}],"curies":[{"name":"wp","href":"https:\/\/api.w.org\/{rel}","templated":true}]}}