{"id":22765,"date":"2026-02-09T19:21:34","date_gmt":"2026-02-09T17:21:34","guid":{"rendered":"https:\/\/mekulo.com\/se\/produkt\/barbar-elektrisk-vatskepump\/"},"modified":"2026-02-09T19:21:50","modified_gmt":"2026-02-09T17:21:50","slug":"barbar-elektrisk-vatskepump","status":"publish","type":"product","link":"https:\/\/mekulo.com\/se\/produkt\/barbar-elektrisk-vatskepump\/","title":{"rendered":"B\u00e4rbar elektrisk v\u00e4tskepump"},"content":{"rendered":"<div class=\"flex flex-col text-sm pb-25\">\n<article class=\"text-token-text-primary w-full focus:outline-none [--shadow-height:45px] has-data-writing-block:pointer-events-none has-data-writing-block:-mt-(--shadow-height) has-data-writing-block:pt-(--shadow-height) [&amp;:has([data-writing-block])&gt;*]:pointer-events-auto scroll-mt-[calc(var(--header-height)+min(200px,max(70px,20svh)))]\" dir=\"auto\" data-turn-id=\"56aedfd7-2235-4d51-aacd-53ed5f368efc\" data-testid=\"conversation-turn-160\" data-scroll-anchor=\"true\" data-turn=\"assistant\">\n<div class=\"text-base my-auto mx-auto pb-10 [--thread-content-margin:--spacing(4)] @w-sm\/main:[--thread-content-margin:--spacing(6)] @w-lg\/main:[--thread-content-margin:--spacing(16)] px-(--thread-content-margin)\">\n<div class=\"[--thread-content-max-width:40rem] @w-lg\/main:[--thread-content-max-width:48rem] mx-auto max-w-(--thread-content-max-width) flex-1 group\/turn-messages focus-visible:outline-hidden relative flex w-full min-w-0 flex-col agent-turn\">\n<div class=\"flex max-w-full flex-col grow\">\n<div class=\"min-h-8 text-message relative flex w-full flex-col items-end gap-2 text-start break-words whitespace-normal [.text-message+&amp;]:mt-1\" dir=\"auto\" data-message-author-role=\"assistant\" data-message-id=\"4481e274-92ff-429e-a3cb-b5dac8d8b83d\" data-message-model-slug=\"gpt-5-2\">\n<div class=\"flex w-full flex-col gap-1 empty:hidden first:pt-[1px]\">\n<div class=\"markdown prose dark:prose-invert w-full wrap-break-word light markdown-new-styling\">\n<p style=\"text-align: center\" data-start=\"0\" data-end=\"65\"><strong data-start=\"0\" data-end=\"65\">\u00d6verf\u00f6r Br\u00e4nsle Och V\u00e4tskor Snabbt, Rent Och Utan Att Det Blir Kladdigt. \u26fd<\/strong><\/p>\n<p data-start=\"0\" data-end=\"65\"><img fetchpriority=\"high\" decoding=\"async\" class=\"size-full wp-image-23723 aligncenter\" src=\"https:\/\/mekulo.com\/template\/wp-content\/uploads\/sites\/6\/2026\/02\/S44f20596ca0d42b3b825278de8d4bab7b.jpg\" alt=\"\" width=\"1080\" height=\"1080\" \/><\/p>\n<h2 style=\"text-align: center\" data-start=\"396\" data-end=\"413\"><strong>Huvudf\u00f6rdelar \u26fd<\/strong><\/h2>\n<p data-start=\"416\" data-end=\"483\">\u26fd Snabb pumpkraft &#8211; \u00f6verf\u00f6r upp till 9 l per minut.<\/p>\n<p data-start=\"486\" data-end=\"554\">\ud83d\udd27 Justerbart munstycke &#8211; b\u00e4ttre fl\u00f6deskontroll f\u00f6r olika uppgifter.<\/p>\n<p data-start=\"557\" data-end=\"623\">\ud83d\udd04 Bred kompatibilitet &#8211; passar de flesta 11-18 l br\u00e4nslebeh\u00e5llare.<\/p>\n<p data-start=\"626\" data-end=\"691\">\ud83e\uddf1 Slitstarkt material &#8211; korrosionsbest\u00e4ndigt och byggt f\u00f6r att h\u00e5lla.<\/p>\n<p data-start=\"694\" data-end=\"751\">\ud83d\udeab L\u00e4cks\u00e4ker slang &#8211; ren och s\u00e4ker v\u00e4tske\u00f6verf\u00f6ring.<\/p>\n<p data-start=\"694\" data-end=\"751\"><img decoding=\"async\" class=\"size-full wp-image-23721 aligncenter\" src=\"https:\/\/mekulo.com\/template\/wp-content\/uploads\/sites\/6\/2026\/02\/S3012c24a6add4d3f95f0cd463ec06aael.jpg\" alt=\"\" width=\"1080\" height=\"1080\" \/><\/p>\n<h2 style=\"text-align: center\" data-start=\"753\" data-end=\"767\"><strong>Hur Man Anv\u00e4nder \ud83d\udccc<\/strong><\/h2>\n<ol data-start=\"768\" data-end=\"1036\">\n<li data-start=\"768\" data-end=\"816\">\n<p data-start=\"771\" data-end=\"816\">S\u00e4tt i r\u00e4tt batterier i pumpen.<\/p>\n<\/li>\n<li data-start=\"817\" data-end=\"867\">\n<p data-start=\"820\" data-end=\"867\">Placera sugr\u00f6ret helt i v\u00e4tskan.<\/p>\n<\/li>\n<li data-start=\"868\" data-end=\"925\">\n<p data-start=\"871\" data-end=\"925\">S\u00e4tt in slangen i beh\u00e5llaren du vill fylla.<\/p>\n<\/li>\n<li data-start=\"926\" data-end=\"980\">\n<p data-start=\"929\" data-end=\"980\">Tryck och h\u00e5ll in str\u00f6mknappen f\u00f6r att b\u00f6rja pumpa.<\/p>\n<\/li>\n<li data-start=\"981\" data-end=\"1036\">\n<p data-start=\"984\" data-end=\"1036\">Sl\u00e4pp knappen innan beh\u00e5llaren \u00f6verfylls.<\/p>\n<\/li>\n<\/ol>\n<h2 style=\"text-align: center\" data-start=\"1038\" data-end=\"1057\"><strong>Produktdetaljer \ud83d\udccf<\/strong><\/h2>\n<ul data-start=\"1058\" data-end=\"1472\">\n<li data-start=\"1058\" data-end=\"1079\">\n<p data-start=\"1060\" data-end=\"1079\">Material: Plast<\/p>\n<\/li>\n<li data-start=\"1106\" data-end=\"1137\">\n<p data-start=\"1108\" data-end=\"1137\">Sugr\u00f6rets l\u00e4ngd: Ca 90 cm<\/p>\n<\/li>\n<li data-start=\"1138\" data-end=\"1181\">\n<p data-start=\"1140\" data-end=\"1181\">Fl\u00f6deshastighet: Upp till 9 L per minut<\/p>\n<\/li>\n<li data-start=\"1182\" data-end=\"1209\">\n<p data-start=\"1184\" data-end=\"1209\">F\u00f6rs\u00f6rjning: Batteridriven<\/p>\n<\/li>\n<li data-start=\"1333\" data-end=\"1409\">\n<p data-start=\"1335\" data-end=\"1409\">L\u00e4mplig f\u00f6r: Bensin, diesel, fotogen, l\u00e4tta oljor, icke-drickbart vatten<\/p>\n<\/li>\n<li data-start=\"1410\" data-end=\"1472\">\n<p data-start=\"1412\" data-end=\"1472\">Inte l\u00e4mplig f\u00f6r: Dricksvatten, kemikalier, tjocka v\u00e4tskor<\/p>\n<\/li>\n<li data-start=\"1410\" data-end=\"1472\">\n<p data-start=\"1412\" data-end=\"1472\">Batterityper: 6x AA-batterier eller 2x D-batterier<\/p>\n<\/li>\n<li data-start=\"1410\" data-end=\"1472\">Storlek: 59 x 4,5 x 2 cm<\/li>\n<\/ul>\n<h2 style=\"text-align: center\" data-start=\"1474\" data-end=\"1494\"><strong>Paketet Inneh\u00e5ller \ud83d\udce6<\/strong><\/h2>\n<ul data-start=\"1495\" data-end=\"1556\" data-is-last-node=\"\" data-is-only-node=\"\">\n<li data-start=\"1495\" data-end=\"1556\" data-is-last-node=\"\">\n<p data-start=\"1497\" data-end=\"1556\" data-is-last-node=\"\">Alternativ A: 1x b\u00e4rbar elektrisk v\u00e4tskepump<\/p>\n<\/li>\n<li data-start=\"1495\" data-end=\"1556\" data-is-last-node=\"\">Alternativ B: 1x b\u00e4rbar elektrisk v\u00e4tskepump, 2x batterifack.<\/li>\n<\/ul>\n<\/div>\n<\/div>\n<\/div>\n<\/div>\n<\/div>\n<\/div>\n<\/article>\n<\/div>\n","protected":false},"excerpt":{"rendered":"<p>\ud83d\udd04Den h\u00e4r b\u00e4rbara elektriska v\u00e4tskepumpen g\u00f6r det snabbt och enkelt att flytta br\u00e4nsle och andra v\u00e4tskor med en knapptryckning.<br \/>\n\ud83d\udeabDen har ett justerbart munstycke och en l\u00e5ng slang f\u00f6r kontrollerad, spillfri \u00f6verf\u00f6ring fr\u00e5n fat och tankar.<br \/>\n\ud83c\udfe1Den h\u00e4r pumpen \u00e4r idealisk f\u00f6r garage, verkst\u00e4der, bilar, b\u00e5tar och n\u00f6danv\u00e4ndning d\u00e4r hastighet och s\u00e4kerhet \u00e4r viktigt.<\/p>\n","protected":false},"featured_media":22761,"comment_status":"open","ping_status":"closed","template":"","meta":{"site-sidebar-layout":"default","site-content-layout":"","ast-site-content-layout":"default","site-content-style":"default","site-sidebar-style":"default","ast-global-header-display":"","ast-banner-title-visibility":"","ast-main-header-display":"","ast-hfb-above-header-display":"","ast-hfb-below-header-display":"","ast-hfb-mobile-header-display":"","site-post-title":"","ast-breadcrumbs-content":"","ast-featured-img":"","footer-sml-layout":"","theme-transparent-header-meta":"default","adv-header-id-meta":"","stick-header-meta":"","header-above-stick-meta":"","header-main-stick-meta":"","header-below-stick-meta":"","astra-migrate-meta-layouts":"set","ast-page-background-enabled":"default","ast-page-background-meta":{"desktop":{"background-color":"var(--ast-global-color-5)","background-image":"","background-repeat":"repeat","background-position":"center center","background-size":"auto","background-attachment":"scroll","background-type":"","background-media":"","overlay-type":"","overlay-color":"","overlay-opacity":"","overlay-gradient":""},"tablet":{"background-color":"","background-image":"","background-repeat":"repeat","background-position":"center center","background-size":"auto","background-attachment":"scroll","background-type":"","background-media":"","overlay-type":"","overlay-color":"","overlay-opacity":"","overlay-gradient":""},"mobile":{"background-color":"","background-image":"","background-repeat":"repeat","background-position":"center center","background-size":"auto","background-attachment":"scroll","background-type":"","background-media":"","overlay-type":"","overlay-color":"","overlay-opacity":"","overlay-gradient":""}},"ast-content-background-meta":{"desktop":{"background-color":"var(--ast-global-color-4)","background-image":"","background-repeat":"repeat","background-position":"center center","background-size":"auto","background-attachment":"scroll","background-type":"","background-media":"","overlay-type":"","overlay-color":"","overlay-opacity":"","overlay-gradient":""},"tablet":{"background-color":"var(--ast-global-color-4)","background-image":"","background-repeat":"repeat","background-position":"center center","background-size":"auto","background-attachment":"scroll","background-type":"","background-media":"","overlay-type":"","overlay-color":"","overlay-opacity":"","overlay-gradient":""},"mobile":{"background-color":"var(--ast-global-color-4)","background-image":"","background-repeat":"repeat","background-position":"center center","background-size":"auto","background-attachment":"scroll","background-type":"","background-media":"","overlay-type":"","overlay-color":"","overlay-opacity":"","overlay-gradient":""}}},"product_brand":[],"product_cat":[161,171],"product_tag":[],"class_list":{"0":"post-22765","1":"product","2":"type-product","3":"status-publish","4":"has-post-thumbnail","6":"product_cat-bilprodukter","7":"product_cat-verktyg","8":"pa_55480_5746xy40-orange","9":"pa_55480_5746xy40-rod","10":"pa_55480_6lfnx52m-a","11":"pa_55480_6lfnx52m-b","12":"desktop-align-left","13":"tablet-align-left","14":"mobile-align-left","16":"first","17":"instock","18":"shipping-taxable","19":"purchasable","20":"product-type-variable","21":"has-default-attributes"},"yoast_head":"<!-- This site is optimized with the Yoast SEO plugin v26.6 - https:\/\/yoast.com\/wordpress\/plugins\/seo\/ -->\n<title>B\u00e4rbar elektrisk v\u00e4tskepump - Mekulo SE<\/title>\n<meta name=\"robots\" content=\"index, follow, max-snippet:-1, max-image-preview:large, max-video-preview:-1\" \/>\n<link rel=\"canonical\" href=\"https:\/\/mekulo.com\/se\/produkt\/barbar-elektrisk-vatskepump\/\" \/>\n<meta property=\"og:locale\" content=\"sv_SE\" \/>\n<meta property=\"og:type\" content=\"article\" \/>\n<meta property=\"og:title\" content=\"B\u00e4rbar elektrisk v\u00e4tskepump - Mekulo SE\" \/>\n<meta property=\"og:description\" content=\"\ud83d\udd04Den h\u00e4r b\u00e4rbara elektriska v\u00e4tskepumpen g\u00f6r det snabbt och enkelt att flytta br\u00e4nsle och andra v\u00e4tskor med en knapptryckning. \ud83d\udeabDen har ett justerbart munstycke och en l\u00e5ng slang f\u00f6r kontrollerad, spillfri \u00f6verf\u00f6ring fr\u00e5n fat och tankar. \ud83c\udfe1Den h\u00e4r pumpen \u00e4r idealisk f\u00f6r garage, verkst\u00e4der, bilar, b\u00e5tar och n\u00f6danv\u00e4ndning d\u00e4r hastighet och s\u00e4kerhet \u00e4r viktigt.\" \/>\n<meta property=\"og:url\" content=\"https:\/\/mekulo.com\/se\/produkt\/barbar-elektrisk-vatskepump\/\" \/>\n<meta property=\"og:site_name\" content=\"Mekulo SE\" \/>\n<meta property=\"article:modified_time\" content=\"2026-02-09T17:21:50+00:00\" \/>\n<meta property=\"og:image\" content=\"https:\/\/mekulo.com\/se\/wp-content\/uploads\/sites\/11\/2026\/02\/opf93r3-1.jpg\" \/>\n\t<meta property=\"og:image:width\" content=\"1080\" \/>\n\t<meta property=\"og:image:height\" content=\"1054\" \/>\n\t<meta property=\"og:image:type\" content=\"image\/jpeg\" \/>\n<meta name=\"twitter:card\" content=\"summary_large_image\" \/>\n<meta name=\"twitter:label1\" content=\"Ber\u00e4knad l\u00e4stid\" \/>\n\t<meta name=\"twitter:data1\" content=\"2 minuter\" \/>\n<script type=\"application\/ld+json\" class=\"yoast-schema-graph\">{\"@context\":\"https:\/\/schema.org\",\"@graph\":[{\"@type\":\"WebPage\",\"@id\":\"https:\/\/mekulo.com\/se\/produkt\/barbar-elektrisk-vatskepump\/\",\"url\":\"https:\/\/mekulo.com\/se\/produkt\/barbar-elektrisk-vatskepump\/\",\"name\":\"B\u00e4rbar elektrisk v\u00e4tskepump - Mekulo SE\",\"isPartOf\":{\"@id\":\"https:\/\/mekulo.com\/se\/#website\"},\"primaryImageOfPage\":{\"@id\":\"https:\/\/mekulo.com\/se\/produkt\/barbar-elektrisk-vatskepump\/#primaryimage\"},\"image\":{\"@id\":\"https:\/\/mekulo.com\/se\/produkt\/barbar-elektrisk-vatskepump\/#primaryimage\"},\"thumbnailUrl\":\"https:\/\/mekulo.com\/se\/wp-content\/uploads\/sites\/11\/2026\/02\/opf93r3-1.jpg\",\"datePublished\":\"2026-02-09T17:21:34+00:00\",\"dateModified\":\"2026-02-09T17:21:50+00:00\",\"breadcrumb\":{\"@id\":\"https:\/\/mekulo.com\/se\/produkt\/barbar-elektrisk-vatskepump\/#breadcrumb\"},\"inLanguage\":\"sv-SE\",\"potentialAction\":[{\"@type\":\"ReadAction\",\"target\":[\"https:\/\/mekulo.com\/se\/produkt\/barbar-elektrisk-vatskepump\/\"]}]},{\"@type\":\"ImageObject\",\"inLanguage\":\"sv-SE\",\"@id\":\"https:\/\/mekulo.com\/se\/produkt\/barbar-elektrisk-vatskepump\/#primaryimage\",\"url\":\"https:\/\/mekulo.com\/se\/wp-content\/uploads\/sites\/11\/2026\/02\/opf93r3-1.jpg\",\"contentUrl\":\"https:\/\/mekulo.com\/se\/wp-content\/uploads\/sites\/11\/2026\/02\/opf93r3-1.jpg\",\"width\":1080,\"height\":1054},{\"@type\":\"BreadcrumbList\",\"@id\":\"https:\/\/mekulo.com\/se\/produkt\/barbar-elektrisk-vatskepump\/#breadcrumb\",\"itemListElement\":[{\"@type\":\"ListItem\",\"position\":1,\"name\":\"Home\",\"item\":\"https:\/\/mekulo.com\/se\/\"},{\"@type\":\"ListItem\",\"position\":2,\"name\":\"Butik\",\"item\":\"https:\/\/mekulo.com\/se\/butik\/\"},{\"@type\":\"ListItem\",\"position\":3,\"name\":\"B\u00e4rbar elektrisk v\u00e4tskepump\"}]},{\"@type\":\"WebSite\",\"@id\":\"https:\/\/mekulo.com\/se\/#website\",\"url\":\"https:\/\/mekulo.com\/se\/\",\"name\":\"Mekulo SE\",\"description\":\"\",\"publisher\":{\"@id\":\"https:\/\/mekulo.com\/se\/#organization\"},\"potentialAction\":[{\"@type\":\"SearchAction\",\"target\":{\"@type\":\"EntryPoint\",\"urlTemplate\":\"https:\/\/mekulo.com\/se\/?s={search_term_string}\"},\"query-input\":{\"@type\":\"PropertyValueSpecification\",\"valueRequired\":true,\"valueName\":\"search_term_string\"}}],\"inLanguage\":\"sv-SE\"},{\"@type\":\"Organization\",\"@id\":\"https:\/\/mekulo.com\/se\/#organization\",\"name\":\"Mekulo\",\"url\":\"https:\/\/mekulo.com\/se\/\",\"logo\":{\"@type\":\"ImageObject\",\"inLanguage\":\"sv-SE\",\"@id\":\"https:\/\/mekulo.com\/se\/#\/schema\/logo\/image\/\",\"url\":\"https:\/\/mekulo.com\/se\/wp-content\/uploads\/sites\/11\/2025\/12\/favicon_mekulo.png\",\"contentUrl\":\"https:\/\/mekulo.com\/se\/wp-content\/uploads\/sites\/11\/2025\/12\/favicon_mekulo.png\",\"width\":50,\"height\":50,\"caption\":\"Mekulo\"},\"image\":{\"@id\":\"https:\/\/mekulo.com\/se\/#\/schema\/logo\/image\/\"}}]}<\/script>\n<!-- \/ Yoast SEO plugin. -->","yoast_head_json":{"title":"B\u00e4rbar elektrisk v\u00e4tskepump - Mekulo SE","robots":{"index":"index","follow":"follow","max-snippet":"max-snippet:-1","max-image-preview":"max-image-preview:large","max-video-preview":"max-video-preview:-1"},"canonical":"https:\/\/mekulo.com\/se\/produkt\/barbar-elektrisk-vatskepump\/","og_locale":"sv_SE","og_type":"article","og_title":"B\u00e4rbar elektrisk v\u00e4tskepump - Mekulo SE","og_description":"\ud83d\udd04Den h\u00e4r b\u00e4rbara elektriska v\u00e4tskepumpen g\u00f6r det snabbt och enkelt att flytta br\u00e4nsle och andra v\u00e4tskor med en knapptryckning. \ud83d\udeabDen har ett justerbart munstycke och en l\u00e5ng slang f\u00f6r kontrollerad, spillfri \u00f6verf\u00f6ring fr\u00e5n fat och tankar. \ud83c\udfe1Den h\u00e4r pumpen \u00e4r idealisk f\u00f6r garage, verkst\u00e4der, bilar, b\u00e5tar och n\u00f6danv\u00e4ndning d\u00e4r hastighet och s\u00e4kerhet \u00e4r viktigt.","og_url":"https:\/\/mekulo.com\/se\/produkt\/barbar-elektrisk-vatskepump\/","og_site_name":"Mekulo SE","article_modified_time":"2026-02-09T17:21:50+00:00","og_image":[{"width":1080,"height":1054,"url":"https:\/\/mekulo.com\/se\/wp-content\/uploads\/sites\/11\/2026\/02\/opf93r3-1.jpg","type":"image\/jpeg"}],"twitter_card":"summary_large_image","twitter_misc":{"Ber\u00e4knad l\u00e4stid":"2 minuter"},"schema":{"@context":"https:\/\/schema.org","@graph":[{"@type":"WebPage","@id":"https:\/\/mekulo.com\/se\/produkt\/barbar-elektrisk-vatskepump\/","url":"https:\/\/mekulo.com\/se\/produkt\/barbar-elektrisk-vatskepump\/","name":"B\u00e4rbar elektrisk v\u00e4tskepump - Mekulo SE","isPartOf":{"@id":"https:\/\/mekulo.com\/se\/#website"},"primaryImageOfPage":{"@id":"https:\/\/mekulo.com\/se\/produkt\/barbar-elektrisk-vatskepump\/#primaryimage"},"image":{"@id":"https:\/\/mekulo.com\/se\/produkt\/barbar-elektrisk-vatskepump\/#primaryimage"},"thumbnailUrl":"https:\/\/mekulo.com\/se\/wp-content\/uploads\/sites\/11\/2026\/02\/opf93r3-1.jpg","datePublished":"2026-02-09T17:21:34+00:00","dateModified":"2026-02-09T17:21:50+00:00","breadcrumb":{"@id":"https:\/\/mekulo.com\/se\/produkt\/barbar-elektrisk-vatskepump\/#breadcrumb"},"inLanguage":"sv-SE","potentialAction":[{"@type":"ReadAction","target":["https:\/\/mekulo.com\/se\/produkt\/barbar-elektrisk-vatskepump\/"]}]},{"@type":"ImageObject","inLanguage":"sv-SE","@id":"https:\/\/mekulo.com\/se\/produkt\/barbar-elektrisk-vatskepump\/#primaryimage","url":"https:\/\/mekulo.com\/se\/wp-content\/uploads\/sites\/11\/2026\/02\/opf93r3-1.jpg","contentUrl":"https:\/\/mekulo.com\/se\/wp-content\/uploads\/sites\/11\/2026\/02\/opf93r3-1.jpg","width":1080,"height":1054},{"@type":"BreadcrumbList","@id":"https:\/\/mekulo.com\/se\/produkt\/barbar-elektrisk-vatskepump\/#breadcrumb","itemListElement":[{"@type":"ListItem","position":1,"name":"Home","item":"https:\/\/mekulo.com\/se\/"},{"@type":"ListItem","position":2,"name":"Butik","item":"https:\/\/mekulo.com\/se\/butik\/"},{"@type":"ListItem","position":3,"name":"B\u00e4rbar elektrisk v\u00e4tskepump"}]},{"@type":"WebSite","@id":"https:\/\/mekulo.com\/se\/#website","url":"https:\/\/mekulo.com\/se\/","name":"Mekulo SE","description":"","publisher":{"@id":"https:\/\/mekulo.com\/se\/#organization"},"potentialAction":[{"@type":"SearchAction","target":{"@type":"EntryPoint","urlTemplate":"https:\/\/mekulo.com\/se\/?s={search_term_string}"},"query-input":{"@type":"PropertyValueSpecification","valueRequired":true,"valueName":"search_term_string"}}],"inLanguage":"sv-SE"},{"@type":"Organization","@id":"https:\/\/mekulo.com\/se\/#organization","name":"Mekulo","url":"https:\/\/mekulo.com\/se\/","logo":{"@type":"ImageObject","inLanguage":"sv-SE","@id":"https:\/\/mekulo.com\/se\/#\/schema\/logo\/image\/","url":"https:\/\/mekulo.com\/se\/wp-content\/uploads\/sites\/11\/2025\/12\/favicon_mekulo.png","contentUrl":"https:\/\/mekulo.com\/se\/wp-content\/uploads\/sites\/11\/2025\/12\/favicon_mekulo.png","width":50,"height":50,"caption":"Mekulo"},"image":{"@id":"https:\/\/mekulo.com\/se\/#\/schema\/logo\/image\/"}}]}},"_links":{"self":[{"href":"https:\/\/mekulo.com\/se\/wp-json\/wp\/v2\/product\/22765","targetHints":{"allow":["GET"]}}],"collection":[{"href":"https:\/\/mekulo.com\/se\/wp-json\/wp\/v2\/product"}],"about":[{"href":"https:\/\/mekulo.com\/se\/wp-json\/wp\/v2\/types\/product"}],"replies":[{"embeddable":true,"href":"https:\/\/mekulo.com\/se\/wp-json\/wp\/v2\/comments?post=22765"}],"wp:featuredmedia":[{"embeddable":true,"href":"https:\/\/mekulo.com\/se\/wp-json\/wp\/v2\/media\/22761"}],"wp:attachment":[{"href":"https:\/\/mekulo.com\/se\/wp-json\/wp\/v2\/media?parent=22765"}],"wp:term":[{"taxonomy":"product_brand","embeddable":true,"href":"https:\/\/mekulo.com\/se\/wp-json\/wp\/v2\/product_brand?post=22765"},{"taxonomy":"product_cat","embeddable":true,"href":"https:\/\/mekulo.com\/se\/wp-json\/wp\/v2\/product_cat?post=22765"},{"taxonomy":"product_tag","embeddable":true,"href":"https:\/\/mekulo.com\/se\/wp-json\/wp\/v2\/product_tag?post=22765"}],"curies":[{"name":"wp","href":"https:\/\/api.w.org\/{rel}","templated":true}]}}