{"id":22752,"date":"2026-02-09T18:10:13","date_gmt":"2026-02-09T16:10:13","guid":{"rendered":"https:\/\/mekulo.com\/se\/produkt\/barbar-juice-muggblandare\/"},"modified":"2026-02-09T18:10:13","modified_gmt":"2026-02-09T16:10:13","slug":"barbar-juice-muggblandare","status":"publish","type":"product","link":"https:\/\/mekulo.com\/se\/produkt\/barbar-juice-muggblandare\/","title":{"rendered":"B\u00e4rbar juice-muggblandare"},"content":{"rendered":"<p style=\"text-align: center\" data-start=\"32\" data-end=\"95\"><strong data-start=\"32\" data-end=\"95\">Blanda f\u00e4rsk juice var som helst, n\u00e4r som helst med en enkel knapp. \ud83c\udf4a<\/strong><\/p>\n<p data-start=\"32\" data-end=\"95\"><img fetchpriority=\"high\" decoding=\"async\" class=\"size-full wp-image-24405 aligncenter\" src=\"https:\/\/mekulo.com\/template\/wp-content\/uploads\/sites\/6\/2026\/02\/3-3.jpg\" alt=\"\" width=\"1080\" height=\"1080\" \/><\/p>\n<h2 style=\"text-align: center\" data-start=\"378\" data-end=\"395\"><strong>Huvudf\u00f6rdelar \ud83e\udd64<\/strong><\/h2>\n<p data-start=\"396\" data-end=\"714\">\ud83e\udd64 B\u00e4rbar och l\u00e4tt &#8211; L\u00e4tt att b\u00e4ra i en v\u00e4ska eller ryggs\u00e4ck.<\/p>\n<p data-start=\"396\" data-end=\"714\">\ud83c\udf53 Stor kapacitet &#8211; G\u00f6r tillr\u00e4ckligt med juice i en blandning.<\/p>\n<p data-start=\"396\" data-end=\"714\">\ud83d\udd2a 10 kraftfulla blad &#8211; Smidig blandning och b\u00e4ttre n\u00e4ringsutsl\u00e4pp.<\/p>\n<p data-start=\"396\" data-end=\"714\">\ud83d\udd0b Sladdl\u00f6s laddning &#8211; Inga kablar beh\u00f6vs under anv\u00e4ndning.<\/p>\n<p data-start=\"396\" data-end=\"714\">\u26a1 Enknappsdrift &#8211; Enkel och s\u00e4ker f\u00f6r alla \u00e5ldrar.<\/p>\n<p data-start=\"396\" data-end=\"714\"><img decoding=\"async\" class=\"size-full wp-image-24408 aligncenter\" src=\"https:\/\/mekulo.com\/template\/wp-content\/uploads\/sites\/6\/2026\/02\/S5e282d4a088544eb8aca05a7d06d0556y.webp\" alt=\"\" width=\"1601\" height=\"1601\" \/><\/p>\n<h2 style=\"text-align: center\" data-start=\"721\" data-end=\"735\"><strong>Hur Man Anv\u00e4nder \ud83d\udccc<\/strong><\/h2>\n<ol data-start=\"736\" data-end=\"934\">\n<li data-start=\"736\" data-end=\"783\">\n<p data-start=\"739\" data-end=\"783\">L\u00e4gg till skurna frukter eller gr\u00f6nsaker i koppen.<\/p>\n<\/li>\n<li data-start=\"784\" data-end=\"836\">\n<p data-start=\"787\" data-end=\"836\">St\u00e4ng locket ordentligt och v\u00e4nd koppen uppr\u00e4tt.<\/p>\n<\/li>\n<li data-start=\"837\" data-end=\"883\">\n<p data-start=\"840\" data-end=\"883\">Tryck p\u00e5 str\u00f6mbrytaren f\u00f6r att b\u00f6rja mixa.<\/p>\n<\/li>\n<li data-start=\"884\" data-end=\"934\">\n<p data-start=\"887\" data-end=\"934\">Njut av din f\u00e4rska juice direkt fr\u00e5n koppen.<\/p>\n<\/li>\n<\/ol>\n<h2 style=\"text-align: center\" data-start=\"941\" data-end=\"960\"><strong>Produktdetaljer \ud83d\udccf<\/strong><\/h2>\n<ul data-start=\"961\" data-end=\"1236\">\n<li data-start=\"1002\" data-end=\"1019\">\n<p data-start=\"1004\" data-end=\"1019\">Material: ABS<\/p>\n<\/li>\n<li data-start=\"1020\" data-end=\"1065\">\n<p data-start=\"1022\" data-end=\"1065\">Batteri: 2600mAh inbyggt litiumbatteri<\/p>\n<\/li>\n<li data-start=\"1066\" data-end=\"1080\">\n<p data-start=\"1068\" data-end=\"1080\">Effekt: 40W<\/p>\n<\/li>\n<li data-start=\"1081\" data-end=\"1118\">\n<p data-start=\"1083\" data-end=\"1118\">Blad: 10 blad i rostfritt st\u00e5l<\/p>\n<\/li>\n<li data-start=\"1119\" data-end=\"1172\">\n<p data-start=\"1121\" data-end=\"1172\">Kapacitet: 800ml drickslock \/ 500ml blandningslock<\/p>\n<\/li>\n<li data-start=\"1173\" data-end=\"1201\">\n<p data-start=\"1175\" data-end=\"1201\">Laddningstid: 3-4 timmar<\/p>\n<\/li>\n<li data-start=\"1202\" data-end=\"1236\">\n<p data-start=\"1204\" data-end=\"1236\">Anv\u00e4ndning per laddning: 15-20 blandningar<\/p>\n<\/li>\n<li data-start=\"1202\" data-end=\"1236\">Storlek: 155 x 110 mm<\/li>\n<\/ul>\n<h2 style=\"text-align: center\" data-start=\"1243\" data-end=\"1263\"><strong>Paketet Inneh\u00e5ller \ud83d\udce6<\/strong><\/h2>\n<ul data-start=\"1264\" data-end=\"1316\">\n<li data-start=\"1264\" data-end=\"1281\">\n<p data-start=\"1266\" data-end=\"1281\">1x juicekopp<\/p>\n<\/li>\n<li data-start=\"1282\" data-end=\"1304\">\n<p data-start=\"1284\" data-end=\"1304\">1x USB-laddningskabel<\/p>\n<\/li>\n<li data-start=\"1305\" data-end=\"1316\">\n<p data-start=\"1307\" data-end=\"1316\">1x lock.<\/p>\n<\/li>\n<\/ul>\n","protected":false},"excerpt":{"rendered":"<p><span style=\"font-size: 16px\">\ud83e\udd64<\/span>Med den h\u00e4r b\u00e4rbara juicemuggblendern kan du snabbt f\u00f6rvandla frukt och gr\u00f6nsaker till smidiga drycker var du \u00e4n \u00e4r.<br \/>\n<span style=\"font-size: 16px\">\ud83c\udf4f<\/span>Den sladdl\u00f6sa designen, den kraftfulla motorn och de vassa bladen g\u00f6r juicingen snabb och enkel.<br \/>\n\ud83c\udfebPerfekt f\u00f6r hektiska morgnar, resor, arbete, skola eller tr\u00e4ningsrutiner. <span style=\"font-size: 16px\">Ett enkelt och bekv\u00e4mt s\u00e4tt att njuta av f\u00e4rsk, h\u00e4lsosam juice varhelst livet tar dig.<\/span><\/p>\n","protected":false},"featured_media":22748,"comment_status":"open","ping_status":"closed","template":"","meta":{"site-sidebar-layout":"default","site-content-layout":"","ast-site-content-layout":"default","site-content-style":"default","site-sidebar-style":"default","ast-global-header-display":"","ast-banner-title-visibility":"","ast-main-header-display":"","ast-hfb-above-header-display":"","ast-hfb-below-header-display":"","ast-hfb-mobile-header-display":"","site-post-title":"","ast-breadcrumbs-content":"","ast-featured-img":"","footer-sml-layout":"","theme-transparent-header-meta":"default","adv-header-id-meta":"","stick-header-meta":"","header-above-stick-meta":"","header-main-stick-meta":"","header-below-stick-meta":"","astra-migrate-meta-layouts":"set","ast-page-background-enabled":"default","ast-page-background-meta":{"desktop":{"background-color":"var(--ast-global-color-5)","background-image":"","background-repeat":"repeat","background-position":"center center","background-size":"auto","background-attachment":"scroll","background-type":"","background-media":"","overlay-type":"","overlay-color":"","overlay-opacity":"","overlay-gradient":""},"tablet":{"background-color":"","background-image":"","background-repeat":"repeat","background-position":"center center","background-size":"auto","background-attachment":"scroll","background-type":"","background-media":"","overlay-type":"","overlay-color":"","overlay-opacity":"","overlay-gradient":""},"mobile":{"background-color":"","background-image":"","background-repeat":"repeat","background-position":"center center","background-size":"auto","background-attachment":"scroll","background-type":"","background-media":"","overlay-type":"","overlay-color":"","overlay-opacity":"","overlay-gradient":""}},"ast-content-background-meta":{"desktop":{"background-color":"var(--ast-global-color-4)","background-image":"","background-repeat":"repeat","background-position":"center center","background-size":"auto","background-attachment":"scroll","background-type":"","background-media":"","overlay-type":"","overlay-color":"","overlay-opacity":"","overlay-gradient":""},"tablet":{"background-color":"var(--ast-global-color-4)","background-image":"","background-repeat":"repeat","background-position":"center center","background-size":"auto","background-attachment":"scroll","background-type":"","background-media":"","overlay-type":"","overlay-color":"","overlay-opacity":"","overlay-gradient":""},"mobile":{"background-color":"var(--ast-global-color-4)","background-image":"","background-repeat":"repeat","background-position":"center center","background-size":"auto","background-attachment":"scroll","background-type":"","background-media":"","overlay-type":"","overlay-color":"","overlay-opacity":"","overlay-gradient":""}}},"product_brand":[],"product_cat":[15],"product_tag":[],"class_list":{"0":"post-22752","1":"product","2":"type-product","3":"status-publish","4":"has-post-thumbnail","6":"product_cat-uncategorized","7":"desktop-align-left","8":"tablet-align-left","9":"mobile-align-left","11":"first","12":"instock","13":"shipping-taxable","14":"purchasable","15":"product-type-simple"},"yoast_head":"<!-- This site is optimized with the Yoast SEO plugin v26.6 - https:\/\/yoast.com\/wordpress\/plugins\/seo\/ -->\n<title>B\u00e4rbar juice-muggblandare - Mekulo SE<\/title>\n<meta name=\"robots\" content=\"index, follow, max-snippet:-1, max-image-preview:large, max-video-preview:-1\" \/>\n<link rel=\"canonical\" href=\"https:\/\/mekulo.com\/se\/produkt\/barbar-juice-muggblandare\/\" \/>\n<meta property=\"og:locale\" content=\"sv_SE\" \/>\n<meta property=\"og:type\" content=\"article\" \/>\n<meta property=\"og:title\" content=\"B\u00e4rbar juice-muggblandare - Mekulo SE\" \/>\n<meta property=\"og:description\" content=\"\ud83e\udd64Med den h\u00e4r b\u00e4rbara juicemuggblendern kan du snabbt f\u00f6rvandla frukt och gr\u00f6nsaker till smidiga drycker var du \u00e4n \u00e4r. \ud83c\udf4fDen sladdl\u00f6sa designen, den kraftfulla motorn och de vassa bladen g\u00f6r juicingen snabb och enkel. \ud83c\udfebPerfekt f\u00f6r hektiska morgnar, resor, arbete, skola eller tr\u00e4ningsrutiner. Ett enkelt och bekv\u00e4mt s\u00e4tt att njuta av f\u00e4rsk, h\u00e4lsosam juice varhelst livet tar dig.\" \/>\n<meta property=\"og:url\" content=\"https:\/\/mekulo.com\/se\/produkt\/barbar-juice-muggblandare\/\" \/>\n<meta property=\"og:site_name\" content=\"Mekulo SE\" \/>\n<meta property=\"og:image\" content=\"https:\/\/mekulo.com\/se\/wp-content\/uploads\/sites\/11\/2026\/02\/lv56rx8-1.jpg\" \/>\n\t<meta property=\"og:image:width\" content=\"1080\" \/>\n\t<meta property=\"og:image:height\" content=\"1080\" \/>\n\t<meta property=\"og:image:type\" content=\"image\/jpeg\" \/>\n<meta name=\"twitter:card\" content=\"summary_large_image\" \/>\n<meta name=\"twitter:label1\" content=\"Ber\u00e4knad l\u00e4stid\" \/>\n\t<meta name=\"twitter:data1\" content=\"2 minuter\" \/>\n<script type=\"application\/ld+json\" class=\"yoast-schema-graph\">{\"@context\":\"https:\/\/schema.org\",\"@graph\":[{\"@type\":\"WebPage\",\"@id\":\"https:\/\/mekulo.com\/se\/produkt\/barbar-juice-muggblandare\/\",\"url\":\"https:\/\/mekulo.com\/se\/produkt\/barbar-juice-muggblandare\/\",\"name\":\"B\u00e4rbar juice-muggblandare - Mekulo SE\",\"isPartOf\":{\"@id\":\"https:\/\/mekulo.com\/se\/#website\"},\"primaryImageOfPage\":{\"@id\":\"https:\/\/mekulo.com\/se\/produkt\/barbar-juice-muggblandare\/#primaryimage\"},\"image\":{\"@id\":\"https:\/\/mekulo.com\/se\/produkt\/barbar-juice-muggblandare\/#primaryimage\"},\"thumbnailUrl\":\"https:\/\/mekulo.com\/se\/wp-content\/uploads\/sites\/11\/2026\/02\/lv56rx8-1.jpg\",\"datePublished\":\"2026-02-09T16:10:13+00:00\",\"breadcrumb\":{\"@id\":\"https:\/\/mekulo.com\/se\/produkt\/barbar-juice-muggblandare\/#breadcrumb\"},\"inLanguage\":\"sv-SE\",\"potentialAction\":[{\"@type\":\"ReadAction\",\"target\":[\"https:\/\/mekulo.com\/se\/produkt\/barbar-juice-muggblandare\/\"]}]},{\"@type\":\"ImageObject\",\"inLanguage\":\"sv-SE\",\"@id\":\"https:\/\/mekulo.com\/se\/produkt\/barbar-juice-muggblandare\/#primaryimage\",\"url\":\"https:\/\/mekulo.com\/se\/wp-content\/uploads\/sites\/11\/2026\/02\/lv56rx8-1.jpg\",\"contentUrl\":\"https:\/\/mekulo.com\/se\/wp-content\/uploads\/sites\/11\/2026\/02\/lv56rx8-1.jpg\",\"width\":1080,\"height\":1080},{\"@type\":\"BreadcrumbList\",\"@id\":\"https:\/\/mekulo.com\/se\/produkt\/barbar-juice-muggblandare\/#breadcrumb\",\"itemListElement\":[{\"@type\":\"ListItem\",\"position\":1,\"name\":\"Home\",\"item\":\"https:\/\/mekulo.com\/se\/\"},{\"@type\":\"ListItem\",\"position\":2,\"name\":\"Butik\",\"item\":\"https:\/\/mekulo.com\/se\/butik\/\"},{\"@type\":\"ListItem\",\"position\":3,\"name\":\"B\u00e4rbar juice-muggblandare\"}]},{\"@type\":\"WebSite\",\"@id\":\"https:\/\/mekulo.com\/se\/#website\",\"url\":\"https:\/\/mekulo.com\/se\/\",\"name\":\"Mekulo SE\",\"description\":\"\",\"publisher\":{\"@id\":\"https:\/\/mekulo.com\/se\/#organization\"},\"potentialAction\":[{\"@type\":\"SearchAction\",\"target\":{\"@type\":\"EntryPoint\",\"urlTemplate\":\"https:\/\/mekulo.com\/se\/?s={search_term_string}\"},\"query-input\":{\"@type\":\"PropertyValueSpecification\",\"valueRequired\":true,\"valueName\":\"search_term_string\"}}],\"inLanguage\":\"sv-SE\"},{\"@type\":\"Organization\",\"@id\":\"https:\/\/mekulo.com\/se\/#organization\",\"name\":\"Mekulo\",\"url\":\"https:\/\/mekulo.com\/se\/\",\"logo\":{\"@type\":\"ImageObject\",\"inLanguage\":\"sv-SE\",\"@id\":\"https:\/\/mekulo.com\/se\/#\/schema\/logo\/image\/\",\"url\":\"https:\/\/mekulo.com\/se\/wp-content\/uploads\/sites\/11\/2025\/12\/favicon_mekulo.png\",\"contentUrl\":\"https:\/\/mekulo.com\/se\/wp-content\/uploads\/sites\/11\/2025\/12\/favicon_mekulo.png\",\"width\":50,\"height\":50,\"caption\":\"Mekulo\"},\"image\":{\"@id\":\"https:\/\/mekulo.com\/se\/#\/schema\/logo\/image\/\"}}]}<\/script>\n<!-- \/ Yoast SEO plugin. -->","yoast_head_json":{"title":"B\u00e4rbar juice-muggblandare - Mekulo SE","robots":{"index":"index","follow":"follow","max-snippet":"max-snippet:-1","max-image-preview":"max-image-preview:large","max-video-preview":"max-video-preview:-1"},"canonical":"https:\/\/mekulo.com\/se\/produkt\/barbar-juice-muggblandare\/","og_locale":"sv_SE","og_type":"article","og_title":"B\u00e4rbar juice-muggblandare - Mekulo SE","og_description":"\ud83e\udd64Med den h\u00e4r b\u00e4rbara juicemuggblendern kan du snabbt f\u00f6rvandla frukt och gr\u00f6nsaker till smidiga drycker var du \u00e4n \u00e4r. \ud83c\udf4fDen sladdl\u00f6sa designen, den kraftfulla motorn och de vassa bladen g\u00f6r juicingen snabb och enkel. \ud83c\udfebPerfekt f\u00f6r hektiska morgnar, resor, arbete, skola eller tr\u00e4ningsrutiner. Ett enkelt och bekv\u00e4mt s\u00e4tt att njuta av f\u00e4rsk, h\u00e4lsosam juice varhelst livet tar dig.","og_url":"https:\/\/mekulo.com\/se\/produkt\/barbar-juice-muggblandare\/","og_site_name":"Mekulo SE","og_image":[{"width":1080,"height":1080,"url":"https:\/\/mekulo.com\/se\/wp-content\/uploads\/sites\/11\/2026\/02\/lv56rx8-1.jpg","type":"image\/jpeg"}],"twitter_card":"summary_large_image","twitter_misc":{"Ber\u00e4knad l\u00e4stid":"2 minuter"},"schema":{"@context":"https:\/\/schema.org","@graph":[{"@type":"WebPage","@id":"https:\/\/mekulo.com\/se\/produkt\/barbar-juice-muggblandare\/","url":"https:\/\/mekulo.com\/se\/produkt\/barbar-juice-muggblandare\/","name":"B\u00e4rbar juice-muggblandare - Mekulo SE","isPartOf":{"@id":"https:\/\/mekulo.com\/se\/#website"},"primaryImageOfPage":{"@id":"https:\/\/mekulo.com\/se\/produkt\/barbar-juice-muggblandare\/#primaryimage"},"image":{"@id":"https:\/\/mekulo.com\/se\/produkt\/barbar-juice-muggblandare\/#primaryimage"},"thumbnailUrl":"https:\/\/mekulo.com\/se\/wp-content\/uploads\/sites\/11\/2026\/02\/lv56rx8-1.jpg","datePublished":"2026-02-09T16:10:13+00:00","breadcrumb":{"@id":"https:\/\/mekulo.com\/se\/produkt\/barbar-juice-muggblandare\/#breadcrumb"},"inLanguage":"sv-SE","potentialAction":[{"@type":"ReadAction","target":["https:\/\/mekulo.com\/se\/produkt\/barbar-juice-muggblandare\/"]}]},{"@type":"ImageObject","inLanguage":"sv-SE","@id":"https:\/\/mekulo.com\/se\/produkt\/barbar-juice-muggblandare\/#primaryimage","url":"https:\/\/mekulo.com\/se\/wp-content\/uploads\/sites\/11\/2026\/02\/lv56rx8-1.jpg","contentUrl":"https:\/\/mekulo.com\/se\/wp-content\/uploads\/sites\/11\/2026\/02\/lv56rx8-1.jpg","width":1080,"height":1080},{"@type":"BreadcrumbList","@id":"https:\/\/mekulo.com\/se\/produkt\/barbar-juice-muggblandare\/#breadcrumb","itemListElement":[{"@type":"ListItem","position":1,"name":"Home","item":"https:\/\/mekulo.com\/se\/"},{"@type":"ListItem","position":2,"name":"Butik","item":"https:\/\/mekulo.com\/se\/butik\/"},{"@type":"ListItem","position":3,"name":"B\u00e4rbar juice-muggblandare"}]},{"@type":"WebSite","@id":"https:\/\/mekulo.com\/se\/#website","url":"https:\/\/mekulo.com\/se\/","name":"Mekulo SE","description":"","publisher":{"@id":"https:\/\/mekulo.com\/se\/#organization"},"potentialAction":[{"@type":"SearchAction","target":{"@type":"EntryPoint","urlTemplate":"https:\/\/mekulo.com\/se\/?s={search_term_string}"},"query-input":{"@type":"PropertyValueSpecification","valueRequired":true,"valueName":"search_term_string"}}],"inLanguage":"sv-SE"},{"@type":"Organization","@id":"https:\/\/mekulo.com\/se\/#organization","name":"Mekulo","url":"https:\/\/mekulo.com\/se\/","logo":{"@type":"ImageObject","inLanguage":"sv-SE","@id":"https:\/\/mekulo.com\/se\/#\/schema\/logo\/image\/","url":"https:\/\/mekulo.com\/se\/wp-content\/uploads\/sites\/11\/2025\/12\/favicon_mekulo.png","contentUrl":"https:\/\/mekulo.com\/se\/wp-content\/uploads\/sites\/11\/2025\/12\/favicon_mekulo.png","width":50,"height":50,"caption":"Mekulo"},"image":{"@id":"https:\/\/mekulo.com\/se\/#\/schema\/logo\/image\/"}}]}},"_links":{"self":[{"href":"https:\/\/mekulo.com\/se\/wp-json\/wp\/v2\/product\/22752","targetHints":{"allow":["GET"]}}],"collection":[{"href":"https:\/\/mekulo.com\/se\/wp-json\/wp\/v2\/product"}],"about":[{"href":"https:\/\/mekulo.com\/se\/wp-json\/wp\/v2\/types\/product"}],"replies":[{"embeddable":true,"href":"https:\/\/mekulo.com\/se\/wp-json\/wp\/v2\/comments?post=22752"}],"wp:featuredmedia":[{"embeddable":true,"href":"https:\/\/mekulo.com\/se\/wp-json\/wp\/v2\/media\/22748"}],"wp:attachment":[{"href":"https:\/\/mekulo.com\/se\/wp-json\/wp\/v2\/media?parent=22752"}],"wp:term":[{"taxonomy":"product_brand","embeddable":true,"href":"https:\/\/mekulo.com\/se\/wp-json\/wp\/v2\/product_brand?post=22752"},{"taxonomy":"product_cat","embeddable":true,"href":"https:\/\/mekulo.com\/se\/wp-json\/wp\/v2\/product_cat?post=22752"},{"taxonomy":"product_tag","embeddable":true,"href":"https:\/\/mekulo.com\/se\/wp-json\/wp\/v2\/product_tag?post=22752"}],"curies":[{"name":"wp","href":"https:\/\/api.w.org\/{rel}","templated":true}]}}