{"id":22721,"date":"2026-02-09T18:07:43","date_gmt":"2026-02-09T16:07:43","guid":{"rendered":"https:\/\/mekulo.com\/se\/produkt\/vaderflojel\/"},"modified":"2026-03-02T14:45:16","modified_gmt":"2026-03-02T12:45:16","slug":"vaderflojel","status":"publish","type":"product","link":"https:\/\/mekulo.com\/se\/produkt\/vaderflojel\/","title":{"rendered":"V\u00e4derfl\u00f6jel"},"content":{"rendered":"<p style=\"text-align: center;\" data-start=\"18\" data-end=\"99\"><strong data-start=\"18\" data-end=\"99\">F\u00e5 en snabb \u00f6verblick \u00f6ver vindriktningen samtidigt som du ger stil \u00e5t ditt utomhusutrymme. \ud83c\udfe1<\/strong><\/p>\n<p data-start=\"18\" data-end=\"99\"><img fetchpriority=\"high\" decoding=\"async\" class=\"size-full wp-image-24379 aligncenter\" src=\"https:\/\/mekulo.com\/template\/wp-content\/uploads\/sites\/6\/2026\/02\/0c875642-e8b0-4dbf-a7a6-fc5388165dfb.webp\" alt=\"\" width=\"1000\" height=\"1000\" \/><\/p>\n<h2 style=\"text-align: center;\" data-start=\"360\" data-end=\"377\"><strong>Huvudf\u00f6rdelar \ud83c\udfe1<\/strong><\/h2>\n<p data-start=\"378\" data-end=\"838\">\ud83c\udf2c\ufe0f Smidig vindriktningsvisning &#8211; Roterar enkelt med en precisionssv\u00e4ng.<\/p>\n<p data-start=\"378\" data-end=\"838\">\ud83d\udda4 Snygg design &#8211; Satin svart finish med rena, eleganta linjer.<\/p>\n<p data-start=\"378\" data-end=\"838\">\ud83d\udee1\ufe0f Rostbest\u00e4ndigt rostfritt st\u00e5l &#8211; Byggt f\u00f6r l\u00e5ngvarig utomhusanv\u00e4ndning.<\/p>\n<p data-start=\"378\" data-end=\"838\">\ud83c\udfe1 Bred applikation &#8211; Perfekt f\u00f6r tak, tr\u00e4dg\u00e5rdar, lador och lusthus.<\/p>\n<p data-start=\"378\" data-end=\"838\">\ud83c\udf81 Bra presentid\u00e9 &#8211; Perfekt f\u00f6r inflyttning, helgdagar och speciella evenemang.<\/p>\n<p data-start=\"378\" data-end=\"838\">\ud83c\udf31 Milj\u00f6v\u00e4nlig &amp; s\u00e4ker &#8211; Giftfria material, s\u00e4kra f\u00f6r m\u00e4nniskor och djur.<\/p>\n<p data-start=\"378\" data-end=\"838\"><img decoding=\"async\" class=\" wp-image-24378 aligncenter\" src=\"https:\/\/mekulo.com\/template\/wp-content\/uploads\/sites\/6\/2026\/02\/A40yjmBrBzulf9oBwPWK.jpg\" alt=\"\" width=\"731\" height=\"731\" \/><\/p>\n<h2 style=\"text-align: center;\" data-start=\"845\" data-end=\"859\"><strong>Hur Man Anv\u00e4nder \ud83d\udccc<\/strong><\/h2>\n<ol data-start=\"860\" data-end=\"1118\">\n<li data-start=\"860\" data-end=\"921\">\n<p data-start=\"863\" data-end=\"921\">V\u00e4lj en h\u00f6g och \u00f6ppen plats med god vindexponering.<\/p>\n<\/li>\n<li data-start=\"922\" data-end=\"990\">\n<p data-start=\"925\" data-end=\"990\">F\u00e4st v\u00e4derbladet ordentligt p\u00e5 taket, stolpen eller strukturen.<\/p>\n<\/li>\n<li data-start=\"991\" data-end=\"1055\">\n<p data-start=\"994\" data-end=\"1055\">Rikta in det ordentligt med kardinalriktningarna om det ing\u00e5r.<\/p>\n<\/li>\n<li data-start=\"1056\" data-end=\"1118\">\n<p data-start=\"1059\" data-end=\"1118\">L\u00e5t vinden rotera vingen naturligt f\u00f6r att visa riktning.<\/p>\n<\/li>\n<\/ol>\n<h2 style=\"text-align: center;\" data-start=\"1125\" data-end=\"1144\"><strong>Produktdetaljer \ud83d\udccf<\/strong><\/h2>\n<ul data-start=\"1145\" data-end=\"1323\">\n<li data-start=\"1145\" data-end=\"1174\">\n<p data-start=\"1147\" data-end=\"1174\">Material: Rostfritt st\u00e5l<\/p>\n<\/li>\n<li data-start=\"1175\" data-end=\"1198\">\n<p data-start=\"1177\" data-end=\"1198\">Ytbehandling: Satinsvart<\/p>\n<\/li>\n<li data-start=\"1199\" data-end=\"1251\">\n<p data-start=\"1201\" data-end=\"1251\">Design: Handgjord med sl\u00e4ta, gradfria kanter<\/p>\n<\/li>\n<li data-start=\"1252\" data-end=\"1323\">\n<p data-start=\"1254\" data-end=\"1323\">Funktion: Vindriktningsindikator och dekorativ utomhusskulptur<\/p>\n<\/li>\n<li data-start=\"1252\" data-end=\"1323\">\n<p data-start=\"1254\" data-end=\"1323\">Storlek: Storleken \u00e4r olika f\u00f6r varje form<\/p>\n<\/li>\n<\/ul>\n<h2 style=\"text-align: center;\" data-start=\"1330\" data-end=\"1350\"><strong>Paketet Inneh\u00e5ller \ud83d\udce6<\/strong><\/h2>\n<ul data-start=\"1351\" data-end=\"1371\">\n<li data-start=\"1351\" data-end=\"1371\">\n<p data-start=\"1353\" data-end=\"1371\">1x v\u00e4derfl\u00f6jel.<\/p>\n<\/li>\n<\/ul>\n","protected":false},"excerpt":{"rendered":"<p>\ud83c\udf2c\ufe0fThis v\u00e4derblad i rostfritt st\u00e5l roterar smidigt med vinden f\u00f6r att tydligt visa vindriktningen.<br \/>\n\ud83c\udfe1Den eleganta designen fungerar ocks\u00e5 som en dekorativ accent f\u00f6r ditt hem, din tr\u00e4dg\u00e5rd eller ditt tak.<br \/>\n\ud83c\udf31Ett funktionellt och elegant s\u00e4tt att sp\u00e5ra vinden samtidigt som det f\u00f6rb\u00e4ttrar utseendet p\u00e5 ditt utomhusutrymme.<\/p>\n","protected":false},"featured_media":22717,"comment_status":"open","ping_status":"closed","template":"","meta":{"site-sidebar-layout":"default","site-content-layout":"","ast-site-content-layout":"default","site-content-style":"default","site-sidebar-style":"default","ast-global-header-display":"","ast-banner-title-visibility":"","ast-main-header-display":"","ast-hfb-above-header-display":"","ast-hfb-below-header-display":"","ast-hfb-mobile-header-display":"","site-post-title":"","ast-breadcrumbs-content":"","ast-featured-img":"","footer-sml-layout":"","theme-transparent-header-meta":"default","adv-header-id-meta":"","stick-header-meta":"","header-above-stick-meta":"","header-main-stick-meta":"","header-below-stick-meta":"","astra-migrate-meta-layouts":"set","ast-page-background-enabled":"default","ast-page-background-meta":{"desktop":{"background-color":"var(--ast-global-color-5)","background-image":"","background-repeat":"repeat","background-position":"center center","background-size":"auto","background-attachment":"scroll","background-type":"","background-media":"","overlay-type":"","overlay-color":"","overlay-opacity":"","overlay-gradient":""},"tablet":{"background-color":"","background-image":"","background-repeat":"repeat","background-position":"center center","background-size":"auto","background-attachment":"scroll","background-type":"","background-media":"","overlay-type":"","overlay-color":"","overlay-opacity":"","overlay-gradient":""},"mobile":{"background-color":"","background-image":"","background-repeat":"repeat","background-position":"center center","background-size":"auto","background-attachment":"scroll","background-type":"","background-media":"","overlay-type":"","overlay-color":"","overlay-opacity":"","overlay-gradient":""}},"ast-content-background-meta":{"desktop":{"background-color":"var(--ast-global-color-4)","background-image":"","background-repeat":"repeat","background-position":"center center","background-size":"auto","background-attachment":"scroll","background-type":"","background-media":"","overlay-type":"","overlay-color":"","overlay-opacity":"","overlay-gradient":""},"tablet":{"background-color":"var(--ast-global-color-4)","background-image":"","background-repeat":"repeat","background-position":"center center","background-size":"auto","background-attachment":"scroll","background-type":"","background-media":"","overlay-type":"","overlay-color":"","overlay-opacity":"","overlay-gradient":""},"mobile":{"background-color":"var(--ast-global-color-4)","background-image":"","background-repeat":"repeat","background-position":"center center","background-size":"auto","background-attachment":"scroll","background-type":"","background-media":"","overlay-type":"","overlay-color":"","overlay-opacity":"","overlay-gradient":""}}},"product_brand":[],"product_cat":[168],"product_tag":[],"class_list":{"0":"post-22721","1":"product","2":"type-product","3":"status-publish","4":"has-post-thumbnail","6":"product_cat-hushallsartiklar","7":"pa_58448_m6ge4mng-a","8":"pa_58448_m6ge4mng-b","9":"pa_58448_m6ge4mng-c","10":"pa_58448_m6ge4mng-d","11":"pa_58448_m6ge4mng-e","12":"pa_58448_m6ge4mng-f","13":"pa_58448_m6ge4mng-g","14":"pa_58448_m6ge4mng-h","15":"pa_58448_m6ge4mng-i","16":"pa_58448_m6ge4mng-j","17":"pa_58448_m6ge4mng-k","18":"desktop-align-left","19":"tablet-align-left","20":"mobile-align-left","22":"first","23":"instock","24":"shipping-taxable","25":"purchasable","26":"product-type-variable"},"yoast_head":"<!-- This site is optimized with the Yoast SEO plugin v26.6 - https:\/\/yoast.com\/wordpress\/plugins\/seo\/ -->\n<title>V\u00e4derfl\u00f6jel - Mekulo SE<\/title>\n<meta name=\"robots\" content=\"index, follow, max-snippet:-1, max-image-preview:large, max-video-preview:-1\" \/>\n<link rel=\"canonical\" href=\"https:\/\/mekulo.com\/se\/produkt\/vaderflojel\/\" \/>\n<meta property=\"og:locale\" content=\"sv_SE\" \/>\n<meta property=\"og:type\" content=\"article\" \/>\n<meta property=\"og:title\" content=\"V\u00e4derfl\u00f6jel - Mekulo SE\" \/>\n<meta property=\"og:description\" content=\"\ud83c\udf2c\ufe0fThis v\u00e4derblad i rostfritt st\u00e5l roterar smidigt med vinden f\u00f6r att tydligt visa vindriktningen. \ud83c\udfe1Den eleganta designen fungerar ocks\u00e5 som en dekorativ accent f\u00f6r ditt hem, din tr\u00e4dg\u00e5rd eller ditt tak. \ud83c\udf31Ett funktionellt och elegant s\u00e4tt att sp\u00e5ra vinden samtidigt som det f\u00f6rb\u00e4ttrar utseendet p\u00e5 ditt utomhusutrymme.\" \/>\n<meta property=\"og:url\" content=\"https:\/\/mekulo.com\/se\/produkt\/vaderflojel\/\" \/>\n<meta property=\"og:site_name\" content=\"Mekulo SE\" \/>\n<meta property=\"article:modified_time\" content=\"2026-03-02T12:45:16+00:00\" \/>\n<meta property=\"og:image\" content=\"https:\/\/mekulo.com\/se\/wp-content\/uploads\/sites\/11\/2026\/02\/z20ngx7-1.webp\" \/>\n\t<meta property=\"og:image:width\" content=\"1000\" \/>\n\t<meta property=\"og:image:height\" content=\"1000\" \/>\n\t<meta property=\"og:image:type\" content=\"image\/webp\" \/>\n<meta name=\"twitter:card\" content=\"summary_large_image\" \/>\n<meta name=\"twitter:label1\" content=\"Ber\u00e4knad l\u00e4stid\" \/>\n\t<meta name=\"twitter:data1\" content=\"2 minuter\" \/>\n<script type=\"application\/ld+json\" class=\"yoast-schema-graph\">{\"@context\":\"https:\/\/schema.org\",\"@graph\":[{\"@type\":\"WebPage\",\"@id\":\"https:\/\/mekulo.com\/se\/produkt\/vaderflojel\/\",\"url\":\"https:\/\/mekulo.com\/se\/produkt\/vaderflojel\/\",\"name\":\"V\u00e4derfl\u00f6jel - Mekulo SE\",\"isPartOf\":{\"@id\":\"https:\/\/mekulo.com\/se\/#website\"},\"primaryImageOfPage\":{\"@id\":\"https:\/\/mekulo.com\/se\/produkt\/vaderflojel\/#primaryimage\"},\"image\":{\"@id\":\"https:\/\/mekulo.com\/se\/produkt\/vaderflojel\/#primaryimage\"},\"thumbnailUrl\":\"https:\/\/mekulo.com\/se\/wp-content\/uploads\/sites\/11\/2026\/02\/z20ngx7-1.webp\",\"datePublished\":\"2026-02-09T16:07:43+00:00\",\"dateModified\":\"2026-03-02T12:45:16+00:00\",\"breadcrumb\":{\"@id\":\"https:\/\/mekulo.com\/se\/produkt\/vaderflojel\/#breadcrumb\"},\"inLanguage\":\"sv-SE\",\"potentialAction\":[{\"@type\":\"ReadAction\",\"target\":[\"https:\/\/mekulo.com\/se\/produkt\/vaderflojel\/\"]}]},{\"@type\":\"ImageObject\",\"inLanguage\":\"sv-SE\",\"@id\":\"https:\/\/mekulo.com\/se\/produkt\/vaderflojel\/#primaryimage\",\"url\":\"https:\/\/mekulo.com\/se\/wp-content\/uploads\/sites\/11\/2026\/02\/z20ngx7-1.webp\",\"contentUrl\":\"https:\/\/mekulo.com\/se\/wp-content\/uploads\/sites\/11\/2026\/02\/z20ngx7-1.webp\",\"width\":1000,\"height\":1000},{\"@type\":\"BreadcrumbList\",\"@id\":\"https:\/\/mekulo.com\/se\/produkt\/vaderflojel\/#breadcrumb\",\"itemListElement\":[{\"@type\":\"ListItem\",\"position\":1,\"name\":\"Home\",\"item\":\"https:\/\/mekulo.com\/se\/\"},{\"@type\":\"ListItem\",\"position\":2,\"name\":\"Butik\",\"item\":\"https:\/\/mekulo.com\/se\/butik\/\"},{\"@type\":\"ListItem\",\"position\":3,\"name\":\"V\u00e4derfl\u00f6jel\"}]},{\"@type\":\"WebSite\",\"@id\":\"https:\/\/mekulo.com\/se\/#website\",\"url\":\"https:\/\/mekulo.com\/se\/\",\"name\":\"Mekulo SE\",\"description\":\"\",\"publisher\":{\"@id\":\"https:\/\/mekulo.com\/se\/#organization\"},\"potentialAction\":[{\"@type\":\"SearchAction\",\"target\":{\"@type\":\"EntryPoint\",\"urlTemplate\":\"https:\/\/mekulo.com\/se\/?s={search_term_string}\"},\"query-input\":{\"@type\":\"PropertyValueSpecification\",\"valueRequired\":true,\"valueName\":\"search_term_string\"}}],\"inLanguage\":\"sv-SE\"},{\"@type\":\"Organization\",\"@id\":\"https:\/\/mekulo.com\/se\/#organization\",\"name\":\"Mekulo\",\"url\":\"https:\/\/mekulo.com\/se\/\",\"logo\":{\"@type\":\"ImageObject\",\"inLanguage\":\"sv-SE\",\"@id\":\"https:\/\/mekulo.com\/se\/#\/schema\/logo\/image\/\",\"url\":\"https:\/\/mekulo.com\/se\/wp-content\/uploads\/sites\/11\/2025\/12\/favicon_mekulo.png\",\"contentUrl\":\"https:\/\/mekulo.com\/se\/wp-content\/uploads\/sites\/11\/2025\/12\/favicon_mekulo.png\",\"width\":50,\"height\":50,\"caption\":\"Mekulo\"},\"image\":{\"@id\":\"https:\/\/mekulo.com\/se\/#\/schema\/logo\/image\/\"}}]}<\/script>\n<!-- \/ Yoast SEO plugin. -->","yoast_head_json":{"title":"V\u00e4derfl\u00f6jel - Mekulo SE","robots":{"index":"index","follow":"follow","max-snippet":"max-snippet:-1","max-image-preview":"max-image-preview:large","max-video-preview":"max-video-preview:-1"},"canonical":"https:\/\/mekulo.com\/se\/produkt\/vaderflojel\/","og_locale":"sv_SE","og_type":"article","og_title":"V\u00e4derfl\u00f6jel - Mekulo SE","og_description":"\ud83c\udf2c\ufe0fThis v\u00e4derblad i rostfritt st\u00e5l roterar smidigt med vinden f\u00f6r att tydligt visa vindriktningen. \ud83c\udfe1Den eleganta designen fungerar ocks\u00e5 som en dekorativ accent f\u00f6r ditt hem, din tr\u00e4dg\u00e5rd eller ditt tak. \ud83c\udf31Ett funktionellt och elegant s\u00e4tt att sp\u00e5ra vinden samtidigt som det f\u00f6rb\u00e4ttrar utseendet p\u00e5 ditt utomhusutrymme.","og_url":"https:\/\/mekulo.com\/se\/produkt\/vaderflojel\/","og_site_name":"Mekulo SE","article_modified_time":"2026-03-02T12:45:16+00:00","og_image":[{"width":1000,"height":1000,"url":"https:\/\/mekulo.com\/se\/wp-content\/uploads\/sites\/11\/2026\/02\/z20ngx7-1.webp","type":"image\/webp"}],"twitter_card":"summary_large_image","twitter_misc":{"Ber\u00e4knad l\u00e4stid":"2 minuter"},"schema":{"@context":"https:\/\/schema.org","@graph":[{"@type":"WebPage","@id":"https:\/\/mekulo.com\/se\/produkt\/vaderflojel\/","url":"https:\/\/mekulo.com\/se\/produkt\/vaderflojel\/","name":"V\u00e4derfl\u00f6jel - Mekulo SE","isPartOf":{"@id":"https:\/\/mekulo.com\/se\/#website"},"primaryImageOfPage":{"@id":"https:\/\/mekulo.com\/se\/produkt\/vaderflojel\/#primaryimage"},"image":{"@id":"https:\/\/mekulo.com\/se\/produkt\/vaderflojel\/#primaryimage"},"thumbnailUrl":"https:\/\/mekulo.com\/se\/wp-content\/uploads\/sites\/11\/2026\/02\/z20ngx7-1.webp","datePublished":"2026-02-09T16:07:43+00:00","dateModified":"2026-03-02T12:45:16+00:00","breadcrumb":{"@id":"https:\/\/mekulo.com\/se\/produkt\/vaderflojel\/#breadcrumb"},"inLanguage":"sv-SE","potentialAction":[{"@type":"ReadAction","target":["https:\/\/mekulo.com\/se\/produkt\/vaderflojel\/"]}]},{"@type":"ImageObject","inLanguage":"sv-SE","@id":"https:\/\/mekulo.com\/se\/produkt\/vaderflojel\/#primaryimage","url":"https:\/\/mekulo.com\/se\/wp-content\/uploads\/sites\/11\/2026\/02\/z20ngx7-1.webp","contentUrl":"https:\/\/mekulo.com\/se\/wp-content\/uploads\/sites\/11\/2026\/02\/z20ngx7-1.webp","width":1000,"height":1000},{"@type":"BreadcrumbList","@id":"https:\/\/mekulo.com\/se\/produkt\/vaderflojel\/#breadcrumb","itemListElement":[{"@type":"ListItem","position":1,"name":"Home","item":"https:\/\/mekulo.com\/se\/"},{"@type":"ListItem","position":2,"name":"Butik","item":"https:\/\/mekulo.com\/se\/butik\/"},{"@type":"ListItem","position":3,"name":"V\u00e4derfl\u00f6jel"}]},{"@type":"WebSite","@id":"https:\/\/mekulo.com\/se\/#website","url":"https:\/\/mekulo.com\/se\/","name":"Mekulo SE","description":"","publisher":{"@id":"https:\/\/mekulo.com\/se\/#organization"},"potentialAction":[{"@type":"SearchAction","target":{"@type":"EntryPoint","urlTemplate":"https:\/\/mekulo.com\/se\/?s={search_term_string}"},"query-input":{"@type":"PropertyValueSpecification","valueRequired":true,"valueName":"search_term_string"}}],"inLanguage":"sv-SE"},{"@type":"Organization","@id":"https:\/\/mekulo.com\/se\/#organization","name":"Mekulo","url":"https:\/\/mekulo.com\/se\/","logo":{"@type":"ImageObject","inLanguage":"sv-SE","@id":"https:\/\/mekulo.com\/se\/#\/schema\/logo\/image\/","url":"https:\/\/mekulo.com\/se\/wp-content\/uploads\/sites\/11\/2025\/12\/favicon_mekulo.png","contentUrl":"https:\/\/mekulo.com\/se\/wp-content\/uploads\/sites\/11\/2025\/12\/favicon_mekulo.png","width":50,"height":50,"caption":"Mekulo"},"image":{"@id":"https:\/\/mekulo.com\/se\/#\/schema\/logo\/image\/"}}]}},"_links":{"self":[{"href":"https:\/\/mekulo.com\/se\/wp-json\/wp\/v2\/product\/22721","targetHints":{"allow":["GET"]}}],"collection":[{"href":"https:\/\/mekulo.com\/se\/wp-json\/wp\/v2\/product"}],"about":[{"href":"https:\/\/mekulo.com\/se\/wp-json\/wp\/v2\/types\/product"}],"replies":[{"embeddable":true,"href":"https:\/\/mekulo.com\/se\/wp-json\/wp\/v2\/comments?post=22721"}],"wp:featuredmedia":[{"embeddable":true,"href":"https:\/\/mekulo.com\/se\/wp-json\/wp\/v2\/media\/22717"}],"wp:attachment":[{"href":"https:\/\/mekulo.com\/se\/wp-json\/wp\/v2\/media?parent=22721"}],"wp:term":[{"taxonomy":"product_brand","embeddable":true,"href":"https:\/\/mekulo.com\/se\/wp-json\/wp\/v2\/product_brand?post=22721"},{"taxonomy":"product_cat","embeddable":true,"href":"https:\/\/mekulo.com\/se\/wp-json\/wp\/v2\/product_cat?post=22721"},{"taxonomy":"product_tag","embeddable":true,"href":"https:\/\/mekulo.com\/se\/wp-json\/wp\/v2\/product_tag?post=22721"}],"curies":[{"name":"wp","href":"https:\/\/api.w.org\/{rel}","templated":true}]}}