{"id":22703,"date":"2026-02-09T18:03:45","date_gmt":"2026-02-09T16:03:45","guid":{"rendered":"https:\/\/mekulo.com\/se\/produkt\/kran-med-digital-touch\/"},"modified":"2026-02-09T18:03:56","modified_gmt":"2026-02-09T16:03:56","slug":"kran-med-digital-touch","status":"publish","type":"product","link":"https:\/\/mekulo.com\/se\/produkt\/kran-med-digital-touch\/","title":{"rendered":"Kran med digital touch"},"content":{"rendered":"<p style=\"text-align: center\" data-start=\"26\" data-end=\"99\"><strong data-start=\"26\" data-end=\"99\">Se vattentemperaturen direkt och kontrollera vattenfl\u00f6det med l\u00e4tthet. \ud83d\udd04<\/strong><\/p>\n<p data-start=\"26\" data-end=\"99\"><img fetchpriority=\"high\" decoding=\"async\" class=\"size-full wp-image-24354 aligncenter\" src=\"https:\/\/mekulo.com\/template\/wp-content\/uploads\/sites\/6\/2026\/02\/3fcf999a-bd9a-41da-900d-6a58ebd758d4.webp\" alt=\"\" width=\"1000\" height=\"1000\" \/><\/p>\n<h2 style=\"text-align: center\" data-start=\"446\" data-end=\"463\"><strong>Huvudf\u00f6rdelar \ud83d\udca7<\/strong><\/h2>\n<p data-start=\"464\" data-end=\"876\">\ud83d\udca7 Digital temperaturdisplay &#8211; Visar vattentemperaturen i realtid.<\/p>\n<p data-start=\"464\" data-end=\"876\">\ud83d\udd04 360\u00b0 rotation &#8211; Flytta kranen fritt i alla riktningar.<\/p>\n<p data-start=\"464\" data-end=\"876\">\ud83c\udfaf Justerbar utloppsposition &#8211; Sk\u00f6lj enkelt ansiktet, munnen eller diskb\u00e4nken.<\/p>\n<p data-start=\"464\" data-end=\"876\">\ud83e\uddfc Horisontella sv\u00e4ngarmar &#8211; Reng\u00f6r b\u00e4nkskivor utan begr\u00e4nsningar.<\/p>\n<p data-start=\"464\" data-end=\"876\">\ud83d\udebf Flera sprayl\u00e4gen &#8211; V\u00e4lj det fl\u00f6de som passar din uppgift.<\/p>\n<p data-start=\"464\" data-end=\"876\">\ud83d\udee0\ufe0f H\u00e5llbar m\u00e4ssingskropp &#8211; Stark, stabil och l\u00e5ngvarig.<\/p>\n<p data-start=\"464\" data-end=\"876\"><img decoding=\"async\" class=\"size-full wp-image-24358 aligncenter\" src=\"https:\/\/mekulo.com\/template\/wp-content\/uploads\/sites\/6\/2026\/02\/S490722e5f8f54278b6a9c959b4e14d30c.jpg\" alt=\"\" width=\"1001\" height=\"1001\" \/><\/p>\n<h2 style=\"text-align: center\" data-start=\"883\" data-end=\"897\"><strong>Anv\u00e4ndning \ud83d\udccc<\/strong><\/h2>\n<ol data-start=\"898\" data-end=\"1140\">\n<li data-start=\"898\" data-end=\"954\">\n<p data-start=\"901\" data-end=\"954\">Installera kranen p\u00e5 en vanlig diskb\u00e4nksanslutning.<\/p>\n<\/li>\n<li data-start=\"955\" data-end=\"1020\">\n<p data-start=\"958\" data-end=\"1020\">Sl\u00e5 p\u00e5 vattnet och kontrollera den digitala temperaturdisplayen.<\/p>\n<\/li>\n<li data-start=\"1021\" data-end=\"1082\">\n<p data-start=\"1024\" data-end=\"1082\">Rotera och justera kranhuvudet till \u00f6nskad vinkel.<\/p>\n<\/li>\n<li data-start=\"1083\" data-end=\"1140\">\n<p data-start=\"1086\" data-end=\"1140\">V\u00e4lj sprayl\u00e4ge och b\u00f6rja reng\u00f6ra eller sk\u00f6lja.<\/p>\n<\/li>\n<\/ol>\n<h2 style=\"text-align: center\" data-start=\"1147\" data-end=\"1166\"><strong>Produktdetaljer \ud83d\udccf<\/strong><\/h2>\n<ul data-start=\"1167\" data-end=\"1321\">\n<li data-start=\"1167\" data-end=\"1191\">\n<p data-start=\"1169\" data-end=\"1191\">Material: M\u00e4ssingskropp<\/p>\n<\/li>\n<li data-start=\"1192\" data-end=\"1224\">\n<p data-start=\"1194\" data-end=\"1224\">Total h\u00f6jd: Cirka 360 mm<\/p>\n<\/li>\n<li data-start=\"1225\" data-end=\"1250\">\n<p data-start=\"1227\" data-end=\"1250\">Rotation: 360 grader<\/p>\n<\/li>\n<li data-start=\"1251\" data-end=\"1289\">\n<p data-start=\"1253\" data-end=\"1289\">Vattenl\u00e4gen: Multifunktionell spray<\/p>\n<\/li>\n<li data-start=\"1251\" data-end=\"1289\">Storlek: 360 x 200 x 205 mm<\/li>\n<\/ul>\n<h2 style=\"text-align: center\" data-start=\"1328\" data-end=\"1348\"><strong>Paketet inneh\u00e5ller \ud83d\udce6<\/strong><\/h2>\n<ul data-start=\"1349\" data-end=\"1377\">\n<li data-start=\"1349\" data-end=\"1377\">\n<p data-start=\"1351\" data-end=\"1377\">1x digital touch-kran.<\/p>\n<\/li>\n<\/ul>\n","protected":false},"excerpt":{"rendered":"<p>\ud83d\udca6Den h\u00e4r digitala touchkranen har en inbyggd temperaturdisplay, s\u00e5 att du alltid vet om vattnet \u00e4r varmt eller kallt.<br \/>\n\ud83d\udd04Den fullt justerbara och roterande designen g\u00f6r tv\u00e4tt, sk\u00f6ljning och reng\u00f6ring bekv\u00e4mare och effektivare.<br \/>\n\ud83c\udfe0Perfekt f\u00f6r k\u00f6k och badrum, den f\u00f6rb\u00e4ttrar s\u00e4kerheten samtidigt som den ger en modern touch till ditt utrymme.<\/p>\n","protected":false},"featured_media":22699,"comment_status":"open","ping_status":"closed","template":"","meta":{"site-sidebar-layout":"default","site-content-layout":"","ast-site-content-layout":"default","site-content-style":"default","site-sidebar-style":"default","ast-global-header-display":"","ast-banner-title-visibility":"","ast-main-header-display":"","ast-hfb-above-header-display":"","ast-hfb-below-header-display":"","ast-hfb-mobile-header-display":"","site-post-title":"","ast-breadcrumbs-content":"","ast-featured-img":"","footer-sml-layout":"","theme-transparent-header-meta":"default","adv-header-id-meta":"","stick-header-meta":"","header-above-stick-meta":"","header-main-stick-meta":"","header-below-stick-meta":"","astra-migrate-meta-layouts":"set","ast-page-background-enabled":"default","ast-page-background-meta":{"desktop":{"background-color":"var(--ast-global-color-5)","background-image":"","background-repeat":"repeat","background-position":"center center","background-size":"auto","background-attachment":"scroll","background-type":"","background-media":"","overlay-type":"","overlay-color":"","overlay-opacity":"","overlay-gradient":""},"tablet":{"background-color":"","background-image":"","background-repeat":"repeat","background-position":"center center","background-size":"auto","background-attachment":"scroll","background-type":"","background-media":"","overlay-type":"","overlay-color":"","overlay-opacity":"","overlay-gradient":""},"mobile":{"background-color":"","background-image":"","background-repeat":"repeat","background-position":"center center","background-size":"auto","background-attachment":"scroll","background-type":"","background-media":"","overlay-type":"","overlay-color":"","overlay-opacity":"","overlay-gradient":""}},"ast-content-background-meta":{"desktop":{"background-color":"var(--ast-global-color-4)","background-image":"","background-repeat":"repeat","background-position":"center center","background-size":"auto","background-attachment":"scroll","background-type":"","background-media":"","overlay-type":"","overlay-color":"","overlay-opacity":"","overlay-gradient":""},"tablet":{"background-color":"var(--ast-global-color-4)","background-image":"","background-repeat":"repeat","background-position":"center center","background-size":"auto","background-attachment":"scroll","background-type":"","background-media":"","overlay-type":"","overlay-color":"","overlay-opacity":"","overlay-gradient":""},"mobile":{"background-color":"var(--ast-global-color-4)","background-image":"","background-repeat":"repeat","background-position":"center center","background-size":"auto","background-attachment":"scroll","background-type":"","background-media":"","overlay-type":"","overlay-color":"","overlay-opacity":"","overlay-gradient":""}}},"product_brand":[],"product_cat":[168],"product_tag":[],"class_list":{"0":"post-22703","1":"product","2":"type-product","3":"status-publish","4":"has-post-thumbnail","6":"product_cat-hushallsartiklar","7":"pa_57600_pq9f4kgu-gra","8":"pa_57600_pq9f4kgu-silver","9":"pa_57600_pq9f4kgu-svart","10":"desktop-align-left","11":"tablet-align-left","12":"mobile-align-left","14":"first","15":"instock","16":"shipping-taxable","17":"purchasable","18":"product-type-variable"},"yoast_head":"<!-- This site is optimized with the Yoast SEO plugin v26.6 - https:\/\/yoast.com\/wordpress\/plugins\/seo\/ -->\n<title>Kran med digital touch - Mekulo SE<\/title>\n<meta name=\"robots\" content=\"index, follow, max-snippet:-1, max-image-preview:large, max-video-preview:-1\" \/>\n<link rel=\"canonical\" href=\"https:\/\/mekulo.com\/se\/produkt\/kran-med-digital-touch\/\" \/>\n<meta property=\"og:locale\" content=\"sv_SE\" \/>\n<meta property=\"og:type\" content=\"article\" \/>\n<meta property=\"og:title\" content=\"Kran med digital touch - Mekulo SE\" \/>\n<meta property=\"og:description\" content=\"\ud83d\udca6Den h\u00e4r digitala touchkranen har en inbyggd temperaturdisplay, s\u00e5 att du alltid vet om vattnet \u00e4r varmt eller kallt. \ud83d\udd04Den fullt justerbara och roterande designen g\u00f6r tv\u00e4tt, sk\u00f6ljning och reng\u00f6ring bekv\u00e4mare och effektivare. \ud83c\udfe0Perfekt f\u00f6r k\u00f6k och badrum, den f\u00f6rb\u00e4ttrar s\u00e4kerheten samtidigt som den ger en modern touch till ditt utrymme.\" \/>\n<meta property=\"og:url\" content=\"https:\/\/mekulo.com\/se\/produkt\/kran-med-digital-touch\/\" \/>\n<meta property=\"og:site_name\" content=\"Mekulo SE\" \/>\n<meta property=\"article:modified_time\" content=\"2026-02-09T16:03:56+00:00\" \/>\n<meta property=\"og:image\" content=\"https:\/\/mekulo.com\/se\/wp-content\/uploads\/sites\/11\/2026\/02\/g9z11q1-1.webp\" \/>\n\t<meta property=\"og:image:width\" content=\"1600\" \/>\n\t<meta property=\"og:image:height\" content=\"1600\" \/>\n\t<meta property=\"og:image:type\" content=\"image\/webp\" \/>\n<meta name=\"twitter:card\" content=\"summary_large_image\" \/>\n<meta name=\"twitter:label1\" content=\"Ber\u00e4knad l\u00e4stid\" \/>\n\t<meta name=\"twitter:data1\" content=\"2 minuter\" \/>\n<script type=\"application\/ld+json\" class=\"yoast-schema-graph\">{\"@context\":\"https:\/\/schema.org\",\"@graph\":[{\"@type\":\"WebPage\",\"@id\":\"https:\/\/mekulo.com\/se\/produkt\/kran-med-digital-touch\/\",\"url\":\"https:\/\/mekulo.com\/se\/produkt\/kran-med-digital-touch\/\",\"name\":\"Kran med digital touch - Mekulo SE\",\"isPartOf\":{\"@id\":\"https:\/\/mekulo.com\/se\/#website\"},\"primaryImageOfPage\":{\"@id\":\"https:\/\/mekulo.com\/se\/produkt\/kran-med-digital-touch\/#primaryimage\"},\"image\":{\"@id\":\"https:\/\/mekulo.com\/se\/produkt\/kran-med-digital-touch\/#primaryimage\"},\"thumbnailUrl\":\"https:\/\/mekulo.com\/se\/wp-content\/uploads\/sites\/11\/2026\/02\/g9z11q1-1.webp\",\"datePublished\":\"2026-02-09T16:03:45+00:00\",\"dateModified\":\"2026-02-09T16:03:56+00:00\",\"breadcrumb\":{\"@id\":\"https:\/\/mekulo.com\/se\/produkt\/kran-med-digital-touch\/#breadcrumb\"},\"inLanguage\":\"sv-SE\",\"potentialAction\":[{\"@type\":\"ReadAction\",\"target\":[\"https:\/\/mekulo.com\/se\/produkt\/kran-med-digital-touch\/\"]}]},{\"@type\":\"ImageObject\",\"inLanguage\":\"sv-SE\",\"@id\":\"https:\/\/mekulo.com\/se\/produkt\/kran-med-digital-touch\/#primaryimage\",\"url\":\"https:\/\/mekulo.com\/se\/wp-content\/uploads\/sites\/11\/2026\/02\/g9z11q1-1.webp\",\"contentUrl\":\"https:\/\/mekulo.com\/se\/wp-content\/uploads\/sites\/11\/2026\/02\/g9z11q1-1.webp\",\"width\":1600,\"height\":1600},{\"@type\":\"BreadcrumbList\",\"@id\":\"https:\/\/mekulo.com\/se\/produkt\/kran-med-digital-touch\/#breadcrumb\",\"itemListElement\":[{\"@type\":\"ListItem\",\"position\":1,\"name\":\"Home\",\"item\":\"https:\/\/mekulo.com\/se\/\"},{\"@type\":\"ListItem\",\"position\":2,\"name\":\"Butik\",\"item\":\"https:\/\/mekulo.com\/se\/butik\/\"},{\"@type\":\"ListItem\",\"position\":3,\"name\":\"Kran med digital touch\"}]},{\"@type\":\"WebSite\",\"@id\":\"https:\/\/mekulo.com\/se\/#website\",\"url\":\"https:\/\/mekulo.com\/se\/\",\"name\":\"Mekulo SE\",\"description\":\"\",\"publisher\":{\"@id\":\"https:\/\/mekulo.com\/se\/#organization\"},\"potentialAction\":[{\"@type\":\"SearchAction\",\"target\":{\"@type\":\"EntryPoint\",\"urlTemplate\":\"https:\/\/mekulo.com\/se\/?s={search_term_string}\"},\"query-input\":{\"@type\":\"PropertyValueSpecification\",\"valueRequired\":true,\"valueName\":\"search_term_string\"}}],\"inLanguage\":\"sv-SE\"},{\"@type\":\"Organization\",\"@id\":\"https:\/\/mekulo.com\/se\/#organization\",\"name\":\"Mekulo\",\"url\":\"https:\/\/mekulo.com\/se\/\",\"logo\":{\"@type\":\"ImageObject\",\"inLanguage\":\"sv-SE\",\"@id\":\"https:\/\/mekulo.com\/se\/#\/schema\/logo\/image\/\",\"url\":\"https:\/\/mekulo.com\/se\/wp-content\/uploads\/sites\/11\/2025\/12\/favicon_mekulo.png\",\"contentUrl\":\"https:\/\/mekulo.com\/se\/wp-content\/uploads\/sites\/11\/2025\/12\/favicon_mekulo.png\",\"width\":50,\"height\":50,\"caption\":\"Mekulo\"},\"image\":{\"@id\":\"https:\/\/mekulo.com\/se\/#\/schema\/logo\/image\/\"}}]}<\/script>\n<!-- \/ Yoast SEO plugin. -->","yoast_head_json":{"title":"Kran med digital touch - Mekulo SE","robots":{"index":"index","follow":"follow","max-snippet":"max-snippet:-1","max-image-preview":"max-image-preview:large","max-video-preview":"max-video-preview:-1"},"canonical":"https:\/\/mekulo.com\/se\/produkt\/kran-med-digital-touch\/","og_locale":"sv_SE","og_type":"article","og_title":"Kran med digital touch - Mekulo SE","og_description":"\ud83d\udca6Den h\u00e4r digitala touchkranen har en inbyggd temperaturdisplay, s\u00e5 att du alltid vet om vattnet \u00e4r varmt eller kallt. \ud83d\udd04Den fullt justerbara och roterande designen g\u00f6r tv\u00e4tt, sk\u00f6ljning och reng\u00f6ring bekv\u00e4mare och effektivare. \ud83c\udfe0Perfekt f\u00f6r k\u00f6k och badrum, den f\u00f6rb\u00e4ttrar s\u00e4kerheten samtidigt som den ger en modern touch till ditt utrymme.","og_url":"https:\/\/mekulo.com\/se\/produkt\/kran-med-digital-touch\/","og_site_name":"Mekulo SE","article_modified_time":"2026-02-09T16:03:56+00:00","og_image":[{"width":1600,"height":1600,"url":"https:\/\/mekulo.com\/se\/wp-content\/uploads\/sites\/11\/2026\/02\/g9z11q1-1.webp","type":"image\/webp"}],"twitter_card":"summary_large_image","twitter_misc":{"Ber\u00e4knad l\u00e4stid":"2 minuter"},"schema":{"@context":"https:\/\/schema.org","@graph":[{"@type":"WebPage","@id":"https:\/\/mekulo.com\/se\/produkt\/kran-med-digital-touch\/","url":"https:\/\/mekulo.com\/se\/produkt\/kran-med-digital-touch\/","name":"Kran med digital touch - Mekulo SE","isPartOf":{"@id":"https:\/\/mekulo.com\/se\/#website"},"primaryImageOfPage":{"@id":"https:\/\/mekulo.com\/se\/produkt\/kran-med-digital-touch\/#primaryimage"},"image":{"@id":"https:\/\/mekulo.com\/se\/produkt\/kran-med-digital-touch\/#primaryimage"},"thumbnailUrl":"https:\/\/mekulo.com\/se\/wp-content\/uploads\/sites\/11\/2026\/02\/g9z11q1-1.webp","datePublished":"2026-02-09T16:03:45+00:00","dateModified":"2026-02-09T16:03:56+00:00","breadcrumb":{"@id":"https:\/\/mekulo.com\/se\/produkt\/kran-med-digital-touch\/#breadcrumb"},"inLanguage":"sv-SE","potentialAction":[{"@type":"ReadAction","target":["https:\/\/mekulo.com\/se\/produkt\/kran-med-digital-touch\/"]}]},{"@type":"ImageObject","inLanguage":"sv-SE","@id":"https:\/\/mekulo.com\/se\/produkt\/kran-med-digital-touch\/#primaryimage","url":"https:\/\/mekulo.com\/se\/wp-content\/uploads\/sites\/11\/2026\/02\/g9z11q1-1.webp","contentUrl":"https:\/\/mekulo.com\/se\/wp-content\/uploads\/sites\/11\/2026\/02\/g9z11q1-1.webp","width":1600,"height":1600},{"@type":"BreadcrumbList","@id":"https:\/\/mekulo.com\/se\/produkt\/kran-med-digital-touch\/#breadcrumb","itemListElement":[{"@type":"ListItem","position":1,"name":"Home","item":"https:\/\/mekulo.com\/se\/"},{"@type":"ListItem","position":2,"name":"Butik","item":"https:\/\/mekulo.com\/se\/butik\/"},{"@type":"ListItem","position":3,"name":"Kran med digital touch"}]},{"@type":"WebSite","@id":"https:\/\/mekulo.com\/se\/#website","url":"https:\/\/mekulo.com\/se\/","name":"Mekulo SE","description":"","publisher":{"@id":"https:\/\/mekulo.com\/se\/#organization"},"potentialAction":[{"@type":"SearchAction","target":{"@type":"EntryPoint","urlTemplate":"https:\/\/mekulo.com\/se\/?s={search_term_string}"},"query-input":{"@type":"PropertyValueSpecification","valueRequired":true,"valueName":"search_term_string"}}],"inLanguage":"sv-SE"},{"@type":"Organization","@id":"https:\/\/mekulo.com\/se\/#organization","name":"Mekulo","url":"https:\/\/mekulo.com\/se\/","logo":{"@type":"ImageObject","inLanguage":"sv-SE","@id":"https:\/\/mekulo.com\/se\/#\/schema\/logo\/image\/","url":"https:\/\/mekulo.com\/se\/wp-content\/uploads\/sites\/11\/2025\/12\/favicon_mekulo.png","contentUrl":"https:\/\/mekulo.com\/se\/wp-content\/uploads\/sites\/11\/2025\/12\/favicon_mekulo.png","width":50,"height":50,"caption":"Mekulo"},"image":{"@id":"https:\/\/mekulo.com\/se\/#\/schema\/logo\/image\/"}}]}},"_links":{"self":[{"href":"https:\/\/mekulo.com\/se\/wp-json\/wp\/v2\/product\/22703","targetHints":{"allow":["GET"]}}],"collection":[{"href":"https:\/\/mekulo.com\/se\/wp-json\/wp\/v2\/product"}],"about":[{"href":"https:\/\/mekulo.com\/se\/wp-json\/wp\/v2\/types\/product"}],"replies":[{"embeddable":true,"href":"https:\/\/mekulo.com\/se\/wp-json\/wp\/v2\/comments?post=22703"}],"wp:featuredmedia":[{"embeddable":true,"href":"https:\/\/mekulo.com\/se\/wp-json\/wp\/v2\/media\/22699"}],"wp:attachment":[{"href":"https:\/\/mekulo.com\/se\/wp-json\/wp\/v2\/media?parent=22703"}],"wp:term":[{"taxonomy":"product_brand","embeddable":true,"href":"https:\/\/mekulo.com\/se\/wp-json\/wp\/v2\/product_brand?post=22703"},{"taxonomy":"product_cat","embeddable":true,"href":"https:\/\/mekulo.com\/se\/wp-json\/wp\/v2\/product_cat?post=22703"},{"taxonomy":"product_tag","embeddable":true,"href":"https:\/\/mekulo.com\/se\/wp-json\/wp\/v2\/product_tag?post=22703"}],"curies":[{"name":"wp","href":"https:\/\/api.w.org\/{rel}","templated":true}]}}