{"id":22621,"date":"2026-02-09T17:51:26","date_gmt":"2026-02-09T15:51:26","guid":{"rendered":"https:\/\/mekulo.com\/se\/produkt\/ogonlockslyftande-remsor-10-forpackningar\/"},"modified":"2026-02-09T17:51:43","modified_gmt":"2026-02-09T15:51:43","slug":"ogonlockslyftande-remsor-10-forpackningar","status":"publish","type":"product","link":"https:\/\/mekulo.com\/se\/produkt\/ogonlockslyftande-remsor-10-forpackningar\/","title":{"rendered":"\u00d6gonlockslyftande remsor (10 f\u00f6rpackningar)"},"content":{"rendered":"<p style=\"text-align: center\" data-start=\"0\" data-end=\"66\"><strong data-start=\"0\" data-end=\"66\">Lyft \u00d6gonlocken Direkt F\u00f6r St\u00f6rre, Ljusare \u00d6gon. \ud83d\udc40<\/strong><\/p>\n<p data-start=\"0\" data-end=\"66\"><img fetchpriority=\"high\" decoding=\"async\" class=\"size-full wp-image-23910 aligncenter\" src=\"https:\/\/mekulo.com\/template\/wp-content\/uploads\/sites\/6\/2026\/02\/5-6.jpeg\" alt=\"\" width=\"1001\" height=\"1001\" \/><\/p>\n<h2 style=\"text-align: center\" data-start=\"378\" data-end=\"395\">Huvudf\u00f6rdelar \ud83d\udc41\ufe0f<\/h2>\n<p data-start=\"398\" data-end=\"464\">\ud83d\udc40 Omedelbart \u00f6gonlyft &#8211; f\u00e5r sm\u00e5 eller h\u00e4ngande \u00f6gon att se st\u00f6rre ut.<\/p>\n<p data-start=\"467\" data-end=\"536\">\u2728 Osynlig finish &#8211; sm\u00e4lter naturligt in i din hud och makeup.<\/p>\n<p data-start=\"539\" data-end=\"601\">\ud83d\udca7 Vattenfast &amp; svettresistent &#8211; sitter p\u00e5 plats hela dagen.<\/p>\n<p data-start=\"604\" data-end=\"666\">\ud83c\udf2c\ufe0f Andningsbar &amp; l\u00e4tt &#8211; bekv\u00e4m att b\u00e4ra l\u00e4nge.<\/p>\n<p data-start=\"669\" data-end=\"737\">\ud83c\udfa8 Flera storlekar tillg\u00e4ngliga &#8211; skapa naturliga eller dramatiska looker.<\/p>\n<p data-start=\"669\" data-end=\"737\"><img decoding=\"async\" class=\"size-full wp-image-23911 aligncenter\" src=\"https:\/\/mekulo.com\/template\/wp-content\/uploads\/sites\/6\/2026\/02\/6-6.jpeg\" alt=\"\" width=\"1001\" height=\"1001\" \/><\/p>\n<h2 style=\"text-align: center\" data-start=\"739\" data-end=\"753\">Hur Man Anv\u00e4nder \ud83d\udccc<\/h2>\n<ol data-start=\"754\" data-end=\"970\">\n<li data-start=\"754\" data-end=\"800\">\n<p data-start=\"757\" data-end=\"800\">Se till att dina \u00f6gonlock \u00e4r rena och torra.<\/p>\n<\/li>\n<li data-start=\"801\" data-end=\"846\">\n<p data-start=\"804\" data-end=\"846\">Anv\u00e4nd plastkl\u00e4mman f\u00f6r att plocka upp en remsa.<\/p>\n<\/li>\n<li data-start=\"847\" data-end=\"889\">\n<p data-start=\"850\" data-end=\"889\">Placera den f\u00f6rsiktigt p\u00e5 \u00f6gonlocksvecket.<\/p>\n<\/li>\n<li data-start=\"890\" data-end=\"931\">\n<p data-start=\"893\" data-end=\"931\">Tryck l\u00e4tt f\u00f6r att f\u00e4sta den.<\/p>\n<\/li>\n<li data-start=\"932\" data-end=\"970\">\n<p data-start=\"935\" data-end=\"970\">Applicera smink som vanligt om s\u00e5 \u00f6nskas.<\/p>\n<\/li>\n<\/ol>\n<h2 style=\"text-align: center\" data-start=\"972\" data-end=\"991\">Produktdetaljer \ud83d\udccf<\/h2>\n<ul data-start=\"992\" data-end=\"1162\">\n<li data-start=\"992\" data-end=\"1012\">\n<p data-start=\"994\" data-end=\"1012\">F\u00e4rg: Hudton<\/p>\n<\/li>\n<li data-start=\"1013\" data-end=\"1048\">\n<p data-start=\"1015\" data-end=\"1048\">Effekt: Osynlig och sp\u00e5rl\u00f6s<\/p>\n<\/li>\n<li data-start=\"1049\" data-end=\"1091\">\n<p data-start=\"1051\" data-end=\"1091\">Hudtyp: L\u00e4mplig f\u00f6r alla hudtyper<\/p>\n<\/li>\n<li data-start=\"1092\" data-end=\"1132\">\n<p data-start=\"1094\" data-end=\"1132\">Material: Andningsbart, allergiv\u00e4nligt<\/p>\n<\/li>\n<li data-start=\"1133\" data-end=\"1162\">\n<p data-start=\"1135\" data-end=\"1162\">B\u00e4rtid: Upp till 24 timmar<\/p>\n<\/li>\n<li data-start=\"1133\" data-end=\"1162\">Kvantitet per modell: A (240 st), B (360 st), C (360 st), D (240 st), E (200 st)<\/li>\n<\/ul>\n<h2 style=\"text-align: center\" data-start=\"1164\" data-end=\"1184\">F\u00f6rpackningen Inneh\u00e5ller \ud83d\udce6<\/h2>\n<ul data-start=\"1185\" data-end=\"1258\" data-is-last-node=\"\" data-is-only-node=\"\">\n<li data-start=\"1185\" data-end=\"1227\">\n<p data-start=\"1187\" data-end=\"1227\">10x f\u00f6rpackningar med \u00f6gonlockslyftande strips.<\/p>\n<\/li>\n<\/ul>\n","protected":false},"excerpt":{"rendered":"<p>\ud83d\udc41\ufe0fThese eyelid lifting strips skapar f\u00f6rsiktigt ett naturligt dubbel\u00f6gonlock och \u00f6ppnar upp dina \u00f6gon p\u00e5 n\u00e5gra sekunder.<br \/>\n\ud83c\udf2c\ufe0fThey \u00e4r tunna, andas och osynliga p\u00e5 huden, vilket g\u00f6r dem perfekta f\u00f6r dagligt bruk eller speciella tillf\u00e4llen.<br \/>\n\ud83e\ude9eN\u00e4r de v\u00e4l har applicerats sitter de bekv\u00e4mt och s\u00e4kert hela dagen utan att p\u00e5verka din makeup.<\/p>\n","protected":false},"featured_media":22617,"comment_status":"open","ping_status":"closed","template":"","meta":{"site-sidebar-layout":"default","site-content-layout":"","ast-site-content-layout":"default","site-content-style":"default","site-sidebar-style":"default","ast-global-header-display":"","ast-banner-title-visibility":"","ast-main-header-display":"","ast-hfb-above-header-display":"","ast-hfb-below-header-display":"","ast-hfb-mobile-header-display":"","site-post-title":"","ast-breadcrumbs-content":"","ast-featured-img":"","footer-sml-layout":"","theme-transparent-header-meta":"default","adv-header-id-meta":"","stick-header-meta":"","header-above-stick-meta":"","header-main-stick-meta":"","header-below-stick-meta":"","astra-migrate-meta-layouts":"set","ast-page-background-enabled":"default","ast-page-background-meta":{"desktop":{"background-color":"var(--ast-global-color-5)","background-image":"","background-repeat":"repeat","background-position":"center center","background-size":"auto","background-attachment":"scroll","background-type":"","background-media":"","overlay-type":"","overlay-color":"","overlay-opacity":"","overlay-gradient":""},"tablet":{"background-color":"","background-image":"","background-repeat":"repeat","background-position":"center center","background-size":"auto","background-attachment":"scroll","background-type":"","background-media":"","overlay-type":"","overlay-color":"","overlay-opacity":"","overlay-gradient":""},"mobile":{"background-color":"","background-image":"","background-repeat":"repeat","background-position":"center center","background-size":"auto","background-attachment":"scroll","background-type":"","background-media":"","overlay-type":"","overlay-color":"","overlay-opacity":"","overlay-gradient":""}},"ast-content-background-meta":{"desktop":{"background-color":"var(--ast-global-color-4)","background-image":"","background-repeat":"repeat","background-position":"center center","background-size":"auto","background-attachment":"scroll","background-type":"","background-media":"","overlay-type":"","overlay-color":"","overlay-opacity":"","overlay-gradient":""},"tablet":{"background-color":"var(--ast-global-color-4)","background-image":"","background-repeat":"repeat","background-position":"center center","background-size":"auto","background-attachment":"scroll","background-type":"","background-media":"","overlay-type":"","overlay-color":"","overlay-opacity":"","overlay-gradient":""},"mobile":{"background-color":"var(--ast-global-color-4)","background-image":"","background-repeat":"repeat","background-position":"center center","background-size":"auto","background-attachment":"scroll","background-type":"","background-media":"","overlay-type":"","overlay-color":"","overlay-opacity":"","overlay-gradient":""}}},"product_brand":[],"product_cat":[162],"product_tag":[],"class_list":{"0":"post-22621","1":"product","2":"type-product","3":"status-publish","4":"has-post-thumbnail","6":"product_cat-skonhets-och-hygienprodukter","7":"pa_55780_z6lmt7nv-a","8":"pa_55780_z6lmt7nv-b","9":"pa_55780_z6lmt7nv-c","10":"pa_55780_z6lmt7nv-d","11":"pa_55780_z6lmt7nv-e","12":"desktop-align-left","13":"tablet-align-left","14":"mobile-align-left","16":"first","17":"instock","18":"shipping-taxable","19":"purchasable","20":"product-type-variable"},"yoast_head":"<!-- This site is optimized with the Yoast SEO plugin v26.6 - https:\/\/yoast.com\/wordpress\/plugins\/seo\/ -->\n<title>\u00d6gonlockslyftande remsor (10 f\u00f6rpackningar) - Mekulo SE<\/title>\n<meta name=\"robots\" content=\"index, follow, max-snippet:-1, max-image-preview:large, max-video-preview:-1\" \/>\n<link rel=\"canonical\" href=\"https:\/\/mekulo.com\/se\/produkt\/ogonlockslyftande-remsor-10-forpackningar\/\" \/>\n<meta property=\"og:locale\" content=\"sv_SE\" \/>\n<meta property=\"og:type\" content=\"article\" \/>\n<meta property=\"og:title\" content=\"\u00d6gonlockslyftande remsor (10 f\u00f6rpackningar) - Mekulo SE\" \/>\n<meta property=\"og:description\" content=\"\ud83d\udc41\ufe0fThese eyelid lifting strips skapar f\u00f6rsiktigt ett naturligt dubbel\u00f6gonlock och \u00f6ppnar upp dina \u00f6gon p\u00e5 n\u00e5gra sekunder. \ud83c\udf2c\ufe0fThey \u00e4r tunna, andas och osynliga p\u00e5 huden, vilket g\u00f6r dem perfekta f\u00f6r dagligt bruk eller speciella tillf\u00e4llen. \ud83e\ude9eN\u00e4r de v\u00e4l har applicerats sitter de bekv\u00e4mt och s\u00e4kert hela dagen utan att p\u00e5verka din makeup.\" \/>\n<meta property=\"og:url\" content=\"https:\/\/mekulo.com\/se\/produkt\/ogonlockslyftande-remsor-10-forpackningar\/\" \/>\n<meta property=\"og:site_name\" content=\"Mekulo SE\" \/>\n<meta property=\"article:modified_time\" content=\"2026-02-09T15:51:43+00:00\" \/>\n<meta property=\"og:image\" content=\"https:\/\/mekulo.com\/se\/wp-content\/uploads\/sites\/11\/2026\/02\/1iutc2u-1.jpeg\" \/>\n\t<meta property=\"og:image:width\" content=\"1001\" \/>\n\t<meta property=\"og:image:height\" content=\"1001\" \/>\n\t<meta property=\"og:image:type\" content=\"image\/jpeg\" \/>\n<meta name=\"twitter:card\" content=\"summary_large_image\" \/>\n<meta name=\"twitter:label1\" content=\"Ber\u00e4knad l\u00e4stid\" \/>\n\t<meta name=\"twitter:data1\" content=\"2 minuter\" \/>\n<script type=\"application\/ld+json\" class=\"yoast-schema-graph\">{\"@context\":\"https:\/\/schema.org\",\"@graph\":[{\"@type\":\"WebPage\",\"@id\":\"https:\/\/mekulo.com\/se\/produkt\/ogonlockslyftande-remsor-10-forpackningar\/\",\"url\":\"https:\/\/mekulo.com\/se\/produkt\/ogonlockslyftande-remsor-10-forpackningar\/\",\"name\":\"\u00d6gonlockslyftande remsor (10 f\u00f6rpackningar) - Mekulo SE\",\"isPartOf\":{\"@id\":\"https:\/\/mekulo.com\/se\/#website\"},\"primaryImageOfPage\":{\"@id\":\"https:\/\/mekulo.com\/se\/produkt\/ogonlockslyftande-remsor-10-forpackningar\/#primaryimage\"},\"image\":{\"@id\":\"https:\/\/mekulo.com\/se\/produkt\/ogonlockslyftande-remsor-10-forpackningar\/#primaryimage\"},\"thumbnailUrl\":\"https:\/\/mekulo.com\/se\/wp-content\/uploads\/sites\/11\/2026\/02\/1iutc2u-1.jpeg\",\"datePublished\":\"2026-02-09T15:51:26+00:00\",\"dateModified\":\"2026-02-09T15:51:43+00:00\",\"breadcrumb\":{\"@id\":\"https:\/\/mekulo.com\/se\/produkt\/ogonlockslyftande-remsor-10-forpackningar\/#breadcrumb\"},\"inLanguage\":\"sv-SE\",\"potentialAction\":[{\"@type\":\"ReadAction\",\"target\":[\"https:\/\/mekulo.com\/se\/produkt\/ogonlockslyftande-remsor-10-forpackningar\/\"]}]},{\"@type\":\"ImageObject\",\"inLanguage\":\"sv-SE\",\"@id\":\"https:\/\/mekulo.com\/se\/produkt\/ogonlockslyftande-remsor-10-forpackningar\/#primaryimage\",\"url\":\"https:\/\/mekulo.com\/se\/wp-content\/uploads\/sites\/11\/2026\/02\/1iutc2u-1.jpeg\",\"contentUrl\":\"https:\/\/mekulo.com\/se\/wp-content\/uploads\/sites\/11\/2026\/02\/1iutc2u-1.jpeg\",\"width\":1001,\"height\":1001},{\"@type\":\"BreadcrumbList\",\"@id\":\"https:\/\/mekulo.com\/se\/produkt\/ogonlockslyftande-remsor-10-forpackningar\/#breadcrumb\",\"itemListElement\":[{\"@type\":\"ListItem\",\"position\":1,\"name\":\"Home\",\"item\":\"https:\/\/mekulo.com\/se\/\"},{\"@type\":\"ListItem\",\"position\":2,\"name\":\"Butik\",\"item\":\"https:\/\/mekulo.com\/se\/butik\/\"},{\"@type\":\"ListItem\",\"position\":3,\"name\":\"\u00d6gonlockslyftande remsor (10 f\u00f6rpackningar)\"}]},{\"@type\":\"WebSite\",\"@id\":\"https:\/\/mekulo.com\/se\/#website\",\"url\":\"https:\/\/mekulo.com\/se\/\",\"name\":\"Mekulo SE\",\"description\":\"\",\"publisher\":{\"@id\":\"https:\/\/mekulo.com\/se\/#organization\"},\"potentialAction\":[{\"@type\":\"SearchAction\",\"target\":{\"@type\":\"EntryPoint\",\"urlTemplate\":\"https:\/\/mekulo.com\/se\/?s={search_term_string}\"},\"query-input\":{\"@type\":\"PropertyValueSpecification\",\"valueRequired\":true,\"valueName\":\"search_term_string\"}}],\"inLanguage\":\"sv-SE\"},{\"@type\":\"Organization\",\"@id\":\"https:\/\/mekulo.com\/se\/#organization\",\"name\":\"Mekulo\",\"url\":\"https:\/\/mekulo.com\/se\/\",\"logo\":{\"@type\":\"ImageObject\",\"inLanguage\":\"sv-SE\",\"@id\":\"https:\/\/mekulo.com\/se\/#\/schema\/logo\/image\/\",\"url\":\"https:\/\/mekulo.com\/se\/wp-content\/uploads\/sites\/11\/2025\/12\/favicon_mekulo.png\",\"contentUrl\":\"https:\/\/mekulo.com\/se\/wp-content\/uploads\/sites\/11\/2025\/12\/favicon_mekulo.png\",\"width\":50,\"height\":50,\"caption\":\"Mekulo\"},\"image\":{\"@id\":\"https:\/\/mekulo.com\/se\/#\/schema\/logo\/image\/\"}}]}<\/script>\n<!-- \/ Yoast SEO plugin. -->","yoast_head_json":{"title":"\u00d6gonlockslyftande remsor (10 f\u00f6rpackningar) - Mekulo SE","robots":{"index":"index","follow":"follow","max-snippet":"max-snippet:-1","max-image-preview":"max-image-preview:large","max-video-preview":"max-video-preview:-1"},"canonical":"https:\/\/mekulo.com\/se\/produkt\/ogonlockslyftande-remsor-10-forpackningar\/","og_locale":"sv_SE","og_type":"article","og_title":"\u00d6gonlockslyftande remsor (10 f\u00f6rpackningar) - Mekulo SE","og_description":"\ud83d\udc41\ufe0fThese eyelid lifting strips skapar f\u00f6rsiktigt ett naturligt dubbel\u00f6gonlock och \u00f6ppnar upp dina \u00f6gon p\u00e5 n\u00e5gra sekunder. \ud83c\udf2c\ufe0fThey \u00e4r tunna, andas och osynliga p\u00e5 huden, vilket g\u00f6r dem perfekta f\u00f6r dagligt bruk eller speciella tillf\u00e4llen. \ud83e\ude9eN\u00e4r de v\u00e4l har applicerats sitter de bekv\u00e4mt och s\u00e4kert hela dagen utan att p\u00e5verka din makeup.","og_url":"https:\/\/mekulo.com\/se\/produkt\/ogonlockslyftande-remsor-10-forpackningar\/","og_site_name":"Mekulo SE","article_modified_time":"2026-02-09T15:51:43+00:00","og_image":[{"width":1001,"height":1001,"url":"https:\/\/mekulo.com\/se\/wp-content\/uploads\/sites\/11\/2026\/02\/1iutc2u-1.jpeg","type":"image\/jpeg"}],"twitter_card":"summary_large_image","twitter_misc":{"Ber\u00e4knad l\u00e4stid":"2 minuter"},"schema":{"@context":"https:\/\/schema.org","@graph":[{"@type":"WebPage","@id":"https:\/\/mekulo.com\/se\/produkt\/ogonlockslyftande-remsor-10-forpackningar\/","url":"https:\/\/mekulo.com\/se\/produkt\/ogonlockslyftande-remsor-10-forpackningar\/","name":"\u00d6gonlockslyftande remsor (10 f\u00f6rpackningar) - Mekulo SE","isPartOf":{"@id":"https:\/\/mekulo.com\/se\/#website"},"primaryImageOfPage":{"@id":"https:\/\/mekulo.com\/se\/produkt\/ogonlockslyftande-remsor-10-forpackningar\/#primaryimage"},"image":{"@id":"https:\/\/mekulo.com\/se\/produkt\/ogonlockslyftande-remsor-10-forpackningar\/#primaryimage"},"thumbnailUrl":"https:\/\/mekulo.com\/se\/wp-content\/uploads\/sites\/11\/2026\/02\/1iutc2u-1.jpeg","datePublished":"2026-02-09T15:51:26+00:00","dateModified":"2026-02-09T15:51:43+00:00","breadcrumb":{"@id":"https:\/\/mekulo.com\/se\/produkt\/ogonlockslyftande-remsor-10-forpackningar\/#breadcrumb"},"inLanguage":"sv-SE","potentialAction":[{"@type":"ReadAction","target":["https:\/\/mekulo.com\/se\/produkt\/ogonlockslyftande-remsor-10-forpackningar\/"]}]},{"@type":"ImageObject","inLanguage":"sv-SE","@id":"https:\/\/mekulo.com\/se\/produkt\/ogonlockslyftande-remsor-10-forpackningar\/#primaryimage","url":"https:\/\/mekulo.com\/se\/wp-content\/uploads\/sites\/11\/2026\/02\/1iutc2u-1.jpeg","contentUrl":"https:\/\/mekulo.com\/se\/wp-content\/uploads\/sites\/11\/2026\/02\/1iutc2u-1.jpeg","width":1001,"height":1001},{"@type":"BreadcrumbList","@id":"https:\/\/mekulo.com\/se\/produkt\/ogonlockslyftande-remsor-10-forpackningar\/#breadcrumb","itemListElement":[{"@type":"ListItem","position":1,"name":"Home","item":"https:\/\/mekulo.com\/se\/"},{"@type":"ListItem","position":2,"name":"Butik","item":"https:\/\/mekulo.com\/se\/butik\/"},{"@type":"ListItem","position":3,"name":"\u00d6gonlockslyftande remsor (10 f\u00f6rpackningar)"}]},{"@type":"WebSite","@id":"https:\/\/mekulo.com\/se\/#website","url":"https:\/\/mekulo.com\/se\/","name":"Mekulo SE","description":"","publisher":{"@id":"https:\/\/mekulo.com\/se\/#organization"},"potentialAction":[{"@type":"SearchAction","target":{"@type":"EntryPoint","urlTemplate":"https:\/\/mekulo.com\/se\/?s={search_term_string}"},"query-input":{"@type":"PropertyValueSpecification","valueRequired":true,"valueName":"search_term_string"}}],"inLanguage":"sv-SE"},{"@type":"Organization","@id":"https:\/\/mekulo.com\/se\/#organization","name":"Mekulo","url":"https:\/\/mekulo.com\/se\/","logo":{"@type":"ImageObject","inLanguage":"sv-SE","@id":"https:\/\/mekulo.com\/se\/#\/schema\/logo\/image\/","url":"https:\/\/mekulo.com\/se\/wp-content\/uploads\/sites\/11\/2025\/12\/favicon_mekulo.png","contentUrl":"https:\/\/mekulo.com\/se\/wp-content\/uploads\/sites\/11\/2025\/12\/favicon_mekulo.png","width":50,"height":50,"caption":"Mekulo"},"image":{"@id":"https:\/\/mekulo.com\/se\/#\/schema\/logo\/image\/"}}]}},"_links":{"self":[{"href":"https:\/\/mekulo.com\/se\/wp-json\/wp\/v2\/product\/22621","targetHints":{"allow":["GET"]}}],"collection":[{"href":"https:\/\/mekulo.com\/se\/wp-json\/wp\/v2\/product"}],"about":[{"href":"https:\/\/mekulo.com\/se\/wp-json\/wp\/v2\/types\/product"}],"replies":[{"embeddable":true,"href":"https:\/\/mekulo.com\/se\/wp-json\/wp\/v2\/comments?post=22621"}],"wp:featuredmedia":[{"embeddable":true,"href":"https:\/\/mekulo.com\/se\/wp-json\/wp\/v2\/media\/22617"}],"wp:attachment":[{"href":"https:\/\/mekulo.com\/se\/wp-json\/wp\/v2\/media?parent=22621"}],"wp:term":[{"taxonomy":"product_brand","embeddable":true,"href":"https:\/\/mekulo.com\/se\/wp-json\/wp\/v2\/product_brand?post=22621"},{"taxonomy":"product_cat","embeddable":true,"href":"https:\/\/mekulo.com\/se\/wp-json\/wp\/v2\/product_cat?post=22621"},{"taxonomy":"product_tag","embeddable":true,"href":"https:\/\/mekulo.com\/se\/wp-json\/wp\/v2\/product_tag?post=22621"}],"curies":[{"name":"wp","href":"https:\/\/api.w.org\/{rel}","templated":true}]}}