{"id":22588,"date":"2026-02-09T17:48:37","date_gmt":"2026-02-09T15:48:37","guid":{"rendered":"https:\/\/mekulo.com\/se\/produkt\/magisk-tumlampa\/"},"modified":"2026-03-02T12:26:16","modified_gmt":"2026-03-02T10:26:16","slug":"magisk-tumlampa","status":"publish","type":"product","link":"https:\/\/mekulo.com\/se\/produkt\/magisk-tumlampa\/","title":{"rendered":"Magisk tumlampa"},"content":{"rendered":"<div class=\"flex flex-col text-sm pb-25\">\n<article class=\"text-token-text-primary w-full focus:outline-none [--shadow-height:45px] has-data-writing-block:pointer-events-none has-data-writing-block:-mt-(--shadow-height) has-data-writing-block:pt-(--shadow-height) [&amp;:has([data-writing-block])&gt;*]:pointer-events-auto scroll-mt-[calc(var(--header-height)+min(200px,max(70px,20svh)))]\" dir=\"auto\" data-turn-id=\"ebc2913f-8c4a-4ab4-9b82-27099249c457\" data-testid=\"conversation-turn-180\" data-scroll-anchor=\"true\" data-turn=\"assistant\">\n<div class=\"text-base my-auto mx-auto pb-10 [--thread-content-margin:--spacing(4)] @w-sm\/main:[--thread-content-margin:--spacing(6)] @w-lg\/main:[--thread-content-margin:--spacing(16)] px-(--thread-content-margin)\">\n<div class=\"[--thread-content-max-width:40rem] @w-lg\/main:[--thread-content-max-width:48rem] mx-auto max-w-(--thread-content-max-width) flex-1 group\/turn-messages focus-visible:outline-hidden relative flex w-full min-w-0 flex-col agent-turn\">\n<div class=\"flex max-w-full flex-col grow\">\n<div class=\"min-h-8 text-message relative flex w-full flex-col items-end gap-2 text-start break-words whitespace-normal [.text-message+&amp;]:mt-1\" dir=\"auto\" data-message-author-role=\"assistant\" data-message-id=\"5ef9b5fa-df7d-497e-9175-0912c4527c92\" data-message-model-slug=\"gpt-5-2\">\n<div class=\"flex w-full flex-col gap-1 empty:hidden first:pt-[1px]\">\n<div class=\"markdown prose dark:prose-invert w-full wrap-break-word light markdown-new-styling\">\n<p style=\"text-align: center\" data-start=\"0\" data-end=\"64\"><strong data-start=\"0\" data-end=\"64\">Skapa Fantastisk Ljusmagi Direkt Med Bara Dina Fingrar. \ud83e\udd1f<\/strong><\/p>\n<p data-start=\"0\" data-end=\"64\"><img fetchpriority=\"high\" decoding=\"async\" class=\"size-full wp-image-23879 aligncenter\" src=\"https:\/\/mekulo.com\/template\/wp-content\/uploads\/sites\/6\/2026\/02\/Sd20efa2488fd416691b8c00594ae691eC.jpg_960x960q75.jpg_.avif\" alt=\"\" width=\"960\" height=\"960\" \/><\/p>\n<h2 style=\"text-align: center\" data-start=\"356\" data-end=\"373\"><strong>Main F\u00f6rdelar \ud83d\udd90\ufe0f<\/strong><\/h2>\n<p data-start=\"376\" data-end=\"435\">\u2728 Verklig Magisk Effekt \u2013 Styr Ljuset Med Fingrarna.<\/p>\n<p data-start=\"438\" data-end=\"506\">\ud83c\udfad Perfekt F\u00f6r F\u00f6rest\u00e4llningar \u2013 Perfekt F\u00f6r Scen- Och Partytrick.<\/p>\n<p data-start=\"509\" data-end=\"574\">\ud83d\udc4d L\u00e4tt Att B\u00e4ra \u2013 L\u00e4tt Och Bekv\u00e4m P\u00e5 Tummen.<\/p>\n<p data-start=\"577\" data-end=\"637\">\ud83d\udd0b Klar Att Anv\u00e4nda \u2013 Batterier Ing\u00e5r Och F\u00f6rinstallerade.<\/p>\n<p data-start=\"640\" data-end=\"690\">\ud83c\udf81 Bra Presentid\u00e9 \u2013 Kul F\u00f6r Barn Och Vuxna.<\/p>\n<p data-start=\"640\" data-end=\"690\"><img decoding=\"async\" class=\"size-full wp-image-23875 aligncenter\" src=\"https:\/\/mekulo.com\/template\/wp-content\/uploads\/sites\/6\/2026\/02\/f52832bd37fbc529e59a9ee6636574826f1dc4cb-800.avif\" alt=\"\" \/><\/p>\n<h2 style=\"text-align: center\" data-start=\"692\" data-end=\"706\"><strong>Hur Man Anv\u00e4nder \ud83d\udccc<\/strong><\/h2>\n<ol data-start=\"707\" data-end=\"922\">\n<li data-start=\"707\" data-end=\"748\">\n<p data-start=\"710\" data-end=\"748\">Placera Tumlampan P\u00e5 Tummen.<\/p>\n<\/li>\n<li data-start=\"749\" data-end=\"785\">\n<p data-start=\"752\" data-end=\"785\">G\u00f6m Den Naturligt I Handen.<\/p>\n<\/li>\n<li data-start=\"786\" data-end=\"826\">\n<p data-start=\"789\" data-end=\"826\">Tryck L\u00e4tt F\u00f6r Att T\u00e4nda Lampan.<\/p>\n<\/li>\n<li data-start=\"827\" data-end=\"872\">\n<p data-start=\"830\" data-end=\"872\">R\u00f6r H\u00e4nderna F\u00f6r Att Skapa Magiska Effekter.<\/p>\n<\/li>\n<li data-start=\"873\" data-end=\"922\">\n<p data-start=\"876\" data-end=\"922\">St\u00e4ng Av Den Och G\u00f6m Den Igen N\u00e4r Du \u00c4r Klar.<\/p>\n<\/li>\n<\/ol>\n<h2 style=\"text-align: center\" data-start=\"924\" data-end=\"943\"><strong>Produktdetaljer \ud83d\udccf<\/strong><\/h2>\n<ul data-start=\"944\" data-end=\"1103\">\n<li data-start=\"944\" data-end=\"965\">\n<p data-start=\"946\" data-end=\"965\">Material: Plast<\/p>\n<\/li>\n<li data-start=\"966\" data-end=\"981\">\n<p data-start=\"968\" data-end=\"981\">Vikt: 16g<\/p>\n<\/li>\n<li data-start=\"1033\" data-end=\"1060\">\n<p data-start=\"1035\" data-end=\"1060\">Effekt: Inbyggt Batteri<\/p>\n<\/li>\n<li data-start=\"1061\" data-end=\"1103\">\n<p data-start=\"1063\" data-end=\"1103\">Anv\u00e4ndningstid: Upp Till 1 \u00c5r Vid Normal Anv\u00e4ndning<\/p>\n<\/li>\n<li data-start=\"1061\" data-end=\"1103\">Storlek: 4 x 3 x 2 cm<\/li>\n<\/ul>\n<h2 style=\"text-align: center\" data-start=\"1105\" data-end=\"1125\"><strong>Paketet Inneh\u00e5ller \ud83d\udce6<\/strong><\/h2>\n<ul data-start=\"1126\" data-end=\"1150\" data-is-last-node=\"\" data-is-only-node=\"\">\n<li data-start=\"1126\" data-end=\"1150\" data-is-last-node=\"\">\n<p data-start=\"1128\" data-end=\"1150\" data-is-last-node=\"\">1, 2, 3x Par Magiska Tumlampor (2, 4, 6 St).<\/p>\n<\/li>\n<\/ul>\n<\/div>\n<\/div>\n<\/div>\n<\/div>\n<\/div>\n<\/div>\n<\/article>\n<\/div>\n","protected":false},"excerpt":{"rendered":"<p>\ud83d\udd34Med den h\u00e4r magiska tumlampan kan du f\u00e5 en gl\u00f6dande ljuskula att dyka upp, r\u00f6ra sig och f\u00f6rsvinna som riktig magi.<br \/>\n\ud83d\udd90\ufe0fIt \u00e4r l\u00e4tt att b\u00e4ra, enkel att anv\u00e4nda och perfekt f\u00f6r magiska trick, scenframtr\u00e4danden eller roliga feststunder.<br \/>\n\ud83d\udd0bBatterierna \u00e4r redan installerade, s\u00e5 du kan b\u00f6rja upptr\u00e4da direkt.<\/p>\n","protected":false},"featured_media":22584,"comment_status":"open","ping_status":"closed","template":"","meta":{"site-sidebar-layout":"default","site-content-layout":"","ast-site-content-layout":"default","site-content-style":"default","site-sidebar-style":"default","ast-global-header-display":"","ast-banner-title-visibility":"","ast-main-header-display":"","ast-hfb-above-header-display":"","ast-hfb-below-header-display":"","ast-hfb-mobile-header-display":"","site-post-title":"","ast-breadcrumbs-content":"","ast-featured-img":"","footer-sml-layout":"","theme-transparent-header-meta":"default","adv-header-id-meta":"","stick-header-meta":"","header-above-stick-meta":"","header-main-stick-meta":"","header-below-stick-meta":"","astra-migrate-meta-layouts":"set","ast-page-background-enabled":"default","ast-page-background-meta":{"desktop":{"background-color":"var(--ast-global-color-5)","background-image":"","background-repeat":"repeat","background-position":"center center","background-size":"auto","background-attachment":"scroll","background-type":"","background-media":"","overlay-type":"","overlay-color":"","overlay-opacity":"","overlay-gradient":""},"tablet":{"background-color":"","background-image":"","background-repeat":"repeat","background-position":"center center","background-size":"auto","background-attachment":"scroll","background-type":"","background-media":"","overlay-type":"","overlay-color":"","overlay-opacity":"","overlay-gradient":""},"mobile":{"background-color":"","background-image":"","background-repeat":"repeat","background-position":"center center","background-size":"auto","background-attachment":"scroll","background-type":"","background-media":"","overlay-type":"","overlay-color":"","overlay-opacity":"","overlay-gradient":""}},"ast-content-background-meta":{"desktop":{"background-color":"var(--ast-global-color-4)","background-image":"","background-repeat":"repeat","background-position":"center center","background-size":"auto","background-attachment":"scroll","background-type":"","background-media":"","overlay-type":"","overlay-color":"","overlay-opacity":"","overlay-gradient":""},"tablet":{"background-color":"var(--ast-global-color-4)","background-image":"","background-repeat":"repeat","background-position":"center center","background-size":"auto","background-attachment":"scroll","background-type":"","background-media":"","overlay-type":"","overlay-color":"","overlay-opacity":"","overlay-gradient":""},"mobile":{"background-color":"var(--ast-global-color-4)","background-image":"","background-repeat":"repeat","background-position":"center center","background-size":"auto","background-attachment":"scroll","background-type":"","background-media":"","overlay-type":"","overlay-color":"","overlay-opacity":"","overlay-gradient":""}}},"product_brand":[],"product_cat":[172],"product_tag":[],"class_list":{"0":"post-22588","1":"product","2":"type-product","3":"status-publish","4":"has-post-thumbnail","6":"product_cat-leksaker-barn-och-babyprodukter","7":"pa_55759_bxuez5ym-bla","8":"pa_55759_bxuez5ym-gron","9":"pa_55759_bxuez5ym-gul","10":"pa_55759_bxuez5ym-rod","11":"pa_55759_w09xqvb0-1-par","12":"pa_55759_w09xqvb0-2-par","13":"pa_55759_w09xqvb0-3-par","14":"desktop-align-left","15":"tablet-align-left","16":"mobile-align-left","18":"first","19":"instock","20":"shipping-taxable","21":"purchasable","22":"product-type-variable","23":"has-default-attributes"},"yoast_head":"<!-- This site is optimized with the Yoast SEO plugin v26.6 - https:\/\/yoast.com\/wordpress\/plugins\/seo\/ -->\n<title>Magisk tumlampa - Mekulo SE<\/title>\n<meta name=\"robots\" content=\"index, follow, max-snippet:-1, max-image-preview:large, max-video-preview:-1\" \/>\n<link rel=\"canonical\" href=\"https:\/\/mekulo.com\/se\/produkt\/magisk-tumlampa\/\" \/>\n<meta property=\"og:locale\" content=\"sv_SE\" \/>\n<meta property=\"og:type\" content=\"article\" \/>\n<meta property=\"og:title\" content=\"Magisk tumlampa - Mekulo SE\" \/>\n<meta property=\"og:description\" content=\"\ud83d\udd34Med den h\u00e4r magiska tumlampan kan du f\u00e5 en gl\u00f6dande ljuskula att dyka upp, r\u00f6ra sig och f\u00f6rsvinna som riktig magi. \ud83d\udd90\ufe0fIt \u00e4r l\u00e4tt att b\u00e4ra, enkel att anv\u00e4nda och perfekt f\u00f6r magiska trick, scenframtr\u00e4danden eller roliga feststunder. \ud83d\udd0bBatterierna \u00e4r redan installerade, s\u00e5 du kan b\u00f6rja upptr\u00e4da direkt.\" \/>\n<meta property=\"og:url\" content=\"https:\/\/mekulo.com\/se\/produkt\/magisk-tumlampa\/\" \/>\n<meta property=\"og:site_name\" content=\"Mekulo SE\" \/>\n<meta property=\"article:modified_time\" content=\"2026-03-02T10:26:16+00:00\" \/>\n<meta property=\"og:image\" content=\"https:\/\/mekulo.com\/se\/wp-content\/uploads\/sites\/11\/2026\/02\/rlp9yn1-1.jpg\" \/>\n\t<meta property=\"og:image:width\" content=\"800\" \/>\n\t<meta property=\"og:image:height\" content=\"800\" \/>\n\t<meta property=\"og:image:type\" content=\"image\/jpeg\" \/>\n<meta name=\"twitter:card\" content=\"summary_large_image\" \/>\n<meta name=\"twitter:label1\" content=\"Ber\u00e4knad l\u00e4stid\" \/>\n\t<meta name=\"twitter:data1\" content=\"2 minuter\" \/>\n<script type=\"application\/ld+json\" class=\"yoast-schema-graph\">{\"@context\":\"https:\/\/schema.org\",\"@graph\":[{\"@type\":\"WebPage\",\"@id\":\"https:\/\/mekulo.com\/se\/produkt\/magisk-tumlampa\/\",\"url\":\"https:\/\/mekulo.com\/se\/produkt\/magisk-tumlampa\/\",\"name\":\"Magisk tumlampa - Mekulo SE\",\"isPartOf\":{\"@id\":\"https:\/\/mekulo.com\/se\/#website\"},\"primaryImageOfPage\":{\"@id\":\"https:\/\/mekulo.com\/se\/produkt\/magisk-tumlampa\/#primaryimage\"},\"image\":{\"@id\":\"https:\/\/mekulo.com\/se\/produkt\/magisk-tumlampa\/#primaryimage\"},\"thumbnailUrl\":\"https:\/\/mekulo.com\/se\/wp-content\/uploads\/sites\/11\/2026\/02\/rlp9yn1-1.jpg\",\"datePublished\":\"2026-02-09T15:48:37+00:00\",\"dateModified\":\"2026-03-02T10:26:16+00:00\",\"breadcrumb\":{\"@id\":\"https:\/\/mekulo.com\/se\/produkt\/magisk-tumlampa\/#breadcrumb\"},\"inLanguage\":\"sv-SE\",\"potentialAction\":[{\"@type\":\"ReadAction\",\"target\":[\"https:\/\/mekulo.com\/se\/produkt\/magisk-tumlampa\/\"]}]},{\"@type\":\"ImageObject\",\"inLanguage\":\"sv-SE\",\"@id\":\"https:\/\/mekulo.com\/se\/produkt\/magisk-tumlampa\/#primaryimage\",\"url\":\"https:\/\/mekulo.com\/se\/wp-content\/uploads\/sites\/11\/2026\/02\/rlp9yn1-1.jpg\",\"contentUrl\":\"https:\/\/mekulo.com\/se\/wp-content\/uploads\/sites\/11\/2026\/02\/rlp9yn1-1.jpg\",\"width\":800,\"height\":800},{\"@type\":\"BreadcrumbList\",\"@id\":\"https:\/\/mekulo.com\/se\/produkt\/magisk-tumlampa\/#breadcrumb\",\"itemListElement\":[{\"@type\":\"ListItem\",\"position\":1,\"name\":\"Home\",\"item\":\"https:\/\/mekulo.com\/se\/\"},{\"@type\":\"ListItem\",\"position\":2,\"name\":\"Butik\",\"item\":\"https:\/\/mekulo.com\/se\/butik\/\"},{\"@type\":\"ListItem\",\"position\":3,\"name\":\"Magisk tumlampa\"}]},{\"@type\":\"WebSite\",\"@id\":\"https:\/\/mekulo.com\/se\/#website\",\"url\":\"https:\/\/mekulo.com\/se\/\",\"name\":\"Mekulo SE\",\"description\":\"\",\"publisher\":{\"@id\":\"https:\/\/mekulo.com\/se\/#organization\"},\"potentialAction\":[{\"@type\":\"SearchAction\",\"target\":{\"@type\":\"EntryPoint\",\"urlTemplate\":\"https:\/\/mekulo.com\/se\/?s={search_term_string}\"},\"query-input\":{\"@type\":\"PropertyValueSpecification\",\"valueRequired\":true,\"valueName\":\"search_term_string\"}}],\"inLanguage\":\"sv-SE\"},{\"@type\":\"Organization\",\"@id\":\"https:\/\/mekulo.com\/se\/#organization\",\"name\":\"Mekulo\",\"url\":\"https:\/\/mekulo.com\/se\/\",\"logo\":{\"@type\":\"ImageObject\",\"inLanguage\":\"sv-SE\",\"@id\":\"https:\/\/mekulo.com\/se\/#\/schema\/logo\/image\/\",\"url\":\"https:\/\/mekulo.com\/se\/wp-content\/uploads\/sites\/11\/2025\/12\/favicon_mekulo.png\",\"contentUrl\":\"https:\/\/mekulo.com\/se\/wp-content\/uploads\/sites\/11\/2025\/12\/favicon_mekulo.png\",\"width\":50,\"height\":50,\"caption\":\"Mekulo\"},\"image\":{\"@id\":\"https:\/\/mekulo.com\/se\/#\/schema\/logo\/image\/\"}}]}<\/script>\n<!-- \/ Yoast SEO plugin. -->","yoast_head_json":{"title":"Magisk tumlampa - Mekulo SE","robots":{"index":"index","follow":"follow","max-snippet":"max-snippet:-1","max-image-preview":"max-image-preview:large","max-video-preview":"max-video-preview:-1"},"canonical":"https:\/\/mekulo.com\/se\/produkt\/magisk-tumlampa\/","og_locale":"sv_SE","og_type":"article","og_title":"Magisk tumlampa - Mekulo SE","og_description":"\ud83d\udd34Med den h\u00e4r magiska tumlampan kan du f\u00e5 en gl\u00f6dande ljuskula att dyka upp, r\u00f6ra sig och f\u00f6rsvinna som riktig magi. \ud83d\udd90\ufe0fIt \u00e4r l\u00e4tt att b\u00e4ra, enkel att anv\u00e4nda och perfekt f\u00f6r magiska trick, scenframtr\u00e4danden eller roliga feststunder. \ud83d\udd0bBatterierna \u00e4r redan installerade, s\u00e5 du kan b\u00f6rja upptr\u00e4da direkt.","og_url":"https:\/\/mekulo.com\/se\/produkt\/magisk-tumlampa\/","og_site_name":"Mekulo SE","article_modified_time":"2026-03-02T10:26:16+00:00","og_image":[{"width":800,"height":800,"url":"https:\/\/mekulo.com\/se\/wp-content\/uploads\/sites\/11\/2026\/02\/rlp9yn1-1.jpg","type":"image\/jpeg"}],"twitter_card":"summary_large_image","twitter_misc":{"Ber\u00e4knad l\u00e4stid":"2 minuter"},"schema":{"@context":"https:\/\/schema.org","@graph":[{"@type":"WebPage","@id":"https:\/\/mekulo.com\/se\/produkt\/magisk-tumlampa\/","url":"https:\/\/mekulo.com\/se\/produkt\/magisk-tumlampa\/","name":"Magisk tumlampa - Mekulo SE","isPartOf":{"@id":"https:\/\/mekulo.com\/se\/#website"},"primaryImageOfPage":{"@id":"https:\/\/mekulo.com\/se\/produkt\/magisk-tumlampa\/#primaryimage"},"image":{"@id":"https:\/\/mekulo.com\/se\/produkt\/magisk-tumlampa\/#primaryimage"},"thumbnailUrl":"https:\/\/mekulo.com\/se\/wp-content\/uploads\/sites\/11\/2026\/02\/rlp9yn1-1.jpg","datePublished":"2026-02-09T15:48:37+00:00","dateModified":"2026-03-02T10:26:16+00:00","breadcrumb":{"@id":"https:\/\/mekulo.com\/se\/produkt\/magisk-tumlampa\/#breadcrumb"},"inLanguage":"sv-SE","potentialAction":[{"@type":"ReadAction","target":["https:\/\/mekulo.com\/se\/produkt\/magisk-tumlampa\/"]}]},{"@type":"ImageObject","inLanguage":"sv-SE","@id":"https:\/\/mekulo.com\/se\/produkt\/magisk-tumlampa\/#primaryimage","url":"https:\/\/mekulo.com\/se\/wp-content\/uploads\/sites\/11\/2026\/02\/rlp9yn1-1.jpg","contentUrl":"https:\/\/mekulo.com\/se\/wp-content\/uploads\/sites\/11\/2026\/02\/rlp9yn1-1.jpg","width":800,"height":800},{"@type":"BreadcrumbList","@id":"https:\/\/mekulo.com\/se\/produkt\/magisk-tumlampa\/#breadcrumb","itemListElement":[{"@type":"ListItem","position":1,"name":"Home","item":"https:\/\/mekulo.com\/se\/"},{"@type":"ListItem","position":2,"name":"Butik","item":"https:\/\/mekulo.com\/se\/butik\/"},{"@type":"ListItem","position":3,"name":"Magisk tumlampa"}]},{"@type":"WebSite","@id":"https:\/\/mekulo.com\/se\/#website","url":"https:\/\/mekulo.com\/se\/","name":"Mekulo SE","description":"","publisher":{"@id":"https:\/\/mekulo.com\/se\/#organization"},"potentialAction":[{"@type":"SearchAction","target":{"@type":"EntryPoint","urlTemplate":"https:\/\/mekulo.com\/se\/?s={search_term_string}"},"query-input":{"@type":"PropertyValueSpecification","valueRequired":true,"valueName":"search_term_string"}}],"inLanguage":"sv-SE"},{"@type":"Organization","@id":"https:\/\/mekulo.com\/se\/#organization","name":"Mekulo","url":"https:\/\/mekulo.com\/se\/","logo":{"@type":"ImageObject","inLanguage":"sv-SE","@id":"https:\/\/mekulo.com\/se\/#\/schema\/logo\/image\/","url":"https:\/\/mekulo.com\/se\/wp-content\/uploads\/sites\/11\/2025\/12\/favicon_mekulo.png","contentUrl":"https:\/\/mekulo.com\/se\/wp-content\/uploads\/sites\/11\/2025\/12\/favicon_mekulo.png","width":50,"height":50,"caption":"Mekulo"},"image":{"@id":"https:\/\/mekulo.com\/se\/#\/schema\/logo\/image\/"}}]}},"_links":{"self":[{"href":"https:\/\/mekulo.com\/se\/wp-json\/wp\/v2\/product\/22588","targetHints":{"allow":["GET"]}}],"collection":[{"href":"https:\/\/mekulo.com\/se\/wp-json\/wp\/v2\/product"}],"about":[{"href":"https:\/\/mekulo.com\/se\/wp-json\/wp\/v2\/types\/product"}],"replies":[{"embeddable":true,"href":"https:\/\/mekulo.com\/se\/wp-json\/wp\/v2\/comments?post=22588"}],"wp:featuredmedia":[{"embeddable":true,"href":"https:\/\/mekulo.com\/se\/wp-json\/wp\/v2\/media\/22584"}],"wp:attachment":[{"href":"https:\/\/mekulo.com\/se\/wp-json\/wp\/v2\/media?parent=22588"}],"wp:term":[{"taxonomy":"product_brand","embeddable":true,"href":"https:\/\/mekulo.com\/se\/wp-json\/wp\/v2\/product_brand?post=22588"},{"taxonomy":"product_cat","embeddable":true,"href":"https:\/\/mekulo.com\/se\/wp-json\/wp\/v2\/product_cat?post=22588"},{"taxonomy":"product_tag","embeddable":true,"href":"https:\/\/mekulo.com\/se\/wp-json\/wp\/v2\/product_tag?post=22588"}],"curies":[{"name":"wp","href":"https:\/\/api.w.org\/{rel}","templated":true}]}}