{"id":22526,"date":"2026-02-09T17:41:54","date_gmt":"2026-02-09T15:41:54","guid":{"rendered":"https:\/\/mekulo.com\/se\/produkt\/vinkelslipskiva-for-tra\/"},"modified":"2026-02-09T17:42:50","modified_gmt":"2026-02-09T15:42:50","slug":"vinkelslipskiva-for-tra","status":"publish","type":"product","link":"https:\/\/mekulo.com\/se\/produkt\/vinkelslipskiva-for-tra\/","title":{"rendered":"Vinkelslipskiva f\u00f6r tr\u00e4"},"content":{"rendered":"<div class=\"flex max-w-full flex-col grow\">\n<div class=\"min-h-8 text-message relative flex w-full flex-col items-end gap-2 text-start break-words whitespace-normal [.text-message+&amp;]:mt-1\" dir=\"auto\" data-message-author-role=\"assistant\" data-message-id=\"9754ff08-3fb5-4ea4-bb49-b281ad56f59e\" data-message-model-slug=\"gpt-5-2\">\n<div class=\"flex w-full flex-col gap-1 empty:hidden first:pt-[1px]\">\n<div class=\"markdown prose dark:prose-invert w-full wrap-break-word light markdown-new-styling\">\n<p style=\"text-align: center\" data-start=\"0\" data-end=\"82\"><strong data-start=\"0\" data-end=\"82\">Forma, Snida Och Sl\u00e4ta Ut Tr\u00e4 Snabbt Med Kraftfull Och Exakt Materialborttagning. \ud83e\udeb5<\/strong><\/p>\n<p data-start=\"0\" data-end=\"82\"><img fetchpriority=\"high\" decoding=\"async\" class=\"size-full wp-image-23819 aligncenter\" src=\"https:\/\/mekulo.com\/template\/wp-content\/uploads\/sites\/6\/2026\/02\/fcf18fdba88653c19b3f6528a67d795b5fdc1eb9-800.jpg\" alt=\"\" width=\"1080\" height=\"1080\" \/><\/p>\n<h2 style=\"text-align: center\" data-start=\"380\" data-end=\"397\">Huvudf\u00f6rdelar \u26a1<\/h2>\n<p data-start=\"400\" data-end=\"453\">\u26a1 Snabb materialborttagning \u2013 sparar tid och anstr\u00e4ngning.<\/p>\n<p data-start=\"456\" data-end=\"520\">\ud83e\udeb5 Perfekt f\u00f6r kurvor \u2013 perfekt f\u00f6r konkava och konvexa omr\u00e5den.<\/p>\n<p data-start=\"523\" data-end=\"591\">\ud83d\udd29 Starkt och h\u00e5llbart st\u00e5l \u2013 motst\u00e5r brott och deformation.<\/p>\n<p data-start=\"594\" data-end=\"657\">\ud83e\uddb7 Vassa kontinuerliga t\u00e4nder \u2013 j\u00e4mn och effektiv slipning.<\/p>\n<p data-start=\"660\" data-end=\"728\">\ud83d\udee0\ufe0f Brett anv\u00e4ndningsomr\u00e5de \u2013 snidning, trimning, avgradning, polering.<\/p>\n<p data-start=\"660\" data-end=\"728\"><img decoding=\"async\" class=\"size-full wp-image-23821 aligncenter\" src=\"https:\/\/mekulo.com\/template\/wp-content\/uploads\/sites\/6\/2026\/02\/83c5c312e552779afaee418141afe9cfdbc7a5fa-800.avif\" alt=\"\" \/><\/p>\n<h2 style=\"text-align: center\" data-start=\"730\" data-end=\"744\">Anv\u00e4ndning \ud83d\udccc<\/h2>\n<ol data-start=\"745\" data-end=\"985\">\n<li data-start=\"745\" data-end=\"789\">\n<p data-start=\"748\" data-end=\"789\">St\u00e4ng av och dra ur kontakten till vinkelslipen.<\/p>\n<\/li>\n<li data-start=\"790\" data-end=\"838\">\n<p data-start=\"793\" data-end=\"838\">Montera skivan ordentligt p\u00e5 slipen.<\/p>\n<\/li>\n<li data-start=\"839\" data-end=\"886\">\n<p data-start=\"842\" data-end=\"886\">Dra \u00e5t enligt instruktionerna f\u00f6r slipen.<\/p>\n<\/li>\n<li data-start=\"887\" data-end=\"945\">\n<p data-start=\"890\" data-end=\"945\">S\u00e4tt p\u00e5 slipen och anv\u00e4nd ett l\u00e4tt, stadigt tryck.<\/p>\n<\/li>\n<li data-start=\"946\" data-end=\"985\">\n<p data-start=\"949\" data-end=\"985\">Forma eller slipa tr\u00e4et efter behov.<\/p>\n<\/li>\n<\/ol>\n<h2 style=\"text-align: center\" data-start=\"987\" data-end=\"1006\">Produktdetaljer \ud83d\udccf<\/h2>\n<ul data-start=\"1007\" data-end=\"1236\">\n<li data-start=\"1007\" data-end=\"1038\">\n<p data-start=\"1009\" data-end=\"1038\">Material: H\u00f6gkolhaltigt st\u00e5l<\/p>\n<\/li>\n<li data-start=\"1080\" data-end=\"1105\">\n<p data-start=\"1082\" data-end=\"1105\">Ytterdiameter: 75 mm<\/p>\n<\/li>\n<li data-start=\"1106\" data-end=\"1136\">\n<p data-start=\"1108\" data-end=\"1136\">Innerdiameter: 16 mm, 22 mm<\/p>\n<\/li>\n<li data-start=\"1137\" data-end=\"1157\">\n<p data-start=\"1139\" data-end=\"1157\">Tjocklek: 20 mm<\/p>\n<\/li>\n<li data-start=\"1158\" data-end=\"1183\">\n<p data-start=\"1160\" data-end=\"1183\">Paketvikt: 232 g<\/p>\n<\/li>\n<li data-start=\"1184\" data-end=\"1236\">\n<p data-start=\"1186\" data-end=\"1236\">L\u00e4mplig f\u00f6r: Tr\u00e4 och andra icke-metalliska material<\/p>\n<\/li>\n<\/ul>\n<h2 style=\"text-align: center\" data-start=\"1238\" data-end=\"1258\">Paketet Inneh\u00e5ller \ud83d\udce6<\/h2>\n<ul data-start=\"1259\" data-end=\"1288\" data-is-last-node=\"\" data-is-only-node=\"\">\n<li data-start=\"1259\" data-end=\"1288\" data-is-last-node=\"\">\n<p data-start=\"1261\" data-end=\"1288\" data-is-last-node=\"\">1, 2x vinkelslipskiva f\u00f6r tr\u00e4.<\/p>\n<\/li>\n<\/ul>\n<\/div>\n<\/div>\n<\/div>\n<\/div>\n","protected":false},"excerpt":{"rendered":"<p>\ud83e\udeb5Den h\u00e4r vinkelslipskivan f\u00f6r tr\u00e4 monteras enkelt p\u00e5 de flesta vanliga vinkelslipar och g\u00f6r att du kan ta bort tr\u00e4 snabbt och smidigt.<br \/>\n\u2699\ufe0fIt \u00e4r perfekt f\u00f6r att forma b\u00f6jda ytor, ih\u00e5liga omr\u00e5den och detaljerade tr\u00e4arbeten.<br \/>\n\u231bDen h\u00e4r skivan sparar tid samtidigt som den ger dig full kontroll \u00f6ver ditt snidnings- och slipningsarbete.<\/p>\n","protected":false},"featured_media":22522,"comment_status":"open","ping_status":"closed","template":"","meta":{"site-sidebar-layout":"default","site-content-layout":"","ast-site-content-layout":"default","site-content-style":"default","site-sidebar-style":"default","ast-global-header-display":"","ast-banner-title-visibility":"","ast-main-header-display":"","ast-hfb-above-header-display":"","ast-hfb-below-header-display":"","ast-hfb-mobile-header-display":"","site-post-title":"","ast-breadcrumbs-content":"","ast-featured-img":"","footer-sml-layout":"","theme-transparent-header-meta":"default","adv-header-id-meta":"","stick-header-meta":"","header-above-stick-meta":"","header-main-stick-meta":"","header-below-stick-meta":"","astra-migrate-meta-layouts":"set","ast-page-background-enabled":"default","ast-page-background-meta":{"desktop":{"background-color":"var(--ast-global-color-5)","background-image":"","background-repeat":"repeat","background-position":"center center","background-size":"auto","background-attachment":"scroll","background-type":"","background-media":"","overlay-type":"","overlay-color":"","overlay-opacity":"","overlay-gradient":""},"tablet":{"background-color":"","background-image":"","background-repeat":"repeat","background-position":"center center","background-size":"auto","background-attachment":"scroll","background-type":"","background-media":"","overlay-type":"","overlay-color":"","overlay-opacity":"","overlay-gradient":""},"mobile":{"background-color":"","background-image":"","background-repeat":"repeat","background-position":"center center","background-size":"auto","background-attachment":"scroll","background-type":"","background-media":"","overlay-type":"","overlay-color":"","overlay-opacity":"","overlay-gradient":""}},"ast-content-background-meta":{"desktop":{"background-color":"var(--ast-global-color-4)","background-image":"","background-repeat":"repeat","background-position":"center center","background-size":"auto","background-attachment":"scroll","background-type":"","background-media":"","overlay-type":"","overlay-color":"","overlay-opacity":"","overlay-gradient":""},"tablet":{"background-color":"var(--ast-global-color-4)","background-image":"","background-repeat":"repeat","background-position":"center center","background-size":"auto","background-attachment":"scroll","background-type":"","background-media":"","overlay-type":"","overlay-color":"","overlay-opacity":"","overlay-gradient":""},"mobile":{"background-color":"var(--ast-global-color-4)","background-image":"","background-repeat":"repeat","background-position":"center center","background-size":"auto","background-attachment":"scroll","background-type":"","background-media":"","overlay-type":"","overlay-color":"","overlay-opacity":"","overlay-gradient":""}}},"product_brand":[],"product_cat":[171],"product_tag":[],"class_list":{"0":"post-22526","1":"product","2":"type-product","3":"status-publish","4":"has-post-thumbnail","6":"product_cat-verktyg","7":"pa_55717_22andfms-bla","8":"pa_55717_22andfms-guld","9":"pa_55717_22andfms-silver","10":"pa_55717_22andfms-svart","11":"pa_55717_tnzpiia5-1-st","12":"pa_55717_tnzpiia5-2-st","13":"pa_55717_vbg8zqj6-16-mm","14":"pa_55717_vbg8zqj6-22-mm","15":"desktop-align-left","16":"tablet-align-left","17":"mobile-align-left","19":"first","20":"instock","21":"shipping-taxable","22":"purchasable","23":"product-type-variable","24":"has-default-attributes"},"yoast_head":"<!-- This site is optimized with the Yoast SEO plugin v26.6 - https:\/\/yoast.com\/wordpress\/plugins\/seo\/ -->\n<title>Vinkelslipskiva f\u00f6r tr\u00e4 - Mekulo SE<\/title>\n<meta name=\"robots\" content=\"index, follow, max-snippet:-1, max-image-preview:large, max-video-preview:-1\" \/>\n<link rel=\"canonical\" href=\"https:\/\/mekulo.com\/se\/produkt\/vinkelslipskiva-for-tra\/\" \/>\n<meta property=\"og:locale\" content=\"sv_SE\" \/>\n<meta property=\"og:type\" content=\"article\" \/>\n<meta property=\"og:title\" content=\"Vinkelslipskiva f\u00f6r tr\u00e4 - Mekulo SE\" \/>\n<meta property=\"og:description\" content=\"\ud83e\udeb5Den h\u00e4r vinkelslipskivan f\u00f6r tr\u00e4 monteras enkelt p\u00e5 de flesta vanliga vinkelslipar och g\u00f6r att du kan ta bort tr\u00e4 snabbt och smidigt. \u2699\ufe0fIt \u00e4r perfekt f\u00f6r att forma b\u00f6jda ytor, ih\u00e5liga omr\u00e5den och detaljerade tr\u00e4arbeten. \u231bDen h\u00e4r skivan sparar tid samtidigt som den ger dig full kontroll \u00f6ver ditt snidnings- och slipningsarbete.\" \/>\n<meta property=\"og:url\" content=\"https:\/\/mekulo.com\/se\/produkt\/vinkelslipskiva-for-tra\/\" \/>\n<meta property=\"og:site_name\" content=\"Mekulo SE\" \/>\n<meta property=\"article:modified_time\" content=\"2026-02-09T15:42:50+00:00\" \/>\n<meta property=\"og:image\" content=\"https:\/\/mekulo.com\/se\/wp-content\/uploads\/sites\/11\/2026\/02\/nfb50mm-1.jpg\" \/>\n\t<meta property=\"og:image:width\" content=\"1080\" \/>\n\t<meta property=\"og:image:height\" content=\"1080\" \/>\n\t<meta property=\"og:image:type\" content=\"image\/jpeg\" \/>\n<meta name=\"twitter:card\" content=\"summary_large_image\" \/>\n<meta name=\"twitter:label1\" content=\"Ber\u00e4knad l\u00e4stid\" \/>\n\t<meta name=\"twitter:data1\" content=\"2 minuter\" \/>\n<script type=\"application\/ld+json\" class=\"yoast-schema-graph\">{\"@context\":\"https:\/\/schema.org\",\"@graph\":[{\"@type\":\"WebPage\",\"@id\":\"https:\/\/mekulo.com\/se\/produkt\/vinkelslipskiva-for-tra\/\",\"url\":\"https:\/\/mekulo.com\/se\/produkt\/vinkelslipskiva-for-tra\/\",\"name\":\"Vinkelslipskiva f\u00f6r tr\u00e4 - Mekulo SE\",\"isPartOf\":{\"@id\":\"https:\/\/mekulo.com\/se\/#website\"},\"primaryImageOfPage\":{\"@id\":\"https:\/\/mekulo.com\/se\/produkt\/vinkelslipskiva-for-tra\/#primaryimage\"},\"image\":{\"@id\":\"https:\/\/mekulo.com\/se\/produkt\/vinkelslipskiva-for-tra\/#primaryimage\"},\"thumbnailUrl\":\"https:\/\/mekulo.com\/se\/wp-content\/uploads\/sites\/11\/2026\/02\/nfb50mm-1.jpg\",\"datePublished\":\"2026-02-09T15:41:54+00:00\",\"dateModified\":\"2026-02-09T15:42:50+00:00\",\"breadcrumb\":{\"@id\":\"https:\/\/mekulo.com\/se\/produkt\/vinkelslipskiva-for-tra\/#breadcrumb\"},\"inLanguage\":\"sv-SE\",\"potentialAction\":[{\"@type\":\"ReadAction\",\"target\":[\"https:\/\/mekulo.com\/se\/produkt\/vinkelslipskiva-for-tra\/\"]}]},{\"@type\":\"ImageObject\",\"inLanguage\":\"sv-SE\",\"@id\":\"https:\/\/mekulo.com\/se\/produkt\/vinkelslipskiva-for-tra\/#primaryimage\",\"url\":\"https:\/\/mekulo.com\/se\/wp-content\/uploads\/sites\/11\/2026\/02\/nfb50mm-1.jpg\",\"contentUrl\":\"https:\/\/mekulo.com\/se\/wp-content\/uploads\/sites\/11\/2026\/02\/nfb50mm-1.jpg\",\"width\":1080,\"height\":1080},{\"@type\":\"BreadcrumbList\",\"@id\":\"https:\/\/mekulo.com\/se\/produkt\/vinkelslipskiva-for-tra\/#breadcrumb\",\"itemListElement\":[{\"@type\":\"ListItem\",\"position\":1,\"name\":\"Home\",\"item\":\"https:\/\/mekulo.com\/se\/\"},{\"@type\":\"ListItem\",\"position\":2,\"name\":\"Butik\",\"item\":\"https:\/\/mekulo.com\/se\/butik\/\"},{\"@type\":\"ListItem\",\"position\":3,\"name\":\"Vinkelslipskiva f\u00f6r tr\u00e4\"}]},{\"@type\":\"WebSite\",\"@id\":\"https:\/\/mekulo.com\/se\/#website\",\"url\":\"https:\/\/mekulo.com\/se\/\",\"name\":\"Mekulo SE\",\"description\":\"\",\"publisher\":{\"@id\":\"https:\/\/mekulo.com\/se\/#organization\"},\"potentialAction\":[{\"@type\":\"SearchAction\",\"target\":{\"@type\":\"EntryPoint\",\"urlTemplate\":\"https:\/\/mekulo.com\/se\/?s={search_term_string}\"},\"query-input\":{\"@type\":\"PropertyValueSpecification\",\"valueRequired\":true,\"valueName\":\"search_term_string\"}}],\"inLanguage\":\"sv-SE\"},{\"@type\":\"Organization\",\"@id\":\"https:\/\/mekulo.com\/se\/#organization\",\"name\":\"Mekulo\",\"url\":\"https:\/\/mekulo.com\/se\/\",\"logo\":{\"@type\":\"ImageObject\",\"inLanguage\":\"sv-SE\",\"@id\":\"https:\/\/mekulo.com\/se\/#\/schema\/logo\/image\/\",\"url\":\"https:\/\/mekulo.com\/se\/wp-content\/uploads\/sites\/11\/2025\/12\/favicon_mekulo.png\",\"contentUrl\":\"https:\/\/mekulo.com\/se\/wp-content\/uploads\/sites\/11\/2025\/12\/favicon_mekulo.png\",\"width\":50,\"height\":50,\"caption\":\"Mekulo\"},\"image\":{\"@id\":\"https:\/\/mekulo.com\/se\/#\/schema\/logo\/image\/\"}}]}<\/script>\n<!-- \/ Yoast SEO plugin. -->","yoast_head_json":{"title":"Vinkelslipskiva f\u00f6r tr\u00e4 - Mekulo SE","robots":{"index":"index","follow":"follow","max-snippet":"max-snippet:-1","max-image-preview":"max-image-preview:large","max-video-preview":"max-video-preview:-1"},"canonical":"https:\/\/mekulo.com\/se\/produkt\/vinkelslipskiva-for-tra\/","og_locale":"sv_SE","og_type":"article","og_title":"Vinkelslipskiva f\u00f6r tr\u00e4 - Mekulo SE","og_description":"\ud83e\udeb5Den h\u00e4r vinkelslipskivan f\u00f6r tr\u00e4 monteras enkelt p\u00e5 de flesta vanliga vinkelslipar och g\u00f6r att du kan ta bort tr\u00e4 snabbt och smidigt. \u2699\ufe0fIt \u00e4r perfekt f\u00f6r att forma b\u00f6jda ytor, ih\u00e5liga omr\u00e5den och detaljerade tr\u00e4arbeten. \u231bDen h\u00e4r skivan sparar tid samtidigt som den ger dig full kontroll \u00f6ver ditt snidnings- och slipningsarbete.","og_url":"https:\/\/mekulo.com\/se\/produkt\/vinkelslipskiva-for-tra\/","og_site_name":"Mekulo SE","article_modified_time":"2026-02-09T15:42:50+00:00","og_image":[{"width":1080,"height":1080,"url":"https:\/\/mekulo.com\/se\/wp-content\/uploads\/sites\/11\/2026\/02\/nfb50mm-1.jpg","type":"image\/jpeg"}],"twitter_card":"summary_large_image","twitter_misc":{"Ber\u00e4knad l\u00e4stid":"2 minuter"},"schema":{"@context":"https:\/\/schema.org","@graph":[{"@type":"WebPage","@id":"https:\/\/mekulo.com\/se\/produkt\/vinkelslipskiva-for-tra\/","url":"https:\/\/mekulo.com\/se\/produkt\/vinkelslipskiva-for-tra\/","name":"Vinkelslipskiva f\u00f6r tr\u00e4 - Mekulo SE","isPartOf":{"@id":"https:\/\/mekulo.com\/se\/#website"},"primaryImageOfPage":{"@id":"https:\/\/mekulo.com\/se\/produkt\/vinkelslipskiva-for-tra\/#primaryimage"},"image":{"@id":"https:\/\/mekulo.com\/se\/produkt\/vinkelslipskiva-for-tra\/#primaryimage"},"thumbnailUrl":"https:\/\/mekulo.com\/se\/wp-content\/uploads\/sites\/11\/2026\/02\/nfb50mm-1.jpg","datePublished":"2026-02-09T15:41:54+00:00","dateModified":"2026-02-09T15:42:50+00:00","breadcrumb":{"@id":"https:\/\/mekulo.com\/se\/produkt\/vinkelslipskiva-for-tra\/#breadcrumb"},"inLanguage":"sv-SE","potentialAction":[{"@type":"ReadAction","target":["https:\/\/mekulo.com\/se\/produkt\/vinkelslipskiva-for-tra\/"]}]},{"@type":"ImageObject","inLanguage":"sv-SE","@id":"https:\/\/mekulo.com\/se\/produkt\/vinkelslipskiva-for-tra\/#primaryimage","url":"https:\/\/mekulo.com\/se\/wp-content\/uploads\/sites\/11\/2026\/02\/nfb50mm-1.jpg","contentUrl":"https:\/\/mekulo.com\/se\/wp-content\/uploads\/sites\/11\/2026\/02\/nfb50mm-1.jpg","width":1080,"height":1080},{"@type":"BreadcrumbList","@id":"https:\/\/mekulo.com\/se\/produkt\/vinkelslipskiva-for-tra\/#breadcrumb","itemListElement":[{"@type":"ListItem","position":1,"name":"Home","item":"https:\/\/mekulo.com\/se\/"},{"@type":"ListItem","position":2,"name":"Butik","item":"https:\/\/mekulo.com\/se\/butik\/"},{"@type":"ListItem","position":3,"name":"Vinkelslipskiva f\u00f6r tr\u00e4"}]},{"@type":"WebSite","@id":"https:\/\/mekulo.com\/se\/#website","url":"https:\/\/mekulo.com\/se\/","name":"Mekulo SE","description":"","publisher":{"@id":"https:\/\/mekulo.com\/se\/#organization"},"potentialAction":[{"@type":"SearchAction","target":{"@type":"EntryPoint","urlTemplate":"https:\/\/mekulo.com\/se\/?s={search_term_string}"},"query-input":{"@type":"PropertyValueSpecification","valueRequired":true,"valueName":"search_term_string"}}],"inLanguage":"sv-SE"},{"@type":"Organization","@id":"https:\/\/mekulo.com\/se\/#organization","name":"Mekulo","url":"https:\/\/mekulo.com\/se\/","logo":{"@type":"ImageObject","inLanguage":"sv-SE","@id":"https:\/\/mekulo.com\/se\/#\/schema\/logo\/image\/","url":"https:\/\/mekulo.com\/se\/wp-content\/uploads\/sites\/11\/2025\/12\/favicon_mekulo.png","contentUrl":"https:\/\/mekulo.com\/se\/wp-content\/uploads\/sites\/11\/2025\/12\/favicon_mekulo.png","width":50,"height":50,"caption":"Mekulo"},"image":{"@id":"https:\/\/mekulo.com\/se\/#\/schema\/logo\/image\/"}}]}},"_links":{"self":[{"href":"https:\/\/mekulo.com\/se\/wp-json\/wp\/v2\/product\/22526","targetHints":{"allow":["GET"]}}],"collection":[{"href":"https:\/\/mekulo.com\/se\/wp-json\/wp\/v2\/product"}],"about":[{"href":"https:\/\/mekulo.com\/se\/wp-json\/wp\/v2\/types\/product"}],"replies":[{"embeddable":true,"href":"https:\/\/mekulo.com\/se\/wp-json\/wp\/v2\/comments?post=22526"}],"wp:featuredmedia":[{"embeddable":true,"href":"https:\/\/mekulo.com\/se\/wp-json\/wp\/v2\/media\/22522"}],"wp:attachment":[{"href":"https:\/\/mekulo.com\/se\/wp-json\/wp\/v2\/media?parent=22526"}],"wp:term":[{"taxonomy":"product_brand","embeddable":true,"href":"https:\/\/mekulo.com\/se\/wp-json\/wp\/v2\/product_brand?post=22526"},{"taxonomy":"product_cat","embeddable":true,"href":"https:\/\/mekulo.com\/se\/wp-json\/wp\/v2\/product_cat?post=22526"},{"taxonomy":"product_tag","embeddable":true,"href":"https:\/\/mekulo.com\/se\/wp-json\/wp\/v2\/product_tag?post=22526"}],"curies":[{"name":"wp","href":"https:\/\/api.w.org\/{rel}","templated":true}]}}