{"id":22504,"date":"2026-02-09T17:39:17","date_gmt":"2026-02-09T15:39:17","guid":{"rendered":"https:\/\/mekulo.com\/se\/produkt\/vaxtlada-for-rotning-2-st\/"},"modified":"2026-02-09T17:39:38","modified_gmt":"2026-02-09T15:39:38","slug":"vaxtlada-for-rotning-2-st","status":"publish","type":"product","link":"https:\/\/mekulo.com\/se\/produkt\/vaxtlada-for-rotning-2-st\/","title":{"rendered":"V\u00e4xtl\u00e5da f\u00f6r rotning (2 st)"},"content":{"rendered":"<p style=\"text-align: center\" data-start=\"0\" data-end=\"90\"><strong data-start=\"0\" data-end=\"90\">F\u00e5 nya plantor att v\u00e4xa snabbare genom att hj\u00e4lpa grenar att utveckla starka r\u00f6tter direkt p\u00e5 plantan. \ud83e\udeb4<\/strong><\/p>\n<p data-start=\"0\" data-end=\"90\"><img decoding=\"async\" class=\"size-full wp-image-23801 aligncenter\" src=\"https:\/\/mekulo.com\/template\/wp-content\/uploads\/sites\/6\/2026\/02\/fb79755aebd75407b9c247bb6f48ab4a9d5f02483027f29ad9b285e9c59dddf9-800.avif\" alt=\"\" \/><\/p>\n<h2 style=\"text-align: center\" data-start=\"380\" data-end=\"397\"><strong>Huvudf\u00f6rdelar \ud83c\udf31<\/strong><\/h2>\n<p data-start=\"400\" data-end=\"457\">\ud83c\udf31 Snabbare rottillv\u00e4xt &#8211; hj\u00e4lper grenar att rota sig snabbt.<\/p>\n<p data-start=\"460\" data-end=\"514\">\ud83d\udd12 S\u00e4ker l\u00e5sdesign &#8211; sitter stadigt p\u00e5 plats.<\/p>\n<p data-start=\"517\" data-end=\"575\">\ud83d\udc40 Observationsf\u00f6nster &#8211; \u00f6vervakar enkelt rotutvecklingen.<\/p>\n<p data-start=\"578\" data-end=\"633\">\ud83d\udca7 Enkel vattningsport &#8211; tills\u00e4tt vatten utan att \u00f6ppna.<\/p>\n<p data-start=\"636\" data-end=\"698\">\u267b\ufe0f \u00c5teranv\u00e4ndbar och milj\u00f6v\u00e4nlig &#8211; b\u00e4ttre \u00e4n plastomslag.<\/p>\n<p data-start=\"636\" data-end=\"698\"><img decoding=\"async\" class=\"size-full wp-image-23799 aligncenter\" src=\"https:\/\/mekulo.com\/template\/wp-content\/uploads\/sites\/6\/2026\/02\/f8ed02a3d84147a09470e005a96befc081c5f23a72dae00bb7a191832bd46918-800.avif\" alt=\"\" \/><\/p>\n<h2 style=\"text-align: center\" data-start=\"700\" data-end=\"714\"><strong>Hur Man Anv\u00e4nder \ud83d\udccc<\/strong><\/h2>\n<ol data-start=\"715\" data-end=\"981\">\n<li data-start=\"715\" data-end=\"781\">\n<p data-start=\"718\" data-end=\"781\">\u00d6ppna rotningsl\u00e5dan och placera den runt den valda grenen.<\/p>\n<\/li>\n<li data-start=\"782\" data-end=\"833\">\n<p data-start=\"785\" data-end=\"833\">Justera botten s\u00e5 att den passar grenens tjocklek.<\/p>\n<\/li>\n<li data-start=\"834\" data-end=\"878\">\n<p data-start=\"837\" data-end=\"878\">Fyll med fuktig jord eller rotningsmedium.<\/p>\n<\/li>\n<li data-start=\"879\" data-end=\"924\">\n<p data-start=\"882\" data-end=\"924\">St\u00e4ng och l\u00e5s l\u00e5dan med sp\u00e4nnet.<\/p>\n<\/li>\n<li data-start=\"925\" data-end=\"981\">\n<p data-start=\"928\" data-end=\"981\">Vattna genom inloppet och v\u00e4nta p\u00e5 att r\u00f6tterna bildas.<\/p>\n<\/li>\n<\/ol>\n<h2 style=\"text-align: center\" data-start=\"983\" data-end=\"1002\"><strong>Produktdetaljer \ud83d\udccf<\/strong><\/h2>\n<ul data-start=\"1003\" data-end=\"1242\">\n<li data-start=\"1031\" data-end=\"1055\">\n<p data-start=\"1033\" data-end=\"1055\">Material: PP-plast<\/p>\n<\/li>\n<li data-start=\"1088\" data-end=\"1181\">\n<p data-start=\"1090\" data-end=\"1108\">Tillg\u00e4ngliga storlekar: S (5 cm), M (8 cm), L (12 cm)<\/p>\n<\/li>\n<li data-start=\"1182\" data-end=\"1242\">\n<p data-start=\"1184\" data-end=\"1242\">Funktioner: Justerbar bas, observationsport, vatteninlopp<\/p>\n<\/li>\n<\/ul>\n<h2 style=\"text-align: center\" data-start=\"1244\" data-end=\"1264\"><strong>Paketet Inneh\u00e5ller \ud83d\udce6<\/strong><\/h2>\n<ul data-start=\"1265\" data-end=\"1289\" data-is-last-node=\"\" data-is-only-node=\"\">\n<li data-start=\"1265\" data-end=\"1289\" data-is-last-node=\"\">\n<p data-start=\"1267\" data-end=\"1289\" data-is-last-node=\"\">2x tillv\u00e4xtl\u00e5dor f\u00f6r rotning.<\/p>\n<\/li>\n<\/ul>\n","protected":false},"excerpt":{"rendered":"<p>\ud83c\udf31Med den h\u00e4r rotande odlingsl\u00e5dan kan du enkelt f\u00f6r\u00f6ka v\u00e4xter utan att f\u00f6rst kapa grenar.<br \/>\n\ud83d\udc69\u200d\ud83c\udf3eIt skapar den perfekta milj\u00f6n f\u00f6r snabb rottillv\u00e4xt, vilket hj\u00e4lper dig att f\u00f6r\u00f6ka v\u00e4xter p\u00e5 kortare tid.<br \/>\n\ud83c\udfe1Den h\u00e4r metoden \u00e4r enkel, ren och ger h\u00f6gre framg\u00e5ng \u00e4n traditionell f\u00f6r\u00f6kning.<\/p>\n","protected":false},"featured_media":22500,"comment_status":"open","ping_status":"closed","template":"","meta":{"site-sidebar-layout":"default","site-content-layout":"","ast-site-content-layout":"default","site-content-style":"default","site-sidebar-style":"default","ast-global-header-display":"","ast-banner-title-visibility":"","ast-main-header-display":"","ast-hfb-above-header-display":"","ast-hfb-below-header-display":"","ast-hfb-mobile-header-display":"","site-post-title":"","ast-breadcrumbs-content":"","ast-featured-img":"","footer-sml-layout":"","theme-transparent-header-meta":"default","adv-header-id-meta":"","stick-header-meta":"","header-above-stick-meta":"","header-main-stick-meta":"","header-below-stick-meta":"","astra-migrate-meta-layouts":"set","ast-page-background-enabled":"default","ast-page-background-meta":{"desktop":{"background-color":"var(--ast-global-color-5)","background-image":"","background-repeat":"repeat","background-position":"center center","background-size":"auto","background-attachment":"scroll","background-type":"","background-media":"","overlay-type":"","overlay-color":"","overlay-opacity":"","overlay-gradient":""},"tablet":{"background-color":"","background-image":"","background-repeat":"repeat","background-position":"center center","background-size":"auto","background-attachment":"scroll","background-type":"","background-media":"","overlay-type":"","overlay-color":"","overlay-opacity":"","overlay-gradient":""},"mobile":{"background-color":"","background-image":"","background-repeat":"repeat","background-position":"center center","background-size":"auto","background-attachment":"scroll","background-type":"","background-media":"","overlay-type":"","overlay-color":"","overlay-opacity":"","overlay-gradient":""}},"ast-content-background-meta":{"desktop":{"background-color":"var(--ast-global-color-4)","background-image":"","background-repeat":"repeat","background-position":"center center","background-size":"auto","background-attachment":"scroll","background-type":"","background-media":"","overlay-type":"","overlay-color":"","overlay-opacity":"","overlay-gradient":""},"tablet":{"background-color":"var(--ast-global-color-4)","background-image":"","background-repeat":"repeat","background-position":"center center","background-size":"auto","background-attachment":"scroll","background-type":"","background-media":"","overlay-type":"","overlay-color":"","overlay-opacity":"","overlay-gradient":""},"mobile":{"background-color":"var(--ast-global-color-4)","background-image":"","background-repeat":"repeat","background-position":"center center","background-size":"auto","background-attachment":"scroll","background-type":"","background-media":"","overlay-type":"","overlay-color":"","overlay-opacity":"","overlay-gradient":""}}},"product_brand":[],"product_cat":[168],"product_tag":[],"class_list":{"0":"post-22504","1":"product","2":"type-product","3":"status-publish","4":"has-post-thumbnail","6":"product_cat-hushallsartiklar","7":"pa_55701_owvako0n-l","8":"pa_55701_owvako0n-m","9":"pa_55701_owvako0n-s","10":"pa_55701_xlm13mha-svart","11":"pa_55701_xlm13mha-transparent","12":"desktop-align-left","13":"tablet-align-left","14":"mobile-align-left","16":"first","17":"instock","18":"shipping-taxable","19":"purchasable","20":"product-type-variable","21":"has-default-attributes"},"yoast_head":"<!-- This site is optimized with the Yoast SEO plugin v26.6 - https:\/\/yoast.com\/wordpress\/plugins\/seo\/ -->\n<title>V\u00e4xtl\u00e5da f\u00f6r rotning (2 st) - Mekulo SE<\/title>\n<meta name=\"robots\" content=\"index, follow, max-snippet:-1, max-image-preview:large, max-video-preview:-1\" \/>\n<link rel=\"canonical\" href=\"https:\/\/mekulo.com\/se\/produkt\/vaxtlada-for-rotning-2-st\/\" \/>\n<meta property=\"og:locale\" content=\"sv_SE\" \/>\n<meta property=\"og:type\" content=\"article\" \/>\n<meta property=\"og:title\" content=\"V\u00e4xtl\u00e5da f\u00f6r rotning (2 st) - Mekulo SE\" \/>\n<meta property=\"og:description\" content=\"\ud83c\udf31Med den h\u00e4r rotande odlingsl\u00e5dan kan du enkelt f\u00f6r\u00f6ka v\u00e4xter utan att f\u00f6rst kapa grenar. \ud83d\udc69\u200d\ud83c\udf3eIt skapar den perfekta milj\u00f6n f\u00f6r snabb rottillv\u00e4xt, vilket hj\u00e4lper dig att f\u00f6r\u00f6ka v\u00e4xter p\u00e5 kortare tid. \ud83c\udfe1Den h\u00e4r metoden \u00e4r enkel, ren och ger h\u00f6gre framg\u00e5ng \u00e4n traditionell f\u00f6r\u00f6kning.\" \/>\n<meta property=\"og:url\" content=\"https:\/\/mekulo.com\/se\/produkt\/vaxtlada-for-rotning-2-st\/\" \/>\n<meta property=\"og:site_name\" content=\"Mekulo SE\" \/>\n<meta property=\"article:modified_time\" content=\"2026-02-09T15:39:38+00:00\" \/>\n<meta property=\"og:image\" content=\"https:\/\/mekulo.com\/se\/wp-content\/uploads\/sites\/11\/2026\/02\/w3bvulr-1.jpg\" \/>\n\t<meta property=\"og:image:width\" content=\"1080\" \/>\n\t<meta property=\"og:image:height\" content=\"1080\" \/>\n\t<meta property=\"og:image:type\" content=\"image\/jpeg\" \/>\n<meta name=\"twitter:card\" content=\"summary_large_image\" \/>\n<meta name=\"twitter:label1\" content=\"Ber\u00e4knad l\u00e4stid\" \/>\n\t<meta name=\"twitter:data1\" content=\"2 minuter\" \/>\n<script type=\"application\/ld+json\" class=\"yoast-schema-graph\">{\"@context\":\"https:\/\/schema.org\",\"@graph\":[{\"@type\":\"WebPage\",\"@id\":\"https:\/\/mekulo.com\/se\/produkt\/vaxtlada-for-rotning-2-st\/\",\"url\":\"https:\/\/mekulo.com\/se\/produkt\/vaxtlada-for-rotning-2-st\/\",\"name\":\"V\u00e4xtl\u00e5da f\u00f6r rotning (2 st) - Mekulo SE\",\"isPartOf\":{\"@id\":\"https:\/\/mekulo.com\/se\/#website\"},\"primaryImageOfPage\":{\"@id\":\"https:\/\/mekulo.com\/se\/produkt\/vaxtlada-for-rotning-2-st\/#primaryimage\"},\"image\":{\"@id\":\"https:\/\/mekulo.com\/se\/produkt\/vaxtlada-for-rotning-2-st\/#primaryimage\"},\"thumbnailUrl\":\"https:\/\/mekulo.com\/se\/wp-content\/uploads\/sites\/11\/2026\/02\/w3bvulr-1.jpg\",\"datePublished\":\"2026-02-09T15:39:17+00:00\",\"dateModified\":\"2026-02-09T15:39:38+00:00\",\"breadcrumb\":{\"@id\":\"https:\/\/mekulo.com\/se\/produkt\/vaxtlada-for-rotning-2-st\/#breadcrumb\"},\"inLanguage\":\"sv-SE\",\"potentialAction\":[{\"@type\":\"ReadAction\",\"target\":[\"https:\/\/mekulo.com\/se\/produkt\/vaxtlada-for-rotning-2-st\/\"]}]},{\"@type\":\"ImageObject\",\"inLanguage\":\"sv-SE\",\"@id\":\"https:\/\/mekulo.com\/se\/produkt\/vaxtlada-for-rotning-2-st\/#primaryimage\",\"url\":\"https:\/\/mekulo.com\/se\/wp-content\/uploads\/sites\/11\/2026\/02\/w3bvulr-1.jpg\",\"contentUrl\":\"https:\/\/mekulo.com\/se\/wp-content\/uploads\/sites\/11\/2026\/02\/w3bvulr-1.jpg\",\"width\":1080,\"height\":1080},{\"@type\":\"BreadcrumbList\",\"@id\":\"https:\/\/mekulo.com\/se\/produkt\/vaxtlada-for-rotning-2-st\/#breadcrumb\",\"itemListElement\":[{\"@type\":\"ListItem\",\"position\":1,\"name\":\"Home\",\"item\":\"https:\/\/mekulo.com\/se\/\"},{\"@type\":\"ListItem\",\"position\":2,\"name\":\"Butik\",\"item\":\"https:\/\/mekulo.com\/se\/butik\/\"},{\"@type\":\"ListItem\",\"position\":3,\"name\":\"V\u00e4xtl\u00e5da f\u00f6r rotning (2 st)\"}]},{\"@type\":\"WebSite\",\"@id\":\"https:\/\/mekulo.com\/se\/#website\",\"url\":\"https:\/\/mekulo.com\/se\/\",\"name\":\"Mekulo SE\",\"description\":\"\",\"publisher\":{\"@id\":\"https:\/\/mekulo.com\/se\/#organization\"},\"potentialAction\":[{\"@type\":\"SearchAction\",\"target\":{\"@type\":\"EntryPoint\",\"urlTemplate\":\"https:\/\/mekulo.com\/se\/?s={search_term_string}\"},\"query-input\":{\"@type\":\"PropertyValueSpecification\",\"valueRequired\":true,\"valueName\":\"search_term_string\"}}],\"inLanguage\":\"sv-SE\"},{\"@type\":\"Organization\",\"@id\":\"https:\/\/mekulo.com\/se\/#organization\",\"name\":\"Mekulo\",\"url\":\"https:\/\/mekulo.com\/se\/\",\"logo\":{\"@type\":\"ImageObject\",\"inLanguage\":\"sv-SE\",\"@id\":\"https:\/\/mekulo.com\/se\/#\/schema\/logo\/image\/\",\"url\":\"https:\/\/mekulo.com\/se\/wp-content\/uploads\/sites\/11\/2025\/12\/favicon_mekulo.png\",\"contentUrl\":\"https:\/\/mekulo.com\/se\/wp-content\/uploads\/sites\/11\/2025\/12\/favicon_mekulo.png\",\"width\":50,\"height\":50,\"caption\":\"Mekulo\"},\"image\":{\"@id\":\"https:\/\/mekulo.com\/se\/#\/schema\/logo\/image\/\"}}]}<\/script>\n<!-- \/ Yoast SEO plugin. -->","yoast_head_json":{"title":"V\u00e4xtl\u00e5da f\u00f6r rotning (2 st) - Mekulo SE","robots":{"index":"index","follow":"follow","max-snippet":"max-snippet:-1","max-image-preview":"max-image-preview:large","max-video-preview":"max-video-preview:-1"},"canonical":"https:\/\/mekulo.com\/se\/produkt\/vaxtlada-for-rotning-2-st\/","og_locale":"sv_SE","og_type":"article","og_title":"V\u00e4xtl\u00e5da f\u00f6r rotning (2 st) - Mekulo SE","og_description":"\ud83c\udf31Med den h\u00e4r rotande odlingsl\u00e5dan kan du enkelt f\u00f6r\u00f6ka v\u00e4xter utan att f\u00f6rst kapa grenar. \ud83d\udc69\u200d\ud83c\udf3eIt skapar den perfekta milj\u00f6n f\u00f6r snabb rottillv\u00e4xt, vilket hj\u00e4lper dig att f\u00f6r\u00f6ka v\u00e4xter p\u00e5 kortare tid. \ud83c\udfe1Den h\u00e4r metoden \u00e4r enkel, ren och ger h\u00f6gre framg\u00e5ng \u00e4n traditionell f\u00f6r\u00f6kning.","og_url":"https:\/\/mekulo.com\/se\/produkt\/vaxtlada-for-rotning-2-st\/","og_site_name":"Mekulo SE","article_modified_time":"2026-02-09T15:39:38+00:00","og_image":[{"width":1080,"height":1080,"url":"https:\/\/mekulo.com\/se\/wp-content\/uploads\/sites\/11\/2026\/02\/w3bvulr-1.jpg","type":"image\/jpeg"}],"twitter_card":"summary_large_image","twitter_misc":{"Ber\u00e4knad l\u00e4stid":"2 minuter"},"schema":{"@context":"https:\/\/schema.org","@graph":[{"@type":"WebPage","@id":"https:\/\/mekulo.com\/se\/produkt\/vaxtlada-for-rotning-2-st\/","url":"https:\/\/mekulo.com\/se\/produkt\/vaxtlada-for-rotning-2-st\/","name":"V\u00e4xtl\u00e5da f\u00f6r rotning (2 st) - Mekulo SE","isPartOf":{"@id":"https:\/\/mekulo.com\/se\/#website"},"primaryImageOfPage":{"@id":"https:\/\/mekulo.com\/se\/produkt\/vaxtlada-for-rotning-2-st\/#primaryimage"},"image":{"@id":"https:\/\/mekulo.com\/se\/produkt\/vaxtlada-for-rotning-2-st\/#primaryimage"},"thumbnailUrl":"https:\/\/mekulo.com\/se\/wp-content\/uploads\/sites\/11\/2026\/02\/w3bvulr-1.jpg","datePublished":"2026-02-09T15:39:17+00:00","dateModified":"2026-02-09T15:39:38+00:00","breadcrumb":{"@id":"https:\/\/mekulo.com\/se\/produkt\/vaxtlada-for-rotning-2-st\/#breadcrumb"},"inLanguage":"sv-SE","potentialAction":[{"@type":"ReadAction","target":["https:\/\/mekulo.com\/se\/produkt\/vaxtlada-for-rotning-2-st\/"]}]},{"@type":"ImageObject","inLanguage":"sv-SE","@id":"https:\/\/mekulo.com\/se\/produkt\/vaxtlada-for-rotning-2-st\/#primaryimage","url":"https:\/\/mekulo.com\/se\/wp-content\/uploads\/sites\/11\/2026\/02\/w3bvulr-1.jpg","contentUrl":"https:\/\/mekulo.com\/se\/wp-content\/uploads\/sites\/11\/2026\/02\/w3bvulr-1.jpg","width":1080,"height":1080},{"@type":"BreadcrumbList","@id":"https:\/\/mekulo.com\/se\/produkt\/vaxtlada-for-rotning-2-st\/#breadcrumb","itemListElement":[{"@type":"ListItem","position":1,"name":"Home","item":"https:\/\/mekulo.com\/se\/"},{"@type":"ListItem","position":2,"name":"Butik","item":"https:\/\/mekulo.com\/se\/butik\/"},{"@type":"ListItem","position":3,"name":"V\u00e4xtl\u00e5da f\u00f6r rotning (2 st)"}]},{"@type":"WebSite","@id":"https:\/\/mekulo.com\/se\/#website","url":"https:\/\/mekulo.com\/se\/","name":"Mekulo SE","description":"","publisher":{"@id":"https:\/\/mekulo.com\/se\/#organization"},"potentialAction":[{"@type":"SearchAction","target":{"@type":"EntryPoint","urlTemplate":"https:\/\/mekulo.com\/se\/?s={search_term_string}"},"query-input":{"@type":"PropertyValueSpecification","valueRequired":true,"valueName":"search_term_string"}}],"inLanguage":"sv-SE"},{"@type":"Organization","@id":"https:\/\/mekulo.com\/se\/#organization","name":"Mekulo","url":"https:\/\/mekulo.com\/se\/","logo":{"@type":"ImageObject","inLanguage":"sv-SE","@id":"https:\/\/mekulo.com\/se\/#\/schema\/logo\/image\/","url":"https:\/\/mekulo.com\/se\/wp-content\/uploads\/sites\/11\/2025\/12\/favicon_mekulo.png","contentUrl":"https:\/\/mekulo.com\/se\/wp-content\/uploads\/sites\/11\/2025\/12\/favicon_mekulo.png","width":50,"height":50,"caption":"Mekulo"},"image":{"@id":"https:\/\/mekulo.com\/se\/#\/schema\/logo\/image\/"}}]}},"_links":{"self":[{"href":"https:\/\/mekulo.com\/se\/wp-json\/wp\/v2\/product\/22504","targetHints":{"allow":["GET"]}}],"collection":[{"href":"https:\/\/mekulo.com\/se\/wp-json\/wp\/v2\/product"}],"about":[{"href":"https:\/\/mekulo.com\/se\/wp-json\/wp\/v2\/types\/product"}],"replies":[{"embeddable":true,"href":"https:\/\/mekulo.com\/se\/wp-json\/wp\/v2\/comments?post=22504"}],"wp:featuredmedia":[{"embeddable":true,"href":"https:\/\/mekulo.com\/se\/wp-json\/wp\/v2\/media\/22500"}],"wp:attachment":[{"href":"https:\/\/mekulo.com\/se\/wp-json\/wp\/v2\/media?parent=22504"}],"wp:term":[{"taxonomy":"product_brand","embeddable":true,"href":"https:\/\/mekulo.com\/se\/wp-json\/wp\/v2\/product_brand?post=22504"},{"taxonomy":"product_cat","embeddable":true,"href":"https:\/\/mekulo.com\/se\/wp-json\/wp\/v2\/product_cat?post=22504"},{"taxonomy":"product_tag","embeddable":true,"href":"https:\/\/mekulo.com\/se\/wp-json\/wp\/v2\/product_tag?post=22504"}],"curies":[{"name":"wp","href":"https:\/\/api.w.org\/{rel}","templated":true}]}}