{"id":22491,"date":"2026-02-09T17:37:09","date_gmt":"2026-02-09T15:37:09","guid":{"rendered":"https:\/\/mekulo.com\/se\/produkt\/3d-hologram-led-projektor\/"},"modified":"2026-03-02T12:26:03","modified_gmt":"2026-03-02T10:26:03","slug":"3d-hologram-led-projektor","status":"publish","type":"product","link":"https:\/\/mekulo.com\/se\/produkt\/3d-hologram-led-projektor\/","title":{"rendered":"3D-hologram LED-projektor"},"content":{"rendered":"<p style=\"text-align: center\" data-start=\"0\" data-end=\"78\"><strong data-start=\"0\" data-end=\"78\">Skapa i\u00f6gonfallande 3D-bilder som ser ut som om de sv\u00e4var i luften. \ud83e\uddf8<\/strong><\/p>\n<p data-start=\"0\" data-end=\"78\"><img fetchpriority=\"high\" decoding=\"async\" class=\"size-full wp-image-23791 aligncenter\" src=\"https:\/\/mekulo.com\/template\/wp-content\/uploads\/sites\/6\/2026\/02\/S0aa04fa459234dc28701d1f086e6268cB.jpg\" alt=\"\" width=\"1080\" height=\"1080\" \/><\/p>\n<h2 style=\"text-align: center\" data-start=\"386\" data-end=\"403\"><strong>Huvudf\u00f6rdelar \ud83e\udd8b<\/strong><\/h2>\n<p data-start=\"406\" data-end=\"463\">\ud83c\udf08 Sv\u00e4vande 3D-bilder &#8211; gr\u00e4nsl\u00f6s hologrameffekt.<\/p>\n<p data-start=\"466\" data-end=\"514\">\ud83d\udca1 224 LED-p\u00e4rlor &#8211; ljusa och skarpa bilder.<\/p>\n<p data-start=\"517\" data-end=\"574\">\ud83d\udcf6 Flera kontrollalternativ &#8211; WiFi, app, fj\u00e4rrkontroll, PC.<\/p>\n<p data-start=\"577\" data-end=\"638\">\ud83c\udf9e\ufe0f St\u00f6d f\u00f6r anpassat inneh\u00e5ll &#8211; videor, bilder, animationer.<\/p>\n<p data-start=\"641\" data-end=\"692\">\ud83d\udd04 Bred betraktningsvinkel &#8211; upp till 176\u00b0 synlighet.<\/p>\n<p data-start=\"641\" data-end=\"692\"><img decoding=\"async\" class=\"size-full wp-image-23796 aligncenter\" src=\"https:\/\/mekulo.com\/template\/wp-content\/uploads\/sites\/6\/2026\/02\/5f684d302c5215ff9ff9621b5e65fd5bb7695bd0.avif\" alt=\"\" \/><\/p>\n<h2 style=\"text-align: center\" data-start=\"694\" data-end=\"708\"><strong>Hur Man Anv\u00e4nder \ud83d\udccc<\/strong><\/h2>\n<ol data-start=\"709\" data-end=\"935\">\n<li data-start=\"709\" data-end=\"768\">\n<p data-start=\"712\" data-end=\"768\">Montera fl\u00e4ktbladen p\u00e5 basen med skruvarna.<\/p>\n<\/li>\n<li data-start=\"769\" data-end=\"817\">\n<p data-start=\"772\" data-end=\"817\">Anslut n\u00e4tadaptern till en str\u00f6mk\u00e4lla.<\/p>\n<\/li>\n<li data-start=\"818\" data-end=\"876\">\n<p data-start=\"821\" data-end=\"876\">Ladda upp bilder eller videor med minneskortet eller appen.<\/p>\n<\/li>\n<li data-start=\"877\" data-end=\"935\">\n<p data-start=\"880\" data-end=\"935\">Styr uppspelningen via WiFi, mobilapp, fj\u00e4rrkontroll eller PC.<\/p>\n<\/li>\n<\/ol>\n<h2 style=\"text-align: center\" data-start=\"937\" data-end=\"956\"><strong>Produktdetaljer \ud83d\udccf<\/strong><\/h2>\n<ul data-start=\"957\" data-end=\"1254\">\n<li data-start=\"957\" data-end=\"983\">\n<p data-start=\"959\" data-end=\"983\">Uppl\u00f6sning: 2000 x 224<\/p>\n<\/li>\n<li data-start=\"984\" data-end=\"1002\">\n<p data-start=\"986\" data-end=\"1002\">LED-p\u00e4rlor: 224<\/p>\n<\/li>\n<li data-start=\"1003\" data-end=\"1025\">\n<p data-start=\"1005\" data-end=\"1025\">Material: ABS + PC<\/p>\n<\/li>\n<li data-start=\"1026\" data-end=\"1040\">\n<p data-start=\"1028\" data-end=\"1040\">Kraft: 15W<\/p>\n<\/li>\n<li data-start=\"1041\" data-end=\"1062\">\n<p data-start=\"1043\" data-end=\"1062\">Vsp\u00e4nning: 100-240V<\/p>\n<\/li>\n<li data-start=\"1063\" data-end=\"1091\">\n<p data-start=\"1065\" data-end=\"1091\">Rotationshastighet: 1250 varv\/min<\/p>\n<\/li>\n<li data-start=\"1092\" data-end=\"1115\">\n<p data-start=\"1094\" data-end=\"1115\">betraktningsvinkel: 176\u00b0<\/p>\n<\/li>\n<li data-start=\"1116\" data-end=\"1161\">\n<p data-start=\"1118\" data-end=\"1161\">Minnesst\u00f6d: Upp till 32GB (4GB ing\u00e5r)<\/p>\n<\/li>\n<li data-start=\"1162\" data-end=\"1196\">\n<p data-start=\"1164\" data-end=\"1196\">Styrning: WiFi, app, fj\u00e4rrkontroll, PC<\/p>\n<\/li>\n<li data-start=\"1197\" data-end=\"1220\">\n<p data-start=\"1199\" data-end=\"1220\">Appnamn: 3D Circle<\/p>\n<\/li>\n<li data-start=\"1221\" data-end=\"1254\">\n<p data-start=\"1223\" data-end=\"1254\">Livsl\u00e4ngd: Upp till 100 000 timmar<\/p>\n<\/li>\n<\/ul>\n<h2 style=\"text-align: center\" data-start=\"1256\" data-end=\"1276\"><strong>Paketet Inneh\u00e5ller \ud83d\udce6<\/strong><\/h2>\n<ul data-start=\"1277\" data-end=\"1433\" data-is-last-node=\"\" data-is-only-node=\"\">\n<li data-start=\"1277\" data-end=\"1289\">\n<p data-start=\"1279\" data-end=\"1289\">1x bas<\/p>\n<\/li>\n<li data-start=\"1290\" data-end=\"1308\">\n<p data-start=\"1292\" data-end=\"1308\">2x fl\u00e4ktblad<\/p>\n<\/li>\n<li data-start=\"1309\" data-end=\"1330\">\n<p data-start=\"1311\" data-end=\"1330\">1x str\u00f6madapter<\/p>\n<\/li>\n<li data-start=\"1331\" data-end=\"1350\">\n<p data-start=\"1333\" data-end=\"1350\">1x skruvmejsel<\/p>\n<\/li>\n<li data-start=\"1351\" data-end=\"1365\">\n<p data-start=\"1353\" data-end=\"1365\">2x skruvar<\/p>\n<\/li>\n<li data-start=\"1366\" data-end=\"1388\">\n<p data-start=\"1368\" data-end=\"1388\">2x gummihylsor<\/p>\n<\/li>\n<li data-start=\"1389\" data-end=\"1408\">\n<p data-start=\"1391\" data-end=\"1408\">1x kortl\u00e4sare<\/p>\n<\/li>\n<li data-start=\"1409\" data-end=\"1433\" data-is-last-node=\"\">\n<p data-start=\"1411\" data-end=\"1433\" data-is-last-node=\"\">1x bruksanvisning.<\/p>\n<\/li>\n<\/ul>\n","protected":false},"excerpt":{"rendered":"<p>\ud83e\udd8bDen h\u00e4r 3D-hologram LED-projektorn visar ljusa, kantl\u00f6sa bilder som f\u00e5ngar uppm\u00e4rksamheten direkt.<br \/>\n\ud83c\udfe0Den \u00e4r perfekt f\u00f6r butiker, evenemang, barer och utst\u00e4llningar d\u00e4r du vill att folk ska stanna upp och titta.<br \/>\n\ud83c\udf38Den h\u00f6guppl\u00f6sta sk\u00e4rmen f\u00f6rblir tydlig \u00e4ven i ljusa milj\u00f6er, vilket g\u00f6r att ditt inneh\u00e5ll sticker ut \u00f6verallt.<\/p>\n","protected":false},"featured_media":22487,"comment_status":"open","ping_status":"closed","template":"","meta":{"site-sidebar-layout":"default","site-content-layout":"","ast-site-content-layout":"default","site-content-style":"default","site-sidebar-style":"default","ast-global-header-display":"","ast-banner-title-visibility":"","ast-main-header-display":"","ast-hfb-above-header-display":"","ast-hfb-below-header-display":"","ast-hfb-mobile-header-display":"","site-post-title":"","ast-breadcrumbs-content":"","ast-featured-img":"","footer-sml-layout":"","theme-transparent-header-meta":"default","adv-header-id-meta":"","stick-header-meta":"","header-above-stick-meta":"","header-main-stick-meta":"","header-below-stick-meta":"","astra-migrate-meta-layouts":"set","ast-page-background-enabled":"default","ast-page-background-meta":{"desktop":{"background-color":"var(--ast-global-color-5)","background-image":"","background-repeat":"repeat","background-position":"center center","background-size":"auto","background-attachment":"scroll","background-type":"","background-media":"","overlay-type":"","overlay-color":"","overlay-opacity":"","overlay-gradient":""},"tablet":{"background-color":"","background-image":"","background-repeat":"repeat","background-position":"center center","background-size":"auto","background-attachment":"scroll","background-type":"","background-media":"","overlay-type":"","overlay-color":"","overlay-opacity":"","overlay-gradient":""},"mobile":{"background-color":"","background-image":"","background-repeat":"repeat","background-position":"center center","background-size":"auto","background-attachment":"scroll","background-type":"","background-media":"","overlay-type":"","overlay-color":"","overlay-opacity":"","overlay-gradient":""}},"ast-content-background-meta":{"desktop":{"background-color":"var(--ast-global-color-4)","background-image":"","background-repeat":"repeat","background-position":"center center","background-size":"auto","background-attachment":"scroll","background-type":"","background-media":"","overlay-type":"","overlay-color":"","overlay-opacity":"","overlay-gradient":""},"tablet":{"background-color":"var(--ast-global-color-4)","background-image":"","background-repeat":"repeat","background-position":"center center","background-size":"auto","background-attachment":"scroll","background-type":"","background-media":"","overlay-type":"","overlay-color":"","overlay-opacity":"","overlay-gradient":""},"mobile":{"background-color":"var(--ast-global-color-4)","background-image":"","background-repeat":"repeat","background-position":"center center","background-size":"auto","background-attachment":"scroll","background-type":"","background-media":"","overlay-type":"","overlay-color":"","overlay-opacity":"","overlay-gradient":""}}},"product_brand":[],"product_cat":[173],"product_tag":[],"class_list":{"0":"post-22491","1":"product","2":"type-product","3":"status-publish","4":"has-post-thumbnail","6":"product_cat-elektronik","7":"desktop-align-left","8":"tablet-align-left","9":"mobile-align-left","11":"first","12":"instock","13":"shipping-taxable","14":"purchasable","15":"product-type-simple"},"yoast_head":"<!-- This site is optimized with the Yoast SEO plugin v26.6 - https:\/\/yoast.com\/wordpress\/plugins\/seo\/ -->\n<title>3D-hologram LED-projektor - Mekulo SE<\/title>\n<meta name=\"robots\" content=\"index, follow, max-snippet:-1, max-image-preview:large, max-video-preview:-1\" \/>\n<link rel=\"canonical\" href=\"https:\/\/mekulo.com\/se\/produkt\/3d-hologram-led-projektor\/\" \/>\n<meta property=\"og:locale\" content=\"sv_SE\" \/>\n<meta property=\"og:type\" content=\"article\" \/>\n<meta property=\"og:title\" content=\"3D-hologram LED-projektor - Mekulo SE\" \/>\n<meta property=\"og:description\" content=\"\ud83e\udd8bDen h\u00e4r 3D-hologram LED-projektorn visar ljusa, kantl\u00f6sa bilder som f\u00e5ngar uppm\u00e4rksamheten direkt. \ud83c\udfe0Den \u00e4r perfekt f\u00f6r butiker, evenemang, barer och utst\u00e4llningar d\u00e4r du vill att folk ska stanna upp och titta. \ud83c\udf38Den h\u00f6guppl\u00f6sta sk\u00e4rmen f\u00f6rblir tydlig \u00e4ven i ljusa milj\u00f6er, vilket g\u00f6r att ditt inneh\u00e5ll sticker ut \u00f6verallt.\" \/>\n<meta property=\"og:url\" content=\"https:\/\/mekulo.com\/se\/produkt\/3d-hologram-led-projektor\/\" \/>\n<meta property=\"og:site_name\" content=\"Mekulo SE\" \/>\n<meta property=\"article:modified_time\" content=\"2026-03-02T10:26:03+00:00\" \/>\n<meta property=\"og:image\" content=\"https:\/\/mekulo.com\/se\/wp-content\/uploads\/sites\/11\/2026\/02\/djdpmnl-1.jpg\" \/>\n\t<meta property=\"og:image:width\" content=\"1080\" \/>\n\t<meta property=\"og:image:height\" content=\"1080\" \/>\n\t<meta property=\"og:image:type\" content=\"image\/jpeg\" \/>\n<meta name=\"twitter:card\" content=\"summary_large_image\" \/>\n<meta name=\"twitter:label1\" content=\"Ber\u00e4knad l\u00e4stid\" \/>\n\t<meta name=\"twitter:data1\" content=\"2 minuter\" \/>\n<script type=\"application\/ld+json\" class=\"yoast-schema-graph\">{\"@context\":\"https:\/\/schema.org\",\"@graph\":[{\"@type\":\"WebPage\",\"@id\":\"https:\/\/mekulo.com\/se\/produkt\/3d-hologram-led-projektor\/\",\"url\":\"https:\/\/mekulo.com\/se\/produkt\/3d-hologram-led-projektor\/\",\"name\":\"3D-hologram LED-projektor - Mekulo SE\",\"isPartOf\":{\"@id\":\"https:\/\/mekulo.com\/se\/#website\"},\"primaryImageOfPage\":{\"@id\":\"https:\/\/mekulo.com\/se\/produkt\/3d-hologram-led-projektor\/#primaryimage\"},\"image\":{\"@id\":\"https:\/\/mekulo.com\/se\/produkt\/3d-hologram-led-projektor\/#primaryimage\"},\"thumbnailUrl\":\"https:\/\/mekulo.com\/se\/wp-content\/uploads\/sites\/11\/2026\/02\/djdpmnl-1.jpg\",\"datePublished\":\"2026-02-09T15:37:09+00:00\",\"dateModified\":\"2026-03-02T10:26:03+00:00\",\"breadcrumb\":{\"@id\":\"https:\/\/mekulo.com\/se\/produkt\/3d-hologram-led-projektor\/#breadcrumb\"},\"inLanguage\":\"sv-SE\",\"potentialAction\":[{\"@type\":\"ReadAction\",\"target\":[\"https:\/\/mekulo.com\/se\/produkt\/3d-hologram-led-projektor\/\"]}]},{\"@type\":\"ImageObject\",\"inLanguage\":\"sv-SE\",\"@id\":\"https:\/\/mekulo.com\/se\/produkt\/3d-hologram-led-projektor\/#primaryimage\",\"url\":\"https:\/\/mekulo.com\/se\/wp-content\/uploads\/sites\/11\/2026\/02\/djdpmnl-1.jpg\",\"contentUrl\":\"https:\/\/mekulo.com\/se\/wp-content\/uploads\/sites\/11\/2026\/02\/djdpmnl-1.jpg\",\"width\":1080,\"height\":1080},{\"@type\":\"BreadcrumbList\",\"@id\":\"https:\/\/mekulo.com\/se\/produkt\/3d-hologram-led-projektor\/#breadcrumb\",\"itemListElement\":[{\"@type\":\"ListItem\",\"position\":1,\"name\":\"Home\",\"item\":\"https:\/\/mekulo.com\/se\/\"},{\"@type\":\"ListItem\",\"position\":2,\"name\":\"Butik\",\"item\":\"https:\/\/mekulo.com\/se\/butik\/\"},{\"@type\":\"ListItem\",\"position\":3,\"name\":\"3D-hologram LED-projektor\"}]},{\"@type\":\"WebSite\",\"@id\":\"https:\/\/mekulo.com\/se\/#website\",\"url\":\"https:\/\/mekulo.com\/se\/\",\"name\":\"Mekulo SE\",\"description\":\"\",\"publisher\":{\"@id\":\"https:\/\/mekulo.com\/se\/#organization\"},\"potentialAction\":[{\"@type\":\"SearchAction\",\"target\":{\"@type\":\"EntryPoint\",\"urlTemplate\":\"https:\/\/mekulo.com\/se\/?s={search_term_string}\"},\"query-input\":{\"@type\":\"PropertyValueSpecification\",\"valueRequired\":true,\"valueName\":\"search_term_string\"}}],\"inLanguage\":\"sv-SE\"},{\"@type\":\"Organization\",\"@id\":\"https:\/\/mekulo.com\/se\/#organization\",\"name\":\"Mekulo\",\"url\":\"https:\/\/mekulo.com\/se\/\",\"logo\":{\"@type\":\"ImageObject\",\"inLanguage\":\"sv-SE\",\"@id\":\"https:\/\/mekulo.com\/se\/#\/schema\/logo\/image\/\",\"url\":\"https:\/\/mekulo.com\/se\/wp-content\/uploads\/sites\/11\/2025\/12\/favicon_mekulo.png\",\"contentUrl\":\"https:\/\/mekulo.com\/se\/wp-content\/uploads\/sites\/11\/2025\/12\/favicon_mekulo.png\",\"width\":50,\"height\":50,\"caption\":\"Mekulo\"},\"image\":{\"@id\":\"https:\/\/mekulo.com\/se\/#\/schema\/logo\/image\/\"}}]}<\/script>\n<!-- \/ Yoast SEO plugin. -->","yoast_head_json":{"title":"3D-hologram LED-projektor - Mekulo SE","robots":{"index":"index","follow":"follow","max-snippet":"max-snippet:-1","max-image-preview":"max-image-preview:large","max-video-preview":"max-video-preview:-1"},"canonical":"https:\/\/mekulo.com\/se\/produkt\/3d-hologram-led-projektor\/","og_locale":"sv_SE","og_type":"article","og_title":"3D-hologram LED-projektor - Mekulo SE","og_description":"\ud83e\udd8bDen h\u00e4r 3D-hologram LED-projektorn visar ljusa, kantl\u00f6sa bilder som f\u00e5ngar uppm\u00e4rksamheten direkt. \ud83c\udfe0Den \u00e4r perfekt f\u00f6r butiker, evenemang, barer och utst\u00e4llningar d\u00e4r du vill att folk ska stanna upp och titta. \ud83c\udf38Den h\u00f6guppl\u00f6sta sk\u00e4rmen f\u00f6rblir tydlig \u00e4ven i ljusa milj\u00f6er, vilket g\u00f6r att ditt inneh\u00e5ll sticker ut \u00f6verallt.","og_url":"https:\/\/mekulo.com\/se\/produkt\/3d-hologram-led-projektor\/","og_site_name":"Mekulo SE","article_modified_time":"2026-03-02T10:26:03+00:00","og_image":[{"width":1080,"height":1080,"url":"https:\/\/mekulo.com\/se\/wp-content\/uploads\/sites\/11\/2026\/02\/djdpmnl-1.jpg","type":"image\/jpeg"}],"twitter_card":"summary_large_image","twitter_misc":{"Ber\u00e4knad l\u00e4stid":"2 minuter"},"schema":{"@context":"https:\/\/schema.org","@graph":[{"@type":"WebPage","@id":"https:\/\/mekulo.com\/se\/produkt\/3d-hologram-led-projektor\/","url":"https:\/\/mekulo.com\/se\/produkt\/3d-hologram-led-projektor\/","name":"3D-hologram LED-projektor - Mekulo SE","isPartOf":{"@id":"https:\/\/mekulo.com\/se\/#website"},"primaryImageOfPage":{"@id":"https:\/\/mekulo.com\/se\/produkt\/3d-hologram-led-projektor\/#primaryimage"},"image":{"@id":"https:\/\/mekulo.com\/se\/produkt\/3d-hologram-led-projektor\/#primaryimage"},"thumbnailUrl":"https:\/\/mekulo.com\/se\/wp-content\/uploads\/sites\/11\/2026\/02\/djdpmnl-1.jpg","datePublished":"2026-02-09T15:37:09+00:00","dateModified":"2026-03-02T10:26:03+00:00","breadcrumb":{"@id":"https:\/\/mekulo.com\/se\/produkt\/3d-hologram-led-projektor\/#breadcrumb"},"inLanguage":"sv-SE","potentialAction":[{"@type":"ReadAction","target":["https:\/\/mekulo.com\/se\/produkt\/3d-hologram-led-projektor\/"]}]},{"@type":"ImageObject","inLanguage":"sv-SE","@id":"https:\/\/mekulo.com\/se\/produkt\/3d-hologram-led-projektor\/#primaryimage","url":"https:\/\/mekulo.com\/se\/wp-content\/uploads\/sites\/11\/2026\/02\/djdpmnl-1.jpg","contentUrl":"https:\/\/mekulo.com\/se\/wp-content\/uploads\/sites\/11\/2026\/02\/djdpmnl-1.jpg","width":1080,"height":1080},{"@type":"BreadcrumbList","@id":"https:\/\/mekulo.com\/se\/produkt\/3d-hologram-led-projektor\/#breadcrumb","itemListElement":[{"@type":"ListItem","position":1,"name":"Home","item":"https:\/\/mekulo.com\/se\/"},{"@type":"ListItem","position":2,"name":"Butik","item":"https:\/\/mekulo.com\/se\/butik\/"},{"@type":"ListItem","position":3,"name":"3D-hologram LED-projektor"}]},{"@type":"WebSite","@id":"https:\/\/mekulo.com\/se\/#website","url":"https:\/\/mekulo.com\/se\/","name":"Mekulo SE","description":"","publisher":{"@id":"https:\/\/mekulo.com\/se\/#organization"},"potentialAction":[{"@type":"SearchAction","target":{"@type":"EntryPoint","urlTemplate":"https:\/\/mekulo.com\/se\/?s={search_term_string}"},"query-input":{"@type":"PropertyValueSpecification","valueRequired":true,"valueName":"search_term_string"}}],"inLanguage":"sv-SE"},{"@type":"Organization","@id":"https:\/\/mekulo.com\/se\/#organization","name":"Mekulo","url":"https:\/\/mekulo.com\/se\/","logo":{"@type":"ImageObject","inLanguage":"sv-SE","@id":"https:\/\/mekulo.com\/se\/#\/schema\/logo\/image\/","url":"https:\/\/mekulo.com\/se\/wp-content\/uploads\/sites\/11\/2025\/12\/favicon_mekulo.png","contentUrl":"https:\/\/mekulo.com\/se\/wp-content\/uploads\/sites\/11\/2025\/12\/favicon_mekulo.png","width":50,"height":50,"caption":"Mekulo"},"image":{"@id":"https:\/\/mekulo.com\/se\/#\/schema\/logo\/image\/"}}]}},"_links":{"self":[{"href":"https:\/\/mekulo.com\/se\/wp-json\/wp\/v2\/product\/22491","targetHints":{"allow":["GET"]}}],"collection":[{"href":"https:\/\/mekulo.com\/se\/wp-json\/wp\/v2\/product"}],"about":[{"href":"https:\/\/mekulo.com\/se\/wp-json\/wp\/v2\/types\/product"}],"replies":[{"embeddable":true,"href":"https:\/\/mekulo.com\/se\/wp-json\/wp\/v2\/comments?post=22491"}],"wp:featuredmedia":[{"embeddable":true,"href":"https:\/\/mekulo.com\/se\/wp-json\/wp\/v2\/media\/22487"}],"wp:attachment":[{"href":"https:\/\/mekulo.com\/se\/wp-json\/wp\/v2\/media?parent=22491"}],"wp:term":[{"taxonomy":"product_brand","embeddable":true,"href":"https:\/\/mekulo.com\/se\/wp-json\/wp\/v2\/product_brand?post=22491"},{"taxonomy":"product_cat","embeddable":true,"href":"https:\/\/mekulo.com\/se\/wp-json\/wp\/v2\/product_cat?post=22491"},{"taxonomy":"product_tag","embeddable":true,"href":"https:\/\/mekulo.com\/se\/wp-json\/wp\/v2\/product_tag?post=22491"}],"curies":[{"name":"wp","href":"https:\/\/api.w.org\/{rel}","templated":true}]}}