{"id":22473,"date":"2026-02-09T17:35:27","date_gmt":"2026-02-09T15:35:27","guid":{"rendered":"https:\/\/mekulo.com\/se\/produkt\/mini-mopp\/"},"modified":"2026-02-09T17:35:40","modified_gmt":"2026-02-09T15:35:40","slug":"mini-mopp","status":"publish","type":"product","link":"https:\/\/mekulo.com\/se\/produkt\/mini-mopp\/","title":{"rendered":"Mini mopp"},"content":{"rendered":"<div class=\"flex flex-col text-sm pb-25\">\n<article class=\"text-token-text-primary w-full focus:outline-none [--shadow-height:45px] has-data-writing-block:pointer-events-none has-data-writing-block:-mt-(--shadow-height) has-data-writing-block:pt-(--shadow-height) [&amp;:has([data-writing-block])&gt;*]:pointer-events-auto scroll-mt-[calc(var(--header-height)+min(200px,max(70px,20svh)))]\" dir=\"auto\" data-turn-id=\"request-69788f7d-d97c-832a-a512-ce7bdd364928-5\" data-testid=\"conversation-turn-168\" data-scroll-anchor=\"true\" data-turn=\"assistant\">\n<div class=\"text-base my-auto mx-auto pb-10 [--thread-content-margin:--spacing(4)] @w-sm\/main:[--thread-content-margin:--spacing(6)] @w-lg\/main:[--thread-content-margin:--spacing(16)] px-(--thread-content-margin)\">\n<div class=\"[--thread-content-max-width:40rem] @w-lg\/main:[--thread-content-max-width:48rem] mx-auto max-w-(--thread-content-max-width) flex-1 group\/turn-messages focus-visible:outline-hidden relative flex w-full min-w-0 flex-col agent-turn\">\n<div class=\"flex max-w-full flex-col grow\">\n<div class=\"min-h-8 text-message relative flex w-full flex-col items-end gap-2 text-start break-words whitespace-normal [.text-message+&amp;]:mt-1\" dir=\"auto\" data-message-author-role=\"assistant\" data-message-id=\"9ab67f4d-248d-4d52-ae53-952159846b19\" data-message-model-slug=\"gpt-5-2\">\n<div class=\"flex w-full flex-col gap-1 empty:hidden first:pt-[1px]\">\n<div class=\"markdown prose dark:prose-invert w-full wrap-break-word light markdown-new-styling\">\n<p style=\"text-align: center\" data-start=\"0\" data-end=\"64\"><strong data-start=\"0\" data-end=\"64\">St\u00e4da Sm\u00e5 Utrymmen Snabbt Med En Kompakt, Handsfree Minimopp. \ud83e\uddfc<\/strong><\/p>\n<p data-start=\"0\" data-end=\"64\"><img fetchpriority=\"high\" decoding=\"async\" class=\"size-full wp-image-23780 aligncenter\" src=\"https:\/\/mekulo.com\/template\/wp-content\/uploads\/sites\/6\/2026\/02\/Sf49b070f5e844ab2b609a7efdbb7512d1.jpg_960x960q75.jpg_.avif\" alt=\"\" width=\"800\" height=\"800\" \/><\/p>\n<h2 style=\"text-align: center\" data-start=\"318\" data-end=\"335\">Huvudf\u00f6rdelar \ud83e\uddfc<\/h2>\n<p data-start=\"338\" data-end=\"407\">\ud83e\uddfc Handsfree byte av trasa &#8211; push-pull-handtag h\u00e5ller h\u00e4nderna rena.<\/p>\n<p data-start=\"410\" data-end=\"472\">\ud83d\udd04 360\u00b0 roterande huvud &#8211; n\u00e5r enkelt h\u00f6rn och kanter.<\/p>\n<p data-start=\"475\" data-end=\"529\">\u267b\ufe0f \u00c5teranv\u00e4ndbara trasor eller eng\u00e5ngsdukar &#8211; minskar avfallet.<\/p>\n<p data-start=\"532\" data-end=\"598\">\ud83e\uddf1 Reng\u00f6ring av flera ytor &#8211; golv, v\u00e4ggar, speglar, sk\u00e5p.<\/p>\n<p data-start=\"601\" data-end=\"662\">\ud83d\udce6 Utrymmesbesparande f\u00f6rvaring &#8211; v\u00e4ggmonterad och snabbtorkande.<\/p>\n<p data-start=\"601\" data-end=\"662\"><img decoding=\"async\" class=\"size-full wp-image-23781 aligncenter\" src=\"https:\/\/mekulo.com\/template\/wp-content\/uploads\/sites\/6\/2026\/02\/S2ce9015d9f6b485b8de8306b658bf0cdc.jpg_960x960q75.jpg_.avif\" alt=\"\" width=\"800\" height=\"800\" \/><\/p>\n<h2 style=\"text-align: center\" data-start=\"664\" data-end=\"678\">Anv\u00e4ndning \ud83d\udccc<\/h2>\n<ol data-start=\"679\" data-end=\"887\">\n<li data-start=\"679\" data-end=\"735\">\n<p data-start=\"682\" data-end=\"735\">F\u00e4st en handduk eller eng\u00e5ngsduk p\u00e5 mopphuvudet.<\/p>\n<\/li>\n<li data-start=\"736\" data-end=\"782\">\n<p data-start=\"739\" data-end=\"782\">Tryck ner handtaget f\u00f6r att f\u00e4sta duken.<\/p>\n<\/li>\n<li data-start=\"783\" data-end=\"827\">\n<p data-start=\"786\" data-end=\"827\">Reng\u00f6r ytan med l\u00e4tt tryck.<\/p>\n<\/li>\n<li data-start=\"828\" data-end=\"887\">\n<p data-start=\"831\" data-end=\"887\">Tryck p\u00e5 handtaget igen f\u00f6r att lossa och ta bort duken.<\/p>\n<\/li>\n<\/ol>\n<h2 style=\"text-align: center\" data-start=\"889\" data-end=\"908\">Produktdetaljer \ud83d\udccf<\/h2>\n<ul data-start=\"909\" data-end=\"1092\">\n<li data-start=\"909\" data-end=\"953\">\n<p data-start=\"911\" data-end=\"953\">Material: PP + stav i rostfritt st\u00e5l + ABS<\/p>\n<\/li>\n<li data-start=\"909\" data-end=\"953\">\n<p data-start=\"911\" data-end=\"953\">Storlekar: 16 x 8 x 71 cm, 16 x 8 x 92 cm<\/p>\n<\/li>\n<li data-start=\"909\" data-end=\"953\">\n<p data-start=\"911\" data-end=\"953\">Vikt: 195 g \/ 280 g<\/p>\n<\/li>\n<li data-start=\"1012\" data-end=\"1040\">\n<p data-start=\"1014\" data-end=\"1040\">Mopphuvud: 360\u00b0 roterbart<\/p>\n<\/li>\n<li data-start=\"1041\" data-end=\"1092\">\n<p data-start=\"1043\" data-end=\"1092\">Anv\u00e4ndningsomr\u00e5de: Golv, v\u00e4ggar, speglar, k\u00f6k, sk\u00e5p<\/p>\n<\/li>\n<\/ul>\n<h2 style=\"text-align: center\" data-start=\"1094\" data-end=\"1114\">Paketet Inneh\u00e5ller \ud83d\udce6<\/h2>\n<ul data-start=\"1115\" data-end=\"1152\" data-is-last-node=\"\" data-is-only-node=\"\">\n<li data-start=\"1115\" data-end=\"1152\" data-is-last-node=\"\">\n<p data-start=\"1117\" data-end=\"1152\" data-is-last-node=\"\">1x minimopp.<\/p>\n<\/li>\n<\/ul>\n<\/div>\n<\/div>\n<\/div>\n<\/div>\n<\/div>\n<\/div>\n<\/article>\n<\/div>\n","protected":false},"excerpt":{"rendered":"<p>\ud83e\ude9eDen h\u00e4r minimoppen hj\u00e4lper dig att reng\u00f6ra golv, v\u00e4ggar, speglar och sk\u00e5p utan att sl\u00f6sa pappershanddukar.<br \/>\n\ud83e\udee7Den anv\u00e4nder \u00e5teranv\u00e4ndbara eller eng\u00e5ngsdukar och h\u00e5ller dina h\u00e4nder rena under anv\u00e4ndning.<br \/>\n\ud83c\udfe0Den \u00e4r perfekt f\u00f6r snabb daglig reng\u00f6ring i tr\u00e5nga och sv\u00e5r\u00e5tkomliga omr\u00e5den.<\/p>\n","protected":false},"featured_media":22469,"comment_status":"open","ping_status":"closed","template":"","meta":{"site-sidebar-layout":"default","site-content-layout":"","ast-site-content-layout":"default","site-content-style":"default","site-sidebar-style":"default","ast-global-header-display":"","ast-banner-title-visibility":"","ast-main-header-display":"","ast-hfb-above-header-display":"","ast-hfb-below-header-display":"","ast-hfb-mobile-header-display":"","site-post-title":"","ast-breadcrumbs-content":"","ast-featured-img":"","footer-sml-layout":"","theme-transparent-header-meta":"default","adv-header-id-meta":"","stick-header-meta":"","header-above-stick-meta":"","header-main-stick-meta":"","header-below-stick-meta":"","astra-migrate-meta-layouts":"set","ast-page-background-enabled":"default","ast-page-background-meta":{"desktop":{"background-color":"var(--ast-global-color-5)","background-image":"","background-repeat":"repeat","background-position":"center center","background-size":"auto","background-attachment":"scroll","background-type":"","background-media":"","overlay-type":"","overlay-color":"","overlay-opacity":"","overlay-gradient":""},"tablet":{"background-color":"","background-image":"","background-repeat":"repeat","background-position":"center center","background-size":"auto","background-attachment":"scroll","background-type":"","background-media":"","overlay-type":"","overlay-color":"","overlay-opacity":"","overlay-gradient":""},"mobile":{"background-color":"","background-image":"","background-repeat":"repeat","background-position":"center center","background-size":"auto","background-attachment":"scroll","background-type":"","background-media":"","overlay-type":"","overlay-color":"","overlay-opacity":"","overlay-gradient":""}},"ast-content-background-meta":{"desktop":{"background-color":"var(--ast-global-color-4)","background-image":"","background-repeat":"repeat","background-position":"center center","background-size":"auto","background-attachment":"scroll","background-type":"","background-media":"","overlay-type":"","overlay-color":"","overlay-opacity":"","overlay-gradient":""},"tablet":{"background-color":"var(--ast-global-color-4)","background-image":"","background-repeat":"repeat","background-position":"center center","background-size":"auto","background-attachment":"scroll","background-type":"","background-media":"","overlay-type":"","overlay-color":"","overlay-opacity":"","overlay-gradient":""},"mobile":{"background-color":"var(--ast-global-color-4)","background-image":"","background-repeat":"repeat","background-position":"center center","background-size":"auto","background-attachment":"scroll","background-type":"","background-media":"","overlay-type":"","overlay-color":"","overlay-opacity":"","overlay-gradient":""}}},"product_brand":[],"product_cat":[168],"product_tag":[],"class_list":{"0":"post-22473","1":"product","2":"type-product","3":"status-publish","4":"has-post-thumbnail","6":"product_cat-hushallsartiklar","7":"pa_55554_si8jng6c-lila","8":"pa_55554_si8jng6c-vit","9":"pa_55554_zy6y434i-16-x-8-x-71-cm","10":"pa_55554_zy6y434i-16-x-8-x-92-cm","11":"desktop-align-left","12":"tablet-align-left","13":"mobile-align-left","15":"first","16":"instock","17":"shipping-taxable","18":"purchasable","19":"product-type-variable","20":"has-default-attributes"},"yoast_head":"<!-- This site is optimized with the Yoast SEO plugin v26.6 - https:\/\/yoast.com\/wordpress\/plugins\/seo\/ -->\n<title>Mini mopp - Mekulo SE<\/title>\n<meta name=\"robots\" content=\"index, follow, max-snippet:-1, max-image-preview:large, max-video-preview:-1\" \/>\n<link rel=\"canonical\" href=\"https:\/\/mekulo.com\/se\/produkt\/mini-mopp\/\" \/>\n<meta property=\"og:locale\" content=\"sv_SE\" \/>\n<meta property=\"og:type\" content=\"article\" \/>\n<meta property=\"og:title\" content=\"Mini mopp - Mekulo SE\" \/>\n<meta property=\"og:description\" content=\"\ud83e\ude9eDen h\u00e4r minimoppen hj\u00e4lper dig att reng\u00f6ra golv, v\u00e4ggar, speglar och sk\u00e5p utan att sl\u00f6sa pappershanddukar. \ud83e\udee7Den anv\u00e4nder \u00e5teranv\u00e4ndbara eller eng\u00e5ngsdukar och h\u00e5ller dina h\u00e4nder rena under anv\u00e4ndning. \ud83c\udfe0Den \u00e4r perfekt f\u00f6r snabb daglig reng\u00f6ring i tr\u00e5nga och sv\u00e5r\u00e5tkomliga omr\u00e5den.\" \/>\n<meta property=\"og:url\" content=\"https:\/\/mekulo.com\/se\/produkt\/mini-mopp\/\" \/>\n<meta property=\"og:site_name\" content=\"Mekulo SE\" \/>\n<meta property=\"article:modified_time\" content=\"2026-02-09T15:35:40+00:00\" \/>\n<meta property=\"og:image\" content=\"https:\/\/mekulo.com\/se\/wp-content\/uploads\/sites\/11\/2026\/02\/n0ndtpk-1.jpg\" \/>\n\t<meta property=\"og:image:width\" content=\"800\" \/>\n\t<meta property=\"og:image:height\" content=\"800\" \/>\n\t<meta property=\"og:image:type\" content=\"image\/jpeg\" \/>\n<meta name=\"twitter:card\" content=\"summary_large_image\" \/>\n<meta name=\"twitter:label1\" content=\"Ber\u00e4knad l\u00e4stid\" \/>\n\t<meta name=\"twitter:data1\" content=\"2 minuter\" \/>\n<script type=\"application\/ld+json\" class=\"yoast-schema-graph\">{\"@context\":\"https:\/\/schema.org\",\"@graph\":[{\"@type\":\"WebPage\",\"@id\":\"https:\/\/mekulo.com\/se\/produkt\/mini-mopp\/\",\"url\":\"https:\/\/mekulo.com\/se\/produkt\/mini-mopp\/\",\"name\":\"Mini mopp - Mekulo SE\",\"isPartOf\":{\"@id\":\"https:\/\/mekulo.com\/se\/#website\"},\"primaryImageOfPage\":{\"@id\":\"https:\/\/mekulo.com\/se\/produkt\/mini-mopp\/#primaryimage\"},\"image\":{\"@id\":\"https:\/\/mekulo.com\/se\/produkt\/mini-mopp\/#primaryimage\"},\"thumbnailUrl\":\"https:\/\/mekulo.com\/se\/wp-content\/uploads\/sites\/11\/2026\/02\/n0ndtpk-1.jpg\",\"datePublished\":\"2026-02-09T15:35:27+00:00\",\"dateModified\":\"2026-02-09T15:35:40+00:00\",\"breadcrumb\":{\"@id\":\"https:\/\/mekulo.com\/se\/produkt\/mini-mopp\/#breadcrumb\"},\"inLanguage\":\"sv-SE\",\"potentialAction\":[{\"@type\":\"ReadAction\",\"target\":[\"https:\/\/mekulo.com\/se\/produkt\/mini-mopp\/\"]}]},{\"@type\":\"ImageObject\",\"inLanguage\":\"sv-SE\",\"@id\":\"https:\/\/mekulo.com\/se\/produkt\/mini-mopp\/#primaryimage\",\"url\":\"https:\/\/mekulo.com\/se\/wp-content\/uploads\/sites\/11\/2026\/02\/n0ndtpk-1.jpg\",\"contentUrl\":\"https:\/\/mekulo.com\/se\/wp-content\/uploads\/sites\/11\/2026\/02\/n0ndtpk-1.jpg\",\"width\":800,\"height\":800},{\"@type\":\"BreadcrumbList\",\"@id\":\"https:\/\/mekulo.com\/se\/produkt\/mini-mopp\/#breadcrumb\",\"itemListElement\":[{\"@type\":\"ListItem\",\"position\":1,\"name\":\"Home\",\"item\":\"https:\/\/mekulo.com\/se\/\"},{\"@type\":\"ListItem\",\"position\":2,\"name\":\"Butik\",\"item\":\"https:\/\/mekulo.com\/se\/butik\/\"},{\"@type\":\"ListItem\",\"position\":3,\"name\":\"Mini mopp\"}]},{\"@type\":\"WebSite\",\"@id\":\"https:\/\/mekulo.com\/se\/#website\",\"url\":\"https:\/\/mekulo.com\/se\/\",\"name\":\"Mekulo SE\",\"description\":\"\",\"publisher\":{\"@id\":\"https:\/\/mekulo.com\/se\/#organization\"},\"potentialAction\":[{\"@type\":\"SearchAction\",\"target\":{\"@type\":\"EntryPoint\",\"urlTemplate\":\"https:\/\/mekulo.com\/se\/?s={search_term_string}\"},\"query-input\":{\"@type\":\"PropertyValueSpecification\",\"valueRequired\":true,\"valueName\":\"search_term_string\"}}],\"inLanguage\":\"sv-SE\"},{\"@type\":\"Organization\",\"@id\":\"https:\/\/mekulo.com\/se\/#organization\",\"name\":\"Mekulo\",\"url\":\"https:\/\/mekulo.com\/se\/\",\"logo\":{\"@type\":\"ImageObject\",\"inLanguage\":\"sv-SE\",\"@id\":\"https:\/\/mekulo.com\/se\/#\/schema\/logo\/image\/\",\"url\":\"https:\/\/mekulo.com\/se\/wp-content\/uploads\/sites\/11\/2025\/12\/favicon_mekulo.png\",\"contentUrl\":\"https:\/\/mekulo.com\/se\/wp-content\/uploads\/sites\/11\/2025\/12\/favicon_mekulo.png\",\"width\":50,\"height\":50,\"caption\":\"Mekulo\"},\"image\":{\"@id\":\"https:\/\/mekulo.com\/se\/#\/schema\/logo\/image\/\"}}]}<\/script>\n<!-- \/ Yoast SEO plugin. -->","yoast_head_json":{"title":"Mini mopp - Mekulo SE","robots":{"index":"index","follow":"follow","max-snippet":"max-snippet:-1","max-image-preview":"max-image-preview:large","max-video-preview":"max-video-preview:-1"},"canonical":"https:\/\/mekulo.com\/se\/produkt\/mini-mopp\/","og_locale":"sv_SE","og_type":"article","og_title":"Mini mopp - Mekulo SE","og_description":"\ud83e\ude9eDen h\u00e4r minimoppen hj\u00e4lper dig att reng\u00f6ra golv, v\u00e4ggar, speglar och sk\u00e5p utan att sl\u00f6sa pappershanddukar. \ud83e\udee7Den anv\u00e4nder \u00e5teranv\u00e4ndbara eller eng\u00e5ngsdukar och h\u00e5ller dina h\u00e4nder rena under anv\u00e4ndning. \ud83c\udfe0Den \u00e4r perfekt f\u00f6r snabb daglig reng\u00f6ring i tr\u00e5nga och sv\u00e5r\u00e5tkomliga omr\u00e5den.","og_url":"https:\/\/mekulo.com\/se\/produkt\/mini-mopp\/","og_site_name":"Mekulo SE","article_modified_time":"2026-02-09T15:35:40+00:00","og_image":[{"width":800,"height":800,"url":"https:\/\/mekulo.com\/se\/wp-content\/uploads\/sites\/11\/2026\/02\/n0ndtpk-1.jpg","type":"image\/jpeg"}],"twitter_card":"summary_large_image","twitter_misc":{"Ber\u00e4knad l\u00e4stid":"2 minuter"},"schema":{"@context":"https:\/\/schema.org","@graph":[{"@type":"WebPage","@id":"https:\/\/mekulo.com\/se\/produkt\/mini-mopp\/","url":"https:\/\/mekulo.com\/se\/produkt\/mini-mopp\/","name":"Mini mopp - Mekulo SE","isPartOf":{"@id":"https:\/\/mekulo.com\/se\/#website"},"primaryImageOfPage":{"@id":"https:\/\/mekulo.com\/se\/produkt\/mini-mopp\/#primaryimage"},"image":{"@id":"https:\/\/mekulo.com\/se\/produkt\/mini-mopp\/#primaryimage"},"thumbnailUrl":"https:\/\/mekulo.com\/se\/wp-content\/uploads\/sites\/11\/2026\/02\/n0ndtpk-1.jpg","datePublished":"2026-02-09T15:35:27+00:00","dateModified":"2026-02-09T15:35:40+00:00","breadcrumb":{"@id":"https:\/\/mekulo.com\/se\/produkt\/mini-mopp\/#breadcrumb"},"inLanguage":"sv-SE","potentialAction":[{"@type":"ReadAction","target":["https:\/\/mekulo.com\/se\/produkt\/mini-mopp\/"]}]},{"@type":"ImageObject","inLanguage":"sv-SE","@id":"https:\/\/mekulo.com\/se\/produkt\/mini-mopp\/#primaryimage","url":"https:\/\/mekulo.com\/se\/wp-content\/uploads\/sites\/11\/2026\/02\/n0ndtpk-1.jpg","contentUrl":"https:\/\/mekulo.com\/se\/wp-content\/uploads\/sites\/11\/2026\/02\/n0ndtpk-1.jpg","width":800,"height":800},{"@type":"BreadcrumbList","@id":"https:\/\/mekulo.com\/se\/produkt\/mini-mopp\/#breadcrumb","itemListElement":[{"@type":"ListItem","position":1,"name":"Home","item":"https:\/\/mekulo.com\/se\/"},{"@type":"ListItem","position":2,"name":"Butik","item":"https:\/\/mekulo.com\/se\/butik\/"},{"@type":"ListItem","position":3,"name":"Mini mopp"}]},{"@type":"WebSite","@id":"https:\/\/mekulo.com\/se\/#website","url":"https:\/\/mekulo.com\/se\/","name":"Mekulo SE","description":"","publisher":{"@id":"https:\/\/mekulo.com\/se\/#organization"},"potentialAction":[{"@type":"SearchAction","target":{"@type":"EntryPoint","urlTemplate":"https:\/\/mekulo.com\/se\/?s={search_term_string}"},"query-input":{"@type":"PropertyValueSpecification","valueRequired":true,"valueName":"search_term_string"}}],"inLanguage":"sv-SE"},{"@type":"Organization","@id":"https:\/\/mekulo.com\/se\/#organization","name":"Mekulo","url":"https:\/\/mekulo.com\/se\/","logo":{"@type":"ImageObject","inLanguage":"sv-SE","@id":"https:\/\/mekulo.com\/se\/#\/schema\/logo\/image\/","url":"https:\/\/mekulo.com\/se\/wp-content\/uploads\/sites\/11\/2025\/12\/favicon_mekulo.png","contentUrl":"https:\/\/mekulo.com\/se\/wp-content\/uploads\/sites\/11\/2025\/12\/favicon_mekulo.png","width":50,"height":50,"caption":"Mekulo"},"image":{"@id":"https:\/\/mekulo.com\/se\/#\/schema\/logo\/image\/"}}]}},"_links":{"self":[{"href":"https:\/\/mekulo.com\/se\/wp-json\/wp\/v2\/product\/22473","targetHints":{"allow":["GET"]}}],"collection":[{"href":"https:\/\/mekulo.com\/se\/wp-json\/wp\/v2\/product"}],"about":[{"href":"https:\/\/mekulo.com\/se\/wp-json\/wp\/v2\/types\/product"}],"replies":[{"embeddable":true,"href":"https:\/\/mekulo.com\/se\/wp-json\/wp\/v2\/comments?post=22473"}],"wp:featuredmedia":[{"embeddable":true,"href":"https:\/\/mekulo.com\/se\/wp-json\/wp\/v2\/media\/22469"}],"wp:attachment":[{"href":"https:\/\/mekulo.com\/se\/wp-json\/wp\/v2\/media?parent=22473"}],"wp:term":[{"taxonomy":"product_brand","embeddable":true,"href":"https:\/\/mekulo.com\/se\/wp-json\/wp\/v2\/product_brand?post=22473"},{"taxonomy":"product_cat","embeddable":true,"href":"https:\/\/mekulo.com\/se\/wp-json\/wp\/v2\/product_cat?post=22473"},{"taxonomy":"product_tag","embeddable":true,"href":"https:\/\/mekulo.com\/se\/wp-json\/wp\/v2\/product_tag?post=22473"}],"curies":[{"name":"wp","href":"https:\/\/api.w.org\/{rel}","templated":true}]}}