{"id":22455,"date":"2026-02-09T17:33:29","date_gmt":"2026-02-09T15:33:29","guid":{"rendered":"https:\/\/mekulo.com\/se\/produkt\/halsband-med-anglavingar-2\/"},"modified":"2026-03-02T12:26:52","modified_gmt":"2026-03-02T10:26:52","slug":"halsband-med-anglavingar-2","status":"publish","type":"product","link":"https:\/\/mekulo.com\/se\/produkt\/halsband-med-anglavingar-2\/","title":{"rendered":"Halsband med \u00e4nglavingar"},"content":{"rendered":"<p style=\"text-align: center\" data-start=\"0\" data-end=\"56\"><strong data-start=\"0\" data-end=\"56\">L\u00e4gg till en touch av elegans och mening till varje outfit. \ud83d\udc57<\/strong><\/p>\n<p data-start=\"0\" data-end=\"56\"><img fetchpriority=\"high\" decoding=\"async\" class=\"size-full wp-image-23746 aligncenter\" src=\"https:\/\/mekulo.com\/template\/wp-content\/uploads\/sites\/6\/2026\/02\/S5bd387d8816848b6a0ce3b12cee0e6ddR.jpg_960x960q75.jpg_.avif\" alt=\"\" width=\"800\" height=\"800\" \/><\/p>\n<h2 style=\"text-align: center\" data-start=\"341\" data-end=\"358\"><strong>Huvudf\u00f6rdelar \ud83e\udebd<\/strong><\/h2>\n<p data-start=\"361\" data-end=\"421\">\ud83d\udc7c Unik design med \u00e4nglavingar &#8211; elegant och i\u00f6gonfallande.<\/p>\n<p data-start=\"424\" data-end=\"487\">\u2728 Gnistrande strass &#8211; ger en mild glans till varje outfit.<\/p>\n<p data-start=\"490\" data-end=\"548\">\ud83d\udc8e Allergiv\u00e4nligt material &#8211; s\u00e4kert f\u00f6r k\u00e4nslig hud.<\/p>\n<p data-start=\"551\" data-end=\"613\">\ud83c\udf38 L\u00e4tt att matcha &#8211; passar bra med avslappnade eller formella kl\u00e4der.<\/p>\n<p data-start=\"616\" data-end=\"686\">\ud83c\udf81 Perfekt presentval &#8211; perfekt f\u00f6r f\u00f6delsedagar och speciella stunder.<\/p>\n<p data-start=\"616\" data-end=\"686\"><img decoding=\"async\" class=\"size-full wp-image-23749 aligncenter\" src=\"https:\/\/mekulo.com\/template\/wp-content\/uploads\/sites\/6\/2026\/02\/7c928ca4715b856f337cab0d12e0fe49213ce3ff-800.avif\" alt=\"\" \/><\/p>\n<h2 style=\"text-align: center\" data-start=\"688\" data-end=\"702\"><strong>Hur Man Anv\u00e4nder \ud83d\udccc<\/strong><\/h2>\n<ol data-start=\"703\" data-end=\"907\">\n<li data-start=\"703\" data-end=\"763\">\n<p data-start=\"706\" data-end=\"763\">\u00d6ppna l\u00e5set och placera halsbandet runt halsen.<\/p>\n<\/li>\n<li data-start=\"764\" data-end=\"809\">\n<p data-start=\"767\" data-end=\"809\">Justera l\u00e4ngden f\u00f6r en bekv\u00e4m passform.<\/p>\n<\/li>\n<li data-start=\"810\" data-end=\"862\">\n<p data-start=\"813\" data-end=\"862\">B\u00e4r det ensamt eller l\u00e4gg det i lager med andra halsband.<\/p>\n<\/li>\n<li data-start=\"863\" data-end=\"907\">\n<p data-start=\"866\" data-end=\"907\">F\u00f6rvara i ett smyckeskrin n\u00e4r det inte anv\u00e4nds.<\/p>\n<\/li>\n<\/ol>\n<h2 style=\"text-align: center\" data-start=\"909\" data-end=\"928\"><strong>Produktdetaljer \ud83d\udccf<\/strong><\/h2>\n<ul data-start=\"929\" data-end=\"1129\">\n<li data-start=\"956\" data-end=\"997\">\n<p data-start=\"958\" data-end=\"997\">Material: Titanst\u00e5l, strass<\/p>\n<\/li>\n<li data-start=\"1030\" data-end=\"1054\">\n<p data-start=\"1032\" data-end=\"1054\">Stil: Mjuk, elegant<\/p>\n<\/li>\n<li data-start=\"1055\" data-end=\"1080\">\n<p data-start=\"1057\" data-end=\"1080\">Vingstorlek: 21 x 11 mm<\/p>\n<\/li>\n<li data-start=\"1081\" data-end=\"1105\">\n<p data-start=\"1083\" data-end=\"1105\">Vikt: Cirka 20 g<\/p>\n<\/li>\n<li data-start=\"1106\" data-end=\"1129\">\n<p data-start=\"1108\" data-end=\"1129\">L\u00e4mplig f\u00f6r: Kvinnor<\/p>\n<\/li>\n<\/ul>\n<h2 style=\"text-align: center\" data-start=\"1131\" data-end=\"1151\"><strong>Paketet Inneh\u00e5ller \ud83d\udce6<\/strong><\/h2>\n<ul data-start=\"1152\" data-end=\"1188\" data-is-last-node=\"\" data-is-only-node=\"\">\n<li data-start=\"1152\" data-end=\"1188\" data-is-last-node=\"\">\n<p data-start=\"1154\" data-end=\"1188\" data-is-last-node=\"\">1x halsband med \u00e4nglavingar.<\/p>\n<\/li>\n<\/ul>\n","protected":false},"excerpt":{"rendered":"<p>\ud83e\udebdDetta halsband med \u00e4nglavingar har en graci\u00f6s vingdesign som symboliserar k\u00e4rlek, skydd och sk\u00f6nhet.<br \/>\n\u2728De gnistrande strassstenarna och den mjuka, eleganta stilen g\u00f6r det perfekt f\u00f6r vardagsbruk eller speciella tillf\u00e4llen.<br \/>\n\ud83d\udc96Detta halsband f\u00f6rh\u00f6jer enkelt din look samtidigt som det ger en meningsfull touch.<\/p>\n","protected":false},"featured_media":22451,"comment_status":"open","ping_status":"closed","template":"","meta":{"site-sidebar-layout":"default","site-content-layout":"","ast-site-content-layout":"default","site-content-style":"default","site-sidebar-style":"default","ast-global-header-display":"","ast-banner-title-visibility":"","ast-main-header-display":"","ast-hfb-above-header-display":"","ast-hfb-below-header-display":"","ast-hfb-mobile-header-display":"","site-post-title":"","ast-breadcrumbs-content":"","ast-featured-img":"","footer-sml-layout":"","theme-transparent-header-meta":"default","adv-header-id-meta":"","stick-header-meta":"","header-above-stick-meta":"","header-main-stick-meta":"","header-below-stick-meta":"","astra-migrate-meta-layouts":"set","ast-page-background-enabled":"default","ast-page-background-meta":{"desktop":{"background-color":"var(--ast-global-color-5)","background-image":"","background-repeat":"repeat","background-position":"center center","background-size":"auto","background-attachment":"scroll","background-type":"","background-media":"","overlay-type":"","overlay-color":"","overlay-opacity":"","overlay-gradient":""},"tablet":{"background-color":"","background-image":"","background-repeat":"repeat","background-position":"center center","background-size":"auto","background-attachment":"scroll","background-type":"","background-media":"","overlay-type":"","overlay-color":"","overlay-opacity":"","overlay-gradient":""},"mobile":{"background-color":"","background-image":"","background-repeat":"repeat","background-position":"center center","background-size":"auto","background-attachment":"scroll","background-type":"","background-media":"","overlay-type":"","overlay-color":"","overlay-opacity":"","overlay-gradient":""}},"ast-content-background-meta":{"desktop":{"background-color":"var(--ast-global-color-4)","background-image":"","background-repeat":"repeat","background-position":"center center","background-size":"auto","background-attachment":"scroll","background-type":"","background-media":"","overlay-type":"","overlay-color":"","overlay-opacity":"","overlay-gradient":""},"tablet":{"background-color":"var(--ast-global-color-4)","background-image":"","background-repeat":"repeat","background-position":"center center","background-size":"auto","background-attachment":"scroll","background-type":"","background-media":"","overlay-type":"","overlay-color":"","overlay-opacity":"","overlay-gradient":""},"mobile":{"background-color":"var(--ast-global-color-4)","background-image":"","background-repeat":"repeat","background-position":"center center","background-size":"auto","background-attachment":"scroll","background-type":"","background-media":"","overlay-type":"","overlay-color":"","overlay-opacity":"","overlay-gradient":""}}},"product_brand":[],"product_cat":[165],"product_tag":[],"class_list":{"0":"post-22455","1":"product","2":"type-product","3":"status-publish","4":"has-post-thumbnail","6":"product_cat-skor-accessoarer","7":"pa_55545_2pegsvnk-guld","8":"pa_55545_2pegsvnk-roseguld","9":"pa_55545_2pegsvnk-silver","10":"desktop-align-left","11":"tablet-align-left","12":"mobile-align-left","14":"first","15":"instock","16":"shipping-taxable","17":"purchasable","18":"product-type-variable"},"yoast_head":"<!-- This site is optimized with the Yoast SEO plugin v26.6 - https:\/\/yoast.com\/wordpress\/plugins\/seo\/ -->\n<title>Halsband med \u00e4nglavingar - Mekulo SE<\/title>\n<meta name=\"robots\" content=\"index, follow, max-snippet:-1, max-image-preview:large, max-video-preview:-1\" \/>\n<link rel=\"canonical\" href=\"https:\/\/mekulo.com\/se\/produkt\/halsband-med-anglavingar-2\/\" \/>\n<meta property=\"og:locale\" content=\"sv_SE\" \/>\n<meta property=\"og:type\" content=\"article\" \/>\n<meta property=\"og:title\" content=\"Halsband med \u00e4nglavingar - Mekulo SE\" \/>\n<meta property=\"og:description\" content=\"\ud83e\udebdDetta halsband med \u00e4nglavingar har en graci\u00f6s vingdesign som symboliserar k\u00e4rlek, skydd och sk\u00f6nhet. \u2728De gnistrande strassstenarna och den mjuka, eleganta stilen g\u00f6r det perfekt f\u00f6r vardagsbruk eller speciella tillf\u00e4llen. \ud83d\udc96Detta halsband f\u00f6rh\u00f6jer enkelt din look samtidigt som det ger en meningsfull touch.\" \/>\n<meta property=\"og:url\" content=\"https:\/\/mekulo.com\/se\/produkt\/halsband-med-anglavingar-2\/\" \/>\n<meta property=\"og:site_name\" content=\"Mekulo SE\" \/>\n<meta property=\"article:modified_time\" content=\"2026-03-02T10:26:52+00:00\" \/>\n<meta property=\"og:image\" content=\"https:\/\/mekulo.com\/se\/wp-content\/uploads\/sites\/11\/2026\/02\/0rkcjz0-1.jpg\" \/>\n\t<meta property=\"og:image:width\" content=\"800\" \/>\n\t<meta property=\"og:image:height\" content=\"800\" \/>\n\t<meta property=\"og:image:type\" content=\"image\/jpeg\" \/>\n<meta name=\"twitter:card\" content=\"summary_large_image\" \/>\n<meta name=\"twitter:label1\" content=\"Ber\u00e4knad l\u00e4stid\" \/>\n\t<meta name=\"twitter:data1\" content=\"2 minuter\" \/>\n<script type=\"application\/ld+json\" class=\"yoast-schema-graph\">{\"@context\":\"https:\/\/schema.org\",\"@graph\":[{\"@type\":\"WebPage\",\"@id\":\"https:\/\/mekulo.com\/se\/produkt\/halsband-med-anglavingar-2\/\",\"url\":\"https:\/\/mekulo.com\/se\/produkt\/halsband-med-anglavingar-2\/\",\"name\":\"Halsband med \u00e4nglavingar - Mekulo SE\",\"isPartOf\":{\"@id\":\"https:\/\/mekulo.com\/se\/#website\"},\"primaryImageOfPage\":{\"@id\":\"https:\/\/mekulo.com\/se\/produkt\/halsband-med-anglavingar-2\/#primaryimage\"},\"image\":{\"@id\":\"https:\/\/mekulo.com\/se\/produkt\/halsband-med-anglavingar-2\/#primaryimage\"},\"thumbnailUrl\":\"https:\/\/mekulo.com\/se\/wp-content\/uploads\/sites\/11\/2026\/02\/0rkcjz0-1.jpg\",\"datePublished\":\"2026-02-09T15:33:29+00:00\",\"dateModified\":\"2026-03-02T10:26:52+00:00\",\"breadcrumb\":{\"@id\":\"https:\/\/mekulo.com\/se\/produkt\/halsband-med-anglavingar-2\/#breadcrumb\"},\"inLanguage\":\"sv-SE\",\"potentialAction\":[{\"@type\":\"ReadAction\",\"target\":[\"https:\/\/mekulo.com\/se\/produkt\/halsband-med-anglavingar-2\/\"]}]},{\"@type\":\"ImageObject\",\"inLanguage\":\"sv-SE\",\"@id\":\"https:\/\/mekulo.com\/se\/produkt\/halsband-med-anglavingar-2\/#primaryimage\",\"url\":\"https:\/\/mekulo.com\/se\/wp-content\/uploads\/sites\/11\/2026\/02\/0rkcjz0-1.jpg\",\"contentUrl\":\"https:\/\/mekulo.com\/se\/wp-content\/uploads\/sites\/11\/2026\/02\/0rkcjz0-1.jpg\",\"width\":800,\"height\":800},{\"@type\":\"BreadcrumbList\",\"@id\":\"https:\/\/mekulo.com\/se\/produkt\/halsband-med-anglavingar-2\/#breadcrumb\",\"itemListElement\":[{\"@type\":\"ListItem\",\"position\":1,\"name\":\"Home\",\"item\":\"https:\/\/mekulo.com\/se\/\"},{\"@type\":\"ListItem\",\"position\":2,\"name\":\"Butik\",\"item\":\"https:\/\/mekulo.com\/se\/butik\/\"},{\"@type\":\"ListItem\",\"position\":3,\"name\":\"Halsband med \u00e4nglavingar\"}]},{\"@type\":\"WebSite\",\"@id\":\"https:\/\/mekulo.com\/se\/#website\",\"url\":\"https:\/\/mekulo.com\/se\/\",\"name\":\"Mekulo SE\",\"description\":\"\",\"publisher\":{\"@id\":\"https:\/\/mekulo.com\/se\/#organization\"},\"potentialAction\":[{\"@type\":\"SearchAction\",\"target\":{\"@type\":\"EntryPoint\",\"urlTemplate\":\"https:\/\/mekulo.com\/se\/?s={search_term_string}\"},\"query-input\":{\"@type\":\"PropertyValueSpecification\",\"valueRequired\":true,\"valueName\":\"search_term_string\"}}],\"inLanguage\":\"sv-SE\"},{\"@type\":\"Organization\",\"@id\":\"https:\/\/mekulo.com\/se\/#organization\",\"name\":\"Mekulo\",\"url\":\"https:\/\/mekulo.com\/se\/\",\"logo\":{\"@type\":\"ImageObject\",\"inLanguage\":\"sv-SE\",\"@id\":\"https:\/\/mekulo.com\/se\/#\/schema\/logo\/image\/\",\"url\":\"https:\/\/mekulo.com\/se\/wp-content\/uploads\/sites\/11\/2025\/12\/favicon_mekulo.png\",\"contentUrl\":\"https:\/\/mekulo.com\/se\/wp-content\/uploads\/sites\/11\/2025\/12\/favicon_mekulo.png\",\"width\":50,\"height\":50,\"caption\":\"Mekulo\"},\"image\":{\"@id\":\"https:\/\/mekulo.com\/se\/#\/schema\/logo\/image\/\"}}]}<\/script>\n<!-- \/ Yoast SEO plugin. -->","yoast_head_json":{"title":"Halsband med \u00e4nglavingar - Mekulo SE","robots":{"index":"index","follow":"follow","max-snippet":"max-snippet:-1","max-image-preview":"max-image-preview:large","max-video-preview":"max-video-preview:-1"},"canonical":"https:\/\/mekulo.com\/se\/produkt\/halsband-med-anglavingar-2\/","og_locale":"sv_SE","og_type":"article","og_title":"Halsband med \u00e4nglavingar - Mekulo SE","og_description":"\ud83e\udebdDetta halsband med \u00e4nglavingar har en graci\u00f6s vingdesign som symboliserar k\u00e4rlek, skydd och sk\u00f6nhet. \u2728De gnistrande strassstenarna och den mjuka, eleganta stilen g\u00f6r det perfekt f\u00f6r vardagsbruk eller speciella tillf\u00e4llen. \ud83d\udc96Detta halsband f\u00f6rh\u00f6jer enkelt din look samtidigt som det ger en meningsfull touch.","og_url":"https:\/\/mekulo.com\/se\/produkt\/halsband-med-anglavingar-2\/","og_site_name":"Mekulo SE","article_modified_time":"2026-03-02T10:26:52+00:00","og_image":[{"width":800,"height":800,"url":"https:\/\/mekulo.com\/se\/wp-content\/uploads\/sites\/11\/2026\/02\/0rkcjz0-1.jpg","type":"image\/jpeg"}],"twitter_card":"summary_large_image","twitter_misc":{"Ber\u00e4knad l\u00e4stid":"2 minuter"},"schema":{"@context":"https:\/\/schema.org","@graph":[{"@type":"WebPage","@id":"https:\/\/mekulo.com\/se\/produkt\/halsband-med-anglavingar-2\/","url":"https:\/\/mekulo.com\/se\/produkt\/halsband-med-anglavingar-2\/","name":"Halsband med \u00e4nglavingar - Mekulo SE","isPartOf":{"@id":"https:\/\/mekulo.com\/se\/#website"},"primaryImageOfPage":{"@id":"https:\/\/mekulo.com\/se\/produkt\/halsband-med-anglavingar-2\/#primaryimage"},"image":{"@id":"https:\/\/mekulo.com\/se\/produkt\/halsband-med-anglavingar-2\/#primaryimage"},"thumbnailUrl":"https:\/\/mekulo.com\/se\/wp-content\/uploads\/sites\/11\/2026\/02\/0rkcjz0-1.jpg","datePublished":"2026-02-09T15:33:29+00:00","dateModified":"2026-03-02T10:26:52+00:00","breadcrumb":{"@id":"https:\/\/mekulo.com\/se\/produkt\/halsband-med-anglavingar-2\/#breadcrumb"},"inLanguage":"sv-SE","potentialAction":[{"@type":"ReadAction","target":["https:\/\/mekulo.com\/se\/produkt\/halsband-med-anglavingar-2\/"]}]},{"@type":"ImageObject","inLanguage":"sv-SE","@id":"https:\/\/mekulo.com\/se\/produkt\/halsband-med-anglavingar-2\/#primaryimage","url":"https:\/\/mekulo.com\/se\/wp-content\/uploads\/sites\/11\/2026\/02\/0rkcjz0-1.jpg","contentUrl":"https:\/\/mekulo.com\/se\/wp-content\/uploads\/sites\/11\/2026\/02\/0rkcjz0-1.jpg","width":800,"height":800},{"@type":"BreadcrumbList","@id":"https:\/\/mekulo.com\/se\/produkt\/halsband-med-anglavingar-2\/#breadcrumb","itemListElement":[{"@type":"ListItem","position":1,"name":"Home","item":"https:\/\/mekulo.com\/se\/"},{"@type":"ListItem","position":2,"name":"Butik","item":"https:\/\/mekulo.com\/se\/butik\/"},{"@type":"ListItem","position":3,"name":"Halsband med \u00e4nglavingar"}]},{"@type":"WebSite","@id":"https:\/\/mekulo.com\/se\/#website","url":"https:\/\/mekulo.com\/se\/","name":"Mekulo SE","description":"","publisher":{"@id":"https:\/\/mekulo.com\/se\/#organization"},"potentialAction":[{"@type":"SearchAction","target":{"@type":"EntryPoint","urlTemplate":"https:\/\/mekulo.com\/se\/?s={search_term_string}"},"query-input":{"@type":"PropertyValueSpecification","valueRequired":true,"valueName":"search_term_string"}}],"inLanguage":"sv-SE"},{"@type":"Organization","@id":"https:\/\/mekulo.com\/se\/#organization","name":"Mekulo","url":"https:\/\/mekulo.com\/se\/","logo":{"@type":"ImageObject","inLanguage":"sv-SE","@id":"https:\/\/mekulo.com\/se\/#\/schema\/logo\/image\/","url":"https:\/\/mekulo.com\/se\/wp-content\/uploads\/sites\/11\/2025\/12\/favicon_mekulo.png","contentUrl":"https:\/\/mekulo.com\/se\/wp-content\/uploads\/sites\/11\/2025\/12\/favicon_mekulo.png","width":50,"height":50,"caption":"Mekulo"},"image":{"@id":"https:\/\/mekulo.com\/se\/#\/schema\/logo\/image\/"}}]}},"_links":{"self":[{"href":"https:\/\/mekulo.com\/se\/wp-json\/wp\/v2\/product\/22455","targetHints":{"allow":["GET"]}}],"collection":[{"href":"https:\/\/mekulo.com\/se\/wp-json\/wp\/v2\/product"}],"about":[{"href":"https:\/\/mekulo.com\/se\/wp-json\/wp\/v2\/types\/product"}],"replies":[{"embeddable":true,"href":"https:\/\/mekulo.com\/se\/wp-json\/wp\/v2\/comments?post=22455"}],"wp:featuredmedia":[{"embeddable":true,"href":"https:\/\/mekulo.com\/se\/wp-json\/wp\/v2\/media\/22451"}],"wp:attachment":[{"href":"https:\/\/mekulo.com\/se\/wp-json\/wp\/v2\/media?parent=22455"}],"wp:term":[{"taxonomy":"product_brand","embeddable":true,"href":"https:\/\/mekulo.com\/se\/wp-json\/wp\/v2\/product_brand?post=22455"},{"taxonomy":"product_cat","embeddable":true,"href":"https:\/\/mekulo.com\/se\/wp-json\/wp\/v2\/product_cat?post=22455"},{"taxonomy":"product_tag","embeddable":true,"href":"https:\/\/mekulo.com\/se\/wp-json\/wp\/v2\/product_tag?post=22455"}],"curies":[{"name":"wp","href":"https:\/\/api.w.org\/{rel}","templated":true}]}}