{"id":22414,"date":"2026-02-09T17:29:10","date_gmt":"2026-02-09T15:29:10","guid":{"rendered":"https:\/\/mekulo.com\/se\/produkt\/eleganta-twist-orhangen\/"},"modified":"2026-02-09T17:29:19","modified_gmt":"2026-02-09T15:29:19","slug":"eleganta-twist-orhangen","status":"publish","type":"product","link":"https:\/\/mekulo.com\/se\/produkt\/eleganta-twist-orhangen\/","title":{"rendered":"Eleganta twist-\u00f6rh\u00e4ngen"},"content":{"rendered":"<p style=\"text-align: center\" data-start=\"0\" data-end=\"49\"><strong data-start=\"0\" data-end=\"49\">Tillf\u00f6r omedelbar elegans och glitter till varje look. \ud83d\udc57<\/strong><\/p>\n<p data-start=\"0\" data-end=\"49\"><img decoding=\"async\" class=\"size-full wp-image-23734 aligncenter\" src=\"https:\/\/mekulo.com\/template\/wp-content\/uploads\/sites\/6\/2026\/02\/2881c07213bfe7343fa0f0960a44be1960cef304-800.avif\" alt=\"\" \/><\/p>\n<h2 style=\"text-align: center\" data-start=\"347\" data-end=\"364\"><strong>Huvudf\u00f6rdelar \u2728<\/strong><\/h2>\n<p data-start=\"367\" data-end=\"428\">\u2728 Elegant twistdesign &#8211; i\u00f6gonfallande och full av glans.<\/p>\n<p data-start=\"431\" data-end=\"494\">\ud83d\udc96 Symbol f\u00f6r k\u00e4rlek och samh\u00f6righet &#8211; meningsfull och elegant.<\/p>\n<p data-start=\"497\" data-end=\"554\">\ud83d\udc42 L\u00e4tt och bekv\u00e4m &#8211; l\u00e4tt att b\u00e4ra l\u00e4nge.<\/p>\n<p data-start=\"557\" data-end=\"618\">\ud83c\udf1f M\u00e5ngsidig stil &#8211; perfekt f\u00f6r avslappnade eller formella looks.<\/p>\n<p data-start=\"621\" data-end=\"684\">\ud83c\udf81 Perfekt presentval &#8211; perfekt f\u00f6r n\u00e4ra och k\u00e4ra eller dig sj\u00e4lv.<\/p>\n<p data-start=\"621\" data-end=\"684\"><img decoding=\"async\" class=\"size-full wp-image-23738 aligncenter\" src=\"https:\/\/mekulo.com\/template\/wp-content\/uploads\/sites\/6\/2026\/02\/fe6a92c10af9f3fa85fe6b604421994f7caa774a-800.avif\" alt=\"\" \/><\/p>\n<h2 style=\"text-align: center\" data-start=\"894\" data-end=\"913\"><strong>Produktdetaljer \ud83d\udccf<\/strong><\/h2>\n<ul data-start=\"914\" data-end=\"1054\">\n<li data-start=\"914\" data-end=\"934\">\n<p data-start=\"916\" data-end=\"934\">Material: Koppar<\/p>\n<\/li>\n<li data-start=\"935\" data-end=\"968\">\n<p data-start=\"937\" data-end=\"968\">Vikt: Cirka 10 g<\/p>\n<\/li>\n<li data-start=\"969\" data-end=\"987\">\n<p data-start=\"971\" data-end=\"987\">Storlek: 4 x 4 cm<\/p>\n<\/li>\n<li data-start=\"988\" data-end=\"1021\">\n<p data-start=\"990\" data-end=\"1021\">Stil: Fashion twist \u00f6rh\u00e4ngen<\/p>\n<\/li>\n<li data-start=\"1022\" data-end=\"1054\">\n<p data-start=\"1024\" data-end=\"1054\">L\u00e4mplig f\u00f6r: Alla \u00e5ldersgrupper<\/p>\n<\/li>\n<\/ul>\n<h2 style=\"text-align: center\" data-start=\"1056\" data-end=\"1076\"><strong>Paketet Inneh\u00e5ller \ud83d\udce6<\/strong><\/h2>\n<ul data-start=\"1077\" data-end=\"1111\" data-is-last-node=\"\" data-is-only-node=\"\">\n<li data-start=\"1077\" data-end=\"1111\" data-is-last-node=\"\">\n<p data-start=\"1079\" data-end=\"1111\" data-is-last-node=\"\">1x par twist-\u00f6rh\u00e4ngen.<\/p>\n<\/li>\n<\/ul>\n","protected":false},"excerpt":{"rendered":"<p>\ud83d\udc42De h\u00e4r eleganta twist\u00f6rh\u00e4ngena ger en vacker glans och graci\u00f6s r\u00f6relse som lyfter b\u00e5de vardagsoutfits och speciella tillf\u00e4llen.<br \/>\n\ud83d\udc98Den fl\u00f6dande twistdesignen symboliserar k\u00e4rlek och samh\u00f6righet samtidigt som den f\u00e5ngar ljuset fr\u00e5n alla vinklar.<br \/>\n\ud83c\udf03De \u00e4r l\u00e4tta, i\u00f6gonfallande och l\u00e4tta att b\u00e4ra hela dagen eller natten.<\/p>\n","protected":false},"featured_media":22410,"comment_status":"open","ping_status":"closed","template":"","meta":{"site-sidebar-layout":"default","site-content-layout":"","ast-site-content-layout":"default","site-content-style":"default","site-sidebar-style":"default","ast-global-header-display":"","ast-banner-title-visibility":"","ast-main-header-display":"","ast-hfb-above-header-display":"","ast-hfb-below-header-display":"","ast-hfb-mobile-header-display":"","site-post-title":"","ast-breadcrumbs-content":"","ast-featured-img":"","footer-sml-layout":"","theme-transparent-header-meta":"default","adv-header-id-meta":"","stick-header-meta":"","header-above-stick-meta":"","header-main-stick-meta":"","header-below-stick-meta":"","astra-migrate-meta-layouts":"set","ast-page-background-enabled":"default","ast-page-background-meta":{"desktop":{"background-color":"var(--ast-global-color-5)","background-image":"","background-repeat":"repeat","background-position":"center center","background-size":"auto","background-attachment":"scroll","background-type":"","background-media":"","overlay-type":"","overlay-color":"","overlay-opacity":"","overlay-gradient":""},"tablet":{"background-color":"","background-image":"","background-repeat":"repeat","background-position":"center center","background-size":"auto","background-attachment":"scroll","background-type":"","background-media":"","overlay-type":"","overlay-color":"","overlay-opacity":"","overlay-gradient":""},"mobile":{"background-color":"","background-image":"","background-repeat":"repeat","background-position":"center center","background-size":"auto","background-attachment":"scroll","background-type":"","background-media":"","overlay-type":"","overlay-color":"","overlay-opacity":"","overlay-gradient":""}},"ast-content-background-meta":{"desktop":{"background-color":"var(--ast-global-color-4)","background-image":"","background-repeat":"repeat","background-position":"center center","background-size":"auto","background-attachment":"scroll","background-type":"","background-media":"","overlay-type":"","overlay-color":"","overlay-opacity":"","overlay-gradient":""},"tablet":{"background-color":"var(--ast-global-color-4)","background-image":"","background-repeat":"repeat","background-position":"center center","background-size":"auto","background-attachment":"scroll","background-type":"","background-media":"","overlay-type":"","overlay-color":"","overlay-opacity":"","overlay-gradient":""},"mobile":{"background-color":"var(--ast-global-color-4)","background-image":"","background-repeat":"repeat","background-position":"center center","background-size":"auto","background-attachment":"scroll","background-type":"","background-media":"","overlay-type":"","overlay-color":"","overlay-opacity":"","overlay-gradient":""}}},"product_brand":[],"product_cat":[165],"product_tag":[],"class_list":{"0":"post-22414","1":"product","2":"type-product","3":"status-publish","4":"has-post-thumbnail","6":"product_cat-skor-accessoarer","7":"pa_55482_ikjtq00q-guld","8":"pa_55482_ikjtq00q-silver","9":"desktop-align-left","10":"tablet-align-left","11":"mobile-align-left","13":"first","14":"instock","15":"shipping-taxable","16":"purchasable","17":"product-type-variable"},"yoast_head":"<!-- This site is optimized with the Yoast SEO plugin v26.6 - https:\/\/yoast.com\/wordpress\/plugins\/seo\/ -->\n<title>Eleganta twist-\u00f6rh\u00e4ngen - Mekulo SE<\/title>\n<meta name=\"robots\" content=\"index, follow, max-snippet:-1, max-image-preview:large, max-video-preview:-1\" \/>\n<link rel=\"canonical\" href=\"https:\/\/mekulo.com\/se\/produkt\/eleganta-twist-orhangen\/\" \/>\n<meta property=\"og:locale\" content=\"sv_SE\" \/>\n<meta property=\"og:type\" content=\"article\" \/>\n<meta property=\"og:title\" content=\"Eleganta twist-\u00f6rh\u00e4ngen - Mekulo SE\" \/>\n<meta property=\"og:description\" content=\"\ud83d\udc42De h\u00e4r eleganta twist\u00f6rh\u00e4ngena ger en vacker glans och graci\u00f6s r\u00f6relse som lyfter b\u00e5de vardagsoutfits och speciella tillf\u00e4llen. \ud83d\udc98Den fl\u00f6dande twistdesignen symboliserar k\u00e4rlek och samh\u00f6righet samtidigt som den f\u00e5ngar ljuset fr\u00e5n alla vinklar. \ud83c\udf03De \u00e4r l\u00e4tta, i\u00f6gonfallande och l\u00e4tta att b\u00e4ra hela dagen eller natten.\" \/>\n<meta property=\"og:url\" content=\"https:\/\/mekulo.com\/se\/produkt\/eleganta-twist-orhangen\/\" \/>\n<meta property=\"og:site_name\" content=\"Mekulo SE\" \/>\n<meta property=\"article:modified_time\" content=\"2026-02-09T15:29:19+00:00\" \/>\n<meta property=\"og:image\" content=\"https:\/\/mekulo.com\/se\/wp-content\/uploads\/sites\/11\/2026\/02\/048a8s8-1.jpg\" \/>\n\t<meta property=\"og:image:width\" content=\"600\" \/>\n\t<meta property=\"og:image:height\" content=\"600\" \/>\n\t<meta property=\"og:image:type\" content=\"image\/jpeg\" \/>\n<meta name=\"twitter:card\" content=\"summary_large_image\" \/>\n<meta name=\"twitter:label1\" content=\"Ber\u00e4knad l\u00e4stid\" \/>\n\t<meta name=\"twitter:data1\" content=\"1 minut\" \/>\n<script type=\"application\/ld+json\" class=\"yoast-schema-graph\">{\"@context\":\"https:\/\/schema.org\",\"@graph\":[{\"@type\":\"WebPage\",\"@id\":\"https:\/\/mekulo.com\/se\/produkt\/eleganta-twist-orhangen\/\",\"url\":\"https:\/\/mekulo.com\/se\/produkt\/eleganta-twist-orhangen\/\",\"name\":\"Eleganta twist-\u00f6rh\u00e4ngen - Mekulo SE\",\"isPartOf\":{\"@id\":\"https:\/\/mekulo.com\/se\/#website\"},\"primaryImageOfPage\":{\"@id\":\"https:\/\/mekulo.com\/se\/produkt\/eleganta-twist-orhangen\/#primaryimage\"},\"image\":{\"@id\":\"https:\/\/mekulo.com\/se\/produkt\/eleganta-twist-orhangen\/#primaryimage\"},\"thumbnailUrl\":\"https:\/\/mekulo.com\/se\/wp-content\/uploads\/sites\/11\/2026\/02\/048a8s8-1.jpg\",\"datePublished\":\"2026-02-09T15:29:10+00:00\",\"dateModified\":\"2026-02-09T15:29:19+00:00\",\"breadcrumb\":{\"@id\":\"https:\/\/mekulo.com\/se\/produkt\/eleganta-twist-orhangen\/#breadcrumb\"},\"inLanguage\":\"sv-SE\",\"potentialAction\":[{\"@type\":\"ReadAction\",\"target\":[\"https:\/\/mekulo.com\/se\/produkt\/eleganta-twist-orhangen\/\"]}]},{\"@type\":\"ImageObject\",\"inLanguage\":\"sv-SE\",\"@id\":\"https:\/\/mekulo.com\/se\/produkt\/eleganta-twist-orhangen\/#primaryimage\",\"url\":\"https:\/\/mekulo.com\/se\/wp-content\/uploads\/sites\/11\/2026\/02\/048a8s8-1.jpg\",\"contentUrl\":\"https:\/\/mekulo.com\/se\/wp-content\/uploads\/sites\/11\/2026\/02\/048a8s8-1.jpg\",\"width\":600,\"height\":600},{\"@type\":\"BreadcrumbList\",\"@id\":\"https:\/\/mekulo.com\/se\/produkt\/eleganta-twist-orhangen\/#breadcrumb\",\"itemListElement\":[{\"@type\":\"ListItem\",\"position\":1,\"name\":\"Home\",\"item\":\"https:\/\/mekulo.com\/se\/\"},{\"@type\":\"ListItem\",\"position\":2,\"name\":\"Butik\",\"item\":\"https:\/\/mekulo.com\/se\/butik\/\"},{\"@type\":\"ListItem\",\"position\":3,\"name\":\"Eleganta twist-\u00f6rh\u00e4ngen\"}]},{\"@type\":\"WebSite\",\"@id\":\"https:\/\/mekulo.com\/se\/#website\",\"url\":\"https:\/\/mekulo.com\/se\/\",\"name\":\"Mekulo SE\",\"description\":\"\",\"publisher\":{\"@id\":\"https:\/\/mekulo.com\/se\/#organization\"},\"potentialAction\":[{\"@type\":\"SearchAction\",\"target\":{\"@type\":\"EntryPoint\",\"urlTemplate\":\"https:\/\/mekulo.com\/se\/?s={search_term_string}\"},\"query-input\":{\"@type\":\"PropertyValueSpecification\",\"valueRequired\":true,\"valueName\":\"search_term_string\"}}],\"inLanguage\":\"sv-SE\"},{\"@type\":\"Organization\",\"@id\":\"https:\/\/mekulo.com\/se\/#organization\",\"name\":\"Mekulo\",\"url\":\"https:\/\/mekulo.com\/se\/\",\"logo\":{\"@type\":\"ImageObject\",\"inLanguage\":\"sv-SE\",\"@id\":\"https:\/\/mekulo.com\/se\/#\/schema\/logo\/image\/\",\"url\":\"https:\/\/mekulo.com\/se\/wp-content\/uploads\/sites\/11\/2025\/12\/favicon_mekulo.png\",\"contentUrl\":\"https:\/\/mekulo.com\/se\/wp-content\/uploads\/sites\/11\/2025\/12\/favicon_mekulo.png\",\"width\":50,\"height\":50,\"caption\":\"Mekulo\"},\"image\":{\"@id\":\"https:\/\/mekulo.com\/se\/#\/schema\/logo\/image\/\"}}]}<\/script>\n<!-- \/ Yoast SEO plugin. -->","yoast_head_json":{"title":"Eleganta twist-\u00f6rh\u00e4ngen - Mekulo SE","robots":{"index":"index","follow":"follow","max-snippet":"max-snippet:-1","max-image-preview":"max-image-preview:large","max-video-preview":"max-video-preview:-1"},"canonical":"https:\/\/mekulo.com\/se\/produkt\/eleganta-twist-orhangen\/","og_locale":"sv_SE","og_type":"article","og_title":"Eleganta twist-\u00f6rh\u00e4ngen - Mekulo SE","og_description":"\ud83d\udc42De h\u00e4r eleganta twist\u00f6rh\u00e4ngena ger en vacker glans och graci\u00f6s r\u00f6relse som lyfter b\u00e5de vardagsoutfits och speciella tillf\u00e4llen. \ud83d\udc98Den fl\u00f6dande twistdesignen symboliserar k\u00e4rlek och samh\u00f6righet samtidigt som den f\u00e5ngar ljuset fr\u00e5n alla vinklar. \ud83c\udf03De \u00e4r l\u00e4tta, i\u00f6gonfallande och l\u00e4tta att b\u00e4ra hela dagen eller natten.","og_url":"https:\/\/mekulo.com\/se\/produkt\/eleganta-twist-orhangen\/","og_site_name":"Mekulo SE","article_modified_time":"2026-02-09T15:29:19+00:00","og_image":[{"width":600,"height":600,"url":"https:\/\/mekulo.com\/se\/wp-content\/uploads\/sites\/11\/2026\/02\/048a8s8-1.jpg","type":"image\/jpeg"}],"twitter_card":"summary_large_image","twitter_misc":{"Ber\u00e4knad l\u00e4stid":"1 minut"},"schema":{"@context":"https:\/\/schema.org","@graph":[{"@type":"WebPage","@id":"https:\/\/mekulo.com\/se\/produkt\/eleganta-twist-orhangen\/","url":"https:\/\/mekulo.com\/se\/produkt\/eleganta-twist-orhangen\/","name":"Eleganta twist-\u00f6rh\u00e4ngen - Mekulo SE","isPartOf":{"@id":"https:\/\/mekulo.com\/se\/#website"},"primaryImageOfPage":{"@id":"https:\/\/mekulo.com\/se\/produkt\/eleganta-twist-orhangen\/#primaryimage"},"image":{"@id":"https:\/\/mekulo.com\/se\/produkt\/eleganta-twist-orhangen\/#primaryimage"},"thumbnailUrl":"https:\/\/mekulo.com\/se\/wp-content\/uploads\/sites\/11\/2026\/02\/048a8s8-1.jpg","datePublished":"2026-02-09T15:29:10+00:00","dateModified":"2026-02-09T15:29:19+00:00","breadcrumb":{"@id":"https:\/\/mekulo.com\/se\/produkt\/eleganta-twist-orhangen\/#breadcrumb"},"inLanguage":"sv-SE","potentialAction":[{"@type":"ReadAction","target":["https:\/\/mekulo.com\/se\/produkt\/eleganta-twist-orhangen\/"]}]},{"@type":"ImageObject","inLanguage":"sv-SE","@id":"https:\/\/mekulo.com\/se\/produkt\/eleganta-twist-orhangen\/#primaryimage","url":"https:\/\/mekulo.com\/se\/wp-content\/uploads\/sites\/11\/2026\/02\/048a8s8-1.jpg","contentUrl":"https:\/\/mekulo.com\/se\/wp-content\/uploads\/sites\/11\/2026\/02\/048a8s8-1.jpg","width":600,"height":600},{"@type":"BreadcrumbList","@id":"https:\/\/mekulo.com\/se\/produkt\/eleganta-twist-orhangen\/#breadcrumb","itemListElement":[{"@type":"ListItem","position":1,"name":"Home","item":"https:\/\/mekulo.com\/se\/"},{"@type":"ListItem","position":2,"name":"Butik","item":"https:\/\/mekulo.com\/se\/butik\/"},{"@type":"ListItem","position":3,"name":"Eleganta twist-\u00f6rh\u00e4ngen"}]},{"@type":"WebSite","@id":"https:\/\/mekulo.com\/se\/#website","url":"https:\/\/mekulo.com\/se\/","name":"Mekulo SE","description":"","publisher":{"@id":"https:\/\/mekulo.com\/se\/#organization"},"potentialAction":[{"@type":"SearchAction","target":{"@type":"EntryPoint","urlTemplate":"https:\/\/mekulo.com\/se\/?s={search_term_string}"},"query-input":{"@type":"PropertyValueSpecification","valueRequired":true,"valueName":"search_term_string"}}],"inLanguage":"sv-SE"},{"@type":"Organization","@id":"https:\/\/mekulo.com\/se\/#organization","name":"Mekulo","url":"https:\/\/mekulo.com\/se\/","logo":{"@type":"ImageObject","inLanguage":"sv-SE","@id":"https:\/\/mekulo.com\/se\/#\/schema\/logo\/image\/","url":"https:\/\/mekulo.com\/se\/wp-content\/uploads\/sites\/11\/2025\/12\/favicon_mekulo.png","contentUrl":"https:\/\/mekulo.com\/se\/wp-content\/uploads\/sites\/11\/2025\/12\/favicon_mekulo.png","width":50,"height":50,"caption":"Mekulo"},"image":{"@id":"https:\/\/mekulo.com\/se\/#\/schema\/logo\/image\/"}}]}},"_links":{"self":[{"href":"https:\/\/mekulo.com\/se\/wp-json\/wp\/v2\/product\/22414","targetHints":{"allow":["GET"]}}],"collection":[{"href":"https:\/\/mekulo.com\/se\/wp-json\/wp\/v2\/product"}],"about":[{"href":"https:\/\/mekulo.com\/se\/wp-json\/wp\/v2\/types\/product"}],"replies":[{"embeddable":true,"href":"https:\/\/mekulo.com\/se\/wp-json\/wp\/v2\/comments?post=22414"}],"wp:featuredmedia":[{"embeddable":true,"href":"https:\/\/mekulo.com\/se\/wp-json\/wp\/v2\/media\/22410"}],"wp:attachment":[{"href":"https:\/\/mekulo.com\/se\/wp-json\/wp\/v2\/media?parent=22414"}],"wp:term":[{"taxonomy":"product_brand","embeddable":true,"href":"https:\/\/mekulo.com\/se\/wp-json\/wp\/v2\/product_brand?post=22414"},{"taxonomy":"product_cat","embeddable":true,"href":"https:\/\/mekulo.com\/se\/wp-json\/wp\/v2\/product_cat?post=22414"},{"taxonomy":"product_tag","embeddable":true,"href":"https:\/\/mekulo.com\/se\/wp-json\/wp\/v2\/product_tag?post=22414"}],"curies":[{"name":"wp","href":"https:\/\/api.w.org\/{rel}","templated":true}]}}