{"id":22350,"date":"2026-02-09T14:51:50","date_gmt":"2026-02-09T12:51:50","guid":{"rendered":"https:\/\/mekulo.com\/se\/produkt\/hallare-for-vaggkontakt\/"},"modified":"2026-02-10T11:53:28","modified_gmt":"2026-02-10T09:53:28","slug":"hallare-for-vaggkontakt","status":"publish","type":"product","link":"https:\/\/mekulo.com\/se\/produkt\/hallare-for-vaggkontakt\/","title":{"rendered":"H\u00e5llare f\u00f6r v\u00e4ggkontakt"},"content":{"rendered":"<h2 style=\"text-align: center\" data-start=\"89\" data-end=\"149\">H\u00e5ll dina kontakter och kablar prydliga och alltid inom r\u00e4ckh\u00e5ll.<\/h2>\n<p style=\"text-align: center\"><img decoding=\"async\" class=\"alignnone size-medium wp-image-2230 aligncenter\" src=\"https:\/\/keluvo.com\/template\/wp-content\/uploads\/sites\/5\/2024\/10\/4d6b1ea9-5a8a-4f3f-bcc2-7b6270ef8feb.webp\" alt=\"\" \/><\/p>\n<h2 style=\"text-align: center\" data-start=\"328\" data-end=\"346\"><strong>Huvudf\u00f6rdelar<\/strong><\/h2>\n<p style=\"text-align: center\" data-start=\"350\" data-end=\"400\">\ud83d\udd0c H\u00e5ller kontakter och laddare s\u00e4kert p\u00e5 v\u00e4ggen<\/p>\n<p style=\"text-align: center\" data-start=\"403\" data-end=\"443\">\ud83e\uddf2 Starkt sj\u00e4lvh\u00e4ftande, ingen borrning beh\u00f6vs<\/p>\n<p style=\"text-align: center\" data-start=\"446\" data-end=\"483\">\ud83d\udee0 Enkel installation med peeling och stick<\/p>\n<p style=\"text-align: center\" data-start=\"486\" data-end=\"534\">\ud83c\udfe0 H\u00e5ller v\u00e4ggar, skrivbord och golv rena fr\u00e5n skr\u00e4p<\/p>\n<p style=\"text-align: center\" data-start=\"537\" data-end=\"576\">\ud83d\udcaa Slitstarkt ABS-material f\u00f6r daglig anv\u00e4ndning<\/p>\n<p style=\"text-align: center\" data-start=\"579\" data-end=\"624\">\ud83c\udfa8 Ren, kompakt design som passar i alla rum<\/p>\n<h2 style=\"text-align: center\"><img decoding=\"async\" class=\"alignnone size-medium wp-image-2237 aligncenter\" style=\"font-size: 16px;font-style: inherit;font-weight: inherit\" src=\"https:\/\/keluvo.com\/template\/wp-content\/uploads\/sites\/5\/2024\/10\/bf78c867-b294-4c09-a332-fcf8eb478ae6.webp\" alt=\"\" \/><\/h2>\n<h2 style=\"text-align: center\" data-start=\"631\" data-end=\"647\"><strong>Hur Man Anv\u00e4nder<\/strong><\/h2>\n<ol style=\"text-align: center\" data-start=\"649\" data-end=\"853\">\n<li data-start=\"649\" data-end=\"685\">\n<p style=\"text-align: left\" data-start=\"652\" data-end=\"685\">Reng\u00f6r och torka v\u00e4ggytan.<\/p>\n<\/li>\n<li style=\"text-align: left\" data-start=\"686\" data-end=\"721\">\n<p data-start=\"689\" data-end=\"721\">Dra av den sj\u00e4lvh\u00e4ftande baksidan.<\/p>\n<\/li>\n<li style=\"text-align: left\" data-start=\"722\" data-end=\"765\">\n<p data-start=\"725\" data-end=\"765\">f\u00e4st h\u00e5llaren ordentligt p\u00e5 v\u00e4ggen.<\/p>\n<\/li>\n<li style=\"text-align: left\" data-start=\"766\" data-end=\"808\">\n<p data-start=\"769\" data-end=\"808\">tryck i n\u00e5gra sekunder f\u00f6r att f\u00e4sta den.<\/p>\n<\/li>\n<li data-start=\"809\" data-end=\"853\">\n<p style=\"text-align: left\" data-start=\"812\" data-end=\"853\">s\u00e4tt in kontakten eller kabeln i h\u00e5llaren.<\/p>\n<\/li>\n<\/ol>\n<h2 style=\"text-align: center\" data-start=\"860\" data-end=\"881\"><strong>Produktdetaljer<\/strong><\/h2>\n<ul style=\"text-align: center\" data-start=\"883\" data-end=\"1117\">\n<li data-start=\"883\" data-end=\"917\">\n<p style=\"text-align: left\" data-start=\"885\" data-end=\"917\">Produkttyp: V\u00e4ggkontakth\u00e5llare<\/p>\n<\/li>\n<li style=\"text-align: left\" data-start=\"918\" data-end=\"943\">\n<p data-start=\"920\" data-end=\"943\">Material: ABS-plast<\/p>\n<\/li>\n<li style=\"text-align: left\" data-start=\"944\" data-end=\"985\">\n<p data-start=\"946\" data-end=\"985\">Installation: Stark sj\u00e4lvh\u00e4ftande baksida<\/p>\n<\/li>\n<li style=\"text-align: left\" data-start=\"986\" data-end=\"1029\">\n<p data-start=\"988\" data-end=\"1029\">Ytan: Sl\u00e4ta och rena ytor<\/p>\n<\/li>\n<li style=\"text-align: left\" data-start=\"1030\" data-end=\"1076\">\n<p data-start=\"1032\" data-end=\"1076\">Tillg\u00e4ngliga f\u00e4rger: Bl\u00e5, gr\u00f6n, rosa, vit<\/p>\n<\/li>\n<li data-start=\"1077\" data-end=\"1117\">\n<p style=\"text-align: left\" data-start=\"1079\" data-end=\"1117\">Kvantitetsalternativ: 1 st, 2 st, 4 st<\/p>\n<\/li>\n<\/ul>\n","protected":false},"excerpt":{"rendered":"<p>V\u00e4ggkontakth\u00e5llaren hj\u00e4lper dig att organisera laddare och kontakter p\u00e5 alla sl\u00e4ta v\u00e4ggar. Den sitter stadigt utan borrning och h\u00e5ller ditt utrymme snyggt och dina enheter l\u00e4tt\u00e5tkomliga.<\/p>\n","protected":false},"featured_media":22346,"comment_status":"open","ping_status":"closed","template":"","meta":{"site-sidebar-layout":"default","site-content-layout":"","ast-site-content-layout":"default","site-content-style":"default","site-sidebar-style":"default","ast-global-header-display":"","ast-banner-title-visibility":"","ast-main-header-display":"","ast-hfb-above-header-display":"","ast-hfb-below-header-display":"","ast-hfb-mobile-header-display":"","site-post-title":"","ast-breadcrumbs-content":"","ast-featured-img":"","footer-sml-layout":"","theme-transparent-header-meta":"default","adv-header-id-meta":"","stick-header-meta":"","header-above-stick-meta":"","header-main-stick-meta":"","header-below-stick-meta":"","astra-migrate-meta-layouts":"set","ast-page-background-enabled":"default","ast-page-background-meta":{"desktop":{"background-color":"var(--ast-global-color-5)","background-image":"","background-repeat":"repeat","background-position":"center center","background-size":"auto","background-attachment":"scroll","background-type":"","background-media":"","overlay-type":"","overlay-color":"","overlay-opacity":"","overlay-gradient":""},"tablet":{"background-color":"","background-image":"","background-repeat":"repeat","background-position":"center center","background-size":"auto","background-attachment":"scroll","background-type":"","background-media":"","overlay-type":"","overlay-color":"","overlay-opacity":"","overlay-gradient":""},"mobile":{"background-color":"","background-image":"","background-repeat":"repeat","background-position":"center center","background-size":"auto","background-attachment":"scroll","background-type":"","background-media":"","overlay-type":"","overlay-color":"","overlay-opacity":"","overlay-gradient":""}},"ast-content-background-meta":{"desktop":{"background-color":"var(--ast-global-color-4)","background-image":"","background-repeat":"repeat","background-position":"center center","background-size":"auto","background-attachment":"scroll","background-type":"","background-media":"","overlay-type":"","overlay-color":"","overlay-opacity":"","overlay-gradient":""},"tablet":{"background-color":"var(--ast-global-color-4)","background-image":"","background-repeat":"repeat","background-position":"center center","background-size":"auto","background-attachment":"scroll","background-type":"","background-media":"","overlay-type":"","overlay-color":"","overlay-opacity":"","overlay-gradient":""},"mobile":{"background-color":"var(--ast-global-color-4)","background-image":"","background-repeat":"repeat","background-position":"center center","background-size":"auto","background-attachment":"scroll","background-type":"","background-media":"","overlay-type":"","overlay-color":"","overlay-opacity":"","overlay-gradient":""}}},"product_brand":[],"product_cat":[168],"product_tag":[],"class_list":{"0":"post-22350","1":"product","2":"type-product","3":"status-publish","4":"has-post-thumbnail","6":"product_cat-hushallsartiklar","7":"pa_14788_7hpzwm8z-bla","8":"pa_14788_7hpzwm8z-gron","9":"pa_14788_7hpzwm8z-rosa","10":"pa_14788_7hpzwm8z-vit","11":"pa_14788_vwmnunuc-1-st","12":"pa_14788_vwmnunuc-2-st","13":"pa_14788_vwmnunuc-4-st","14":"desktop-align-left","15":"tablet-align-left","16":"mobile-align-left","18":"first","19":"instock","20":"shipping-taxable","21":"purchasable","22":"product-type-variable","23":"has-default-attributes"},"yoast_head":"<!-- This site is optimized with the Yoast SEO plugin v26.6 - https:\/\/yoast.com\/wordpress\/plugins\/seo\/ -->\n<title>H\u00e5llare f\u00f6r v\u00e4ggkontakt - Mekulo SE<\/title>\n<meta name=\"robots\" content=\"index, follow, max-snippet:-1, max-image-preview:large, max-video-preview:-1\" \/>\n<link rel=\"canonical\" href=\"https:\/\/mekulo.com\/se\/produkt\/hallare-for-vaggkontakt\/\" \/>\n<meta property=\"og:locale\" content=\"sv_SE\" \/>\n<meta property=\"og:type\" content=\"article\" \/>\n<meta property=\"og:title\" content=\"H\u00e5llare f\u00f6r v\u00e4ggkontakt - Mekulo SE\" \/>\n<meta property=\"og:description\" content=\"V\u00e4ggkontakth\u00e5llaren hj\u00e4lper dig att organisera laddare och kontakter p\u00e5 alla sl\u00e4ta v\u00e4ggar. Den sitter stadigt utan borrning och h\u00e5ller ditt utrymme snyggt och dina enheter l\u00e4tt\u00e5tkomliga.\" \/>\n<meta property=\"og:url\" content=\"https:\/\/mekulo.com\/se\/produkt\/hallare-for-vaggkontakt\/\" \/>\n<meta property=\"og:site_name\" content=\"Mekulo SE\" \/>\n<meta property=\"article:modified_time\" content=\"2026-02-10T09:53:28+00:00\" \/>\n<meta property=\"og:image\" content=\"https:\/\/mekulo.com\/se\/wp-content\/uploads\/sites\/11\/2026\/02\/6sfenb3-1.webp\" \/>\n\t<meta property=\"og:image:width\" content=\"1000\" \/>\n\t<meta property=\"og:image:height\" content=\"1000\" \/>\n\t<meta property=\"og:image:type\" content=\"image\/webp\" \/>\n<meta name=\"twitter:card\" content=\"summary_large_image\" \/>\n<meta name=\"twitter:label1\" content=\"Ber\u00e4knad l\u00e4stid\" \/>\n\t<meta name=\"twitter:data1\" content=\"2 minuter\" \/>\n<script type=\"application\/ld+json\" class=\"yoast-schema-graph\">{\"@context\":\"https:\/\/schema.org\",\"@graph\":[{\"@type\":\"WebPage\",\"@id\":\"https:\/\/mekulo.com\/se\/produkt\/hallare-for-vaggkontakt\/\",\"url\":\"https:\/\/mekulo.com\/se\/produkt\/hallare-for-vaggkontakt\/\",\"name\":\"H\u00e5llare f\u00f6r v\u00e4ggkontakt - Mekulo SE\",\"isPartOf\":{\"@id\":\"https:\/\/mekulo.com\/se\/#website\"},\"primaryImageOfPage\":{\"@id\":\"https:\/\/mekulo.com\/se\/produkt\/hallare-for-vaggkontakt\/#primaryimage\"},\"image\":{\"@id\":\"https:\/\/mekulo.com\/se\/produkt\/hallare-for-vaggkontakt\/#primaryimage\"},\"thumbnailUrl\":\"https:\/\/mekulo.com\/se\/wp-content\/uploads\/sites\/11\/2026\/02\/6sfenb3-1.webp\",\"datePublished\":\"2026-02-09T12:51:50+00:00\",\"dateModified\":\"2026-02-10T09:53:28+00:00\",\"breadcrumb\":{\"@id\":\"https:\/\/mekulo.com\/se\/produkt\/hallare-for-vaggkontakt\/#breadcrumb\"},\"inLanguage\":\"sv-SE\",\"potentialAction\":[{\"@type\":\"ReadAction\",\"target\":[\"https:\/\/mekulo.com\/se\/produkt\/hallare-for-vaggkontakt\/\"]}]},{\"@type\":\"ImageObject\",\"inLanguage\":\"sv-SE\",\"@id\":\"https:\/\/mekulo.com\/se\/produkt\/hallare-for-vaggkontakt\/#primaryimage\",\"url\":\"https:\/\/mekulo.com\/se\/wp-content\/uploads\/sites\/11\/2026\/02\/6sfenb3-1.webp\",\"contentUrl\":\"https:\/\/mekulo.com\/se\/wp-content\/uploads\/sites\/11\/2026\/02\/6sfenb3-1.webp\",\"width\":1000,\"height\":1000},{\"@type\":\"BreadcrumbList\",\"@id\":\"https:\/\/mekulo.com\/se\/produkt\/hallare-for-vaggkontakt\/#breadcrumb\",\"itemListElement\":[{\"@type\":\"ListItem\",\"position\":1,\"name\":\"Home\",\"item\":\"https:\/\/mekulo.com\/se\/\"},{\"@type\":\"ListItem\",\"position\":2,\"name\":\"Butik\",\"item\":\"https:\/\/mekulo.com\/se\/butik\/\"},{\"@type\":\"ListItem\",\"position\":3,\"name\":\"H\u00e5llare f\u00f6r v\u00e4ggkontakt\"}]},{\"@type\":\"WebSite\",\"@id\":\"https:\/\/mekulo.com\/se\/#website\",\"url\":\"https:\/\/mekulo.com\/se\/\",\"name\":\"Mekulo SE\",\"description\":\"\",\"publisher\":{\"@id\":\"https:\/\/mekulo.com\/se\/#organization\"},\"potentialAction\":[{\"@type\":\"SearchAction\",\"target\":{\"@type\":\"EntryPoint\",\"urlTemplate\":\"https:\/\/mekulo.com\/se\/?s={search_term_string}\"},\"query-input\":{\"@type\":\"PropertyValueSpecification\",\"valueRequired\":true,\"valueName\":\"search_term_string\"}}],\"inLanguage\":\"sv-SE\"},{\"@type\":\"Organization\",\"@id\":\"https:\/\/mekulo.com\/se\/#organization\",\"name\":\"Mekulo\",\"url\":\"https:\/\/mekulo.com\/se\/\",\"logo\":{\"@type\":\"ImageObject\",\"inLanguage\":\"sv-SE\",\"@id\":\"https:\/\/mekulo.com\/se\/#\/schema\/logo\/image\/\",\"url\":\"https:\/\/mekulo.com\/se\/wp-content\/uploads\/sites\/11\/2025\/12\/favicon_mekulo.png\",\"contentUrl\":\"https:\/\/mekulo.com\/se\/wp-content\/uploads\/sites\/11\/2025\/12\/favicon_mekulo.png\",\"width\":50,\"height\":50,\"caption\":\"Mekulo\"},\"image\":{\"@id\":\"https:\/\/mekulo.com\/se\/#\/schema\/logo\/image\/\"}}]}<\/script>\n<!-- \/ Yoast SEO plugin. -->","yoast_head_json":{"title":"H\u00e5llare f\u00f6r v\u00e4ggkontakt - Mekulo SE","robots":{"index":"index","follow":"follow","max-snippet":"max-snippet:-1","max-image-preview":"max-image-preview:large","max-video-preview":"max-video-preview:-1"},"canonical":"https:\/\/mekulo.com\/se\/produkt\/hallare-for-vaggkontakt\/","og_locale":"sv_SE","og_type":"article","og_title":"H\u00e5llare f\u00f6r v\u00e4ggkontakt - Mekulo SE","og_description":"V\u00e4ggkontakth\u00e5llaren hj\u00e4lper dig att organisera laddare och kontakter p\u00e5 alla sl\u00e4ta v\u00e4ggar. Den sitter stadigt utan borrning och h\u00e5ller ditt utrymme snyggt och dina enheter l\u00e4tt\u00e5tkomliga.","og_url":"https:\/\/mekulo.com\/se\/produkt\/hallare-for-vaggkontakt\/","og_site_name":"Mekulo SE","article_modified_time":"2026-02-10T09:53:28+00:00","og_image":[{"width":1000,"height":1000,"url":"https:\/\/mekulo.com\/se\/wp-content\/uploads\/sites\/11\/2026\/02\/6sfenb3-1.webp","type":"image\/webp"}],"twitter_card":"summary_large_image","twitter_misc":{"Ber\u00e4knad l\u00e4stid":"2 minuter"},"schema":{"@context":"https:\/\/schema.org","@graph":[{"@type":"WebPage","@id":"https:\/\/mekulo.com\/se\/produkt\/hallare-for-vaggkontakt\/","url":"https:\/\/mekulo.com\/se\/produkt\/hallare-for-vaggkontakt\/","name":"H\u00e5llare f\u00f6r v\u00e4ggkontakt - Mekulo SE","isPartOf":{"@id":"https:\/\/mekulo.com\/se\/#website"},"primaryImageOfPage":{"@id":"https:\/\/mekulo.com\/se\/produkt\/hallare-for-vaggkontakt\/#primaryimage"},"image":{"@id":"https:\/\/mekulo.com\/se\/produkt\/hallare-for-vaggkontakt\/#primaryimage"},"thumbnailUrl":"https:\/\/mekulo.com\/se\/wp-content\/uploads\/sites\/11\/2026\/02\/6sfenb3-1.webp","datePublished":"2026-02-09T12:51:50+00:00","dateModified":"2026-02-10T09:53:28+00:00","breadcrumb":{"@id":"https:\/\/mekulo.com\/se\/produkt\/hallare-for-vaggkontakt\/#breadcrumb"},"inLanguage":"sv-SE","potentialAction":[{"@type":"ReadAction","target":["https:\/\/mekulo.com\/se\/produkt\/hallare-for-vaggkontakt\/"]}]},{"@type":"ImageObject","inLanguage":"sv-SE","@id":"https:\/\/mekulo.com\/se\/produkt\/hallare-for-vaggkontakt\/#primaryimage","url":"https:\/\/mekulo.com\/se\/wp-content\/uploads\/sites\/11\/2026\/02\/6sfenb3-1.webp","contentUrl":"https:\/\/mekulo.com\/se\/wp-content\/uploads\/sites\/11\/2026\/02\/6sfenb3-1.webp","width":1000,"height":1000},{"@type":"BreadcrumbList","@id":"https:\/\/mekulo.com\/se\/produkt\/hallare-for-vaggkontakt\/#breadcrumb","itemListElement":[{"@type":"ListItem","position":1,"name":"Home","item":"https:\/\/mekulo.com\/se\/"},{"@type":"ListItem","position":2,"name":"Butik","item":"https:\/\/mekulo.com\/se\/butik\/"},{"@type":"ListItem","position":3,"name":"H\u00e5llare f\u00f6r v\u00e4ggkontakt"}]},{"@type":"WebSite","@id":"https:\/\/mekulo.com\/se\/#website","url":"https:\/\/mekulo.com\/se\/","name":"Mekulo SE","description":"","publisher":{"@id":"https:\/\/mekulo.com\/se\/#organization"},"potentialAction":[{"@type":"SearchAction","target":{"@type":"EntryPoint","urlTemplate":"https:\/\/mekulo.com\/se\/?s={search_term_string}"},"query-input":{"@type":"PropertyValueSpecification","valueRequired":true,"valueName":"search_term_string"}}],"inLanguage":"sv-SE"},{"@type":"Organization","@id":"https:\/\/mekulo.com\/se\/#organization","name":"Mekulo","url":"https:\/\/mekulo.com\/se\/","logo":{"@type":"ImageObject","inLanguage":"sv-SE","@id":"https:\/\/mekulo.com\/se\/#\/schema\/logo\/image\/","url":"https:\/\/mekulo.com\/se\/wp-content\/uploads\/sites\/11\/2025\/12\/favicon_mekulo.png","contentUrl":"https:\/\/mekulo.com\/se\/wp-content\/uploads\/sites\/11\/2025\/12\/favicon_mekulo.png","width":50,"height":50,"caption":"Mekulo"},"image":{"@id":"https:\/\/mekulo.com\/se\/#\/schema\/logo\/image\/"}}]}},"_links":{"self":[{"href":"https:\/\/mekulo.com\/se\/wp-json\/wp\/v2\/product\/22350","targetHints":{"allow":["GET"]}}],"collection":[{"href":"https:\/\/mekulo.com\/se\/wp-json\/wp\/v2\/product"}],"about":[{"href":"https:\/\/mekulo.com\/se\/wp-json\/wp\/v2\/types\/product"}],"replies":[{"embeddable":true,"href":"https:\/\/mekulo.com\/se\/wp-json\/wp\/v2\/comments?post=22350"}],"wp:featuredmedia":[{"embeddable":true,"href":"https:\/\/mekulo.com\/se\/wp-json\/wp\/v2\/media\/22346"}],"wp:attachment":[{"href":"https:\/\/mekulo.com\/se\/wp-json\/wp\/v2\/media?parent=22350"}],"wp:term":[{"taxonomy":"product_brand","embeddable":true,"href":"https:\/\/mekulo.com\/se\/wp-json\/wp\/v2\/product_brand?post=22350"},{"taxonomy":"product_cat","embeddable":true,"href":"https:\/\/mekulo.com\/se\/wp-json\/wp\/v2\/product_cat?post=22350"},{"taxonomy":"product_tag","embeddable":true,"href":"https:\/\/mekulo.com\/se\/wp-json\/wp\/v2\/product_tag?post=22350"}],"curies":[{"name":"wp","href":"https:\/\/api.w.org\/{rel}","templated":true}]}}