{"id":22335,"date":"2026-02-09T14:49:59","date_gmt":"2026-02-09T12:49:59","guid":{"rendered":"https:\/\/mekulo.com\/se\/produkt\/hylla-for-badrum\/"},"modified":"2026-02-09T14:50:10","modified_gmt":"2026-02-09T12:50:10","slug":"hylla-for-badrum","status":"publish","type":"product","link":"https:\/\/mekulo.com\/se\/produkt\/hylla-for-badrum\/","title":{"rendered":"Hylla f\u00f6r badrum"},"content":{"rendered":"<h2 class=\"font-claude-response-body break-words whitespace-normal leading-[1.7]\" style=\"text-align: center\"><strong>F\u00f6rvandla R\u00f6riga Utrymmen Till Organiserade Zoner Med Denna L\u00e4ttinstallerade F\u00f6rvaringsl\u00f6sning Med Sugkoppar.<\/strong><\/h2>\n<h4 style=\"text-align: center\"><img fetchpriority=\"high\" decoding=\"async\" class=\"aligncenter\" src=\"https:\/\/m.media-amazon.com\/images\/I\/711qCR6yYyL._AC_SL1500_.jpg\" width=\"652\" height=\"652\" \/><\/h4>\n<h2><\/h2>\n<h2 class=\"text-text-100 mt-3 -mb-1 text-[1.125rem] font-bold\" style=\"text-align: center\">Huvudf\u00f6rdelar \u2728<\/h2>\n<p class=\"font-claude-response-body break-words whitespace-normal leading-[1.7]\" style=\"text-align: center\">\ud83d\udd27 Ingen borrning kr\u00e4vs &#8211; Installationen med sugkoppar tar bara n\u00e5gra minuter utan att skada v\u00e4ggen<\/p>\n<p class=\"font-claude-response-body break-words whitespace-normal leading-[1.7]\" style=\"text-align: center\">\ud83d\udcaa Stark &amp; H\u00e5llbar &#8211; H\u00f6gkvalitativt material motst\u00e5r brott och slitage f\u00f6r l\u00e5ngvarig anv\u00e4ndning<\/p>\n<p class=\"font-claude-response-body break-words whitespace-normal leading-[1.7]\" style=\"text-align: center\">\ud83d\udca7 Bottenavloppsdesign &#8211; Vatten dr\u00e4neras bort automatiskt och h\u00e5ller f\u00f6rem\u00e5l rena och torra<\/p>\n<p class=\"font-claude-response-body break-words whitespace-normal leading-[1.7]\" style=\"text-align: center\">\ud83d\udce6 Stor lagringskapacitet &#8211; Rymmer badprodukter, k\u00f6ksartiklar, toalettartiklar och dagliga n\u00f6dv\u00e4ndigheter<\/p>\n<p class=\"font-claude-response-body break-words whitespace-normal leading-[1.7]\" style=\"text-align: center\">\ud83c\udfe0 Universell anv\u00e4ndning &#8211; Fungerar i badrum, k\u00f6k, sovrum, kontor, garage och mer<\/p>\n<p class=\"font-claude-response-body break-words whitespace-normal leading-[1.7]\" style=\"text-align: center\">\ud83e\uddfc L\u00e4tt att reng\u00f6ra &#8211; Avtagbar design m\u00f6jligg\u00f6r snabb reng\u00f6ring n\u00e4r det beh\u00f6vs<\/p>\n<h2><\/h2>\n<p style=\"text-align: center\"><img decoding=\"async\" class=\"\" src=\"https:\/\/m.media-amazon.com\/images\/I\/71cGD3g8VtL._AC_SL1500_.jpg\" width=\"839\" height=\"443\" \/><\/p>\n<h2 class=\"text-text-100 mt-3 -mb-1 text-[1.125rem] font-bold\" style=\"text-align: center\">Hur man anv\u00e4nder<\/h2>\n<ol class=\"[li_&amp;]:mb-0 [li_&amp;]:mt-1 [li_&amp;]:gap-1 [&amp;:not(:last-child)_ul]:pb-1 [&amp;:not(:last-child)_ol]:pb-1 list-decimal flex flex-col gap-1 pl-8 mb-3\" style=\"text-align: center\">\n<li class=\"whitespace-normal break-words pl-2\" style=\"text-align: left\">V\u00e4lj din hyllstorlek (Small, Big eller Both)<\/li>\n<li class=\"whitespace-normal break-words pl-2\" style=\"text-align: left\">Reng\u00f6r och torka v\u00e4ggytan d\u00e4r du vill montera hyllan<\/li>\n<li class=\"whitespace-normal break-words pl-2\" style=\"text-align: left\">Tryck sugkopparna ordentligt mot den sl\u00e4ta v\u00e4ggytan<\/li>\n<li class=\"whitespace-normal break-words pl-2\" style=\"text-align: left\">V\u00e4nta n\u00e5gra \u00f6gonblick tills suget sitter fast<\/li>\n<li class=\"whitespace-normal break-words pl-2\" style=\"text-align: left\">Placera dina f\u00f6rem\u00e5l i korgen &#8211; de nedre dr\u00e4neringsh\u00e5len l\u00e5ter vattnet rinna ut<\/li>\n<li class=\"whitespace-normal break-words pl-2\" style=\"text-align: left\">F\u00f6r att ta bort eller reng\u00f6ra, dra bara i sugfliken och lossa<\/li>\n<\/ol>\n<p style=\"text-align: center\"><img decoding=\"async\" class=\"\" src=\"https:\/\/m.media-amazon.com\/images\/I\/81bERjLgUaL._AC_SL1500_.jpg\" width=\"591\" height=\"591\" \/><\/p>\n<h2 style=\"text-align: center\">L\u00e4tt att reng\u00f6ra<\/h2>\n<p style=\"text-align: center\">Denna f\u00f6rvaringshylla har en stor kapacitet och en bottenavloppsdesign. Det kan lagra dagliga n\u00f6dv\u00e4ndigheter, badprodukter, k\u00f6kskryddor och andra f\u00f6rem\u00e5l i rummet.<\/p>\n<p style=\"text-align: center\"><img loading=\"lazy\" decoding=\"async\" class=\"\" src=\"https:\/\/m.media-amazon.com\/images\/I\/711qCR6yYyL._AC_SL1500_.jpg\" width=\"641\" height=\"641\" \/><\/p>\n<h2 class=\"text-text-100 mt-3 -mb-1 text-[1.125rem] font-bold\" style=\"text-align: center\">Produktdetaljer<\/h2>\n<ul class=\"[li_&amp;]:mb-0 [li_&amp;]:mt-1 [li_&amp;]:gap-1 [&amp;:not(:last-child)_ul]:pb-1 [&amp;:not(:last-child)_ol]:pb-1 list-disc flex flex-col gap-1 pl-8 mb-3\" style=\"text-align: center\">\n<li class=\"whitespace-normal break-words pl-2\" style=\"text-align: left\">Material: Slitstark plast av h\u00f6g kvalitet<\/li>\n<li class=\"whitespace-normal break-words pl-2\" style=\"text-align: left\">Installation: Sugkopp (ingen borrning kr\u00e4vs)<\/li>\n<li class=\"whitespace-normal break-words pl-2\" style=\"text-align: left\">Storleksalternativ: Liten, stor eller b\u00e5da<\/li>\n<li class=\"whitespace-normal break-words pl-2\" style=\"text-align: left\">Designfunktion: Bottenavloppsh\u00e5l f\u00f6r vattendr\u00e4nering<\/li>\n<li class=\"whitespace-normal break-words pl-2\" style=\"text-align: left\">Garanti: 30-dagars pengarna-tillbaka-garanti<\/li>\n<\/ul>\n<p style=\"text-align: center\"><img loading=\"lazy\" decoding=\"async\" class=\"\" src=\"https:\/\/m.media-amazon.com\/images\/I\/71tJEKumWOL._AC_SL1500_.jpg\" width=\"734\" height=\"734\" \/><\/p>\n<h2 class=\"text-text-100 mt-3 -mb-1 text-[1.125rem] font-bold\" style=\"text-align: center\">Paketet inneh\u00e5ller<\/h2>\n<ul class=\"[li_&amp;]:mb-0 [li_&amp;]:mt-1 [li_&amp;]:gap-1 [&amp;:not(:last-child)_ul]:pb-1 [&amp;:not(:last-child)_ol]:pb-1 list-disc flex flex-col gap-1 pl-8 mb-3\">\n<li class=\"whitespace-normal break-words pl-2\" style=\"text-align: center\">1x badrumshylla med sugkoppar (liten storlek)<\/li>\n<li class=\"whitespace-normal break-words pl-2\" style=\"text-align: center\">1x badrumshylla med sugkoppar (stor storlek)<\/li>\n<li class=\"whitespace-normal break-words pl-2\" style=\"text-align: center\">2x badrumshyllor med sugkoppar (om alternativet &#8221;B\u00e5da&#8221; v\u00e4ljs)<\/li>\n<\/ul>\n","protected":false},"excerpt":{"rendered":"<p>Ingen borrning, inga skador, inget kr\u00e5ngel. Denna m\u00e5ngsidiga badrumshylla anv\u00e4nder kraftfulla sugkoppar f\u00f6r att montera s\u00e4kert p\u00e5 alla sl\u00e4ta ytor p\u00e5 n\u00e5gra sekunder. Den h\u00e5llbara, slitstarka designen har ett smart bottenavloppssystem som h\u00e5ller f\u00f6rem\u00e5l torra och organiserade, vilket g\u00f6r den perfekt f\u00f6r badrum, k\u00f6k eller andra rum som beh\u00f6ver extra f\u00f6rvaringsutrymme.<\/p>\n","protected":false},"featured_media":22330,"comment_status":"open","ping_status":"closed","template":"","meta":{"site-sidebar-layout":"default","site-content-layout":"","ast-site-content-layout":"default","site-content-style":"default","site-sidebar-style":"default","ast-global-header-display":"","ast-banner-title-visibility":"","ast-main-header-display":"","ast-hfb-above-header-display":"","ast-hfb-below-header-display":"","ast-hfb-mobile-header-display":"","site-post-title":"","ast-breadcrumbs-content":"","ast-featured-img":"","footer-sml-layout":"","theme-transparent-header-meta":"default","adv-header-id-meta":"","stick-header-meta":"","header-above-stick-meta":"","header-main-stick-meta":"","header-below-stick-meta":"","astra-migrate-meta-layouts":"set","ast-page-background-enabled":"default","ast-page-background-meta":{"desktop":{"background-color":"var(--ast-global-color-5)","background-image":"","background-repeat":"repeat","background-position":"center center","background-size":"auto","background-attachment":"scroll","background-type":"","background-media":"","overlay-type":"","overlay-color":"","overlay-opacity":"","overlay-gradient":""},"tablet":{"background-color":"","background-image":"","background-repeat":"repeat","background-position":"center center","background-size":"auto","background-attachment":"scroll","background-type":"","background-media":"","overlay-type":"","overlay-color":"","overlay-opacity":"","overlay-gradient":""},"mobile":{"background-color":"","background-image":"","background-repeat":"repeat","background-position":"center center","background-size":"auto","background-attachment":"scroll","background-type":"","background-media":"","overlay-type":"","overlay-color":"","overlay-opacity":"","overlay-gradient":""}},"ast-content-background-meta":{"desktop":{"background-color":"var(--ast-global-color-4)","background-image":"","background-repeat":"repeat","background-position":"center center","background-size":"auto","background-attachment":"scroll","background-type":"","background-media":"","overlay-type":"","overlay-color":"","overlay-opacity":"","overlay-gradient":""},"tablet":{"background-color":"var(--ast-global-color-4)","background-image":"","background-repeat":"repeat","background-position":"center center","background-size":"auto","background-attachment":"scroll","background-type":"","background-media":"","overlay-type":"","overlay-color":"","overlay-opacity":"","overlay-gradient":""},"mobile":{"background-color":"var(--ast-global-color-4)","background-image":"","background-repeat":"repeat","background-position":"center center","background-size":"auto","background-attachment":"scroll","background-type":"","background-media":"","overlay-type":"","overlay-color":"","overlay-opacity":"","overlay-gradient":""}}},"product_brand":[],"product_cat":[168,162],"product_tag":[],"class_list":{"0":"post-22335","1":"product","2":"type-product","3":"status-publish","4":"has-post-thumbnail","6":"product_cat-hushallsartiklar","7":"product_cat-skonhets-och-hygienprodukter","8":"pa_14598_x08uysv6-liten","9":"pa_14598_x08uysv6-stor","10":"pa_14598_x08uysv6-stort-litet","11":"desktop-align-left","12":"tablet-align-left","13":"mobile-align-left","15":"first","16":"instock","17":"shipping-taxable","18":"purchasable","19":"product-type-variable"},"yoast_head":"<!-- This site is optimized with the Yoast SEO plugin v26.6 - https:\/\/yoast.com\/wordpress\/plugins\/seo\/ -->\n<title>Hylla f\u00f6r badrum - Mekulo SE<\/title>\n<meta name=\"robots\" content=\"index, follow, max-snippet:-1, max-image-preview:large, max-video-preview:-1\" \/>\n<link rel=\"canonical\" href=\"https:\/\/mekulo.com\/se\/produkt\/hylla-for-badrum\/\" \/>\n<meta property=\"og:locale\" content=\"sv_SE\" \/>\n<meta property=\"og:type\" content=\"article\" \/>\n<meta property=\"og:title\" content=\"Hylla f\u00f6r badrum - Mekulo SE\" \/>\n<meta property=\"og:description\" content=\"Ingen borrning, inga skador, inget kr\u00e5ngel. Denna m\u00e5ngsidiga badrumshylla anv\u00e4nder kraftfulla sugkoppar f\u00f6r att montera s\u00e4kert p\u00e5 alla sl\u00e4ta ytor p\u00e5 n\u00e5gra sekunder. Den h\u00e5llbara, slitstarka designen har ett smart bottenavloppssystem som h\u00e5ller f\u00f6rem\u00e5l torra och organiserade, vilket g\u00f6r den perfekt f\u00f6r badrum, k\u00f6k eller andra rum som beh\u00f6ver extra f\u00f6rvaringsutrymme.\" \/>\n<meta property=\"og:url\" content=\"https:\/\/mekulo.com\/se\/produkt\/hylla-for-badrum\/\" \/>\n<meta property=\"og:site_name\" content=\"Mekulo SE\" \/>\n<meta property=\"article:modified_time\" content=\"2026-02-09T12:50:10+00:00\" \/>\n<meta property=\"og:image\" content=\"https:\/\/mekulo.com\/se\/wp-content\/uploads\/sites\/11\/2026\/02\/4klny28-1.webp\" \/>\n\t<meta property=\"og:image:width\" content=\"800\" \/>\n\t<meta property=\"og:image:height\" content=\"800\" \/>\n\t<meta property=\"og:image:type\" content=\"image\/webp\" \/>\n<meta name=\"twitter:card\" content=\"summary_large_image\" \/>\n<meta name=\"twitter:label1\" content=\"Ber\u00e4knad l\u00e4stid\" \/>\n\t<meta name=\"twitter:data1\" content=\"3 minuter\" \/>\n<script type=\"application\/ld+json\" class=\"yoast-schema-graph\">{\"@context\":\"https:\/\/schema.org\",\"@graph\":[{\"@type\":\"WebPage\",\"@id\":\"https:\/\/mekulo.com\/se\/produkt\/hylla-for-badrum\/\",\"url\":\"https:\/\/mekulo.com\/se\/produkt\/hylla-for-badrum\/\",\"name\":\"Hylla f\u00f6r badrum - Mekulo SE\",\"isPartOf\":{\"@id\":\"https:\/\/mekulo.com\/se\/#website\"},\"primaryImageOfPage\":{\"@id\":\"https:\/\/mekulo.com\/se\/produkt\/hylla-for-badrum\/#primaryimage\"},\"image\":{\"@id\":\"https:\/\/mekulo.com\/se\/produkt\/hylla-for-badrum\/#primaryimage\"},\"thumbnailUrl\":\"https:\/\/mekulo.com\/se\/wp-content\/uploads\/sites\/11\/2026\/02\/4klny28-1.webp\",\"datePublished\":\"2026-02-09T12:49:59+00:00\",\"dateModified\":\"2026-02-09T12:50:10+00:00\",\"breadcrumb\":{\"@id\":\"https:\/\/mekulo.com\/se\/produkt\/hylla-for-badrum\/#breadcrumb\"},\"inLanguage\":\"sv-SE\",\"potentialAction\":[{\"@type\":\"ReadAction\",\"target\":[\"https:\/\/mekulo.com\/se\/produkt\/hylla-for-badrum\/\"]}]},{\"@type\":\"ImageObject\",\"inLanguage\":\"sv-SE\",\"@id\":\"https:\/\/mekulo.com\/se\/produkt\/hylla-for-badrum\/#primaryimage\",\"url\":\"https:\/\/mekulo.com\/se\/wp-content\/uploads\/sites\/11\/2026\/02\/4klny28-1.webp\",\"contentUrl\":\"https:\/\/mekulo.com\/se\/wp-content\/uploads\/sites\/11\/2026\/02\/4klny28-1.webp\",\"width\":800,\"height\":800},{\"@type\":\"BreadcrumbList\",\"@id\":\"https:\/\/mekulo.com\/se\/produkt\/hylla-for-badrum\/#breadcrumb\",\"itemListElement\":[{\"@type\":\"ListItem\",\"position\":1,\"name\":\"Home\",\"item\":\"https:\/\/mekulo.com\/se\/\"},{\"@type\":\"ListItem\",\"position\":2,\"name\":\"Butik\",\"item\":\"https:\/\/mekulo.com\/se\/butik\/\"},{\"@type\":\"ListItem\",\"position\":3,\"name\":\"Hylla f\u00f6r badrum\"}]},{\"@type\":\"WebSite\",\"@id\":\"https:\/\/mekulo.com\/se\/#website\",\"url\":\"https:\/\/mekulo.com\/se\/\",\"name\":\"Mekulo SE\",\"description\":\"\",\"publisher\":{\"@id\":\"https:\/\/mekulo.com\/se\/#organization\"},\"potentialAction\":[{\"@type\":\"SearchAction\",\"target\":{\"@type\":\"EntryPoint\",\"urlTemplate\":\"https:\/\/mekulo.com\/se\/?s={search_term_string}\"},\"query-input\":{\"@type\":\"PropertyValueSpecification\",\"valueRequired\":true,\"valueName\":\"search_term_string\"}}],\"inLanguage\":\"sv-SE\"},{\"@type\":\"Organization\",\"@id\":\"https:\/\/mekulo.com\/se\/#organization\",\"name\":\"Mekulo\",\"url\":\"https:\/\/mekulo.com\/se\/\",\"logo\":{\"@type\":\"ImageObject\",\"inLanguage\":\"sv-SE\",\"@id\":\"https:\/\/mekulo.com\/se\/#\/schema\/logo\/image\/\",\"url\":\"https:\/\/mekulo.com\/se\/wp-content\/uploads\/sites\/11\/2025\/12\/favicon_mekulo.png\",\"contentUrl\":\"https:\/\/mekulo.com\/se\/wp-content\/uploads\/sites\/11\/2025\/12\/favicon_mekulo.png\",\"width\":50,\"height\":50,\"caption\":\"Mekulo\"},\"image\":{\"@id\":\"https:\/\/mekulo.com\/se\/#\/schema\/logo\/image\/\"}}]}<\/script>\n<!-- \/ Yoast SEO plugin. -->","yoast_head_json":{"title":"Hylla f\u00f6r badrum - Mekulo SE","robots":{"index":"index","follow":"follow","max-snippet":"max-snippet:-1","max-image-preview":"max-image-preview:large","max-video-preview":"max-video-preview:-1"},"canonical":"https:\/\/mekulo.com\/se\/produkt\/hylla-for-badrum\/","og_locale":"sv_SE","og_type":"article","og_title":"Hylla f\u00f6r badrum - Mekulo SE","og_description":"Ingen borrning, inga skador, inget kr\u00e5ngel. Denna m\u00e5ngsidiga badrumshylla anv\u00e4nder kraftfulla sugkoppar f\u00f6r att montera s\u00e4kert p\u00e5 alla sl\u00e4ta ytor p\u00e5 n\u00e5gra sekunder. Den h\u00e5llbara, slitstarka designen har ett smart bottenavloppssystem som h\u00e5ller f\u00f6rem\u00e5l torra och organiserade, vilket g\u00f6r den perfekt f\u00f6r badrum, k\u00f6k eller andra rum som beh\u00f6ver extra f\u00f6rvaringsutrymme.","og_url":"https:\/\/mekulo.com\/se\/produkt\/hylla-for-badrum\/","og_site_name":"Mekulo SE","article_modified_time":"2026-02-09T12:50:10+00:00","og_image":[{"width":800,"height":800,"url":"https:\/\/mekulo.com\/se\/wp-content\/uploads\/sites\/11\/2026\/02\/4klny28-1.webp","type":"image\/webp"}],"twitter_card":"summary_large_image","twitter_misc":{"Ber\u00e4knad l\u00e4stid":"3 minuter"},"schema":{"@context":"https:\/\/schema.org","@graph":[{"@type":"WebPage","@id":"https:\/\/mekulo.com\/se\/produkt\/hylla-for-badrum\/","url":"https:\/\/mekulo.com\/se\/produkt\/hylla-for-badrum\/","name":"Hylla f\u00f6r badrum - Mekulo SE","isPartOf":{"@id":"https:\/\/mekulo.com\/se\/#website"},"primaryImageOfPage":{"@id":"https:\/\/mekulo.com\/se\/produkt\/hylla-for-badrum\/#primaryimage"},"image":{"@id":"https:\/\/mekulo.com\/se\/produkt\/hylla-for-badrum\/#primaryimage"},"thumbnailUrl":"https:\/\/mekulo.com\/se\/wp-content\/uploads\/sites\/11\/2026\/02\/4klny28-1.webp","datePublished":"2026-02-09T12:49:59+00:00","dateModified":"2026-02-09T12:50:10+00:00","breadcrumb":{"@id":"https:\/\/mekulo.com\/se\/produkt\/hylla-for-badrum\/#breadcrumb"},"inLanguage":"sv-SE","potentialAction":[{"@type":"ReadAction","target":["https:\/\/mekulo.com\/se\/produkt\/hylla-for-badrum\/"]}]},{"@type":"ImageObject","inLanguage":"sv-SE","@id":"https:\/\/mekulo.com\/se\/produkt\/hylla-for-badrum\/#primaryimage","url":"https:\/\/mekulo.com\/se\/wp-content\/uploads\/sites\/11\/2026\/02\/4klny28-1.webp","contentUrl":"https:\/\/mekulo.com\/se\/wp-content\/uploads\/sites\/11\/2026\/02\/4klny28-1.webp","width":800,"height":800},{"@type":"BreadcrumbList","@id":"https:\/\/mekulo.com\/se\/produkt\/hylla-for-badrum\/#breadcrumb","itemListElement":[{"@type":"ListItem","position":1,"name":"Home","item":"https:\/\/mekulo.com\/se\/"},{"@type":"ListItem","position":2,"name":"Butik","item":"https:\/\/mekulo.com\/se\/butik\/"},{"@type":"ListItem","position":3,"name":"Hylla f\u00f6r badrum"}]},{"@type":"WebSite","@id":"https:\/\/mekulo.com\/se\/#website","url":"https:\/\/mekulo.com\/se\/","name":"Mekulo SE","description":"","publisher":{"@id":"https:\/\/mekulo.com\/se\/#organization"},"potentialAction":[{"@type":"SearchAction","target":{"@type":"EntryPoint","urlTemplate":"https:\/\/mekulo.com\/se\/?s={search_term_string}"},"query-input":{"@type":"PropertyValueSpecification","valueRequired":true,"valueName":"search_term_string"}}],"inLanguage":"sv-SE"},{"@type":"Organization","@id":"https:\/\/mekulo.com\/se\/#organization","name":"Mekulo","url":"https:\/\/mekulo.com\/se\/","logo":{"@type":"ImageObject","inLanguage":"sv-SE","@id":"https:\/\/mekulo.com\/se\/#\/schema\/logo\/image\/","url":"https:\/\/mekulo.com\/se\/wp-content\/uploads\/sites\/11\/2025\/12\/favicon_mekulo.png","contentUrl":"https:\/\/mekulo.com\/se\/wp-content\/uploads\/sites\/11\/2025\/12\/favicon_mekulo.png","width":50,"height":50,"caption":"Mekulo"},"image":{"@id":"https:\/\/mekulo.com\/se\/#\/schema\/logo\/image\/"}}]}},"_links":{"self":[{"href":"https:\/\/mekulo.com\/se\/wp-json\/wp\/v2\/product\/22335","targetHints":{"allow":["GET"]}}],"collection":[{"href":"https:\/\/mekulo.com\/se\/wp-json\/wp\/v2\/product"}],"about":[{"href":"https:\/\/mekulo.com\/se\/wp-json\/wp\/v2\/types\/product"}],"replies":[{"embeddable":true,"href":"https:\/\/mekulo.com\/se\/wp-json\/wp\/v2\/comments?post=22335"}],"wp:featuredmedia":[{"embeddable":true,"href":"https:\/\/mekulo.com\/se\/wp-json\/wp\/v2\/media\/22330"}],"wp:attachment":[{"href":"https:\/\/mekulo.com\/se\/wp-json\/wp\/v2\/media?parent=22335"}],"wp:term":[{"taxonomy":"product_brand","embeddable":true,"href":"https:\/\/mekulo.com\/se\/wp-json\/wp\/v2\/product_brand?post=22335"},{"taxonomy":"product_cat","embeddable":true,"href":"https:\/\/mekulo.com\/se\/wp-json\/wp\/v2\/product_cat?post=22335"},{"taxonomy":"product_tag","embeddable":true,"href":"https:\/\/mekulo.com\/se\/wp-json\/wp\/v2\/product_tag?post=22335"}],"curies":[{"name":"wp","href":"https:\/\/api.w.org\/{rel}","templated":true}]}}