{"id":22310,"date":"2026-02-09T14:14:36","date_gmt":"2026-02-09T12:14:36","guid":{"rendered":"https:\/\/mekulo.com\/se\/produkt\/agghallare\/"},"modified":"2026-03-02T12:25:41","modified_gmt":"2026-03-02T10:25:41","slug":"agghallare","status":"publish","type":"product","link":"https:\/\/mekulo.com\/se\/produkt\/agghallare\/","title":{"rendered":"\u00c4ggh\u00e5llare"},"content":{"rendered":"<div class=\"text-base my-auto mx-auto pb-10 [--thread-content-margin:--spacing(4)] @w-sm\/main:[--thread-content-margin:--spacing(6)] @w-lg\/main:[--thread-content-margin:--spacing(16)] px-(--thread-content-margin)\">\n<div class=\"[--thread-content-max-width:40rem] @w-lg\/main:[--thread-content-max-width:48rem] mx-auto max-w-(--thread-content-max-width) flex-1 group\/turn-messages focus-visible:outline-hidden relative flex w-full min-w-0 flex-col agent-turn\">\n<div class=\"flex max-w-full flex-col grow\">\n<h2 style=\"text-align: center\">H\u00e5ll ordning p\u00e5 dina \u00e4gg och ha dem alltid inom r\u00e4ckh\u00e5ll.<\/h2>\n<\/div>\n<\/div>\n<\/div>\n<p><img decoding=\"async\" class=\"alignnone size-medium wp-image-2304 aligncenter\" src=\"https:\/\/keluvo.com\/template\/wp-content\/uploads\/sites\/5\/2024\/10\/6346645c-a9b0-4a72-a594-ae768a94bc60.webp\" alt=\"\" \/><\/p>\n<h3 style=\"text-align: center\" data-start=\"246\" data-end=\"266\">\ud83e\udd5a Huvudf\u00f6rdelar<\/h3>\n<h2><\/h2>\n<p style=\"text-align: left\" data-start=\"269\" data-end=\"335\">\ud83d\udd04 Automatisk rullande design &#8211; \u00c4ggen r\u00f6r sig fram\u00e5t av sig sj\u00e4lva<\/p>\n<p style=\"text-align: left\" data-start=\"338\" data-end=\"391\">\ud83d\udce6 Stor kapacitet &#8211; Rymmer flera \u00e4gg samtidigt<\/p>\n<p style=\"text-align: left\" data-start=\"394\" data-end=\"454\">\ud83e\uddca Kylsk\u00e5psv\u00e4nlig &#8211; Passar snyggt utan att sl\u00f6sa utrymme<\/p>\n<p style=\"text-align: left\" data-start=\"457\" data-end=\"512\">\ud83e\uddfc Enkel \u00e5tkomst &#8211; Du beh\u00f6ver inte flytta hela h\u00e5llaren<\/p>\n<p style=\"text-align: left\" data-start=\"515\" data-end=\"577\">\ud83c\udfe0 Renare organisation &#8211; H\u00e5ller \u00e4ggen f\u00f6rvarade p\u00e5 ett st\u00e4lle<\/p>\n<h2 style=\"text-align: center\"><img decoding=\"async\" class=\"alignnone size-medium wp-image-2305 aligncenter\" style=\"font-size: 16px;font-style: inherit;font-weight: inherit\" src=\"https:\/\/keluvo.com\/template\/wp-content\/uploads\/sites\/5\/2024\/10\/bb5b5602-cd61-460b-8100-04ac6d924773.webp\" alt=\"\" \/><\/h2>\n<h3 style=\"text-align: center\" data-start=\"777\" data-end=\"799\">\ud83d\udccf Produktdetaljer<\/h3>\n<h2><\/h2>\n<ul data-start=\"800\" data-end=\"942\">\n<li data-start=\"800\" data-end=\"840\">\n<p data-start=\"802\" data-end=\"840\">Automatisk rullande \u00e4ggf\u00f6rvaringsh\u00e5llare<\/p>\n<\/li>\n<li data-start=\"841\" data-end=\"874\">\n<p data-start=\"843\" data-end=\"874\">Designad f\u00f6r anv\u00e4ndning i kylsk\u00e5p<\/p>\n<\/li>\n<li data-start=\"875\" data-end=\"907\">\n<p data-start=\"877\" data-end=\"907\">Rymdbesparande vertikal design<\/p>\n<\/li>\n<li data-start=\"908\" data-end=\"942\">\n<p data-start=\"910\" data-end=\"942\">Tillg\u00e4ngliga f\u00e4rger: Brun, Vit<\/p>\n<\/li>\n<\/ul>\n<h3 style=\"text-align: center\" data-start=\"949\" data-end=\"972\">\ud83d\udce6 Paketet inneh\u00e5ller<\/h3>\n<h2><\/h2>\n<p style=\"text-align: left\" data-start=\"975\" data-end=\"991\">1 \u00d7 \u00c4ggh\u00e5llare<\/p>\n<p style=\"text-align: center\" data-start=\"993\" data-end=\"1094\" data-is-last-node=\"\" data-is-only-node=\"\">Ett enkelt och smart s\u00e4tt att f\u00f6rvara \u00e4gg, spara utrymme och h\u00e5lla ditt kylsk\u00e5p perfekt organiserat varje dag.<\/p>\n<p data-start=\"993\" data-end=\"1094\" data-is-last-node=\"\" data-is-only-node=\"\">\n","protected":false},"excerpt":{"rendered":"<p><span style=\"font-size: 16px\">Denna automatiskt rullande \u00e4ggh\u00e5llare h\u00e5ller ordning i kylsk\u00e5pet och g\u00f6r det snabbt och enkelt att plocka fram \u00e4gg. Varje \u00e4gg rullar fram\u00e5t n\u00e4r ett har tagits, s\u00e5 att n\u00e4sta f\u00e4rska \u00e4gg alltid \u00e4r redo.<\/span><\/p>\n","protected":false},"featured_media":22306,"comment_status":"open","ping_status":"closed","template":"","meta":{"site-sidebar-layout":"default","site-content-layout":"","ast-site-content-layout":"default","site-content-style":"default","site-sidebar-style":"default","ast-global-header-display":"","ast-banner-title-visibility":"","ast-main-header-display":"","ast-hfb-above-header-display":"","ast-hfb-below-header-display":"","ast-hfb-mobile-header-display":"","site-post-title":"","ast-breadcrumbs-content":"","ast-featured-img":"","footer-sml-layout":"","theme-transparent-header-meta":"default","adv-header-id-meta":"","stick-header-meta":"","header-above-stick-meta":"","header-main-stick-meta":"","header-below-stick-meta":"","astra-migrate-meta-layouts":"set","ast-page-background-enabled":"default","ast-page-background-meta":{"desktop":{"background-color":"var(--ast-global-color-5)","background-image":"","background-repeat":"repeat","background-position":"center center","background-size":"auto","background-attachment":"scroll","background-type":"","background-media":"","overlay-type":"","overlay-color":"","overlay-opacity":"","overlay-gradient":""},"tablet":{"background-color":"","background-image":"","background-repeat":"repeat","background-position":"center center","background-size":"auto","background-attachment":"scroll","background-type":"","background-media":"","overlay-type":"","overlay-color":"","overlay-opacity":"","overlay-gradient":""},"mobile":{"background-color":"","background-image":"","background-repeat":"repeat","background-position":"center center","background-size":"auto","background-attachment":"scroll","background-type":"","background-media":"","overlay-type":"","overlay-color":"","overlay-opacity":"","overlay-gradient":""}},"ast-content-background-meta":{"desktop":{"background-color":"var(--ast-global-color-4)","background-image":"","background-repeat":"repeat","background-position":"center center","background-size":"auto","background-attachment":"scroll","background-type":"","background-media":"","overlay-type":"","overlay-color":"","overlay-opacity":"","overlay-gradient":""},"tablet":{"background-color":"var(--ast-global-color-4)","background-image":"","background-repeat":"repeat","background-position":"center center","background-size":"auto","background-attachment":"scroll","background-type":"","background-media":"","overlay-type":"","overlay-color":"","overlay-opacity":"","overlay-gradient":""},"mobile":{"background-color":"var(--ast-global-color-4)","background-image":"","background-repeat":"repeat","background-position":"center center","background-size":"auto","background-attachment":"scroll","background-type":"","background-media":"","overlay-type":"","overlay-color":"","overlay-opacity":"","overlay-gradient":""}}},"product_brand":[],"product_cat":[168],"product_tag":[],"class_list":{"0":"post-22310","1":"product","2":"type-product","3":"status-publish","4":"has-post-thumbnail","6":"product_cat-hushallsartiklar","7":"pa_14771_s280gdp4-1-st","8":"pa_14771_s280gdp4-2-st","9":"pa_14771_s280gdp4-3-st","10":"pa_14771_vlhlgn6u-brun","11":"pa_14771_vlhlgn6u-vit","12":"desktop-align-left","13":"tablet-align-left","14":"mobile-align-left","16":"first","17":"instock","18":"shipping-taxable","19":"purchasable","20":"product-type-variable"},"yoast_head":"<!-- This site is optimized with the Yoast SEO plugin v26.6 - https:\/\/yoast.com\/wordpress\/plugins\/seo\/ -->\n<title>\u00c4ggh\u00e5llare - Mekulo SE<\/title>\n<meta name=\"robots\" content=\"index, follow, max-snippet:-1, max-image-preview:large, max-video-preview:-1\" \/>\n<link rel=\"canonical\" href=\"https:\/\/mekulo.com\/se\/produkt\/agghallare\/\" \/>\n<meta property=\"og:locale\" content=\"sv_SE\" \/>\n<meta property=\"og:type\" content=\"article\" \/>\n<meta property=\"og:title\" content=\"\u00c4ggh\u00e5llare - Mekulo SE\" \/>\n<meta property=\"og:description\" content=\"Denna automatiskt rullande \u00e4ggh\u00e5llare h\u00e5ller ordning i kylsk\u00e5pet och g\u00f6r det snabbt och enkelt att plocka fram \u00e4gg. Varje \u00e4gg rullar fram\u00e5t n\u00e4r ett har tagits, s\u00e5 att n\u00e4sta f\u00e4rska \u00e4gg alltid \u00e4r redo.\" \/>\n<meta property=\"og:url\" content=\"https:\/\/mekulo.com\/se\/produkt\/agghallare\/\" \/>\n<meta property=\"og:site_name\" content=\"Mekulo SE\" \/>\n<meta property=\"article:modified_time\" content=\"2026-03-02T10:25:41+00:00\" \/>\n<meta property=\"og:image\" content=\"https:\/\/mekulo.com\/se\/wp-content\/uploads\/sites\/11\/2026\/02\/uma3l7z-1.webp\" \/>\n\t<meta property=\"og:image:width\" content=\"800\" \/>\n\t<meta property=\"og:image:height\" content=\"800\" \/>\n\t<meta property=\"og:image:type\" content=\"image\/webp\" \/>\n<meta name=\"twitter:card\" content=\"summary_large_image\" \/>\n<meta name=\"twitter:label1\" content=\"Ber\u00e4knad l\u00e4stid\" \/>\n\t<meta name=\"twitter:data1\" content=\"2 minuter\" \/>\n<script type=\"application\/ld+json\" class=\"yoast-schema-graph\">{\"@context\":\"https:\/\/schema.org\",\"@graph\":[{\"@type\":\"WebPage\",\"@id\":\"https:\/\/mekulo.com\/se\/produkt\/agghallare\/\",\"url\":\"https:\/\/mekulo.com\/se\/produkt\/agghallare\/\",\"name\":\"\u00c4ggh\u00e5llare - Mekulo SE\",\"isPartOf\":{\"@id\":\"https:\/\/mekulo.com\/se\/#website\"},\"primaryImageOfPage\":{\"@id\":\"https:\/\/mekulo.com\/se\/produkt\/agghallare\/#primaryimage\"},\"image\":{\"@id\":\"https:\/\/mekulo.com\/se\/produkt\/agghallare\/#primaryimage\"},\"thumbnailUrl\":\"https:\/\/mekulo.com\/se\/wp-content\/uploads\/sites\/11\/2026\/02\/uma3l7z-1.webp\",\"datePublished\":\"2026-02-09T12:14:36+00:00\",\"dateModified\":\"2026-03-02T10:25:41+00:00\",\"breadcrumb\":{\"@id\":\"https:\/\/mekulo.com\/se\/produkt\/agghallare\/#breadcrumb\"},\"inLanguage\":\"sv-SE\",\"potentialAction\":[{\"@type\":\"ReadAction\",\"target\":[\"https:\/\/mekulo.com\/se\/produkt\/agghallare\/\"]}]},{\"@type\":\"ImageObject\",\"inLanguage\":\"sv-SE\",\"@id\":\"https:\/\/mekulo.com\/se\/produkt\/agghallare\/#primaryimage\",\"url\":\"https:\/\/mekulo.com\/se\/wp-content\/uploads\/sites\/11\/2026\/02\/uma3l7z-1.webp\",\"contentUrl\":\"https:\/\/mekulo.com\/se\/wp-content\/uploads\/sites\/11\/2026\/02\/uma3l7z-1.webp\",\"width\":800,\"height\":800},{\"@type\":\"BreadcrumbList\",\"@id\":\"https:\/\/mekulo.com\/se\/produkt\/agghallare\/#breadcrumb\",\"itemListElement\":[{\"@type\":\"ListItem\",\"position\":1,\"name\":\"Home\",\"item\":\"https:\/\/mekulo.com\/se\/\"},{\"@type\":\"ListItem\",\"position\":2,\"name\":\"Butik\",\"item\":\"https:\/\/mekulo.com\/se\/butik\/\"},{\"@type\":\"ListItem\",\"position\":3,\"name\":\"\u00c4ggh\u00e5llare\"}]},{\"@type\":\"WebSite\",\"@id\":\"https:\/\/mekulo.com\/se\/#website\",\"url\":\"https:\/\/mekulo.com\/se\/\",\"name\":\"Mekulo SE\",\"description\":\"\",\"publisher\":{\"@id\":\"https:\/\/mekulo.com\/se\/#organization\"},\"potentialAction\":[{\"@type\":\"SearchAction\",\"target\":{\"@type\":\"EntryPoint\",\"urlTemplate\":\"https:\/\/mekulo.com\/se\/?s={search_term_string}\"},\"query-input\":{\"@type\":\"PropertyValueSpecification\",\"valueRequired\":true,\"valueName\":\"search_term_string\"}}],\"inLanguage\":\"sv-SE\"},{\"@type\":\"Organization\",\"@id\":\"https:\/\/mekulo.com\/se\/#organization\",\"name\":\"Mekulo\",\"url\":\"https:\/\/mekulo.com\/se\/\",\"logo\":{\"@type\":\"ImageObject\",\"inLanguage\":\"sv-SE\",\"@id\":\"https:\/\/mekulo.com\/se\/#\/schema\/logo\/image\/\",\"url\":\"https:\/\/mekulo.com\/se\/wp-content\/uploads\/sites\/11\/2025\/12\/favicon_mekulo.png\",\"contentUrl\":\"https:\/\/mekulo.com\/se\/wp-content\/uploads\/sites\/11\/2025\/12\/favicon_mekulo.png\",\"width\":50,\"height\":50,\"caption\":\"Mekulo\"},\"image\":{\"@id\":\"https:\/\/mekulo.com\/se\/#\/schema\/logo\/image\/\"}}]}<\/script>\n<!-- \/ Yoast SEO plugin. -->","yoast_head_json":{"title":"\u00c4ggh\u00e5llare - Mekulo SE","robots":{"index":"index","follow":"follow","max-snippet":"max-snippet:-1","max-image-preview":"max-image-preview:large","max-video-preview":"max-video-preview:-1"},"canonical":"https:\/\/mekulo.com\/se\/produkt\/agghallare\/","og_locale":"sv_SE","og_type":"article","og_title":"\u00c4ggh\u00e5llare - Mekulo SE","og_description":"Denna automatiskt rullande \u00e4ggh\u00e5llare h\u00e5ller ordning i kylsk\u00e5pet och g\u00f6r det snabbt och enkelt att plocka fram \u00e4gg. Varje \u00e4gg rullar fram\u00e5t n\u00e4r ett har tagits, s\u00e5 att n\u00e4sta f\u00e4rska \u00e4gg alltid \u00e4r redo.","og_url":"https:\/\/mekulo.com\/se\/produkt\/agghallare\/","og_site_name":"Mekulo SE","article_modified_time":"2026-03-02T10:25:41+00:00","og_image":[{"width":800,"height":800,"url":"https:\/\/mekulo.com\/se\/wp-content\/uploads\/sites\/11\/2026\/02\/uma3l7z-1.webp","type":"image\/webp"}],"twitter_card":"summary_large_image","twitter_misc":{"Ber\u00e4knad l\u00e4stid":"2 minuter"},"schema":{"@context":"https:\/\/schema.org","@graph":[{"@type":"WebPage","@id":"https:\/\/mekulo.com\/se\/produkt\/agghallare\/","url":"https:\/\/mekulo.com\/se\/produkt\/agghallare\/","name":"\u00c4ggh\u00e5llare - Mekulo SE","isPartOf":{"@id":"https:\/\/mekulo.com\/se\/#website"},"primaryImageOfPage":{"@id":"https:\/\/mekulo.com\/se\/produkt\/agghallare\/#primaryimage"},"image":{"@id":"https:\/\/mekulo.com\/se\/produkt\/agghallare\/#primaryimage"},"thumbnailUrl":"https:\/\/mekulo.com\/se\/wp-content\/uploads\/sites\/11\/2026\/02\/uma3l7z-1.webp","datePublished":"2026-02-09T12:14:36+00:00","dateModified":"2026-03-02T10:25:41+00:00","breadcrumb":{"@id":"https:\/\/mekulo.com\/se\/produkt\/agghallare\/#breadcrumb"},"inLanguage":"sv-SE","potentialAction":[{"@type":"ReadAction","target":["https:\/\/mekulo.com\/se\/produkt\/agghallare\/"]}]},{"@type":"ImageObject","inLanguage":"sv-SE","@id":"https:\/\/mekulo.com\/se\/produkt\/agghallare\/#primaryimage","url":"https:\/\/mekulo.com\/se\/wp-content\/uploads\/sites\/11\/2026\/02\/uma3l7z-1.webp","contentUrl":"https:\/\/mekulo.com\/se\/wp-content\/uploads\/sites\/11\/2026\/02\/uma3l7z-1.webp","width":800,"height":800},{"@type":"BreadcrumbList","@id":"https:\/\/mekulo.com\/se\/produkt\/agghallare\/#breadcrumb","itemListElement":[{"@type":"ListItem","position":1,"name":"Home","item":"https:\/\/mekulo.com\/se\/"},{"@type":"ListItem","position":2,"name":"Butik","item":"https:\/\/mekulo.com\/se\/butik\/"},{"@type":"ListItem","position":3,"name":"\u00c4ggh\u00e5llare"}]},{"@type":"WebSite","@id":"https:\/\/mekulo.com\/se\/#website","url":"https:\/\/mekulo.com\/se\/","name":"Mekulo SE","description":"","publisher":{"@id":"https:\/\/mekulo.com\/se\/#organization"},"potentialAction":[{"@type":"SearchAction","target":{"@type":"EntryPoint","urlTemplate":"https:\/\/mekulo.com\/se\/?s={search_term_string}"},"query-input":{"@type":"PropertyValueSpecification","valueRequired":true,"valueName":"search_term_string"}}],"inLanguage":"sv-SE"},{"@type":"Organization","@id":"https:\/\/mekulo.com\/se\/#organization","name":"Mekulo","url":"https:\/\/mekulo.com\/se\/","logo":{"@type":"ImageObject","inLanguage":"sv-SE","@id":"https:\/\/mekulo.com\/se\/#\/schema\/logo\/image\/","url":"https:\/\/mekulo.com\/se\/wp-content\/uploads\/sites\/11\/2025\/12\/favicon_mekulo.png","contentUrl":"https:\/\/mekulo.com\/se\/wp-content\/uploads\/sites\/11\/2025\/12\/favicon_mekulo.png","width":50,"height":50,"caption":"Mekulo"},"image":{"@id":"https:\/\/mekulo.com\/se\/#\/schema\/logo\/image\/"}}]}},"_links":{"self":[{"href":"https:\/\/mekulo.com\/se\/wp-json\/wp\/v2\/product\/22310","targetHints":{"allow":["GET"]}}],"collection":[{"href":"https:\/\/mekulo.com\/se\/wp-json\/wp\/v2\/product"}],"about":[{"href":"https:\/\/mekulo.com\/se\/wp-json\/wp\/v2\/types\/product"}],"replies":[{"embeddable":true,"href":"https:\/\/mekulo.com\/se\/wp-json\/wp\/v2\/comments?post=22310"}],"wp:featuredmedia":[{"embeddable":true,"href":"https:\/\/mekulo.com\/se\/wp-json\/wp\/v2\/media\/22306"}],"wp:attachment":[{"href":"https:\/\/mekulo.com\/se\/wp-json\/wp\/v2\/media?parent=22310"}],"wp:term":[{"taxonomy":"product_brand","embeddable":true,"href":"https:\/\/mekulo.com\/se\/wp-json\/wp\/v2\/product_brand?post=22310"},{"taxonomy":"product_cat","embeddable":true,"href":"https:\/\/mekulo.com\/se\/wp-json\/wp\/v2\/product_cat?post=22310"},{"taxonomy":"product_tag","embeddable":true,"href":"https:\/\/mekulo.com\/se\/wp-json\/wp\/v2\/product_tag?post=22310"}],"curies":[{"name":"wp","href":"https:\/\/api.w.org\/{rel}","templated":true}]}}