{"id":22254,"date":"2026-02-09T14:09:45","date_gmt":"2026-02-09T12:09:45","guid":{"rendered":"https:\/\/mekulo.com\/se\/produkt\/kattleksak-med-fagelljud\/"},"modified":"2026-02-09T14:10:16","modified_gmt":"2026-02-09T12:10:16","slug":"kattleksak-med-fagelljud","status":"publish","type":"product","link":"https:\/\/mekulo.com\/se\/produkt\/kattleksak-med-fagelljud\/","title":{"rendered":"Kattleksak med f\u00e5gelljud"},"content":{"rendered":"<h2 style=\"text-align: center\" data-start=\"0\" data-end=\"69\"><strong>H\u00e5ller Din Katt Aktiv Och Underh\u00e5llen Med Realistiska F\u00e5gelljud \ud83d\udc08<\/strong><\/h2>\n<p><img fetchpriority=\"high\" decoding=\"async\" class=\"alignnone wp-image-24300 aligncenter\" src=\"https:\/\/keluvo.com\/template\/wp-content\/uploads\/sites\/5\/2024\/11\/kalvin_tool_20230927172241.webp\" alt=\"\" width=\"500\" height=\"500\" \/><\/p>\n<h3 style=\"text-align: center\" data-start=\"278\" data-end=\"298\">\ud83d\udc3e Huvudf\u00f6rdelar<\/h3>\n<h2><\/h2>\n<p style=\"text-align: center\" data-start=\"301\" data-end=\"370\">\ud83d\udc26 Realistiska f\u00e5gelljud &#8211; f\u00e5ngar din katts uppm\u00e4rksamhet direkt<\/p>\n<p style=\"text-align: center\" data-start=\"373\" data-end=\"445\">\ud83c\udfaf Stimulerar jaktinstinkter &#8211; Uppmuntrar naturligt lekbeteende<\/p>\n<p style=\"text-align: center\" data-start=\"448\" data-end=\"505\">\ud83e\udeb6 \u00c4kta fj\u00e4drar &#8211; Naturlig k\u00e4nsla och doft som katter \u00e4lskar<\/p>\n<p style=\"text-align: center\" data-start=\"508\" data-end=\"562\">\ud83e\uddf8 Mjuk men h\u00e5llbar &#8211; Tillverkad av tjock plysch felt<\/p>\n<p style=\"text-align: center\" data-start=\"565\" data-end=\"629\">\ud83d\udee1\ufe0f S\u00e4ker lek &#8211; Fj\u00e4drarna \u00e4r s\u00e4kra om de av misstag skulle sv\u00e4ljas<\/p>\n<p><img decoding=\"async\" class=\"alignnone wp-image-24299 aligncenter\" src=\"https:\/\/keluvo.com\/template\/wp-content\/uploads\/sites\/5\/2024\/11\/kalvin_tool_20230927173727.webp\" alt=\"\" width=\"500\" height=\"500\" \/><\/p>\n<h2 style=\"text-align: center\"><strong>\ud83d\udccc Produktdetaljer<\/strong><\/h2>\n<ul>\n<li data-start=\"893\" data-end=\"917\">\n<p data-start=\"895\" data-end=\"917\">Material: Plyschfilt<\/p>\n<\/li>\n<li data-start=\"918\" data-end=\"953\">\n<p data-start=\"920\" data-end=\"953\">Ljud: Elektroniskt f\u00e5gelkvitter<\/p>\n<\/li>\n<li data-start=\"954\" data-end=\"973\">\n<p data-start=\"956\" data-end=\"973\">Storlek: 7 \u00d7 14 cm<\/p>\n<\/li>\n<li data-start=\"974\" data-end=\"998\">\n<p data-start=\"976\" data-end=\"998\">Vikt: Ca 60 g<\/p>\n<\/li>\n<li data-start=\"999\" data-end=\"1090\">\n<p data-start=\"1001\" data-end=\"1090\">Styles: Bee, beetle, bird, blue parrot, crickets, hedgehog, longbill, mouse, red parrot<\/p>\n<\/li>\n<li data-start=\"1091\" data-end=\"1145\">\n<p data-start=\"1093\" data-end=\"1145\">L\u00e4mplig f\u00f6r: Katter och husdjur med jaktinstinkter<\/p>\n<\/li>\n<\/ul>\n<p><img decoding=\"async\" class=\"alignnone wp-image-24298 aligncenter\" src=\"https:\/\/keluvo.com\/template\/wp-content\/uploads\/sites\/5\/2024\/11\/kalvin_tool_20230927170247.gif\" alt=\"\" width=\"500\" height=\"500\" \/><\/p>\n<p style=\"text-align: center\"><span style=\"text-decoration: underline\"><strong>Viktigt:<\/strong><\/span> Det kvittrande ljudet skapas av elektroniska komponenter, och eftersom fj\u00e4drarna inte kan maskintv\u00e4ttas \u00e4r det b\u00e4st att reng\u00f6ra den regelbundet med en fuktig trasa.<\/p>\n<p>&nbsp;<\/p>\n","protected":false},"excerpt":{"rendered":"<p>Den h\u00e4r interaktiva kattleksaken ger ifr\u00e5n sig verklighetstrogna kvittrande ljud som triggar kattens naturliga jaktinstinkter. Den ger ditt husdjur ett roligt och s\u00e4kert s\u00e4tt att leka, hoppa och h\u00e5lla sig mentalt stimulerad varje dag.<\/p>\n","protected":false},"featured_media":22250,"comment_status":"open","ping_status":"closed","template":"","meta":{"site-sidebar-layout":"default","site-content-layout":"","ast-site-content-layout":"default","site-content-style":"default","site-sidebar-style":"default","ast-global-header-display":"","ast-banner-title-visibility":"","ast-main-header-display":"","ast-hfb-above-header-display":"","ast-hfb-below-header-display":"","ast-hfb-mobile-header-display":"","site-post-title":"","ast-breadcrumbs-content":"","ast-featured-img":"","footer-sml-layout":"","theme-transparent-header-meta":"default","adv-header-id-meta":"","stick-header-meta":"","header-above-stick-meta":"","header-main-stick-meta":"","header-below-stick-meta":"","astra-migrate-meta-layouts":"set","ast-page-background-enabled":"default","ast-page-background-meta":{"desktop":{"background-color":"var(--ast-global-color-5)","background-image":"","background-repeat":"repeat","background-position":"center center","background-size":"auto","background-attachment":"scroll","background-type":"","background-media":"","overlay-type":"","overlay-color":"","overlay-opacity":"","overlay-gradient":""},"tablet":{"background-color":"","background-image":"","background-repeat":"repeat","background-position":"center center","background-size":"auto","background-attachment":"scroll","background-type":"","background-media":"","overlay-type":"","overlay-color":"","overlay-opacity":"","overlay-gradient":""},"mobile":{"background-color":"","background-image":"","background-repeat":"repeat","background-position":"center center","background-size":"auto","background-attachment":"scroll","background-type":"","background-media":"","overlay-type":"","overlay-color":"","overlay-opacity":"","overlay-gradient":""}},"ast-content-background-meta":{"desktop":{"background-color":"var(--ast-global-color-4)","background-image":"","background-repeat":"repeat","background-position":"center center","background-size":"auto","background-attachment":"scroll","background-type":"","background-media":"","overlay-type":"","overlay-color":"","overlay-opacity":"","overlay-gradient":""},"tablet":{"background-color":"var(--ast-global-color-4)","background-image":"","background-repeat":"repeat","background-position":"center center","background-size":"auto","background-attachment":"scroll","background-type":"","background-media":"","overlay-type":"","overlay-color":"","overlay-opacity":"","overlay-gradient":""},"mobile":{"background-color":"var(--ast-global-color-4)","background-image":"","background-repeat":"repeat","background-position":"center center","background-size":"auto","background-attachment":"scroll","background-type":"","background-media":"","overlay-type":"","overlay-color":"","overlay-opacity":"","overlay-gradient":""}}},"product_brand":[],"product_cat":[169],"product_tag":[],"class_list":{"0":"post-22254","1":"product","2":"type-product","3":"status-publish","4":"has-post-thumbnail","6":"product_cat-husdjursprodukter","7":"pa_31988_tnrbneum-bee","8":"pa_31988_tnrbneum-bla-papegoja","9":"pa_31988_tnrbneum-fagel","10":"pa_31988_tnrbneum-igelkott","11":"pa_31988_tnrbneum-langnabb","12":"pa_31988_tnrbneum-mus","13":"pa_31988_tnrbneum-rod-papegoja","14":"pa_31988_tnrbneum-skalbagge","15":"pa_31988_tnrbneum-syrsor","16":"desktop-align-left","17":"tablet-align-left","18":"mobile-align-left","20":"first","21":"instock","22":"shipping-taxable","23":"purchasable","24":"product-type-variable"},"yoast_head":"<!-- This site is optimized with the Yoast SEO plugin v26.6 - https:\/\/yoast.com\/wordpress\/plugins\/seo\/ -->\n<title>Kattleksak med f\u00e5gelljud - Mekulo SE<\/title>\n<meta name=\"robots\" content=\"index, follow, max-snippet:-1, max-image-preview:large, max-video-preview:-1\" \/>\n<link rel=\"canonical\" href=\"https:\/\/mekulo.com\/se\/produkt\/kattleksak-med-fagelljud\/\" \/>\n<meta property=\"og:locale\" content=\"sv_SE\" \/>\n<meta property=\"og:type\" content=\"article\" \/>\n<meta property=\"og:title\" content=\"Kattleksak med f\u00e5gelljud - Mekulo SE\" \/>\n<meta property=\"og:description\" content=\"Den h\u00e4r interaktiva kattleksaken ger ifr\u00e5n sig verklighetstrogna kvittrande ljud som triggar kattens naturliga jaktinstinkter. Den ger ditt husdjur ett roligt och s\u00e4kert s\u00e4tt att leka, hoppa och h\u00e5lla sig mentalt stimulerad varje dag.\" \/>\n<meta property=\"og:url\" content=\"https:\/\/mekulo.com\/se\/produkt\/kattleksak-med-fagelljud\/\" \/>\n<meta property=\"og:site_name\" content=\"Mekulo SE\" \/>\n<meta property=\"article:modified_time\" content=\"2026-02-09T12:10:16+00:00\" \/>\n<meta property=\"og:image\" content=\"https:\/\/mekulo.com\/se\/wp-content\/uploads\/sites\/11\/2026\/02\/t4y93yd-1.webp\" \/>\n\t<meta property=\"og:image:width\" content=\"600\" \/>\n\t<meta property=\"og:image:height\" content=\"600\" \/>\n\t<meta property=\"og:image:type\" content=\"image\/webp\" \/>\n<meta name=\"twitter:card\" content=\"summary_large_image\" \/>\n<meta name=\"twitter:label1\" content=\"Ber\u00e4knad l\u00e4stid\" \/>\n\t<meta name=\"twitter:data1\" content=\"2 minuter\" \/>\n<script type=\"application\/ld+json\" class=\"yoast-schema-graph\">{\"@context\":\"https:\/\/schema.org\",\"@graph\":[{\"@type\":\"WebPage\",\"@id\":\"https:\/\/mekulo.com\/se\/produkt\/kattleksak-med-fagelljud\/\",\"url\":\"https:\/\/mekulo.com\/se\/produkt\/kattleksak-med-fagelljud\/\",\"name\":\"Kattleksak med f\u00e5gelljud - Mekulo SE\",\"isPartOf\":{\"@id\":\"https:\/\/mekulo.com\/se\/#website\"},\"primaryImageOfPage\":{\"@id\":\"https:\/\/mekulo.com\/se\/produkt\/kattleksak-med-fagelljud\/#primaryimage\"},\"image\":{\"@id\":\"https:\/\/mekulo.com\/se\/produkt\/kattleksak-med-fagelljud\/#primaryimage\"},\"thumbnailUrl\":\"https:\/\/mekulo.com\/se\/wp-content\/uploads\/sites\/11\/2026\/02\/t4y93yd-1.webp\",\"datePublished\":\"2026-02-09T12:09:45+00:00\",\"dateModified\":\"2026-02-09T12:10:16+00:00\",\"breadcrumb\":{\"@id\":\"https:\/\/mekulo.com\/se\/produkt\/kattleksak-med-fagelljud\/#breadcrumb\"},\"inLanguage\":\"sv-SE\",\"potentialAction\":[{\"@type\":\"ReadAction\",\"target\":[\"https:\/\/mekulo.com\/se\/produkt\/kattleksak-med-fagelljud\/\"]}]},{\"@type\":\"ImageObject\",\"inLanguage\":\"sv-SE\",\"@id\":\"https:\/\/mekulo.com\/se\/produkt\/kattleksak-med-fagelljud\/#primaryimage\",\"url\":\"https:\/\/mekulo.com\/se\/wp-content\/uploads\/sites\/11\/2026\/02\/t4y93yd-1.webp\",\"contentUrl\":\"https:\/\/mekulo.com\/se\/wp-content\/uploads\/sites\/11\/2026\/02\/t4y93yd-1.webp\",\"width\":600,\"height\":600},{\"@type\":\"BreadcrumbList\",\"@id\":\"https:\/\/mekulo.com\/se\/produkt\/kattleksak-med-fagelljud\/#breadcrumb\",\"itemListElement\":[{\"@type\":\"ListItem\",\"position\":1,\"name\":\"Home\",\"item\":\"https:\/\/mekulo.com\/se\/\"},{\"@type\":\"ListItem\",\"position\":2,\"name\":\"Butik\",\"item\":\"https:\/\/mekulo.com\/se\/butik\/\"},{\"@type\":\"ListItem\",\"position\":3,\"name\":\"Kattleksak med f\u00e5gelljud\"}]},{\"@type\":\"WebSite\",\"@id\":\"https:\/\/mekulo.com\/se\/#website\",\"url\":\"https:\/\/mekulo.com\/se\/\",\"name\":\"Mekulo SE\",\"description\":\"\",\"publisher\":{\"@id\":\"https:\/\/mekulo.com\/se\/#organization\"},\"potentialAction\":[{\"@type\":\"SearchAction\",\"target\":{\"@type\":\"EntryPoint\",\"urlTemplate\":\"https:\/\/mekulo.com\/se\/?s={search_term_string}\"},\"query-input\":{\"@type\":\"PropertyValueSpecification\",\"valueRequired\":true,\"valueName\":\"search_term_string\"}}],\"inLanguage\":\"sv-SE\"},{\"@type\":\"Organization\",\"@id\":\"https:\/\/mekulo.com\/se\/#organization\",\"name\":\"Mekulo\",\"url\":\"https:\/\/mekulo.com\/se\/\",\"logo\":{\"@type\":\"ImageObject\",\"inLanguage\":\"sv-SE\",\"@id\":\"https:\/\/mekulo.com\/se\/#\/schema\/logo\/image\/\",\"url\":\"https:\/\/mekulo.com\/se\/wp-content\/uploads\/sites\/11\/2025\/12\/favicon_mekulo.png\",\"contentUrl\":\"https:\/\/mekulo.com\/se\/wp-content\/uploads\/sites\/11\/2025\/12\/favicon_mekulo.png\",\"width\":50,\"height\":50,\"caption\":\"Mekulo\"},\"image\":{\"@id\":\"https:\/\/mekulo.com\/se\/#\/schema\/logo\/image\/\"}}]}<\/script>\n<!-- \/ Yoast SEO plugin. -->","yoast_head_json":{"title":"Kattleksak med f\u00e5gelljud - Mekulo SE","robots":{"index":"index","follow":"follow","max-snippet":"max-snippet:-1","max-image-preview":"max-image-preview:large","max-video-preview":"max-video-preview:-1"},"canonical":"https:\/\/mekulo.com\/se\/produkt\/kattleksak-med-fagelljud\/","og_locale":"sv_SE","og_type":"article","og_title":"Kattleksak med f\u00e5gelljud - Mekulo SE","og_description":"Den h\u00e4r interaktiva kattleksaken ger ifr\u00e5n sig verklighetstrogna kvittrande ljud som triggar kattens naturliga jaktinstinkter. Den ger ditt husdjur ett roligt och s\u00e4kert s\u00e4tt att leka, hoppa och h\u00e5lla sig mentalt stimulerad varje dag.","og_url":"https:\/\/mekulo.com\/se\/produkt\/kattleksak-med-fagelljud\/","og_site_name":"Mekulo SE","article_modified_time":"2026-02-09T12:10:16+00:00","og_image":[{"width":600,"height":600,"url":"https:\/\/mekulo.com\/se\/wp-content\/uploads\/sites\/11\/2026\/02\/t4y93yd-1.webp","type":"image\/webp"}],"twitter_card":"summary_large_image","twitter_misc":{"Ber\u00e4knad l\u00e4stid":"2 minuter"},"schema":{"@context":"https:\/\/schema.org","@graph":[{"@type":"WebPage","@id":"https:\/\/mekulo.com\/se\/produkt\/kattleksak-med-fagelljud\/","url":"https:\/\/mekulo.com\/se\/produkt\/kattleksak-med-fagelljud\/","name":"Kattleksak med f\u00e5gelljud - Mekulo SE","isPartOf":{"@id":"https:\/\/mekulo.com\/se\/#website"},"primaryImageOfPage":{"@id":"https:\/\/mekulo.com\/se\/produkt\/kattleksak-med-fagelljud\/#primaryimage"},"image":{"@id":"https:\/\/mekulo.com\/se\/produkt\/kattleksak-med-fagelljud\/#primaryimage"},"thumbnailUrl":"https:\/\/mekulo.com\/se\/wp-content\/uploads\/sites\/11\/2026\/02\/t4y93yd-1.webp","datePublished":"2026-02-09T12:09:45+00:00","dateModified":"2026-02-09T12:10:16+00:00","breadcrumb":{"@id":"https:\/\/mekulo.com\/se\/produkt\/kattleksak-med-fagelljud\/#breadcrumb"},"inLanguage":"sv-SE","potentialAction":[{"@type":"ReadAction","target":["https:\/\/mekulo.com\/se\/produkt\/kattleksak-med-fagelljud\/"]}]},{"@type":"ImageObject","inLanguage":"sv-SE","@id":"https:\/\/mekulo.com\/se\/produkt\/kattleksak-med-fagelljud\/#primaryimage","url":"https:\/\/mekulo.com\/se\/wp-content\/uploads\/sites\/11\/2026\/02\/t4y93yd-1.webp","contentUrl":"https:\/\/mekulo.com\/se\/wp-content\/uploads\/sites\/11\/2026\/02\/t4y93yd-1.webp","width":600,"height":600},{"@type":"BreadcrumbList","@id":"https:\/\/mekulo.com\/se\/produkt\/kattleksak-med-fagelljud\/#breadcrumb","itemListElement":[{"@type":"ListItem","position":1,"name":"Home","item":"https:\/\/mekulo.com\/se\/"},{"@type":"ListItem","position":2,"name":"Butik","item":"https:\/\/mekulo.com\/se\/butik\/"},{"@type":"ListItem","position":3,"name":"Kattleksak med f\u00e5gelljud"}]},{"@type":"WebSite","@id":"https:\/\/mekulo.com\/se\/#website","url":"https:\/\/mekulo.com\/se\/","name":"Mekulo SE","description":"","publisher":{"@id":"https:\/\/mekulo.com\/se\/#organization"},"potentialAction":[{"@type":"SearchAction","target":{"@type":"EntryPoint","urlTemplate":"https:\/\/mekulo.com\/se\/?s={search_term_string}"},"query-input":{"@type":"PropertyValueSpecification","valueRequired":true,"valueName":"search_term_string"}}],"inLanguage":"sv-SE"},{"@type":"Organization","@id":"https:\/\/mekulo.com\/se\/#organization","name":"Mekulo","url":"https:\/\/mekulo.com\/se\/","logo":{"@type":"ImageObject","inLanguage":"sv-SE","@id":"https:\/\/mekulo.com\/se\/#\/schema\/logo\/image\/","url":"https:\/\/mekulo.com\/se\/wp-content\/uploads\/sites\/11\/2025\/12\/favicon_mekulo.png","contentUrl":"https:\/\/mekulo.com\/se\/wp-content\/uploads\/sites\/11\/2025\/12\/favicon_mekulo.png","width":50,"height":50,"caption":"Mekulo"},"image":{"@id":"https:\/\/mekulo.com\/se\/#\/schema\/logo\/image\/"}}]}},"_links":{"self":[{"href":"https:\/\/mekulo.com\/se\/wp-json\/wp\/v2\/product\/22254","targetHints":{"allow":["GET"]}}],"collection":[{"href":"https:\/\/mekulo.com\/se\/wp-json\/wp\/v2\/product"}],"about":[{"href":"https:\/\/mekulo.com\/se\/wp-json\/wp\/v2\/types\/product"}],"replies":[{"embeddable":true,"href":"https:\/\/mekulo.com\/se\/wp-json\/wp\/v2\/comments?post=22254"}],"wp:featuredmedia":[{"embeddable":true,"href":"https:\/\/mekulo.com\/se\/wp-json\/wp\/v2\/media\/22250"}],"wp:attachment":[{"href":"https:\/\/mekulo.com\/se\/wp-json\/wp\/v2\/media?parent=22254"}],"wp:term":[{"taxonomy":"product_brand","embeddable":true,"href":"https:\/\/mekulo.com\/se\/wp-json\/wp\/v2\/product_brand?post=22254"},{"taxonomy":"product_cat","embeddable":true,"href":"https:\/\/mekulo.com\/se\/wp-json\/wp\/v2\/product_cat?post=22254"},{"taxonomy":"product_tag","embeddable":true,"href":"https:\/\/mekulo.com\/se\/wp-json\/wp\/v2\/product_tag?post=22254"}],"curies":[{"name":"wp","href":"https:\/\/api.w.org\/{rel}","templated":true}]}}