{"id":22220,"date":"2026-02-09T14:06:01","date_gmt":"2026-02-09T12:06:01","guid":{"rendered":"https:\/\/mekulo.com\/se\/produkt\/tradlos-mobilladdare\/"},"modified":"2026-03-02T12:26:51","modified_gmt":"2026-03-02T10:26:51","slug":"tradlos-mobilladdare","status":"publish","type":"product","link":"https:\/\/mekulo.com\/se\/produkt\/tradlos-mobilladdare\/","title":{"rendered":"Tr\u00e5dl\u00f6s mobilladdare"},"content":{"rendered":"<h2 style=\"text-align: center\">Vi Presenterar Den Sj\u00e4lvl\u00e5sande Telefonh\u00e5llaren Med Tr\u00e5dl\u00f6s Laddning!<\/h2>\n<p style=\"text-align: center\">Denna h\u00e5llare \u00e4r utformad f\u00f6r att f\u00f6rb\u00e4ttra din k\u00f6rupplevelse och h\u00e5ller din telefon s\u00e4kert inom r\u00e4ckh\u00e5ll. Den har ett 15 W tr\u00e5dl\u00f6st laddningssystem som laddar din telefon snabbt och laddar den helt p\u00e5 bara 30 minuter. Den \u00e4r kompatibel med n\u00e4stan alla smartphones, oavsett om du har en iPhone, Samsung eller ett annat m\u00e4rke, \u00e4ven om de \u00e4r i ett fodral.<\/p>\n<p><img decoding=\"async\" class=\"alignnone size-full wp-image-24294 aligncenter\" src=\"https:\/\/keluvo.com\/template\/wp-content\/uploads\/sites\/5\/2024\/11\/mc-cleaned1715737208unnamed.webp\" alt=\"\" \/><\/p>\n<h2 style=\"text-align: center\">Vad G\u00f6r V\u00e5r Tr\u00e5dl\u00f6sa Telefonh\u00e5llare S\u00e5 Popul\u00e4r?<\/h2>\n<p style=\"text-align: center\">\u2714 Infrar\u00f6d automatisk detektering: Denna telefonh\u00e5llare anv\u00e4nder avancerad infrar\u00f6d teknik f\u00f6r att uppt\u00e4cka din telefons storlek. Placera bara din telefon i n\u00e4rheten f\u00f6r enkel anv\u00e4ndning med en hand.<\/p>\n<p style=\"text-align: center\">\u2714 Stabil och justerbar: Med en stark sugkopp och 360-graders rotation ger h\u00e5llaren en stabil vy och tillg\u00e5ng till alla telefonens funktioner under k\u00f6rning.<\/p>\n<p style=\"text-align: center\">\u2714 Enkel installation: Luftventilationsf\u00e4stet m\u00f6jligg\u00f6r en enkel, verktygsfri installation. Det kan f\u00e4stas s\u00e4kert p\u00e5 luftventilerna i n\u00e4stan alla fordon utan att orsaka skador.<\/p>\n<p style=\"text-align: center\">\u2714 H\u00e5llbara material: H\u00e5llaren \u00e4r tillverkad av rept\u00e5ligt, halkfritt gummi och robust ABS\/PC\/magnesium-aluminiumlegering, vilket ger ett starkt grepp och h\u00e5ller \u00e4ven p\u00e5 oj\u00e4mna v\u00e4gar.<\/p>\n<p><img decoding=\"async\" class=\"alignnone size-full wp-image-24293 aligncenter\" src=\"https:\/\/keluvo.com\/template\/wp-content\/uploads\/sites\/5\/2024\/11\/mc-cleaned1715737210unnamed_1.webp\" alt=\"\" \/><\/p>\n<h2 style=\"text-align: center\">Specifikationer:<\/h2>\n<ul>\n<li>Material: ABS\/PC\/magnesium-aluminiumlegering<\/li>\n<li>Storlek: 13 x 6,5 x 1,5 mm<\/li>\n<li>Laddningseffekt: 15W<\/li>\n<li>Passar: Smarttelefoner mellan 4,5 och 6,5 tum<\/li>\n<\/ul>\n<p><img decoding=\"async\" class=\"alignnone size-full wp-image-24292 aligncenter\" src=\"https:\/\/keluvo.com\/template\/wp-content\/uploads\/sites\/5\/2024\/11\/mc-cleaned171573719633c2de14-4381-425b-b434-d112f110eb5c_bca0460a-d915-4ed8-b67a-841ec1cf492c.webp\" alt=\"\" \/><\/p>\n<h2 style=\"text-align: center\">Vad Ing\u00e5r I F\u00f6rpackningen:<\/h2>\n<ul>\n<li>1x tr\u00e5dl\u00f6s telefonladdare och h\u00e5llare<\/li>\n<li>1x tr\u00e5dl\u00f6s laddare<\/li>\n<li>1x USB typ C-kabel<\/li>\n<li>1x anv\u00e4ndarmanual<\/li>\n<\/ul>\n","protected":false},"excerpt":{"rendered":"<p>H\u00e5ll din telefon laddad medan du k\u00f6r, inga bekymmer! Denna smarta telefonh\u00e5llare g\u00f6r det enkelt att ladda din enhet under resan, vilket minskar distraktioner samtidigt som du kan anv\u00e4nda navigering, svara p\u00e5 samtal och spela musik. K\u00f6r s\u00e4kert och med sj\u00e4lvf\u00f6rtroende!<\/p>\n","protected":false},"featured_media":22216,"comment_status":"open","ping_status":"closed","template":"","meta":{"site-sidebar-layout":"default","site-content-layout":"","ast-site-content-layout":"default","site-content-style":"default","site-sidebar-style":"default","ast-global-header-display":"","ast-banner-title-visibility":"","ast-main-header-display":"","ast-hfb-above-header-display":"","ast-hfb-below-header-display":"","ast-hfb-mobile-header-display":"","site-post-title":"","ast-breadcrumbs-content":"","ast-featured-img":"","footer-sml-layout":"","theme-transparent-header-meta":"default","adv-header-id-meta":"","stick-header-meta":"","header-above-stick-meta":"","header-main-stick-meta":"","header-below-stick-meta":"","astra-migrate-meta-layouts":"set","ast-page-background-enabled":"default","ast-page-background-meta":{"desktop":{"background-color":"var(--ast-global-color-5)","background-image":"","background-repeat":"repeat","background-position":"center center","background-size":"auto","background-attachment":"scroll","background-type":"","background-media":"","overlay-type":"","overlay-color":"","overlay-opacity":"","overlay-gradient":""},"tablet":{"background-color":"","background-image":"","background-repeat":"repeat","background-position":"center center","background-size":"auto","background-attachment":"scroll","background-type":"","background-media":"","overlay-type":"","overlay-color":"","overlay-opacity":"","overlay-gradient":""},"mobile":{"background-color":"","background-image":"","background-repeat":"repeat","background-position":"center center","background-size":"auto","background-attachment":"scroll","background-type":"","background-media":"","overlay-type":"","overlay-color":"","overlay-opacity":"","overlay-gradient":""}},"ast-content-background-meta":{"desktop":{"background-color":"var(--ast-global-color-4)","background-image":"","background-repeat":"repeat","background-position":"center center","background-size":"auto","background-attachment":"scroll","background-type":"","background-media":"","overlay-type":"","overlay-color":"","overlay-opacity":"","overlay-gradient":""},"tablet":{"background-color":"var(--ast-global-color-4)","background-image":"","background-repeat":"repeat","background-position":"center center","background-size":"auto","background-attachment":"scroll","background-type":"","background-media":"","overlay-type":"","overlay-color":"","overlay-opacity":"","overlay-gradient":""},"mobile":{"background-color":"var(--ast-global-color-4)","background-image":"","background-repeat":"repeat","background-position":"center center","background-size":"auto","background-attachment":"scroll","background-type":"","background-media":"","overlay-type":"","overlay-color":"","overlay-opacity":"","overlay-gradient":""}}},"product_brand":[],"product_cat":[161],"product_tag":[],"class_list":{"0":"post-22220","1":"product","2":"type-product","3":"status-publish","4":"has-post-thumbnail","6":"product_cat-bilprodukter","7":"pa_16251_lhza6r1a-silver","8":"pa_16251_lhza6r1a-svart","9":"desktop-align-left","10":"tablet-align-left","11":"mobile-align-left","13":"first","14":"instock","15":"shipping-taxable","16":"purchasable","17":"product-type-variable"},"yoast_head":"<!-- This site is optimized with the Yoast SEO plugin v26.6 - https:\/\/yoast.com\/wordpress\/plugins\/seo\/ -->\n<title>Tr\u00e5dl\u00f6s mobilladdare - Mekulo SE<\/title>\n<meta name=\"robots\" content=\"index, follow, max-snippet:-1, max-image-preview:large, max-video-preview:-1\" \/>\n<link rel=\"canonical\" href=\"https:\/\/mekulo.com\/se\/produkt\/tradlos-mobilladdare\/\" \/>\n<meta property=\"og:locale\" content=\"sv_SE\" \/>\n<meta property=\"og:type\" content=\"article\" \/>\n<meta property=\"og:title\" content=\"Tr\u00e5dl\u00f6s mobilladdare - Mekulo SE\" \/>\n<meta property=\"og:description\" content=\"H\u00e5ll din telefon laddad medan du k\u00f6r, inga bekymmer! Denna smarta telefonh\u00e5llare g\u00f6r det enkelt att ladda din enhet under resan, vilket minskar distraktioner samtidigt som du kan anv\u00e4nda navigering, svara p\u00e5 samtal och spela musik. K\u00f6r s\u00e4kert och med sj\u00e4lvf\u00f6rtroende!\" \/>\n<meta property=\"og:url\" content=\"https:\/\/mekulo.com\/se\/produkt\/tradlos-mobilladdare\/\" \/>\n<meta property=\"og:site_name\" content=\"Mekulo SE\" \/>\n<meta property=\"article:modified_time\" content=\"2026-03-02T10:26:51+00:00\" \/>\n<meta property=\"og:image\" content=\"https:\/\/mekulo.com\/se\/wp-content\/uploads\/sites\/11\/2026\/02\/6jlyhvh-1.webp\" \/>\n\t<meta property=\"og:image:width\" content=\"300\" \/>\n\t<meta property=\"og:image:height\" content=\"300\" \/>\n\t<meta property=\"og:image:type\" content=\"image\/webp\" \/>\n<meta name=\"twitter:card\" content=\"summary_large_image\" \/>\n<meta name=\"twitter:label1\" content=\"Ber\u00e4knad l\u00e4stid\" \/>\n\t<meta name=\"twitter:data1\" content=\"2 minuter\" \/>\n<script type=\"application\/ld+json\" class=\"yoast-schema-graph\">{\"@context\":\"https:\/\/schema.org\",\"@graph\":[{\"@type\":\"WebPage\",\"@id\":\"https:\/\/mekulo.com\/se\/produkt\/tradlos-mobilladdare\/\",\"url\":\"https:\/\/mekulo.com\/se\/produkt\/tradlos-mobilladdare\/\",\"name\":\"Tr\u00e5dl\u00f6s mobilladdare - Mekulo SE\",\"isPartOf\":{\"@id\":\"https:\/\/mekulo.com\/se\/#website\"},\"primaryImageOfPage\":{\"@id\":\"https:\/\/mekulo.com\/se\/produkt\/tradlos-mobilladdare\/#primaryimage\"},\"image\":{\"@id\":\"https:\/\/mekulo.com\/se\/produkt\/tradlos-mobilladdare\/#primaryimage\"},\"thumbnailUrl\":\"https:\/\/mekulo.com\/se\/wp-content\/uploads\/sites\/11\/2026\/02\/6jlyhvh-1.webp\",\"datePublished\":\"2026-02-09T12:06:01+00:00\",\"dateModified\":\"2026-03-02T10:26:51+00:00\",\"breadcrumb\":{\"@id\":\"https:\/\/mekulo.com\/se\/produkt\/tradlos-mobilladdare\/#breadcrumb\"},\"inLanguage\":\"sv-SE\",\"potentialAction\":[{\"@type\":\"ReadAction\",\"target\":[\"https:\/\/mekulo.com\/se\/produkt\/tradlos-mobilladdare\/\"]}]},{\"@type\":\"ImageObject\",\"inLanguage\":\"sv-SE\",\"@id\":\"https:\/\/mekulo.com\/se\/produkt\/tradlos-mobilladdare\/#primaryimage\",\"url\":\"https:\/\/mekulo.com\/se\/wp-content\/uploads\/sites\/11\/2026\/02\/6jlyhvh-1.webp\",\"contentUrl\":\"https:\/\/mekulo.com\/se\/wp-content\/uploads\/sites\/11\/2026\/02\/6jlyhvh-1.webp\",\"width\":300,\"height\":300},{\"@type\":\"BreadcrumbList\",\"@id\":\"https:\/\/mekulo.com\/se\/produkt\/tradlos-mobilladdare\/#breadcrumb\",\"itemListElement\":[{\"@type\":\"ListItem\",\"position\":1,\"name\":\"Home\",\"item\":\"https:\/\/mekulo.com\/se\/\"},{\"@type\":\"ListItem\",\"position\":2,\"name\":\"Butik\",\"item\":\"https:\/\/mekulo.com\/se\/butik\/\"},{\"@type\":\"ListItem\",\"position\":3,\"name\":\"Tr\u00e5dl\u00f6s mobilladdare\"}]},{\"@type\":\"WebSite\",\"@id\":\"https:\/\/mekulo.com\/se\/#website\",\"url\":\"https:\/\/mekulo.com\/se\/\",\"name\":\"Mekulo SE\",\"description\":\"\",\"publisher\":{\"@id\":\"https:\/\/mekulo.com\/se\/#organization\"},\"potentialAction\":[{\"@type\":\"SearchAction\",\"target\":{\"@type\":\"EntryPoint\",\"urlTemplate\":\"https:\/\/mekulo.com\/se\/?s={search_term_string}\"},\"query-input\":{\"@type\":\"PropertyValueSpecification\",\"valueRequired\":true,\"valueName\":\"search_term_string\"}}],\"inLanguage\":\"sv-SE\"},{\"@type\":\"Organization\",\"@id\":\"https:\/\/mekulo.com\/se\/#organization\",\"name\":\"Mekulo\",\"url\":\"https:\/\/mekulo.com\/se\/\",\"logo\":{\"@type\":\"ImageObject\",\"inLanguage\":\"sv-SE\",\"@id\":\"https:\/\/mekulo.com\/se\/#\/schema\/logo\/image\/\",\"url\":\"https:\/\/mekulo.com\/se\/wp-content\/uploads\/sites\/11\/2025\/12\/favicon_mekulo.png\",\"contentUrl\":\"https:\/\/mekulo.com\/se\/wp-content\/uploads\/sites\/11\/2025\/12\/favicon_mekulo.png\",\"width\":50,\"height\":50,\"caption\":\"Mekulo\"},\"image\":{\"@id\":\"https:\/\/mekulo.com\/se\/#\/schema\/logo\/image\/\"}}]}<\/script>\n<!-- \/ Yoast SEO plugin. -->","yoast_head_json":{"title":"Tr\u00e5dl\u00f6s mobilladdare - Mekulo SE","robots":{"index":"index","follow":"follow","max-snippet":"max-snippet:-1","max-image-preview":"max-image-preview:large","max-video-preview":"max-video-preview:-1"},"canonical":"https:\/\/mekulo.com\/se\/produkt\/tradlos-mobilladdare\/","og_locale":"sv_SE","og_type":"article","og_title":"Tr\u00e5dl\u00f6s mobilladdare - Mekulo SE","og_description":"H\u00e5ll din telefon laddad medan du k\u00f6r, inga bekymmer! Denna smarta telefonh\u00e5llare g\u00f6r det enkelt att ladda din enhet under resan, vilket minskar distraktioner samtidigt som du kan anv\u00e4nda navigering, svara p\u00e5 samtal och spela musik. K\u00f6r s\u00e4kert och med sj\u00e4lvf\u00f6rtroende!","og_url":"https:\/\/mekulo.com\/se\/produkt\/tradlos-mobilladdare\/","og_site_name":"Mekulo SE","article_modified_time":"2026-03-02T10:26:51+00:00","og_image":[{"width":300,"height":300,"url":"https:\/\/mekulo.com\/se\/wp-content\/uploads\/sites\/11\/2026\/02\/6jlyhvh-1.webp","type":"image\/webp"}],"twitter_card":"summary_large_image","twitter_misc":{"Ber\u00e4knad l\u00e4stid":"2 minuter"},"schema":{"@context":"https:\/\/schema.org","@graph":[{"@type":"WebPage","@id":"https:\/\/mekulo.com\/se\/produkt\/tradlos-mobilladdare\/","url":"https:\/\/mekulo.com\/se\/produkt\/tradlos-mobilladdare\/","name":"Tr\u00e5dl\u00f6s mobilladdare - Mekulo SE","isPartOf":{"@id":"https:\/\/mekulo.com\/se\/#website"},"primaryImageOfPage":{"@id":"https:\/\/mekulo.com\/se\/produkt\/tradlos-mobilladdare\/#primaryimage"},"image":{"@id":"https:\/\/mekulo.com\/se\/produkt\/tradlos-mobilladdare\/#primaryimage"},"thumbnailUrl":"https:\/\/mekulo.com\/se\/wp-content\/uploads\/sites\/11\/2026\/02\/6jlyhvh-1.webp","datePublished":"2026-02-09T12:06:01+00:00","dateModified":"2026-03-02T10:26:51+00:00","breadcrumb":{"@id":"https:\/\/mekulo.com\/se\/produkt\/tradlos-mobilladdare\/#breadcrumb"},"inLanguage":"sv-SE","potentialAction":[{"@type":"ReadAction","target":["https:\/\/mekulo.com\/se\/produkt\/tradlos-mobilladdare\/"]}]},{"@type":"ImageObject","inLanguage":"sv-SE","@id":"https:\/\/mekulo.com\/se\/produkt\/tradlos-mobilladdare\/#primaryimage","url":"https:\/\/mekulo.com\/se\/wp-content\/uploads\/sites\/11\/2026\/02\/6jlyhvh-1.webp","contentUrl":"https:\/\/mekulo.com\/se\/wp-content\/uploads\/sites\/11\/2026\/02\/6jlyhvh-1.webp","width":300,"height":300},{"@type":"BreadcrumbList","@id":"https:\/\/mekulo.com\/se\/produkt\/tradlos-mobilladdare\/#breadcrumb","itemListElement":[{"@type":"ListItem","position":1,"name":"Home","item":"https:\/\/mekulo.com\/se\/"},{"@type":"ListItem","position":2,"name":"Butik","item":"https:\/\/mekulo.com\/se\/butik\/"},{"@type":"ListItem","position":3,"name":"Tr\u00e5dl\u00f6s mobilladdare"}]},{"@type":"WebSite","@id":"https:\/\/mekulo.com\/se\/#website","url":"https:\/\/mekulo.com\/se\/","name":"Mekulo SE","description":"","publisher":{"@id":"https:\/\/mekulo.com\/se\/#organization"},"potentialAction":[{"@type":"SearchAction","target":{"@type":"EntryPoint","urlTemplate":"https:\/\/mekulo.com\/se\/?s={search_term_string}"},"query-input":{"@type":"PropertyValueSpecification","valueRequired":true,"valueName":"search_term_string"}}],"inLanguage":"sv-SE"},{"@type":"Organization","@id":"https:\/\/mekulo.com\/se\/#organization","name":"Mekulo","url":"https:\/\/mekulo.com\/se\/","logo":{"@type":"ImageObject","inLanguage":"sv-SE","@id":"https:\/\/mekulo.com\/se\/#\/schema\/logo\/image\/","url":"https:\/\/mekulo.com\/se\/wp-content\/uploads\/sites\/11\/2025\/12\/favicon_mekulo.png","contentUrl":"https:\/\/mekulo.com\/se\/wp-content\/uploads\/sites\/11\/2025\/12\/favicon_mekulo.png","width":50,"height":50,"caption":"Mekulo"},"image":{"@id":"https:\/\/mekulo.com\/se\/#\/schema\/logo\/image\/"}}]}},"_links":{"self":[{"href":"https:\/\/mekulo.com\/se\/wp-json\/wp\/v2\/product\/22220","targetHints":{"allow":["GET"]}}],"collection":[{"href":"https:\/\/mekulo.com\/se\/wp-json\/wp\/v2\/product"}],"about":[{"href":"https:\/\/mekulo.com\/se\/wp-json\/wp\/v2\/types\/product"}],"replies":[{"embeddable":true,"href":"https:\/\/mekulo.com\/se\/wp-json\/wp\/v2\/comments?post=22220"}],"wp:featuredmedia":[{"embeddable":true,"href":"https:\/\/mekulo.com\/se\/wp-json\/wp\/v2\/media\/22216"}],"wp:attachment":[{"href":"https:\/\/mekulo.com\/se\/wp-json\/wp\/v2\/media?parent=22220"}],"wp:term":[{"taxonomy":"product_brand","embeddable":true,"href":"https:\/\/mekulo.com\/se\/wp-json\/wp\/v2\/product_brand?post=22220"},{"taxonomy":"product_cat","embeddable":true,"href":"https:\/\/mekulo.com\/se\/wp-json\/wp\/v2\/product_cat?post=22220"},{"taxonomy":"product_tag","embeddable":true,"href":"https:\/\/mekulo.com\/se\/wp-json\/wp\/v2\/product_tag?post=22220"}],"curies":[{"name":"wp","href":"https:\/\/api.w.org\/{rel}","templated":true}]}}