{"id":22179,"date":"2026-02-09T14:03:19","date_gmt":"2026-02-09T12:03:19","guid":{"rendered":"https:\/\/mekulo.com\/se\/produkt\/sminkvaska\/"},"modified":"2026-02-10T11:12:09","modified_gmt":"2026-02-10T09:12:09","slug":"sminkvaska","status":"publish","type":"product","link":"https:\/\/mekulo.com\/se\/produkt\/sminkvaska\/","title":{"rendered":"Sminkv\u00e4ska"},"content":{"rendered":"<h2 style=\"text-align: center\" data-start=\"112\" data-end=\"166\">H\u00e5ll all din makeup organiserad i en snygg v\u00e4ska.<\/h2>\n<h2 style=\"text-align: center\"><img decoding=\"async\" class=\"alignnone size-medium wp-image-2128 aligncenter\" style=\"font-size: 16px;font-style: inherit;font-weight: inherit\" src=\"https:\/\/keluvo.com\/template\/wp-content\/uploads\/sites\/5\/2024\/10\/102d564e-f9ed-4494-8961-0b398bb06a27.webp\" alt=\"\" \/><\/h2>\n<h2 style=\"text-align: center\" data-start=\"358\" data-end=\"376\">\u2b50 Huvudf\u00f6rdelar<\/h2>\n<p style=\"text-align: center\" data-start=\"380\" data-end=\"428\">\ud83d\udc84 Rymlig interi\u00f6r f\u00f6r makeup och toalettartiklar<\/p>\n<p style=\"text-align: center\" data-start=\"431\" data-end=\"469\">\ud83e\uddf3 Perfekt f\u00f6r resor och vardagsbruk<\/p>\n<p style=\"text-align: center\" data-start=\"472\" data-end=\"515\">\ud83d\udee1 Skyddar f\u00f6rem\u00e5l med slitstarkt PU-l\u00e4der<\/p>\n<p style=\"text-align: center\" data-start=\"518\" data-end=\"558\">\u2728 Elegant och snygg enf\u00e4rgad design<\/p>\n<p style=\"text-align: center\" data-start=\"561\" data-end=\"592\">\ud83e\uddfc L\u00e4tt att reng\u00f6ra och underh\u00e5lla<\/p>\n<p style=\"text-align: center\" data-start=\"595\" data-end=\"629\">\ud83c\udf92 L\u00e4tt och enkel att b\u00e4ra<\/p>\n<p><img decoding=\"async\" class=\"alignnone size-medium wp-image-2137 aligncenter\" src=\"https:\/\/keluvo.com\/template\/wp-content\/uploads\/sites\/5\/2024\/10\/S339b419f72bb4dc6a92ccb73f9677e02A.jpg\" alt=\"\" \/><\/p>\n<h2 style=\"text-align: center\" data-start=\"838\" data-end=\"859\">\ud83d\udce6 Produktdetaljer<\/h2>\n<ul data-start=\"861\" data-end=\"1055\">\n<li data-start=\"861\" data-end=\"889\">\n<p data-start=\"863\" data-end=\"889\">Produkttyp: Sminkv\u00e4ska<\/p>\n<\/li>\n<li data-start=\"890\" data-end=\"927\">\n<p data-start=\"892\" data-end=\"927\">Material: H\u00f6gkvalitativt PU-l\u00e4der<\/p>\n<\/li>\n<li data-start=\"928\" data-end=\"969\">\n<p data-start=\"930\" data-end=\"969\">Design: Enf\u00e4rgad, minimalistisk stil<\/p>\n<\/li>\n<li data-start=\"970\" data-end=\"1007\">\n<p data-start=\"972\" data-end=\"1007\">Anv\u00e4ndning: Smink, hudv\u00e5rd, toalettartiklar<\/p>\n<\/li>\n<li data-start=\"1008\" data-end=\"1055\">\n<p data-start=\"1010\" data-end=\"1055\">Tillg\u00e4ngliga f\u00e4rger: Svart, brun, rosa, vit<\/p>\n<\/li>\n<\/ul>\n","protected":false},"excerpt":{"rendered":"<p>Den h\u00e4r rymliga sminkv\u00e4skan i PU g\u00f6r det enkelt att f\u00f6rvara och b\u00e4ra med sig kosmetika, hudv\u00e5rd och toalettartiklar. Den \u00e4r perfekt f\u00f6r daglig anv\u00e4ndning eller p\u00e5 resan och h\u00e5ller allt prydligt och l\u00e4tt att hitta.<\/p>\n","protected":false},"featured_media":22175,"comment_status":"open","ping_status":"closed","template":"","meta":{"site-sidebar-layout":"default","site-content-layout":"","ast-site-content-layout":"default","site-content-style":"default","site-sidebar-style":"default","ast-global-header-display":"","ast-banner-title-visibility":"","ast-main-header-display":"","ast-hfb-above-header-display":"","ast-hfb-below-header-display":"","ast-hfb-mobile-header-display":"","site-post-title":"","ast-breadcrumbs-content":"","ast-featured-img":"","footer-sml-layout":"","theme-transparent-header-meta":"default","adv-header-id-meta":"","stick-header-meta":"","header-above-stick-meta":"","header-main-stick-meta":"","header-below-stick-meta":"","astra-migrate-meta-layouts":"set","ast-page-background-enabled":"default","ast-page-background-meta":{"desktop":{"background-color":"var(--ast-global-color-5)","background-image":"","background-repeat":"repeat","background-position":"center center","background-size":"auto","background-attachment":"scroll","background-type":"","background-media":"","overlay-type":"","overlay-color":"","overlay-opacity":"","overlay-gradient":""},"tablet":{"background-color":"","background-image":"","background-repeat":"repeat","background-position":"center center","background-size":"auto","background-attachment":"scroll","background-type":"","background-media":"","overlay-type":"","overlay-color":"","overlay-opacity":"","overlay-gradient":""},"mobile":{"background-color":"","background-image":"","background-repeat":"repeat","background-position":"center center","background-size":"auto","background-attachment":"scroll","background-type":"","background-media":"","overlay-type":"","overlay-color":"","overlay-opacity":"","overlay-gradient":""}},"ast-content-background-meta":{"desktop":{"background-color":"var(--ast-global-color-4)","background-image":"","background-repeat":"repeat","background-position":"center center","background-size":"auto","background-attachment":"scroll","background-type":"","background-media":"","overlay-type":"","overlay-color":"","overlay-opacity":"","overlay-gradient":""},"tablet":{"background-color":"var(--ast-global-color-4)","background-image":"","background-repeat":"repeat","background-position":"center center","background-size":"auto","background-attachment":"scroll","background-type":"","background-media":"","overlay-type":"","overlay-color":"","overlay-opacity":"","overlay-gradient":""},"mobile":{"background-color":"var(--ast-global-color-4)","background-image":"","background-repeat":"repeat","background-position":"center center","background-size":"auto","background-attachment":"scroll","background-type":"","background-media":"","overlay-type":"","overlay-color":"","overlay-opacity":"","overlay-gradient":""}}},"product_brand":[],"product_cat":[162,165],"product_tag":[],"class_list":{"0":"post-22179","1":"product","2":"type-product","3":"status-publish","4":"has-post-thumbnail","6":"product_cat-skonhets-och-hygienprodukter","7":"product_cat-skor-accessoarer","8":"pa_15010_vkowe1st-brun","9":"pa_15010_vkowe1st-rosa","10":"pa_15010_vkowe1st-svart","11":"pa_15010_vkowe1st-vit","12":"pa_15010_y7gyr6tc-1-st","13":"pa_15010_y7gyr6tc-2-st","14":"pa_15010_y7gyr6tc-3-st","15":"desktop-align-left","16":"tablet-align-left","17":"mobile-align-left","19":"first","20":"instock","21":"shipping-taxable","22":"purchasable","23":"product-type-variable","24":"has-default-attributes"},"yoast_head":"<!-- This site is optimized with the Yoast SEO plugin v26.6 - https:\/\/yoast.com\/wordpress\/plugins\/seo\/ -->\n<title>Sminkv\u00e4ska - Mekulo SE<\/title>\n<meta name=\"robots\" content=\"index, follow, max-snippet:-1, max-image-preview:large, max-video-preview:-1\" \/>\n<link rel=\"canonical\" href=\"https:\/\/mekulo.com\/se\/produkt\/sminkvaska\/\" \/>\n<meta property=\"og:locale\" content=\"en_US\" \/>\n<meta property=\"og:type\" content=\"article\" \/>\n<meta property=\"og:title\" content=\"Sminkv\u00e4ska - Mekulo SE\" \/>\n<meta property=\"og:description\" content=\"Den h\u00e4r rymliga sminkv\u00e4skan i PU g\u00f6r det enkelt att f\u00f6rvara och b\u00e4ra med sig kosmetika, hudv\u00e5rd och toalettartiklar. Den \u00e4r perfekt f\u00f6r daglig anv\u00e4ndning eller p\u00e5 resan och h\u00e5ller allt prydligt och l\u00e4tt att hitta.\" \/>\n<meta property=\"og:url\" content=\"https:\/\/mekulo.com\/se\/produkt\/sminkvaska\/\" \/>\n<meta property=\"og:site_name\" content=\"Mekulo SE\" \/>\n<meta property=\"article:modified_time\" content=\"2026-02-10T09:12:09+00:00\" \/>\n<meta property=\"og:image\" content=\"https:\/\/mekulo.com\/se\/wp-content\/uploads\/sites\/11\/2026\/02\/bvoejqg-1.webp\" \/>\n\t<meta property=\"og:image:width\" content=\"1000\" \/>\n\t<meta property=\"og:image:height\" content=\"1000\" \/>\n\t<meta property=\"og:image:type\" content=\"image\/webp\" \/>\n<meta name=\"twitter:card\" content=\"summary_large_image\" \/>\n<meta name=\"twitter:label1\" content=\"Est. reading time\" \/>\n\t<meta name=\"twitter:data1\" content=\"2 minutes\" \/>\n<script type=\"application\/ld+json\" class=\"yoast-schema-graph\">{\"@context\":\"https:\/\/schema.org\",\"@graph\":[{\"@type\":\"WebPage\",\"@id\":\"https:\/\/mekulo.com\/se\/produkt\/sminkvaska\/\",\"url\":\"https:\/\/mekulo.com\/se\/produkt\/sminkvaska\/\",\"name\":\"Sminkv\u00e4ska - Mekulo SE\",\"isPartOf\":{\"@id\":\"https:\/\/mekulo.com\/se\/#website\"},\"primaryImageOfPage\":{\"@id\":\"https:\/\/mekulo.com\/se\/produkt\/sminkvaska\/#primaryimage\"},\"image\":{\"@id\":\"https:\/\/mekulo.com\/se\/produkt\/sminkvaska\/#primaryimage\"},\"thumbnailUrl\":\"https:\/\/mekulo.com\/se\/wp-content\/uploads\/sites\/11\/2026\/02\/bvoejqg-1.webp\",\"datePublished\":\"2026-02-09T12:03:19+00:00\",\"dateModified\":\"2026-02-10T09:12:09+00:00\",\"breadcrumb\":{\"@id\":\"https:\/\/mekulo.com\/se\/produkt\/sminkvaska\/#breadcrumb\"},\"inLanguage\":\"en-US\",\"potentialAction\":[{\"@type\":\"ReadAction\",\"target\":[\"https:\/\/mekulo.com\/se\/produkt\/sminkvaska\/\"]}]},{\"@type\":\"ImageObject\",\"inLanguage\":\"en-US\",\"@id\":\"https:\/\/mekulo.com\/se\/produkt\/sminkvaska\/#primaryimage\",\"url\":\"https:\/\/mekulo.com\/se\/wp-content\/uploads\/sites\/11\/2026\/02\/bvoejqg-1.webp\",\"contentUrl\":\"https:\/\/mekulo.com\/se\/wp-content\/uploads\/sites\/11\/2026\/02\/bvoejqg-1.webp\",\"width\":1000,\"height\":1000},{\"@type\":\"BreadcrumbList\",\"@id\":\"https:\/\/mekulo.com\/se\/produkt\/sminkvaska\/#breadcrumb\",\"itemListElement\":[{\"@type\":\"ListItem\",\"position\":1,\"name\":\"Home\",\"item\":\"https:\/\/mekulo.com\/se\/\"},{\"@type\":\"ListItem\",\"position\":2,\"name\":\"Butik\",\"item\":\"https:\/\/mekulo.com\/se\/butik\/\"},{\"@type\":\"ListItem\",\"position\":3,\"name\":\"Sminkv\u00e4ska\"}]},{\"@type\":\"WebSite\",\"@id\":\"https:\/\/mekulo.com\/se\/#website\",\"url\":\"https:\/\/mekulo.com\/se\/\",\"name\":\"Mekulo SE\",\"description\":\"\",\"publisher\":{\"@id\":\"https:\/\/mekulo.com\/se\/#organization\"},\"potentialAction\":[{\"@type\":\"SearchAction\",\"target\":{\"@type\":\"EntryPoint\",\"urlTemplate\":\"https:\/\/mekulo.com\/se\/?s={search_term_string}\"},\"query-input\":{\"@type\":\"PropertyValueSpecification\",\"valueRequired\":true,\"valueName\":\"search_term_string\"}}],\"inLanguage\":\"en-US\"},{\"@type\":\"Organization\",\"@id\":\"https:\/\/mekulo.com\/se\/#organization\",\"name\":\"Mekulo\",\"url\":\"https:\/\/mekulo.com\/se\/\",\"logo\":{\"@type\":\"ImageObject\",\"inLanguage\":\"en-US\",\"@id\":\"https:\/\/mekulo.com\/se\/#\/schema\/logo\/image\/\",\"url\":\"https:\/\/mekulo.com\/se\/wp-content\/uploads\/sites\/11\/2025\/12\/favicon_mekulo.png\",\"contentUrl\":\"https:\/\/mekulo.com\/se\/wp-content\/uploads\/sites\/11\/2025\/12\/favicon_mekulo.png\",\"width\":50,\"height\":50,\"caption\":\"Mekulo\"},\"image\":{\"@id\":\"https:\/\/mekulo.com\/se\/#\/schema\/logo\/image\/\"}}]}<\/script>\n<!-- \/ Yoast SEO plugin. -->","yoast_head_json":{"title":"Sminkv\u00e4ska - Mekulo SE","robots":{"index":"index","follow":"follow","max-snippet":"max-snippet:-1","max-image-preview":"max-image-preview:large","max-video-preview":"max-video-preview:-1"},"canonical":"https:\/\/mekulo.com\/se\/produkt\/sminkvaska\/","og_locale":"en_US","og_type":"article","og_title":"Sminkv\u00e4ska - Mekulo SE","og_description":"Den h\u00e4r rymliga sminkv\u00e4skan i PU g\u00f6r det enkelt att f\u00f6rvara och b\u00e4ra med sig kosmetika, hudv\u00e5rd och toalettartiklar. Den \u00e4r perfekt f\u00f6r daglig anv\u00e4ndning eller p\u00e5 resan och h\u00e5ller allt prydligt och l\u00e4tt att hitta.","og_url":"https:\/\/mekulo.com\/se\/produkt\/sminkvaska\/","og_site_name":"Mekulo SE","article_modified_time":"2026-02-10T09:12:09+00:00","og_image":[{"width":1000,"height":1000,"url":"https:\/\/mekulo.com\/se\/wp-content\/uploads\/sites\/11\/2026\/02\/bvoejqg-1.webp","type":"image\/webp"}],"twitter_card":"summary_large_image","twitter_misc":{"Est. reading time":"2 minutes"},"schema":{"@context":"https:\/\/schema.org","@graph":[{"@type":"WebPage","@id":"https:\/\/mekulo.com\/se\/produkt\/sminkvaska\/","url":"https:\/\/mekulo.com\/se\/produkt\/sminkvaska\/","name":"Sminkv\u00e4ska - Mekulo SE","isPartOf":{"@id":"https:\/\/mekulo.com\/se\/#website"},"primaryImageOfPage":{"@id":"https:\/\/mekulo.com\/se\/produkt\/sminkvaska\/#primaryimage"},"image":{"@id":"https:\/\/mekulo.com\/se\/produkt\/sminkvaska\/#primaryimage"},"thumbnailUrl":"https:\/\/mekulo.com\/se\/wp-content\/uploads\/sites\/11\/2026\/02\/bvoejqg-1.webp","datePublished":"2026-02-09T12:03:19+00:00","dateModified":"2026-02-10T09:12:09+00:00","breadcrumb":{"@id":"https:\/\/mekulo.com\/se\/produkt\/sminkvaska\/#breadcrumb"},"inLanguage":"en-US","potentialAction":[{"@type":"ReadAction","target":["https:\/\/mekulo.com\/se\/produkt\/sminkvaska\/"]}]},{"@type":"ImageObject","inLanguage":"en-US","@id":"https:\/\/mekulo.com\/se\/produkt\/sminkvaska\/#primaryimage","url":"https:\/\/mekulo.com\/se\/wp-content\/uploads\/sites\/11\/2026\/02\/bvoejqg-1.webp","contentUrl":"https:\/\/mekulo.com\/se\/wp-content\/uploads\/sites\/11\/2026\/02\/bvoejqg-1.webp","width":1000,"height":1000},{"@type":"BreadcrumbList","@id":"https:\/\/mekulo.com\/se\/produkt\/sminkvaska\/#breadcrumb","itemListElement":[{"@type":"ListItem","position":1,"name":"Home","item":"https:\/\/mekulo.com\/se\/"},{"@type":"ListItem","position":2,"name":"Butik","item":"https:\/\/mekulo.com\/se\/butik\/"},{"@type":"ListItem","position":3,"name":"Sminkv\u00e4ska"}]},{"@type":"WebSite","@id":"https:\/\/mekulo.com\/se\/#website","url":"https:\/\/mekulo.com\/se\/","name":"Mekulo SE","description":"","publisher":{"@id":"https:\/\/mekulo.com\/se\/#organization"},"potentialAction":[{"@type":"SearchAction","target":{"@type":"EntryPoint","urlTemplate":"https:\/\/mekulo.com\/se\/?s={search_term_string}"},"query-input":{"@type":"PropertyValueSpecification","valueRequired":true,"valueName":"search_term_string"}}],"inLanguage":"en-US"},{"@type":"Organization","@id":"https:\/\/mekulo.com\/se\/#organization","name":"Mekulo","url":"https:\/\/mekulo.com\/se\/","logo":{"@type":"ImageObject","inLanguage":"en-US","@id":"https:\/\/mekulo.com\/se\/#\/schema\/logo\/image\/","url":"https:\/\/mekulo.com\/se\/wp-content\/uploads\/sites\/11\/2025\/12\/favicon_mekulo.png","contentUrl":"https:\/\/mekulo.com\/se\/wp-content\/uploads\/sites\/11\/2025\/12\/favicon_mekulo.png","width":50,"height":50,"caption":"Mekulo"},"image":{"@id":"https:\/\/mekulo.com\/se\/#\/schema\/logo\/image\/"}}]}},"_links":{"self":[{"href":"https:\/\/mekulo.com\/se\/wp-json\/wp\/v2\/product\/22179","targetHints":{"allow":["GET"]}}],"collection":[{"href":"https:\/\/mekulo.com\/se\/wp-json\/wp\/v2\/product"}],"about":[{"href":"https:\/\/mekulo.com\/se\/wp-json\/wp\/v2\/types\/product"}],"replies":[{"embeddable":true,"href":"https:\/\/mekulo.com\/se\/wp-json\/wp\/v2\/comments?post=22179"}],"wp:featuredmedia":[{"embeddable":true,"href":"https:\/\/mekulo.com\/se\/wp-json\/wp\/v2\/media\/22175"}],"wp:attachment":[{"href":"https:\/\/mekulo.com\/se\/wp-json\/wp\/v2\/media?parent=22179"}],"wp:term":[{"taxonomy":"product_brand","embeddable":true,"href":"https:\/\/mekulo.com\/se\/wp-json\/wp\/v2\/product_brand?post=22179"},{"taxonomy":"product_cat","embeddable":true,"href":"https:\/\/mekulo.com\/se\/wp-json\/wp\/v2\/product_cat?post=22179"},{"taxonomy":"product_tag","embeddable":true,"href":"https:\/\/mekulo.com\/se\/wp-json\/wp\/v2\/product_tag?post=22179"}],"curies":[{"name":"wp","href":"https:\/\/api.w.org\/{rel}","templated":true}]}}