{"id":22093,"date":"2026-02-09T13:53:06","date_gmt":"2026-02-09T11:53:06","guid":{"rendered":"https:\/\/mekulo.com\/se\/produkt\/dubbelhjartad-fotboja\/"},"modified":"2026-03-02T12:24:55","modified_gmt":"2026-03-02T10:24:55","slug":"dubbelhjartad-fotboja","status":"publish","type":"product","link":"https:\/\/mekulo.com\/se\/produkt\/dubbelhjartad-fotboja\/","title":{"rendered":"Dubbelhj\u00e4rtad fotboja"},"content":{"rendered":"<div>\n<div class=\"standard-markdown grid-cols-1 grid [&amp;_&gt;_*]:min-w-0 gap-3\">\n<h2 class=\"font-claude-response-body break-words whitespace-normal leading-[1.7]\" style=\"text-align: center\"><strong>L\u00e4gg Till En Gnista Av Romantik Till Din Stil Med Detta Fina Dubbelhj\u00e4rtade Ankelband. \ud83d\udc95<\/strong><\/h2>\n<\/div>\n<\/div>\n<h2 style=\"text-align: center\"><img decoding=\"async\" class=\"alignnone size-medium wp-image-2046 aligncenter\" style=\"font-size: 16px;font-style: inherit;font-weight: inherit\" src=\"https:\/\/keluvo.com\/template\/wp-content\/uploads\/sites\/5\/2024\/10\/6758fa58-47b5-4795-9862-06284e81778a.webp\" alt=\"\" \/><\/h2>\n<h2 class=\"text-text-100 mt-3 -mb-1 text-[1.125rem] font-bold\" style=\"text-align: center\">Huvudf\u00f6rdelar \u2728<\/h2>\n<p class=\"font-claude-response-body break-words whitespace-normal leading-[1.7]\" style=\"text-align: center\">\ud83d\udc95 Romantisk dubbelhj\u00e4rtdesign &#8211; Tv\u00e5 sammanfl\u00e4tade hj\u00e4rtan skapar en meningsfull symbol f\u00f6r k\u00e4rlek och samh\u00f6righet<\/p>\n<p class=\"font-claude-response-body break-words whitespace-normal leading-[1.7]\" style=\"text-align: center\">\u2728 I\u00f6gonfallande glitter &#8211; Delikat design f\u00e5ngar ljuset vackert f\u00f6r en fantastisk effekt<\/p>\n<p class=\"font-claude-response-body break-words whitespace-normal leading-[1.7]\" style=\"text-align: center\">\ud83d\udd27 Justerbar passform &#8211; S\u00e4kert sp\u00e4nne justerar till din ankelstorlek f\u00f6r perfekt, bekv\u00e4mt b\u00e4rande<\/p>\n<p class=\"font-claude-response-body break-words whitespace-normal leading-[1.7]\" style=\"text-align: center\">\ud83d\udc57 M\u00e5ngsidig stil &#8211; Kompletterar b\u00e5de avslappnade strandkl\u00e4der och kl\u00e4dda outfits f\u00f6r speciella tillf\u00e4llen<\/p>\n<p class=\"font-claude-response-body break-words whitespace-normal leading-[1.7]\" style=\"text-align: center\">\ud83c\udf81 Perfekt present &#8211; Tankev\u00e4ckande present till n\u00e4ra och k\u00e4ra som symboliserar kontakt och tillgivenhet<\/p>\n<p class=\"font-claude-response-body break-words whitespace-normal leading-[1.7]\" style=\"text-align: center\">\u23f0 Komfort hela dagen &#8211; L\u00e4ttviktsdesign sitter s\u00e4kert utan irritation eller obehag<\/p>\n<p><img decoding=\"async\" class=\"alignnone size-medium wp-image-2053 aligncenter\" src=\"https:\/\/keluvo.com\/template\/wp-content\/uploads\/sites\/5\/2024\/10\/ddde903e-00ad-44ce-a048-315ddeff9c76.webp\" alt=\"\" \/><\/p>\n<h2 class=\"text-text-100 mt-3 -mb-1 text-[1.125rem] font-bold\" style=\"text-align: center\">Produktdetaljer<\/h2>\n<ul class=\"[li_&amp;]:mb-0 [li_&amp;]:mt-1 [li_&amp;]:gap-1 [&amp;:not(:last-child)_ul]:pb-1 [&amp;:not(:last-child)_ol]:pb-1 list-disc flex flex-col gap-1 pl-8 mb-3\">\n<li class=\"whitespace-normal break-words pl-2\">Design: Dubbla sammanfl\u00e4tade hj\u00e4rtan<\/li>\n<li class=\"whitespace-normal break-words pl-2\">Tillg\u00e4ngliga f\u00e4rger: Guld, silver<\/li>\n<li>Total l\u00e4ngd: 30 cm<\/li>\n<li class=\"whitespace-normal break-words pl-2\">St\u00e4ngning: Justerbart sp\u00e4nne f\u00f6r anpassad passform<\/li>\n<li class=\"whitespace-normal break-words pl-2\">Stil: Delikat och elegant<\/li>\n<li class=\"whitespace-normal break-words pl-2\">Garanti: 30 dagars pengarna-tillbaka-garanti<\/li>\n<\/ul>\n","protected":false},"excerpt":{"rendered":"<p>Denna charmiga fotboja \u00e4r perfekt f\u00f6r stranddagar, avslappnade utflykter eller speciella stunder och har tv\u00e5 sammanfl\u00e4tade hj\u00e4rtan som symboliserar k\u00e4rlek och samh\u00f6righet. Den eleganta designen f\u00e5ngar ljuset vackert samtidigt som den \u00e4r tillr\u00e4ckligt bekv\u00e4m f\u00f6r att kunna b\u00e4ras hela dagen. Oavsett om du vill sk\u00e4mma bort dig sj\u00e4lv eller letar efter en meningsfull g\u00e5va, ger detta tidl\u00f6sa smycke en touch av elegans till varje look.<\/p>\n","protected":false},"featured_media":22089,"comment_status":"open","ping_status":"closed","template":"","meta":{"site-sidebar-layout":"default","site-content-layout":"","ast-site-content-layout":"default","site-content-style":"default","site-sidebar-style":"default","ast-global-header-display":"","ast-banner-title-visibility":"","ast-main-header-display":"","ast-hfb-above-header-display":"","ast-hfb-below-header-display":"","ast-hfb-mobile-header-display":"","site-post-title":"","ast-breadcrumbs-content":"","ast-featured-img":"","footer-sml-layout":"","theme-transparent-header-meta":"default","adv-header-id-meta":"","stick-header-meta":"","header-above-stick-meta":"","header-main-stick-meta":"","header-below-stick-meta":"","astra-migrate-meta-layouts":"set","ast-page-background-enabled":"default","ast-page-background-meta":{"desktop":{"background-color":"var(--ast-global-color-5)","background-image":"","background-repeat":"repeat","background-position":"center center","background-size":"auto","background-attachment":"scroll","background-type":"","background-media":"","overlay-type":"","overlay-color":"","overlay-opacity":"","overlay-gradient":""},"tablet":{"background-color":"","background-image":"","background-repeat":"repeat","background-position":"center center","background-size":"auto","background-attachment":"scroll","background-type":"","background-media":"","overlay-type":"","overlay-color":"","overlay-opacity":"","overlay-gradient":""},"mobile":{"background-color":"","background-image":"","background-repeat":"repeat","background-position":"center center","background-size":"auto","background-attachment":"scroll","background-type":"","background-media":"","overlay-type":"","overlay-color":"","overlay-opacity":"","overlay-gradient":""}},"ast-content-background-meta":{"desktop":{"background-color":"var(--ast-global-color-4)","background-image":"","background-repeat":"repeat","background-position":"center center","background-size":"auto","background-attachment":"scroll","background-type":"","background-media":"","overlay-type":"","overlay-color":"","overlay-opacity":"","overlay-gradient":""},"tablet":{"background-color":"var(--ast-global-color-4)","background-image":"","background-repeat":"repeat","background-position":"center center","background-size":"auto","background-attachment":"scroll","background-type":"","background-media":"","overlay-type":"","overlay-color":"","overlay-opacity":"","overlay-gradient":""},"mobile":{"background-color":"var(--ast-global-color-4)","background-image":"","background-repeat":"repeat","background-position":"center center","background-size":"auto","background-attachment":"scroll","background-type":"","background-media":"","overlay-type":"","overlay-color":"","overlay-opacity":"","overlay-gradient":""}}},"product_brand":[],"product_cat":[164],"product_tag":[],"class_list":{"0":"post-22093","1":"product","2":"type-product","3":"status-publish","4":"has-post-thumbnail","6":"product_cat-klader-for-kvinnor","7":"pa_14614_0njzjmm0-guld","8":"pa_14614_0njzjmm0-silver","9":"desktop-align-left","10":"tablet-align-left","11":"mobile-align-left","13":"first","14":"instock","15":"shipping-taxable","16":"purchasable","17":"product-type-variable"},"yoast_head":"<!-- This site is optimized with the Yoast SEO plugin v26.6 - https:\/\/yoast.com\/wordpress\/plugins\/seo\/ -->\n<title>Dubbelhj\u00e4rtad fotboja - Mekulo SE<\/title>\n<meta name=\"robots\" content=\"index, follow, max-snippet:-1, max-image-preview:large, max-video-preview:-1\" \/>\n<link rel=\"canonical\" href=\"https:\/\/mekulo.com\/se\/produkt\/dubbelhjartad-fotboja\/\" \/>\n<meta property=\"og:locale\" content=\"sv_SE\" \/>\n<meta property=\"og:type\" content=\"article\" \/>\n<meta property=\"og:title\" content=\"Dubbelhj\u00e4rtad fotboja - Mekulo SE\" \/>\n<meta property=\"og:description\" content=\"Denna charmiga fotboja \u00e4r perfekt f\u00f6r stranddagar, avslappnade utflykter eller speciella stunder och har tv\u00e5 sammanfl\u00e4tade hj\u00e4rtan som symboliserar k\u00e4rlek och samh\u00f6righet. Den eleganta designen f\u00e5ngar ljuset vackert samtidigt som den \u00e4r tillr\u00e4ckligt bekv\u00e4m f\u00f6r att kunna b\u00e4ras hela dagen. Oavsett om du vill sk\u00e4mma bort dig sj\u00e4lv eller letar efter en meningsfull g\u00e5va, ger detta tidl\u00f6sa smycke en touch av elegans till varje look.\" \/>\n<meta property=\"og:url\" content=\"https:\/\/mekulo.com\/se\/produkt\/dubbelhjartad-fotboja\/\" \/>\n<meta property=\"og:site_name\" content=\"Mekulo SE\" \/>\n<meta property=\"article:modified_time\" content=\"2026-03-02T10:24:55+00:00\" \/>\n<meta property=\"og:image\" content=\"https:\/\/mekulo.com\/se\/wp-content\/uploads\/sites\/11\/2026\/02\/93jcx45-1.webp\" \/>\n\t<meta property=\"og:image:width\" content=\"800\" \/>\n\t<meta property=\"og:image:height\" content=\"800\" \/>\n\t<meta property=\"og:image:type\" content=\"image\/webp\" \/>\n<meta name=\"twitter:card\" content=\"summary_large_image\" \/>\n<meta name=\"twitter:label1\" content=\"Ber\u00e4knad l\u00e4stid\" \/>\n\t<meta name=\"twitter:data1\" content=\"2 minuter\" \/>\n<script type=\"application\/ld+json\" class=\"yoast-schema-graph\">{\"@context\":\"https:\/\/schema.org\",\"@graph\":[{\"@type\":\"WebPage\",\"@id\":\"https:\/\/mekulo.com\/se\/produkt\/dubbelhjartad-fotboja\/\",\"url\":\"https:\/\/mekulo.com\/se\/produkt\/dubbelhjartad-fotboja\/\",\"name\":\"Dubbelhj\u00e4rtad fotboja - Mekulo SE\",\"isPartOf\":{\"@id\":\"https:\/\/mekulo.com\/se\/#website\"},\"primaryImageOfPage\":{\"@id\":\"https:\/\/mekulo.com\/se\/produkt\/dubbelhjartad-fotboja\/#primaryimage\"},\"image\":{\"@id\":\"https:\/\/mekulo.com\/se\/produkt\/dubbelhjartad-fotboja\/#primaryimage\"},\"thumbnailUrl\":\"https:\/\/mekulo.com\/se\/wp-content\/uploads\/sites\/11\/2026\/02\/93jcx45-1.webp\",\"datePublished\":\"2026-02-09T11:53:06+00:00\",\"dateModified\":\"2026-03-02T10:24:55+00:00\",\"breadcrumb\":{\"@id\":\"https:\/\/mekulo.com\/se\/produkt\/dubbelhjartad-fotboja\/#breadcrumb\"},\"inLanguage\":\"sv-SE\",\"potentialAction\":[{\"@type\":\"ReadAction\",\"target\":[\"https:\/\/mekulo.com\/se\/produkt\/dubbelhjartad-fotboja\/\"]}]},{\"@type\":\"ImageObject\",\"inLanguage\":\"sv-SE\",\"@id\":\"https:\/\/mekulo.com\/se\/produkt\/dubbelhjartad-fotboja\/#primaryimage\",\"url\":\"https:\/\/mekulo.com\/se\/wp-content\/uploads\/sites\/11\/2026\/02\/93jcx45-1.webp\",\"contentUrl\":\"https:\/\/mekulo.com\/se\/wp-content\/uploads\/sites\/11\/2026\/02\/93jcx45-1.webp\",\"width\":800,\"height\":800},{\"@type\":\"BreadcrumbList\",\"@id\":\"https:\/\/mekulo.com\/se\/produkt\/dubbelhjartad-fotboja\/#breadcrumb\",\"itemListElement\":[{\"@type\":\"ListItem\",\"position\":1,\"name\":\"Home\",\"item\":\"https:\/\/mekulo.com\/se\/\"},{\"@type\":\"ListItem\",\"position\":2,\"name\":\"Butik\",\"item\":\"https:\/\/mekulo.com\/se\/butik\/\"},{\"@type\":\"ListItem\",\"position\":3,\"name\":\"Dubbelhj\u00e4rtad fotboja\"}]},{\"@type\":\"WebSite\",\"@id\":\"https:\/\/mekulo.com\/se\/#website\",\"url\":\"https:\/\/mekulo.com\/se\/\",\"name\":\"Mekulo SE\",\"description\":\"\",\"publisher\":{\"@id\":\"https:\/\/mekulo.com\/se\/#organization\"},\"potentialAction\":[{\"@type\":\"SearchAction\",\"target\":{\"@type\":\"EntryPoint\",\"urlTemplate\":\"https:\/\/mekulo.com\/se\/?s={search_term_string}\"},\"query-input\":{\"@type\":\"PropertyValueSpecification\",\"valueRequired\":true,\"valueName\":\"search_term_string\"}}],\"inLanguage\":\"sv-SE\"},{\"@type\":\"Organization\",\"@id\":\"https:\/\/mekulo.com\/se\/#organization\",\"name\":\"Mekulo\",\"url\":\"https:\/\/mekulo.com\/se\/\",\"logo\":{\"@type\":\"ImageObject\",\"inLanguage\":\"sv-SE\",\"@id\":\"https:\/\/mekulo.com\/se\/#\/schema\/logo\/image\/\",\"url\":\"https:\/\/mekulo.com\/se\/wp-content\/uploads\/sites\/11\/2025\/12\/favicon_mekulo.png\",\"contentUrl\":\"https:\/\/mekulo.com\/se\/wp-content\/uploads\/sites\/11\/2025\/12\/favicon_mekulo.png\",\"width\":50,\"height\":50,\"caption\":\"Mekulo\"},\"image\":{\"@id\":\"https:\/\/mekulo.com\/se\/#\/schema\/logo\/image\/\"}}]}<\/script>\n<!-- \/ Yoast SEO plugin. -->","yoast_head_json":{"title":"Dubbelhj\u00e4rtad fotboja - Mekulo SE","robots":{"index":"index","follow":"follow","max-snippet":"max-snippet:-1","max-image-preview":"max-image-preview:large","max-video-preview":"max-video-preview:-1"},"canonical":"https:\/\/mekulo.com\/se\/produkt\/dubbelhjartad-fotboja\/","og_locale":"sv_SE","og_type":"article","og_title":"Dubbelhj\u00e4rtad fotboja - Mekulo SE","og_description":"Denna charmiga fotboja \u00e4r perfekt f\u00f6r stranddagar, avslappnade utflykter eller speciella stunder och har tv\u00e5 sammanfl\u00e4tade hj\u00e4rtan som symboliserar k\u00e4rlek och samh\u00f6righet. Den eleganta designen f\u00e5ngar ljuset vackert samtidigt som den \u00e4r tillr\u00e4ckligt bekv\u00e4m f\u00f6r att kunna b\u00e4ras hela dagen. Oavsett om du vill sk\u00e4mma bort dig sj\u00e4lv eller letar efter en meningsfull g\u00e5va, ger detta tidl\u00f6sa smycke en touch av elegans till varje look.","og_url":"https:\/\/mekulo.com\/se\/produkt\/dubbelhjartad-fotboja\/","og_site_name":"Mekulo SE","article_modified_time":"2026-03-02T10:24:55+00:00","og_image":[{"width":800,"height":800,"url":"https:\/\/mekulo.com\/se\/wp-content\/uploads\/sites\/11\/2026\/02\/93jcx45-1.webp","type":"image\/webp"}],"twitter_card":"summary_large_image","twitter_misc":{"Ber\u00e4knad l\u00e4stid":"2 minuter"},"schema":{"@context":"https:\/\/schema.org","@graph":[{"@type":"WebPage","@id":"https:\/\/mekulo.com\/se\/produkt\/dubbelhjartad-fotboja\/","url":"https:\/\/mekulo.com\/se\/produkt\/dubbelhjartad-fotboja\/","name":"Dubbelhj\u00e4rtad fotboja - Mekulo SE","isPartOf":{"@id":"https:\/\/mekulo.com\/se\/#website"},"primaryImageOfPage":{"@id":"https:\/\/mekulo.com\/se\/produkt\/dubbelhjartad-fotboja\/#primaryimage"},"image":{"@id":"https:\/\/mekulo.com\/se\/produkt\/dubbelhjartad-fotboja\/#primaryimage"},"thumbnailUrl":"https:\/\/mekulo.com\/se\/wp-content\/uploads\/sites\/11\/2026\/02\/93jcx45-1.webp","datePublished":"2026-02-09T11:53:06+00:00","dateModified":"2026-03-02T10:24:55+00:00","breadcrumb":{"@id":"https:\/\/mekulo.com\/se\/produkt\/dubbelhjartad-fotboja\/#breadcrumb"},"inLanguage":"sv-SE","potentialAction":[{"@type":"ReadAction","target":["https:\/\/mekulo.com\/se\/produkt\/dubbelhjartad-fotboja\/"]}]},{"@type":"ImageObject","inLanguage":"sv-SE","@id":"https:\/\/mekulo.com\/se\/produkt\/dubbelhjartad-fotboja\/#primaryimage","url":"https:\/\/mekulo.com\/se\/wp-content\/uploads\/sites\/11\/2026\/02\/93jcx45-1.webp","contentUrl":"https:\/\/mekulo.com\/se\/wp-content\/uploads\/sites\/11\/2026\/02\/93jcx45-1.webp","width":800,"height":800},{"@type":"BreadcrumbList","@id":"https:\/\/mekulo.com\/se\/produkt\/dubbelhjartad-fotboja\/#breadcrumb","itemListElement":[{"@type":"ListItem","position":1,"name":"Home","item":"https:\/\/mekulo.com\/se\/"},{"@type":"ListItem","position":2,"name":"Butik","item":"https:\/\/mekulo.com\/se\/butik\/"},{"@type":"ListItem","position":3,"name":"Dubbelhj\u00e4rtad fotboja"}]},{"@type":"WebSite","@id":"https:\/\/mekulo.com\/se\/#website","url":"https:\/\/mekulo.com\/se\/","name":"Mekulo SE","description":"","publisher":{"@id":"https:\/\/mekulo.com\/se\/#organization"},"potentialAction":[{"@type":"SearchAction","target":{"@type":"EntryPoint","urlTemplate":"https:\/\/mekulo.com\/se\/?s={search_term_string}"},"query-input":{"@type":"PropertyValueSpecification","valueRequired":true,"valueName":"search_term_string"}}],"inLanguage":"sv-SE"},{"@type":"Organization","@id":"https:\/\/mekulo.com\/se\/#organization","name":"Mekulo","url":"https:\/\/mekulo.com\/se\/","logo":{"@type":"ImageObject","inLanguage":"sv-SE","@id":"https:\/\/mekulo.com\/se\/#\/schema\/logo\/image\/","url":"https:\/\/mekulo.com\/se\/wp-content\/uploads\/sites\/11\/2025\/12\/favicon_mekulo.png","contentUrl":"https:\/\/mekulo.com\/se\/wp-content\/uploads\/sites\/11\/2025\/12\/favicon_mekulo.png","width":50,"height":50,"caption":"Mekulo"},"image":{"@id":"https:\/\/mekulo.com\/se\/#\/schema\/logo\/image\/"}}]}},"_links":{"self":[{"href":"https:\/\/mekulo.com\/se\/wp-json\/wp\/v2\/product\/22093","targetHints":{"allow":["GET"]}}],"collection":[{"href":"https:\/\/mekulo.com\/se\/wp-json\/wp\/v2\/product"}],"about":[{"href":"https:\/\/mekulo.com\/se\/wp-json\/wp\/v2\/types\/product"}],"replies":[{"embeddable":true,"href":"https:\/\/mekulo.com\/se\/wp-json\/wp\/v2\/comments?post=22093"}],"wp:featuredmedia":[{"embeddable":true,"href":"https:\/\/mekulo.com\/se\/wp-json\/wp\/v2\/media\/22089"}],"wp:attachment":[{"href":"https:\/\/mekulo.com\/se\/wp-json\/wp\/v2\/media?parent=22093"}],"wp:term":[{"taxonomy":"product_brand","embeddable":true,"href":"https:\/\/mekulo.com\/se\/wp-json\/wp\/v2\/product_brand?post=22093"},{"taxonomy":"product_cat","embeddable":true,"href":"https:\/\/mekulo.com\/se\/wp-json\/wp\/v2\/product_cat?post=22093"},{"taxonomy":"product_tag","embeddable":true,"href":"https:\/\/mekulo.com\/se\/wp-json\/wp\/v2\/product_tag?post=22093"}],"curies":[{"name":"wp","href":"https:\/\/api.w.org\/{rel}","templated":true}]}}